{"id":2909,"date":"2024-09-05T11:56:37","date_gmt":"2024-09-05T09:56:37","guid":{"rendered":"https:\/\/koningdrone.nl\/kon\/product\/insta360-go-3s-standard-edition-arctic-white-64gb\/"},"modified":"2026-05-01T04:40:57","modified_gmt":"2026-05-01T02:40:57","slug":"insta360-go-3s-standard-edition-arctic-white-64gb","status":"publish","type":"product","link":"https:\/\/koningdrone.be\/es\/producto\/insta360-go-3s-standard-edition-arctic-white-64gb\/","title":{"rendered":"Insta360 Go 3S Edici\u00f3n Est\u00e1ndar Blanco \u00c1rtico 64GB"},"content":{"rendered":"<p>Actualizada para permitir la grabaci\u00f3n de v\u00eddeo UHD 4K y la grabaci\u00f3n a c\u00e1mara lenta 2,7K, la c\u00e1mara de acci\u00f3n Insta360 GO 3S Standard Bundle, de color blanco \u00e1rtico, ampl\u00eda las prestaciones de su predecesora manteniendo el mismo formato en miniatura. La tecnolog\u00eda Voice Control 2.0, una pantalla abatible de 2,2\", una vista previa de la imagen en el Action Pod, micr\u00f3fonos duales y una mayor duraci\u00f3n de la bater\u00eda son algunas de las caracter\u00edsticas de la GO 3S. Esta edici\u00f3n cuenta con 64 GB de almacenamiento flash integrado y permite controlar la c\u00e1mara, previsualizar los v\u00eddeos y exportar el contenido al tel\u00e9fono a trav\u00e9s de Wi-Fi con una aplicaci\u00f3n para iOS\/Android. La GO 3S es tan peque\u00f1a y ligera que puedes llevarla colgada del cuello, engancharla al collar o al monopat\u00edn, hacer correr a tu mascota con ella, sujetarla al salpicadero y mucho m\u00e1s para capturar im\u00e1genes de acci\u00f3n POV.<\/p>","protected":false},"excerpt":{"rendered":"<ul>\n<li>C\u00e1mara de acci\u00f3n en miniatura con Action Pod<\/li>\n<li>V\u00eddeo y fotos hasta UHD 4K<\/li>\n<li>Mayor duraci\u00f3n de la bater\u00eda, m\u00e1s de 2 horas<\/li>\n<li>Memoria flash de 64 GB<\/li>\n<\/ul>","protected":false},"featured_media":2905,"template":"","meta":{"_acf_changed":false},"product_brand":[],"product_cat":[97,343],"product_tag":[],"class_list":{"0":"post-2909","1":"product","2":"type-product","3":"status-publish","4":"has-post-thumbnail","6":"product_cat-alle-producten","7":"product_cat-insta360","8":"product_shipping_class-europafotoall","9":"pa_brand-insta360","10":"pa_productfamily-camera","11":"pa_producttype-camera","12":"pa_series-insta360-go","14":"first","15":"instock","16":"taxable","17":"shipping-taxable","18":"purchasable","19":"product-type-simple"},"acf":[],"yoast_head":"<!-- This site is optimized with the Yoast SEO Premium plugin v27.2 (Yoast SEO v27.2) - https:\/\/yoast.com\/product\/yoast-seo-premium-wordpress\/ -->\n<title>Insta360 Go 3S Standard Edition Arctic White 64GB - koningdrone.be<\/title>\n<meta name=\"robots\" content=\"index, follow, max-snippet:-1, max-image-preview:large, max-video-preview:-1\" \/>\n<link rel=\"canonical\" href=\"https:\/\/koningdrone.be\/es\/producto\/insta360-go-3s-standard-edition-arctic-white-64gb\/\" \/>\n<meta property=\"og:locale\" content=\"es_ES\" \/>\n<meta property=\"og:type\" content=\"article\" \/>\n<meta property=\"og:title\" content=\"Insta360 Go 3S Standard Edition Arctic White 64GB\" \/>\n<meta property=\"og:description\" content=\"Miniatuuractiecamera met Action PodTot UHD 4K video en foto&#039;sBatterij met langere levensduur, meer dan 2 uurFlashgeheugen van 64 GB\" \/>\n<meta property=\"og:url\" content=\"https:\/\/koningdrone.be\/es\/producto\/insta360-go-3s-standard-edition-arctic-white-64gb\/\" \/>\n<meta property=\"og:site_name\" content=\"koningdrone.be\" \/>\n<meta property=\"article:modified_time\" content=\"2026-05-01T02:40:57+00:00\" \/>\n<meta property=\"og:image\" content=\"https:\/\/koningdrone.be\/wp-content\/uploads\/sites\/13\/2025\/04\/2673_cbaaa11f-3c1f-4c2c-be52-03dbf46ac29f.webp\" \/>\n\t<meta property=\"og:image:width\" content=\"1280\" \/>\n\t<meta property=\"og:image:height\" content=\"1280\" \/>\n\t<meta property=\"og:image:type\" content=\"image\/webp\" \/>\n<meta name=\"twitter:card\" content=\"summary_large_image\" \/>\n<meta name=\"twitter:label1\" content=\"Tiempo de lectura\" \/>\n\t<meta name=\"twitter:data1\" content=\"1 minuto\" \/>\n<script type=\"application\/ld+json\" class=\"yoast-schema-graph\">{\"@context\":\"https:\/\/schema.org\",\"@graph\":[{\"@type\":\"WebPage\",\"@id\":\"https:\/\/koningdrone.be\/product\/insta360-go-3s-standard-edition-arctic-white-64gb\/\",\"url\":\"https:\/\/koningdrone.be\/product\/insta360-go-3s-standard-edition-arctic-white-64gb\/\",\"name\":\"Insta360 Go 3S Standard Edition Arctic White 64GB - koningdrone.be\",\"isPartOf\":{\"@id\":\"https:\/\/koningdrone.be\/#website\"},\"primaryImageOfPage\":{\"@id\":\"https:\/\/koningdrone.be\/product\/insta360-go-3s-standard-edition-arctic-white-64gb\/#primaryimage\"},\"image\":{\"@id\":\"https:\/\/koningdrone.be\/product\/insta360-go-3s-standard-edition-arctic-white-64gb\/#primaryimage\"},\"thumbnailUrl\":\"https:\/\/koningdrone.be\/wp-content\/uploads\/sites\/13\/2025\/04\/2673_cbaaa11f-3c1f-4c2c-be52-03dbf46ac29f.webp\",\"datePublished\":\"2024-09-05T09:56:37+00:00\",\"dateModified\":\"2026-05-01T02:40:57+00:00\",\"breadcrumb\":{\"@id\":\"https:\/\/koningdrone.be\/product\/insta360-go-3s-standard-edition-arctic-white-64gb\/#breadcrumb\"},\"inLanguage\":\"es\",\"potentialAction\":[{\"@type\":\"ReadAction\",\"target\":[\"https:\/\/koningdrone.be\/product\/insta360-go-3s-standard-edition-arctic-white-64gb\/\"]}]},{\"@type\":\"ImageObject\",\"inLanguage\":\"es\",\"@id\":\"https:\/\/koningdrone.be\/product\/insta360-go-3s-standard-edition-arctic-white-64gb\/#primaryimage\",\"url\":\"https:\/\/koningdrone.be\/wp-content\/uploads\/sites\/13\/2025\/04\/2673_cbaaa11f-3c1f-4c2c-be52-03dbf46ac29f.webp\",\"contentUrl\":\"https:\/\/koningdrone.be\/wp-content\/uploads\/sites\/13\/2025\/04\/2673_cbaaa11f-3c1f-4c2c-be52-03dbf46ac29f.webp\",\"width\":1280,\"height\":1280},{\"@type\":\"BreadcrumbList\",\"@id\":\"https:\/\/koningdrone.be\/product\/insta360-go-3s-standard-edition-arctic-white-64gb\/#breadcrumb\",\"itemListElement\":[{\"@type\":\"ListItem\",\"position\":1,\"name\":\"Home\",\"item\":\"https:\/\/koningdrone.be\/\"},{\"@type\":\"ListItem\",\"position\":2,\"name\":\"AVSS Parachute Recovery System for DJI Matrice 300\/350\",\"item\":\"https:\/\/koningdrone.be\/product\/avss-parachute-recovery-system-for-dji-matrice-300-350\/\"},{\"@type\":\"ListItem\",\"position\":3,\"name\":\"Alle producten\",\"item\":\"https:\/\/koningdrone.be\/categorie\/alle-producten\/\"},{\"@type\":\"ListItem\",\"position\":4,\"name\":\"Insta360 Go 3S Standard Edition Arctic White 64GB\"}]},{\"@type\":\"WebSite\",\"@id\":\"https:\/\/koningdrone.be\/#website\",\"url\":\"https:\/\/koningdrone.be\/\",\"name\":\"Koningdrone.be - Uw online specialist in drones, gimbals, camera's en power stations.\",\"description\":\"De webshop in drones en gimbals\",\"publisher\":{\"@id\":\"https:\/\/koningdrone.be\/#organization\"},\"potentialAction\":[{\"@type\":\"SearchAction\",\"target\":{\"@type\":\"EntryPoint\",\"urlTemplate\":\"https:\/\/koningdrone.be\/?s={search_term_string}\"},\"query-input\":{\"@type\":\"PropertyValueSpecification\",\"valueRequired\":true,\"valueName\":\"search_term_string\"}}],\"inLanguage\":\"es\"},{\"@type\":\"Organization\",\"@id\":\"https:\/\/koningdrone.be\/#organization\",\"name\":\"Koningdrone.be\",\"url\":\"https:\/\/koningdrone.be\/\",\"logo\":{\"@type\":\"ImageObject\",\"inLanguage\":\"es\",\"@id\":\"https:\/\/koningdrone.be\/#\/schema\/logo\/image\/\",\"url\":\"https:\/\/koningdrone.be\/wp-content\/uploads\/sites\/13\/2025\/04\/koningdrone-copyright-logo.svg\",\"contentUrl\":\"https:\/\/koningdrone.be\/wp-content\/uploads\/sites\/13\/2025\/04\/koningdrone-copyright-logo.svg\",\"width\":227,\"height\":38,\"caption\":\"Koningdrone.be\"},\"image\":{\"@id\":\"https:\/\/koningdrone.be\/#\/schema\/logo\/image\/\"}}]}<\/script>\n<!-- \/ Yoast SEO Premium plugin. -->","yoast_head_json":{"title":"Insta360 Go 3S Standard Edition Arctic White 64GB - koningdrone.be","robots":{"index":"index","follow":"follow","max-snippet":"max-snippet:-1","max-image-preview":"max-image-preview:large","max-video-preview":"max-video-preview:-1"},"canonical":"https:\/\/koningdrone.be\/es\/producto\/insta360-go-3s-standard-edition-arctic-white-64gb\/","og_locale":"es_ES","og_type":"article","og_title":"Insta360 Go 3S Standard Edition Arctic White 64GB","og_description":"Miniatuuractiecamera met Action PodTot UHD 4K video en foto'sBatterij met langere levensduur, meer dan 2 uurFlashgeheugen van 64 GB","og_url":"https:\/\/koningdrone.be\/es\/producto\/insta360-go-3s-standard-edition-arctic-white-64gb\/","og_site_name":"koningdrone.be","article_modified_time":"2026-05-01T02:40:57+00:00","og_image":[{"width":1280,"height":1280,"url":"https:\/\/koningdrone.be\/wp-content\/uploads\/sites\/13\/2025\/04\/2673_cbaaa11f-3c1f-4c2c-be52-03dbf46ac29f.webp","type":"image\/webp"}],"twitter_card":"summary_large_image","twitter_misc":{"Tiempo de lectura":"1 minuto"},"schema":{"@context":"https:\/\/schema.org","@graph":[{"@type":"WebPage","@id":"https:\/\/koningdrone.be\/product\/insta360-go-3s-standard-edition-arctic-white-64gb\/","url":"https:\/\/koningdrone.be\/product\/insta360-go-3s-standard-edition-arctic-white-64gb\/","name":"Insta360 Go 3S Standard Edition Arctic White 64GB - koningdrone.be","isPartOf":{"@id":"https:\/\/koningdrone.be\/#website"},"primaryImageOfPage":{"@id":"https:\/\/koningdrone.be\/product\/insta360-go-3s-standard-edition-arctic-white-64gb\/#primaryimage"},"image":{"@id":"https:\/\/koningdrone.be\/product\/insta360-go-3s-standard-edition-arctic-white-64gb\/#primaryimage"},"thumbnailUrl":"https:\/\/koningdrone.be\/wp-content\/uploads\/sites\/13\/2025\/04\/2673_cbaaa11f-3c1f-4c2c-be52-03dbf46ac29f.webp","datePublished":"2024-09-05T09:56:37+00:00","dateModified":"2026-05-01T02:40:57+00:00","breadcrumb":{"@id":"https:\/\/koningdrone.be\/product\/insta360-go-3s-standard-edition-arctic-white-64gb\/#breadcrumb"},"inLanguage":"es","potentialAction":[{"@type":"ReadAction","target":["https:\/\/koningdrone.be\/product\/insta360-go-3s-standard-edition-arctic-white-64gb\/"]}]},{"@type":"ImageObject","inLanguage":"es","@id":"https:\/\/koningdrone.be\/product\/insta360-go-3s-standard-edition-arctic-white-64gb\/#primaryimage","url":"https:\/\/koningdrone.be\/wp-content\/uploads\/sites\/13\/2025\/04\/2673_cbaaa11f-3c1f-4c2c-be52-03dbf46ac29f.webp","contentUrl":"https:\/\/koningdrone.be\/wp-content\/uploads\/sites\/13\/2025\/04\/2673_cbaaa11f-3c1f-4c2c-be52-03dbf46ac29f.webp","width":1280,"height":1280},{"@type":"BreadcrumbList","@id":"https:\/\/koningdrone.be\/product\/insta360-go-3s-standard-edition-arctic-white-64gb\/#breadcrumb","itemListElement":[{"@type":"ListItem","position":1,"name":"Home","item":"https:\/\/koningdrone.be\/"},{"@type":"ListItem","position":2,"name":"AVSS Parachute Recovery System for DJI Matrice 300\/350","item":"https:\/\/koningdrone.be\/product\/avss-parachute-recovery-system-for-dji-matrice-300-350\/"},{"@type":"ListItem","position":3,"name":"Alle producten","item":"https:\/\/koningdrone.be\/categorie\/alle-producten\/"},{"@type":"ListItem","position":4,"name":"Insta360 Go 3S Standard Edition Arctic White 64GB"}]},{"@type":"WebSite","@id":"https:\/\/koningdrone.be\/#website","url":"https:\/\/koningdrone.be\/","name":"Koningdrone.be - Su especialista en l\u00ednea en drones, cardanes, c\u00e1maras y centrales el\u00e9ctricas.","description":"La tienda virtual de drones y cardanes","publisher":{"@id":"https:\/\/koningdrone.be\/#organization"},"potentialAction":[{"@type":"SearchAction","target":{"@type":"EntryPoint","urlTemplate":"https:\/\/koningdrone.be\/?s={search_term_string}"},"query-input":{"@type":"PropertyValueSpecification","valueRequired":true,"valueName":"search_term_string"}}],"inLanguage":"es"},{"@type":"Organization","@id":"https:\/\/koningdrone.be\/#organization","name":"Kingdrone.es","url":"https:\/\/koningdrone.be\/","logo":{"@type":"ImageObject","inLanguage":"es","@id":"https:\/\/koningdrone.be\/#\/schema\/logo\/image\/","url":"https:\/\/koningdrone.be\/wp-content\/uploads\/sites\/13\/2025\/04\/koningdrone-copyright-logo.svg","contentUrl":"https:\/\/koningdrone.be\/wp-content\/uploads\/sites\/13\/2025\/04\/koningdrone-copyright-logo.svg","width":227,"height":38,"caption":"Koningdrone.be"},"image":{"@id":"https:\/\/koningdrone.be\/#\/schema\/logo\/image\/"}}]}},"df_price":315,"df_sale_price":"","df_regular_price":315,"df_image_link":"https:\/\/koningdrone.be\/wp-content\/uploads\/sites\/13\/2025\/04\/2673_cbaaa11f-3c1f-4c2c-be52-03dbf46ac29f-300x300.webp","_links":{"self":[{"href":"https:\/\/koningdrone.be\/es\/wp-json\/wp\/v2\/product\/2909","targetHints":{"allow":["GET"]}}],"collection":[{"href":"https:\/\/koningdrone.be\/es\/wp-json\/wp\/v2\/product"}],"about":[{"href":"https:\/\/koningdrone.be\/es\/wp-json\/wp\/v2\/types\/product"}],"wp:featuredmedia":[{"embeddable":true,"href":"https:\/\/koningdrone.be\/es\/wp-json\/wp\/v2\/media\/2905"}],"wp:attachment":[{"href":"https:\/\/koningdrone.be\/es\/wp-json\/wp\/v2\/media?parent=2909"}],"wp:term":[{"taxonomy":"product_brand","embeddable":true,"href":"https:\/\/koningdrone.be\/es\/wp-json\/wp\/v2\/product_brand?post=2909"},{"taxonomy":"product_cat","embeddable":true,"href":"https:\/\/koningdrone.be\/es\/wp-json\/wp\/v2\/product_cat?post=2909"},{"taxonomy":"product_tag","embeddable":true,"href":"https:\/\/koningdrone.be\/es\/wp-json\/wp\/v2\/product_tag?post=2909"}],"curies":[{"name":"wp","href":"https:\/\/api.w.org\/{rel}","templated":true}]}}