{"id":2867,"date":"2024-09-05T11:57:24","date_gmt":"2024-09-05T09:57:24","guid":{"rendered":"https:\/\/koningdrone.nl\/kon\/product\/insta360-pet-harness-mount-size-m\/"},"modified":"2026-05-01T04:40:41","modified_gmt":"2026-05-01T02:40:41","slug":"insta360-pet-harness-mount-size-m","status":"publish","type":"product","link":"https:\/\/koningdrone.be\/es\/producto\/insta360-pet-harness-mount-size-m\/","title":{"rendered":"Arn\u00e9s para mascotas Insta360 Talla M"},"content":{"rendered":"<p>El soporte para arn\u00e9s de mascotas Insta360 est\u00e1 dise\u00f1ado para sujetar de forma segura su c\u00e1mara Insta360 al arn\u00e9s de su mascota. Ofrece una perspectiva \u00fanica de las aventuras de tu mascota, capturando sus movimientos y actividades desde una perspectiva en primera persona.<\/p>","protected":false},"excerpt":{"rendered":"<ul>\n<li>Consigue puntos de vista \u00fanicos de tu amigo peludo, con opciones de fijaci\u00f3n al collar y en la espalda.<\/li>\n<li>Adecuado para mascotas peque\u00f1as y medianas.<\/li>\n<li>Dise\u00f1o a presi\u00f3n, correas ajustables y transpirables para facilitar su colocaci\u00f3n y extracci\u00f3n.<\/li>\n<li>Barra del respaldo desmontable para ampliar el campo de visi\u00f3n.<\/li>\n<li>El dise\u00f1o ligero y suave de la base de goma se adapta perfectamente al cuerpo de su mascota y mantiene la c\u00e1mara segura.<\/li>\n<li>Para utilizarlo con GO\/GO 2, compre un adaptador con conector de 2 patillas.<\/li>\n<\/ul>","protected":false},"featured_media":2861,"template":"","meta":{"_acf_changed":false},"product_brand":[],"product_cat":[97,343],"product_tag":[],"class_list":{"0":"post-2867","1":"product","2":"type-product","3":"status-publish","4":"has-post-thumbnail","6":"product_cat-alle-producten","7":"product_cat-insta360","8":"product_shipping_class-europafotoall","9":"pa_brand-insta360","10":"pa_productfamily-huisdierharnasbevestiging","11":"pa_producttype-huisdierharnasbevestiging","12":"pa_series-insta360-go","14":"first","15":"instock","16":"taxable","17":"shipping-taxable","18":"purchasable","19":"product-type-simple"},"acf":[],"yoast_head":"<!-- This site is optimized with the Yoast SEO Premium plugin v27.2 (Yoast SEO v27.2) - https:\/\/yoast.com\/product\/yoast-seo-premium-wordpress\/ -->\n<title>Insta360 Pet Harness Mount Size M - koningdrone.be<\/title>\n<meta name=\"robots\" content=\"index, follow, max-snippet:-1, max-image-preview:large, max-video-preview:-1\" \/>\n<link rel=\"canonical\" href=\"https:\/\/koningdrone.be\/es\/producto\/insta360-pet-harness-mount-size-m\/\" \/>\n<meta property=\"og:locale\" content=\"es_ES\" \/>\n<meta property=\"og:type\" content=\"article\" \/>\n<meta property=\"og:title\" content=\"Insta360 Pet Harness Mount Size M\" \/>\n<meta property=\"og:description\" content=\"Krijg unieke gezichtspunten van je harige vriend, met opties voor bevestiging aan de halsband en op de rug.Geschikt voor kleine en middelgrote huisdieren.Inklikbaar ontwerp, verstelbare en ademende riemen voor eenvoudige installatie en verwijdering.Verwijderbare rugsteunbalk voor een breder gezichtsveld.Lichtgewicht, zacht rubberen basisontwerp past goed op het lichaam van je huisdier en houdt de camera veilig.Koop voor gebruik met GO\/GO 2 een adapter met een 2-pins aansluiting.\" \/>\n<meta property=\"og:url\" content=\"https:\/\/koningdrone.be\/es\/producto\/insta360-pet-harness-mount-size-m\/\" \/>\n<meta property=\"og:site_name\" content=\"koningdrone.be\" \/>\n<meta property=\"article:modified_time\" content=\"2026-05-01T02:40:41+00:00\" \/>\n<meta property=\"og:image\" content=\"https:\/\/koningdrone.be\/wp-content\/uploads\/sites\/13\/2025\/04\/731_e36f2b4f-85a1-493d-9224-aaa3ef57a7f5.webp\" \/>\n\t<meta property=\"og:image:width\" content=\"1280\" \/>\n\t<meta property=\"og:image:height\" content=\"1280\" \/>\n\t<meta property=\"og:image:type\" content=\"image\/webp\" \/>\n<meta name=\"twitter:card\" content=\"summary_large_image\" \/>\n<script type=\"application\/ld+json\" class=\"yoast-schema-graph\">{\"@context\":\"https:\/\/schema.org\",\"@graph\":[{\"@type\":\"WebPage\",\"@id\":\"https:\/\/koningdrone.be\/product\/insta360-pet-harness-mount-size-m\/\",\"url\":\"https:\/\/koningdrone.be\/product\/insta360-pet-harness-mount-size-m\/\",\"name\":\"Insta360 Pet Harness Mount Size M - koningdrone.be\",\"isPartOf\":{\"@id\":\"https:\/\/koningdrone.be\/#website\"},\"primaryImageOfPage\":{\"@id\":\"https:\/\/koningdrone.be\/product\/insta360-pet-harness-mount-size-m\/#primaryimage\"},\"image\":{\"@id\":\"https:\/\/koningdrone.be\/product\/insta360-pet-harness-mount-size-m\/#primaryimage\"},\"thumbnailUrl\":\"https:\/\/koningdrone.be\/wp-content\/uploads\/sites\/13\/2025\/04\/731_e36f2b4f-85a1-493d-9224-aaa3ef57a7f5.webp\",\"datePublished\":\"2024-09-05T09:57:24+00:00\",\"dateModified\":\"2026-05-01T02:40:41+00:00\",\"breadcrumb\":{\"@id\":\"https:\/\/koningdrone.be\/product\/insta360-pet-harness-mount-size-m\/#breadcrumb\"},\"inLanguage\":\"es\",\"potentialAction\":[{\"@type\":\"ReadAction\",\"target\":[\"https:\/\/koningdrone.be\/product\/insta360-pet-harness-mount-size-m\/\"]}]},{\"@type\":\"ImageObject\",\"inLanguage\":\"es\",\"@id\":\"https:\/\/koningdrone.be\/product\/insta360-pet-harness-mount-size-m\/#primaryimage\",\"url\":\"https:\/\/koningdrone.be\/wp-content\/uploads\/sites\/13\/2025\/04\/731_e36f2b4f-85a1-493d-9224-aaa3ef57a7f5.webp\",\"contentUrl\":\"https:\/\/koningdrone.be\/wp-content\/uploads\/sites\/13\/2025\/04\/731_e36f2b4f-85a1-493d-9224-aaa3ef57a7f5.webp\",\"width\":1280,\"height\":1280},{\"@type\":\"BreadcrumbList\",\"@id\":\"https:\/\/koningdrone.be\/product\/insta360-pet-harness-mount-size-m\/#breadcrumb\",\"itemListElement\":[{\"@type\":\"ListItem\",\"position\":1,\"name\":\"Home\",\"item\":\"https:\/\/koningdrone.be\/\"},{\"@type\":\"ListItem\",\"position\":2,\"name\":\"AVSS Parachute Recovery System for DJI Matrice 300\/350\",\"item\":\"https:\/\/koningdrone.be\/product\/avss-parachute-recovery-system-for-dji-matrice-300-350\/\"},{\"@type\":\"ListItem\",\"position\":3,\"name\":\"Alle producten\",\"item\":\"https:\/\/koningdrone.be\/categorie\/alle-producten\/\"},{\"@type\":\"ListItem\",\"position\":4,\"name\":\"Insta360 Pet Harness Mount Size M\"}]},{\"@type\":\"WebSite\",\"@id\":\"https:\/\/koningdrone.be\/#website\",\"url\":\"https:\/\/koningdrone.be\/\",\"name\":\"Koningdrone.be - Uw online specialist in drones, gimbals, camera's en power stations.\",\"description\":\"De webshop in drones en gimbals\",\"publisher\":{\"@id\":\"https:\/\/koningdrone.be\/#organization\"},\"potentialAction\":[{\"@type\":\"SearchAction\",\"target\":{\"@type\":\"EntryPoint\",\"urlTemplate\":\"https:\/\/koningdrone.be\/?s={search_term_string}\"},\"query-input\":{\"@type\":\"PropertyValueSpecification\",\"valueRequired\":true,\"valueName\":\"search_term_string\"}}],\"inLanguage\":\"es\"},{\"@type\":\"Organization\",\"@id\":\"https:\/\/koningdrone.be\/#organization\",\"name\":\"Koningdrone.be\",\"url\":\"https:\/\/koningdrone.be\/\",\"logo\":{\"@type\":\"ImageObject\",\"inLanguage\":\"es\",\"@id\":\"https:\/\/koningdrone.be\/#\/schema\/logo\/image\/\",\"url\":\"https:\/\/koningdrone.be\/wp-content\/uploads\/sites\/13\/2025\/04\/koningdrone-copyright-logo.svg\",\"contentUrl\":\"https:\/\/koningdrone.be\/wp-content\/uploads\/sites\/13\/2025\/04\/koningdrone-copyright-logo.svg\",\"width\":227,\"height\":38,\"caption\":\"Koningdrone.be\"},\"image\":{\"@id\":\"https:\/\/koningdrone.be\/#\/schema\/logo\/image\/\"}}]}<\/script>\n<!-- \/ Yoast SEO Premium plugin. -->","yoast_head_json":{"title":"Insta360 Pet Harness Mount Size M - koningdrone.be","robots":{"index":"index","follow":"follow","max-snippet":"max-snippet:-1","max-image-preview":"max-image-preview:large","max-video-preview":"max-video-preview:-1"},"canonical":"https:\/\/koningdrone.be\/es\/producto\/insta360-pet-harness-mount-size-m\/","og_locale":"es_ES","og_type":"article","og_title":"Insta360 Pet Harness Mount Size M","og_description":"Krijg unieke gezichtspunten van je harige vriend, met opties voor bevestiging aan de halsband en op de rug.Geschikt voor kleine en middelgrote huisdieren.Inklikbaar ontwerp, verstelbare en ademende riemen voor eenvoudige installatie en verwijdering.Verwijderbare rugsteunbalk voor een breder gezichtsveld.Lichtgewicht, zacht rubberen basisontwerp past goed op het lichaam van je huisdier en houdt de camera veilig.Koop voor gebruik met GO\/GO 2 een adapter met een 2-pins aansluiting.","og_url":"https:\/\/koningdrone.be\/es\/producto\/insta360-pet-harness-mount-size-m\/","og_site_name":"koningdrone.be","article_modified_time":"2026-05-01T02:40:41+00:00","og_image":[{"width":1280,"height":1280,"url":"https:\/\/koningdrone.be\/wp-content\/uploads\/sites\/13\/2025\/04\/731_e36f2b4f-85a1-493d-9224-aaa3ef57a7f5.webp","type":"image\/webp"}],"twitter_card":"summary_large_image","schema":{"@context":"https:\/\/schema.org","@graph":[{"@type":"WebPage","@id":"https:\/\/koningdrone.be\/product\/insta360-pet-harness-mount-size-m\/","url":"https:\/\/koningdrone.be\/product\/insta360-pet-harness-mount-size-m\/","name":"Insta360 Pet Harness Mount Size M - koningdrone.be","isPartOf":{"@id":"https:\/\/koningdrone.be\/#website"},"primaryImageOfPage":{"@id":"https:\/\/koningdrone.be\/product\/insta360-pet-harness-mount-size-m\/#primaryimage"},"image":{"@id":"https:\/\/koningdrone.be\/product\/insta360-pet-harness-mount-size-m\/#primaryimage"},"thumbnailUrl":"https:\/\/koningdrone.be\/wp-content\/uploads\/sites\/13\/2025\/04\/731_e36f2b4f-85a1-493d-9224-aaa3ef57a7f5.webp","datePublished":"2024-09-05T09:57:24+00:00","dateModified":"2026-05-01T02:40:41+00:00","breadcrumb":{"@id":"https:\/\/koningdrone.be\/product\/insta360-pet-harness-mount-size-m\/#breadcrumb"},"inLanguage":"es","potentialAction":[{"@type":"ReadAction","target":["https:\/\/koningdrone.be\/product\/insta360-pet-harness-mount-size-m\/"]}]},{"@type":"ImageObject","inLanguage":"es","@id":"https:\/\/koningdrone.be\/product\/insta360-pet-harness-mount-size-m\/#primaryimage","url":"https:\/\/koningdrone.be\/wp-content\/uploads\/sites\/13\/2025\/04\/731_e36f2b4f-85a1-493d-9224-aaa3ef57a7f5.webp","contentUrl":"https:\/\/koningdrone.be\/wp-content\/uploads\/sites\/13\/2025\/04\/731_e36f2b4f-85a1-493d-9224-aaa3ef57a7f5.webp","width":1280,"height":1280},{"@type":"BreadcrumbList","@id":"https:\/\/koningdrone.be\/product\/insta360-pet-harness-mount-size-m\/#breadcrumb","itemListElement":[{"@type":"ListItem","position":1,"name":"Home","item":"https:\/\/koningdrone.be\/"},{"@type":"ListItem","position":2,"name":"AVSS Parachute Recovery System for DJI Matrice 300\/350","item":"https:\/\/koningdrone.be\/product\/avss-parachute-recovery-system-for-dji-matrice-300-350\/"},{"@type":"ListItem","position":3,"name":"Alle producten","item":"https:\/\/koningdrone.be\/categorie\/alle-producten\/"},{"@type":"ListItem","position":4,"name":"Insta360 Pet Harness Mount Size M"}]},{"@type":"WebSite","@id":"https:\/\/koningdrone.be\/#website","url":"https:\/\/koningdrone.be\/","name":"Koningdrone.be - Su especialista en l\u00ednea en drones, cardanes, c\u00e1maras y centrales el\u00e9ctricas.","description":"La tienda virtual de drones y cardanes","publisher":{"@id":"https:\/\/koningdrone.be\/#organization"},"potentialAction":[{"@type":"SearchAction","target":{"@type":"EntryPoint","urlTemplate":"https:\/\/koningdrone.be\/?s={search_term_string}"},"query-input":{"@type":"PropertyValueSpecification","valueRequired":true,"valueName":"search_term_string"}}],"inLanguage":"es"},{"@type":"Organization","@id":"https:\/\/koningdrone.be\/#organization","name":"Kingdrone.es","url":"https:\/\/koningdrone.be\/","logo":{"@type":"ImageObject","inLanguage":"es","@id":"https:\/\/koningdrone.be\/#\/schema\/logo\/image\/","url":"https:\/\/koningdrone.be\/wp-content\/uploads\/sites\/13\/2025\/04\/koningdrone-copyright-logo.svg","contentUrl":"https:\/\/koningdrone.be\/wp-content\/uploads\/sites\/13\/2025\/04\/koningdrone-copyright-logo.svg","width":227,"height":38,"caption":"Koningdrone.be"},"image":{"@id":"https:\/\/koningdrone.be\/#\/schema\/logo\/image\/"}}]}},"df_price":72,"df_sale_price":"","df_regular_price":72,"df_image_link":"https:\/\/koningdrone.be\/wp-content\/uploads\/sites\/13\/2025\/04\/731_e36f2b4f-85a1-493d-9224-aaa3ef57a7f5-300x300.webp","_links":{"self":[{"href":"https:\/\/koningdrone.be\/es\/wp-json\/wp\/v2\/product\/2867","targetHints":{"allow":["GET"]}}],"collection":[{"href":"https:\/\/koningdrone.be\/es\/wp-json\/wp\/v2\/product"}],"about":[{"href":"https:\/\/koningdrone.be\/es\/wp-json\/wp\/v2\/types\/product"}],"wp:featuredmedia":[{"embeddable":true,"href":"https:\/\/koningdrone.be\/es\/wp-json\/wp\/v2\/media\/2861"}],"wp:attachment":[{"href":"https:\/\/koningdrone.be\/es\/wp-json\/wp\/v2\/media?parent=2867"}],"wp:term":[{"taxonomy":"product_brand","embeddable":true,"href":"https:\/\/koningdrone.be\/es\/wp-json\/wp\/v2\/product_brand?post=2867"},{"taxonomy":"product_cat","embeddable":true,"href":"https:\/\/koningdrone.be\/es\/wp-json\/wp\/v2\/product_cat?post=2867"},{"taxonomy":"product_tag","embeddable":true,"href":"https:\/\/koningdrone.be\/es\/wp-json\/wp\/v2\/product_tag?post=2867"}],"curies":[{"name":"wp","href":"https:\/\/api.w.org\/{rel}","templated":true}]}}