{"id":2860,"date":"2024-09-05T11:57:24","date_gmt":"2024-09-05T09:57:24","guid":{"rendered":"https:\/\/koningdrone.nl\/kon\/product\/insta360-go-3-go-3s-quick-reader\/"},"modified":"2026-05-01T04:40:17","modified_gmt":"2026-05-01T02:40:17","slug":"insta360-go-3-go-3s-quick-reader","status":"publish","type":"product","link":"https:\/\/koningdrone.be\/es\/producto\/insta360-go-3-go-3s-quick-reader\/","title":{"rendered":"Lector r\u00e1pido Insta360 Go 3\/Go 3S"},"content":{"rendered":"<p>El Lector R\u00e1pido Insta360 GO 3S es un accesorio compacto dise\u00f1ado para transferir r\u00e1pidamente archivos desde la c\u00e1mara Insta360 GO 3S a su ordenador u otros dispositivos. Simplifica el proceso de transferencia de datos, lo que le permite acceder y gestionar sus tomas de forma m\u00e1s r\u00e1pida y eficiente.<\/p>","protected":false},"excerpt":{"rendered":"<ul>\n<li>Transfiere r\u00e1pidamente tus archivos a una tarjeta SD externa en cualquier momento y lugar, sin Wi-Fi.<\/li>\n<li>Conexi\u00f3n directa a tu smartphone para una edici\u00f3n m\u00e1s r\u00e1pida.<\/li>\n<li>Acopla la c\u00e1mara al Quick Reader para poder cargarla con un cable. Ya no es necesario llevar el Action Pod a todas partes.<\/li>\n<li>Compatible con las interfaces Type-C y Lightning.<\/li>\n<li>Nota: Cuando utilice el lector r\u00e1pido, se recomienda colocar el objetivo de la c\u00e1mara hacia arriba para conseguir una conexi\u00f3n estable entre la c\u00e1mara y el lector r\u00e1pido.<\/li>\n<li>Para ahorrar energ\u00eda, se recomienda utilizar este accesorio con un banco de alimentaci\u00f3n\/bater\u00eda como primera opci\u00f3n al transferir secuencias. La conexi\u00f3n del Action Pod se puede utilizar para transferir archivos m\u00e1s peque\u00f1os o para uso temporal con el fin de liberar espacio en la c\u00e1mara.<\/li>\n<li>Para utilizarlo con GO 3, actualice el firmware a v1.3.11.<\/li>\n<\/ul>","protected":false},"featured_media":2853,"template":"","meta":{"_acf_changed":false},"product_brand":[],"product_cat":[97,343],"product_tag":[],"class_list":{"0":"post-2860","1":"product","2":"type-product","3":"status-publish","4":"has-post-thumbnail","6":"product_cat-alle-producten","7":"product_cat-insta360","8":"product_shipping_class-europafotoall","9":"pa_brand-insta360","10":"pa_productfamily-snelle-lezer","11":"pa_producttype-snelle-lezer","12":"pa_series-insta360-go","14":"first","15":"instock","16":"taxable","17":"shipping-taxable","18":"purchasable","19":"product-type-simple"},"acf":[],"yoast_head":"<!-- This site is optimized with the Yoast SEO Premium plugin v27.2 (Yoast SEO v27.2) - https:\/\/yoast.com\/product\/yoast-seo-premium-wordpress\/ -->\n<title>Insta360 Go 3\/Go 3S Quick Reader - koningdrone.be<\/title>\n<meta name=\"robots\" content=\"index, follow, max-snippet:-1, max-image-preview:large, max-video-preview:-1\" \/>\n<link rel=\"canonical\" href=\"https:\/\/koningdrone.be\/es\/producto\/insta360-go-3-go-3s-quick-reader\/\" \/>\n<meta property=\"og:locale\" content=\"es_ES\" \/>\n<meta property=\"og:type\" content=\"article\" \/>\n<meta property=\"og:title\" content=\"Insta360 Go 3\/Go 3S Quick Reader\" \/>\n<meta property=\"og:description\" content=\"Zet je bestanden snel over naar een externe SD-kaart, altijd en overal, zonder Wi-Fi.Directe verbinding met je smartphone voor snellere bewerking.Dock de camera in de Quick Reader om opladen via een kabel mogelijk te maken. U hoeft de Action Pod niet overal mee naartoe te nemen.Compatibel met zowel Type-C als Lightning interfaces.Opmerking: Wanneer u de Quick Reader gebruikt, is het aanbevolen om de cameralens naar boven te plaatsen voor een stabiele verbinding tussen de camera en de Quick Reader.Om stroom te besparen, wordt aanbevolen om dit accessoire te gebruiken met een voeding\/batterijbank als eerste keuze bij het overzetten van beeldmateriaal. Het aansluiten van de Action Pod kan worden gebruikt om kleinere bestanden over te zetten of voor tijdelijk gebruik om ruimte vrij te maken in de camera.Voor gebruik met GO 3 moet u de firmware upgraden naar v1.3.11.\" \/>\n<meta property=\"og:url\" content=\"https:\/\/koningdrone.be\/es\/producto\/insta360-go-3-go-3s-quick-reader\/\" \/>\n<meta property=\"og:site_name\" content=\"koningdrone.be\" \/>\n<meta property=\"article:modified_time\" content=\"2026-05-01T02:40:17+00:00\" \/>\n<meta property=\"og:image\" content=\"https:\/\/koningdrone.be\/wp-content\/uploads\/sites\/13\/2025\/04\/731_6d3c0115-05f5-424e-ae1e-c0405a72649b.webp\" \/>\n\t<meta property=\"og:image:width\" content=\"1280\" \/>\n\t<meta property=\"og:image:height\" content=\"1280\" \/>\n\t<meta property=\"og:image:type\" content=\"image\/webp\" \/>\n<meta name=\"twitter:card\" content=\"summary_large_image\" \/>\n<script type=\"application\/ld+json\" class=\"yoast-schema-graph\">{\"@context\":\"https:\/\/schema.org\",\"@graph\":[{\"@type\":\"WebPage\",\"@id\":\"https:\/\/koningdrone.be\/product\/insta360-go-3-go-3s-quick-reader\/\",\"url\":\"https:\/\/koningdrone.be\/product\/insta360-go-3-go-3s-quick-reader\/\",\"name\":\"Insta360 Go 3\/Go 3S Quick Reader - koningdrone.be\",\"isPartOf\":{\"@id\":\"https:\/\/koningdrone.be\/#website\"},\"primaryImageOfPage\":{\"@id\":\"https:\/\/koningdrone.be\/product\/insta360-go-3-go-3s-quick-reader\/#primaryimage\"},\"image\":{\"@id\":\"https:\/\/koningdrone.be\/product\/insta360-go-3-go-3s-quick-reader\/#primaryimage\"},\"thumbnailUrl\":\"https:\/\/koningdrone.be\/wp-content\/uploads\/sites\/13\/2025\/04\/731_6d3c0115-05f5-424e-ae1e-c0405a72649b.webp\",\"datePublished\":\"2024-09-05T09:57:24+00:00\",\"dateModified\":\"2026-05-01T02:40:17+00:00\",\"breadcrumb\":{\"@id\":\"https:\/\/koningdrone.be\/product\/insta360-go-3-go-3s-quick-reader\/#breadcrumb\"},\"inLanguage\":\"es\",\"potentialAction\":[{\"@type\":\"ReadAction\",\"target\":[\"https:\/\/koningdrone.be\/product\/insta360-go-3-go-3s-quick-reader\/\"]}]},{\"@type\":\"ImageObject\",\"inLanguage\":\"es\",\"@id\":\"https:\/\/koningdrone.be\/product\/insta360-go-3-go-3s-quick-reader\/#primaryimage\",\"url\":\"https:\/\/koningdrone.be\/wp-content\/uploads\/sites\/13\/2025\/04\/731_6d3c0115-05f5-424e-ae1e-c0405a72649b.webp\",\"contentUrl\":\"https:\/\/koningdrone.be\/wp-content\/uploads\/sites\/13\/2025\/04\/731_6d3c0115-05f5-424e-ae1e-c0405a72649b.webp\",\"width\":1280,\"height\":1280},{\"@type\":\"BreadcrumbList\",\"@id\":\"https:\/\/koningdrone.be\/product\/insta360-go-3-go-3s-quick-reader\/#breadcrumb\",\"itemListElement\":[{\"@type\":\"ListItem\",\"position\":1,\"name\":\"Home\",\"item\":\"https:\/\/koningdrone.be\/\"},{\"@type\":\"ListItem\",\"position\":2,\"name\":\"AVSS Parachute Recovery System for DJI Matrice 300\/350\",\"item\":\"https:\/\/koningdrone.be\/product\/avss-parachute-recovery-system-for-dji-matrice-300-350\/\"},{\"@type\":\"ListItem\",\"position\":3,\"name\":\"Alle producten\",\"item\":\"https:\/\/koningdrone.be\/categorie\/alle-producten\/\"},{\"@type\":\"ListItem\",\"position\":4,\"name\":\"Insta360 Go 3\/Go 3S Quick Reader\"}]},{\"@type\":\"WebSite\",\"@id\":\"https:\/\/koningdrone.be\/#website\",\"url\":\"https:\/\/koningdrone.be\/\",\"name\":\"Koningdrone.be - Uw online specialist in drones, gimbals, camera's en power stations.\",\"description\":\"De webshop in drones en gimbals\",\"publisher\":{\"@id\":\"https:\/\/koningdrone.be\/#organization\"},\"potentialAction\":[{\"@type\":\"SearchAction\",\"target\":{\"@type\":\"EntryPoint\",\"urlTemplate\":\"https:\/\/koningdrone.be\/?s={search_term_string}\"},\"query-input\":{\"@type\":\"PropertyValueSpecification\",\"valueRequired\":true,\"valueName\":\"search_term_string\"}}],\"inLanguage\":\"es\"},{\"@type\":\"Organization\",\"@id\":\"https:\/\/koningdrone.be\/#organization\",\"name\":\"Koningdrone.be\",\"url\":\"https:\/\/koningdrone.be\/\",\"logo\":{\"@type\":\"ImageObject\",\"inLanguage\":\"es\",\"@id\":\"https:\/\/koningdrone.be\/#\/schema\/logo\/image\/\",\"url\":\"https:\/\/koningdrone.be\/wp-content\/uploads\/sites\/13\/2025\/04\/koningdrone-copyright-logo.svg\",\"contentUrl\":\"https:\/\/koningdrone.be\/wp-content\/uploads\/sites\/13\/2025\/04\/koningdrone-copyright-logo.svg\",\"width\":227,\"height\":38,\"caption\":\"Koningdrone.be\"},\"image\":{\"@id\":\"https:\/\/koningdrone.be\/#\/schema\/logo\/image\/\"}}]}<\/script>\n<!-- \/ Yoast SEO Premium plugin. -->","yoast_head_json":{"title":"Insta360 Go 3\/Go 3S Quick Reader - koningdrone.be","robots":{"index":"index","follow":"follow","max-snippet":"max-snippet:-1","max-image-preview":"max-image-preview:large","max-video-preview":"max-video-preview:-1"},"canonical":"https:\/\/koningdrone.be\/es\/producto\/insta360-go-3-go-3s-quick-reader\/","og_locale":"es_ES","og_type":"article","og_title":"Insta360 Go 3\/Go 3S Quick Reader","og_description":"Zet je bestanden snel over naar een externe SD-kaart, altijd en overal, zonder Wi-Fi.Directe verbinding met je smartphone voor snellere bewerking.Dock de camera in de Quick Reader om opladen via een kabel mogelijk te maken. U hoeft de Action Pod niet overal mee naartoe te nemen.Compatibel met zowel Type-C als Lightning interfaces.Opmerking: Wanneer u de Quick Reader gebruikt, is het aanbevolen om de cameralens naar boven te plaatsen voor een stabiele verbinding tussen de camera en de Quick Reader.Om stroom te besparen, wordt aanbevolen om dit accessoire te gebruiken met een voeding\/batterijbank als eerste keuze bij het overzetten van beeldmateriaal. Het aansluiten van de Action Pod kan worden gebruikt om kleinere bestanden over te zetten of voor tijdelijk gebruik om ruimte vrij te maken in de camera.Voor gebruik met GO 3 moet u de firmware upgraden naar v1.3.11.","og_url":"https:\/\/koningdrone.be\/es\/producto\/insta360-go-3-go-3s-quick-reader\/","og_site_name":"koningdrone.be","article_modified_time":"2026-05-01T02:40:17+00:00","og_image":[{"width":1280,"height":1280,"url":"https:\/\/koningdrone.be\/wp-content\/uploads\/sites\/13\/2025\/04\/731_6d3c0115-05f5-424e-ae1e-c0405a72649b.webp","type":"image\/webp"}],"twitter_card":"summary_large_image","schema":{"@context":"https:\/\/schema.org","@graph":[{"@type":"WebPage","@id":"https:\/\/koningdrone.be\/product\/insta360-go-3-go-3s-quick-reader\/","url":"https:\/\/koningdrone.be\/product\/insta360-go-3-go-3s-quick-reader\/","name":"Insta360 Go 3\/Go 3S Quick Reader - koningdrone.be","isPartOf":{"@id":"https:\/\/koningdrone.be\/#website"},"primaryImageOfPage":{"@id":"https:\/\/koningdrone.be\/product\/insta360-go-3-go-3s-quick-reader\/#primaryimage"},"image":{"@id":"https:\/\/koningdrone.be\/product\/insta360-go-3-go-3s-quick-reader\/#primaryimage"},"thumbnailUrl":"https:\/\/koningdrone.be\/wp-content\/uploads\/sites\/13\/2025\/04\/731_6d3c0115-05f5-424e-ae1e-c0405a72649b.webp","datePublished":"2024-09-05T09:57:24+00:00","dateModified":"2026-05-01T02:40:17+00:00","breadcrumb":{"@id":"https:\/\/koningdrone.be\/product\/insta360-go-3-go-3s-quick-reader\/#breadcrumb"},"inLanguage":"es","potentialAction":[{"@type":"ReadAction","target":["https:\/\/koningdrone.be\/product\/insta360-go-3-go-3s-quick-reader\/"]}]},{"@type":"ImageObject","inLanguage":"es","@id":"https:\/\/koningdrone.be\/product\/insta360-go-3-go-3s-quick-reader\/#primaryimage","url":"https:\/\/koningdrone.be\/wp-content\/uploads\/sites\/13\/2025\/04\/731_6d3c0115-05f5-424e-ae1e-c0405a72649b.webp","contentUrl":"https:\/\/koningdrone.be\/wp-content\/uploads\/sites\/13\/2025\/04\/731_6d3c0115-05f5-424e-ae1e-c0405a72649b.webp","width":1280,"height":1280},{"@type":"BreadcrumbList","@id":"https:\/\/koningdrone.be\/product\/insta360-go-3-go-3s-quick-reader\/#breadcrumb","itemListElement":[{"@type":"ListItem","position":1,"name":"Home","item":"https:\/\/koningdrone.be\/"},{"@type":"ListItem","position":2,"name":"AVSS Parachute Recovery System for DJI Matrice 300\/350","item":"https:\/\/koningdrone.be\/product\/avss-parachute-recovery-system-for-dji-matrice-300-350\/"},{"@type":"ListItem","position":3,"name":"Alle producten","item":"https:\/\/koningdrone.be\/categorie\/alle-producten\/"},{"@type":"ListItem","position":4,"name":"Insta360 Go 3\/Go 3S Quick Reader"}]},{"@type":"WebSite","@id":"https:\/\/koningdrone.be\/#website","url":"https:\/\/koningdrone.be\/","name":"Koningdrone.be - Su especialista en l\u00ednea en drones, cardanes, c\u00e1maras y centrales el\u00e9ctricas.","description":"La tienda virtual de drones y cardanes","publisher":{"@id":"https:\/\/koningdrone.be\/#organization"},"potentialAction":[{"@type":"SearchAction","target":{"@type":"EntryPoint","urlTemplate":"https:\/\/koningdrone.be\/?s={search_term_string}"},"query-input":{"@type":"PropertyValueSpecification","valueRequired":true,"valueName":"search_term_string"}}],"inLanguage":"es"},{"@type":"Organization","@id":"https:\/\/koningdrone.be\/#organization","name":"Kingdrone.es","url":"https:\/\/koningdrone.be\/","logo":{"@type":"ImageObject","inLanguage":"es","@id":"https:\/\/koningdrone.be\/#\/schema\/logo\/image\/","url":"https:\/\/koningdrone.be\/wp-content\/uploads\/sites\/13\/2025\/04\/koningdrone-copyright-logo.svg","contentUrl":"https:\/\/koningdrone.be\/wp-content\/uploads\/sites\/13\/2025\/04\/koningdrone-copyright-logo.svg","width":227,"height":38,"caption":"Koningdrone.be"},"image":{"@id":"https:\/\/koningdrone.be\/#\/schema\/logo\/image\/"}}]}},"df_price":57,"df_sale_price":"","df_regular_price":57,"df_image_link":"https:\/\/koningdrone.be\/wp-content\/uploads\/sites\/13\/2025\/04\/731_6d3c0115-05f5-424e-ae1e-c0405a72649b-300x300.webp","_links":{"self":[{"href":"https:\/\/koningdrone.be\/es\/wp-json\/wp\/v2\/product\/2860","targetHints":{"allow":["GET"]}}],"collection":[{"href":"https:\/\/koningdrone.be\/es\/wp-json\/wp\/v2\/product"}],"about":[{"href":"https:\/\/koningdrone.be\/es\/wp-json\/wp\/v2\/types\/product"}],"wp:featuredmedia":[{"embeddable":true,"href":"https:\/\/koningdrone.be\/es\/wp-json\/wp\/v2\/media\/2853"}],"wp:attachment":[{"href":"https:\/\/koningdrone.be\/es\/wp-json\/wp\/v2\/media?parent=2860"}],"wp:term":[{"taxonomy":"product_brand","embeddable":true,"href":"https:\/\/koningdrone.be\/es\/wp-json\/wp\/v2\/product_brand?post=2860"},{"taxonomy":"product_cat","embeddable":true,"href":"https:\/\/koningdrone.be\/es\/wp-json\/wp\/v2\/product_cat?post=2860"},{"taxonomy":"product_tag","embeddable":true,"href":"https:\/\/koningdrone.be\/es\/wp-json\/wp\/v2\/product_tag?post=2860"}],"curies":[{"name":"wp","href":"https:\/\/api.w.org\/{rel}","templated":true}]}}