{"id":2818,"date":"2024-09-05T11:57:51","date_gmt":"2024-09-05T09:57:51","guid":{"rendered":"https:\/\/koningdrone.nl\/kon\/product\/insta360-x4-water-sports-rope-mount\/"},"modified":"2026-05-01T04:50:51","modified_gmt":"2026-05-01T02:50:51","slug":"insta360-x4-water-sports-rope-mount","status":"publish","type":"product","link":"https:\/\/koningdrone.be\/es\/producto\/insta360-x4-water-sports-rope-mount\/","title":{"rendered":"Soporte de cuerda para deportes acu\u00e1ticos Insta360 X4"},"content":{"rendered":"<p>El soporte de cuerda para deportes acu\u00e1ticos Insta360 X3 est\u00e1 dise\u00f1ado para sujetar de forma segura su c\u00e1mara Insta360 X3 a una cuerda o asa, por lo que es ideal para tomar fotograf\u00edas de acci\u00f3n durante la pr\u00e1ctica de deportes acu\u00e1ticos. Su robusta construcci\u00f3n garantiza estabilidad y durabilidad incluso en condiciones dif\u00edciles.<\/p>","protected":false},"excerpt":{"rendered":"<ul>\n<li>Se sujeta f\u00e1cilmente a la l\u00ednea para facilitar la captura mientras se practica kitesurf o wakeboard.<\/li>\n<li>Carcasa totalmente invisible para unas vistas \u00e9picas desde la tercera persona.<\/li>\n<li>Se fija horizontalmente para evitar que la c\u00e1mara gire, y as\u00ed obtener tomas estables y de alta calidad.<\/li>\n<li>Admite el montaje en una cuerda resistente con un di\u00e1metro de entre 1 y 8 mm.<\/li>\n<\/ul>","protected":false},"featured_media":2198,"template":"","meta":{"_acf_changed":false},"product_brand":[],"product_cat":[97,343],"product_tag":[],"class_list":{"0":"post-2818","1":"product","2":"type-product","3":"status-publish","4":"has-post-thumbnail","6":"product_cat-alle-producten","7":"product_cat-insta360","8":"product_shipping_class-outofstock","9":"pa_brand-insta360","10":"pa_productfamily-touwmontage","11":"pa_producttype-touwmontage","12":"pa_series-insta360-go","14":"first","15":"outofstock","16":"taxable","17":"shipping-taxable","18":"purchasable","19":"product-type-simple"},"acf":[],"yoast_head":"<!-- This site is optimized with the Yoast SEO Premium plugin v27.2 (Yoast SEO v27.2) - https:\/\/yoast.com\/product\/yoast-seo-premium-wordpress\/ -->\n<title>Insta360 X4 Water Sports Rope Mount - koningdrone.be<\/title>\n<meta name=\"robots\" content=\"index, follow, max-snippet:-1, max-image-preview:large, max-video-preview:-1\" \/>\n<link rel=\"canonical\" href=\"https:\/\/koningdrone.be\/es\/producto\/insta360-x4-water-sports-rope-mount\/\" \/>\n<meta property=\"og:locale\" content=\"es_ES\" \/>\n<meta property=\"og:type\" content=\"article\" \/>\n<meta property=\"og:title\" content=\"Insta360 X4 Water Sports Rope Mount\" \/>\n<meta property=\"og:description\" content=\"Gemakkelijk vast te maken aan de lijn, zodat je hem gemakkelijk kunt vastleggen tijdens het kitesurfen of wakeboarden.Volledig onzichtbare behuizing voor epische weergaven vanuit de derde persoon.Horizontaal te bevestigen om te voorkomen dat de camera ronddraait, voor stabiele opnamen van hoge kwaliteit.Ondersteunt montage op een stevig touw met een diameter tussen 1-8mm.\" \/>\n<meta property=\"og:url\" content=\"https:\/\/koningdrone.be\/es\/producto\/insta360-x4-water-sports-rope-mount\/\" \/>\n<meta property=\"og:site_name\" content=\"koningdrone.be\" \/>\n<meta property=\"article:modified_time\" content=\"2026-05-01T02:50:51+00:00\" \/>\n<meta property=\"og:image\" content=\"https:\/\/koningdrone.be\/wp-content\/uploads\/sites\/13\/2025\/04\/Main-3.webp\" \/>\n\t<meta property=\"og:image:width\" content=\"780\" \/>\n\t<meta property=\"og:image:height\" content=\"780\" \/>\n\t<meta property=\"og:image:type\" content=\"image\/webp\" \/>\n<meta name=\"twitter:card\" content=\"summary_large_image\" \/>\n<script type=\"application\/ld+json\" class=\"yoast-schema-graph\">{\"@context\":\"https:\/\/schema.org\",\"@graph\":[{\"@type\":\"WebPage\",\"@id\":\"https:\/\/koningdrone.be\/product\/insta360-x4-water-sports-rope-mount\/\",\"url\":\"https:\/\/koningdrone.be\/product\/insta360-x4-water-sports-rope-mount\/\",\"name\":\"Insta360 X4 Water Sports Rope Mount - koningdrone.be\",\"isPartOf\":{\"@id\":\"https:\/\/koningdrone.be\/#website\"},\"primaryImageOfPage\":{\"@id\":\"https:\/\/koningdrone.be\/product\/insta360-x4-water-sports-rope-mount\/#primaryimage\"},\"image\":{\"@id\":\"https:\/\/koningdrone.be\/product\/insta360-x4-water-sports-rope-mount\/#primaryimage\"},\"thumbnailUrl\":\"https:\/\/koningdrone.be\/wp-content\/uploads\/sites\/13\/2025\/04\/Main-3.webp\",\"datePublished\":\"2024-09-05T09:57:51+00:00\",\"dateModified\":\"2026-05-01T02:50:51+00:00\",\"breadcrumb\":{\"@id\":\"https:\/\/koningdrone.be\/product\/insta360-x4-water-sports-rope-mount\/#breadcrumb\"},\"inLanguage\":\"es\",\"potentialAction\":[{\"@type\":\"ReadAction\",\"target\":[\"https:\/\/koningdrone.be\/product\/insta360-x4-water-sports-rope-mount\/\"]}]},{\"@type\":\"ImageObject\",\"inLanguage\":\"es\",\"@id\":\"https:\/\/koningdrone.be\/product\/insta360-x4-water-sports-rope-mount\/#primaryimage\",\"url\":\"https:\/\/koningdrone.be\/wp-content\/uploads\/sites\/13\/2025\/04\/Main-3.webp\",\"contentUrl\":\"https:\/\/koningdrone.be\/wp-content\/uploads\/sites\/13\/2025\/04\/Main-3.webp\",\"width\":780,\"height\":780},{\"@type\":\"BreadcrumbList\",\"@id\":\"https:\/\/koningdrone.be\/product\/insta360-x4-water-sports-rope-mount\/#breadcrumb\",\"itemListElement\":[{\"@type\":\"ListItem\",\"position\":1,\"name\":\"Home\",\"item\":\"https:\/\/koningdrone.be\/\"},{\"@type\":\"ListItem\",\"position\":2,\"name\":\"AVSS Parachute Recovery System for DJI Matrice 300\/350\",\"item\":\"https:\/\/koningdrone.be\/product\/avss-parachute-recovery-system-for-dji-matrice-300-350\/\"},{\"@type\":\"ListItem\",\"position\":3,\"name\":\"Alle producten\",\"item\":\"https:\/\/koningdrone.be\/categorie\/alle-producten\/\"},{\"@type\":\"ListItem\",\"position\":4,\"name\":\"Insta360 X4 Water Sports Rope Mount\"}]},{\"@type\":\"WebSite\",\"@id\":\"https:\/\/koningdrone.be\/#website\",\"url\":\"https:\/\/koningdrone.be\/\",\"name\":\"Koningdrone.be - Uw online specialist in drones, gimbals, camera's en power stations.\",\"description\":\"De webshop in drones en gimbals\",\"publisher\":{\"@id\":\"https:\/\/koningdrone.be\/#organization\"},\"potentialAction\":[{\"@type\":\"SearchAction\",\"target\":{\"@type\":\"EntryPoint\",\"urlTemplate\":\"https:\/\/koningdrone.be\/?s={search_term_string}\"},\"query-input\":{\"@type\":\"PropertyValueSpecification\",\"valueRequired\":true,\"valueName\":\"search_term_string\"}}],\"inLanguage\":\"es\"},{\"@type\":\"Organization\",\"@id\":\"https:\/\/koningdrone.be\/#organization\",\"name\":\"Koningdrone.be\",\"url\":\"https:\/\/koningdrone.be\/\",\"logo\":{\"@type\":\"ImageObject\",\"inLanguage\":\"es\",\"@id\":\"https:\/\/koningdrone.be\/#\/schema\/logo\/image\/\",\"url\":\"https:\/\/koningdrone.be\/wp-content\/uploads\/sites\/13\/2025\/04\/koningdrone-copyright-logo.svg\",\"contentUrl\":\"https:\/\/koningdrone.be\/wp-content\/uploads\/sites\/13\/2025\/04\/koningdrone-copyright-logo.svg\",\"width\":227,\"height\":38,\"caption\":\"Koningdrone.be\"},\"image\":{\"@id\":\"https:\/\/koningdrone.be\/#\/schema\/logo\/image\/\"}}]}<\/script>\n<!-- \/ Yoast SEO Premium plugin. -->","yoast_head_json":{"title":"Insta360 X4 Water Sports Rope Mount - koningdrone.be","robots":{"index":"index","follow":"follow","max-snippet":"max-snippet:-1","max-image-preview":"max-image-preview:large","max-video-preview":"max-video-preview:-1"},"canonical":"https:\/\/koningdrone.be\/es\/producto\/insta360-x4-water-sports-rope-mount\/","og_locale":"es_ES","og_type":"article","og_title":"Insta360 X4 Water Sports Rope Mount","og_description":"Gemakkelijk vast te maken aan de lijn, zodat je hem gemakkelijk kunt vastleggen tijdens het kitesurfen of wakeboarden.Volledig onzichtbare behuizing voor epische weergaven vanuit de derde persoon.Horizontaal te bevestigen om te voorkomen dat de camera ronddraait, voor stabiele opnamen van hoge kwaliteit.Ondersteunt montage op een stevig touw met een diameter tussen 1-8mm.","og_url":"https:\/\/koningdrone.be\/es\/producto\/insta360-x4-water-sports-rope-mount\/","og_site_name":"koningdrone.be","article_modified_time":"2026-05-01T02:50:51+00:00","og_image":[{"width":780,"height":780,"url":"https:\/\/koningdrone.be\/wp-content\/uploads\/sites\/13\/2025\/04\/Main-3.webp","type":"image\/webp"}],"twitter_card":"summary_large_image","schema":{"@context":"https:\/\/schema.org","@graph":[{"@type":"WebPage","@id":"https:\/\/koningdrone.be\/product\/insta360-x4-water-sports-rope-mount\/","url":"https:\/\/koningdrone.be\/product\/insta360-x4-water-sports-rope-mount\/","name":"Insta360 X4 Water Sports Rope Mount - koningdrone.be","isPartOf":{"@id":"https:\/\/koningdrone.be\/#website"},"primaryImageOfPage":{"@id":"https:\/\/koningdrone.be\/product\/insta360-x4-water-sports-rope-mount\/#primaryimage"},"image":{"@id":"https:\/\/koningdrone.be\/product\/insta360-x4-water-sports-rope-mount\/#primaryimage"},"thumbnailUrl":"https:\/\/koningdrone.be\/wp-content\/uploads\/sites\/13\/2025\/04\/Main-3.webp","datePublished":"2024-09-05T09:57:51+00:00","dateModified":"2026-05-01T02:50:51+00:00","breadcrumb":{"@id":"https:\/\/koningdrone.be\/product\/insta360-x4-water-sports-rope-mount\/#breadcrumb"},"inLanguage":"es","potentialAction":[{"@type":"ReadAction","target":["https:\/\/koningdrone.be\/product\/insta360-x4-water-sports-rope-mount\/"]}]},{"@type":"ImageObject","inLanguage":"es","@id":"https:\/\/koningdrone.be\/product\/insta360-x4-water-sports-rope-mount\/#primaryimage","url":"https:\/\/koningdrone.be\/wp-content\/uploads\/sites\/13\/2025\/04\/Main-3.webp","contentUrl":"https:\/\/koningdrone.be\/wp-content\/uploads\/sites\/13\/2025\/04\/Main-3.webp","width":780,"height":780},{"@type":"BreadcrumbList","@id":"https:\/\/koningdrone.be\/product\/insta360-x4-water-sports-rope-mount\/#breadcrumb","itemListElement":[{"@type":"ListItem","position":1,"name":"Home","item":"https:\/\/koningdrone.be\/"},{"@type":"ListItem","position":2,"name":"AVSS Parachute Recovery System for DJI Matrice 300\/350","item":"https:\/\/koningdrone.be\/product\/avss-parachute-recovery-system-for-dji-matrice-300-350\/"},{"@type":"ListItem","position":3,"name":"Alle producten","item":"https:\/\/koningdrone.be\/categorie\/alle-producten\/"},{"@type":"ListItem","position":4,"name":"Insta360 X4 Water Sports Rope Mount"}]},{"@type":"WebSite","@id":"https:\/\/koningdrone.be\/#website","url":"https:\/\/koningdrone.be\/","name":"Koningdrone.be - Su especialista en l\u00ednea en drones, cardanes, c\u00e1maras y centrales el\u00e9ctricas.","description":"La tienda virtual de drones y cardanes","publisher":{"@id":"https:\/\/koningdrone.be\/#organization"},"potentialAction":[{"@type":"SearchAction","target":{"@type":"EntryPoint","urlTemplate":"https:\/\/koningdrone.be\/?s={search_term_string}"},"query-input":{"@type":"PropertyValueSpecification","valueRequired":true,"valueName":"search_term_string"}}],"inLanguage":"es"},{"@type":"Organization","@id":"https:\/\/koningdrone.be\/#organization","name":"Kingdrone.es","url":"https:\/\/koningdrone.be\/","logo":{"@type":"ImageObject","inLanguage":"es","@id":"https:\/\/koningdrone.be\/#\/schema\/logo\/image\/","url":"https:\/\/koningdrone.be\/wp-content\/uploads\/sites\/13\/2025\/04\/koningdrone-copyright-logo.svg","contentUrl":"https:\/\/koningdrone.be\/wp-content\/uploads\/sites\/13\/2025\/04\/koningdrone-copyright-logo.svg","width":227,"height":38,"caption":"Koningdrone.be"},"image":{"@id":"https:\/\/koningdrone.be\/#\/schema\/logo\/image\/"}}]}},"df_price":72,"df_sale_price":"","df_regular_price":72,"df_image_link":"https:\/\/koningdrone.be\/wp-content\/uploads\/sites\/13\/2025\/04\/Main-3-300x300.webp","_links":{"self":[{"href":"https:\/\/koningdrone.be\/es\/wp-json\/wp\/v2\/product\/2818","targetHints":{"allow":["GET"]}}],"collection":[{"href":"https:\/\/koningdrone.be\/es\/wp-json\/wp\/v2\/product"}],"about":[{"href":"https:\/\/koningdrone.be\/es\/wp-json\/wp\/v2\/types\/product"}],"wp:featuredmedia":[{"embeddable":true,"href":"https:\/\/koningdrone.be\/es\/wp-json\/wp\/v2\/media\/2198"}],"wp:attachment":[{"href":"https:\/\/koningdrone.be\/es\/wp-json\/wp\/v2\/media?parent=2818"}],"wp:term":[{"taxonomy":"product_brand","embeddable":true,"href":"https:\/\/koningdrone.be\/es\/wp-json\/wp\/v2\/product_brand?post=2818"},{"taxonomy":"product_cat","embeddable":true,"href":"https:\/\/koningdrone.be\/es\/wp-json\/wp\/v2\/product_cat?post=2818"},{"taxonomy":"product_tag","embeddable":true,"href":"https:\/\/koningdrone.be\/es\/wp-json\/wp\/v2\/product_tag?post=2818"}],"curies":[{"name":"wp","href":"https:\/\/api.w.org\/{rel}","templated":true}]}}