{"id":2761,"date":"2024-09-05T11:59:05","date_gmt":"2024-09-05T09:59:05","guid":{"rendered":"https:\/\/koningdrone.nl\/kon\/product\/insta360-flow-flow-pro-magnetic-phone-mount\/"},"modified":"2026-04-30T11:10:18","modified_gmt":"2026-04-30T09:10:18","slug":"insta360-flow-flow-pro-magnetic-phone-mount","status":"publish","type":"product","link":"https:\/\/koningdrone.be\/es\/producto\/insta360-flow-flow-pro-magnetic-phone-mount\/","title":{"rendered":"Soporte magn\u00e9tico para tel\u00e9fono Insta360 Flow\/Flow Pro"},"content":{"rendered":"<p>El soporte magn\u00e9tico para tel\u00e9fono Insta360 Flow Pro fija de forma segura tu smartphone al card\u00e1n Flow Pro mediante una potente conexi\u00f3n magn\u00e9tica. Este accesorio garantiza un montaje r\u00e1pido y sencillo y proporciona una plataforma estable para capturar secuencias de v\u00eddeo fluidas y de calidad profesional con tu tel\u00e9fono.<\/p>","protected":false},"excerpt":{"rendered":"<ul>\n<li>Engancha tu tel\u00e9fono al Flow\/Flow Pro para obtener instant\u00e1neas fluidas. Util\u00edzalo como alternativa a la pinza magn\u00e9tica para tel\u00e9fono.<\/li>\n<li>Fuertes imanes de grado N52 para sujetar completamente tu smartphone.<\/li>\n<li>El soporte magn\u00e9tico para tel\u00e9fono solo es compatible con iPhone 12 o posterior con MagSafe o fundas de tel\u00e9fono con MagSafe.<\/li>\n<li>Superficie de silicona suave para proteger el tel\u00e9fono de ara\u00f1azos.<\/li>\n<\/ul>","protected":false},"featured_media":2352,"template":"","meta":{"_acf_changed":false},"product_brand":[],"product_cat":[97,343],"product_tag":[],"class_list":{"0":"post-2761","1":"product","2":"type-product","3":"status-publish","4":"has-post-thumbnail","6":"product_cat-alle-producten","7":"product_cat-insta360","8":"product_shipping_class-outofstock","9":"pa_brand-insta360","10":"pa_productfamily-telefoonhouder","11":"pa_producttype-telefoonhouder","12":"pa_series-insta360-go","14":"first","15":"outofstock","16":"taxable","17":"shipping-taxable","18":"product-type-simple"},"acf":[],"yoast_head":"<!-- This site is optimized with the Yoast SEO Premium plugin v27.2 (Yoast SEO v27.2) - https:\/\/yoast.com\/product\/yoast-seo-premium-wordpress\/ -->\n<title>Insta360 Flow\/Flow Pro Magnetic Phone Mount - koningdrone.be<\/title>\n<meta name=\"robots\" content=\"index, follow, max-snippet:-1, max-image-preview:large, max-video-preview:-1\" \/>\n<link rel=\"canonical\" href=\"https:\/\/koningdrone.be\/es\/producto\/insta360-flow-flow-pro-magnetic-phone-mount\/\" \/>\n<meta property=\"og:locale\" content=\"es_ES\" \/>\n<meta property=\"og:type\" content=\"article\" \/>\n<meta property=\"og:title\" content=\"Insta360 Flow\/Flow Pro Magnetic Phone Mount\" \/>\n<meta property=\"og:description\" content=\"Klik je telefoon vast aan de Flow\/Flow Pro voor directe, vloeiende opnamen. Gebruik als alternatief voor de magnetische telefoonklem.Sterke magneten van N52-kwaliteit om je smartphone volledig te ondersteunen.De magnetische telefoonhouder ondersteunt alleen iPhone 12 of nieuwer met MagSafe of telefoonhoesjes met MagSafe.Zacht siliconen oppervlak om je telefoon te beschermen tegen krassen.\" \/>\n<meta property=\"og:url\" content=\"https:\/\/koningdrone.be\/es\/producto\/insta360-flow-flow-pro-magnetic-phone-mount\/\" \/>\n<meta property=\"og:site_name\" content=\"koningdrone.be\" \/>\n<meta property=\"article:modified_time\" content=\"2026-04-30T09:10:18+00:00\" \/>\n<meta property=\"og:image\" content=\"https:\/\/koningdrone.be\/wp-content\/uploads\/sites\/13\/2025\/04\/2831_4c3464ef-cf2c-4715-8009-bd12a592386f.webp\" \/>\n\t<meta property=\"og:image:width\" content=\"1280\" \/>\n\t<meta property=\"og:image:height\" content=\"1280\" \/>\n\t<meta property=\"og:image:type\" content=\"image\/webp\" \/>\n<meta name=\"twitter:card\" content=\"summary_large_image\" \/>\n<script type=\"application\/ld+json\" class=\"yoast-schema-graph\">{\"@context\":\"https:\/\/schema.org\",\"@graph\":[{\"@type\":\"WebPage\",\"@id\":\"https:\/\/koningdrone.be\/product\/insta360-flow-flow-pro-magnetic-phone-mount\/\",\"url\":\"https:\/\/koningdrone.be\/product\/insta360-flow-flow-pro-magnetic-phone-mount\/\",\"name\":\"Insta360 Flow\/Flow Pro Magnetic Phone Mount - koningdrone.be\",\"isPartOf\":{\"@id\":\"https:\/\/koningdrone.be\/#website\"},\"primaryImageOfPage\":{\"@id\":\"https:\/\/koningdrone.be\/product\/insta360-flow-flow-pro-magnetic-phone-mount\/#primaryimage\"},\"image\":{\"@id\":\"https:\/\/koningdrone.be\/product\/insta360-flow-flow-pro-magnetic-phone-mount\/#primaryimage\"},\"thumbnailUrl\":\"https:\/\/koningdrone.be\/wp-content\/uploads\/sites\/13\/2025\/04\/2831_4c3464ef-cf2c-4715-8009-bd12a592386f.webp\",\"datePublished\":\"2024-09-05T09:59:05+00:00\",\"dateModified\":\"2026-04-30T09:10:18+00:00\",\"breadcrumb\":{\"@id\":\"https:\/\/koningdrone.be\/product\/insta360-flow-flow-pro-magnetic-phone-mount\/#breadcrumb\"},\"inLanguage\":\"es\",\"potentialAction\":[{\"@type\":\"ReadAction\",\"target\":[\"https:\/\/koningdrone.be\/product\/insta360-flow-flow-pro-magnetic-phone-mount\/\"]}]},{\"@type\":\"ImageObject\",\"inLanguage\":\"es\",\"@id\":\"https:\/\/koningdrone.be\/product\/insta360-flow-flow-pro-magnetic-phone-mount\/#primaryimage\",\"url\":\"https:\/\/koningdrone.be\/wp-content\/uploads\/sites\/13\/2025\/04\/2831_4c3464ef-cf2c-4715-8009-bd12a592386f.webp\",\"contentUrl\":\"https:\/\/koningdrone.be\/wp-content\/uploads\/sites\/13\/2025\/04\/2831_4c3464ef-cf2c-4715-8009-bd12a592386f.webp\",\"width\":1280,\"height\":1280},{\"@type\":\"BreadcrumbList\",\"@id\":\"https:\/\/koningdrone.be\/product\/insta360-flow-flow-pro-magnetic-phone-mount\/#breadcrumb\",\"itemListElement\":[{\"@type\":\"ListItem\",\"position\":1,\"name\":\"Home\",\"item\":\"https:\/\/koningdrone.be\/\"},{\"@type\":\"ListItem\",\"position\":2,\"name\":\"AVSS Parachute Recovery System for DJI Matrice 300\/350\",\"item\":\"https:\/\/koningdrone.be\/product\/avss-parachute-recovery-system-for-dji-matrice-300-350\/\"},{\"@type\":\"ListItem\",\"position\":3,\"name\":\"Alle producten\",\"item\":\"https:\/\/koningdrone.be\/categorie\/alle-producten\/\"},{\"@type\":\"ListItem\",\"position\":4,\"name\":\"Insta360 Flow\/Flow Pro Magnetic Phone Mount\"}]},{\"@type\":\"WebSite\",\"@id\":\"https:\/\/koningdrone.be\/#website\",\"url\":\"https:\/\/koningdrone.be\/\",\"name\":\"Koningdrone.be - Uw online specialist in drones, gimbals, camera's en power stations.\",\"description\":\"De webshop in drones en gimbals\",\"publisher\":{\"@id\":\"https:\/\/koningdrone.be\/#organization\"},\"potentialAction\":[{\"@type\":\"SearchAction\",\"target\":{\"@type\":\"EntryPoint\",\"urlTemplate\":\"https:\/\/koningdrone.be\/?s={search_term_string}\"},\"query-input\":{\"@type\":\"PropertyValueSpecification\",\"valueRequired\":true,\"valueName\":\"search_term_string\"}}],\"inLanguage\":\"es\"},{\"@type\":\"Organization\",\"@id\":\"https:\/\/koningdrone.be\/#organization\",\"name\":\"Koningdrone.be\",\"url\":\"https:\/\/koningdrone.be\/\",\"logo\":{\"@type\":\"ImageObject\",\"inLanguage\":\"es\",\"@id\":\"https:\/\/koningdrone.be\/#\/schema\/logo\/image\/\",\"url\":\"https:\/\/koningdrone.be\/wp-content\/uploads\/sites\/13\/2025\/04\/koningdrone-copyright-logo.svg\",\"contentUrl\":\"https:\/\/koningdrone.be\/wp-content\/uploads\/sites\/13\/2025\/04\/koningdrone-copyright-logo.svg\",\"width\":227,\"height\":38,\"caption\":\"Koningdrone.be\"},\"image\":{\"@id\":\"https:\/\/koningdrone.be\/#\/schema\/logo\/image\/\"}}]}<\/script>\n<!-- \/ Yoast SEO Premium plugin. -->","yoast_head_json":{"title":"Insta360 Flow\/Flow Pro Magnetic Phone Mount - koningdrone.be","robots":{"index":"index","follow":"follow","max-snippet":"max-snippet:-1","max-image-preview":"max-image-preview:large","max-video-preview":"max-video-preview:-1"},"canonical":"https:\/\/koningdrone.be\/es\/producto\/insta360-flow-flow-pro-magnetic-phone-mount\/","og_locale":"es_ES","og_type":"article","og_title":"Insta360 Flow\/Flow Pro Magnetic Phone Mount","og_description":"Klik je telefoon vast aan de Flow\/Flow Pro voor directe, vloeiende opnamen. Gebruik als alternatief voor de magnetische telefoonklem.Sterke magneten van N52-kwaliteit om je smartphone volledig te ondersteunen.De magnetische telefoonhouder ondersteunt alleen iPhone 12 of nieuwer met MagSafe of telefoonhoesjes met MagSafe.Zacht siliconen oppervlak om je telefoon te beschermen tegen krassen.","og_url":"https:\/\/koningdrone.be\/es\/producto\/insta360-flow-flow-pro-magnetic-phone-mount\/","og_site_name":"koningdrone.be","article_modified_time":"2026-04-30T09:10:18+00:00","og_image":[{"width":1280,"height":1280,"url":"https:\/\/koningdrone.be\/wp-content\/uploads\/sites\/13\/2025\/04\/2831_4c3464ef-cf2c-4715-8009-bd12a592386f.webp","type":"image\/webp"}],"twitter_card":"summary_large_image","schema":{"@context":"https:\/\/schema.org","@graph":[{"@type":"WebPage","@id":"https:\/\/koningdrone.be\/product\/insta360-flow-flow-pro-magnetic-phone-mount\/","url":"https:\/\/koningdrone.be\/product\/insta360-flow-flow-pro-magnetic-phone-mount\/","name":"Insta360 Flow\/Flow Pro Magnetic Phone Mount - koningdrone.be","isPartOf":{"@id":"https:\/\/koningdrone.be\/#website"},"primaryImageOfPage":{"@id":"https:\/\/koningdrone.be\/product\/insta360-flow-flow-pro-magnetic-phone-mount\/#primaryimage"},"image":{"@id":"https:\/\/koningdrone.be\/product\/insta360-flow-flow-pro-magnetic-phone-mount\/#primaryimage"},"thumbnailUrl":"https:\/\/koningdrone.be\/wp-content\/uploads\/sites\/13\/2025\/04\/2831_4c3464ef-cf2c-4715-8009-bd12a592386f.webp","datePublished":"2024-09-05T09:59:05+00:00","dateModified":"2026-04-30T09:10:18+00:00","breadcrumb":{"@id":"https:\/\/koningdrone.be\/product\/insta360-flow-flow-pro-magnetic-phone-mount\/#breadcrumb"},"inLanguage":"es","potentialAction":[{"@type":"ReadAction","target":["https:\/\/koningdrone.be\/product\/insta360-flow-flow-pro-magnetic-phone-mount\/"]}]},{"@type":"ImageObject","inLanguage":"es","@id":"https:\/\/koningdrone.be\/product\/insta360-flow-flow-pro-magnetic-phone-mount\/#primaryimage","url":"https:\/\/koningdrone.be\/wp-content\/uploads\/sites\/13\/2025\/04\/2831_4c3464ef-cf2c-4715-8009-bd12a592386f.webp","contentUrl":"https:\/\/koningdrone.be\/wp-content\/uploads\/sites\/13\/2025\/04\/2831_4c3464ef-cf2c-4715-8009-bd12a592386f.webp","width":1280,"height":1280},{"@type":"BreadcrumbList","@id":"https:\/\/koningdrone.be\/product\/insta360-flow-flow-pro-magnetic-phone-mount\/#breadcrumb","itemListElement":[{"@type":"ListItem","position":1,"name":"Home","item":"https:\/\/koningdrone.be\/"},{"@type":"ListItem","position":2,"name":"AVSS Parachute Recovery System for DJI Matrice 300\/350","item":"https:\/\/koningdrone.be\/product\/avss-parachute-recovery-system-for-dji-matrice-300-350\/"},{"@type":"ListItem","position":3,"name":"Alle producten","item":"https:\/\/koningdrone.be\/categorie\/alle-producten\/"},{"@type":"ListItem","position":4,"name":"Insta360 Flow\/Flow Pro Magnetic Phone Mount"}]},{"@type":"WebSite","@id":"https:\/\/koningdrone.be\/#website","url":"https:\/\/koningdrone.be\/","name":"Koningdrone.be - Su especialista en l\u00ednea en drones, cardanes, c\u00e1maras y centrales el\u00e9ctricas.","description":"La tienda virtual de drones y cardanes","publisher":{"@id":"https:\/\/koningdrone.be\/#organization"},"potentialAction":[{"@type":"SearchAction","target":{"@type":"EntryPoint","urlTemplate":"https:\/\/koningdrone.be\/?s={search_term_string}"},"query-input":{"@type":"PropertyValueSpecification","valueRequired":true,"valueName":"search_term_string"}}],"inLanguage":"es"},{"@type":"Organization","@id":"https:\/\/koningdrone.be\/#organization","name":"Kingdrone.es","url":"https:\/\/koningdrone.be\/","logo":{"@type":"ImageObject","inLanguage":"es","@id":"https:\/\/koningdrone.be\/#\/schema\/logo\/image\/","url":"https:\/\/koningdrone.be\/wp-content\/uploads\/sites\/13\/2025\/04\/koningdrone-copyright-logo.svg","contentUrl":"https:\/\/koningdrone.be\/wp-content\/uploads\/sites\/13\/2025\/04\/koningdrone-copyright-logo.svg","width":227,"height":38,"caption":"Koningdrone.be"},"image":{"@id":"https:\/\/koningdrone.be\/#\/schema\/logo\/image\/"}}]}},"df_price":"","df_sale_price":"","df_regular_price":"","df_image_link":"https:\/\/koningdrone.be\/wp-content\/uploads\/sites\/13\/2025\/04\/2831_4c3464ef-cf2c-4715-8009-bd12a592386f-300x300.webp","_links":{"self":[{"href":"https:\/\/koningdrone.be\/es\/wp-json\/wp\/v2\/product\/2761","targetHints":{"allow":["GET"]}}],"collection":[{"href":"https:\/\/koningdrone.be\/es\/wp-json\/wp\/v2\/product"}],"about":[{"href":"https:\/\/koningdrone.be\/es\/wp-json\/wp\/v2\/types\/product"}],"wp:featuredmedia":[{"embeddable":true,"href":"https:\/\/koningdrone.be\/es\/wp-json\/wp\/v2\/media\/2352"}],"wp:attachment":[{"href":"https:\/\/koningdrone.be\/es\/wp-json\/wp\/v2\/media?parent=2761"}],"wp:term":[{"taxonomy":"product_brand","embeddable":true,"href":"https:\/\/koningdrone.be\/es\/wp-json\/wp\/v2\/product_brand?post=2761"},{"taxonomy":"product_cat","embeddable":true,"href":"https:\/\/koningdrone.be\/es\/wp-json\/wp\/v2\/product_cat?post=2761"},{"taxonomy":"product_tag","embeddable":true,"href":"https:\/\/koningdrone.be\/es\/wp-json\/wp\/v2\/product_tag?post=2761"}],"curies":[{"name":"wp","href":"https:\/\/api.w.org\/{rel}","templated":true}]}}