{"id":2729,"date":"2024-09-18T10:09:21","date_gmt":"2024-09-18T08:09:21","guid":{"rendered":"https:\/\/koningdrone.nl\/kon\/product\/jackery-battery-pack-1000-plus\/"},"modified":"2026-04-29T14:50:23","modified_gmt":"2026-04-29T12:50:23","slug":"jackery-battery-pack-1000-plus","status":"publish","type":"product","link":"https:\/\/koningdrone.be\/es\/producto\/jackery-battery-pack-1000-plus\/","title":{"rendered":"BATER\u00cdA JACKERY 1000 PLUS"},"content":{"rendered":"<p>El Jackery Battery Pack 1000 Plus es una bater\u00eda de expansi\u00f3n dise\u00f1ada para aumentar la capacidad de energ\u00eda del Jackery Explorer 1000 Plus. Con 1.262 Wh de capacidad, se conecta sin problemas para ampliar el consumo de energ\u00eda para las aventuras al aire libre, copia de seguridad de emergencia, o la vida fuera de la red. La bater\u00eda es compacta y ligera, por lo que es port\u00e1til y ofrece la flexibilidad de conectar varias unidades entre s\u00ed, aumentando la capacidad total del sistema a 5 kWh. Ideal para usuarios que buscan soluciones de energ\u00eda renovable.<\/p>","protected":false},"excerpt":{"rendered":"<ul>\n<li>Gran capacidad de 1264 Wh<\/li>\n<li>Bater\u00eda de litio hierro fosfato (LiFePO4) de larga duraci\u00f3n<\/li>\n<li>Vida \u00fatil: Conserva m\u00e1s de 70% de capacidad despu\u00e9s de 4000 ciclos<\/li>\n<li>Compatibilidad exclusiva con Jackery Explorer 1000 Plus<\/li>\n<li>Ampliaci\u00f3n de garant\u00eda: 3 a\u00f1os de garant\u00eda + 2 a\u00f1os de garant\u00eda ampliada<\/li>\n<\/ul>","protected":false},"featured_media":2726,"template":"","meta":{"_acf_changed":false},"product_brand":[],"product_cat":[113,454,97,415,475,476],"product_tag":[],"class_list":{"0":"post-2729","1":"product","2":"type-product","3":"status-publish","4":"has-post-thumbnail","6":"product_cat-alle-batterijen","7":"product_cat-alle-powerstations","8":"product_cat-alle-producten","9":"product_cat-energy","10":"product_cat-jackery","11":"product_cat-jackery-powerstations","12":"product_shipping_class-outofstock","13":"pa_brand-jackery","14":"pa_productfamily-extra-batterij","15":"pa_producttype-extra-batterij","17":"first","18":"outofstock","19":"taxable","20":"shipping-taxable","21":"product-type-simple"},"acf":[],"yoast_head":"<!-- This site is optimized with the Yoast SEO Premium plugin v27.2 (Yoast SEO v27.2) - https:\/\/yoast.com\/product\/yoast-seo-premium-wordpress\/ -->\n<title>JACKERY BATTERY PACK 1000 PLUS - koningdrone.be<\/title>\n<meta name=\"robots\" content=\"index, follow, max-snippet:-1, max-image-preview:large, max-video-preview:-1\" \/>\n<link rel=\"canonical\" href=\"https:\/\/koningdrone.be\/es\/producto\/jackery-battery-pack-1000-plus\/\" \/>\n<meta property=\"og:locale\" content=\"es_ES\" \/>\n<meta property=\"og:type\" content=\"article\" \/>\n<meta property=\"og:title\" content=\"JACKERY BATTERY PACK 1000 PLUS\" \/>\n<meta property=\"og:description\" content=\"Grote capaciteit van 1264Wh  Duurzame lithium-ijzerfosfaatbatterij (LiFePO4)  Levensduur: Behoudt meer dan 70% capaciteit na 4000 cycli  Exclusieve compatibiliteit met Jackery Explorer 1000 Plus  Garantie uitbreiding: 3 jaar garantie + 2 jaar verlengde garantie\" \/>\n<meta property=\"og:url\" content=\"https:\/\/koningdrone.be\/es\/producto\/jackery-battery-pack-1000-plus\/\" \/>\n<meta property=\"og:site_name\" content=\"koningdrone.be\" \/>\n<meta property=\"article:modified_time\" content=\"2026-04-29T12:50:23+00:00\" \/>\n<meta property=\"og:image\" content=\"https:\/\/koningdrone.be\/wp-content\/uploads\/sites\/13\/2025\/04\/1000_739115af-e706-4583-90cd-6413c434305d.jpg\" \/>\n\t<meta property=\"og:image:width\" content=\"1080\" \/>\n\t<meta property=\"og:image:height\" content=\"1080\" \/>\n\t<meta property=\"og:image:type\" content=\"image\/jpeg\" \/>\n<meta name=\"twitter:card\" content=\"summary_large_image\" \/>\n<script type=\"application\/ld+json\" class=\"yoast-schema-graph\">{\"@context\":\"https:\/\/schema.org\",\"@graph\":[{\"@type\":\"WebPage\",\"@id\":\"https:\/\/koningdrone.be\/product\/jackery-battery-pack-1000-plus\/\",\"url\":\"https:\/\/koningdrone.be\/product\/jackery-battery-pack-1000-plus\/\",\"name\":\"JACKERY BATTERY PACK 1000 PLUS - koningdrone.be\",\"isPartOf\":{\"@id\":\"https:\/\/koningdrone.be\/#website\"},\"primaryImageOfPage\":{\"@id\":\"https:\/\/koningdrone.be\/product\/jackery-battery-pack-1000-plus\/#primaryimage\"},\"image\":{\"@id\":\"https:\/\/koningdrone.be\/product\/jackery-battery-pack-1000-plus\/#primaryimage\"},\"thumbnailUrl\":\"https:\/\/koningdrone.be\/wp-content\/uploads\/sites\/13\/2025\/04\/1000_739115af-e706-4583-90cd-6413c434305d.jpg\",\"datePublished\":\"2024-09-18T08:09:21+00:00\",\"dateModified\":\"2026-04-29T12:50:23+00:00\",\"breadcrumb\":{\"@id\":\"https:\/\/koningdrone.be\/product\/jackery-battery-pack-1000-plus\/#breadcrumb\"},\"inLanguage\":\"es\",\"potentialAction\":[{\"@type\":\"ReadAction\",\"target\":[\"https:\/\/koningdrone.be\/product\/jackery-battery-pack-1000-plus\/\"]}]},{\"@type\":\"ImageObject\",\"inLanguage\":\"es\",\"@id\":\"https:\/\/koningdrone.be\/product\/jackery-battery-pack-1000-plus\/#primaryimage\",\"url\":\"https:\/\/koningdrone.be\/wp-content\/uploads\/sites\/13\/2025\/04\/1000_739115af-e706-4583-90cd-6413c434305d.jpg\",\"contentUrl\":\"https:\/\/koningdrone.be\/wp-content\/uploads\/sites\/13\/2025\/04\/1000_739115af-e706-4583-90cd-6413c434305d.jpg\",\"width\":1080,\"height\":1080},{\"@type\":\"BreadcrumbList\",\"@id\":\"https:\/\/koningdrone.be\/product\/jackery-battery-pack-1000-plus\/#breadcrumb\",\"itemListElement\":[{\"@type\":\"ListItem\",\"position\":1,\"name\":\"Home\",\"item\":\"https:\/\/koningdrone.be\/\"},{\"@type\":\"ListItem\",\"position\":2,\"name\":\"AVSS Parachute Recovery System for DJI Matrice 300\/350\",\"item\":\"https:\/\/koningdrone.be\/product\/avss-parachute-recovery-system-for-dji-matrice-300-350\/\"},{\"@type\":\"ListItem\",\"position\":3,\"name\":\"Alle batterijen\",\"item\":\"https:\/\/koningdrone.be\/categorie\/alle-batterijen\/\"},{\"@type\":\"ListItem\",\"position\":4,\"name\":\"JACKERY BATTERY PACK 1000 PLUS\"}]},{\"@type\":\"WebSite\",\"@id\":\"https:\/\/koningdrone.be\/#website\",\"url\":\"https:\/\/koningdrone.be\/\",\"name\":\"Koningdrone.be - Uw online specialist in drones, gimbals, camera's en power stations.\",\"description\":\"De webshop in drones en gimbals\",\"publisher\":{\"@id\":\"https:\/\/koningdrone.be\/#organization\"},\"potentialAction\":[{\"@type\":\"SearchAction\",\"target\":{\"@type\":\"EntryPoint\",\"urlTemplate\":\"https:\/\/koningdrone.be\/?s={search_term_string}\"},\"query-input\":{\"@type\":\"PropertyValueSpecification\",\"valueRequired\":true,\"valueName\":\"search_term_string\"}}],\"inLanguage\":\"es\"},{\"@type\":\"Organization\",\"@id\":\"https:\/\/koningdrone.be\/#organization\",\"name\":\"Koningdrone.be\",\"url\":\"https:\/\/koningdrone.be\/\",\"logo\":{\"@type\":\"ImageObject\",\"inLanguage\":\"es\",\"@id\":\"https:\/\/koningdrone.be\/#\/schema\/logo\/image\/\",\"url\":\"https:\/\/koningdrone.be\/wp-content\/uploads\/sites\/13\/2025\/04\/koningdrone-copyright-logo.svg\",\"contentUrl\":\"https:\/\/koningdrone.be\/wp-content\/uploads\/sites\/13\/2025\/04\/koningdrone-copyright-logo.svg\",\"width\":227,\"height\":38,\"caption\":\"Koningdrone.be\"},\"image\":{\"@id\":\"https:\/\/koningdrone.be\/#\/schema\/logo\/image\/\"}}]}<\/script>\n<!-- \/ Yoast SEO Premium plugin. -->","yoast_head_json":{"title":"JACKERY BATTERY PACK 1000 PLUS - koningdrone.be","robots":{"index":"index","follow":"follow","max-snippet":"max-snippet:-1","max-image-preview":"max-image-preview:large","max-video-preview":"max-video-preview:-1"},"canonical":"https:\/\/koningdrone.be\/es\/producto\/jackery-battery-pack-1000-plus\/","og_locale":"es_ES","og_type":"article","og_title":"JACKERY BATTERY PACK 1000 PLUS","og_description":"Grote capaciteit van 1264Wh  Duurzame lithium-ijzerfosfaatbatterij (LiFePO4)  Levensduur: Behoudt meer dan 70% capaciteit na 4000 cycli  Exclusieve compatibiliteit met Jackery Explorer 1000 Plus  Garantie uitbreiding: 3 jaar garantie + 2 jaar verlengde garantie","og_url":"https:\/\/koningdrone.be\/es\/producto\/jackery-battery-pack-1000-plus\/","og_site_name":"koningdrone.be","article_modified_time":"2026-04-29T12:50:23+00:00","og_image":[{"width":1080,"height":1080,"url":"https:\/\/koningdrone.be\/wp-content\/uploads\/sites\/13\/2025\/04\/1000_739115af-e706-4583-90cd-6413c434305d.jpg","type":"image\/jpeg"}],"twitter_card":"summary_large_image","schema":{"@context":"https:\/\/schema.org","@graph":[{"@type":"WebPage","@id":"https:\/\/koningdrone.be\/product\/jackery-battery-pack-1000-plus\/","url":"https:\/\/koningdrone.be\/product\/jackery-battery-pack-1000-plus\/","name":"JACKERY BATTERY PACK 1000 PLUS - koningdrone.be","isPartOf":{"@id":"https:\/\/koningdrone.be\/#website"},"primaryImageOfPage":{"@id":"https:\/\/koningdrone.be\/product\/jackery-battery-pack-1000-plus\/#primaryimage"},"image":{"@id":"https:\/\/koningdrone.be\/product\/jackery-battery-pack-1000-plus\/#primaryimage"},"thumbnailUrl":"https:\/\/koningdrone.be\/wp-content\/uploads\/sites\/13\/2025\/04\/1000_739115af-e706-4583-90cd-6413c434305d.jpg","datePublished":"2024-09-18T08:09:21+00:00","dateModified":"2026-04-29T12:50:23+00:00","breadcrumb":{"@id":"https:\/\/koningdrone.be\/product\/jackery-battery-pack-1000-plus\/#breadcrumb"},"inLanguage":"es","potentialAction":[{"@type":"ReadAction","target":["https:\/\/koningdrone.be\/product\/jackery-battery-pack-1000-plus\/"]}]},{"@type":"ImageObject","inLanguage":"es","@id":"https:\/\/koningdrone.be\/product\/jackery-battery-pack-1000-plus\/#primaryimage","url":"https:\/\/koningdrone.be\/wp-content\/uploads\/sites\/13\/2025\/04\/1000_739115af-e706-4583-90cd-6413c434305d.jpg","contentUrl":"https:\/\/koningdrone.be\/wp-content\/uploads\/sites\/13\/2025\/04\/1000_739115af-e706-4583-90cd-6413c434305d.jpg","width":1080,"height":1080},{"@type":"BreadcrumbList","@id":"https:\/\/koningdrone.be\/product\/jackery-battery-pack-1000-plus\/#breadcrumb","itemListElement":[{"@type":"ListItem","position":1,"name":"Home","item":"https:\/\/koningdrone.be\/"},{"@type":"ListItem","position":2,"name":"AVSS Parachute Recovery System for DJI Matrice 300\/350","item":"https:\/\/koningdrone.be\/product\/avss-parachute-recovery-system-for-dji-matrice-300-350\/"},{"@type":"ListItem","position":3,"name":"Alle batterijen","item":"https:\/\/koningdrone.be\/categorie\/alle-batterijen\/"},{"@type":"ListItem","position":4,"name":"JACKERY BATTERY PACK 1000 PLUS"}]},{"@type":"WebSite","@id":"https:\/\/koningdrone.be\/#website","url":"https:\/\/koningdrone.be\/","name":"Koningdrone.be - Su especialista en l\u00ednea en drones, cardanes, c\u00e1maras y centrales el\u00e9ctricas.","description":"La tienda virtual de drones y cardanes","publisher":{"@id":"https:\/\/koningdrone.be\/#organization"},"potentialAction":[{"@type":"SearchAction","target":{"@type":"EntryPoint","urlTemplate":"https:\/\/koningdrone.be\/?s={search_term_string}"},"query-input":{"@type":"PropertyValueSpecification","valueRequired":true,"valueName":"search_term_string"}}],"inLanguage":"es"},{"@type":"Organization","@id":"https:\/\/koningdrone.be\/#organization","name":"Kingdrone.es","url":"https:\/\/koningdrone.be\/","logo":{"@type":"ImageObject","inLanguage":"es","@id":"https:\/\/koningdrone.be\/#\/schema\/logo\/image\/","url":"https:\/\/koningdrone.be\/wp-content\/uploads\/sites\/13\/2025\/04\/koningdrone-copyright-logo.svg","contentUrl":"https:\/\/koningdrone.be\/wp-content\/uploads\/sites\/13\/2025\/04\/koningdrone-copyright-logo.svg","width":227,"height":38,"caption":"Koningdrone.be"},"image":{"@id":"https:\/\/koningdrone.be\/#\/schema\/logo\/image\/"}}]}},"df_price":"","df_sale_price":"","df_regular_price":"","df_image_link":"https:\/\/koningdrone.be\/wp-content\/uploads\/sites\/13\/2025\/04\/1000_739115af-e706-4583-90cd-6413c434305d-300x300.jpg","_links":{"self":[{"href":"https:\/\/koningdrone.be\/es\/wp-json\/wp\/v2\/product\/2729","targetHints":{"allow":["GET"]}}],"collection":[{"href":"https:\/\/koningdrone.be\/es\/wp-json\/wp\/v2\/product"}],"about":[{"href":"https:\/\/koningdrone.be\/es\/wp-json\/wp\/v2\/types\/product"}],"wp:featuredmedia":[{"embeddable":true,"href":"https:\/\/koningdrone.be\/es\/wp-json\/wp\/v2\/media\/2726"}],"wp:attachment":[{"href":"https:\/\/koningdrone.be\/es\/wp-json\/wp\/v2\/media?parent=2729"}],"wp:term":[{"taxonomy":"product_brand","embeddable":true,"href":"https:\/\/koningdrone.be\/es\/wp-json\/wp\/v2\/product_brand?post=2729"},{"taxonomy":"product_cat","embeddable":true,"href":"https:\/\/koningdrone.be\/es\/wp-json\/wp\/v2\/product_cat?post=2729"},{"taxonomy":"product_tag","embeddable":true,"href":"https:\/\/koningdrone.be\/es\/wp-json\/wp\/v2\/product_tag?post=2729"}],"curies":[{"name":"wp","href":"https:\/\/api.w.org\/{rel}","templated":true}]}}