{"id":2687,"date":"2024-09-18T10:09:21","date_gmt":"2024-09-18T08:09:21","guid":{"rendered":"https:\/\/koningdrone.nl\/kon\/product\/dji-power-car-power-outlet-to-sdc-power-cable-12v-24v\/"},"modified":"2026-04-29T03:50:40","modified_gmt":"2026-04-29T01:50:40","slug":"dji-power-car-power-outlet-to-sdc-power-cable-12v-24v","status":"publish","type":"product","link":"https:\/\/koningdrone.be\/es\/producto\/dji-power-car-power-outlet-to-sdc-power-cable-12v-24v\/","title":{"rendered":"Cable de alimentaci\u00f3n de coche a SDC DJI Power (12V\/24V)"},"content":{"rendered":"<p>Para conectar la toma de corriente del coche al puerto SDC o SDC Lite de una estaci\u00f3n de alimentaci\u00f3n DJI Power-series para cargar esta \u00faltima despu\u00e9s de arrancar el coche.<\/p>\n<p>El accesorio descrito viene en dos partes: un m\u00f3dulo XT60 a SDC y un cable de alimentaci\u00f3n de toma de corriente de coche a XT60. El m\u00f3dulo XT60 a SDC tambi\u00e9n puede actuar como un m\u00f3dulo adaptador de panel solar (MPPT), adecuado para conectar un panel solar Zignes 100W\/120W.<\/p>","protected":false},"excerpt":{"rendered":"<ul>\n<li>Conecta una toma de corriente de coche al puerto SDC o SDC Lite de las centrales el\u00e9ctricas DJI Power-series para recargar la Power 500\/1000 una vez que el veh\u00edculo se pone en marcha.<\/li>\n<\/ul>","protected":false},"featured_media":2683,"template":"","meta":{"_acf_changed":false},"product_brand":[],"product_cat":[268,97,469,327,627],"product_tag":[],"class_list":{"0":"post-2687","1":"product","2":"type-product","3":"status-publish","4":"has-post-thumbnail","6":"product_cat-alle-accessoires","7":"product_cat-alle-producten","8":"product_cat-dji-accessories","9":"product_cat-dji-energy","10":"product_cat-dji-powerstations","11":"product_shipping_class-acsystemsall","12":"pa_brand-dji","13":"pa_productfamily-car-charger","14":"pa_producttype-car-charger","15":"pa_series-power","17":"first","18":"instock","19":"taxable","20":"shipping-taxable","21":"purchasable","22":"product-type-simple"},"acf":[],"yoast_head":"<!-- This site is optimized with the Yoast SEO Premium plugin v27.2 (Yoast SEO v27.2) - https:\/\/yoast.com\/product\/yoast-seo-premium-wordpress\/ -->\n<title>DJI Power Car Power Outlet to SDC Power Cable (12V\/24V) - koningdrone.be<\/title>\n<meta name=\"robots\" content=\"index, follow, max-snippet:-1, max-image-preview:large, max-video-preview:-1\" \/>\n<link rel=\"canonical\" href=\"https:\/\/koningdrone.be\/es\/producto\/dji-power-car-power-outlet-to-sdc-power-cable-12v-24v\/\" \/>\n<meta property=\"og:locale\" content=\"es_ES\" \/>\n<meta property=\"og:type\" content=\"article\" \/>\n<meta property=\"og:title\" content=\"DJI Power Car Power Outlet to SDC Power Cable (12V\/24V)\" \/>\n<meta property=\"og:description\" content=\"Connects a car power outlet to the SDC or SDC Lite port on DJI Power-series power stations to recharge Power 500\/1000 once the vehicle starts.\" \/>\n<meta property=\"og:url\" content=\"https:\/\/koningdrone.be\/es\/producto\/dji-power-car-power-outlet-to-sdc-power-cable-12v-24v\/\" \/>\n<meta property=\"og:site_name\" content=\"koningdrone.be\" \/>\n<meta property=\"article:modified_time\" content=\"2026-04-29T01:50:40+00:00\" \/>\n<meta property=\"og:image\" content=\"https:\/\/koningdrone.be\/wp-content\/uploads\/sites\/13\/2025\/04\/8640b46869fb4ec3f9bee040c9513495@large.jpg\" \/>\n\t<meta property=\"og:image:width\" content=\"1200\" \/>\n\t<meta property=\"og:image:height\" content=\"800\" \/>\n\t<meta property=\"og:image:type\" content=\"image\/jpeg\" \/>\n<meta name=\"twitter:card\" content=\"summary_large_image\" \/>\n<script type=\"application\/ld+json\" class=\"yoast-schema-graph\">{\"@context\":\"https:\/\/schema.org\",\"@graph\":[{\"@type\":\"WebPage\",\"@id\":\"https:\/\/koningdrone.be\/product\/dji-power-car-power-outlet-to-sdc-power-cable-12v-24v\/\",\"url\":\"https:\/\/koningdrone.be\/product\/dji-power-car-power-outlet-to-sdc-power-cable-12v-24v\/\",\"name\":\"DJI Power Car Power Outlet to SDC Power Cable (12V\/24V) - koningdrone.be\",\"isPartOf\":{\"@id\":\"https:\/\/koningdrone.be\/#website\"},\"primaryImageOfPage\":{\"@id\":\"https:\/\/koningdrone.be\/product\/dji-power-car-power-outlet-to-sdc-power-cable-12v-24v\/#primaryimage\"},\"image\":{\"@id\":\"https:\/\/koningdrone.be\/product\/dji-power-car-power-outlet-to-sdc-power-cable-12v-24v\/#primaryimage\"},\"thumbnailUrl\":\"https:\/\/koningdrone.be\/wp-content\/uploads\/sites\/13\/2025\/04\/8640b46869fb4ec3f9bee040c9513495@large.jpg\",\"datePublished\":\"2024-09-18T08:09:21+00:00\",\"dateModified\":\"2026-04-29T01:50:40+00:00\",\"breadcrumb\":{\"@id\":\"https:\/\/koningdrone.be\/product\/dji-power-car-power-outlet-to-sdc-power-cable-12v-24v\/#breadcrumb\"},\"inLanguage\":\"es\",\"potentialAction\":[{\"@type\":\"ReadAction\",\"target\":[\"https:\/\/koningdrone.be\/product\/dji-power-car-power-outlet-to-sdc-power-cable-12v-24v\/\"]}]},{\"@type\":\"ImageObject\",\"inLanguage\":\"es\",\"@id\":\"https:\/\/koningdrone.be\/product\/dji-power-car-power-outlet-to-sdc-power-cable-12v-24v\/#primaryimage\",\"url\":\"https:\/\/koningdrone.be\/wp-content\/uploads\/sites\/13\/2025\/04\/8640b46869fb4ec3f9bee040c9513495@large.jpg\",\"contentUrl\":\"https:\/\/koningdrone.be\/wp-content\/uploads\/sites\/13\/2025\/04\/8640b46869fb4ec3f9bee040c9513495@large.jpg\",\"width\":1200,\"height\":800},{\"@type\":\"BreadcrumbList\",\"@id\":\"https:\/\/koningdrone.be\/product\/dji-power-car-power-outlet-to-sdc-power-cable-12v-24v\/#breadcrumb\",\"itemListElement\":[{\"@type\":\"ListItem\",\"position\":1,\"name\":\"Home\",\"item\":\"https:\/\/koningdrone.be\/\"},{\"@type\":\"ListItem\",\"position\":2,\"name\":\"AVSS Parachute Recovery System for DJI Matrice 300\/350\",\"item\":\"https:\/\/koningdrone.be\/product\/avss-parachute-recovery-system-for-dji-matrice-300-350\/\"},{\"@type\":\"ListItem\",\"position\":3,\"name\":\"Alle accessoires\",\"item\":\"https:\/\/koningdrone.be\/categorie\/alle-accessoires\/\"},{\"@type\":\"ListItem\",\"position\":4,\"name\":\"DJI Power Car Power Outlet to SDC Power Cable (12V\/24V)\"}]},{\"@type\":\"WebSite\",\"@id\":\"https:\/\/koningdrone.be\/#website\",\"url\":\"https:\/\/koningdrone.be\/\",\"name\":\"Koningdrone.be - Uw online specialist in drones, gimbals, camera's en power stations.\",\"description\":\"De webshop in drones en gimbals\",\"publisher\":{\"@id\":\"https:\/\/koningdrone.be\/#organization\"},\"potentialAction\":[{\"@type\":\"SearchAction\",\"target\":{\"@type\":\"EntryPoint\",\"urlTemplate\":\"https:\/\/koningdrone.be\/?s={search_term_string}\"},\"query-input\":{\"@type\":\"PropertyValueSpecification\",\"valueRequired\":true,\"valueName\":\"search_term_string\"}}],\"inLanguage\":\"es\"},{\"@type\":\"Organization\",\"@id\":\"https:\/\/koningdrone.be\/#organization\",\"name\":\"Koningdrone.be\",\"url\":\"https:\/\/koningdrone.be\/\",\"logo\":{\"@type\":\"ImageObject\",\"inLanguage\":\"es\",\"@id\":\"https:\/\/koningdrone.be\/#\/schema\/logo\/image\/\",\"url\":\"https:\/\/koningdrone.be\/wp-content\/uploads\/sites\/13\/2025\/04\/koningdrone-copyright-logo.svg\",\"contentUrl\":\"https:\/\/koningdrone.be\/wp-content\/uploads\/sites\/13\/2025\/04\/koningdrone-copyright-logo.svg\",\"width\":227,\"height\":38,\"caption\":\"Koningdrone.be\"},\"image\":{\"@id\":\"https:\/\/koningdrone.be\/#\/schema\/logo\/image\/\"}}]}<\/script>\n<!-- \/ Yoast SEO Premium plugin. -->","yoast_head_json":{"title":"DJI Power Car Power Outlet to SDC Power Cable (12V\/24V) - koningdrone.be","robots":{"index":"index","follow":"follow","max-snippet":"max-snippet:-1","max-image-preview":"max-image-preview:large","max-video-preview":"max-video-preview:-1"},"canonical":"https:\/\/koningdrone.be\/es\/producto\/dji-power-car-power-outlet-to-sdc-power-cable-12v-24v\/","og_locale":"es_ES","og_type":"article","og_title":"DJI Power Car Power Outlet to SDC Power Cable (12V\/24V)","og_description":"Connects a car power outlet to the SDC or SDC Lite port on DJI Power-series power stations to recharge Power 500\/1000 once the vehicle starts.","og_url":"https:\/\/koningdrone.be\/es\/producto\/dji-power-car-power-outlet-to-sdc-power-cable-12v-24v\/","og_site_name":"koningdrone.be","article_modified_time":"2026-04-29T01:50:40+00:00","og_image":[{"width":1200,"height":800,"url":"https:\/\/koningdrone.be\/wp-content\/uploads\/sites\/13\/2025\/04\/8640b46869fb4ec3f9bee040c9513495@large.jpg","type":"image\/jpeg"}],"twitter_card":"summary_large_image","schema":{"@context":"https:\/\/schema.org","@graph":[{"@type":"WebPage","@id":"https:\/\/koningdrone.be\/product\/dji-power-car-power-outlet-to-sdc-power-cable-12v-24v\/","url":"https:\/\/koningdrone.be\/product\/dji-power-car-power-outlet-to-sdc-power-cable-12v-24v\/","name":"DJI Power Car Power Outlet to SDC Power Cable (12V\/24V) - koningdrone.be","isPartOf":{"@id":"https:\/\/koningdrone.be\/#website"},"primaryImageOfPage":{"@id":"https:\/\/koningdrone.be\/product\/dji-power-car-power-outlet-to-sdc-power-cable-12v-24v\/#primaryimage"},"image":{"@id":"https:\/\/koningdrone.be\/product\/dji-power-car-power-outlet-to-sdc-power-cable-12v-24v\/#primaryimage"},"thumbnailUrl":"https:\/\/koningdrone.be\/wp-content\/uploads\/sites\/13\/2025\/04\/8640b46869fb4ec3f9bee040c9513495@large.jpg","datePublished":"2024-09-18T08:09:21+00:00","dateModified":"2026-04-29T01:50:40+00:00","breadcrumb":{"@id":"https:\/\/koningdrone.be\/product\/dji-power-car-power-outlet-to-sdc-power-cable-12v-24v\/#breadcrumb"},"inLanguage":"es","potentialAction":[{"@type":"ReadAction","target":["https:\/\/koningdrone.be\/product\/dji-power-car-power-outlet-to-sdc-power-cable-12v-24v\/"]}]},{"@type":"ImageObject","inLanguage":"es","@id":"https:\/\/koningdrone.be\/product\/dji-power-car-power-outlet-to-sdc-power-cable-12v-24v\/#primaryimage","url":"https:\/\/koningdrone.be\/wp-content\/uploads\/sites\/13\/2025\/04\/8640b46869fb4ec3f9bee040c9513495@large.jpg","contentUrl":"https:\/\/koningdrone.be\/wp-content\/uploads\/sites\/13\/2025\/04\/8640b46869fb4ec3f9bee040c9513495@large.jpg","width":1200,"height":800},{"@type":"BreadcrumbList","@id":"https:\/\/koningdrone.be\/product\/dji-power-car-power-outlet-to-sdc-power-cable-12v-24v\/#breadcrumb","itemListElement":[{"@type":"ListItem","position":1,"name":"Home","item":"https:\/\/koningdrone.be\/"},{"@type":"ListItem","position":2,"name":"AVSS Parachute Recovery System for DJI Matrice 300\/350","item":"https:\/\/koningdrone.be\/product\/avss-parachute-recovery-system-for-dji-matrice-300-350\/"},{"@type":"ListItem","position":3,"name":"Alle accessoires","item":"https:\/\/koningdrone.be\/categorie\/alle-accessoires\/"},{"@type":"ListItem","position":4,"name":"DJI Power Car Power Outlet to SDC Power Cable (12V\/24V)"}]},{"@type":"WebSite","@id":"https:\/\/koningdrone.be\/#website","url":"https:\/\/koningdrone.be\/","name":"Koningdrone.be - Su especialista en l\u00ednea en drones, cardanes, c\u00e1maras y centrales el\u00e9ctricas.","description":"La tienda virtual de drones y cardanes","publisher":{"@id":"https:\/\/koningdrone.be\/#organization"},"potentialAction":[{"@type":"SearchAction","target":{"@type":"EntryPoint","urlTemplate":"https:\/\/koningdrone.be\/?s={search_term_string}"},"query-input":{"@type":"PropertyValueSpecification","valueRequired":true,"valueName":"search_term_string"}}],"inLanguage":"es"},{"@type":"Organization","@id":"https:\/\/koningdrone.be\/#organization","name":"Kingdrone.es","url":"https:\/\/koningdrone.be\/","logo":{"@type":"ImageObject","inLanguage":"es","@id":"https:\/\/koningdrone.be\/#\/schema\/logo\/image\/","url":"https:\/\/koningdrone.be\/wp-content\/uploads\/sites\/13\/2025\/04\/koningdrone-copyright-logo.svg","contentUrl":"https:\/\/koningdrone.be\/wp-content\/uploads\/sites\/13\/2025\/04\/koningdrone-copyright-logo.svg","width":227,"height":38,"caption":"Koningdrone.be"},"image":{"@id":"https:\/\/koningdrone.be\/#\/schema\/logo\/image\/"}}]}},"df_price":51,"df_sale_price":"","df_regular_price":51,"df_image_link":"https:\/\/koningdrone.be\/wp-content\/uploads\/sites\/13\/2025\/04\/8640b46869fb4ec3f9bee040c9513495@large-300x200.jpg","_links":{"self":[{"href":"https:\/\/koningdrone.be\/es\/wp-json\/wp\/v2\/product\/2687","targetHints":{"allow":["GET"]}}],"collection":[{"href":"https:\/\/koningdrone.be\/es\/wp-json\/wp\/v2\/product"}],"about":[{"href":"https:\/\/koningdrone.be\/es\/wp-json\/wp\/v2\/types\/product"}],"wp:featuredmedia":[{"embeddable":true,"href":"https:\/\/koningdrone.be\/es\/wp-json\/wp\/v2\/media\/2683"}],"wp:attachment":[{"href":"https:\/\/koningdrone.be\/es\/wp-json\/wp\/v2\/media?parent=2687"}],"wp:term":[{"taxonomy":"product_brand","embeddable":true,"href":"https:\/\/koningdrone.be\/es\/wp-json\/wp\/v2\/product_brand?post=2687"},{"taxonomy":"product_cat","embeddable":true,"href":"https:\/\/koningdrone.be\/es\/wp-json\/wp\/v2\/product_cat?post=2687"},{"taxonomy":"product_tag","embeddable":true,"href":"https:\/\/koningdrone.be\/es\/wp-json\/wp\/v2\/product_tag?post=2687"}],"curies":[{"name":"wp","href":"https:\/\/api.w.org\/{rel}","templated":true}]}}