{"id":2676,"date":"2024-09-18T10:10:22","date_gmt":"2024-09-18T10:10:22","guid":{"rendered":"https:\/\/koningdrone.nl\/kon\/product\/anker-solix-c300dc-2\/"},"modified":"2024-09-18T10:10:22","modified_gmt":"2024-09-18T10:10:22","slug":"anker-solix-c300dc-2","status":"publish","type":"product","link":"https:\/\/koningdrone.be\/es\/producto\/anker-solix-c300dc-2\/","title":{"rendered":"ANCLA SOLIX C300DC"},"content":{"rendered":"<p>El ANKER SOLIX C300DC es un generador solar port\u00e1til potente y vers\u00e1til, ideal para uso fuera de la red y actividades al aire libre. Ofrece salida de corriente continua (CC) para una transferencia de energ\u00eda eficiente, por lo que es perfecto para cargar diversos dispositivos y electrodom\u00e9sticos. Compacto y f\u00e1cil de transportar, el C300DC proporciona una soluci\u00f3n energ\u00e9tica sostenible compatible con paneles solares, para que siempre dispongas de energ\u00eda fiable dondequiera que la necesites.<\/p>","protected":false},"excerpt":{"rendered":"<ul>\n<li>Esta bater\u00eda de 90 000 mAh (288 Wh) proporciona 300 W e incluye dos puertos de carga r\u00e1pida USB-C bidireccionales de 140 W.<\/li>\n<li>Alimente toda su tecnolog\u00eda sobre la marcha con versatilidad, sea cual sea el tipo de conexi\u00f3n.<\/li>\n<li>Acople el cintur\u00f3n (se vende por separado) con una central el\u00e9ctrica m\u00e1s peque\u00f1a 30% para una portabilidad total.<\/li>\n<li>Dale a tu viaje una carga sin fin con hasta 100 W de carga solar.<\/li>\n<li>Carga r\u00e1pida de hasta 80% en una hora con el puerto dual PD 3.1 USB-C. Tambi\u00e9n puedes usar paneles solares o tu coche.<\/li>\n<li>Duran a\u00f1os gracias a las pilas LFP. Su compra tambi\u00e9n incluye una garant\u00eda de 3 a\u00f1os.<\/li>\n<\/ul>","protected":false},"featured_media":2667,"template":"","meta":{"_acf_changed":false},"product_brand":[],"product_cat":[454,97,197,415],"product_tag":[],"class_list":{"0":"post-2676","1":"product","2":"type-product","3":"status-publish","4":"has-post-thumbnail","6":"product_cat-alle-powerstations","7":"product_cat-alle-producten","8":"product_cat-anker","9":"product_cat-energy","10":"product_shipping_class-outofstock","11":"pa_brand-anker","12":"pa_productfamily-power-station","13":"pa_producttype-power-station","15":"first","16":"outofstock","17":"taxable","18":"shipping-taxable","19":"product-type-simple"},"acf":[],"yoast_head":"<!-- This site is optimized with the Yoast SEO Premium plugin v27.2 (Yoast SEO v27.2) - https:\/\/yoast.com\/product\/yoast-seo-premium-wordpress\/ -->\n<title>ANKER SOLIX C300DC - koningdrone.be<\/title>\n<meta name=\"robots\" content=\"index, follow, max-snippet:-1, max-image-preview:large, max-video-preview:-1\" \/>\n<link rel=\"canonical\" href=\"https:\/\/koningdrone.be\/es\/producto\/anker-solix-c300dc-2\/\" \/>\n<meta property=\"og:locale\" content=\"es_ES\" \/>\n<meta property=\"og:type\" content=\"article\" \/>\n<meta property=\"og:title\" content=\"ANKER SOLIX C300DC\" \/>\n<meta property=\"og:description\" content=\"Deze 90.000mAh (288Wh) batterij levert 300W en bevat twee 140W twee-weg USB-C snellaadpoorten.  Voed al je technologie onderweg met veelzijdigheid, ongeacht het type aansluiting.  Bevestig de riem (apart verkrijgbaar) met een 30% kleiner voedingsstation voor volledige draagbaarheid.  Geef je reis eindeloos opladen met tot 100W opladen op zonne-energie.  Snel opladen tot 80% in een uur met de dubbele PD 3.1 USB-C poort. Je kunt ook zonnepanelen of je auto gebruiken.  Ga jaren mee dankzij LFP-batterijen. Op je aankoop zit ook 3 jaar garantie.\" \/>\n<meta property=\"og:url\" content=\"https:\/\/koningdrone.be\/es\/producto\/anker-solix-c300dc-2\/\" \/>\n<meta property=\"og:site_name\" content=\"koningdrone.be\" \/>\n<meta property=\"og:image\" content=\"https:\/\/koningdrone.be\/wp-content\/uploads\/sites\/13\/2025\/04\/20240604-1523121_3840x.png\" \/>\n\t<meta property=\"og:image:width\" content=\"2000\" \/>\n\t<meta property=\"og:image:height\" content=\"2000\" \/>\n\t<meta property=\"og:image:type\" content=\"image\/png\" \/>\n<meta name=\"twitter:card\" content=\"summary_large_image\" \/>\n<script type=\"application\/ld+json\" class=\"yoast-schema-graph\">{\"@context\":\"https:\/\/schema.org\",\"@graph\":[{\"@type\":\"WebPage\",\"@id\":\"https:\/\/koningdrone.be\/product\/anker-solix-c300dc-2\/\",\"url\":\"https:\/\/koningdrone.be\/product\/anker-solix-c300dc-2\/\",\"name\":\"ANKER SOLIX C300DC - koningdrone.be\",\"isPartOf\":{\"@id\":\"https:\/\/koningdrone.be\/#website\"},\"primaryImageOfPage\":{\"@id\":\"https:\/\/koningdrone.be\/product\/anker-solix-c300dc-2\/#primaryimage\"},\"image\":{\"@id\":\"https:\/\/koningdrone.be\/product\/anker-solix-c300dc-2\/#primaryimage\"},\"thumbnailUrl\":\"https:\/\/koningdrone.be\/wp-content\/uploads\/sites\/13\/2025\/04\/20240604-1523121_3840x.png\",\"datePublished\":\"2024-09-18T10:10:22+00:00\",\"breadcrumb\":{\"@id\":\"https:\/\/koningdrone.be\/product\/anker-solix-c300dc-2\/#breadcrumb\"},\"inLanguage\":\"es\",\"potentialAction\":[{\"@type\":\"ReadAction\",\"target\":[\"https:\/\/koningdrone.be\/product\/anker-solix-c300dc-2\/\"]}]},{\"@type\":\"ImageObject\",\"inLanguage\":\"es\",\"@id\":\"https:\/\/koningdrone.be\/product\/anker-solix-c300dc-2\/#primaryimage\",\"url\":\"https:\/\/koningdrone.be\/wp-content\/uploads\/sites\/13\/2025\/04\/20240604-1523121_3840x.png\",\"contentUrl\":\"https:\/\/koningdrone.be\/wp-content\/uploads\/sites\/13\/2025\/04\/20240604-1523121_3840x.png\",\"width\":2000,\"height\":2000},{\"@type\":\"BreadcrumbList\",\"@id\":\"https:\/\/koningdrone.be\/product\/anker-solix-c300dc-2\/#breadcrumb\",\"itemListElement\":[{\"@type\":\"ListItem\",\"position\":1,\"name\":\"Home\",\"item\":\"https:\/\/koningdrone.be\/\"},{\"@type\":\"ListItem\",\"position\":2,\"name\":\"AVSS Parachute Recovery System for DJI Matrice 300\/350\",\"item\":\"https:\/\/koningdrone.be\/product\/avss-parachute-recovery-system-for-dji-matrice-300-350\/\"},{\"@type\":\"ListItem\",\"position\":3,\"name\":\"Alle powerstations\",\"item\":\"https:\/\/koningdrone.be\/categorie\/alle-powerstations\/\"},{\"@type\":\"ListItem\",\"position\":4,\"name\":\"ANKER SOLIX C300DC\"}]},{\"@type\":\"WebSite\",\"@id\":\"https:\/\/koningdrone.be\/#website\",\"url\":\"https:\/\/koningdrone.be\/\",\"name\":\"Koningdrone.be - Uw online specialist in drones, gimbals, camera's en power stations.\",\"description\":\"De webshop in drones en gimbals\",\"publisher\":{\"@id\":\"https:\/\/koningdrone.be\/#organization\"},\"potentialAction\":[{\"@type\":\"SearchAction\",\"target\":{\"@type\":\"EntryPoint\",\"urlTemplate\":\"https:\/\/koningdrone.be\/?s={search_term_string}\"},\"query-input\":{\"@type\":\"PropertyValueSpecification\",\"valueRequired\":true,\"valueName\":\"search_term_string\"}}],\"inLanguage\":\"es\"},{\"@type\":\"Organization\",\"@id\":\"https:\/\/koningdrone.be\/#organization\",\"name\":\"Koningdrone.be\",\"url\":\"https:\/\/koningdrone.be\/\",\"logo\":{\"@type\":\"ImageObject\",\"inLanguage\":\"es\",\"@id\":\"https:\/\/koningdrone.be\/#\/schema\/logo\/image\/\",\"url\":\"https:\/\/koningdrone.be\/wp-content\/uploads\/sites\/13\/2025\/04\/koningdrone-copyright-logo.svg\",\"contentUrl\":\"https:\/\/koningdrone.be\/wp-content\/uploads\/sites\/13\/2025\/04\/koningdrone-copyright-logo.svg\",\"width\":227,\"height\":38,\"caption\":\"Koningdrone.be\"},\"image\":{\"@id\":\"https:\/\/koningdrone.be\/#\/schema\/logo\/image\/\"}}]}<\/script>\n<!-- \/ Yoast SEO Premium plugin. -->","yoast_head_json":{"title":"ANKER SOLIX C300DC - koningdrone.be","robots":{"index":"index","follow":"follow","max-snippet":"max-snippet:-1","max-image-preview":"max-image-preview:large","max-video-preview":"max-video-preview:-1"},"canonical":"https:\/\/koningdrone.be\/es\/producto\/anker-solix-c300dc-2\/","og_locale":"es_ES","og_type":"article","og_title":"ANKER SOLIX C300DC","og_description":"Deze 90.000mAh (288Wh) batterij levert 300W en bevat twee 140W twee-weg USB-C snellaadpoorten.  Voed al je technologie onderweg met veelzijdigheid, ongeacht het type aansluiting.  Bevestig de riem (apart verkrijgbaar) met een 30% kleiner voedingsstation voor volledige draagbaarheid.  Geef je reis eindeloos opladen met tot 100W opladen op zonne-energie.  Snel opladen tot 80% in een uur met de dubbele PD 3.1 USB-C poort. Je kunt ook zonnepanelen of je auto gebruiken.  Ga jaren mee dankzij LFP-batterijen. Op je aankoop zit ook 3 jaar garantie.","og_url":"https:\/\/koningdrone.be\/es\/producto\/anker-solix-c300dc-2\/","og_site_name":"koningdrone.be","og_image":[{"width":2000,"height":2000,"url":"https:\/\/koningdrone.be\/wp-content\/uploads\/sites\/13\/2025\/04\/20240604-1523121_3840x.png","type":"image\/png"}],"twitter_card":"summary_large_image","schema":{"@context":"https:\/\/schema.org","@graph":[{"@type":"WebPage","@id":"https:\/\/koningdrone.be\/product\/anker-solix-c300dc-2\/","url":"https:\/\/koningdrone.be\/product\/anker-solix-c300dc-2\/","name":"ANKER SOLIX C300DC - koningdrone.be","isPartOf":{"@id":"https:\/\/koningdrone.be\/#website"},"primaryImageOfPage":{"@id":"https:\/\/koningdrone.be\/product\/anker-solix-c300dc-2\/#primaryimage"},"image":{"@id":"https:\/\/koningdrone.be\/product\/anker-solix-c300dc-2\/#primaryimage"},"thumbnailUrl":"https:\/\/koningdrone.be\/wp-content\/uploads\/sites\/13\/2025\/04\/20240604-1523121_3840x.png","datePublished":"2024-09-18T10:10:22+00:00","breadcrumb":{"@id":"https:\/\/koningdrone.be\/product\/anker-solix-c300dc-2\/#breadcrumb"},"inLanguage":"es","potentialAction":[{"@type":"ReadAction","target":["https:\/\/koningdrone.be\/product\/anker-solix-c300dc-2\/"]}]},{"@type":"ImageObject","inLanguage":"es","@id":"https:\/\/koningdrone.be\/product\/anker-solix-c300dc-2\/#primaryimage","url":"https:\/\/koningdrone.be\/wp-content\/uploads\/sites\/13\/2025\/04\/20240604-1523121_3840x.png","contentUrl":"https:\/\/koningdrone.be\/wp-content\/uploads\/sites\/13\/2025\/04\/20240604-1523121_3840x.png","width":2000,"height":2000},{"@type":"BreadcrumbList","@id":"https:\/\/koningdrone.be\/product\/anker-solix-c300dc-2\/#breadcrumb","itemListElement":[{"@type":"ListItem","position":1,"name":"Home","item":"https:\/\/koningdrone.be\/"},{"@type":"ListItem","position":2,"name":"AVSS Parachute Recovery System for DJI Matrice 300\/350","item":"https:\/\/koningdrone.be\/product\/avss-parachute-recovery-system-for-dji-matrice-300-350\/"},{"@type":"ListItem","position":3,"name":"Alle powerstations","item":"https:\/\/koningdrone.be\/categorie\/alle-powerstations\/"},{"@type":"ListItem","position":4,"name":"ANKER SOLIX C300DC"}]},{"@type":"WebSite","@id":"https:\/\/koningdrone.be\/#website","url":"https:\/\/koningdrone.be\/","name":"Koningdrone.be - Su especialista en l\u00ednea en drones, cardanes, c\u00e1maras y centrales el\u00e9ctricas.","description":"La tienda virtual de drones y cardanes","publisher":{"@id":"https:\/\/koningdrone.be\/#organization"},"potentialAction":[{"@type":"SearchAction","target":{"@type":"EntryPoint","urlTemplate":"https:\/\/koningdrone.be\/?s={search_term_string}"},"query-input":{"@type":"PropertyValueSpecification","valueRequired":true,"valueName":"search_term_string"}}],"inLanguage":"es"},{"@type":"Organization","@id":"https:\/\/koningdrone.be\/#organization","name":"Kingdrone.es","url":"https:\/\/koningdrone.be\/","logo":{"@type":"ImageObject","inLanguage":"es","@id":"https:\/\/koningdrone.be\/#\/schema\/logo\/image\/","url":"https:\/\/koningdrone.be\/wp-content\/uploads\/sites\/13\/2025\/04\/koningdrone-copyright-logo.svg","contentUrl":"https:\/\/koningdrone.be\/wp-content\/uploads\/sites\/13\/2025\/04\/koningdrone-copyright-logo.svg","width":227,"height":38,"caption":"Koningdrone.be"},"image":{"@id":"https:\/\/koningdrone.be\/#\/schema\/logo\/image\/"}}]}},"df_price":"","df_sale_price":"","df_regular_price":"","df_image_link":"https:\/\/koningdrone.be\/wp-content\/uploads\/sites\/13\/2025\/04\/20240604-1523121_3840x-300x300.png","_links":{"self":[{"href":"https:\/\/koningdrone.be\/es\/wp-json\/wp\/v2\/product\/2676","targetHints":{"allow":["GET"]}}],"collection":[{"href":"https:\/\/koningdrone.be\/es\/wp-json\/wp\/v2\/product"}],"about":[{"href":"https:\/\/koningdrone.be\/es\/wp-json\/wp\/v2\/types\/product"}],"wp:featuredmedia":[{"embeddable":true,"href":"https:\/\/koningdrone.be\/es\/wp-json\/wp\/v2\/media\/2667"}],"wp:attachment":[{"href":"https:\/\/koningdrone.be\/es\/wp-json\/wp\/v2\/media?parent=2676"}],"wp:term":[{"taxonomy":"product_brand","embeddable":true,"href":"https:\/\/koningdrone.be\/es\/wp-json\/wp\/v2\/product_brand?post=2676"},{"taxonomy":"product_cat","embeddable":true,"href":"https:\/\/koningdrone.be\/es\/wp-json\/wp\/v2\/product_cat?post=2676"},{"taxonomy":"product_tag","embeddable":true,"href":"https:\/\/koningdrone.be\/es\/wp-json\/wp\/v2\/product_tag?post=2676"}],"curies":[{"name":"wp","href":"https:\/\/api.w.org\/{rel}","templated":true}]}}