{"id":2666,"date":"2024-09-18T10:10:22","date_gmt":"2024-09-18T08:10:22","guid":{"rendered":"https:\/\/koningdrone.nl\/kon\/product\/polarpro-quartzline-nd16-pl-46-mm\/"},"modified":"2026-05-01T13:40:19","modified_gmt":"2026-05-01T11:40:19","slug":"polarpro-quartzline-nd16-pl-46-mm","status":"publish","type":"product","link":"https:\/\/koningdrone.be\/es\/producto\/polarpro-quartzline-nd16-pl-46-mm\/","title":{"rendered":"Polarpro Quartzline ND16\/PL 46 mm"},"content":{"rendered":"<p>El filtro PolarPro ND16 QuartzLine de 46 mm de densidad neutra s\u00f3lida 1,2 y polarizador circular es un filtro que combina un efecto de densidad neutra s\u00f3lida con un efecto de polarizador circular. Cuando se utiliza, el factor de filtro 16x de este filtro proporciona una reducci\u00f3n de la exposici\u00f3n de 4 pasos. La densidad de 1,2 oscurece toda la imagen, lo que permite disparar con un diafragma mayor o una velocidad de obturaci\u00f3n m\u00e1s lenta de lo necesario normalmente. Ampliar el tiempo de exposici\u00f3n o aumentar la apertura facilita la transmisi\u00f3n de la profundidad de campo y el movimiento.<\/p>","protected":false},"excerpt":{"rendered":"<ul>\n<li>Factor de filtro 16x, +4 paradas<\/li>\n<li>Oscurece toda la imagen<\/li>\n<li>Velocidades de obturaci\u00f3n m\u00e1s cortas, aperturas m\u00e1s grandes<\/li>\n<li>M\u00e1s control sobre los ajustes de exposici\u00f3n<\/li>\n<li>Ayuda a eliminar reflejos y deslumbramientos<\/li>\n<li>Reduce la neblina en los paisajes<\/li>\n<li>Mayor saturaci\u00f3n crom\u00e1tica y tonal<\/li>\n<li>Estructura de cristal de cuarzo con revestimiento m\u00faltiple<\/li>\n<li>Resistente al agua, al aceite y a los ara\u00f1azos<\/li>\n<li>Anillo de filtro de lat\u00f3n, lados dentados<\/li>\n<\/ul>","protected":false},"featured_media":2665,"template":"","meta":{"_acf_changed":false},"product_brand":[],"product_cat":[97,447],"product_tag":[],"class_list":{"0":"post-2666","1":"product","2":"type-product","3":"status-publish","4":"has-post-thumbnail","6":"product_cat-alle-producten","7":"product_cat-polarpro","8":"product_shipping_class-outofstock","9":"pa_brand-polarpro","10":"pa_productfamily-filter","11":"pa_producttype-filter","13":"first","14":"outofstock","15":"taxable","16":"shipping-taxable","17":"product-type-simple"},"acf":[],"yoast_head":"<!-- This site is optimized with the Yoast SEO Premium plugin v27.2 (Yoast SEO v27.2) - https:\/\/yoast.com\/product\/yoast-seo-premium-wordpress\/ -->\n<title>Polarpro Quartzline ND16\/PL 46 mm - koningdrone.be<\/title>\n<meta name=\"robots\" content=\"index, follow, max-snippet:-1, max-image-preview:large, max-video-preview:-1\" \/>\n<link rel=\"canonical\" href=\"https:\/\/koningdrone.be\/es\/producto\/polarpro-quartzline-nd16-pl-46-mm\/\" \/>\n<meta property=\"og:locale\" content=\"es_ES\" \/>\n<meta property=\"og:type\" content=\"article\" \/>\n<meta property=\"og:title\" content=\"Polarpro Quartzline ND16\/PL 46 mm\" \/>\n<meta property=\"og:description\" content=\"16x filterfactor, +4 stopsMaakt hele beeld donkerderKortere sluitertijden, grotere diafragma&#039;sMeer controle over belichtingsinstellingenHelpt reflecties en schittering te eliminerenVermindert nevel in landschappenGrotere kleur- en tonale verzadigingConstructie van kwartsglas met meerdere coatingsBestand tegen water, olie en krassenMessing filterring, gekartelde zijkanten\" \/>\n<meta property=\"og:url\" content=\"https:\/\/koningdrone.be\/es\/producto\/polarpro-quartzline-nd16-pl-46-mm\/\" \/>\n<meta property=\"og:site_name\" content=\"koningdrone.be\" \/>\n<meta property=\"article:modified_time\" content=\"2026-05-01T11:40:19+00:00\" \/>\n<meta property=\"og:image\" content=\"https:\/\/koningdrone.be\/wp-content\/uploads\/sites\/13\/2025\/04\/1599748529_1418283.jpg\" \/>\n\t<meta property=\"og:image:width\" content=\"500\" \/>\n\t<meta property=\"og:image:height\" content=\"500\" \/>\n\t<meta property=\"og:image:type\" content=\"image\/jpeg\" \/>\n<meta name=\"twitter:card\" content=\"summary_large_image\" \/>\n<script type=\"application\/ld+json\" class=\"yoast-schema-graph\">{\"@context\":\"https:\/\/schema.org\",\"@graph\":[{\"@type\":\"WebPage\",\"@id\":\"https:\/\/koningdrone.be\/product\/polarpro-quartzline-nd16-pl-46-mm\/\",\"url\":\"https:\/\/koningdrone.be\/product\/polarpro-quartzline-nd16-pl-46-mm\/\",\"name\":\"Polarpro Quartzline ND16\/PL 46 mm - koningdrone.be\",\"isPartOf\":{\"@id\":\"https:\/\/koningdrone.be\/#website\"},\"primaryImageOfPage\":{\"@id\":\"https:\/\/koningdrone.be\/product\/polarpro-quartzline-nd16-pl-46-mm\/#primaryimage\"},\"image\":{\"@id\":\"https:\/\/koningdrone.be\/product\/polarpro-quartzline-nd16-pl-46-mm\/#primaryimage\"},\"thumbnailUrl\":\"https:\/\/koningdrone.be\/wp-content\/uploads\/sites\/13\/2025\/04\/1599748529_1418283.jpg\",\"datePublished\":\"2024-09-18T08:10:22+00:00\",\"dateModified\":\"2026-05-01T11:40:19+00:00\",\"breadcrumb\":{\"@id\":\"https:\/\/koningdrone.be\/product\/polarpro-quartzline-nd16-pl-46-mm\/#breadcrumb\"},\"inLanguage\":\"es\",\"potentialAction\":[{\"@type\":\"ReadAction\",\"target\":[\"https:\/\/koningdrone.be\/product\/polarpro-quartzline-nd16-pl-46-mm\/\"]}]},{\"@type\":\"ImageObject\",\"inLanguage\":\"es\",\"@id\":\"https:\/\/koningdrone.be\/product\/polarpro-quartzline-nd16-pl-46-mm\/#primaryimage\",\"url\":\"https:\/\/koningdrone.be\/wp-content\/uploads\/sites\/13\/2025\/04\/1599748529_1418283.jpg\",\"contentUrl\":\"https:\/\/koningdrone.be\/wp-content\/uploads\/sites\/13\/2025\/04\/1599748529_1418283.jpg\",\"width\":500,\"height\":500},{\"@type\":\"BreadcrumbList\",\"@id\":\"https:\/\/koningdrone.be\/product\/polarpro-quartzline-nd16-pl-46-mm\/#breadcrumb\",\"itemListElement\":[{\"@type\":\"ListItem\",\"position\":1,\"name\":\"Home\",\"item\":\"https:\/\/koningdrone.be\/\"},{\"@type\":\"ListItem\",\"position\":2,\"name\":\"AVSS Parachute Recovery System for DJI Matrice 300\/350\",\"item\":\"https:\/\/koningdrone.be\/product\/avss-parachute-recovery-system-for-dji-matrice-300-350\/\"},{\"@type\":\"ListItem\",\"position\":3,\"name\":\"Alle producten\",\"item\":\"https:\/\/koningdrone.be\/categorie\/alle-producten\/\"},{\"@type\":\"ListItem\",\"position\":4,\"name\":\"Polarpro Quartzline ND16\/PL 46 mm\"}]},{\"@type\":\"WebSite\",\"@id\":\"https:\/\/koningdrone.be\/#website\",\"url\":\"https:\/\/koningdrone.be\/\",\"name\":\"Koningdrone.be - Uw online specialist in drones, gimbals, camera's en power stations.\",\"description\":\"De webshop in drones en gimbals\",\"publisher\":{\"@id\":\"https:\/\/koningdrone.be\/#organization\"},\"potentialAction\":[{\"@type\":\"SearchAction\",\"target\":{\"@type\":\"EntryPoint\",\"urlTemplate\":\"https:\/\/koningdrone.be\/?s={search_term_string}\"},\"query-input\":{\"@type\":\"PropertyValueSpecification\",\"valueRequired\":true,\"valueName\":\"search_term_string\"}}],\"inLanguage\":\"es\"},{\"@type\":\"Organization\",\"@id\":\"https:\/\/koningdrone.be\/#organization\",\"name\":\"Koningdrone.be\",\"url\":\"https:\/\/koningdrone.be\/\",\"logo\":{\"@type\":\"ImageObject\",\"inLanguage\":\"es\",\"@id\":\"https:\/\/koningdrone.be\/#\/schema\/logo\/image\/\",\"url\":\"https:\/\/koningdrone.be\/wp-content\/uploads\/sites\/13\/2025\/04\/koningdrone-copyright-logo.svg\",\"contentUrl\":\"https:\/\/koningdrone.be\/wp-content\/uploads\/sites\/13\/2025\/04\/koningdrone-copyright-logo.svg\",\"width\":227,\"height\":38,\"caption\":\"Koningdrone.be\"},\"image\":{\"@id\":\"https:\/\/koningdrone.be\/#\/schema\/logo\/image\/\"}}]}<\/script>\n<!-- \/ Yoast SEO Premium plugin. -->","yoast_head_json":{"title":"Polarpro Quartzline ND16\/PL 46 mm - koningdrone.be","robots":{"index":"index","follow":"follow","max-snippet":"max-snippet:-1","max-image-preview":"max-image-preview:large","max-video-preview":"max-video-preview:-1"},"canonical":"https:\/\/koningdrone.be\/es\/producto\/polarpro-quartzline-nd16-pl-46-mm\/","og_locale":"es_ES","og_type":"article","og_title":"Polarpro Quartzline ND16\/PL 46 mm","og_description":"16x filterfactor, +4 stopsMaakt hele beeld donkerderKortere sluitertijden, grotere diafragma'sMeer controle over belichtingsinstellingenHelpt reflecties en schittering te eliminerenVermindert nevel in landschappenGrotere kleur- en tonale verzadigingConstructie van kwartsglas met meerdere coatingsBestand tegen water, olie en krassenMessing filterring, gekartelde zijkanten","og_url":"https:\/\/koningdrone.be\/es\/producto\/polarpro-quartzline-nd16-pl-46-mm\/","og_site_name":"koningdrone.be","article_modified_time":"2026-05-01T11:40:19+00:00","og_image":[{"width":500,"height":500,"url":"https:\/\/koningdrone.be\/wp-content\/uploads\/sites\/13\/2025\/04\/1599748529_1418283.jpg","type":"image\/jpeg"}],"twitter_card":"summary_large_image","schema":{"@context":"https:\/\/schema.org","@graph":[{"@type":"WebPage","@id":"https:\/\/koningdrone.be\/product\/polarpro-quartzline-nd16-pl-46-mm\/","url":"https:\/\/koningdrone.be\/product\/polarpro-quartzline-nd16-pl-46-mm\/","name":"Polarpro Quartzline ND16\/PL 46 mm - koningdrone.be","isPartOf":{"@id":"https:\/\/koningdrone.be\/#website"},"primaryImageOfPage":{"@id":"https:\/\/koningdrone.be\/product\/polarpro-quartzline-nd16-pl-46-mm\/#primaryimage"},"image":{"@id":"https:\/\/koningdrone.be\/product\/polarpro-quartzline-nd16-pl-46-mm\/#primaryimage"},"thumbnailUrl":"https:\/\/koningdrone.be\/wp-content\/uploads\/sites\/13\/2025\/04\/1599748529_1418283.jpg","datePublished":"2024-09-18T08:10:22+00:00","dateModified":"2026-05-01T11:40:19+00:00","breadcrumb":{"@id":"https:\/\/koningdrone.be\/product\/polarpro-quartzline-nd16-pl-46-mm\/#breadcrumb"},"inLanguage":"es","potentialAction":[{"@type":"ReadAction","target":["https:\/\/koningdrone.be\/product\/polarpro-quartzline-nd16-pl-46-mm\/"]}]},{"@type":"ImageObject","inLanguage":"es","@id":"https:\/\/koningdrone.be\/product\/polarpro-quartzline-nd16-pl-46-mm\/#primaryimage","url":"https:\/\/koningdrone.be\/wp-content\/uploads\/sites\/13\/2025\/04\/1599748529_1418283.jpg","contentUrl":"https:\/\/koningdrone.be\/wp-content\/uploads\/sites\/13\/2025\/04\/1599748529_1418283.jpg","width":500,"height":500},{"@type":"BreadcrumbList","@id":"https:\/\/koningdrone.be\/product\/polarpro-quartzline-nd16-pl-46-mm\/#breadcrumb","itemListElement":[{"@type":"ListItem","position":1,"name":"Home","item":"https:\/\/koningdrone.be\/"},{"@type":"ListItem","position":2,"name":"AVSS Parachute Recovery System for DJI Matrice 300\/350","item":"https:\/\/koningdrone.be\/product\/avss-parachute-recovery-system-for-dji-matrice-300-350\/"},{"@type":"ListItem","position":3,"name":"Alle producten","item":"https:\/\/koningdrone.be\/categorie\/alle-producten\/"},{"@type":"ListItem","position":4,"name":"Polarpro Quartzline ND16\/PL 46 mm"}]},{"@type":"WebSite","@id":"https:\/\/koningdrone.be\/#website","url":"https:\/\/koningdrone.be\/","name":"Koningdrone.be - Su especialista en l\u00ednea en drones, cardanes, c\u00e1maras y centrales el\u00e9ctricas.","description":"La tienda virtual de drones y cardanes","publisher":{"@id":"https:\/\/koningdrone.be\/#organization"},"potentialAction":[{"@type":"SearchAction","target":{"@type":"EntryPoint","urlTemplate":"https:\/\/koningdrone.be\/?s={search_term_string}"},"query-input":{"@type":"PropertyValueSpecification","valueRequired":true,"valueName":"search_term_string"}}],"inLanguage":"es"},{"@type":"Organization","@id":"https:\/\/koningdrone.be\/#organization","name":"Kingdrone.es","url":"https:\/\/koningdrone.be\/","logo":{"@type":"ImageObject","inLanguage":"es","@id":"https:\/\/koningdrone.be\/#\/schema\/logo\/image\/","url":"https:\/\/koningdrone.be\/wp-content\/uploads\/sites\/13\/2025\/04\/koningdrone-copyright-logo.svg","contentUrl":"https:\/\/koningdrone.be\/wp-content\/uploads\/sites\/13\/2025\/04\/koningdrone-copyright-logo.svg","width":227,"height":38,"caption":"Koningdrone.be"},"image":{"@id":"https:\/\/koningdrone.be\/#\/schema\/logo\/image\/"}}]}},"df_price":"","df_sale_price":"","df_regular_price":"","df_image_link":"https:\/\/koningdrone.be\/wp-content\/uploads\/sites\/13\/2025\/04\/1599748529_1418283-300x300.jpg","_links":{"self":[{"href":"https:\/\/koningdrone.be\/es\/wp-json\/wp\/v2\/product\/2666","targetHints":{"allow":["GET"]}}],"collection":[{"href":"https:\/\/koningdrone.be\/es\/wp-json\/wp\/v2\/product"}],"about":[{"href":"https:\/\/koningdrone.be\/es\/wp-json\/wp\/v2\/types\/product"}],"wp:featuredmedia":[{"embeddable":true,"href":"https:\/\/koningdrone.be\/es\/wp-json\/wp\/v2\/media\/2665"}],"wp:attachment":[{"href":"https:\/\/koningdrone.be\/es\/wp-json\/wp\/v2\/media?parent=2666"}],"wp:term":[{"taxonomy":"product_brand","embeddable":true,"href":"https:\/\/koningdrone.be\/es\/wp-json\/wp\/v2\/product_brand?post=2666"},{"taxonomy":"product_cat","embeddable":true,"href":"https:\/\/koningdrone.be\/es\/wp-json\/wp\/v2\/product_cat?post=2666"},{"taxonomy":"product_tag","embeddable":true,"href":"https:\/\/koningdrone.be\/es\/wp-json\/wp\/v2\/product_tag?post=2666"}],"curies":[{"name":"wp","href":"https:\/\/api.w.org\/{rel}","templated":true}]}}