{"id":2643,"date":"2024-09-18T10:10:22","date_gmt":"2024-09-18T10:10:22","guid":{"rendered":"https:\/\/koningdrone.nl\/kon\/product\/anker-solix-f1500-powerstation-1536wh\/"},"modified":"2024-09-18T10:10:22","modified_gmt":"2024-09-18T10:10:22","slug":"anker-solix-f1500-powerstation-1536wh","status":"publish","type":"product","link":"https:\/\/koningdrone.be\/es\/producto\/anker-solix-f1500-powerstation-1536wh\/","title":{"rendered":"Central el\u00e9ctrica ANKER SOLIX F1500 1536Wh"},"content":{"rendered":"<p>La estaci\u00f3n de alimentaci\u00f3n port\u00e1til Anker SOLIX F1500 es una soluci\u00f3n de alimentaci\u00f3n potente y compacta con una capacidad de 1.536 Wh, perfecta tanto para el uso diario como para situaciones de emergencia. Ofrece una potente salida de 1.500 W, adecuada para alimentar una gran variedad de dispositivos, desde peque\u00f1os electrodom\u00e9sticos hasta aparatos electr\u00f3nicos esenciales. La estaci\u00f3n de alimentaci\u00f3n tiene varios puertos, incluidos enchufes, USB-A y USB-C, para opciones de carga vers\u00e1tiles. Dise\u00f1ada para facilitar su uso y portabilidad, la SOLIX F1500 es ideal para acampadas, actividades al aire libre y como fuente de alimentaci\u00f3n de reserva durante cortes de suministro el\u00e9ctrico.<\/p>","protected":false},"excerpt":{"rendered":"<ul>\n<li>Formato sin modificar con bater\u00eda LFP de 1.536 Wh<\/li>\n<li>1800 W de potencia de salida de CA continua, 2400 W de potencia de pico<\/li>\n<li>13 Enchufes vers\u00e1tiles para las necesidades energ\u00e9ticas en cualquier lugar<\/li>\n<li>Potencia solar m\u00e1x. 600 W<\/li>\n<li>Entrada de CA HyperFlash\u2122 1000W<\/li>\n<li>Aplicaci\u00f3n remota mediante WiFi y Bluetooth<\/li>\n<li>5 a\u00f1os de garant\u00eda y 10 a\u00f1os de vida \u00fatil<\/li>\n<\/ul>","protected":false},"featured_media":2635,"template":"","meta":{"_acf_changed":false},"product_brand":[],"product_cat":[454,97,197,415],"product_tag":[],"class_list":{"0":"post-2643","1":"product","2":"type-product","3":"status-publish","4":"has-post-thumbnail","6":"product_cat-alle-powerstations","7":"product_cat-alle-producten","8":"product_cat-anker","9":"product_cat-energy","10":"product_shipping_class-outofstock","11":"pa_brand-anker","12":"pa_productfamily-power-station","13":"pa_producttype-power-station","15":"first","16":"outofstock","17":"taxable","18":"shipping-taxable","19":"product-type-simple"},"acf":[],"yoast_head":"<!-- This site is optimized with the Yoast SEO Premium plugin v27.2 (Yoast SEO v27.2) - https:\/\/yoast.com\/product\/yoast-seo-premium-wordpress\/ -->\n<title>ANKER SOLIX F1500 Powerstation 1536Wh - koningdrone.be<\/title>\n<meta name=\"robots\" content=\"index, follow, max-snippet:-1, max-image-preview:large, max-video-preview:-1\" \/>\n<link rel=\"canonical\" href=\"https:\/\/koningdrone.be\/es\/producto\/anker-solix-f1500-powerstation-1536wh\/\" \/>\n<meta property=\"og:locale\" content=\"es_ES\" \/>\n<meta property=\"og:type\" content=\"article\" \/>\n<meta property=\"og:title\" content=\"ANKER SOLIX F1500 Powerstation 1536Wh\" \/>\n<meta property=\"og:description\" content=\"Ongewijzigd formaat met 1.536Wh LFP batterij  1800W continu AC uitgangsvermogen, 2400W piekvermogen  13 Veelzijdige stopcontacten voor stroombehoeften onderweg  Max. 600W zonne-ingang  HyperFlash\u2122 1000W AC-ingang  Remote App via WiFi &amp; Bluetooth  5 jaar garantie &amp; 10 jaar levensduur\" \/>\n<meta property=\"og:url\" content=\"https:\/\/koningdrone.be\/es\/producto\/anker-solix-f1500-powerstation-1536wh\/\" \/>\n<meta property=\"og:site_name\" content=\"koningdrone.be\" \/>\n<meta property=\"og:image\" content=\"https:\/\/koningdrone.be\/wp-content\/uploads\/sites\/13\/2025\/04\/cq5dam.web_.128013-Photoroom1_3840x-scaled.png\" \/>\n\t<meta property=\"og:image:width\" content=\"2560\" \/>\n\t<meta property=\"og:image:height\" content=\"2560\" \/>\n\t<meta property=\"og:image:type\" content=\"image\/png\" \/>\n<meta name=\"twitter:card\" content=\"summary_large_image\" \/>\n<script type=\"application\/ld+json\" class=\"yoast-schema-graph\">{\"@context\":\"https:\/\/schema.org\",\"@graph\":[{\"@type\":\"WebPage\",\"@id\":\"https:\/\/koningdrone.be\/product\/anker-solix-f1500-powerstation-1536wh\/\",\"url\":\"https:\/\/koningdrone.be\/product\/anker-solix-f1500-powerstation-1536wh\/\",\"name\":\"ANKER SOLIX F1500 Powerstation 1536Wh - koningdrone.be\",\"isPartOf\":{\"@id\":\"https:\/\/koningdrone.be\/#website\"},\"primaryImageOfPage\":{\"@id\":\"https:\/\/koningdrone.be\/product\/anker-solix-f1500-powerstation-1536wh\/#primaryimage\"},\"image\":{\"@id\":\"https:\/\/koningdrone.be\/product\/anker-solix-f1500-powerstation-1536wh\/#primaryimage\"},\"thumbnailUrl\":\"https:\/\/koningdrone.be\/wp-content\/uploads\/sites\/13\/2025\/04\/cq5dam.web_.128013-Photoroom1_3840x-scaled.png\",\"datePublished\":\"2024-09-18T10:10:22+00:00\",\"breadcrumb\":{\"@id\":\"https:\/\/koningdrone.be\/product\/anker-solix-f1500-powerstation-1536wh\/#breadcrumb\"},\"inLanguage\":\"es\",\"potentialAction\":[{\"@type\":\"ReadAction\",\"target\":[\"https:\/\/koningdrone.be\/product\/anker-solix-f1500-powerstation-1536wh\/\"]}]},{\"@type\":\"ImageObject\",\"inLanguage\":\"es\",\"@id\":\"https:\/\/koningdrone.be\/product\/anker-solix-f1500-powerstation-1536wh\/#primaryimage\",\"url\":\"https:\/\/koningdrone.be\/wp-content\/uploads\/sites\/13\/2025\/04\/cq5dam.web_.128013-Photoroom1_3840x-scaled.png\",\"contentUrl\":\"https:\/\/koningdrone.be\/wp-content\/uploads\/sites\/13\/2025\/04\/cq5dam.web_.128013-Photoroom1_3840x-scaled.png\",\"width\":2560,\"height\":2560},{\"@type\":\"BreadcrumbList\",\"@id\":\"https:\/\/koningdrone.be\/product\/anker-solix-f1500-powerstation-1536wh\/#breadcrumb\",\"itemListElement\":[{\"@type\":\"ListItem\",\"position\":1,\"name\":\"Home\",\"item\":\"https:\/\/koningdrone.be\/\"},{\"@type\":\"ListItem\",\"position\":2,\"name\":\"AVSS Parachute Recovery System for DJI Matrice 300\/350\",\"item\":\"https:\/\/koningdrone.be\/product\/avss-parachute-recovery-system-for-dji-matrice-300-350\/\"},{\"@type\":\"ListItem\",\"position\":3,\"name\":\"Alle powerstations\",\"item\":\"https:\/\/koningdrone.be\/categorie\/alle-powerstations\/\"},{\"@type\":\"ListItem\",\"position\":4,\"name\":\"ANKER SOLIX F1500 Powerstation 1536Wh\"}]},{\"@type\":\"WebSite\",\"@id\":\"https:\/\/koningdrone.be\/#website\",\"url\":\"https:\/\/koningdrone.be\/\",\"name\":\"Koningdrone.be - Uw online specialist in drones, gimbals, camera's en power stations.\",\"description\":\"De webshop in drones en gimbals\",\"publisher\":{\"@id\":\"https:\/\/koningdrone.be\/#organization\"},\"potentialAction\":[{\"@type\":\"SearchAction\",\"target\":{\"@type\":\"EntryPoint\",\"urlTemplate\":\"https:\/\/koningdrone.be\/?s={search_term_string}\"},\"query-input\":{\"@type\":\"PropertyValueSpecification\",\"valueRequired\":true,\"valueName\":\"search_term_string\"}}],\"inLanguage\":\"es\"},{\"@type\":\"Organization\",\"@id\":\"https:\/\/koningdrone.be\/#organization\",\"name\":\"Koningdrone.be\",\"url\":\"https:\/\/koningdrone.be\/\",\"logo\":{\"@type\":\"ImageObject\",\"inLanguage\":\"es\",\"@id\":\"https:\/\/koningdrone.be\/#\/schema\/logo\/image\/\",\"url\":\"https:\/\/koningdrone.be\/wp-content\/uploads\/sites\/13\/2025\/04\/koningdrone-copyright-logo.svg\",\"contentUrl\":\"https:\/\/koningdrone.be\/wp-content\/uploads\/sites\/13\/2025\/04\/koningdrone-copyright-logo.svg\",\"width\":227,\"height\":38,\"caption\":\"Koningdrone.be\"},\"image\":{\"@id\":\"https:\/\/koningdrone.be\/#\/schema\/logo\/image\/\"}}]}<\/script>\n<!-- \/ Yoast SEO Premium plugin. -->","yoast_head_json":{"title":"ANKER SOLIX F1500 Powerstation 1536Wh - koningdrone.be","robots":{"index":"index","follow":"follow","max-snippet":"max-snippet:-1","max-image-preview":"max-image-preview:large","max-video-preview":"max-video-preview:-1"},"canonical":"https:\/\/koningdrone.be\/es\/producto\/anker-solix-f1500-powerstation-1536wh\/","og_locale":"es_ES","og_type":"article","og_title":"ANKER SOLIX F1500 Powerstation 1536Wh","og_description":"Ongewijzigd formaat met 1.536Wh LFP batterij  1800W continu AC uitgangsvermogen, 2400W piekvermogen  13 Veelzijdige stopcontacten voor stroombehoeften onderweg  Max. 600W zonne-ingang  HyperFlash\u2122 1000W AC-ingang  Remote App via WiFi &amp; Bluetooth  5 jaar garantie &amp; 10 jaar levensduur","og_url":"https:\/\/koningdrone.be\/es\/producto\/anker-solix-f1500-powerstation-1536wh\/","og_site_name":"koningdrone.be","og_image":[{"width":2560,"height":2560,"url":"https:\/\/koningdrone.be\/wp-content\/uploads\/sites\/13\/2025\/04\/cq5dam.web_.128013-Photoroom1_3840x-scaled.png","type":"image\/png"}],"twitter_card":"summary_large_image","schema":{"@context":"https:\/\/schema.org","@graph":[{"@type":"WebPage","@id":"https:\/\/koningdrone.be\/product\/anker-solix-f1500-powerstation-1536wh\/","url":"https:\/\/koningdrone.be\/product\/anker-solix-f1500-powerstation-1536wh\/","name":"ANKER SOLIX F1500 Powerstation 1536Wh - koningdrone.be","isPartOf":{"@id":"https:\/\/koningdrone.be\/#website"},"primaryImageOfPage":{"@id":"https:\/\/koningdrone.be\/product\/anker-solix-f1500-powerstation-1536wh\/#primaryimage"},"image":{"@id":"https:\/\/koningdrone.be\/product\/anker-solix-f1500-powerstation-1536wh\/#primaryimage"},"thumbnailUrl":"https:\/\/koningdrone.be\/wp-content\/uploads\/sites\/13\/2025\/04\/cq5dam.web_.128013-Photoroom1_3840x-scaled.png","datePublished":"2024-09-18T10:10:22+00:00","breadcrumb":{"@id":"https:\/\/koningdrone.be\/product\/anker-solix-f1500-powerstation-1536wh\/#breadcrumb"},"inLanguage":"es","potentialAction":[{"@type":"ReadAction","target":["https:\/\/koningdrone.be\/product\/anker-solix-f1500-powerstation-1536wh\/"]}]},{"@type":"ImageObject","inLanguage":"es","@id":"https:\/\/koningdrone.be\/product\/anker-solix-f1500-powerstation-1536wh\/#primaryimage","url":"https:\/\/koningdrone.be\/wp-content\/uploads\/sites\/13\/2025\/04\/cq5dam.web_.128013-Photoroom1_3840x-scaled.png","contentUrl":"https:\/\/koningdrone.be\/wp-content\/uploads\/sites\/13\/2025\/04\/cq5dam.web_.128013-Photoroom1_3840x-scaled.png","width":2560,"height":2560},{"@type":"BreadcrumbList","@id":"https:\/\/koningdrone.be\/product\/anker-solix-f1500-powerstation-1536wh\/#breadcrumb","itemListElement":[{"@type":"ListItem","position":1,"name":"Home","item":"https:\/\/koningdrone.be\/"},{"@type":"ListItem","position":2,"name":"AVSS Parachute Recovery System for DJI Matrice 300\/350","item":"https:\/\/koningdrone.be\/product\/avss-parachute-recovery-system-for-dji-matrice-300-350\/"},{"@type":"ListItem","position":3,"name":"Alle powerstations","item":"https:\/\/koningdrone.be\/categorie\/alle-powerstations\/"},{"@type":"ListItem","position":4,"name":"ANKER SOLIX F1500 Powerstation 1536Wh"}]},{"@type":"WebSite","@id":"https:\/\/koningdrone.be\/#website","url":"https:\/\/koningdrone.be\/","name":"Koningdrone.be - Su especialista en l\u00ednea en drones, cardanes, c\u00e1maras y centrales el\u00e9ctricas.","description":"La tienda virtual de drones y cardanes","publisher":{"@id":"https:\/\/koningdrone.be\/#organization"},"potentialAction":[{"@type":"SearchAction","target":{"@type":"EntryPoint","urlTemplate":"https:\/\/koningdrone.be\/?s={search_term_string}"},"query-input":{"@type":"PropertyValueSpecification","valueRequired":true,"valueName":"search_term_string"}}],"inLanguage":"es"},{"@type":"Organization","@id":"https:\/\/koningdrone.be\/#organization","name":"Kingdrone.es","url":"https:\/\/koningdrone.be\/","logo":{"@type":"ImageObject","inLanguage":"es","@id":"https:\/\/koningdrone.be\/#\/schema\/logo\/image\/","url":"https:\/\/koningdrone.be\/wp-content\/uploads\/sites\/13\/2025\/04\/koningdrone-copyright-logo.svg","contentUrl":"https:\/\/koningdrone.be\/wp-content\/uploads\/sites\/13\/2025\/04\/koningdrone-copyright-logo.svg","width":227,"height":38,"caption":"Koningdrone.be"},"image":{"@id":"https:\/\/koningdrone.be\/#\/schema\/logo\/image\/"}}]}},"df_price":"","df_sale_price":"","df_regular_price":"","df_image_link":"https:\/\/koningdrone.be\/wp-content\/uploads\/sites\/13\/2025\/04\/cq5dam.web_.128013-Photoroom1_3840x-300x300.png","_links":{"self":[{"href":"https:\/\/koningdrone.be\/es\/wp-json\/wp\/v2\/product\/2643","targetHints":{"allow":["GET"]}}],"collection":[{"href":"https:\/\/koningdrone.be\/es\/wp-json\/wp\/v2\/product"}],"about":[{"href":"https:\/\/koningdrone.be\/es\/wp-json\/wp\/v2\/types\/product"}],"wp:featuredmedia":[{"embeddable":true,"href":"https:\/\/koningdrone.be\/es\/wp-json\/wp\/v2\/media\/2635"}],"wp:attachment":[{"href":"https:\/\/koningdrone.be\/es\/wp-json\/wp\/v2\/media?parent=2643"}],"wp:term":[{"taxonomy":"product_brand","embeddable":true,"href":"https:\/\/koningdrone.be\/es\/wp-json\/wp\/v2\/product_brand?post=2643"},{"taxonomy":"product_cat","embeddable":true,"href":"https:\/\/koningdrone.be\/es\/wp-json\/wp\/v2\/product_cat?post=2643"},{"taxonomy":"product_tag","embeddable":true,"href":"https:\/\/koningdrone.be\/es\/wp-json\/wp\/v2\/product_tag?post=2643"}],"curies":[{"name":"wp","href":"https:\/\/api.w.org\/{rel}","templated":true}]}}