{"id":2634,"date":"2024-09-18T10:24:17","date_gmt":"2024-09-18T08:24:17","guid":{"rendered":"https:\/\/koningdrone.nl\/kon\/product\/dronavia-parachute-moc-m2-with-external-flight-termination-system-moc-2511-kronos-double-for-inspire-3-c5\/"},"modified":"2026-04-29T16:01:00","modified_gmt":"2026-04-29T14:01:00","slug":"dronavia-parachute-moc-m2-with-external-flight-termination-system-moc-2511-kronos-double-for-inspire-3-c5","status":"publish","type":"product","link":"https:\/\/koningdrone.be\/es\/producto\/dronavia-parachute-moc-m2-with-external-flight-termination-system-moc-2511-kronos-double-for-inspire-3-c5\/","title":{"rendered":"Dronavia Paraca\u00eddas Moc M2 con Sistema de Terminaci\u00f3n de Vuelo Externo MOC 2511 Kronos doble para Inspire 3 \/ C5"},"content":{"rendered":"<p>El sistema de recuperaci\u00f3n por paraca\u00eddas Kronos I3 de Dronavia, desarrollado espec\u00edficamente para el DJI Inspire 3, ofrece una mejora significativa en la seguridad de los drones. Este innovador sistema reduce el riesgo en caso de fallo de vuelo al disminuir la velocidad de descenso del dron y reducir su impacto contra el suelo. El sistema de paraca\u00eddas puede activarse autom\u00e1tica o manualmente con el mando a distancia Klick, lo que garantiza la m\u00e1xima flexibilidad en diversas condiciones.<\/p>\n<p>Esta avanzada tecnolog\u00eda no s\u00f3lo protege su dron, sino que tambi\u00e9n cumple con estrictas normativas. El sistema est\u00e1 certificado seg\u00fan las normas EASA Clase C5 y MOC M2, lo que lo hace apto para operaciones STS-01 y para usuarios que desarrollen un SORA o PDRA. Estas certificaciones son cruciales para los operadores de UAV que realizan misiones m\u00e1s complejas y exigentes.<\/p>\n<p>Al integrar el sistema de paraca\u00eddas Kronos I3 en tu DJI Inspire 3, no solo disfrutar\u00e1s de una seguridad adicional, sino que tambi\u00e9n cumplir\u00e1s con las normas de seguridad m\u00e1s recientes. Esto aumenta la fiabilidad y longevidad de las operaciones de tu dron, permiti\u00e9ndote volar con m\u00e1s confianza y seguridad.<\/p>","protected":false},"excerpt":{"rendered":"<ul>\n<li>Sistema de paraca\u00eddas<\/li>\n<li><\/li>\n<li>Incluido el sistema externo de terminaci\u00f3n de vuelo<\/li>\n<li><\/li>\n<li>Conformidad con EASA MOC2511<\/li>\n<\/ul>","protected":false},"featured_media":2631,"template":"","meta":{"_acf_changed":false},"product_brand":[],"product_cat":[292,97,433,430],"product_tag":[],"class_list":{"0":"post-2634","1":"product","2":"type-product","3":"status-publish","4":"has-post-thumbnail","6":"product_cat-alle-parachutes","7":"product_cat-alle-producten","8":"product_cat-dji-inspire-3","9":"product_cat-dronavia","10":"product_shipping_class-outofstock","11":"pa_brand-dronavia","12":"pa_productfamily-vluchtbeeindigingssysteem","13":"pa_producttype-vluchtbeeindigingssysteem","14":"pa_series-inspire-3","16":"first","17":"outofstock","18":"taxable","19":"shipping-taxable","20":"purchasable","21":"product-type-simple"},"acf":[],"yoast_head":"<!-- This site is optimized with the Yoast SEO Premium plugin v27.2 (Yoast SEO v27.2) - https:\/\/yoast.com\/product\/yoast-seo-premium-wordpress\/ -->\n<title>Dronavia Parachute Moc M2 with External Flight Termination System MOC 2511 Kronos double for Inspire 3 \/ C5 - koningdrone.be<\/title>\n<meta name=\"robots\" content=\"index, follow, max-snippet:-1, max-image-preview:large, max-video-preview:-1\" \/>\n<link rel=\"canonical\" href=\"https:\/\/koningdrone.be\/es\/producto\/dronavia-parachute-moc-m2-with-external-flight-termination-system-moc-2511-kronos-double-for-inspire-3-c5\/\" \/>\n<meta property=\"og:locale\" content=\"es_ES\" \/>\n<meta property=\"og:type\" content=\"article\" \/>\n<meta property=\"og:title\" content=\"Dronavia Parachute Moc M2 with External Flight Termination System MOC 2511 Kronos double for Inspire 3 \/ C5\" \/>\n<meta property=\"og:description\" content=\"Parachute systeem    Inclusief External Flight Termination System    EASA MOC2511-compliance\" \/>\n<meta property=\"og:url\" content=\"https:\/\/koningdrone.be\/es\/producto\/dronavia-parachute-moc-m2-with-external-flight-termination-system-moc-2511-kronos-double-for-inspire-3-c5\/\" \/>\n<meta property=\"og:site_name\" content=\"koningdrone.be\" \/>\n<meta property=\"article:modified_time\" content=\"2026-04-29T14:01:00+00:00\" \/>\n<meta property=\"og:image\" content=\"https:\/\/koningdrone.be\/wp-content\/uploads\/sites\/13\/2025\/04\/parachute-moc-m2-avec-coupe-circuits-externe-moc-2511-kronos-pour-dji-matrice-350-rtk.jpg\" \/>\n\t<meta property=\"og:image:width\" content=\"800\" \/>\n\t<meta property=\"og:image:height\" content=\"800\" \/>\n\t<meta property=\"og:image:type\" content=\"image\/jpeg\" \/>\n<meta name=\"twitter:card\" content=\"summary_large_image\" \/>\n<meta name=\"twitter:label1\" content=\"Tiempo de lectura\" \/>\n\t<meta name=\"twitter:data1\" content=\"2 minutos\" \/>\n<script type=\"application\/ld+json\" class=\"yoast-schema-graph\">{\"@context\":\"https:\/\/schema.org\",\"@graph\":[{\"@type\":\"WebPage\",\"@id\":\"https:\/\/koningdrone.be\/product\/dronavia-parachute-moc-m2-with-external-flight-termination-system-moc-2511-kronos-double-for-inspire-3-c5\/\",\"url\":\"https:\/\/koningdrone.be\/product\/dronavia-parachute-moc-m2-with-external-flight-termination-system-moc-2511-kronos-double-for-inspire-3-c5\/\",\"name\":\"Dronavia Parachute Moc M2 with External Flight Termination System MOC 2511 Kronos double for Inspire 3 \/ C5 - koningdrone.be\",\"isPartOf\":{\"@id\":\"https:\/\/koningdrone.be\/#website\"},\"primaryImageOfPage\":{\"@id\":\"https:\/\/koningdrone.be\/product\/dronavia-parachute-moc-m2-with-external-flight-termination-system-moc-2511-kronos-double-for-inspire-3-c5\/#primaryimage\"},\"image\":{\"@id\":\"https:\/\/koningdrone.be\/product\/dronavia-parachute-moc-m2-with-external-flight-termination-system-moc-2511-kronos-double-for-inspire-3-c5\/#primaryimage\"},\"thumbnailUrl\":\"https:\/\/koningdrone.be\/wp-content\/uploads\/sites\/13\/2025\/04\/parachute-moc-m2-avec-coupe-circuits-externe-moc-2511-kronos-pour-dji-matrice-350-rtk.jpg\",\"datePublished\":\"2024-09-18T08:24:17+00:00\",\"dateModified\":\"2026-04-29T14:01:00+00:00\",\"breadcrumb\":{\"@id\":\"https:\/\/koningdrone.be\/product\/dronavia-parachute-moc-m2-with-external-flight-termination-system-moc-2511-kronos-double-for-inspire-3-c5\/#breadcrumb\"},\"inLanguage\":\"es\",\"potentialAction\":[{\"@type\":\"ReadAction\",\"target\":[\"https:\/\/koningdrone.be\/product\/dronavia-parachute-moc-m2-with-external-flight-termination-system-moc-2511-kronos-double-for-inspire-3-c5\/\"]}]},{\"@type\":\"ImageObject\",\"inLanguage\":\"es\",\"@id\":\"https:\/\/koningdrone.be\/product\/dronavia-parachute-moc-m2-with-external-flight-termination-system-moc-2511-kronos-double-for-inspire-3-c5\/#primaryimage\",\"url\":\"https:\/\/koningdrone.be\/wp-content\/uploads\/sites\/13\/2025\/04\/parachute-moc-m2-avec-coupe-circuits-externe-moc-2511-kronos-pour-dji-matrice-350-rtk.jpg\",\"contentUrl\":\"https:\/\/koningdrone.be\/wp-content\/uploads\/sites\/13\/2025\/04\/parachute-moc-m2-avec-coupe-circuits-externe-moc-2511-kronos-pour-dji-matrice-350-rtk.jpg\",\"width\":800,\"height\":800},{\"@type\":\"BreadcrumbList\",\"@id\":\"https:\/\/koningdrone.be\/product\/dronavia-parachute-moc-m2-with-external-flight-termination-system-moc-2511-kronos-double-for-inspire-3-c5\/#breadcrumb\",\"itemListElement\":[{\"@type\":\"ListItem\",\"position\":1,\"name\":\"Home\",\"item\":\"https:\/\/koningdrone.be\/\"},{\"@type\":\"ListItem\",\"position\":2,\"name\":\"AVSS Parachute Recovery System for DJI Matrice 300\/350\",\"item\":\"https:\/\/koningdrone.be\/product\/avss-parachute-recovery-system-for-dji-matrice-300-350\/\"},{\"@type\":\"ListItem\",\"position\":3,\"name\":\"Alle parachutes\",\"item\":\"https:\/\/koningdrone.be\/categorie\/alle-parachutes\/\"},{\"@type\":\"ListItem\",\"position\":4,\"name\":\"Dronavia Parachute Moc M2 with External Flight Termination System MOC 2511 Kronos double for Inspire 3 \/ C5\"}]},{\"@type\":\"WebSite\",\"@id\":\"https:\/\/koningdrone.be\/#website\",\"url\":\"https:\/\/koningdrone.be\/\",\"name\":\"Koningdrone.be - Uw online specialist in drones, gimbals, camera's en power stations.\",\"description\":\"De webshop in drones en gimbals\",\"publisher\":{\"@id\":\"https:\/\/koningdrone.be\/#organization\"},\"potentialAction\":[{\"@type\":\"SearchAction\",\"target\":{\"@type\":\"EntryPoint\",\"urlTemplate\":\"https:\/\/koningdrone.be\/?s={search_term_string}\"},\"query-input\":{\"@type\":\"PropertyValueSpecification\",\"valueRequired\":true,\"valueName\":\"search_term_string\"}}],\"inLanguage\":\"es\"},{\"@type\":\"Organization\",\"@id\":\"https:\/\/koningdrone.be\/#organization\",\"name\":\"Koningdrone.be\",\"url\":\"https:\/\/koningdrone.be\/\",\"logo\":{\"@type\":\"ImageObject\",\"inLanguage\":\"es\",\"@id\":\"https:\/\/koningdrone.be\/#\/schema\/logo\/image\/\",\"url\":\"https:\/\/koningdrone.be\/wp-content\/uploads\/sites\/13\/2025\/04\/koningdrone-copyright-logo.svg\",\"contentUrl\":\"https:\/\/koningdrone.be\/wp-content\/uploads\/sites\/13\/2025\/04\/koningdrone-copyright-logo.svg\",\"width\":227,\"height\":38,\"caption\":\"Koningdrone.be\"},\"image\":{\"@id\":\"https:\/\/koningdrone.be\/#\/schema\/logo\/image\/\"}}]}<\/script>\n<!-- \/ Yoast SEO Premium plugin. -->","yoast_head_json":{"title":"Dronavia Parachute Moc M2 with External Flight Termination System MOC 2511 Kronos double for Inspire 3 \/ C5 - koningdrone.be","robots":{"index":"index","follow":"follow","max-snippet":"max-snippet:-1","max-image-preview":"max-image-preview:large","max-video-preview":"max-video-preview:-1"},"canonical":"https:\/\/koningdrone.be\/es\/producto\/dronavia-parachute-moc-m2-with-external-flight-termination-system-moc-2511-kronos-double-for-inspire-3-c5\/","og_locale":"es_ES","og_type":"article","og_title":"Dronavia Parachute Moc M2 with External Flight Termination System MOC 2511 Kronos double for Inspire 3 \/ C5","og_description":"Parachute systeem    Inclusief External Flight Termination System    EASA MOC2511-compliance","og_url":"https:\/\/koningdrone.be\/es\/producto\/dronavia-parachute-moc-m2-with-external-flight-termination-system-moc-2511-kronos-double-for-inspire-3-c5\/","og_site_name":"koningdrone.be","article_modified_time":"2026-04-29T14:01:00+00:00","og_image":[{"width":800,"height":800,"url":"https:\/\/koningdrone.be\/wp-content\/uploads\/sites\/13\/2025\/04\/parachute-moc-m2-avec-coupe-circuits-externe-moc-2511-kronos-pour-dji-matrice-350-rtk.jpg","type":"image\/jpeg"}],"twitter_card":"summary_large_image","twitter_misc":{"Tiempo de lectura":"2 minutos"},"schema":{"@context":"https:\/\/schema.org","@graph":[{"@type":"WebPage","@id":"https:\/\/koningdrone.be\/product\/dronavia-parachute-moc-m2-with-external-flight-termination-system-moc-2511-kronos-double-for-inspire-3-c5\/","url":"https:\/\/koningdrone.be\/product\/dronavia-parachute-moc-m2-with-external-flight-termination-system-moc-2511-kronos-double-for-inspire-3-c5\/","name":"Dronavia Parachute Moc M2 with External Flight Termination System MOC 2511 Kronos double for Inspire 3 \/ C5 - koningdrone.be","isPartOf":{"@id":"https:\/\/koningdrone.be\/#website"},"primaryImageOfPage":{"@id":"https:\/\/koningdrone.be\/product\/dronavia-parachute-moc-m2-with-external-flight-termination-system-moc-2511-kronos-double-for-inspire-3-c5\/#primaryimage"},"image":{"@id":"https:\/\/koningdrone.be\/product\/dronavia-parachute-moc-m2-with-external-flight-termination-system-moc-2511-kronos-double-for-inspire-3-c5\/#primaryimage"},"thumbnailUrl":"https:\/\/koningdrone.be\/wp-content\/uploads\/sites\/13\/2025\/04\/parachute-moc-m2-avec-coupe-circuits-externe-moc-2511-kronos-pour-dji-matrice-350-rtk.jpg","datePublished":"2024-09-18T08:24:17+00:00","dateModified":"2026-04-29T14:01:00+00:00","breadcrumb":{"@id":"https:\/\/koningdrone.be\/product\/dronavia-parachute-moc-m2-with-external-flight-termination-system-moc-2511-kronos-double-for-inspire-3-c5\/#breadcrumb"},"inLanguage":"es","potentialAction":[{"@type":"ReadAction","target":["https:\/\/koningdrone.be\/product\/dronavia-parachute-moc-m2-with-external-flight-termination-system-moc-2511-kronos-double-for-inspire-3-c5\/"]}]},{"@type":"ImageObject","inLanguage":"es","@id":"https:\/\/koningdrone.be\/product\/dronavia-parachute-moc-m2-with-external-flight-termination-system-moc-2511-kronos-double-for-inspire-3-c5\/#primaryimage","url":"https:\/\/koningdrone.be\/wp-content\/uploads\/sites\/13\/2025\/04\/parachute-moc-m2-avec-coupe-circuits-externe-moc-2511-kronos-pour-dji-matrice-350-rtk.jpg","contentUrl":"https:\/\/koningdrone.be\/wp-content\/uploads\/sites\/13\/2025\/04\/parachute-moc-m2-avec-coupe-circuits-externe-moc-2511-kronos-pour-dji-matrice-350-rtk.jpg","width":800,"height":800},{"@type":"BreadcrumbList","@id":"https:\/\/koningdrone.be\/product\/dronavia-parachute-moc-m2-with-external-flight-termination-system-moc-2511-kronos-double-for-inspire-3-c5\/#breadcrumb","itemListElement":[{"@type":"ListItem","position":1,"name":"Home","item":"https:\/\/koningdrone.be\/"},{"@type":"ListItem","position":2,"name":"AVSS Parachute Recovery System for DJI Matrice 300\/350","item":"https:\/\/koningdrone.be\/product\/avss-parachute-recovery-system-for-dji-matrice-300-350\/"},{"@type":"ListItem","position":3,"name":"Alle parachutes","item":"https:\/\/koningdrone.be\/categorie\/alle-parachutes\/"},{"@type":"ListItem","position":4,"name":"Dronavia Parachute Moc M2 with External Flight Termination System MOC 2511 Kronos double for Inspire 3 \/ C5"}]},{"@type":"WebSite","@id":"https:\/\/koningdrone.be\/#website","url":"https:\/\/koningdrone.be\/","name":"Koningdrone.be - Su especialista en l\u00ednea en drones, cardanes, c\u00e1maras y centrales el\u00e9ctricas.","description":"La tienda virtual de drones y cardanes","publisher":{"@id":"https:\/\/koningdrone.be\/#organization"},"potentialAction":[{"@type":"SearchAction","target":{"@type":"EntryPoint","urlTemplate":"https:\/\/koningdrone.be\/?s={search_term_string}"},"query-input":{"@type":"PropertyValueSpecification","valueRequired":true,"valueName":"search_term_string"}}],"inLanguage":"es"},{"@type":"Organization","@id":"https:\/\/koningdrone.be\/#organization","name":"Kingdrone.es","url":"https:\/\/koningdrone.be\/","logo":{"@type":"ImageObject","inLanguage":"es","@id":"https:\/\/koningdrone.be\/#\/schema\/logo\/image\/","url":"https:\/\/koningdrone.be\/wp-content\/uploads\/sites\/13\/2025\/04\/koningdrone-copyright-logo.svg","contentUrl":"https:\/\/koningdrone.be\/wp-content\/uploads\/sites\/13\/2025\/04\/koningdrone-copyright-logo.svg","width":227,"height":38,"caption":"Koningdrone.be"},"image":{"@id":"https:\/\/koningdrone.be\/#\/schema\/logo\/image\/"}}]}},"df_price":3326.5,"df_sale_price":"","df_regular_price":3326.5,"df_image_link":"https:\/\/koningdrone.be\/wp-content\/uploads\/sites\/13\/2025\/04\/parachute-moc-m2-avec-coupe-circuits-externe-moc-2511-kronos-pour-dji-matrice-350-rtk-300x300.jpg","_links":{"self":[{"href":"https:\/\/koningdrone.be\/es\/wp-json\/wp\/v2\/product\/2634","targetHints":{"allow":["GET"]}}],"collection":[{"href":"https:\/\/koningdrone.be\/es\/wp-json\/wp\/v2\/product"}],"about":[{"href":"https:\/\/koningdrone.be\/es\/wp-json\/wp\/v2\/types\/product"}],"wp:featuredmedia":[{"embeddable":true,"href":"https:\/\/koningdrone.be\/es\/wp-json\/wp\/v2\/media\/2631"}],"wp:attachment":[{"href":"https:\/\/koningdrone.be\/es\/wp-json\/wp\/v2\/media?parent=2634"}],"wp:term":[{"taxonomy":"product_brand","embeddable":true,"href":"https:\/\/koningdrone.be\/es\/wp-json\/wp\/v2\/product_brand?post=2634"},{"taxonomy":"product_cat","embeddable":true,"href":"https:\/\/koningdrone.be\/es\/wp-json\/wp\/v2\/product_cat?post=2634"},{"taxonomy":"product_tag","embeddable":true,"href":"https:\/\/koningdrone.be\/es\/wp-json\/wp\/v2\/product_tag?post=2634"}],"curies":[{"name":"wp","href":"https:\/\/api.w.org\/{rel}","templated":true}]}}