{"id":2603,"date":"2024-09-18T10:24:17","date_gmt":"2024-09-18T08:24:17","guid":{"rendered":"https:\/\/koningdrone.nl\/kon\/product\/polarpro-dji-mavic-3-pro-vivid-collection-nd8-pl\/"},"modified":"2026-05-01T13:40:21","modified_gmt":"2026-05-01T11:40:21","slug":"polarpro-dji-mavic-3-pro-vivid-collection-nd8-pl","status":"publish","type":"product","link":"https:\/\/koningdrone.be\/es\/producto\/polarpro-dji-mavic-3-pro-vivid-collection-nd8-pl\/","title":{"rendered":"Polarpro DJI Mavic 3 Pro Vivid Collection ( ND8\/PL"},"content":{"rendered":"<p>La colecci\u00f3n Vivid para el Mavic 3 Pro combina dos efectos de filtro (ND + Polarizaci\u00f3n) en un \u00fanico elemento de cristal. El conjunto incluye filtros ND8\/PL, ND16\/PL y ND32\/PL para reducir la velocidad de obturaci\u00f3n y contrarrestar los reflejos en condiciones de mucha luz y reflejos para conseguir colores incre\u00edblemente saturados. Para mantener el m\u00e1ximo tiempo de vuelo y optimizar el card\u00e1n, cada filtro incorpora un ligero marco de aluminio. Con indicadores de polarizaci\u00f3n grabados en el marco, estos filtros pueden ajustarse con precisi\u00f3n para conseguir la polarizaci\u00f3n de luz deseada.<\/p>","protected":false},"excerpt":{"rendered":"<ul>\n<li>Precisi\u00f3n dise\u00f1ada para el DJI Mavic 3 Pro.<\/li>\n<li><\/li>\n<li>Incluye filtros ND8\/PL, ND16\/PL, ND32\/PL y un estuche protector.<\/li>\n<li><\/li>\n<li>Estructura ligera de aluminio.<\/li>\n<li><\/li>\n<li>Cristal CinemaSeries\u2122: presenta un \u00edndice de refracci\u00f3n bajo, neutralidad crom\u00e1tica y una transmisi\u00f3n perfecta del objetivo.<\/li>\n<\/ul>","protected":false},"featured_media":2599,"template":"","meta":{"_acf_changed":false},"product_brand":[],"product_cat":[97,447],"product_tag":[],"class_list":{"0":"post-2603","1":"product","2":"type-product","3":"status-publish","4":"has-post-thumbnail","6":"product_cat-alle-producten","7":"product_cat-polarpro","8":"product_shipping_class-outofstock","9":"pa_brand-polarpro","10":"pa_productfamily-filterset","11":"pa_producttype-filterset","12":"pa_series-mavic-3","14":"first","15":"outofstock","16":"taxable","17":"shipping-taxable","18":"product-type-simple"},"acf":[],"yoast_head":"<!-- This site is optimized with the Yoast SEO Premium plugin v27.2 (Yoast SEO v27.2) - https:\/\/yoast.com\/product\/yoast-seo-premium-wordpress\/ -->\n<title>Polarpro DJI Mavic 3 Pro Vivid Collection ( ND8\/PL - koningdrone.be<\/title>\n<meta name=\"robots\" content=\"index, follow, max-snippet:-1, max-image-preview:large, max-video-preview:-1\" \/>\n<link rel=\"canonical\" href=\"https:\/\/koningdrone.be\/es\/producto\/polarpro-dji-mavic-3-pro-vivid-collection-nd8-pl\/\" \/>\n<meta property=\"og:locale\" content=\"es_ES\" \/>\n<meta property=\"og:type\" content=\"article\" \/>\n<meta property=\"og:title\" content=\"Polarpro DJI Mavic 3 Pro Vivid Collection ( ND8\/PL\" \/>\n<meta property=\"og:description\" content=\"Precision designed for the DJI Mavic 3 Pro.Includes ND8\/PL, ND16\/PL, ND32\/PL filters and a protective storage case.Lightweight aluminium frame design.CinemaSeries\u2122 Glass - Features low refractive index, colour neutrality and perfect target transmission.\" \/>\n<meta property=\"og:url\" content=\"https:\/\/koningdrone.be\/es\/producto\/polarpro-dji-mavic-3-pro-vivid-collection-nd8-pl\/\" \/>\n<meta property=\"og:site_name\" content=\"koningdrone.be\" \/>\n<meta property=\"article:modified_time\" content=\"2026-05-01T11:40:21+00:00\" \/>\n<meta property=\"og:image\" content=\"https:\/\/koningdrone.be\/wp-content\/uploads\/sites\/13\/2025\/04\/VIVID-1.jpg\" \/>\n\t<meta property=\"og:image:width\" content=\"1500\" \/>\n\t<meta property=\"og:image:height\" content=\"1500\" \/>\n\t<meta property=\"og:image:type\" content=\"image\/jpeg\" \/>\n<meta name=\"twitter:card\" content=\"summary_large_image\" \/>\n<script type=\"application\/ld+json\" class=\"yoast-schema-graph\">{\"@context\":\"https:\/\/schema.org\",\"@graph\":[{\"@type\":\"WebPage\",\"@id\":\"https:\/\/koningdrone.be\/product\/polarpro-dji-mavic-3-pro-vivid-collection-nd8-pl\/\",\"url\":\"https:\/\/koningdrone.be\/product\/polarpro-dji-mavic-3-pro-vivid-collection-nd8-pl\/\",\"name\":\"Polarpro DJI Mavic 3 Pro Vivid Collection ( ND8\/PL - koningdrone.be\",\"isPartOf\":{\"@id\":\"https:\/\/koningdrone.be\/#website\"},\"primaryImageOfPage\":{\"@id\":\"https:\/\/koningdrone.be\/product\/polarpro-dji-mavic-3-pro-vivid-collection-nd8-pl\/#primaryimage\"},\"image\":{\"@id\":\"https:\/\/koningdrone.be\/product\/polarpro-dji-mavic-3-pro-vivid-collection-nd8-pl\/#primaryimage\"},\"thumbnailUrl\":\"https:\/\/koningdrone.be\/wp-content\/uploads\/sites\/13\/2025\/04\/VIVID-1.jpg\",\"datePublished\":\"2024-09-18T08:24:17+00:00\",\"dateModified\":\"2026-05-01T11:40:21+00:00\",\"breadcrumb\":{\"@id\":\"https:\/\/koningdrone.be\/product\/polarpro-dji-mavic-3-pro-vivid-collection-nd8-pl\/#breadcrumb\"},\"inLanguage\":\"es\",\"potentialAction\":[{\"@type\":\"ReadAction\",\"target\":[\"https:\/\/koningdrone.be\/product\/polarpro-dji-mavic-3-pro-vivid-collection-nd8-pl\/\"]}]},{\"@type\":\"ImageObject\",\"inLanguage\":\"es\",\"@id\":\"https:\/\/koningdrone.be\/product\/polarpro-dji-mavic-3-pro-vivid-collection-nd8-pl\/#primaryimage\",\"url\":\"https:\/\/koningdrone.be\/wp-content\/uploads\/sites\/13\/2025\/04\/VIVID-1.jpg\",\"contentUrl\":\"https:\/\/koningdrone.be\/wp-content\/uploads\/sites\/13\/2025\/04\/VIVID-1.jpg\",\"width\":1500,\"height\":1500},{\"@type\":\"BreadcrumbList\",\"@id\":\"https:\/\/koningdrone.be\/product\/polarpro-dji-mavic-3-pro-vivid-collection-nd8-pl\/#breadcrumb\",\"itemListElement\":[{\"@type\":\"ListItem\",\"position\":1,\"name\":\"Home\",\"item\":\"https:\/\/koningdrone.be\/\"},{\"@type\":\"ListItem\",\"position\":2,\"name\":\"AVSS Parachute Recovery System for DJI Matrice 300\/350\",\"item\":\"https:\/\/koningdrone.be\/product\/avss-parachute-recovery-system-for-dji-matrice-300-350\/\"},{\"@type\":\"ListItem\",\"position\":3,\"name\":\"Alle producten\",\"item\":\"https:\/\/koningdrone.be\/categorie\/alle-producten\/\"},{\"@type\":\"ListItem\",\"position\":4,\"name\":\"Polarpro DJI Mavic 3 Pro Vivid Collection ( ND8\/PL\"}]},{\"@type\":\"WebSite\",\"@id\":\"https:\/\/koningdrone.be\/#website\",\"url\":\"https:\/\/koningdrone.be\/\",\"name\":\"Koningdrone.be - Uw online specialist in drones, gimbals, camera's en power stations.\",\"description\":\"De webshop in drones en gimbals\",\"publisher\":{\"@id\":\"https:\/\/koningdrone.be\/#organization\"},\"potentialAction\":[{\"@type\":\"SearchAction\",\"target\":{\"@type\":\"EntryPoint\",\"urlTemplate\":\"https:\/\/koningdrone.be\/?s={search_term_string}\"},\"query-input\":{\"@type\":\"PropertyValueSpecification\",\"valueRequired\":true,\"valueName\":\"search_term_string\"}}],\"inLanguage\":\"es\"},{\"@type\":\"Organization\",\"@id\":\"https:\/\/koningdrone.be\/#organization\",\"name\":\"Koningdrone.be\",\"url\":\"https:\/\/koningdrone.be\/\",\"logo\":{\"@type\":\"ImageObject\",\"inLanguage\":\"es\",\"@id\":\"https:\/\/koningdrone.be\/#\/schema\/logo\/image\/\",\"url\":\"https:\/\/koningdrone.be\/wp-content\/uploads\/sites\/13\/2025\/04\/koningdrone-copyright-logo.svg\",\"contentUrl\":\"https:\/\/koningdrone.be\/wp-content\/uploads\/sites\/13\/2025\/04\/koningdrone-copyright-logo.svg\",\"width\":227,\"height\":38,\"caption\":\"Koningdrone.be\"},\"image\":{\"@id\":\"https:\/\/koningdrone.be\/#\/schema\/logo\/image\/\"}}]}<\/script>\n<!-- \/ Yoast SEO Premium plugin. -->","yoast_head_json":{"title":"Polarpro DJI Mavic 3 Pro Vivid Collection ( ND8\/PL - koningdrone.be","robots":{"index":"index","follow":"follow","max-snippet":"max-snippet:-1","max-image-preview":"max-image-preview:large","max-video-preview":"max-video-preview:-1"},"canonical":"https:\/\/koningdrone.be\/es\/producto\/polarpro-dji-mavic-3-pro-vivid-collection-nd8-pl\/","og_locale":"es_ES","og_type":"article","og_title":"Polarpro DJI Mavic 3 Pro Vivid Collection ( ND8\/PL","og_description":"Precision designed for the DJI Mavic 3 Pro.Includes ND8\/PL, ND16\/PL, ND32\/PL filters and a protective storage case.Lightweight aluminium frame design.CinemaSeries\u2122 Glass - Features low refractive index, colour neutrality and perfect target transmission.","og_url":"https:\/\/koningdrone.be\/es\/producto\/polarpro-dji-mavic-3-pro-vivid-collection-nd8-pl\/","og_site_name":"koningdrone.be","article_modified_time":"2026-05-01T11:40:21+00:00","og_image":[{"width":1500,"height":1500,"url":"https:\/\/koningdrone.be\/wp-content\/uploads\/sites\/13\/2025\/04\/VIVID-1.jpg","type":"image\/jpeg"}],"twitter_card":"summary_large_image","schema":{"@context":"https:\/\/schema.org","@graph":[{"@type":"WebPage","@id":"https:\/\/koningdrone.be\/product\/polarpro-dji-mavic-3-pro-vivid-collection-nd8-pl\/","url":"https:\/\/koningdrone.be\/product\/polarpro-dji-mavic-3-pro-vivid-collection-nd8-pl\/","name":"Polarpro DJI Mavic 3 Pro Vivid Collection ( ND8\/PL - koningdrone.be","isPartOf":{"@id":"https:\/\/koningdrone.be\/#website"},"primaryImageOfPage":{"@id":"https:\/\/koningdrone.be\/product\/polarpro-dji-mavic-3-pro-vivid-collection-nd8-pl\/#primaryimage"},"image":{"@id":"https:\/\/koningdrone.be\/product\/polarpro-dji-mavic-3-pro-vivid-collection-nd8-pl\/#primaryimage"},"thumbnailUrl":"https:\/\/koningdrone.be\/wp-content\/uploads\/sites\/13\/2025\/04\/VIVID-1.jpg","datePublished":"2024-09-18T08:24:17+00:00","dateModified":"2026-05-01T11:40:21+00:00","breadcrumb":{"@id":"https:\/\/koningdrone.be\/product\/polarpro-dji-mavic-3-pro-vivid-collection-nd8-pl\/#breadcrumb"},"inLanguage":"es","potentialAction":[{"@type":"ReadAction","target":["https:\/\/koningdrone.be\/product\/polarpro-dji-mavic-3-pro-vivid-collection-nd8-pl\/"]}]},{"@type":"ImageObject","inLanguage":"es","@id":"https:\/\/koningdrone.be\/product\/polarpro-dji-mavic-3-pro-vivid-collection-nd8-pl\/#primaryimage","url":"https:\/\/koningdrone.be\/wp-content\/uploads\/sites\/13\/2025\/04\/VIVID-1.jpg","contentUrl":"https:\/\/koningdrone.be\/wp-content\/uploads\/sites\/13\/2025\/04\/VIVID-1.jpg","width":1500,"height":1500},{"@type":"BreadcrumbList","@id":"https:\/\/koningdrone.be\/product\/polarpro-dji-mavic-3-pro-vivid-collection-nd8-pl\/#breadcrumb","itemListElement":[{"@type":"ListItem","position":1,"name":"Home","item":"https:\/\/koningdrone.be\/"},{"@type":"ListItem","position":2,"name":"AVSS Parachute Recovery System for DJI Matrice 300\/350","item":"https:\/\/koningdrone.be\/product\/avss-parachute-recovery-system-for-dji-matrice-300-350\/"},{"@type":"ListItem","position":3,"name":"Alle producten","item":"https:\/\/koningdrone.be\/categorie\/alle-producten\/"},{"@type":"ListItem","position":4,"name":"Polarpro DJI Mavic 3 Pro Vivid Collection ( ND8\/PL"}]},{"@type":"WebSite","@id":"https:\/\/koningdrone.be\/#website","url":"https:\/\/koningdrone.be\/","name":"Koningdrone.be - Su especialista en l\u00ednea en drones, cardanes, c\u00e1maras y centrales el\u00e9ctricas.","description":"La tienda virtual de drones y cardanes","publisher":{"@id":"https:\/\/koningdrone.be\/#organization"},"potentialAction":[{"@type":"SearchAction","target":{"@type":"EntryPoint","urlTemplate":"https:\/\/koningdrone.be\/?s={search_term_string}"},"query-input":{"@type":"PropertyValueSpecification","valueRequired":true,"valueName":"search_term_string"}}],"inLanguage":"es"},{"@type":"Organization","@id":"https:\/\/koningdrone.be\/#organization","name":"Kingdrone.es","url":"https:\/\/koningdrone.be\/","logo":{"@type":"ImageObject","inLanguage":"es","@id":"https:\/\/koningdrone.be\/#\/schema\/logo\/image\/","url":"https:\/\/koningdrone.be\/wp-content\/uploads\/sites\/13\/2025\/04\/koningdrone-copyright-logo.svg","contentUrl":"https:\/\/koningdrone.be\/wp-content\/uploads\/sites\/13\/2025\/04\/koningdrone-copyright-logo.svg","width":227,"height":38,"caption":"Koningdrone.be"},"image":{"@id":"https:\/\/koningdrone.be\/#\/schema\/logo\/image\/"}}]}},"df_price":"","df_sale_price":"","df_regular_price":"","df_image_link":"https:\/\/koningdrone.be\/wp-content\/uploads\/sites\/13\/2025\/04\/VIVID-1-300x300.jpg","_links":{"self":[{"href":"https:\/\/koningdrone.be\/es\/wp-json\/wp\/v2\/product\/2603","targetHints":{"allow":["GET"]}}],"collection":[{"href":"https:\/\/koningdrone.be\/es\/wp-json\/wp\/v2\/product"}],"about":[{"href":"https:\/\/koningdrone.be\/es\/wp-json\/wp\/v2\/types\/product"}],"wp:featuredmedia":[{"embeddable":true,"href":"https:\/\/koningdrone.be\/es\/wp-json\/wp\/v2\/media\/2599"}],"wp:attachment":[{"href":"https:\/\/koningdrone.be\/es\/wp-json\/wp\/v2\/media?parent=2603"}],"wp:term":[{"taxonomy":"product_brand","embeddable":true,"href":"https:\/\/koningdrone.be\/es\/wp-json\/wp\/v2\/product_brand?post=2603"},{"taxonomy":"product_cat","embeddable":true,"href":"https:\/\/koningdrone.be\/es\/wp-json\/wp\/v2\/product_cat?post=2603"},{"taxonomy":"product_tag","embeddable":true,"href":"https:\/\/koningdrone.be\/es\/wp-json\/wp\/v2\/product_tag?post=2603"}],"curies":[{"name":"wp","href":"https:\/\/api.w.org\/{rel}","templated":true}]}}