{"id":2592,"date":"2024-09-18T10:25:18","date_gmt":"2024-09-18T08:25:18","guid":{"rendered":"https:\/\/koningdrone.nl\/kon\/product\/mobilis-100w-ac-adapter-1-usb-2-usb-type-c-2m\/"},"modified":"2026-05-01T04:30:36","modified_gmt":"2026-05-01T02:30:36","slug":"mobilis-100w-ac-adapter-1-usb-2-usb-type-c-2m","status":"publish","type":"product","link":"https:\/\/koningdrone.be\/es\/producto\/mobilis-100w-ac-adapter-1-usb-2-usb-type-c-2m\/","title":{"rendered":"Adaptador Mobilis 100w AC 1 USB - 2 USB Type-C 2m"},"content":{"rendered":"<p>Este cargador de red GaN de 100 W tiene 3 puertos: 2 USB-C y 1 USB-A, lo que permite cargar hasta 3 dispositivos simult\u00e1neamente. Con una salida de 100 W, este cargador compacto cuenta con tecnolog\u00eda de nitruro de galio (GaN) para un rendimiento \u00f3ptimo. Los puertos USB-A y USB-C ofrecen una flexibilidad total, permiti\u00e9ndole cargar tres dispositivos simult\u00e1neamente. El cable de 2 metros incluido admite una carga de 100 W y proporciona tanto carga como sincronizaci\u00f3n de datos para sus dispositivos. El tama\u00f1o compacto y el elegante dise\u00f1o de este adaptador lo convierten en la opci\u00f3n ideal para el uso diario o sobre la marcha. Adem\u00e1s, el adaptador de corriente tiene un dise\u00f1o ecol\u00f3gico, ya que est\u00e1 fabricado con pl\u00e1stico reciclado certificado GRS (Global Recycled Standard).<\/p>","protected":false},"excerpt":{"rendered":"<ul>\n<li>2 puertos USB-C + 1 puerto USB-A<\/li>\n<li>Potencia m\u00e1xima: 100 W<\/li>\n<li>Componente GaN<\/li>\n<li>1 cable de 2 m 100 W<\/li>\n<li>Compatible con todas las tomas europeas (Tipo C \/ E \/ F)<\/li>\n<li>Pl\u00e1stico reciclado con certificado GRS<\/li>\n<\/ul>","protected":false},"featured_media":0,"template":"","meta":{"_acf_changed":false},"product_brand":[],"product_cat":[97,440],"product_tag":[],"class_list":{"0":"post-2592","1":"product","2":"type-product","3":"status-publish","5":"product_cat-alle-producten","6":"product_cat-mobilis","7":"product_shipping_class-dronelandall","8":"pa_brand-mobilis","9":"pa_productfamily-ac-adapter","10":"pa_producttype-ac-adapter","11":"pa_series-mavic-3","13":"first","14":"instock","15":"taxable","16":"shipping-taxable","17":"purchasable","18":"product-type-simple"},"acf":[],"yoast_head":"<!-- This site is optimized with the Yoast SEO Premium plugin v27.2 (Yoast SEO v27.2) - https:\/\/yoast.com\/product\/yoast-seo-premium-wordpress\/ -->\n<title>Mobilis 100w AC-adapter 1 USB - 2 USB Type-C 2m - koningdrone.be<\/title>\n<meta name=\"robots\" content=\"index, follow, max-snippet:-1, max-image-preview:large, max-video-preview:-1\" \/>\n<link rel=\"canonical\" href=\"https:\/\/koningdrone.be\/es\/producto\/mobilis-100w-ac-adapter-1-usb-2-usb-type-c-2m\/\" \/>\n<meta property=\"og:locale\" content=\"es_ES\" \/>\n<meta property=\"og:type\" content=\"article\" \/>\n<meta property=\"og:title\" content=\"Mobilis 100w AC-adapter 1 USB - 2 USB Type-C 2m\" \/>\n<meta property=\"og:description\" content=\"2 USB-C-poorten + 1 USB-A-poortMax. vermogen: 100WGaN-component1 x 2m 100W kabelCompatibel met alle Europese stopcontacten (Type C \/ E \/ F)GRS-gecertificeerd gerecycled plastic\" \/>\n<meta property=\"og:url\" content=\"https:\/\/koningdrone.be\/es\/producto\/mobilis-100w-ac-adapter-1-usb-2-usb-type-c-2m\/\" \/>\n<meta property=\"og:site_name\" content=\"koningdrone.be\" \/>\n<meta property=\"article:modified_time\" content=\"2026-05-01T02:30:36+00:00\" \/>\n<meta name=\"twitter:card\" content=\"summary_large_image\" \/>\n<meta name=\"twitter:label1\" content=\"Tiempo de lectura\" \/>\n\t<meta name=\"twitter:data1\" content=\"1 minuto\" \/>\n<script type=\"application\/ld+json\" class=\"yoast-schema-graph\">{\"@context\":\"https:\/\/schema.org\",\"@graph\":[{\"@type\":\"WebPage\",\"@id\":\"https:\/\/koningdrone.be\/product\/mobilis-100w-ac-adapter-1-usb-2-usb-type-c-2m\/\",\"url\":\"https:\/\/koningdrone.be\/product\/mobilis-100w-ac-adapter-1-usb-2-usb-type-c-2m\/\",\"name\":\"Mobilis 100w AC-adapter 1 USB - 2 USB Type-C 2m - koningdrone.be\",\"isPartOf\":{\"@id\":\"https:\/\/koningdrone.be\/#website\"},\"datePublished\":\"2024-09-18T08:25:18+00:00\",\"dateModified\":\"2026-05-01T02:30:36+00:00\",\"breadcrumb\":{\"@id\":\"https:\/\/koningdrone.be\/product\/mobilis-100w-ac-adapter-1-usb-2-usb-type-c-2m\/#breadcrumb\"},\"inLanguage\":\"es\",\"potentialAction\":[{\"@type\":\"ReadAction\",\"target\":[\"https:\/\/koningdrone.be\/product\/mobilis-100w-ac-adapter-1-usb-2-usb-type-c-2m\/\"]}]},{\"@type\":\"BreadcrumbList\",\"@id\":\"https:\/\/koningdrone.be\/product\/mobilis-100w-ac-adapter-1-usb-2-usb-type-c-2m\/#breadcrumb\",\"itemListElement\":[{\"@type\":\"ListItem\",\"position\":1,\"name\":\"Home\",\"item\":\"https:\/\/koningdrone.be\/\"},{\"@type\":\"ListItem\",\"position\":2,\"name\":\"AVSS Parachute Recovery System for DJI Matrice 300\/350\",\"item\":\"https:\/\/koningdrone.be\/product\/avss-parachute-recovery-system-for-dji-matrice-300-350\/\"},{\"@type\":\"ListItem\",\"position\":3,\"name\":\"Alle producten\",\"item\":\"https:\/\/koningdrone.be\/categorie\/alle-producten\/\"},{\"@type\":\"ListItem\",\"position\":4,\"name\":\"Mobilis 100w AC-adapter 1 USB &#8211; 2 USB Type-C 2m\"}]},{\"@type\":\"WebSite\",\"@id\":\"https:\/\/koningdrone.be\/#website\",\"url\":\"https:\/\/koningdrone.be\/\",\"name\":\"Koningdrone.be - Uw online specialist in drones, gimbals, camera's en power stations.\",\"description\":\"De webshop in drones en gimbals\",\"publisher\":{\"@id\":\"https:\/\/koningdrone.be\/#organization\"},\"potentialAction\":[{\"@type\":\"SearchAction\",\"target\":{\"@type\":\"EntryPoint\",\"urlTemplate\":\"https:\/\/koningdrone.be\/?s={search_term_string}\"},\"query-input\":{\"@type\":\"PropertyValueSpecification\",\"valueRequired\":true,\"valueName\":\"search_term_string\"}}],\"inLanguage\":\"es\"},{\"@type\":\"Organization\",\"@id\":\"https:\/\/koningdrone.be\/#organization\",\"name\":\"Koningdrone.be\",\"url\":\"https:\/\/koningdrone.be\/\",\"logo\":{\"@type\":\"ImageObject\",\"inLanguage\":\"es\",\"@id\":\"https:\/\/koningdrone.be\/#\/schema\/logo\/image\/\",\"url\":\"https:\/\/koningdrone.be\/wp-content\/uploads\/sites\/13\/2025\/04\/koningdrone-copyright-logo.svg\",\"contentUrl\":\"https:\/\/koningdrone.be\/wp-content\/uploads\/sites\/13\/2025\/04\/koningdrone-copyright-logo.svg\",\"width\":227,\"height\":38,\"caption\":\"Koningdrone.be\"},\"image\":{\"@id\":\"https:\/\/koningdrone.be\/#\/schema\/logo\/image\/\"}}]}<\/script>\n<!-- \/ Yoast SEO Premium plugin. -->","yoast_head_json":{"title":"Mobilis 100w AC-adapter 1 USB - 2 USB Type-C 2m - koningdrone.be","robots":{"index":"index","follow":"follow","max-snippet":"max-snippet:-1","max-image-preview":"max-image-preview:large","max-video-preview":"max-video-preview:-1"},"canonical":"https:\/\/koningdrone.be\/es\/producto\/mobilis-100w-ac-adapter-1-usb-2-usb-type-c-2m\/","og_locale":"es_ES","og_type":"article","og_title":"Mobilis 100w AC-adapter 1 USB - 2 USB Type-C 2m","og_description":"2 USB-C-poorten + 1 USB-A-poortMax. vermogen: 100WGaN-component1 x 2m 100W kabelCompatibel met alle Europese stopcontacten (Type C \/ E \/ F)GRS-gecertificeerd gerecycled plastic","og_url":"https:\/\/koningdrone.be\/es\/producto\/mobilis-100w-ac-adapter-1-usb-2-usb-type-c-2m\/","og_site_name":"koningdrone.be","article_modified_time":"2026-05-01T02:30:36+00:00","twitter_card":"summary_large_image","twitter_misc":{"Tiempo de lectura":"1 minuto"},"schema":{"@context":"https:\/\/schema.org","@graph":[{"@type":"WebPage","@id":"https:\/\/koningdrone.be\/product\/mobilis-100w-ac-adapter-1-usb-2-usb-type-c-2m\/","url":"https:\/\/koningdrone.be\/product\/mobilis-100w-ac-adapter-1-usb-2-usb-type-c-2m\/","name":"Mobilis 100w AC-adapter 1 USB - 2 USB Type-C 2m - koningdrone.be","isPartOf":{"@id":"https:\/\/koningdrone.be\/#website"},"datePublished":"2024-09-18T08:25:18+00:00","dateModified":"2026-05-01T02:30:36+00:00","breadcrumb":{"@id":"https:\/\/koningdrone.be\/product\/mobilis-100w-ac-adapter-1-usb-2-usb-type-c-2m\/#breadcrumb"},"inLanguage":"es","potentialAction":[{"@type":"ReadAction","target":["https:\/\/koningdrone.be\/product\/mobilis-100w-ac-adapter-1-usb-2-usb-type-c-2m\/"]}]},{"@type":"BreadcrumbList","@id":"https:\/\/koningdrone.be\/product\/mobilis-100w-ac-adapter-1-usb-2-usb-type-c-2m\/#breadcrumb","itemListElement":[{"@type":"ListItem","position":1,"name":"Home","item":"https:\/\/koningdrone.be\/"},{"@type":"ListItem","position":2,"name":"AVSS Parachute Recovery System for DJI Matrice 300\/350","item":"https:\/\/koningdrone.be\/product\/avss-parachute-recovery-system-for-dji-matrice-300-350\/"},{"@type":"ListItem","position":3,"name":"Alle producten","item":"https:\/\/koningdrone.be\/categorie\/alle-producten\/"},{"@type":"ListItem","position":4,"name":"Mobilis 100w AC-adapter 1 USB &#8211; 2 USB Type-C 2m"}]},{"@type":"WebSite","@id":"https:\/\/koningdrone.be\/#website","url":"https:\/\/koningdrone.be\/","name":"Koningdrone.be - Su especialista en l\u00ednea en drones, cardanes, c\u00e1maras y centrales el\u00e9ctricas.","description":"La tienda virtual de drones y cardanes","publisher":{"@id":"https:\/\/koningdrone.be\/#organization"},"potentialAction":[{"@type":"SearchAction","target":{"@type":"EntryPoint","urlTemplate":"https:\/\/koningdrone.be\/?s={search_term_string}"},"query-input":{"@type":"PropertyValueSpecification","valueRequired":true,"valueName":"search_term_string"}}],"inLanguage":"es"},{"@type":"Organization","@id":"https:\/\/koningdrone.be\/#organization","name":"Kingdrone.es","url":"https:\/\/koningdrone.be\/","logo":{"@type":"ImageObject","inLanguage":"es","@id":"https:\/\/koningdrone.be\/#\/schema\/logo\/image\/","url":"https:\/\/koningdrone.be\/wp-content\/uploads\/sites\/13\/2025\/04\/koningdrone-copyright-logo.svg","contentUrl":"https:\/\/koningdrone.be\/wp-content\/uploads\/sites\/13\/2025\/04\/koningdrone-copyright-logo.svg","width":227,"height":38,"caption":"Koningdrone.be"},"image":{"@id":"https:\/\/koningdrone.be\/#\/schema\/logo\/image\/"}}]}},"df_price":112,"df_sale_price":"","df_regular_price":112,"df_image_link":"https:\/\/koningdrone.be\/wp-content\/uploads\/sites\/13\/woocommerce-placeholder-300x300.png","_links":{"self":[{"href":"https:\/\/koningdrone.be\/es\/wp-json\/wp\/v2\/product\/2592","targetHints":{"allow":["GET"]}}],"collection":[{"href":"https:\/\/koningdrone.be\/es\/wp-json\/wp\/v2\/product"}],"about":[{"href":"https:\/\/koningdrone.be\/es\/wp-json\/wp\/v2\/types\/product"}],"wp:attachment":[{"href":"https:\/\/koningdrone.be\/es\/wp-json\/wp\/v2\/media?parent=2592"}],"wp:term":[{"taxonomy":"product_brand","embeddable":true,"href":"https:\/\/koningdrone.be\/es\/wp-json\/wp\/v2\/product_brand?post=2592"},{"taxonomy":"product_cat","embeddable":true,"href":"https:\/\/koningdrone.be\/es\/wp-json\/wp\/v2\/product_cat?post=2592"},{"taxonomy":"product_tag","embeddable":true,"href":"https:\/\/koningdrone.be\/es\/wp-json\/wp\/v2\/product_tag?post=2592"}],"curies":[{"name":"wp","href":"https:\/\/api.w.org\/{rel}","templated":true}]}}