{"id":2582,"date":"2024-09-18T10:26:35","date_gmt":"2024-09-18T08:26:35","guid":{"rendered":"https:\/\/koningdrone.nl\/kon\/product\/dronavia-external-flight-termination-system-moc-2511-zephyr-matrice-30\/"},"modified":"2026-04-29T14:00:56","modified_gmt":"2026-04-29T12:00:56","slug":"dronavia-external-flight-termination-system-moc-2511-zephyr-matrice-30","status":"publish","type":"product","link":"https:\/\/koningdrone.be\/es\/producto\/dronavia-external-flight-termination-system-moc-2511-zephyr-matrice-30\/","title":{"rendered":"Sistema externo de terminaci\u00f3n de vuelo Dronavia MOC 2511 Z\u00e9phyr Matrice 30"},"content":{"rendered":"<p>El FTS externo Z\u00e9phyr para DJI Matrice 30 es un dispositivo de seguridad que, en determinadas circunstancias, impide que el dron equipado con \u00e9l salga de su rango de vuelo reglamentario cortando la alimentaci\u00f3n el\u00e9ctrica del dron.<\/p>\n<p>Dronavia se enorgullece de ser el primer fabricante en proporcionar un sistema que cumple con el MoC Light-UAS.25 publicado por EASA, un cumplimiento esencial en el desarrollo de una Evaluaci\u00f3n de Riesgos para Operaciones Especiales (SORA).<\/p>\n<p>Con este paquete MOC2511, Dronavia proporciona una declaraci\u00f3n de conformidad MOC 2511. Esta declaraci\u00f3n puede integrarse en un SORA y es suficiente para cumplir los requisitos de la Parte 9.<\/p>","protected":false},"excerpt":{"rendered":"<ul>\n<li>Se instala en 2 minutos<\/li>\n<li><\/li>\n<li>Adecuado para el DJI Matrice 30<\/li>\n<li><\/li>\n<li>Cumple la norma MOC M2511<\/li>\n<li><\/li>\n<li>Se coloca entre el dron y las bater\u00edas.<\/li>\n<\/ul>","protected":false},"featured_media":2576,"template":"","meta":{"_acf_changed":false},"product_brand":[],"product_cat":[292,97,149,430],"product_tag":[],"class_list":{"0":"post-2582","1":"product","2":"type-product","3":"status-publish","4":"has-post-thumbnail","6":"product_cat-alle-parachutes","7":"product_cat-alle-producten","8":"product_cat-dji-matrice-30","9":"product_cat-dronavia","10":"product_shipping_class-outofstock","11":"pa_brand-dronavia","12":"pa_productfamily-vluchtbeeindigingssysteem","13":"pa_producttype-vluchtbeeindigingssysteem","14":"pa_series-matrice-30","16":"first","17":"outofstock","18":"taxable","19":"shipping-taxable","20":"product-type-simple"},"acf":[],"yoast_head":"<!-- This site is optimized with the Yoast SEO Premium plugin v27.2 (Yoast SEO v27.2) - https:\/\/yoast.com\/product\/yoast-seo-premium-wordpress\/ -->\n<title>Dronavia External Flight Termination System MOC 2511 Z\u00e9phyr Matrice 30 - koningdrone.be<\/title>\n<meta name=\"robots\" content=\"index, follow, max-snippet:-1, max-image-preview:large, max-video-preview:-1\" \/>\n<link rel=\"canonical\" href=\"https:\/\/koningdrone.be\/es\/producto\/dronavia-external-flight-termination-system-moc-2511-zephyr-matrice-30\/\" \/>\n<meta property=\"og:locale\" content=\"es_ES\" \/>\n<meta property=\"og:type\" content=\"article\" \/>\n<meta property=\"og:title\" content=\"Dronavia External Flight Termination System MOC 2511 Z\u00e9phyr Matrice 30\" \/>\n<meta property=\"og:description\" content=\"Installeren binnen 2 minuten    Geschikt voor de DJI Matrice 30    MOC M2511-compliant    Te plaatsen tussen de drone en de batterijen.\" \/>\n<meta property=\"og:url\" content=\"https:\/\/koningdrone.be\/es\/producto\/dronavia-external-flight-termination-system-moc-2511-zephyr-matrice-30\/\" \/>\n<meta property=\"og:site_name\" content=\"koningdrone.be\" \/>\n<meta property=\"article:modified_time\" content=\"2026-04-29T12:00:56+00:00\" \/>\n<meta property=\"og:image\" content=\"https:\/\/koningdrone.be\/wp-content\/uploads\/sites\/13\/2025\/04\/dronavia-zephyr-terminatore-fts-esterno-moc-2511-per-dji-matrice-30-certificato-easa-1.png\" \/>\n\t<meta property=\"og:image:width\" content=\"800\" \/>\n\t<meta property=\"og:image:height\" content=\"800\" \/>\n\t<meta property=\"og:image:type\" content=\"image\/png\" \/>\n<meta name=\"twitter:card\" content=\"summary_large_image\" \/>\n<meta name=\"twitter:label1\" content=\"Tiempo de lectura\" \/>\n\t<meta name=\"twitter:data1\" content=\"1 minuto\" \/>\n<script type=\"application\/ld+json\" class=\"yoast-schema-graph\">{\"@context\":\"https:\/\/schema.org\",\"@graph\":[{\"@type\":\"WebPage\",\"@id\":\"https:\/\/koningdrone.be\/product\/dronavia-external-flight-termination-system-moc-2511-zephyr-matrice-30\/\",\"url\":\"https:\/\/koningdrone.be\/product\/dronavia-external-flight-termination-system-moc-2511-zephyr-matrice-30\/\",\"name\":\"Dronavia External Flight Termination System MOC 2511 Z\u00e9phyr Matrice 30 - koningdrone.be\",\"isPartOf\":{\"@id\":\"https:\/\/koningdrone.be\/#website\"},\"primaryImageOfPage\":{\"@id\":\"https:\/\/koningdrone.be\/product\/dronavia-external-flight-termination-system-moc-2511-zephyr-matrice-30\/#primaryimage\"},\"image\":{\"@id\":\"https:\/\/koningdrone.be\/product\/dronavia-external-flight-termination-system-moc-2511-zephyr-matrice-30\/#primaryimage\"},\"thumbnailUrl\":\"https:\/\/koningdrone.be\/wp-content\/uploads\/sites\/13\/2025\/04\/dronavia-zephyr-terminatore-fts-esterno-moc-2511-per-dji-matrice-30-certificato-easa-1.png\",\"datePublished\":\"2024-09-18T08:26:35+00:00\",\"dateModified\":\"2026-04-29T12:00:56+00:00\",\"breadcrumb\":{\"@id\":\"https:\/\/koningdrone.be\/product\/dronavia-external-flight-termination-system-moc-2511-zephyr-matrice-30\/#breadcrumb\"},\"inLanguage\":\"es\",\"potentialAction\":[{\"@type\":\"ReadAction\",\"target\":[\"https:\/\/koningdrone.be\/product\/dronavia-external-flight-termination-system-moc-2511-zephyr-matrice-30\/\"]}]},{\"@type\":\"ImageObject\",\"inLanguage\":\"es\",\"@id\":\"https:\/\/koningdrone.be\/product\/dronavia-external-flight-termination-system-moc-2511-zephyr-matrice-30\/#primaryimage\",\"url\":\"https:\/\/koningdrone.be\/wp-content\/uploads\/sites\/13\/2025\/04\/dronavia-zephyr-terminatore-fts-esterno-moc-2511-per-dji-matrice-30-certificato-easa-1.png\",\"contentUrl\":\"https:\/\/koningdrone.be\/wp-content\/uploads\/sites\/13\/2025\/04\/dronavia-zephyr-terminatore-fts-esterno-moc-2511-per-dji-matrice-30-certificato-easa-1.png\",\"width\":800,\"height\":800},{\"@type\":\"BreadcrumbList\",\"@id\":\"https:\/\/koningdrone.be\/product\/dronavia-external-flight-termination-system-moc-2511-zephyr-matrice-30\/#breadcrumb\",\"itemListElement\":[{\"@type\":\"ListItem\",\"position\":1,\"name\":\"Home\",\"item\":\"https:\/\/koningdrone.be\/\"},{\"@type\":\"ListItem\",\"position\":2,\"name\":\"AVSS Parachute Recovery System for DJI Matrice 300\/350\",\"item\":\"https:\/\/koningdrone.be\/product\/avss-parachute-recovery-system-for-dji-matrice-300-350\/\"},{\"@type\":\"ListItem\",\"position\":3,\"name\":\"Alle parachutes\",\"item\":\"https:\/\/koningdrone.be\/categorie\/alle-parachutes\/\"},{\"@type\":\"ListItem\",\"position\":4,\"name\":\"Dronavia External Flight Termination System MOC 2511 Z\u00e9phyr Matrice 30\"}]},{\"@type\":\"WebSite\",\"@id\":\"https:\/\/koningdrone.be\/#website\",\"url\":\"https:\/\/koningdrone.be\/\",\"name\":\"Koningdrone.be - Uw online specialist in drones, gimbals, camera's en power stations.\",\"description\":\"De webshop in drones en gimbals\",\"publisher\":{\"@id\":\"https:\/\/koningdrone.be\/#organization\"},\"potentialAction\":[{\"@type\":\"SearchAction\",\"target\":{\"@type\":\"EntryPoint\",\"urlTemplate\":\"https:\/\/koningdrone.be\/?s={search_term_string}\"},\"query-input\":{\"@type\":\"PropertyValueSpecification\",\"valueRequired\":true,\"valueName\":\"search_term_string\"}}],\"inLanguage\":\"es\"},{\"@type\":\"Organization\",\"@id\":\"https:\/\/koningdrone.be\/#organization\",\"name\":\"Koningdrone.be\",\"url\":\"https:\/\/koningdrone.be\/\",\"logo\":{\"@type\":\"ImageObject\",\"inLanguage\":\"es\",\"@id\":\"https:\/\/koningdrone.be\/#\/schema\/logo\/image\/\",\"url\":\"https:\/\/koningdrone.be\/wp-content\/uploads\/sites\/13\/2025\/04\/koningdrone-copyright-logo.svg\",\"contentUrl\":\"https:\/\/koningdrone.be\/wp-content\/uploads\/sites\/13\/2025\/04\/koningdrone-copyright-logo.svg\",\"width\":227,\"height\":38,\"caption\":\"Koningdrone.be\"},\"image\":{\"@id\":\"https:\/\/koningdrone.be\/#\/schema\/logo\/image\/\"}}]}<\/script>\n<!-- \/ Yoast SEO Premium plugin. -->","yoast_head_json":{"title":"Dronavia External Flight Termination System MOC 2511 Z\u00e9phyr Matrice 30 - koningdrone.be","robots":{"index":"index","follow":"follow","max-snippet":"max-snippet:-1","max-image-preview":"max-image-preview:large","max-video-preview":"max-video-preview:-1"},"canonical":"https:\/\/koningdrone.be\/es\/producto\/dronavia-external-flight-termination-system-moc-2511-zephyr-matrice-30\/","og_locale":"es_ES","og_type":"article","og_title":"Dronavia External Flight Termination System MOC 2511 Z\u00e9phyr Matrice 30","og_description":"Installeren binnen 2 minuten    Geschikt voor de DJI Matrice 30    MOC M2511-compliant    Te plaatsen tussen de drone en de batterijen.","og_url":"https:\/\/koningdrone.be\/es\/producto\/dronavia-external-flight-termination-system-moc-2511-zephyr-matrice-30\/","og_site_name":"koningdrone.be","article_modified_time":"2026-04-29T12:00:56+00:00","og_image":[{"width":800,"height":800,"url":"https:\/\/koningdrone.be\/wp-content\/uploads\/sites\/13\/2025\/04\/dronavia-zephyr-terminatore-fts-esterno-moc-2511-per-dji-matrice-30-certificato-easa-1.png","type":"image\/png"}],"twitter_card":"summary_large_image","twitter_misc":{"Tiempo de lectura":"1 minuto"},"schema":{"@context":"https:\/\/schema.org","@graph":[{"@type":"WebPage","@id":"https:\/\/koningdrone.be\/product\/dronavia-external-flight-termination-system-moc-2511-zephyr-matrice-30\/","url":"https:\/\/koningdrone.be\/product\/dronavia-external-flight-termination-system-moc-2511-zephyr-matrice-30\/","name":"Dronavia External Flight Termination System MOC 2511 Z\u00e9phyr Matrice 30 - koningdrone.be","isPartOf":{"@id":"https:\/\/koningdrone.be\/#website"},"primaryImageOfPage":{"@id":"https:\/\/koningdrone.be\/product\/dronavia-external-flight-termination-system-moc-2511-zephyr-matrice-30\/#primaryimage"},"image":{"@id":"https:\/\/koningdrone.be\/product\/dronavia-external-flight-termination-system-moc-2511-zephyr-matrice-30\/#primaryimage"},"thumbnailUrl":"https:\/\/koningdrone.be\/wp-content\/uploads\/sites\/13\/2025\/04\/dronavia-zephyr-terminatore-fts-esterno-moc-2511-per-dji-matrice-30-certificato-easa-1.png","datePublished":"2024-09-18T08:26:35+00:00","dateModified":"2026-04-29T12:00:56+00:00","breadcrumb":{"@id":"https:\/\/koningdrone.be\/product\/dronavia-external-flight-termination-system-moc-2511-zephyr-matrice-30\/#breadcrumb"},"inLanguage":"es","potentialAction":[{"@type":"ReadAction","target":["https:\/\/koningdrone.be\/product\/dronavia-external-flight-termination-system-moc-2511-zephyr-matrice-30\/"]}]},{"@type":"ImageObject","inLanguage":"es","@id":"https:\/\/koningdrone.be\/product\/dronavia-external-flight-termination-system-moc-2511-zephyr-matrice-30\/#primaryimage","url":"https:\/\/koningdrone.be\/wp-content\/uploads\/sites\/13\/2025\/04\/dronavia-zephyr-terminatore-fts-esterno-moc-2511-per-dji-matrice-30-certificato-easa-1.png","contentUrl":"https:\/\/koningdrone.be\/wp-content\/uploads\/sites\/13\/2025\/04\/dronavia-zephyr-terminatore-fts-esterno-moc-2511-per-dji-matrice-30-certificato-easa-1.png","width":800,"height":800},{"@type":"BreadcrumbList","@id":"https:\/\/koningdrone.be\/product\/dronavia-external-flight-termination-system-moc-2511-zephyr-matrice-30\/#breadcrumb","itemListElement":[{"@type":"ListItem","position":1,"name":"Home","item":"https:\/\/koningdrone.be\/"},{"@type":"ListItem","position":2,"name":"AVSS Parachute Recovery System for DJI Matrice 300\/350","item":"https:\/\/koningdrone.be\/product\/avss-parachute-recovery-system-for-dji-matrice-300-350\/"},{"@type":"ListItem","position":3,"name":"Alle parachutes","item":"https:\/\/koningdrone.be\/categorie\/alle-parachutes\/"},{"@type":"ListItem","position":4,"name":"Dronavia External Flight Termination System MOC 2511 Z\u00e9phyr Matrice 30"}]},{"@type":"WebSite","@id":"https:\/\/koningdrone.be\/#website","url":"https:\/\/koningdrone.be\/","name":"Koningdrone.be - Su especialista en l\u00ednea en drones, cardanes, c\u00e1maras y centrales el\u00e9ctricas.","description":"La tienda virtual de drones y cardanes","publisher":{"@id":"https:\/\/koningdrone.be\/#organization"},"potentialAction":[{"@type":"SearchAction","target":{"@type":"EntryPoint","urlTemplate":"https:\/\/koningdrone.be\/?s={search_term_string}"},"query-input":{"@type":"PropertyValueSpecification","valueRequired":true,"valueName":"search_term_string"}}],"inLanguage":"es"},{"@type":"Organization","@id":"https:\/\/koningdrone.be\/#organization","name":"Kingdrone.es","url":"https:\/\/koningdrone.be\/","logo":{"@type":"ImageObject","inLanguage":"es","@id":"https:\/\/koningdrone.be\/#\/schema\/logo\/image\/","url":"https:\/\/koningdrone.be\/wp-content\/uploads\/sites\/13\/2025\/04\/koningdrone-copyright-logo.svg","contentUrl":"https:\/\/koningdrone.be\/wp-content\/uploads\/sites\/13\/2025\/04\/koningdrone-copyright-logo.svg","width":227,"height":38,"caption":"Koningdrone.be"},"image":{"@id":"https:\/\/koningdrone.be\/#\/schema\/logo\/image\/"}}]}},"df_price":"","df_sale_price":"","df_regular_price":"","df_image_link":"https:\/\/koningdrone.be\/wp-content\/uploads\/sites\/13\/2025\/04\/dronavia-zephyr-terminatore-fts-esterno-moc-2511-per-dji-matrice-30-certificato-easa-1-300x300.png","_links":{"self":[{"href":"https:\/\/koningdrone.be\/es\/wp-json\/wp\/v2\/product\/2582","targetHints":{"allow":["GET"]}}],"collection":[{"href":"https:\/\/koningdrone.be\/es\/wp-json\/wp\/v2\/product"}],"about":[{"href":"https:\/\/koningdrone.be\/es\/wp-json\/wp\/v2\/types\/product"}],"wp:featuredmedia":[{"embeddable":true,"href":"https:\/\/koningdrone.be\/es\/wp-json\/wp\/v2\/media\/2576"}],"wp:attachment":[{"href":"https:\/\/koningdrone.be\/es\/wp-json\/wp\/v2\/media?parent=2582"}],"wp:term":[{"taxonomy":"product_brand","embeddable":true,"href":"https:\/\/koningdrone.be\/es\/wp-json\/wp\/v2\/product_brand?post=2582"},{"taxonomy":"product_cat","embeddable":true,"href":"https:\/\/koningdrone.be\/es\/wp-json\/wp\/v2\/product_cat?post=2582"},{"taxonomy":"product_tag","embeddable":true,"href":"https:\/\/koningdrone.be\/es\/wp-json\/wp\/v2\/product_tag?post=2582"}],"curies":[{"name":"wp","href":"https:\/\/api.w.org\/{rel}","templated":true}]}}