{"id":2575,"date":"2024-09-18T10:26:49","date_gmt":"2024-09-18T08:26:49","guid":{"rendered":"https:\/\/koningdrone.nl\/kon\/product\/dronavia-pod-for-parachute-kronos-for-inspire-3\/"},"modified":"2026-04-29T16:01:02","modified_gmt":"2026-04-29T14:01:02","slug":"dronavia-pod-for-parachute-kronos-for-inspire-3","status":"publish","type":"product","link":"https:\/\/koningdrone.be\/es\/producto\/dronavia-pod-for-parachute-kronos-for-inspire-3\/","title":{"rendered":"Dronavia Pod para paraca\u00eddas Kronos para Inspire 3"},"content":{"rendered":"<p>El Dronavia Pod paraca\u00eddas Kronos para el Inspire 3 es f\u00e1cil de reemplazar. Es \u00fatil como repuesto o si el paraca\u00eddas ya est\u00e1 activado. Este pod, desarrollado por Dronavia, proporciona una forma segura y fiable de integrar sistemas de paraca\u00eddas en el Inspire 3, protegiendo al dron de circunstancias imprevistas como fallos de motor u otros problemas t\u00e9cnicos durante el vuelo. El paraca\u00eddas Kronos, montado en el pod, garantiza un aterrizaje r\u00e1pido y controlado en caso de emergencia, reduciendo significativamente el riesgo de da\u00f1os en el dron. Este sistema es ideal para usuarios profesionales de drones que exigen la m\u00e1xima seguridad y fiabilidad durante sus vuelos.<\/p>","protected":false},"excerpt":{"rendered":"<ul>\n<li>C\u00e1psula paraca\u00eddas<\/li>\n<li><\/li>\n<li>Adecuado para el Inspire 3<\/li>\n<li><\/li>\n<li>Vaina de repuesto<\/li>\n<li><\/li>\n<li>F\u00e1cil de colocar<\/li>\n<\/ul>","protected":false},"featured_media":2573,"template":"","meta":{"_acf_changed":false},"product_brand":[],"product_cat":[292,97,433,430],"product_tag":[],"class_list":{"0":"post-2575","1":"product","2":"type-product","3":"status-publish","4":"has-post-thumbnail","6":"product_cat-alle-parachutes","7":"product_cat-alle-producten","8":"product_cat-dji-inspire-3","9":"product_cat-dronavia","10":"product_shipping_class-outofstock","11":"pa_brand-dronavia","12":"pa_productfamily-pod-parachute","13":"pa_producttype-pod-parachute","14":"pa_series-inspire-3","16":"first","17":"outofstock","18":"taxable","19":"shipping-taxable","20":"purchasable","21":"product-type-simple"},"acf":[],"yoast_head":"<!-- This site is optimized with the Yoast SEO Premium plugin v27.2 (Yoast SEO v27.2) - https:\/\/yoast.com\/product\/yoast-seo-premium-wordpress\/ -->\n<title>Dronavia Pod for parachute Kronos for Inspire 3 - koningdrone.be<\/title>\n<meta name=\"robots\" content=\"index, follow, max-snippet:-1, max-image-preview:large, max-video-preview:-1\" \/>\n<link rel=\"canonical\" href=\"https:\/\/koningdrone.be\/es\/producto\/dronavia-pod-for-parachute-kronos-for-inspire-3\/\" \/>\n<meta property=\"og:locale\" content=\"es_ES\" \/>\n<meta property=\"og:type\" content=\"article\" \/>\n<meta property=\"og:title\" content=\"Dronavia Pod for parachute Kronos for Inspire 3\" \/>\n<meta property=\"og:description\" content=\"Parachute Pod    Geschikt voor de Inspire 3    Reserve pod    Gemakkelijk te plaaten\" \/>\n<meta property=\"og:url\" content=\"https:\/\/koningdrone.be\/es\/producto\/dronavia-pod-for-parachute-kronos-for-inspire-3\/\" \/>\n<meta property=\"og:site_name\" content=\"koningdrone.be\" \/>\n<meta property=\"article:modified_time\" content=\"2026-04-29T14:01:02+00:00\" \/>\n<meta property=\"og:image\" content=\"https:\/\/koningdrone.be\/wp-content\/uploads\/sites\/13\/2025\/04\/dronavia-fallschirmkapsel-kronos-fuer-dji-inspire-3.webp\" \/>\n\t<meta property=\"og:image:width\" content=\"1000\" \/>\n\t<meta property=\"og:image:height\" content=\"720\" \/>\n\t<meta property=\"og:image:type\" content=\"image\/webp\" \/>\n<meta name=\"twitter:card\" content=\"summary_large_image\" \/>\n<meta name=\"twitter:label1\" content=\"Tiempo de lectura\" \/>\n\t<meta name=\"twitter:data1\" content=\"1 minuto\" \/>\n<script type=\"application\/ld+json\" class=\"yoast-schema-graph\">{\"@context\":\"https:\/\/schema.org\",\"@graph\":[{\"@type\":\"WebPage\",\"@id\":\"https:\/\/koningdrone.be\/product\/dronavia-pod-for-parachute-kronos-for-inspire-3\/\",\"url\":\"https:\/\/koningdrone.be\/product\/dronavia-pod-for-parachute-kronos-for-inspire-3\/\",\"name\":\"Dronavia Pod for parachute Kronos for Inspire 3 - koningdrone.be\",\"isPartOf\":{\"@id\":\"https:\/\/koningdrone.be\/#website\"},\"primaryImageOfPage\":{\"@id\":\"https:\/\/koningdrone.be\/product\/dronavia-pod-for-parachute-kronos-for-inspire-3\/#primaryimage\"},\"image\":{\"@id\":\"https:\/\/koningdrone.be\/product\/dronavia-pod-for-parachute-kronos-for-inspire-3\/#primaryimage\"},\"thumbnailUrl\":\"https:\/\/koningdrone.be\/wp-content\/uploads\/sites\/13\/2025\/04\/dronavia-fallschirmkapsel-kronos-fuer-dji-inspire-3.webp\",\"datePublished\":\"2024-09-18T08:26:49+00:00\",\"dateModified\":\"2026-04-29T14:01:02+00:00\",\"breadcrumb\":{\"@id\":\"https:\/\/koningdrone.be\/product\/dronavia-pod-for-parachute-kronos-for-inspire-3\/#breadcrumb\"},\"inLanguage\":\"es\",\"potentialAction\":[{\"@type\":\"ReadAction\",\"target\":[\"https:\/\/koningdrone.be\/product\/dronavia-pod-for-parachute-kronos-for-inspire-3\/\"]}]},{\"@type\":\"ImageObject\",\"inLanguage\":\"es\",\"@id\":\"https:\/\/koningdrone.be\/product\/dronavia-pod-for-parachute-kronos-for-inspire-3\/#primaryimage\",\"url\":\"https:\/\/koningdrone.be\/wp-content\/uploads\/sites\/13\/2025\/04\/dronavia-fallschirmkapsel-kronos-fuer-dji-inspire-3.webp\",\"contentUrl\":\"https:\/\/koningdrone.be\/wp-content\/uploads\/sites\/13\/2025\/04\/dronavia-fallschirmkapsel-kronos-fuer-dji-inspire-3.webp\",\"width\":1000,\"height\":720},{\"@type\":\"BreadcrumbList\",\"@id\":\"https:\/\/koningdrone.be\/product\/dronavia-pod-for-parachute-kronos-for-inspire-3\/#breadcrumb\",\"itemListElement\":[{\"@type\":\"ListItem\",\"position\":1,\"name\":\"Home\",\"item\":\"https:\/\/koningdrone.be\/\"},{\"@type\":\"ListItem\",\"position\":2,\"name\":\"AVSS Parachute Recovery System for DJI Matrice 300\/350\",\"item\":\"https:\/\/koningdrone.be\/product\/avss-parachute-recovery-system-for-dji-matrice-300-350\/\"},{\"@type\":\"ListItem\",\"position\":3,\"name\":\"Alle parachutes\",\"item\":\"https:\/\/koningdrone.be\/categorie\/alle-parachutes\/\"},{\"@type\":\"ListItem\",\"position\":4,\"name\":\"Dronavia Pod for parachute Kronos for Inspire 3\"}]},{\"@type\":\"WebSite\",\"@id\":\"https:\/\/koningdrone.be\/#website\",\"url\":\"https:\/\/koningdrone.be\/\",\"name\":\"Koningdrone.be - Uw online specialist in drones, gimbals, camera's en power stations.\",\"description\":\"De webshop in drones en gimbals\",\"publisher\":{\"@id\":\"https:\/\/koningdrone.be\/#organization\"},\"potentialAction\":[{\"@type\":\"SearchAction\",\"target\":{\"@type\":\"EntryPoint\",\"urlTemplate\":\"https:\/\/koningdrone.be\/?s={search_term_string}\"},\"query-input\":{\"@type\":\"PropertyValueSpecification\",\"valueRequired\":true,\"valueName\":\"search_term_string\"}}],\"inLanguage\":\"es\"},{\"@type\":\"Organization\",\"@id\":\"https:\/\/koningdrone.be\/#organization\",\"name\":\"Koningdrone.be\",\"url\":\"https:\/\/koningdrone.be\/\",\"logo\":{\"@type\":\"ImageObject\",\"inLanguage\":\"es\",\"@id\":\"https:\/\/koningdrone.be\/#\/schema\/logo\/image\/\",\"url\":\"https:\/\/koningdrone.be\/wp-content\/uploads\/sites\/13\/2025\/04\/koningdrone-copyright-logo.svg\",\"contentUrl\":\"https:\/\/koningdrone.be\/wp-content\/uploads\/sites\/13\/2025\/04\/koningdrone-copyright-logo.svg\",\"width\":227,\"height\":38,\"caption\":\"Koningdrone.be\"},\"image\":{\"@id\":\"https:\/\/koningdrone.be\/#\/schema\/logo\/image\/\"}}]}<\/script>\n<!-- \/ Yoast SEO Premium plugin. -->","yoast_head_json":{"title":"Dronavia Pod for parachute Kronos for Inspire 3 - koningdrone.be","robots":{"index":"index","follow":"follow","max-snippet":"max-snippet:-1","max-image-preview":"max-image-preview:large","max-video-preview":"max-video-preview:-1"},"canonical":"https:\/\/koningdrone.be\/es\/producto\/dronavia-pod-for-parachute-kronos-for-inspire-3\/","og_locale":"es_ES","og_type":"article","og_title":"Dronavia Pod for parachute Kronos for Inspire 3","og_description":"Parachute Pod    Geschikt voor de Inspire 3    Reserve pod    Gemakkelijk te plaaten","og_url":"https:\/\/koningdrone.be\/es\/producto\/dronavia-pod-for-parachute-kronos-for-inspire-3\/","og_site_name":"koningdrone.be","article_modified_time":"2026-04-29T14:01:02+00:00","og_image":[{"width":1000,"height":720,"url":"https:\/\/koningdrone.be\/wp-content\/uploads\/sites\/13\/2025\/04\/dronavia-fallschirmkapsel-kronos-fuer-dji-inspire-3.webp","type":"image\/webp"}],"twitter_card":"summary_large_image","twitter_misc":{"Tiempo de lectura":"1 minuto"},"schema":{"@context":"https:\/\/schema.org","@graph":[{"@type":"WebPage","@id":"https:\/\/koningdrone.be\/product\/dronavia-pod-for-parachute-kronos-for-inspire-3\/","url":"https:\/\/koningdrone.be\/product\/dronavia-pod-for-parachute-kronos-for-inspire-3\/","name":"Dronavia Pod for parachute Kronos for Inspire 3 - koningdrone.be","isPartOf":{"@id":"https:\/\/koningdrone.be\/#website"},"primaryImageOfPage":{"@id":"https:\/\/koningdrone.be\/product\/dronavia-pod-for-parachute-kronos-for-inspire-3\/#primaryimage"},"image":{"@id":"https:\/\/koningdrone.be\/product\/dronavia-pod-for-parachute-kronos-for-inspire-3\/#primaryimage"},"thumbnailUrl":"https:\/\/koningdrone.be\/wp-content\/uploads\/sites\/13\/2025\/04\/dronavia-fallschirmkapsel-kronos-fuer-dji-inspire-3.webp","datePublished":"2024-09-18T08:26:49+00:00","dateModified":"2026-04-29T14:01:02+00:00","breadcrumb":{"@id":"https:\/\/koningdrone.be\/product\/dronavia-pod-for-parachute-kronos-for-inspire-3\/#breadcrumb"},"inLanguage":"es","potentialAction":[{"@type":"ReadAction","target":["https:\/\/koningdrone.be\/product\/dronavia-pod-for-parachute-kronos-for-inspire-3\/"]}]},{"@type":"ImageObject","inLanguage":"es","@id":"https:\/\/koningdrone.be\/product\/dronavia-pod-for-parachute-kronos-for-inspire-3\/#primaryimage","url":"https:\/\/koningdrone.be\/wp-content\/uploads\/sites\/13\/2025\/04\/dronavia-fallschirmkapsel-kronos-fuer-dji-inspire-3.webp","contentUrl":"https:\/\/koningdrone.be\/wp-content\/uploads\/sites\/13\/2025\/04\/dronavia-fallschirmkapsel-kronos-fuer-dji-inspire-3.webp","width":1000,"height":720},{"@type":"BreadcrumbList","@id":"https:\/\/koningdrone.be\/product\/dronavia-pod-for-parachute-kronos-for-inspire-3\/#breadcrumb","itemListElement":[{"@type":"ListItem","position":1,"name":"Home","item":"https:\/\/koningdrone.be\/"},{"@type":"ListItem","position":2,"name":"AVSS Parachute Recovery System for DJI Matrice 300\/350","item":"https:\/\/koningdrone.be\/product\/avss-parachute-recovery-system-for-dji-matrice-300-350\/"},{"@type":"ListItem","position":3,"name":"Alle parachutes","item":"https:\/\/koningdrone.be\/categorie\/alle-parachutes\/"},{"@type":"ListItem","position":4,"name":"Dronavia Pod for parachute Kronos for Inspire 3"}]},{"@type":"WebSite","@id":"https:\/\/koningdrone.be\/#website","url":"https:\/\/koningdrone.be\/","name":"Koningdrone.be - Su especialista en l\u00ednea en drones, cardanes, c\u00e1maras y centrales el\u00e9ctricas.","description":"La tienda virtual de drones y cardanes","publisher":{"@id":"https:\/\/koningdrone.be\/#organization"},"potentialAction":[{"@type":"SearchAction","target":{"@type":"EntryPoint","urlTemplate":"https:\/\/koningdrone.be\/?s={search_term_string}"},"query-input":{"@type":"PropertyValueSpecification","valueRequired":true,"valueName":"search_term_string"}}],"inLanguage":"es"},{"@type":"Organization","@id":"https:\/\/koningdrone.be\/#organization","name":"Kingdrone.es","url":"https:\/\/koningdrone.be\/","logo":{"@type":"ImageObject","inLanguage":"es","@id":"https:\/\/koningdrone.be\/#\/schema\/logo\/image\/","url":"https:\/\/koningdrone.be\/wp-content\/uploads\/sites\/13\/2025\/04\/koningdrone-copyright-logo.svg","contentUrl":"https:\/\/koningdrone.be\/wp-content\/uploads\/sites\/13\/2025\/04\/koningdrone-copyright-logo.svg","width":227,"height":38,"caption":"Koningdrone.be"},"image":{"@id":"https:\/\/koningdrone.be\/#\/schema\/logo\/image\/"}}]}},"df_price":313.39,"df_sale_price":"","df_regular_price":313.39,"df_image_link":"https:\/\/koningdrone.be\/wp-content\/uploads\/sites\/13\/2025\/04\/dronavia-fallschirmkapsel-kronos-fuer-dji-inspire-3-300x216.webp","_links":{"self":[{"href":"https:\/\/koningdrone.be\/es\/wp-json\/wp\/v2\/product\/2575","targetHints":{"allow":["GET"]}}],"collection":[{"href":"https:\/\/koningdrone.be\/es\/wp-json\/wp\/v2\/product"}],"about":[{"href":"https:\/\/koningdrone.be\/es\/wp-json\/wp\/v2\/types\/product"}],"wp:featuredmedia":[{"embeddable":true,"href":"https:\/\/koningdrone.be\/es\/wp-json\/wp\/v2\/media\/2573"}],"wp:attachment":[{"href":"https:\/\/koningdrone.be\/es\/wp-json\/wp\/v2\/media?parent=2575"}],"wp:term":[{"taxonomy":"product_brand","embeddable":true,"href":"https:\/\/koningdrone.be\/es\/wp-json\/wp\/v2\/product_brand?post=2575"},{"taxonomy":"product_cat","embeddable":true,"href":"https:\/\/koningdrone.be\/es\/wp-json\/wp\/v2\/product_cat?post=2575"},{"taxonomy":"product_tag","embeddable":true,"href":"https:\/\/koningdrone.be\/es\/wp-json\/wp\/v2\/product_tag?post=2575"}],"curies":[{"name":"wp","href":"https:\/\/api.w.org\/{rel}","templated":true}]}}