{"id":2560,"date":"2024-09-18T10:26:56","date_gmt":"2024-09-18T08:26:56","guid":{"rendered":"https:\/\/koningdrone.nl\/kon\/product\/dronavia-parachute-moc-m2-with-flight-termination-system-moc-2511-zaphyr-for-mavic-3-c5-mavic-3e-t-m\/"},"modified":"2026-04-29T16:01:06","modified_gmt":"2026-04-29T14:01:06","slug":"dronavia-parachute-moc-m2-with-flight-termination-system-moc-2511-zaphyr-for-mavic-3-c5-mavic-3e-t-m","status":"publish","type":"product","link":"https:\/\/koningdrone.be\/es\/producto\/dronavia-parachute-moc-m2-with-flight-termination-system-moc-2511-zaphyr-for-mavic-3-c5-mavic-3e-t-m\/","title":{"rendered":"Dronavia Paraca\u00eddas Moc M2 con Sistema de Terminaci\u00f3n de Vuelo Moc 2511 para Mavic 3 C5 (Mavic 3E\/T\/M)"},"content":{"rendered":"<p>El PRS-M3E, un paraca\u00eddas para drones DJI Mavic 3 Enterprise, DJI Mavic 3 Thermal y DJI Mavic 3 Multispectral, se integra f\u00e1cilmente en tu misi\u00f3n. El soporte de montaje asegura el sistema de recuperaci\u00f3n del paraca\u00eddas sin molestar a los m\u00f3dulos GPS sensibles. El sistema incluye un m\u00f3dulo electr\u00f3nico para alimentar el Parachute Pod\u2122 y el sistema de terminaci\u00f3n de vuelo. El sistema de a bordo est\u00e1 equipado con un sistema de activaci\u00f3n autom\u00e1tica para expulsar el paraca\u00eddas del dron. Para los usuarios finales de la Uni\u00f3n Europea, el PRS-M3EX es su elecci\u00f3n para los requisitos EASA MOC 2511 (Contenci\u00f3n Mejorada). El PRS-M3EX dispone de un sistema independiente de terminaci\u00f3n de vuelo y un m\u00e9todo independiente de despliegue del paraca\u00eddas.<\/p>","protected":false},"excerpt":{"rendered":"<ul>\n<li>Despliegue autom\u00e1tico en menos de 0,5 segundos<\/li>\n<li>Sistema de terminaci\u00f3n de vuelo plug-and-play con opci\u00f3n de despliegue de 0 metros\/pies<\/li>\n<li>Despliegue manual a trav\u00e9s del PSDK y una opci\u00f3n de despliegue independiente para el cumplimiento de EASA MOC 2511<\/li>\n<li>ASTM F3322-22, EASA MOC 2512 y EASA MOC 2511 (Q4, 2024) y documentaci\u00f3n de terceros pertinente para las autoridades de aviaci\u00f3n civil.<\/li>\n<\/ul>","protected":false},"featured_media":2559,"template":"","meta":{"_acf_changed":false},"product_brand":[],"product_cat":[292,97,137,165,430],"product_tag":[],"class_list":{"0":"post-2560","1":"product","2":"type-product","3":"status-publish","4":"has-post-thumbnail","6":"product_cat-alle-parachutes","7":"product_cat-alle-producten","8":"product_cat-dji-mavic-3","9":"product_cat-dji-mavic-3-enterprise","10":"product_cat-dronavia","11":"product_shipping_class-outofstock","12":"pa_brand-dronavia","13":"pa_productfamily-drone-parachute","14":"pa_producttype-drone-parachute","15":"pa_series-mavic-3","17":"first","18":"outofstock","19":"taxable","20":"shipping-taxable","21":"purchasable","22":"product-type-simple"},"acf":[],"yoast_head":"<!-- This site is optimized with the Yoast SEO Premium plugin v27.2 (Yoast SEO v27.2) - https:\/\/yoast.com\/product\/yoast-seo-premium-wordpress\/ -->\n<title>Dronavia Parachute Moc M2 with Flight Termination System Moc 2511 for Mavic 3 C5 (Mavic 3E\/T\/M) - koningdrone.be<\/title>\n<meta name=\"robots\" content=\"index, follow, max-snippet:-1, max-image-preview:large, max-video-preview:-1\" \/>\n<link rel=\"canonical\" href=\"https:\/\/koningdrone.be\/es\/producto\/dronavia-parachute-moc-m2-with-flight-termination-system-moc-2511-zaphyr-for-mavic-3-c5-mavic-3e-t-m\/\" \/>\n<meta property=\"og:locale\" content=\"es_ES\" \/>\n<meta property=\"og:type\" content=\"article\" \/>\n<meta property=\"og:title\" content=\"Dronavia Parachute Moc M2 with Flight Termination System Moc 2511 for Mavic 3 C5 (Mavic 3E\/T\/M)\" \/>\n<meta property=\"og:description\" content=\"Minder dan 0,5 seconde automatische ontplooiing  Plug-and-play vluchtbe\u00ebindigingssysteem met een optie van 0 meter\/feet ontplooiing  Handmatige ontplooiing via de PSDK en een onafhankelijke ontplooiingsoptie voor naleving van EASA MOC 2511  ASTM F3322-22, EASA MOC 2512 en EASA MOC 2511 (Q4, 2024) en documentatie van derden die relevant is voor burgerluchtvaartautoriteiten.\" \/>\n<meta property=\"og:url\" content=\"https:\/\/koningdrone.be\/es\/producto\/dronavia-parachute-moc-m2-with-flight-termination-system-moc-2511-zaphyr-for-mavic-3-c5-mavic-3e-t-m\/\" \/>\n<meta property=\"og:site_name\" content=\"koningdrone.be\" \/>\n<meta property=\"article:modified_time\" content=\"2026-04-29T14:01:06+00:00\" \/>\n<meta property=\"og:image\" content=\"https:\/\/koningdrone.be\/wp-content\/uploads\/sites\/13\/2025\/04\/Kronos-Mavic-3.webp\" \/>\n\t<meta property=\"og:image:width\" content=\"933\" \/>\n\t<meta property=\"og:image:height\" content=\"612\" \/>\n\t<meta property=\"og:image:type\" content=\"image\/webp\" \/>\n<meta name=\"twitter:card\" content=\"summary_large_image\" \/>\n<meta name=\"twitter:label1\" content=\"Tiempo de lectura\" \/>\n\t<meta name=\"twitter:data1\" content=\"1 minuto\" \/>\n<script type=\"application\/ld+json\" class=\"yoast-schema-graph\">{\"@context\":\"https:\/\/schema.org\",\"@graph\":[{\"@type\":\"WebPage\",\"@id\":\"https:\/\/koningdrone.be\/product\/dronavia-parachute-moc-m2-with-flight-termination-system-moc-2511-zaphyr-for-mavic-3-c5-mavic-3e-t-m\/\",\"url\":\"https:\/\/koningdrone.be\/product\/dronavia-parachute-moc-m2-with-flight-termination-system-moc-2511-zaphyr-for-mavic-3-c5-mavic-3e-t-m\/\",\"name\":\"Dronavia Parachute Moc M2 with Flight Termination System Moc 2511 for Mavic 3 C5 (Mavic 3E\/T\/M) - koningdrone.be\",\"isPartOf\":{\"@id\":\"https:\/\/koningdrone.be\/#website\"},\"primaryImageOfPage\":{\"@id\":\"https:\/\/koningdrone.be\/product\/dronavia-parachute-moc-m2-with-flight-termination-system-moc-2511-zaphyr-for-mavic-3-c5-mavic-3e-t-m\/#primaryimage\"},\"image\":{\"@id\":\"https:\/\/koningdrone.be\/product\/dronavia-parachute-moc-m2-with-flight-termination-system-moc-2511-zaphyr-for-mavic-3-c5-mavic-3e-t-m\/#primaryimage\"},\"thumbnailUrl\":\"https:\/\/koningdrone.be\/wp-content\/uploads\/sites\/13\/2025\/04\/Kronos-Mavic-3.webp\",\"datePublished\":\"2024-09-18T08:26:56+00:00\",\"dateModified\":\"2026-04-29T14:01:06+00:00\",\"breadcrumb\":{\"@id\":\"https:\/\/koningdrone.be\/product\/dronavia-parachute-moc-m2-with-flight-termination-system-moc-2511-zaphyr-for-mavic-3-c5-mavic-3e-t-m\/#breadcrumb\"},\"inLanguage\":\"es\",\"potentialAction\":[{\"@type\":\"ReadAction\",\"target\":[\"https:\/\/koningdrone.be\/product\/dronavia-parachute-moc-m2-with-flight-termination-system-moc-2511-zaphyr-for-mavic-3-c5-mavic-3e-t-m\/\"]}]},{\"@type\":\"ImageObject\",\"inLanguage\":\"es\",\"@id\":\"https:\/\/koningdrone.be\/product\/dronavia-parachute-moc-m2-with-flight-termination-system-moc-2511-zaphyr-for-mavic-3-c5-mavic-3e-t-m\/#primaryimage\",\"url\":\"https:\/\/koningdrone.be\/wp-content\/uploads\/sites\/13\/2025\/04\/Kronos-Mavic-3.webp\",\"contentUrl\":\"https:\/\/koningdrone.be\/wp-content\/uploads\/sites\/13\/2025\/04\/Kronos-Mavic-3.webp\",\"width\":933,\"height\":612},{\"@type\":\"BreadcrumbList\",\"@id\":\"https:\/\/koningdrone.be\/product\/dronavia-parachute-moc-m2-with-flight-termination-system-moc-2511-zaphyr-for-mavic-3-c5-mavic-3e-t-m\/#breadcrumb\",\"itemListElement\":[{\"@type\":\"ListItem\",\"position\":1,\"name\":\"Home\",\"item\":\"https:\/\/koningdrone.be\/\"},{\"@type\":\"ListItem\",\"position\":2,\"name\":\"AVSS Parachute Recovery System for DJI Matrice 300\/350\",\"item\":\"https:\/\/koningdrone.be\/product\/avss-parachute-recovery-system-for-dji-matrice-300-350\/\"},{\"@type\":\"ListItem\",\"position\":3,\"name\":\"Alle parachutes\",\"item\":\"https:\/\/koningdrone.be\/categorie\/alle-parachutes\/\"},{\"@type\":\"ListItem\",\"position\":4,\"name\":\"Dronavia Parachute Moc M2 with Flight Termination System Moc 2511 for Mavic 3 C5 (Mavic 3E\/T\/M)\"}]},{\"@type\":\"WebSite\",\"@id\":\"https:\/\/koningdrone.be\/#website\",\"url\":\"https:\/\/koningdrone.be\/\",\"name\":\"Koningdrone.be - Uw online specialist in drones, gimbals, camera's en power stations.\",\"description\":\"De webshop in drones en gimbals\",\"publisher\":{\"@id\":\"https:\/\/koningdrone.be\/#organization\"},\"potentialAction\":[{\"@type\":\"SearchAction\",\"target\":{\"@type\":\"EntryPoint\",\"urlTemplate\":\"https:\/\/koningdrone.be\/?s={search_term_string}\"},\"query-input\":{\"@type\":\"PropertyValueSpecification\",\"valueRequired\":true,\"valueName\":\"search_term_string\"}}],\"inLanguage\":\"es\"},{\"@type\":\"Organization\",\"@id\":\"https:\/\/koningdrone.be\/#organization\",\"name\":\"Koningdrone.be\",\"url\":\"https:\/\/koningdrone.be\/\",\"logo\":{\"@type\":\"ImageObject\",\"inLanguage\":\"es\",\"@id\":\"https:\/\/koningdrone.be\/#\/schema\/logo\/image\/\",\"url\":\"https:\/\/koningdrone.be\/wp-content\/uploads\/sites\/13\/2025\/04\/koningdrone-copyright-logo.svg\",\"contentUrl\":\"https:\/\/koningdrone.be\/wp-content\/uploads\/sites\/13\/2025\/04\/koningdrone-copyright-logo.svg\",\"width\":227,\"height\":38,\"caption\":\"Koningdrone.be\"},\"image\":{\"@id\":\"https:\/\/koningdrone.be\/#\/schema\/logo\/image\/\"}}]}<\/script>\n<!-- \/ Yoast SEO Premium plugin. -->","yoast_head_json":{"title":"Dronavia Parachute Moc M2 with Flight Termination System Moc 2511 for Mavic 3 C5 (Mavic 3E\/T\/M) - koningdrone.be","robots":{"index":"index","follow":"follow","max-snippet":"max-snippet:-1","max-image-preview":"max-image-preview:large","max-video-preview":"max-video-preview:-1"},"canonical":"https:\/\/koningdrone.be\/es\/producto\/dronavia-parachute-moc-m2-with-flight-termination-system-moc-2511-zaphyr-for-mavic-3-c5-mavic-3e-t-m\/","og_locale":"es_ES","og_type":"article","og_title":"Dronavia Parachute Moc M2 with Flight Termination System Moc 2511 for Mavic 3 C5 (Mavic 3E\/T\/M)","og_description":"Minder dan 0,5 seconde automatische ontplooiing  Plug-and-play vluchtbe\u00ebindigingssysteem met een optie van 0 meter\/feet ontplooiing  Handmatige ontplooiing via de PSDK en een onafhankelijke ontplooiingsoptie voor naleving van EASA MOC 2511  ASTM F3322-22, EASA MOC 2512 en EASA MOC 2511 (Q4, 2024) en documentatie van derden die relevant is voor burgerluchtvaartautoriteiten.","og_url":"https:\/\/koningdrone.be\/es\/producto\/dronavia-parachute-moc-m2-with-flight-termination-system-moc-2511-zaphyr-for-mavic-3-c5-mavic-3e-t-m\/","og_site_name":"koningdrone.be","article_modified_time":"2026-04-29T14:01:06+00:00","og_image":[{"width":933,"height":612,"url":"https:\/\/koningdrone.be\/wp-content\/uploads\/sites\/13\/2025\/04\/Kronos-Mavic-3.webp","type":"image\/webp"}],"twitter_card":"summary_large_image","twitter_misc":{"Tiempo de lectura":"1 minuto"},"schema":{"@context":"https:\/\/schema.org","@graph":[{"@type":"WebPage","@id":"https:\/\/koningdrone.be\/product\/dronavia-parachute-moc-m2-with-flight-termination-system-moc-2511-zaphyr-for-mavic-3-c5-mavic-3e-t-m\/","url":"https:\/\/koningdrone.be\/product\/dronavia-parachute-moc-m2-with-flight-termination-system-moc-2511-zaphyr-for-mavic-3-c5-mavic-3e-t-m\/","name":"Dronavia Parachute Moc M2 with Flight Termination System Moc 2511 for Mavic 3 C5 (Mavic 3E\/T\/M) - koningdrone.be","isPartOf":{"@id":"https:\/\/koningdrone.be\/#website"},"primaryImageOfPage":{"@id":"https:\/\/koningdrone.be\/product\/dronavia-parachute-moc-m2-with-flight-termination-system-moc-2511-zaphyr-for-mavic-3-c5-mavic-3e-t-m\/#primaryimage"},"image":{"@id":"https:\/\/koningdrone.be\/product\/dronavia-parachute-moc-m2-with-flight-termination-system-moc-2511-zaphyr-for-mavic-3-c5-mavic-3e-t-m\/#primaryimage"},"thumbnailUrl":"https:\/\/koningdrone.be\/wp-content\/uploads\/sites\/13\/2025\/04\/Kronos-Mavic-3.webp","datePublished":"2024-09-18T08:26:56+00:00","dateModified":"2026-04-29T14:01:06+00:00","breadcrumb":{"@id":"https:\/\/koningdrone.be\/product\/dronavia-parachute-moc-m2-with-flight-termination-system-moc-2511-zaphyr-for-mavic-3-c5-mavic-3e-t-m\/#breadcrumb"},"inLanguage":"es","potentialAction":[{"@type":"ReadAction","target":["https:\/\/koningdrone.be\/product\/dronavia-parachute-moc-m2-with-flight-termination-system-moc-2511-zaphyr-for-mavic-3-c5-mavic-3e-t-m\/"]}]},{"@type":"ImageObject","inLanguage":"es","@id":"https:\/\/koningdrone.be\/product\/dronavia-parachute-moc-m2-with-flight-termination-system-moc-2511-zaphyr-for-mavic-3-c5-mavic-3e-t-m\/#primaryimage","url":"https:\/\/koningdrone.be\/wp-content\/uploads\/sites\/13\/2025\/04\/Kronos-Mavic-3.webp","contentUrl":"https:\/\/koningdrone.be\/wp-content\/uploads\/sites\/13\/2025\/04\/Kronos-Mavic-3.webp","width":933,"height":612},{"@type":"BreadcrumbList","@id":"https:\/\/koningdrone.be\/product\/dronavia-parachute-moc-m2-with-flight-termination-system-moc-2511-zaphyr-for-mavic-3-c5-mavic-3e-t-m\/#breadcrumb","itemListElement":[{"@type":"ListItem","position":1,"name":"Home","item":"https:\/\/koningdrone.be\/"},{"@type":"ListItem","position":2,"name":"AVSS Parachute Recovery System for DJI Matrice 300\/350","item":"https:\/\/koningdrone.be\/product\/avss-parachute-recovery-system-for-dji-matrice-300-350\/"},{"@type":"ListItem","position":3,"name":"Alle parachutes","item":"https:\/\/koningdrone.be\/categorie\/alle-parachutes\/"},{"@type":"ListItem","position":4,"name":"Dronavia Parachute Moc M2 with Flight Termination System Moc 2511 for Mavic 3 C5 (Mavic 3E\/T\/M)"}]},{"@type":"WebSite","@id":"https:\/\/koningdrone.be\/#website","url":"https:\/\/koningdrone.be\/","name":"Koningdrone.be - Su especialista en l\u00ednea en drones, cardanes, c\u00e1maras y centrales el\u00e9ctricas.","description":"La tienda virtual de drones y cardanes","publisher":{"@id":"https:\/\/koningdrone.be\/#organization"},"potentialAction":[{"@type":"SearchAction","target":{"@type":"EntryPoint","urlTemplate":"https:\/\/koningdrone.be\/?s={search_term_string}"},"query-input":{"@type":"PropertyValueSpecification","valueRequired":true,"valueName":"search_term_string"}}],"inLanguage":"es"},{"@type":"Organization","@id":"https:\/\/koningdrone.be\/#organization","name":"Kingdrone.es","url":"https:\/\/koningdrone.be\/","logo":{"@type":"ImageObject","inLanguage":"es","@id":"https:\/\/koningdrone.be\/#\/schema\/logo\/image\/","url":"https:\/\/koningdrone.be\/wp-content\/uploads\/sites\/13\/2025\/04\/koningdrone-copyright-logo.svg","contentUrl":"https:\/\/koningdrone.be\/wp-content\/uploads\/sites\/13\/2025\/04\/koningdrone-copyright-logo.svg","width":227,"height":38,"caption":"Koningdrone.be"},"image":{"@id":"https:\/\/koningdrone.be\/#\/schema\/logo\/image\/"}}]}},"df_price":1561.9,"df_sale_price":"","df_regular_price":1561.9,"df_image_link":"https:\/\/koningdrone.be\/wp-content\/uploads\/sites\/13\/2025\/04\/Kronos-Mavic-3-300x197.webp","_links":{"self":[{"href":"https:\/\/koningdrone.be\/es\/wp-json\/wp\/v2\/product\/2560","targetHints":{"allow":["GET"]}}],"collection":[{"href":"https:\/\/koningdrone.be\/es\/wp-json\/wp\/v2\/product"}],"about":[{"href":"https:\/\/koningdrone.be\/es\/wp-json\/wp\/v2\/types\/product"}],"wp:featuredmedia":[{"embeddable":true,"href":"https:\/\/koningdrone.be\/es\/wp-json\/wp\/v2\/media\/2559"}],"wp:attachment":[{"href":"https:\/\/koningdrone.be\/es\/wp-json\/wp\/v2\/media?parent=2560"}],"wp:term":[{"taxonomy":"product_brand","embeddable":true,"href":"https:\/\/koningdrone.be\/es\/wp-json\/wp\/v2\/product_brand?post=2560"},{"taxonomy":"product_cat","embeddable":true,"href":"https:\/\/koningdrone.be\/es\/wp-json\/wp\/v2\/product_cat?post=2560"},{"taxonomy":"product_tag","embeddable":true,"href":"https:\/\/koningdrone.be\/es\/wp-json\/wp\/v2\/product_tag?post=2560"}],"curies":[{"name":"wp","href":"https:\/\/api.w.org\/{rel}","templated":true}]}}