{"id":2540,"date":"2024-09-18T10:27:25","date_gmt":"2024-09-18T08:27:25","guid":{"rendered":"https:\/\/koningdrone.nl\/kon\/product\/hollyland-solidcom-c1-pro-wired-headset-for-hub\/"},"modified":"2026-04-29T14:10:09","modified_gmt":"2026-04-29T12:10:09","slug":"hollyland-solidcom-c1-pro-wired-headset-for-hub","status":"publish","type":"product","link":"https:\/\/koningdrone.be\/es\/producto\/hollyland-solidcom-c1-pro-wired-headset-for-hub\/","title":{"rendered":"HOLLYLAND Solidcom C1 Pro Auricular con cable para HUB"},"content":{"rendered":"<p>El Solidcom C1 Pro cuenta con la incomparable tecnolog\u00eda ENC de micr\u00f3fono dual que ofrece un sonido n\u00edtido incluso en entornos ruidosos exigentes. El micr\u00f3fono principal direccional se dirige con precisi\u00f3n al rango de voz del orador y, al mismo tiempo, el micr\u00f3fono secundario omnidireccional del auricular recoge el ruido ambiental procedente de distintas direcciones como muestras de sonido. La se\u00f1al de audio se procesa con el avanzado algoritmo ENC, anulando eficazmente el ruido ambiente y ofreciendo una calidad de sonido cristalina.<\/p>","protected":false},"excerpt":{"rendered":"<ul>\n<li>350 metros de alcance activo<\/li>\n<li>Bater\u00eda recargable y reemplazable<\/li>\n<li>Audio de banda ancha de 150 Hz a 7 kHz<\/li>\n<li>Listo nada m\u00e1s sacarlo de la caja, emparejamiento autom\u00e1tico<\/li>\n<li>Estabilidad mejorada de Dect 6.0<\/li>\n<li>5 horas de trabajo<\/li>\n<li>Cada auricular de intercomunicaci\u00f3n incluye una bater\u00eda de litio de repuesto para facilitar su sustituci\u00f3n sobre el terreno y mantener los sistemas en funcionamiento con un tiempo de inactividad m\u00ednimo.<\/li>\n<\/ul>","protected":false},"featured_media":2539,"template":"","meta":{"_acf_changed":false},"product_brand":[],"product_cat":[268,419,97,207],"product_tag":[],"class_list":{"0":"post-2540","1":"product","2":"type-product","3":"status-publish","4":"has-post-thumbnail","6":"product_cat-alle-accessoires","7":"product_cat-alle-hoofdtelefoons","8":"product_cat-alle-producten","9":"product_cat-hollyland","10":"product_shipping_class-outofstock","11":"pa_brand-hollyland","12":"pa_productfamily-hoofdtelefoonsysteem","13":"pa_producttype-hoofdtelefoonsysteem","15":"first","16":"outofstock","17":"taxable","18":"shipping-taxable","19":"product-type-simple"},"acf":[],"yoast_head":"<!-- This site is optimized with the Yoast SEO Premium plugin v27.2 (Yoast SEO v27.2) - https:\/\/yoast.com\/product\/yoast-seo-premium-wordpress\/ -->\n<title>HOLLYLAND Solidcom C1 Pro Wired Headset for HUB - koningdrone.be<\/title>\n<meta name=\"robots\" content=\"index, follow, max-snippet:-1, max-image-preview:large, max-video-preview:-1\" \/>\n<link rel=\"canonical\" href=\"https:\/\/koningdrone.be\/es\/producto\/hollyland-solidcom-c1-pro-wired-headset-for-hub\/\" \/>\n<meta property=\"og:locale\" content=\"es_ES\" \/>\n<meta property=\"og:type\" content=\"article\" \/>\n<meta property=\"og:title\" content=\"HOLLYLAND Solidcom C1 Pro Wired Headset for HUB\" \/>\n<meta property=\"og:description\" content=\"350 meter actief bereikOplaadbare en vervangbare batterij150Hz-7KHz breedbandaudioKlaar uit de doos, automatisch koppelenDect 6.0 verbeterde stabiliteit5 uur werktijdElke intercom headset wordt geleverd met een lithium reservebatterij voor gemakkelijke vervanging in het veld, waardoor systemen in bedrijf blijven met minimale uitvaltijd\" \/>\n<meta property=\"og:url\" content=\"https:\/\/koningdrone.be\/es\/producto\/hollyland-solidcom-c1-pro-wired-headset-for-hub\/\" \/>\n<meta property=\"og:site_name\" content=\"koningdrone.be\" \/>\n<meta property=\"article:modified_time\" content=\"2026-04-29T12:10:09+00:00\" \/>\n<meta property=\"og:image\" content=\"https:\/\/koningdrone.be\/wp-content\/uploads\/sites\/13\/2025\/04\/1683243984_1765600.jpg\" \/>\n\t<meta property=\"og:image:width\" content=\"500\" \/>\n\t<meta property=\"og:image:height\" content=\"500\" \/>\n\t<meta property=\"og:image:type\" content=\"image\/jpeg\" \/>\n<meta name=\"twitter:card\" content=\"summary_large_image\" \/>\n<script type=\"application\/ld+json\" class=\"yoast-schema-graph\">{\"@context\":\"https:\/\/schema.org\",\"@graph\":[{\"@type\":\"WebPage\",\"@id\":\"https:\/\/koningdrone.be\/product\/hollyland-solidcom-c1-pro-wired-headset-for-hub\/\",\"url\":\"https:\/\/koningdrone.be\/product\/hollyland-solidcom-c1-pro-wired-headset-for-hub\/\",\"name\":\"HOLLYLAND Solidcom C1 Pro Wired Headset for HUB - koningdrone.be\",\"isPartOf\":{\"@id\":\"https:\/\/koningdrone.be\/#website\"},\"primaryImageOfPage\":{\"@id\":\"https:\/\/koningdrone.be\/product\/hollyland-solidcom-c1-pro-wired-headset-for-hub\/#primaryimage\"},\"image\":{\"@id\":\"https:\/\/koningdrone.be\/product\/hollyland-solidcom-c1-pro-wired-headset-for-hub\/#primaryimage\"},\"thumbnailUrl\":\"https:\/\/koningdrone.be\/wp-content\/uploads\/sites\/13\/2025\/04\/1683243984_1765600.jpg\",\"datePublished\":\"2024-09-18T08:27:25+00:00\",\"dateModified\":\"2026-04-29T12:10:09+00:00\",\"breadcrumb\":{\"@id\":\"https:\/\/koningdrone.be\/product\/hollyland-solidcom-c1-pro-wired-headset-for-hub\/#breadcrumb\"},\"inLanguage\":\"es\",\"potentialAction\":[{\"@type\":\"ReadAction\",\"target\":[\"https:\/\/koningdrone.be\/product\/hollyland-solidcom-c1-pro-wired-headset-for-hub\/\"]}]},{\"@type\":\"ImageObject\",\"inLanguage\":\"es\",\"@id\":\"https:\/\/koningdrone.be\/product\/hollyland-solidcom-c1-pro-wired-headset-for-hub\/#primaryimage\",\"url\":\"https:\/\/koningdrone.be\/wp-content\/uploads\/sites\/13\/2025\/04\/1683243984_1765600.jpg\",\"contentUrl\":\"https:\/\/koningdrone.be\/wp-content\/uploads\/sites\/13\/2025\/04\/1683243984_1765600.jpg\",\"width\":500,\"height\":500},{\"@type\":\"BreadcrumbList\",\"@id\":\"https:\/\/koningdrone.be\/product\/hollyland-solidcom-c1-pro-wired-headset-for-hub\/#breadcrumb\",\"itemListElement\":[{\"@type\":\"ListItem\",\"position\":1,\"name\":\"Home\",\"item\":\"https:\/\/koningdrone.be\/\"},{\"@type\":\"ListItem\",\"position\":2,\"name\":\"AVSS Parachute Recovery System for DJI Matrice 300\/350\",\"item\":\"https:\/\/koningdrone.be\/product\/avss-parachute-recovery-system-for-dji-matrice-300-350\/\"},{\"@type\":\"ListItem\",\"position\":3,\"name\":\"Alle accessoires\",\"item\":\"https:\/\/koningdrone.be\/categorie\/alle-accessoires\/\"},{\"@type\":\"ListItem\",\"position\":4,\"name\":\"HOLLYLAND Solidcom C1 Pro Wired Headset for HUB\"}]},{\"@type\":\"WebSite\",\"@id\":\"https:\/\/koningdrone.be\/#website\",\"url\":\"https:\/\/koningdrone.be\/\",\"name\":\"Koningdrone.be - Uw online specialist in drones, gimbals, camera's en power stations.\",\"description\":\"De webshop in drones en gimbals\",\"publisher\":{\"@id\":\"https:\/\/koningdrone.be\/#organization\"},\"potentialAction\":[{\"@type\":\"SearchAction\",\"target\":{\"@type\":\"EntryPoint\",\"urlTemplate\":\"https:\/\/koningdrone.be\/?s={search_term_string}\"},\"query-input\":{\"@type\":\"PropertyValueSpecification\",\"valueRequired\":true,\"valueName\":\"search_term_string\"}}],\"inLanguage\":\"es\"},{\"@type\":\"Organization\",\"@id\":\"https:\/\/koningdrone.be\/#organization\",\"name\":\"Koningdrone.be\",\"url\":\"https:\/\/koningdrone.be\/\",\"logo\":{\"@type\":\"ImageObject\",\"inLanguage\":\"es\",\"@id\":\"https:\/\/koningdrone.be\/#\/schema\/logo\/image\/\",\"url\":\"https:\/\/koningdrone.be\/wp-content\/uploads\/sites\/13\/2025\/04\/koningdrone-copyright-logo.svg\",\"contentUrl\":\"https:\/\/koningdrone.be\/wp-content\/uploads\/sites\/13\/2025\/04\/koningdrone-copyright-logo.svg\",\"width\":227,\"height\":38,\"caption\":\"Koningdrone.be\"},\"image\":{\"@id\":\"https:\/\/koningdrone.be\/#\/schema\/logo\/image\/\"}}]}<\/script>\n<!-- \/ Yoast SEO Premium plugin. -->","yoast_head_json":{"title":"HOLLYLAND Solidcom C1 Pro Wired Headset for HUB - koningdrone.be","robots":{"index":"index","follow":"follow","max-snippet":"max-snippet:-1","max-image-preview":"max-image-preview:large","max-video-preview":"max-video-preview:-1"},"canonical":"https:\/\/koningdrone.be\/es\/producto\/hollyland-solidcom-c1-pro-wired-headset-for-hub\/","og_locale":"es_ES","og_type":"article","og_title":"HOLLYLAND Solidcom C1 Pro Wired Headset for HUB","og_description":"350 meter actief bereikOplaadbare en vervangbare batterij150Hz-7KHz breedbandaudioKlaar uit de doos, automatisch koppelenDect 6.0 verbeterde stabiliteit5 uur werktijdElke intercom headset wordt geleverd met een lithium reservebatterij voor gemakkelijke vervanging in het veld, waardoor systemen in bedrijf blijven met minimale uitvaltijd","og_url":"https:\/\/koningdrone.be\/es\/producto\/hollyland-solidcom-c1-pro-wired-headset-for-hub\/","og_site_name":"koningdrone.be","article_modified_time":"2026-04-29T12:10:09+00:00","og_image":[{"width":500,"height":500,"url":"https:\/\/koningdrone.be\/wp-content\/uploads\/sites\/13\/2025\/04\/1683243984_1765600.jpg","type":"image\/jpeg"}],"twitter_card":"summary_large_image","schema":{"@context":"https:\/\/schema.org","@graph":[{"@type":"WebPage","@id":"https:\/\/koningdrone.be\/product\/hollyland-solidcom-c1-pro-wired-headset-for-hub\/","url":"https:\/\/koningdrone.be\/product\/hollyland-solidcom-c1-pro-wired-headset-for-hub\/","name":"HOLLYLAND Solidcom C1 Pro Wired Headset for HUB - koningdrone.be","isPartOf":{"@id":"https:\/\/koningdrone.be\/#website"},"primaryImageOfPage":{"@id":"https:\/\/koningdrone.be\/product\/hollyland-solidcom-c1-pro-wired-headset-for-hub\/#primaryimage"},"image":{"@id":"https:\/\/koningdrone.be\/product\/hollyland-solidcom-c1-pro-wired-headset-for-hub\/#primaryimage"},"thumbnailUrl":"https:\/\/koningdrone.be\/wp-content\/uploads\/sites\/13\/2025\/04\/1683243984_1765600.jpg","datePublished":"2024-09-18T08:27:25+00:00","dateModified":"2026-04-29T12:10:09+00:00","breadcrumb":{"@id":"https:\/\/koningdrone.be\/product\/hollyland-solidcom-c1-pro-wired-headset-for-hub\/#breadcrumb"},"inLanguage":"es","potentialAction":[{"@type":"ReadAction","target":["https:\/\/koningdrone.be\/product\/hollyland-solidcom-c1-pro-wired-headset-for-hub\/"]}]},{"@type":"ImageObject","inLanguage":"es","@id":"https:\/\/koningdrone.be\/product\/hollyland-solidcom-c1-pro-wired-headset-for-hub\/#primaryimage","url":"https:\/\/koningdrone.be\/wp-content\/uploads\/sites\/13\/2025\/04\/1683243984_1765600.jpg","contentUrl":"https:\/\/koningdrone.be\/wp-content\/uploads\/sites\/13\/2025\/04\/1683243984_1765600.jpg","width":500,"height":500},{"@type":"BreadcrumbList","@id":"https:\/\/koningdrone.be\/product\/hollyland-solidcom-c1-pro-wired-headset-for-hub\/#breadcrumb","itemListElement":[{"@type":"ListItem","position":1,"name":"Home","item":"https:\/\/koningdrone.be\/"},{"@type":"ListItem","position":2,"name":"AVSS Parachute Recovery System for DJI Matrice 300\/350","item":"https:\/\/koningdrone.be\/product\/avss-parachute-recovery-system-for-dji-matrice-300-350\/"},{"@type":"ListItem","position":3,"name":"Alle accessoires","item":"https:\/\/koningdrone.be\/categorie\/alle-accessoires\/"},{"@type":"ListItem","position":4,"name":"HOLLYLAND Solidcom C1 Pro Wired Headset for HUB"}]},{"@type":"WebSite","@id":"https:\/\/koningdrone.be\/#website","url":"https:\/\/koningdrone.be\/","name":"Koningdrone.be - Su especialista en l\u00ednea en drones, cardanes, c\u00e1maras y centrales el\u00e9ctricas.","description":"La tienda virtual de drones y cardanes","publisher":{"@id":"https:\/\/koningdrone.be\/#organization"},"potentialAction":[{"@type":"SearchAction","target":{"@type":"EntryPoint","urlTemplate":"https:\/\/koningdrone.be\/?s={search_term_string}"},"query-input":{"@type":"PropertyValueSpecification","valueRequired":true,"valueName":"search_term_string"}}],"inLanguage":"es"},{"@type":"Organization","@id":"https:\/\/koningdrone.be\/#organization","name":"Kingdrone.es","url":"https:\/\/koningdrone.be\/","logo":{"@type":"ImageObject","inLanguage":"es","@id":"https:\/\/koningdrone.be\/#\/schema\/logo\/image\/","url":"https:\/\/koningdrone.be\/wp-content\/uploads\/sites\/13\/2025\/04\/koningdrone-copyright-logo.svg","contentUrl":"https:\/\/koningdrone.be\/wp-content\/uploads\/sites\/13\/2025\/04\/koningdrone-copyright-logo.svg","width":227,"height":38,"caption":"Koningdrone.be"},"image":{"@id":"https:\/\/koningdrone.be\/#\/schema\/logo\/image\/"}}]}},"df_price":"","df_sale_price":"","df_regular_price":"","df_image_link":"https:\/\/koningdrone.be\/wp-content\/uploads\/sites\/13\/2025\/04\/1683243984_1765600-300x300.jpg","_links":{"self":[{"href":"https:\/\/koningdrone.be\/es\/wp-json\/wp\/v2\/product\/2540","targetHints":{"allow":["GET"]}}],"collection":[{"href":"https:\/\/koningdrone.be\/es\/wp-json\/wp\/v2\/product"}],"about":[{"href":"https:\/\/koningdrone.be\/es\/wp-json\/wp\/v2\/types\/product"}],"wp:featuredmedia":[{"embeddable":true,"href":"https:\/\/koningdrone.be\/es\/wp-json\/wp\/v2\/media\/2539"}],"wp:attachment":[{"href":"https:\/\/koningdrone.be\/es\/wp-json\/wp\/v2\/media?parent=2540"}],"wp:term":[{"taxonomy":"product_brand","embeddable":true,"href":"https:\/\/koningdrone.be\/es\/wp-json\/wp\/v2\/product_brand?post=2540"},{"taxonomy":"product_cat","embeddable":true,"href":"https:\/\/koningdrone.be\/es\/wp-json\/wp\/v2\/product_cat?post=2540"},{"taxonomy":"product_tag","embeddable":true,"href":"https:\/\/koningdrone.be\/es\/wp-json\/wp\/v2\/product_tag?post=2540"}],"curies":[{"name":"wp","href":"https:\/\/api.w.org\/{rel}","templated":true}]}}