{"id":2538,"date":"2024-09-18T10:27:25","date_gmt":"2024-09-18T08:27:25","guid":{"rendered":"https:\/\/koningdrone.nl\/kon\/product\/hollyland-solidcom-c1-pro-hub-base-2\/"},"modified":"2026-04-30T14:10:50","modified_gmt":"2026-04-30T12:10:50","slug":"hollyland-solidcom-c1-pro-hub-base-2","status":"publish","type":"product","link":"https:\/\/koningdrone.be\/es\/producto\/hollyland-solidcom-c1-pro-hub-base-2\/","title":{"rendered":"HOLLYLAND Solidcom C1 Pro Base HUB"},"content":{"rendered":"<p>Mejore la funcionalidad de su sistema de intercomunicaci\u00f3n integrando el Hub Base Hollyland Solidcom C1 Pro. Aunque el sistema Solidcom C1 Pro es capaz de utilizar hasta 8 auriculares sin Hub, la integraci\u00f3n del Hub le permite utilizar simult\u00e1neamente 1 auricular con cable y 8 auriculares remotos (se venden por separado). Tambi\u00e9n puede aumentar el n\u00famero de auriculares a\u00f1adiendo m\u00e1s unidades Hub en cascada en serie.<\/p>","protected":false},"excerpt":{"rendered":"<ul>\n<li>Ampl\u00ede las capacidades de su sistema de intercomunicaci\u00f3n con la Base Hub ENC Solidcom C1 Pro de Hollyland. El sistema Solidcom C1 Pro le permite utilizar hasta 8 auriculares sin Hub, pero si a\u00f1ade el Hub podr\u00e1 utilizar 1 auricular con cable y 8 auriculares externos simult\u00e1neamente (los auriculares se venden por separado). El sistema se puede ampliar a\u00fan m\u00e1s conectando en cascada unidades Hub adicionales para acomodar m\u00e1s auriculares.<\/li>\n<\/ul>","protected":false},"featured_media":2535,"template":"","meta":{"_acf_changed":false},"product_brand":[],"product_cat":[97],"product_tag":[],"class_list":{"0":"post-2538","1":"product","2":"type-product","3":"status-publish","4":"has-post-thumbnail","6":"product_cat-alle-producten","7":"product_shipping_class-outofstock","8":"pa_brand-hollyland","9":"pa_producttype-hub-basis","11":"first","12":"outofstock","13":"taxable","14":"shipping-taxable","15":"product-type-simple"},"acf":[],"yoast_head":"<!-- This site is optimized with the Yoast SEO Premium plugin v27.2 (Yoast SEO v27.2) - https:\/\/yoast.com\/product\/yoast-seo-premium-wordpress\/ -->\n<title>HOLLYLAND Solidcom C1 Pro HUB Base - koningdrone.be<\/title>\n<meta name=\"robots\" content=\"index, follow, max-snippet:-1, max-image-preview:large, max-video-preview:-1\" \/>\n<link rel=\"canonical\" href=\"https:\/\/koningdrone.be\/es\/producto\/hollyland-solidcom-c1-pro-hub-base-2\/\" \/>\n<meta property=\"og:locale\" content=\"es_ES\" \/>\n<meta property=\"og:type\" content=\"article\" \/>\n<meta property=\"og:title\" content=\"HOLLYLAND Solidcom C1 Pro HUB Base\" \/>\n<meta property=\"og:description\" content=\"Breid de mogelijkheden van uw intercomsysteem uit met de Hollyland Solidcom C1 Pro ENC Hub Base. Met het Solidcom C1 Pro systeem kunt u maximaal 8 headsets gebruiken zonder een Hub, maar door de Hub toe te voegen kunt u 1 bedrade headset en 8 externe headsets tegelijkertijd gebruiken (headsets afzonderlijk verkrijgbaar). Het systeem kan verder worden uitgebreid door extra Hub-units in cascade te plaatsen om meer headsets te kunnen gebruiken.\" \/>\n<meta property=\"og:url\" content=\"https:\/\/koningdrone.be\/es\/producto\/hollyland-solidcom-c1-pro-hub-base-2\/\" \/>\n<meta property=\"og:site_name\" content=\"koningdrone.be\" \/>\n<meta property=\"article:modified_time\" content=\"2026-04-30T12:10:50+00:00\" \/>\n<meta property=\"og:image\" content=\"https:\/\/koningdrone.be\/wp-content\/uploads\/sites\/13\/2025\/04\/1692184224_1765592.jpg\" \/>\n\t<meta property=\"og:image:width\" content=\"500\" \/>\n\t<meta property=\"og:image:height\" content=\"500\" \/>\n\t<meta property=\"og:image:type\" content=\"image\/jpeg\" \/>\n<meta name=\"twitter:card\" content=\"summary_large_image\" \/>\n<script type=\"application\/ld+json\" class=\"yoast-schema-graph\">{\"@context\":\"https:\/\/schema.org\",\"@graph\":[{\"@type\":\"WebPage\",\"@id\":\"https:\/\/koningdrone.be\/product\/hollyland-solidcom-c1-pro-hub-base-2\/\",\"url\":\"https:\/\/koningdrone.be\/product\/hollyland-solidcom-c1-pro-hub-base-2\/\",\"name\":\"HOLLYLAND Solidcom C1 Pro HUB Base - koningdrone.be\",\"isPartOf\":{\"@id\":\"https:\/\/koningdrone.be\/#website\"},\"primaryImageOfPage\":{\"@id\":\"https:\/\/koningdrone.be\/product\/hollyland-solidcom-c1-pro-hub-base-2\/#primaryimage\"},\"image\":{\"@id\":\"https:\/\/koningdrone.be\/product\/hollyland-solidcom-c1-pro-hub-base-2\/#primaryimage\"},\"thumbnailUrl\":\"https:\/\/koningdrone.be\/wp-content\/uploads\/sites\/13\/2025\/04\/1692184224_1765592.jpg\",\"datePublished\":\"2024-09-18T08:27:25+00:00\",\"dateModified\":\"2026-04-30T12:10:50+00:00\",\"breadcrumb\":{\"@id\":\"https:\/\/koningdrone.be\/product\/hollyland-solidcom-c1-pro-hub-base-2\/#breadcrumb\"},\"inLanguage\":\"es\",\"potentialAction\":[{\"@type\":\"ReadAction\",\"target\":[\"https:\/\/koningdrone.be\/product\/hollyland-solidcom-c1-pro-hub-base-2\/\"]}]},{\"@type\":\"ImageObject\",\"inLanguage\":\"es\",\"@id\":\"https:\/\/koningdrone.be\/product\/hollyland-solidcom-c1-pro-hub-base-2\/#primaryimage\",\"url\":\"https:\/\/koningdrone.be\/wp-content\/uploads\/sites\/13\/2025\/04\/1692184224_1765592.jpg\",\"contentUrl\":\"https:\/\/koningdrone.be\/wp-content\/uploads\/sites\/13\/2025\/04\/1692184224_1765592.jpg\",\"width\":500,\"height\":500},{\"@type\":\"BreadcrumbList\",\"@id\":\"https:\/\/koningdrone.be\/product\/hollyland-solidcom-c1-pro-hub-base-2\/#breadcrumb\",\"itemListElement\":[{\"@type\":\"ListItem\",\"position\":1,\"name\":\"Home\",\"item\":\"https:\/\/koningdrone.be\/\"},{\"@type\":\"ListItem\",\"position\":2,\"name\":\"AVSS Parachute Recovery System for DJI Matrice 300\/350\",\"item\":\"https:\/\/koningdrone.be\/product\/avss-parachute-recovery-system-for-dji-matrice-300-350\/\"},{\"@type\":\"ListItem\",\"position\":3,\"name\":\"Alle producten\",\"item\":\"https:\/\/koningdrone.be\/categorie\/alle-producten\/\"},{\"@type\":\"ListItem\",\"position\":4,\"name\":\"HOLLYLAND Solidcom C1 Pro HUB Base\"}]},{\"@type\":\"WebSite\",\"@id\":\"https:\/\/koningdrone.be\/#website\",\"url\":\"https:\/\/koningdrone.be\/\",\"name\":\"Koningdrone.be - Uw online specialist in drones, gimbals, camera's en power stations.\",\"description\":\"De webshop in drones en gimbals\",\"publisher\":{\"@id\":\"https:\/\/koningdrone.be\/#organization\"},\"potentialAction\":[{\"@type\":\"SearchAction\",\"target\":{\"@type\":\"EntryPoint\",\"urlTemplate\":\"https:\/\/koningdrone.be\/?s={search_term_string}\"},\"query-input\":{\"@type\":\"PropertyValueSpecification\",\"valueRequired\":true,\"valueName\":\"search_term_string\"}}],\"inLanguage\":\"es\"},{\"@type\":\"Organization\",\"@id\":\"https:\/\/koningdrone.be\/#organization\",\"name\":\"Koningdrone.be\",\"url\":\"https:\/\/koningdrone.be\/\",\"logo\":{\"@type\":\"ImageObject\",\"inLanguage\":\"es\",\"@id\":\"https:\/\/koningdrone.be\/#\/schema\/logo\/image\/\",\"url\":\"https:\/\/koningdrone.be\/wp-content\/uploads\/sites\/13\/2025\/04\/koningdrone-copyright-logo.svg\",\"contentUrl\":\"https:\/\/koningdrone.be\/wp-content\/uploads\/sites\/13\/2025\/04\/koningdrone-copyright-logo.svg\",\"width\":227,\"height\":38,\"caption\":\"Koningdrone.be\"},\"image\":{\"@id\":\"https:\/\/koningdrone.be\/#\/schema\/logo\/image\/\"}}]}<\/script>\n<!-- \/ Yoast SEO Premium plugin. -->","yoast_head_json":{"title":"HOLLYLAND Solidcom C1 Pro HUB Base - koningdrone.be","robots":{"index":"index","follow":"follow","max-snippet":"max-snippet:-1","max-image-preview":"max-image-preview:large","max-video-preview":"max-video-preview:-1"},"canonical":"https:\/\/koningdrone.be\/es\/producto\/hollyland-solidcom-c1-pro-hub-base-2\/","og_locale":"es_ES","og_type":"article","og_title":"HOLLYLAND Solidcom C1 Pro HUB Base","og_description":"Breid de mogelijkheden van uw intercomsysteem uit met de Hollyland Solidcom C1 Pro ENC Hub Base. Met het Solidcom C1 Pro systeem kunt u maximaal 8 headsets gebruiken zonder een Hub, maar door de Hub toe te voegen kunt u 1 bedrade headset en 8 externe headsets tegelijkertijd gebruiken (headsets afzonderlijk verkrijgbaar). Het systeem kan verder worden uitgebreid door extra Hub-units in cascade te plaatsen om meer headsets te kunnen gebruiken.","og_url":"https:\/\/koningdrone.be\/es\/producto\/hollyland-solidcom-c1-pro-hub-base-2\/","og_site_name":"koningdrone.be","article_modified_time":"2026-04-30T12:10:50+00:00","og_image":[{"width":500,"height":500,"url":"https:\/\/koningdrone.be\/wp-content\/uploads\/sites\/13\/2025\/04\/1692184224_1765592.jpg","type":"image\/jpeg"}],"twitter_card":"summary_large_image","schema":{"@context":"https:\/\/schema.org","@graph":[{"@type":"WebPage","@id":"https:\/\/koningdrone.be\/product\/hollyland-solidcom-c1-pro-hub-base-2\/","url":"https:\/\/koningdrone.be\/product\/hollyland-solidcom-c1-pro-hub-base-2\/","name":"HOLLYLAND Solidcom C1 Pro HUB Base - koningdrone.be","isPartOf":{"@id":"https:\/\/koningdrone.be\/#website"},"primaryImageOfPage":{"@id":"https:\/\/koningdrone.be\/product\/hollyland-solidcom-c1-pro-hub-base-2\/#primaryimage"},"image":{"@id":"https:\/\/koningdrone.be\/product\/hollyland-solidcom-c1-pro-hub-base-2\/#primaryimage"},"thumbnailUrl":"https:\/\/koningdrone.be\/wp-content\/uploads\/sites\/13\/2025\/04\/1692184224_1765592.jpg","datePublished":"2024-09-18T08:27:25+00:00","dateModified":"2026-04-30T12:10:50+00:00","breadcrumb":{"@id":"https:\/\/koningdrone.be\/product\/hollyland-solidcom-c1-pro-hub-base-2\/#breadcrumb"},"inLanguage":"es","potentialAction":[{"@type":"ReadAction","target":["https:\/\/koningdrone.be\/product\/hollyland-solidcom-c1-pro-hub-base-2\/"]}]},{"@type":"ImageObject","inLanguage":"es","@id":"https:\/\/koningdrone.be\/product\/hollyland-solidcom-c1-pro-hub-base-2\/#primaryimage","url":"https:\/\/koningdrone.be\/wp-content\/uploads\/sites\/13\/2025\/04\/1692184224_1765592.jpg","contentUrl":"https:\/\/koningdrone.be\/wp-content\/uploads\/sites\/13\/2025\/04\/1692184224_1765592.jpg","width":500,"height":500},{"@type":"BreadcrumbList","@id":"https:\/\/koningdrone.be\/product\/hollyland-solidcom-c1-pro-hub-base-2\/#breadcrumb","itemListElement":[{"@type":"ListItem","position":1,"name":"Home","item":"https:\/\/koningdrone.be\/"},{"@type":"ListItem","position":2,"name":"AVSS Parachute Recovery System for DJI Matrice 300\/350","item":"https:\/\/koningdrone.be\/product\/avss-parachute-recovery-system-for-dji-matrice-300-350\/"},{"@type":"ListItem","position":3,"name":"Alle producten","item":"https:\/\/koningdrone.be\/categorie\/alle-producten\/"},{"@type":"ListItem","position":4,"name":"HOLLYLAND Solidcom C1 Pro HUB Base"}]},{"@type":"WebSite","@id":"https:\/\/koningdrone.be\/#website","url":"https:\/\/koningdrone.be\/","name":"Koningdrone.be - Su especialista en l\u00ednea en drones, cardanes, c\u00e1maras y centrales el\u00e9ctricas.","description":"La tienda virtual de drones y cardanes","publisher":{"@id":"https:\/\/koningdrone.be\/#organization"},"potentialAction":[{"@type":"SearchAction","target":{"@type":"EntryPoint","urlTemplate":"https:\/\/koningdrone.be\/?s={search_term_string}"},"query-input":{"@type":"PropertyValueSpecification","valueRequired":true,"valueName":"search_term_string"}}],"inLanguage":"es"},{"@type":"Organization","@id":"https:\/\/koningdrone.be\/#organization","name":"Kingdrone.es","url":"https:\/\/koningdrone.be\/","logo":{"@type":"ImageObject","inLanguage":"es","@id":"https:\/\/koningdrone.be\/#\/schema\/logo\/image\/","url":"https:\/\/koningdrone.be\/wp-content\/uploads\/sites\/13\/2025\/04\/koningdrone-copyright-logo.svg","contentUrl":"https:\/\/koningdrone.be\/wp-content\/uploads\/sites\/13\/2025\/04\/koningdrone-copyright-logo.svg","width":227,"height":38,"caption":"Koningdrone.be"},"image":{"@id":"https:\/\/koningdrone.be\/#\/schema\/logo\/image\/"}}]}},"df_price":"","df_sale_price":"","df_regular_price":"","df_image_link":"https:\/\/koningdrone.be\/wp-content\/uploads\/sites\/13\/2025\/04\/1692184224_1765592-300x300.jpg","_links":{"self":[{"href":"https:\/\/koningdrone.be\/es\/wp-json\/wp\/v2\/product\/2538","targetHints":{"allow":["GET"]}}],"collection":[{"href":"https:\/\/koningdrone.be\/es\/wp-json\/wp\/v2\/product"}],"about":[{"href":"https:\/\/koningdrone.be\/es\/wp-json\/wp\/v2\/types\/product"}],"wp:featuredmedia":[{"embeddable":true,"href":"https:\/\/koningdrone.be\/es\/wp-json\/wp\/v2\/media\/2535"}],"wp:attachment":[{"href":"https:\/\/koningdrone.be\/es\/wp-json\/wp\/v2\/media?parent=2538"}],"wp:term":[{"taxonomy":"product_brand","embeddable":true,"href":"https:\/\/koningdrone.be\/es\/wp-json\/wp\/v2\/product_brand?post=2538"},{"taxonomy":"product_cat","embeddable":true,"href":"https:\/\/koningdrone.be\/es\/wp-json\/wp\/v2\/product_cat?post=2538"},{"taxonomy":"product_tag","embeddable":true,"href":"https:\/\/koningdrone.be\/es\/wp-json\/wp\/v2\/product_tag?post=2538"}],"curies":[{"name":"wp","href":"https:\/\/api.w.org\/{rel}","templated":true}]}}