{"id":2507,"date":"2024-09-18T10:28:09","date_gmt":"2024-09-18T08:28:09","guid":{"rendered":"https:\/\/koningdrone.nl\/kon\/product\/insta360-ace-ace-pro-battery-1700mah\/"},"modified":"2026-04-29T11:10:31","modified_gmt":"2026-04-29T09:10:31","slug":"insta360-ace-ace-pro-battery-1700mah","status":"publish","type":"product","link":"https:\/\/koningdrone.be\/es\/producto\/insta360-ace-ace-pro-battery-1700mah\/","title":{"rendered":"Bater\u00eda Insta360 Ace\/Ace Pro (1700mAh)"},"content":{"rendered":"<p>La bater\u00eda Insta360 Ace\/Ace Pro (1700mAh) es una bater\u00eda recargable de alta capacidad dise\u00f1ada para un rendimiento fiable con las c\u00e1maras Insta360 Ace y Ace Pro. Con una robusta capacidad de 1700mAh, proporciona un mayor tiempo de grabaci\u00f3n, permitiendo a los usuarios capturar m\u00e1s metraje con una sola carga. Compacta y ligera, esta bater\u00eda es la compa\u00f1era perfecta para largas sesiones de grabaci\u00f3n, ofreciendo comodidad y fiabilidad a los creadores de contenidos que necesitan energ\u00eda ininterrumpida para sus configuraciones de c\u00e1mara Insta360.<\/p>","protected":false},"excerpt":{"rendered":"<ul>\n<li>Dise\u00f1ado para Ace Pro y Ace<\/li>\n<li>Bater\u00eda de alta capacidad de 1700 mAh para capturar toda la acci\u00f3n<\/li>\n<li>Incluye portapilas con soporte para tarjeta de memoria<\/li>\n<\/ul>","protected":false},"featured_media":2504,"template":"","meta":{"_acf_changed":false},"product_brand":[],"product_cat":[113,97,343],"product_tag":[],"class_list":{"0":"post-2507","1":"product","2":"type-product","3":"status-publish","4":"has-post-thumbnail","6":"product_cat-alle-batterijen","7":"product_cat-alle-producten","8":"product_cat-insta360","9":"product_shipping_class-outofstock","10":"pa_brand-insta360","11":"pa_productfamily-batterij","12":"pa_producttype-batterij","13":"pa_series-insta360-go","15":"first","16":"outofstock","17":"taxable","18":"shipping-taxable","19":"product-type-simple"},"acf":[],"yoast_head":"<!-- This site is optimized with the Yoast SEO Premium plugin v27.2 (Yoast SEO v27.2) - https:\/\/yoast.com\/product\/yoast-seo-premium-wordpress\/ -->\n<title>Insta360 Ace\/Ace Pro Battery (1700mAh) - koningdrone.be<\/title>\n<meta name=\"robots\" content=\"index, follow, max-snippet:-1, max-image-preview:large, max-video-preview:-1\" \/>\n<link rel=\"canonical\" href=\"https:\/\/koningdrone.be\/es\/producto\/insta360-ace-ace-pro-battery-1700mah\/\" \/>\n<meta property=\"og:locale\" content=\"es_ES\" \/>\n<meta property=\"og:type\" content=\"article\" \/>\n<meta property=\"og:title\" content=\"Insta360 Ace\/Ace Pro Battery (1700mAh)\" \/>\n<meta property=\"og:description\" content=\"Ontworpen voor Ace Pro &amp; Ace1700mAh batterij met hoge capaciteit om alle actie vast te leggenInclusief batterijhouder met geheugenkaarthouder\" \/>\n<meta property=\"og:url\" content=\"https:\/\/koningdrone.be\/es\/producto\/insta360-ace-ace-pro-battery-1700mah\/\" \/>\n<meta property=\"og:site_name\" content=\"koningdrone.be\" \/>\n<meta property=\"article:modified_time\" content=\"2026-04-29T09:10:31+00:00\" \/>\n<meta property=\"og:image\" content=\"https:\/\/koningdrone.be\/wp-content\/uploads\/sites\/13\/2025\/04\/Insta360ace1b.jpg\" \/>\n\t<meta property=\"og:image:width\" content=\"529\" \/>\n\t<meta property=\"og:image:height\" content=\"559\" \/>\n\t<meta property=\"og:image:type\" content=\"image\/jpeg\" \/>\n<meta name=\"twitter:card\" content=\"summary_large_image\" \/>\n<script type=\"application\/ld+json\" class=\"yoast-schema-graph\">{\"@context\":\"https:\/\/schema.org\",\"@graph\":[{\"@type\":\"WebPage\",\"@id\":\"https:\/\/koningdrone.be\/product\/insta360-ace-ace-pro-battery-1700mah\/\",\"url\":\"https:\/\/koningdrone.be\/product\/insta360-ace-ace-pro-battery-1700mah\/\",\"name\":\"Insta360 Ace\/Ace Pro Battery (1700mAh) - koningdrone.be\",\"isPartOf\":{\"@id\":\"https:\/\/koningdrone.be\/#website\"},\"primaryImageOfPage\":{\"@id\":\"https:\/\/koningdrone.be\/product\/insta360-ace-ace-pro-battery-1700mah\/#primaryimage\"},\"image\":{\"@id\":\"https:\/\/koningdrone.be\/product\/insta360-ace-ace-pro-battery-1700mah\/#primaryimage\"},\"thumbnailUrl\":\"https:\/\/koningdrone.be\/wp-content\/uploads\/sites\/13\/2025\/04\/Insta360ace1b.jpg\",\"datePublished\":\"2024-09-18T08:28:09+00:00\",\"dateModified\":\"2026-04-29T09:10:31+00:00\",\"breadcrumb\":{\"@id\":\"https:\/\/koningdrone.be\/product\/insta360-ace-ace-pro-battery-1700mah\/#breadcrumb\"},\"inLanguage\":\"es\",\"potentialAction\":[{\"@type\":\"ReadAction\",\"target\":[\"https:\/\/koningdrone.be\/product\/insta360-ace-ace-pro-battery-1700mah\/\"]}]},{\"@type\":\"ImageObject\",\"inLanguage\":\"es\",\"@id\":\"https:\/\/koningdrone.be\/product\/insta360-ace-ace-pro-battery-1700mah\/#primaryimage\",\"url\":\"https:\/\/koningdrone.be\/wp-content\/uploads\/sites\/13\/2025\/04\/Insta360ace1b.jpg\",\"contentUrl\":\"https:\/\/koningdrone.be\/wp-content\/uploads\/sites\/13\/2025\/04\/Insta360ace1b.jpg\",\"width\":529,\"height\":559},{\"@type\":\"BreadcrumbList\",\"@id\":\"https:\/\/koningdrone.be\/product\/insta360-ace-ace-pro-battery-1700mah\/#breadcrumb\",\"itemListElement\":[{\"@type\":\"ListItem\",\"position\":1,\"name\":\"Home\",\"item\":\"https:\/\/koningdrone.be\/\"},{\"@type\":\"ListItem\",\"position\":2,\"name\":\"AVSS Parachute Recovery System for DJI Matrice 300\/350\",\"item\":\"https:\/\/koningdrone.be\/product\/avss-parachute-recovery-system-for-dji-matrice-300-350\/\"},{\"@type\":\"ListItem\",\"position\":3,\"name\":\"Alle batterijen\",\"item\":\"https:\/\/koningdrone.be\/categorie\/alle-batterijen\/\"},{\"@type\":\"ListItem\",\"position\":4,\"name\":\"Insta360 Ace\/Ace Pro Battery (1700mAh)\"}]},{\"@type\":\"WebSite\",\"@id\":\"https:\/\/koningdrone.be\/#website\",\"url\":\"https:\/\/koningdrone.be\/\",\"name\":\"Koningdrone.be - Uw online specialist in drones, gimbals, camera's en power stations.\",\"description\":\"De webshop in drones en gimbals\",\"publisher\":{\"@id\":\"https:\/\/koningdrone.be\/#organization\"},\"potentialAction\":[{\"@type\":\"SearchAction\",\"target\":{\"@type\":\"EntryPoint\",\"urlTemplate\":\"https:\/\/koningdrone.be\/?s={search_term_string}\"},\"query-input\":{\"@type\":\"PropertyValueSpecification\",\"valueRequired\":true,\"valueName\":\"search_term_string\"}}],\"inLanguage\":\"es\"},{\"@type\":\"Organization\",\"@id\":\"https:\/\/koningdrone.be\/#organization\",\"name\":\"Koningdrone.be\",\"url\":\"https:\/\/koningdrone.be\/\",\"logo\":{\"@type\":\"ImageObject\",\"inLanguage\":\"es\",\"@id\":\"https:\/\/koningdrone.be\/#\/schema\/logo\/image\/\",\"url\":\"https:\/\/koningdrone.be\/wp-content\/uploads\/sites\/13\/2025\/04\/koningdrone-copyright-logo.svg\",\"contentUrl\":\"https:\/\/koningdrone.be\/wp-content\/uploads\/sites\/13\/2025\/04\/koningdrone-copyright-logo.svg\",\"width\":227,\"height\":38,\"caption\":\"Koningdrone.be\"},\"image\":{\"@id\":\"https:\/\/koningdrone.be\/#\/schema\/logo\/image\/\"}}]}<\/script>\n<!-- \/ Yoast SEO Premium plugin. -->","yoast_head_json":{"title":"Insta360 Ace\/Ace Pro Battery (1700mAh) - koningdrone.be","robots":{"index":"index","follow":"follow","max-snippet":"max-snippet:-1","max-image-preview":"max-image-preview:large","max-video-preview":"max-video-preview:-1"},"canonical":"https:\/\/koningdrone.be\/es\/producto\/insta360-ace-ace-pro-battery-1700mah\/","og_locale":"es_ES","og_type":"article","og_title":"Insta360 Ace\/Ace Pro Battery (1700mAh)","og_description":"Ontworpen voor Ace Pro &amp; Ace1700mAh batterij met hoge capaciteit om alle actie vast te leggenInclusief batterijhouder met geheugenkaarthouder","og_url":"https:\/\/koningdrone.be\/es\/producto\/insta360-ace-ace-pro-battery-1700mah\/","og_site_name":"koningdrone.be","article_modified_time":"2026-04-29T09:10:31+00:00","og_image":[{"width":529,"height":559,"url":"https:\/\/koningdrone.be\/wp-content\/uploads\/sites\/13\/2025\/04\/Insta360ace1b.jpg","type":"image\/jpeg"}],"twitter_card":"summary_large_image","schema":{"@context":"https:\/\/schema.org","@graph":[{"@type":"WebPage","@id":"https:\/\/koningdrone.be\/product\/insta360-ace-ace-pro-battery-1700mah\/","url":"https:\/\/koningdrone.be\/product\/insta360-ace-ace-pro-battery-1700mah\/","name":"Insta360 Ace\/Ace Pro Battery (1700mAh) - koningdrone.be","isPartOf":{"@id":"https:\/\/koningdrone.be\/#website"},"primaryImageOfPage":{"@id":"https:\/\/koningdrone.be\/product\/insta360-ace-ace-pro-battery-1700mah\/#primaryimage"},"image":{"@id":"https:\/\/koningdrone.be\/product\/insta360-ace-ace-pro-battery-1700mah\/#primaryimage"},"thumbnailUrl":"https:\/\/koningdrone.be\/wp-content\/uploads\/sites\/13\/2025\/04\/Insta360ace1b.jpg","datePublished":"2024-09-18T08:28:09+00:00","dateModified":"2026-04-29T09:10:31+00:00","breadcrumb":{"@id":"https:\/\/koningdrone.be\/product\/insta360-ace-ace-pro-battery-1700mah\/#breadcrumb"},"inLanguage":"es","potentialAction":[{"@type":"ReadAction","target":["https:\/\/koningdrone.be\/product\/insta360-ace-ace-pro-battery-1700mah\/"]}]},{"@type":"ImageObject","inLanguage":"es","@id":"https:\/\/koningdrone.be\/product\/insta360-ace-ace-pro-battery-1700mah\/#primaryimage","url":"https:\/\/koningdrone.be\/wp-content\/uploads\/sites\/13\/2025\/04\/Insta360ace1b.jpg","contentUrl":"https:\/\/koningdrone.be\/wp-content\/uploads\/sites\/13\/2025\/04\/Insta360ace1b.jpg","width":529,"height":559},{"@type":"BreadcrumbList","@id":"https:\/\/koningdrone.be\/product\/insta360-ace-ace-pro-battery-1700mah\/#breadcrumb","itemListElement":[{"@type":"ListItem","position":1,"name":"Home","item":"https:\/\/koningdrone.be\/"},{"@type":"ListItem","position":2,"name":"AVSS Parachute Recovery System for DJI Matrice 300\/350","item":"https:\/\/koningdrone.be\/product\/avss-parachute-recovery-system-for-dji-matrice-300-350\/"},{"@type":"ListItem","position":3,"name":"Alle batterijen","item":"https:\/\/koningdrone.be\/categorie\/alle-batterijen\/"},{"@type":"ListItem","position":4,"name":"Insta360 Ace\/Ace Pro Battery (1700mAh)"}]},{"@type":"WebSite","@id":"https:\/\/koningdrone.be\/#website","url":"https:\/\/koningdrone.be\/","name":"Koningdrone.be - Su especialista en l\u00ednea en drones, cardanes, c\u00e1maras y centrales el\u00e9ctricas.","description":"La tienda virtual de drones y cardanes","publisher":{"@id":"https:\/\/koningdrone.be\/#organization"},"potentialAction":[{"@type":"SearchAction","target":{"@type":"EntryPoint","urlTemplate":"https:\/\/koningdrone.be\/?s={search_term_string}"},"query-input":{"@type":"PropertyValueSpecification","valueRequired":true,"valueName":"search_term_string"}}],"inLanguage":"es"},{"@type":"Organization","@id":"https:\/\/koningdrone.be\/#organization","name":"Kingdrone.es","url":"https:\/\/koningdrone.be\/","logo":{"@type":"ImageObject","inLanguage":"es","@id":"https:\/\/koningdrone.be\/#\/schema\/logo\/image\/","url":"https:\/\/koningdrone.be\/wp-content\/uploads\/sites\/13\/2025\/04\/koningdrone-copyright-logo.svg","contentUrl":"https:\/\/koningdrone.be\/wp-content\/uploads\/sites\/13\/2025\/04\/koningdrone-copyright-logo.svg","width":227,"height":38,"caption":"Koningdrone.be"},"image":{"@id":"https:\/\/koningdrone.be\/#\/schema\/logo\/image\/"}}]}},"df_price":"","df_sale_price":"","df_regular_price":"","df_image_link":"https:\/\/koningdrone.be\/wp-content\/uploads\/sites\/13\/2025\/04\/Insta360ace1b-284x300.jpg","_links":{"self":[{"href":"https:\/\/koningdrone.be\/es\/wp-json\/wp\/v2\/product\/2507","targetHints":{"allow":["GET"]}}],"collection":[{"href":"https:\/\/koningdrone.be\/es\/wp-json\/wp\/v2\/product"}],"about":[{"href":"https:\/\/koningdrone.be\/es\/wp-json\/wp\/v2\/types\/product"}],"wp:featuredmedia":[{"embeddable":true,"href":"https:\/\/koningdrone.be\/es\/wp-json\/wp\/v2\/media\/2504"}],"wp:attachment":[{"href":"https:\/\/koningdrone.be\/es\/wp-json\/wp\/v2\/media?parent=2507"}],"wp:term":[{"taxonomy":"product_brand","embeddable":true,"href":"https:\/\/koningdrone.be\/es\/wp-json\/wp\/v2\/product_brand?post=2507"},{"taxonomy":"product_cat","embeddable":true,"href":"https:\/\/koningdrone.be\/es\/wp-json\/wp\/v2\/product_cat?post=2507"},{"taxonomy":"product_tag","embeddable":true,"href":"https:\/\/koningdrone.be\/es\/wp-json\/wp\/v2\/product_tag?post=2507"}],"curies":[{"name":"wp","href":"https:\/\/api.w.org\/{rel}","templated":true}]}}