{"id":2445,"date":"2024-09-18T10:28:49","date_gmt":"2024-09-18T08:28:49","guid":{"rendered":"https:\/\/koningdrone.nl\/kon\/product\/insta360-x3-explorer-combo\/"},"modified":"2026-04-30T11:20:25","modified_gmt":"2026-04-30T09:20:25","slug":"insta360-x3-explorer-combo","status":"publish","type":"product","link":"https:\/\/koningdrone.be\/es\/producto\/insta360-x3-explorer-combo\/","title":{"rendered":"Insta360 X3 Explorer Combo"},"content":{"rendered":"<p>Este paquete incluye la c\u00e1mara Insta360 X3 Explorer Combo, una bater\u00eda adicional, un protector de lente y un palo selfie 2 en 1. La Insta360 X3 ofrece im\u00e1genes de 360 grados de alta resoluci\u00f3n, mientras que la bater\u00eda adicional ampl\u00eda el tiempo de grabaci\u00f3n. El protector de lente ofrece protecci\u00f3n adicional para las lentes de la c\u00e1mara y el palo selfie 2 en 1 proporciona \u00e1ngulos de disparo vers\u00e1tiles y selfies f\u00e1ciles. Juntos, estos art\u00edculos proporcionan una configuraci\u00f3n completa para capturar y proteger sus aventuras y proyectos creativos.<\/p>","protected":false},"excerpt":{"rendered":"<ul>\n<li>C\u00e1mara de bolsillo est\u00e1ndar y de 360\u00b0 de modo dual<\/li>\n<li>Bater\u00eda recargable de 1800 mAh<\/li>\n<li>Palo selfie, empu\u00f1adura Bullet Time<\/li>\n<li>Protectores de lente<\/li>\n<li>Sensor de imagen: CMOS de 1\/2<\/li>\n<li>Resoluci\u00f3n del sensor: 48 megap\u00edxeles efectivos<\/li>\n<li>Distancia focal: 6,7 mm (equivalente en 35 mm: 6,7 mm)<\/li>\n<li>Apertura m\u00e1xima: f\/1,9<\/li>\n<li>Dimensiones (AnxAlxPr): 114 x 46 x 33,1 mm<\/li>\n<li>Peso: 180 gramos<\/li>\n<\/ul>","protected":false},"featured_media":2438,"template":"","meta":{"_acf_changed":false},"product_brand":[],"product_cat":[97,343],"product_tag":[],"class_list":{"0":"post-2445","1":"product","2":"type-product","3":"status-publish","4":"has-post-thumbnail","6":"product_cat-alle-producten","7":"product_cat-insta360","8":"product_shipping_class-outofstock","9":"pa_brand-insta360","10":"pa_productfamily-combo-camerapakket","11":"pa_producttype-combo-camerapakket","12":"pa_series-insta360-go","14":"first","15":"outofstock","16":"taxable","17":"shipping-taxable","18":"product-type-simple"},"acf":[],"yoast_head":"<!-- This site is optimized with the Yoast SEO Premium plugin v27.2 (Yoast SEO v27.2) - https:\/\/yoast.com\/product\/yoast-seo-premium-wordpress\/ -->\n<title>Insta360 X3 Explorer Combo - koningdrone.be<\/title>\n<meta name=\"robots\" content=\"index, follow, max-snippet:-1, max-image-preview:large, max-video-preview:-1\" \/>\n<link rel=\"canonical\" href=\"https:\/\/koningdrone.be\/es\/producto\/insta360-x3-explorer-combo\/\" \/>\n<meta property=\"og:locale\" content=\"es_ES\" \/>\n<meta property=\"og:type\" content=\"article\" \/>\n<meta property=\"og:title\" content=\"Insta360 X3 Explorer Combo\" \/>\n<meta property=\"og:description\" content=\"Dual mode 360\u00b0 and standard pocket camera  Rechargeable 1800 mAh battery  Selfie stick, Bullet Time handle  Lens protectors  Image sensor: 1\/2&quot; type CMOS  Sensor resolution: effective 48 megapixels  Focal length: 6.7mm (35mm equivalent: 6.7mm)  Maximum aperture: f\/1.9  Dimensions (WxHxD): 114 x 46 x 33.1 mm  Weight: 180 grams\" \/>\n<meta property=\"og:url\" content=\"https:\/\/koningdrone.be\/es\/producto\/insta360-x3-explorer-combo\/\" \/>\n<meta property=\"og:site_name\" content=\"koningdrone.be\" \/>\n<meta property=\"article:modified_time\" content=\"2026-04-30T09:20:25+00:00\" \/>\n<meta property=\"og:image\" content=\"https:\/\/koningdrone.be\/wp-content\/uploads\/sites\/13\/2025\/04\/Insta360-X3-Explorer-ComboX3-Extra-Battery-Lens-Guard-2-in-1-Selfie-Stick_1.jpg\" \/>\n\t<meta property=\"og:image:width\" content=\"1000\" \/>\n\t<meta property=\"og:image:height\" content=\"1000\" \/>\n\t<meta property=\"og:image:type\" content=\"image\/jpeg\" \/>\n<meta name=\"twitter:card\" content=\"summary_large_image\" \/>\n<script type=\"application\/ld+json\" class=\"yoast-schema-graph\">{\"@context\":\"https:\/\/schema.org\",\"@graph\":[{\"@type\":\"WebPage\",\"@id\":\"https:\/\/koningdrone.be\/product\/insta360-x3-explorer-combo\/\",\"url\":\"https:\/\/koningdrone.be\/product\/insta360-x3-explorer-combo\/\",\"name\":\"Insta360 X3 Explorer Combo - koningdrone.be\",\"isPartOf\":{\"@id\":\"https:\/\/koningdrone.be\/#website\"},\"primaryImageOfPage\":{\"@id\":\"https:\/\/koningdrone.be\/product\/insta360-x3-explorer-combo\/#primaryimage\"},\"image\":{\"@id\":\"https:\/\/koningdrone.be\/product\/insta360-x3-explorer-combo\/#primaryimage\"},\"thumbnailUrl\":\"https:\/\/koningdrone.be\/wp-content\/uploads\/sites\/13\/2025\/04\/Insta360-X3-Explorer-ComboX3-Extra-Battery-Lens-Guard-2-in-1-Selfie-Stick_1.jpg\",\"datePublished\":\"2024-09-18T08:28:49+00:00\",\"dateModified\":\"2026-04-30T09:20:25+00:00\",\"breadcrumb\":{\"@id\":\"https:\/\/koningdrone.be\/product\/insta360-x3-explorer-combo\/#breadcrumb\"},\"inLanguage\":\"es\",\"potentialAction\":[{\"@type\":\"ReadAction\",\"target\":[\"https:\/\/koningdrone.be\/product\/insta360-x3-explorer-combo\/\"]}]},{\"@type\":\"ImageObject\",\"inLanguage\":\"es\",\"@id\":\"https:\/\/koningdrone.be\/product\/insta360-x3-explorer-combo\/#primaryimage\",\"url\":\"https:\/\/koningdrone.be\/wp-content\/uploads\/sites\/13\/2025\/04\/Insta360-X3-Explorer-ComboX3-Extra-Battery-Lens-Guard-2-in-1-Selfie-Stick_1.jpg\",\"contentUrl\":\"https:\/\/koningdrone.be\/wp-content\/uploads\/sites\/13\/2025\/04\/Insta360-X3-Explorer-ComboX3-Extra-Battery-Lens-Guard-2-in-1-Selfie-Stick_1.jpg\",\"width\":1000,\"height\":1000},{\"@type\":\"BreadcrumbList\",\"@id\":\"https:\/\/koningdrone.be\/product\/insta360-x3-explorer-combo\/#breadcrumb\",\"itemListElement\":[{\"@type\":\"ListItem\",\"position\":1,\"name\":\"Home\",\"item\":\"https:\/\/koningdrone.be\/\"},{\"@type\":\"ListItem\",\"position\":2,\"name\":\"AVSS Parachute Recovery System for DJI Matrice 300\/350\",\"item\":\"https:\/\/koningdrone.be\/product\/avss-parachute-recovery-system-for-dji-matrice-300-350\/\"},{\"@type\":\"ListItem\",\"position\":3,\"name\":\"Alle producten\",\"item\":\"https:\/\/koningdrone.be\/categorie\/alle-producten\/\"},{\"@type\":\"ListItem\",\"position\":4,\"name\":\"Insta360 X3 Explorer Combo\"}]},{\"@type\":\"WebSite\",\"@id\":\"https:\/\/koningdrone.be\/#website\",\"url\":\"https:\/\/koningdrone.be\/\",\"name\":\"Koningdrone.be - Uw online specialist in drones, gimbals, camera's en power stations.\",\"description\":\"De webshop in drones en gimbals\",\"publisher\":{\"@id\":\"https:\/\/koningdrone.be\/#organization\"},\"potentialAction\":[{\"@type\":\"SearchAction\",\"target\":{\"@type\":\"EntryPoint\",\"urlTemplate\":\"https:\/\/koningdrone.be\/?s={search_term_string}\"},\"query-input\":{\"@type\":\"PropertyValueSpecification\",\"valueRequired\":true,\"valueName\":\"search_term_string\"}}],\"inLanguage\":\"es\"},{\"@type\":\"Organization\",\"@id\":\"https:\/\/koningdrone.be\/#organization\",\"name\":\"Koningdrone.be\",\"url\":\"https:\/\/koningdrone.be\/\",\"logo\":{\"@type\":\"ImageObject\",\"inLanguage\":\"es\",\"@id\":\"https:\/\/koningdrone.be\/#\/schema\/logo\/image\/\",\"url\":\"https:\/\/koningdrone.be\/wp-content\/uploads\/sites\/13\/2025\/04\/koningdrone-copyright-logo.svg\",\"contentUrl\":\"https:\/\/koningdrone.be\/wp-content\/uploads\/sites\/13\/2025\/04\/koningdrone-copyright-logo.svg\",\"width\":227,\"height\":38,\"caption\":\"Koningdrone.be\"},\"image\":{\"@id\":\"https:\/\/koningdrone.be\/#\/schema\/logo\/image\/\"}}]}<\/script>\n<!-- \/ Yoast SEO Premium plugin. -->","yoast_head_json":{"title":"Insta360 X3 Explorer Combo - koningdrone.be","robots":{"index":"index","follow":"follow","max-snippet":"max-snippet:-1","max-image-preview":"max-image-preview:large","max-video-preview":"max-video-preview:-1"},"canonical":"https:\/\/koningdrone.be\/es\/producto\/insta360-x3-explorer-combo\/","og_locale":"es_ES","og_type":"article","og_title":"Insta360 X3 Explorer Combo","og_description":"Dual mode 360\u00b0 and standard pocket camera  Rechargeable 1800 mAh battery  Selfie stick, Bullet Time handle  Lens protectors  Image sensor: 1\/2\" type CMOS  Sensor resolution: effective 48 megapixels  Focal length: 6.7mm (35mm equivalent: 6.7mm)  Maximum aperture: f\/1.9  Dimensions (WxHxD): 114 x 46 x 33.1 mm  Weight: 180 grams","og_url":"https:\/\/koningdrone.be\/es\/producto\/insta360-x3-explorer-combo\/","og_site_name":"koningdrone.be","article_modified_time":"2026-04-30T09:20:25+00:00","og_image":[{"width":1000,"height":1000,"url":"https:\/\/koningdrone.be\/wp-content\/uploads\/sites\/13\/2025\/04\/Insta360-X3-Explorer-ComboX3-Extra-Battery-Lens-Guard-2-in-1-Selfie-Stick_1.jpg","type":"image\/jpeg"}],"twitter_card":"summary_large_image","schema":{"@context":"https:\/\/schema.org","@graph":[{"@type":"WebPage","@id":"https:\/\/koningdrone.be\/product\/insta360-x3-explorer-combo\/","url":"https:\/\/koningdrone.be\/product\/insta360-x3-explorer-combo\/","name":"Insta360 X3 Explorer Combo - koningdrone.be","isPartOf":{"@id":"https:\/\/koningdrone.be\/#website"},"primaryImageOfPage":{"@id":"https:\/\/koningdrone.be\/product\/insta360-x3-explorer-combo\/#primaryimage"},"image":{"@id":"https:\/\/koningdrone.be\/product\/insta360-x3-explorer-combo\/#primaryimage"},"thumbnailUrl":"https:\/\/koningdrone.be\/wp-content\/uploads\/sites\/13\/2025\/04\/Insta360-X3-Explorer-ComboX3-Extra-Battery-Lens-Guard-2-in-1-Selfie-Stick_1.jpg","datePublished":"2024-09-18T08:28:49+00:00","dateModified":"2026-04-30T09:20:25+00:00","breadcrumb":{"@id":"https:\/\/koningdrone.be\/product\/insta360-x3-explorer-combo\/#breadcrumb"},"inLanguage":"es","potentialAction":[{"@type":"ReadAction","target":["https:\/\/koningdrone.be\/product\/insta360-x3-explorer-combo\/"]}]},{"@type":"ImageObject","inLanguage":"es","@id":"https:\/\/koningdrone.be\/product\/insta360-x3-explorer-combo\/#primaryimage","url":"https:\/\/koningdrone.be\/wp-content\/uploads\/sites\/13\/2025\/04\/Insta360-X3-Explorer-ComboX3-Extra-Battery-Lens-Guard-2-in-1-Selfie-Stick_1.jpg","contentUrl":"https:\/\/koningdrone.be\/wp-content\/uploads\/sites\/13\/2025\/04\/Insta360-X3-Explorer-ComboX3-Extra-Battery-Lens-Guard-2-in-1-Selfie-Stick_1.jpg","width":1000,"height":1000},{"@type":"BreadcrumbList","@id":"https:\/\/koningdrone.be\/product\/insta360-x3-explorer-combo\/#breadcrumb","itemListElement":[{"@type":"ListItem","position":1,"name":"Home","item":"https:\/\/koningdrone.be\/"},{"@type":"ListItem","position":2,"name":"AVSS Parachute Recovery System for DJI Matrice 300\/350","item":"https:\/\/koningdrone.be\/product\/avss-parachute-recovery-system-for-dji-matrice-300-350\/"},{"@type":"ListItem","position":3,"name":"Alle producten","item":"https:\/\/koningdrone.be\/categorie\/alle-producten\/"},{"@type":"ListItem","position":4,"name":"Insta360 X3 Explorer Combo"}]},{"@type":"WebSite","@id":"https:\/\/koningdrone.be\/#website","url":"https:\/\/koningdrone.be\/","name":"Koningdrone.be - Su especialista en l\u00ednea en drones, cardanes, c\u00e1maras y centrales el\u00e9ctricas.","description":"La tienda virtual de drones y cardanes","publisher":{"@id":"https:\/\/koningdrone.be\/#organization"},"potentialAction":[{"@type":"SearchAction","target":{"@type":"EntryPoint","urlTemplate":"https:\/\/koningdrone.be\/?s={search_term_string}"},"query-input":{"@type":"PropertyValueSpecification","valueRequired":true,"valueName":"search_term_string"}}],"inLanguage":"es"},{"@type":"Organization","@id":"https:\/\/koningdrone.be\/#organization","name":"Kingdrone.es","url":"https:\/\/koningdrone.be\/","logo":{"@type":"ImageObject","inLanguage":"es","@id":"https:\/\/koningdrone.be\/#\/schema\/logo\/image\/","url":"https:\/\/koningdrone.be\/wp-content\/uploads\/sites\/13\/2025\/04\/koningdrone-copyright-logo.svg","contentUrl":"https:\/\/koningdrone.be\/wp-content\/uploads\/sites\/13\/2025\/04\/koningdrone-copyright-logo.svg","width":227,"height":38,"caption":"Koningdrone.be"},"image":{"@id":"https:\/\/koningdrone.be\/#\/schema\/logo\/image\/"}}]}},"df_price":"","df_sale_price":"","df_regular_price":"","df_image_link":"https:\/\/koningdrone.be\/wp-content\/uploads\/sites\/13\/2025\/04\/Insta360-X3-Explorer-ComboX3-Extra-Battery-Lens-Guard-2-in-1-Selfie-Stick_1-300x300.jpg","_links":{"self":[{"href":"https:\/\/koningdrone.be\/es\/wp-json\/wp\/v2\/product\/2445","targetHints":{"allow":["GET"]}}],"collection":[{"href":"https:\/\/koningdrone.be\/es\/wp-json\/wp\/v2\/product"}],"about":[{"href":"https:\/\/koningdrone.be\/es\/wp-json\/wp\/v2\/types\/product"}],"wp:featuredmedia":[{"embeddable":true,"href":"https:\/\/koningdrone.be\/es\/wp-json\/wp\/v2\/media\/2438"}],"wp:attachment":[{"href":"https:\/\/koningdrone.be\/es\/wp-json\/wp\/v2\/media?parent=2445"}],"wp:term":[{"taxonomy":"product_brand","embeddable":true,"href":"https:\/\/koningdrone.be\/es\/wp-json\/wp\/v2\/product_brand?post=2445"},{"taxonomy":"product_cat","embeddable":true,"href":"https:\/\/koningdrone.be\/es\/wp-json\/wp\/v2\/product_cat?post=2445"},{"taxonomy":"product_tag","embeddable":true,"href":"https:\/\/koningdrone.be\/es\/wp-json\/wp\/v2\/product_tag?post=2445"}],"curies":[{"name":"wp","href":"https:\/\/api.w.org\/{rel}","templated":true}]}}