{"id":2338,"date":"2024-09-18T10:29:52","date_gmt":"2024-09-18T08:29:52","guid":{"rendered":"https:\/\/koningdrone.nl\/kon\/product\/insta360-bike-bundle-2\/"},"modified":"2026-05-01T04:50:32","modified_gmt":"2026-05-01T02:50:32","slug":"insta360-bike-bundle-2","status":"publish","type":"product","link":"https:\/\/koningdrone.be\/es\/producto\/insta360-bike-bundle-2\/","title":{"rendered":"Paquete Insta360 Bike"},"content":{"rendered":"<p>El Insta360 Bike Bundle es un completo kit para ciclistas que desean capturar im\u00e1genes envolventes de 360 grados en sus paseos. Incluye un soporte duradero para el manillar, un soporte para el casco y otros accesorios dise\u00f1ados para mantener la c\u00e1mara en su sitio mientras se monta en bicicleta. Tanto si circula por senderos de monta\u00f1a como por las calles de la ciudad, este paquete le proporcionar\u00e1 im\u00e1genes de v\u00eddeo fluidas y de alta calidad desde todos los \u00e1ngulos, lo que lo convierte en la opci\u00f3n ideal para aventuras ciclistas llenas de acci\u00f3n.<\/p>","protected":false},"excerpt":{"rendered":"<ul>\n<li>Soporte para manillar y correa para el pecho incluidos.<\/li>\n<li>El soporte de manillar debe conectarse directamente a la c\u00e1mara. No se puede utilizar con otras extensiones o palos selfie.<\/li>\n<li>GO 3\/GO 3S debe montarse con el soporte de liberaci\u00f3n r\u00e1pida.<\/li>\n<li>Nota: El nombre del producto en el envase puede variar ligeramente, pero el contenido es el indicado en el momento de la compra.<\/li>\n<\/ul>","protected":false},"featured_media":2332,"template":"","meta":{"_acf_changed":false},"product_brand":[],"product_cat":[97,343],"product_tag":[],"class_list":{"0":"post-2338","1":"product","2":"type-product","3":"status-publish","4":"has-post-thumbnail","6":"product_cat-alle-producten","7":"product_cat-insta360","8":"product_shipping_class-europafotoall","9":"pa_brand-insta360","10":"pa_productfamily-camera-accessoires","11":"pa_producttype-camera-accessoires","12":"pa_series-insta360-go","14":"first","15":"instock","16":"taxable","17":"shipping-taxable","18":"purchasable","19":"product-type-simple"},"acf":[],"yoast_head":"<!-- This site is optimized with the Yoast SEO Premium plugin v27.2 (Yoast SEO v27.2) - https:\/\/yoast.com\/product\/yoast-seo-premium-wordpress\/ -->\n<title>Insta360 Bike Bundle - koningdrone.be<\/title>\n<meta name=\"robots\" content=\"index, follow, max-snippet:-1, max-image-preview:large, max-video-preview:-1\" \/>\n<link rel=\"canonical\" href=\"https:\/\/koningdrone.be\/es\/producto\/insta360-bike-bundle-2\/\" \/>\n<meta property=\"og:locale\" content=\"es_ES\" \/>\n<meta property=\"og:type\" content=\"article\" \/>\n<meta property=\"og:title\" content=\"Insta360 Bike Bundle\" \/>\n<meta property=\"og:description\" content=\"Inclusief stuurhouder en borstband.De stuurhouder moet rechtstreeks op de camera worden aangesloten. Deze kan niet worden gebruikt met andere verlengstukken of selfiesticks.GO 3\/GO 3S moet worden gemonteerd met de Quick Release Mount.Opmerking: De productnaam op de verpakking kan licht afwijken, maar de inhoud is zoals vermeld bij aankoop.\" \/>\n<meta property=\"og:url\" content=\"https:\/\/koningdrone.be\/es\/producto\/insta360-bike-bundle-2\/\" \/>\n<meta property=\"og:site_name\" content=\"koningdrone.be\" \/>\n<meta property=\"article:modified_time\" content=\"2026-05-01T02:50:32+00:00\" \/>\n<meta property=\"og:image\" content=\"https:\/\/koningdrone.be\/wp-content\/uploads\/sites\/13\/2025\/04\/2673_1b2bb67f-4237-47d7-8846-ce66aa59ac3d.webp\" \/>\n\t<meta property=\"og:image:width\" content=\"1280\" \/>\n\t<meta property=\"og:image:height\" content=\"1280\" \/>\n\t<meta property=\"og:image:type\" content=\"image\/webp\" \/>\n<meta name=\"twitter:card\" content=\"summary_large_image\" \/>\n<script type=\"application\/ld+json\" class=\"yoast-schema-graph\">{\"@context\":\"https:\/\/schema.org\",\"@graph\":[{\"@type\":\"WebPage\",\"@id\":\"https:\/\/koningdrone.be\/product\/insta360-bike-bundle-2\/\",\"url\":\"https:\/\/koningdrone.be\/product\/insta360-bike-bundle-2\/\",\"name\":\"Insta360 Bike Bundle - koningdrone.be\",\"isPartOf\":{\"@id\":\"https:\/\/koningdrone.be\/#website\"},\"primaryImageOfPage\":{\"@id\":\"https:\/\/koningdrone.be\/product\/insta360-bike-bundle-2\/#primaryimage\"},\"image\":{\"@id\":\"https:\/\/koningdrone.be\/product\/insta360-bike-bundle-2\/#primaryimage\"},\"thumbnailUrl\":\"https:\/\/koningdrone.be\/wp-content\/uploads\/sites\/13\/2025\/04\/2673_1b2bb67f-4237-47d7-8846-ce66aa59ac3d.webp\",\"datePublished\":\"2024-09-18T08:29:52+00:00\",\"dateModified\":\"2026-05-01T02:50:32+00:00\",\"breadcrumb\":{\"@id\":\"https:\/\/koningdrone.be\/product\/insta360-bike-bundle-2\/#breadcrumb\"},\"inLanguage\":\"es\",\"potentialAction\":[{\"@type\":\"ReadAction\",\"target\":[\"https:\/\/koningdrone.be\/product\/insta360-bike-bundle-2\/\"]}]},{\"@type\":\"ImageObject\",\"inLanguage\":\"es\",\"@id\":\"https:\/\/koningdrone.be\/product\/insta360-bike-bundle-2\/#primaryimage\",\"url\":\"https:\/\/koningdrone.be\/wp-content\/uploads\/sites\/13\/2025\/04\/2673_1b2bb67f-4237-47d7-8846-ce66aa59ac3d.webp\",\"contentUrl\":\"https:\/\/koningdrone.be\/wp-content\/uploads\/sites\/13\/2025\/04\/2673_1b2bb67f-4237-47d7-8846-ce66aa59ac3d.webp\",\"width\":1280,\"height\":1280},{\"@type\":\"BreadcrumbList\",\"@id\":\"https:\/\/koningdrone.be\/product\/insta360-bike-bundle-2\/#breadcrumb\",\"itemListElement\":[{\"@type\":\"ListItem\",\"position\":1,\"name\":\"Home\",\"item\":\"https:\/\/koningdrone.be\/\"},{\"@type\":\"ListItem\",\"position\":2,\"name\":\"AVSS Parachute Recovery System for DJI Matrice 300\/350\",\"item\":\"https:\/\/koningdrone.be\/product\/avss-parachute-recovery-system-for-dji-matrice-300-350\/\"},{\"@type\":\"ListItem\",\"position\":3,\"name\":\"Alle producten\",\"item\":\"https:\/\/koningdrone.be\/categorie\/alle-producten\/\"},{\"@type\":\"ListItem\",\"position\":4,\"name\":\"Insta360 Bike Bundle\"}]},{\"@type\":\"WebSite\",\"@id\":\"https:\/\/koningdrone.be\/#website\",\"url\":\"https:\/\/koningdrone.be\/\",\"name\":\"Koningdrone.be - Uw online specialist in drones, gimbals, camera's en power stations.\",\"description\":\"De webshop in drones en gimbals\",\"publisher\":{\"@id\":\"https:\/\/koningdrone.be\/#organization\"},\"potentialAction\":[{\"@type\":\"SearchAction\",\"target\":{\"@type\":\"EntryPoint\",\"urlTemplate\":\"https:\/\/koningdrone.be\/?s={search_term_string}\"},\"query-input\":{\"@type\":\"PropertyValueSpecification\",\"valueRequired\":true,\"valueName\":\"search_term_string\"}}],\"inLanguage\":\"es\"},{\"@type\":\"Organization\",\"@id\":\"https:\/\/koningdrone.be\/#organization\",\"name\":\"Koningdrone.be\",\"url\":\"https:\/\/koningdrone.be\/\",\"logo\":{\"@type\":\"ImageObject\",\"inLanguage\":\"es\",\"@id\":\"https:\/\/koningdrone.be\/#\/schema\/logo\/image\/\",\"url\":\"https:\/\/koningdrone.be\/wp-content\/uploads\/sites\/13\/2025\/04\/koningdrone-copyright-logo.svg\",\"contentUrl\":\"https:\/\/koningdrone.be\/wp-content\/uploads\/sites\/13\/2025\/04\/koningdrone-copyright-logo.svg\",\"width\":227,\"height\":38,\"caption\":\"Koningdrone.be\"},\"image\":{\"@id\":\"https:\/\/koningdrone.be\/#\/schema\/logo\/image\/\"}}]}<\/script>\n<!-- \/ Yoast SEO Premium plugin. -->","yoast_head_json":{"title":"Insta360 Bike Bundle - koningdrone.be","robots":{"index":"index","follow":"follow","max-snippet":"max-snippet:-1","max-image-preview":"max-image-preview:large","max-video-preview":"max-video-preview:-1"},"canonical":"https:\/\/koningdrone.be\/es\/producto\/insta360-bike-bundle-2\/","og_locale":"es_ES","og_type":"article","og_title":"Insta360 Bike Bundle","og_description":"Inclusief stuurhouder en borstband.De stuurhouder moet rechtstreeks op de camera worden aangesloten. Deze kan niet worden gebruikt met andere verlengstukken of selfiesticks.GO 3\/GO 3S moet worden gemonteerd met de Quick Release Mount.Opmerking: De productnaam op de verpakking kan licht afwijken, maar de inhoud is zoals vermeld bij aankoop.","og_url":"https:\/\/koningdrone.be\/es\/producto\/insta360-bike-bundle-2\/","og_site_name":"koningdrone.be","article_modified_time":"2026-05-01T02:50:32+00:00","og_image":[{"width":1280,"height":1280,"url":"https:\/\/koningdrone.be\/wp-content\/uploads\/sites\/13\/2025\/04\/2673_1b2bb67f-4237-47d7-8846-ce66aa59ac3d.webp","type":"image\/webp"}],"twitter_card":"summary_large_image","schema":{"@context":"https:\/\/schema.org","@graph":[{"@type":"WebPage","@id":"https:\/\/koningdrone.be\/product\/insta360-bike-bundle-2\/","url":"https:\/\/koningdrone.be\/product\/insta360-bike-bundle-2\/","name":"Insta360 Bike Bundle - koningdrone.be","isPartOf":{"@id":"https:\/\/koningdrone.be\/#website"},"primaryImageOfPage":{"@id":"https:\/\/koningdrone.be\/product\/insta360-bike-bundle-2\/#primaryimage"},"image":{"@id":"https:\/\/koningdrone.be\/product\/insta360-bike-bundle-2\/#primaryimage"},"thumbnailUrl":"https:\/\/koningdrone.be\/wp-content\/uploads\/sites\/13\/2025\/04\/2673_1b2bb67f-4237-47d7-8846-ce66aa59ac3d.webp","datePublished":"2024-09-18T08:29:52+00:00","dateModified":"2026-05-01T02:50:32+00:00","breadcrumb":{"@id":"https:\/\/koningdrone.be\/product\/insta360-bike-bundle-2\/#breadcrumb"},"inLanguage":"es","potentialAction":[{"@type":"ReadAction","target":["https:\/\/koningdrone.be\/product\/insta360-bike-bundle-2\/"]}]},{"@type":"ImageObject","inLanguage":"es","@id":"https:\/\/koningdrone.be\/product\/insta360-bike-bundle-2\/#primaryimage","url":"https:\/\/koningdrone.be\/wp-content\/uploads\/sites\/13\/2025\/04\/2673_1b2bb67f-4237-47d7-8846-ce66aa59ac3d.webp","contentUrl":"https:\/\/koningdrone.be\/wp-content\/uploads\/sites\/13\/2025\/04\/2673_1b2bb67f-4237-47d7-8846-ce66aa59ac3d.webp","width":1280,"height":1280},{"@type":"BreadcrumbList","@id":"https:\/\/koningdrone.be\/product\/insta360-bike-bundle-2\/#breadcrumb","itemListElement":[{"@type":"ListItem","position":1,"name":"Home","item":"https:\/\/koningdrone.be\/"},{"@type":"ListItem","position":2,"name":"AVSS Parachute Recovery System for DJI Matrice 300\/350","item":"https:\/\/koningdrone.be\/product\/avss-parachute-recovery-system-for-dji-matrice-300-350\/"},{"@type":"ListItem","position":3,"name":"Alle producten","item":"https:\/\/koningdrone.be\/categorie\/alle-producten\/"},{"@type":"ListItem","position":4,"name":"Insta360 Bike Bundle"}]},{"@type":"WebSite","@id":"https:\/\/koningdrone.be\/#website","url":"https:\/\/koningdrone.be\/","name":"Koningdrone.be - Su especialista en l\u00ednea en drones, cardanes, c\u00e1maras y centrales el\u00e9ctricas.","description":"La tienda virtual de drones y cardanes","publisher":{"@id":"https:\/\/koningdrone.be\/#organization"},"potentialAction":[{"@type":"SearchAction","target":{"@type":"EntryPoint","urlTemplate":"https:\/\/koningdrone.be\/?s={search_term_string}"},"query-input":{"@type":"PropertyValueSpecification","valueRequired":true,"valueName":"search_term_string"}}],"inLanguage":"es"},{"@type":"Organization","@id":"https:\/\/koningdrone.be\/#organization","name":"Kingdrone.es","url":"https:\/\/koningdrone.be\/","logo":{"@type":"ImageObject","inLanguage":"es","@id":"https:\/\/koningdrone.be\/#\/schema\/logo\/image\/","url":"https:\/\/koningdrone.be\/wp-content\/uploads\/sites\/13\/2025\/04\/koningdrone-copyright-logo.svg","contentUrl":"https:\/\/koningdrone.be\/wp-content\/uploads\/sites\/13\/2025\/04\/koningdrone-copyright-logo.svg","width":227,"height":38,"caption":"Koningdrone.be"},"image":{"@id":"https:\/\/koningdrone.be\/#\/schema\/logo\/image\/"}}]}},"df_price":66,"df_sale_price":"","df_regular_price":66,"df_image_link":"https:\/\/koningdrone.be\/wp-content\/uploads\/sites\/13\/2025\/04\/2673_1b2bb67f-4237-47d7-8846-ce66aa59ac3d-300x300.webp","_links":{"self":[{"href":"https:\/\/koningdrone.be\/es\/wp-json\/wp\/v2\/product\/2338","targetHints":{"allow":["GET"]}}],"collection":[{"href":"https:\/\/koningdrone.be\/es\/wp-json\/wp\/v2\/product"}],"about":[{"href":"https:\/\/koningdrone.be\/es\/wp-json\/wp\/v2\/types\/product"}],"wp:featuredmedia":[{"embeddable":true,"href":"https:\/\/koningdrone.be\/es\/wp-json\/wp\/v2\/media\/2332"}],"wp:attachment":[{"href":"https:\/\/koningdrone.be\/es\/wp-json\/wp\/v2\/media?parent=2338"}],"wp:term":[{"taxonomy":"product_brand","embeddable":true,"href":"https:\/\/koningdrone.be\/es\/wp-json\/wp\/v2\/product_brand?post=2338"},{"taxonomy":"product_cat","embeddable":true,"href":"https:\/\/koningdrone.be\/es\/wp-json\/wp\/v2\/product_cat?post=2338"},{"taxonomy":"product_tag","embeddable":true,"href":"https:\/\/koningdrone.be\/es\/wp-json\/wp\/v2\/product_tag?post=2338"}],"curies":[{"name":"wp","href":"https:\/\/api.w.org\/{rel}","templated":true}]}}