{"id":2225,"date":"2024-09-18T10:31:38","date_gmt":"2024-09-18T08:31:38","guid":{"rendered":"https:\/\/koningdrone.nl\/kon\/product\/insta360-triple-suction-cup-car-mount\/"},"modified":"2026-05-01T04:50:20","modified_gmt":"2026-05-01T02:50:20","slug":"insta360-triple-suction-cup-car-mount","status":"publish","type":"product","link":"https:\/\/koningdrone.be\/es\/producto\/insta360-triple-suction-cup-car-mount\/","title":{"rendered":"Soporte de coche con triple ventosa Insta360"},"content":{"rendered":"<p>El soporte para coche con ventosa doble\/triple Insta360 es una soluci\u00f3n de montaje vers\u00e1til y segura dise\u00f1ada para capturar im\u00e1genes estables desde el coche. Las ventosas dobles o triples garantizan una fijaci\u00f3n fuerte y fiable a superficies lisas como las ventanillas o el salpicadero del coche. Los brazos ajustables proporcionan un posicionamiento flexible de su c\u00e1mara Insta360, por lo que es ideal para grabar escenas mientras conduce, vistas panor\u00e1micas o acci\u00f3n a alta velocidad manteniendo una visi\u00f3n estable y sin obst\u00e1culos.<\/p>","protected":false},"excerpt":{"rendered":"<ul>\n<li>Este soporte de coche de triple ventosa s\u00f3lo se puede utilizar con el Insta360 Action Invisible Selfie Stick, no lo utilice con otros palos selfie.<\/li>\n<li>Desp\u00eddete de las limitaciones, con vistas \u00fanicas en tercera persona de tu coche, u otros \u00e1ngulos al estilo de los videojuegos.<\/li>\n<li>Tres ventosas forman una estructura triangular para una m\u00e1xima estabilidad.<\/li>\n<li>Doble ventosa adecuada para conducir en ciudad y en carreteras llanas.<\/li>\n<li>Tres ventosas en un solo dise\u00f1o, se pueden dividir en ventosas dobles o ventosas simples si es necesario.<\/li>\n<li>Ventosas individuales con succi\u00f3n est\u00e1tica de hasta 20 kg, se sujetan firmemente a su coche.<\/li>\n<\/ul>","protected":false},"featured_media":2221,"template":"","meta":{"_acf_changed":false},"product_brand":[],"product_cat":[97,343],"product_tag":[],"class_list":{"0":"post-2225","1":"product","2":"type-product","3":"status-publish","4":"has-post-thumbnail","6":"product_cat-alle-producten","7":"product_cat-insta360","8":"product_shipping_class-outofstock","9":"pa_brand-insta360","10":"pa_productfamily-camera-accessoires","11":"pa_producttype-camera-accessoires","12":"pa_series-insta360-go","14":"first","15":"outofstock","16":"taxable","17":"shipping-taxable","18":"purchasable","19":"product-type-simple"},"acf":[],"yoast_head":"<!-- This site is optimized with the Yoast SEO Premium plugin v27.2 (Yoast SEO v27.2) - https:\/\/yoast.com\/product\/yoast-seo-premium-wordpress\/ -->\n<title>Insta360 Triple Suction Cup Car Mount - koningdrone.be<\/title>\n<meta name=\"robots\" content=\"index, follow, max-snippet:-1, max-image-preview:large, max-video-preview:-1\" \/>\n<link rel=\"canonical\" href=\"https:\/\/koningdrone.be\/es\/producto\/insta360-triple-suction-cup-car-mount\/\" \/>\n<meta property=\"og:locale\" content=\"es_ES\" \/>\n<meta property=\"og:type\" content=\"article\" \/>\n<meta property=\"og:title\" content=\"Insta360 Triple Suction Cup Car Mount\" \/>\n<meta property=\"og:description\" content=\"Deze auto Triple Suction Cup Car Mount kan alleen gebruikt worden met de Insta360 Action Invisible Selfie Stick, niet gebruiken met andere selfie sticks.Zeg vaarwel tegen beperkingen, met unieke, derde-persoons uitzicht op je auto, of andere video-game stijl hoeken.Drie zuignappen vormen een driehoekige structuur voor maximale stabiliteit.Dubbele zuignap geschikt voor het rijden in steden en op vlakke wegen.Drie zuignappen in \u00e9\u00e9n ontwerp, kan indien nodig worden opgesplitst in dubbele zuignaphouders of enkele zuignaphouders.Individuele zuignappen met een statische zuigkracht tot 20 kg, houden stevig vast aan je auto.\" \/>\n<meta property=\"og:url\" content=\"https:\/\/koningdrone.be\/es\/producto\/insta360-triple-suction-cup-car-mount\/\" \/>\n<meta property=\"og:site_name\" content=\"koningdrone.be\" \/>\n<meta property=\"article:modified_time\" content=\"2026-05-01T02:50:20+00:00\" \/>\n<meta property=\"og:image\" content=\"https:\/\/koningdrone.be\/wp-content\/uploads\/sites\/13\/2025\/04\/AV03-7.webp\" \/>\n\t<meta property=\"og:image:width\" content=\"780\" \/>\n\t<meta property=\"og:image:height\" content=\"780\" \/>\n\t<meta property=\"og:image:type\" content=\"image\/webp\" \/>\n<meta name=\"twitter:card\" content=\"summary_large_image\" \/>\n<script type=\"application\/ld+json\" class=\"yoast-schema-graph\">{\"@context\":\"https:\/\/schema.org\",\"@graph\":[{\"@type\":\"WebPage\",\"@id\":\"https:\/\/koningdrone.be\/product\/insta360-triple-suction-cup-car-mount\/\",\"url\":\"https:\/\/koningdrone.be\/product\/insta360-triple-suction-cup-car-mount\/\",\"name\":\"Insta360 Triple Suction Cup Car Mount - koningdrone.be\",\"isPartOf\":{\"@id\":\"https:\/\/koningdrone.be\/#website\"},\"primaryImageOfPage\":{\"@id\":\"https:\/\/koningdrone.be\/product\/insta360-triple-suction-cup-car-mount\/#primaryimage\"},\"image\":{\"@id\":\"https:\/\/koningdrone.be\/product\/insta360-triple-suction-cup-car-mount\/#primaryimage\"},\"thumbnailUrl\":\"https:\/\/koningdrone.be\/wp-content\/uploads\/sites\/13\/2025\/04\/AV03-7.webp\",\"datePublished\":\"2024-09-18T08:31:38+00:00\",\"dateModified\":\"2026-05-01T02:50:20+00:00\",\"breadcrumb\":{\"@id\":\"https:\/\/koningdrone.be\/product\/insta360-triple-suction-cup-car-mount\/#breadcrumb\"},\"inLanguage\":\"es\",\"potentialAction\":[{\"@type\":\"ReadAction\",\"target\":[\"https:\/\/koningdrone.be\/product\/insta360-triple-suction-cup-car-mount\/\"]}]},{\"@type\":\"ImageObject\",\"inLanguage\":\"es\",\"@id\":\"https:\/\/koningdrone.be\/product\/insta360-triple-suction-cup-car-mount\/#primaryimage\",\"url\":\"https:\/\/koningdrone.be\/wp-content\/uploads\/sites\/13\/2025\/04\/AV03-7.webp\",\"contentUrl\":\"https:\/\/koningdrone.be\/wp-content\/uploads\/sites\/13\/2025\/04\/AV03-7.webp\",\"width\":780,\"height\":780},{\"@type\":\"BreadcrumbList\",\"@id\":\"https:\/\/koningdrone.be\/product\/insta360-triple-suction-cup-car-mount\/#breadcrumb\",\"itemListElement\":[{\"@type\":\"ListItem\",\"position\":1,\"name\":\"Home\",\"item\":\"https:\/\/koningdrone.be\/\"},{\"@type\":\"ListItem\",\"position\":2,\"name\":\"AVSS Parachute Recovery System for DJI Matrice 300\/350\",\"item\":\"https:\/\/koningdrone.be\/product\/avss-parachute-recovery-system-for-dji-matrice-300-350\/\"},{\"@type\":\"ListItem\",\"position\":3,\"name\":\"Alle producten\",\"item\":\"https:\/\/koningdrone.be\/categorie\/alle-producten\/\"},{\"@type\":\"ListItem\",\"position\":4,\"name\":\"Insta360 Triple Suction Cup Car Mount\"}]},{\"@type\":\"WebSite\",\"@id\":\"https:\/\/koningdrone.be\/#website\",\"url\":\"https:\/\/koningdrone.be\/\",\"name\":\"Koningdrone.be - Uw online specialist in drones, gimbals, camera's en power stations.\",\"description\":\"De webshop in drones en gimbals\",\"publisher\":{\"@id\":\"https:\/\/koningdrone.be\/#organization\"},\"potentialAction\":[{\"@type\":\"SearchAction\",\"target\":{\"@type\":\"EntryPoint\",\"urlTemplate\":\"https:\/\/koningdrone.be\/?s={search_term_string}\"},\"query-input\":{\"@type\":\"PropertyValueSpecification\",\"valueRequired\":true,\"valueName\":\"search_term_string\"}}],\"inLanguage\":\"es\"},{\"@type\":\"Organization\",\"@id\":\"https:\/\/koningdrone.be\/#organization\",\"name\":\"Koningdrone.be\",\"url\":\"https:\/\/koningdrone.be\/\",\"logo\":{\"@type\":\"ImageObject\",\"inLanguage\":\"es\",\"@id\":\"https:\/\/koningdrone.be\/#\/schema\/logo\/image\/\",\"url\":\"https:\/\/koningdrone.be\/wp-content\/uploads\/sites\/13\/2025\/04\/koningdrone-copyright-logo.svg\",\"contentUrl\":\"https:\/\/koningdrone.be\/wp-content\/uploads\/sites\/13\/2025\/04\/koningdrone-copyright-logo.svg\",\"width\":227,\"height\":38,\"caption\":\"Koningdrone.be\"},\"image\":{\"@id\":\"https:\/\/koningdrone.be\/#\/schema\/logo\/image\/\"}}]}<\/script>\n<!-- \/ Yoast SEO Premium plugin. -->","yoast_head_json":{"title":"Insta360 Triple Suction Cup Car Mount - koningdrone.be","robots":{"index":"index","follow":"follow","max-snippet":"max-snippet:-1","max-image-preview":"max-image-preview:large","max-video-preview":"max-video-preview:-1"},"canonical":"https:\/\/koningdrone.be\/es\/producto\/insta360-triple-suction-cup-car-mount\/","og_locale":"es_ES","og_type":"article","og_title":"Insta360 Triple Suction Cup Car Mount","og_description":"Deze auto Triple Suction Cup Car Mount kan alleen gebruikt worden met de Insta360 Action Invisible Selfie Stick, niet gebruiken met andere selfie sticks.Zeg vaarwel tegen beperkingen, met unieke, derde-persoons uitzicht op je auto, of andere video-game stijl hoeken.Drie zuignappen vormen een driehoekige structuur voor maximale stabiliteit.Dubbele zuignap geschikt voor het rijden in steden en op vlakke wegen.Drie zuignappen in \u00e9\u00e9n ontwerp, kan indien nodig worden opgesplitst in dubbele zuignaphouders of enkele zuignaphouders.Individuele zuignappen met een statische zuigkracht tot 20 kg, houden stevig vast aan je auto.","og_url":"https:\/\/koningdrone.be\/es\/producto\/insta360-triple-suction-cup-car-mount\/","og_site_name":"koningdrone.be","article_modified_time":"2026-05-01T02:50:20+00:00","og_image":[{"width":780,"height":780,"url":"https:\/\/koningdrone.be\/wp-content\/uploads\/sites\/13\/2025\/04\/AV03-7.webp","type":"image\/webp"}],"twitter_card":"summary_large_image","schema":{"@context":"https:\/\/schema.org","@graph":[{"@type":"WebPage","@id":"https:\/\/koningdrone.be\/product\/insta360-triple-suction-cup-car-mount\/","url":"https:\/\/koningdrone.be\/product\/insta360-triple-suction-cup-car-mount\/","name":"Insta360 Triple Suction Cup Car Mount - koningdrone.be","isPartOf":{"@id":"https:\/\/koningdrone.be\/#website"},"primaryImageOfPage":{"@id":"https:\/\/koningdrone.be\/product\/insta360-triple-suction-cup-car-mount\/#primaryimage"},"image":{"@id":"https:\/\/koningdrone.be\/product\/insta360-triple-suction-cup-car-mount\/#primaryimage"},"thumbnailUrl":"https:\/\/koningdrone.be\/wp-content\/uploads\/sites\/13\/2025\/04\/AV03-7.webp","datePublished":"2024-09-18T08:31:38+00:00","dateModified":"2026-05-01T02:50:20+00:00","breadcrumb":{"@id":"https:\/\/koningdrone.be\/product\/insta360-triple-suction-cup-car-mount\/#breadcrumb"},"inLanguage":"es","potentialAction":[{"@type":"ReadAction","target":["https:\/\/koningdrone.be\/product\/insta360-triple-suction-cup-car-mount\/"]}]},{"@type":"ImageObject","inLanguage":"es","@id":"https:\/\/koningdrone.be\/product\/insta360-triple-suction-cup-car-mount\/#primaryimage","url":"https:\/\/koningdrone.be\/wp-content\/uploads\/sites\/13\/2025\/04\/AV03-7.webp","contentUrl":"https:\/\/koningdrone.be\/wp-content\/uploads\/sites\/13\/2025\/04\/AV03-7.webp","width":780,"height":780},{"@type":"BreadcrumbList","@id":"https:\/\/koningdrone.be\/product\/insta360-triple-suction-cup-car-mount\/#breadcrumb","itemListElement":[{"@type":"ListItem","position":1,"name":"Home","item":"https:\/\/koningdrone.be\/"},{"@type":"ListItem","position":2,"name":"AVSS Parachute Recovery System for DJI Matrice 300\/350","item":"https:\/\/koningdrone.be\/product\/avss-parachute-recovery-system-for-dji-matrice-300-350\/"},{"@type":"ListItem","position":3,"name":"Alle producten","item":"https:\/\/koningdrone.be\/categorie\/alle-producten\/"},{"@type":"ListItem","position":4,"name":"Insta360 Triple Suction Cup Car Mount"}]},{"@type":"WebSite","@id":"https:\/\/koningdrone.be\/#website","url":"https:\/\/koningdrone.be\/","name":"Koningdrone.be - Su especialista en l\u00ednea en drones, cardanes, c\u00e1maras y centrales el\u00e9ctricas.","description":"La tienda virtual de drones y cardanes","publisher":{"@id":"https:\/\/koningdrone.be\/#organization"},"potentialAction":[{"@type":"SearchAction","target":{"@type":"EntryPoint","urlTemplate":"https:\/\/koningdrone.be\/?s={search_term_string}"},"query-input":{"@type":"PropertyValueSpecification","valueRequired":true,"valueName":"search_term_string"}}],"inLanguage":"es"},{"@type":"Organization","@id":"https:\/\/koningdrone.be\/#organization","name":"Kingdrone.es","url":"https:\/\/koningdrone.be\/","logo":{"@type":"ImageObject","inLanguage":"es","@id":"https:\/\/koningdrone.be\/#\/schema\/logo\/image\/","url":"https:\/\/koningdrone.be\/wp-content\/uploads\/sites\/13\/2025\/04\/koningdrone-copyright-logo.svg","contentUrl":"https:\/\/koningdrone.be\/wp-content\/uploads\/sites\/13\/2025\/04\/koningdrone-copyright-logo.svg","width":227,"height":38,"caption":"Koningdrone.be"},"image":{"@id":"https:\/\/koningdrone.be\/#\/schema\/logo\/image\/"}}]}},"df_price":403,"df_sale_price":"","df_regular_price":403,"df_image_link":"https:\/\/koningdrone.be\/wp-content\/uploads\/sites\/13\/2025\/04\/AV03-7-300x300.webp","_links":{"self":[{"href":"https:\/\/koningdrone.be\/es\/wp-json\/wp\/v2\/product\/2225","targetHints":{"allow":["GET"]}}],"collection":[{"href":"https:\/\/koningdrone.be\/es\/wp-json\/wp\/v2\/product"}],"about":[{"href":"https:\/\/koningdrone.be\/es\/wp-json\/wp\/v2\/types\/product"}],"wp:featuredmedia":[{"embeddable":true,"href":"https:\/\/koningdrone.be\/es\/wp-json\/wp\/v2\/media\/2221"}],"wp:attachment":[{"href":"https:\/\/koningdrone.be\/es\/wp-json\/wp\/v2\/media?parent=2225"}],"wp:term":[{"taxonomy":"product_brand","embeddable":true,"href":"https:\/\/koningdrone.be\/es\/wp-json\/wp\/v2\/product_brand?post=2225"},{"taxonomy":"product_cat","embeddable":true,"href":"https:\/\/koningdrone.be\/es\/wp-json\/wp\/v2\/product_cat?post=2225"},{"taxonomy":"product_tag","embeddable":true,"href":"https:\/\/koningdrone.be\/es\/wp-json\/wp\/v2\/product_tag?post=2225"}],"curies":[{"name":"wp","href":"https:\/\/api.w.org\/{rel}","templated":true}]}}