{"id":2197,"date":"2024-09-18T10:31:49","date_gmt":"2024-09-18T08:31:49","guid":{"rendered":"https:\/\/koningdrone.nl\/kon\/product\/insta360-invisible-selfie-stick-gold-edition\/"},"modified":"2026-04-30T11:20:49","modified_gmt":"2026-04-30T09:20:49","slug":"insta360-invisible-selfie-stick-gold-edition","status":"publish","type":"product","link":"https:\/\/koningdrone.be\/es\/producto\/insta360-invisible-selfie-stick-gold-edition\/","title":{"rendered":"Insta360 Palo selfie invisible Edici\u00f3n Oro"},"content":{"rendered":"<p>El Insta360 Selfie Stick es un accesorio vers\u00e1til y extensible dise\u00f1ado para capturar tomas din\u00e1micas y envolventes. Con su construcci\u00f3n ligera y duradera, es extensible para un mayor alcance sin dejar de ser discreto en tus tomas. Es ideal para selfies, fotos de grupo y fotos de acci\u00f3n y garantiza un contenido estable y de alta calidad.<\/p>","protected":false},"excerpt":{"rendered":"<ul>\n<li>Elimina autom\u00e1ticamente en 360 tomas para obtener incre\u00edbles tomas desde tercera persona y \u00e1ngulos imposibles.<\/li>\n<li>Nota: Al utilizar este producto con Ace Pro &amp; Ace, los usuarios deben adquirir el soporte de liberaci\u00f3n r\u00e1pida o el adaptador de 3 puntas a 1\/4\u201d, que se venden por separado.<\/li>\n<li>Su dise\u00f1o superligero facilita su transporte durante largos periodos de tiempo.<\/li>\n<li>Materiales muy resistentes para un uso estable con c\u00e1maras Insta360.<\/li>\n<li>Nueva estructura de extensi\u00f3n ultrarresistente.<\/li>\n<li>Para una mayor estabilidad, extienda el palo selfie s\u00f3lo hasta 2 secciones (~70 cm) con el ONE RS 1-Inch 360 Edition. Si extiende el palo selfie m\u00e1s tiempo, sea discreto y eval\u00fae la estabilidad de la c\u00e1mara mientras graba. No utilice palos selfie largos a altas velocidades o en escenarios de acci\u00f3n.<\/li>\n<li>El efecto Invisible Selfie Stick s\u00f3lo puede conseguirse con c\u00e1maras 360.<\/li>\n<li>Recomendamos utilizar la funda Selfie Stick Sleeve para una mejor experiencia de disparo.<\/li>\n<\/ul>","protected":false},"featured_media":2193,"template":"","meta":{"_acf_changed":false},"product_brand":[],"product_cat":[97,343],"product_tag":[],"class_list":{"0":"post-2197","1":"product","2":"type-product","3":"status-publish","4":"has-post-thumbnail","6":"product_cat-alle-producten","7":"product_cat-insta360","8":"product_shipping_class-outofstock","9":"pa_brand-insta360","10":"pa_productfamily-selfie-stick","11":"pa_producttype-selfie-stick","12":"pa_series-insta360-go","14":"first","15":"outofstock","16":"taxable","17":"shipping-taxable","18":"product-type-simple"},"acf":[],"yoast_head":"<!-- This site is optimized with the Yoast SEO Premium plugin v27.2 (Yoast SEO v27.2) - https:\/\/yoast.com\/product\/yoast-seo-premium-wordpress\/ -->\n<title>Insta360 Invisible Selfie Stick Gold Edition - koningdrone.be<\/title>\n<meta name=\"robots\" content=\"index, follow, max-snippet:-1, max-image-preview:large, max-video-preview:-1\" \/>\n<link rel=\"canonical\" href=\"https:\/\/koningdrone.be\/es\/producto\/insta360-invisible-selfie-stick-gold-edition\/\" \/>\n<meta property=\"og:locale\" content=\"es_ES\" \/>\n<meta property=\"og:type\" content=\"article\" \/>\n<meta property=\"og:title\" content=\"Insta360 Invisible Selfie Stick Gold Edition\" \/>\n<meta property=\"og:description\" content=\"Wordt automatisch verwijderd in 360 opnamen voor ongelooflijke opnamen vanuit de derde persoon en onmogelijke hoeken.Opmerking: wanneer dit product wordt gebruikt met Ace Pro &amp; Ace, moeten gebruikers de Quick Release Mount of 3-prong naar 1\/4\u201d Adapter aanschaffen, afzonderlijk verkrijgbaar.Superlicht ontwerp maakt het gemakkelijk om mee te nemen voor langere periodes.Zeer sterke materialen voor stabiel gebruik met Insta360-camera&#039;s.Nieuwe, ultra-duurzame verlengstructuur.Voor de beste stabiliteit, verleng de selfie stick alleen tot 2 secties (~70cm) met de ONE RS 1-Inch 360 Edition. Als je de selfie stick langer uitschuift, ga dan discreet te werk en beoordeel de stabiliteit van de camera tijdens het filmen. Gebruik geen lange selfie sticks bij hoge snelheden of in actiescenario&#039;s.Invisible Selfie Stick effect kan alleen worden bereikt met 360 camera&#039;s.We raden aan de Selfie Stick Sleeve te gebruiken voor een betere opname-ervaring.\" \/>\n<meta property=\"og:url\" content=\"https:\/\/koningdrone.be\/es\/producto\/insta360-invisible-selfie-stick-gold-edition\/\" \/>\n<meta property=\"og:site_name\" content=\"koningdrone.be\" \/>\n<meta property=\"article:modified_time\" content=\"2026-04-30T09:20:49+00:00\" \/>\n<meta property=\"og:image\" content=\"https:\/\/koningdrone.be\/wp-content\/uploads\/sites\/13\/2025\/04\/2673_1ec40766-681e-40e6-9592-88bb65c8e34a.webp\" \/>\n\t<meta property=\"og:image:width\" content=\"1280\" \/>\n\t<meta property=\"og:image:height\" content=\"1280\" \/>\n\t<meta property=\"og:image:type\" content=\"image\/webp\" \/>\n<meta name=\"twitter:card\" content=\"summary_large_image\" \/>\n<script type=\"application\/ld+json\" class=\"yoast-schema-graph\">{\"@context\":\"https:\/\/schema.org\",\"@graph\":[{\"@type\":\"WebPage\",\"@id\":\"https:\/\/koningdrone.be\/product\/insta360-invisible-selfie-stick-gold-edition\/\",\"url\":\"https:\/\/koningdrone.be\/product\/insta360-invisible-selfie-stick-gold-edition\/\",\"name\":\"Insta360 Invisible Selfie Stick Gold Edition - koningdrone.be\",\"isPartOf\":{\"@id\":\"https:\/\/koningdrone.be\/#website\"},\"primaryImageOfPage\":{\"@id\":\"https:\/\/koningdrone.be\/product\/insta360-invisible-selfie-stick-gold-edition\/#primaryimage\"},\"image\":{\"@id\":\"https:\/\/koningdrone.be\/product\/insta360-invisible-selfie-stick-gold-edition\/#primaryimage\"},\"thumbnailUrl\":\"https:\/\/koningdrone.be\/wp-content\/uploads\/sites\/13\/2025\/04\/2673_1ec40766-681e-40e6-9592-88bb65c8e34a.webp\",\"datePublished\":\"2024-09-18T08:31:49+00:00\",\"dateModified\":\"2026-04-30T09:20:49+00:00\",\"breadcrumb\":{\"@id\":\"https:\/\/koningdrone.be\/product\/insta360-invisible-selfie-stick-gold-edition\/#breadcrumb\"},\"inLanguage\":\"es\",\"potentialAction\":[{\"@type\":\"ReadAction\",\"target\":[\"https:\/\/koningdrone.be\/product\/insta360-invisible-selfie-stick-gold-edition\/\"]}]},{\"@type\":\"ImageObject\",\"inLanguage\":\"es\",\"@id\":\"https:\/\/koningdrone.be\/product\/insta360-invisible-selfie-stick-gold-edition\/#primaryimage\",\"url\":\"https:\/\/koningdrone.be\/wp-content\/uploads\/sites\/13\/2025\/04\/2673_1ec40766-681e-40e6-9592-88bb65c8e34a.webp\",\"contentUrl\":\"https:\/\/koningdrone.be\/wp-content\/uploads\/sites\/13\/2025\/04\/2673_1ec40766-681e-40e6-9592-88bb65c8e34a.webp\",\"width\":1280,\"height\":1280},{\"@type\":\"BreadcrumbList\",\"@id\":\"https:\/\/koningdrone.be\/product\/insta360-invisible-selfie-stick-gold-edition\/#breadcrumb\",\"itemListElement\":[{\"@type\":\"ListItem\",\"position\":1,\"name\":\"Home\",\"item\":\"https:\/\/koningdrone.be\/\"},{\"@type\":\"ListItem\",\"position\":2,\"name\":\"AVSS Parachute Recovery System for DJI Matrice 300\/350\",\"item\":\"https:\/\/koningdrone.be\/product\/avss-parachute-recovery-system-for-dji-matrice-300-350\/\"},{\"@type\":\"ListItem\",\"position\":3,\"name\":\"Alle producten\",\"item\":\"https:\/\/koningdrone.be\/categorie\/alle-producten\/\"},{\"@type\":\"ListItem\",\"position\":4,\"name\":\"Insta360 Invisible Selfie Stick Gold Edition\"}]},{\"@type\":\"WebSite\",\"@id\":\"https:\/\/koningdrone.be\/#website\",\"url\":\"https:\/\/koningdrone.be\/\",\"name\":\"Koningdrone.be - Uw online specialist in drones, gimbals, camera's en power stations.\",\"description\":\"De webshop in drones en gimbals\",\"publisher\":{\"@id\":\"https:\/\/koningdrone.be\/#organization\"},\"potentialAction\":[{\"@type\":\"SearchAction\",\"target\":{\"@type\":\"EntryPoint\",\"urlTemplate\":\"https:\/\/koningdrone.be\/?s={search_term_string}\"},\"query-input\":{\"@type\":\"PropertyValueSpecification\",\"valueRequired\":true,\"valueName\":\"search_term_string\"}}],\"inLanguage\":\"es\"},{\"@type\":\"Organization\",\"@id\":\"https:\/\/koningdrone.be\/#organization\",\"name\":\"Koningdrone.be\",\"url\":\"https:\/\/koningdrone.be\/\",\"logo\":{\"@type\":\"ImageObject\",\"inLanguage\":\"es\",\"@id\":\"https:\/\/koningdrone.be\/#\/schema\/logo\/image\/\",\"url\":\"https:\/\/koningdrone.be\/wp-content\/uploads\/sites\/13\/2025\/04\/koningdrone-copyright-logo.svg\",\"contentUrl\":\"https:\/\/koningdrone.be\/wp-content\/uploads\/sites\/13\/2025\/04\/koningdrone-copyright-logo.svg\",\"width\":227,\"height\":38,\"caption\":\"Koningdrone.be\"},\"image\":{\"@id\":\"https:\/\/koningdrone.be\/#\/schema\/logo\/image\/\"}}]}<\/script>\n<!-- \/ Yoast SEO Premium plugin. -->","yoast_head_json":{"title":"Insta360 Invisible Selfie Stick Gold Edition - koningdrone.be","robots":{"index":"index","follow":"follow","max-snippet":"max-snippet:-1","max-image-preview":"max-image-preview:large","max-video-preview":"max-video-preview:-1"},"canonical":"https:\/\/koningdrone.be\/es\/producto\/insta360-invisible-selfie-stick-gold-edition\/","og_locale":"es_ES","og_type":"article","og_title":"Insta360 Invisible Selfie Stick Gold Edition","og_description":"Wordt automatisch verwijderd in 360 opnamen voor ongelooflijke opnamen vanuit de derde persoon en onmogelijke hoeken.Opmerking: wanneer dit product wordt gebruikt met Ace Pro &amp; Ace, moeten gebruikers de Quick Release Mount of 3-prong naar 1\/4\u201d Adapter aanschaffen, afzonderlijk verkrijgbaar.Superlicht ontwerp maakt het gemakkelijk om mee te nemen voor langere periodes.Zeer sterke materialen voor stabiel gebruik met Insta360-camera's.Nieuwe, ultra-duurzame verlengstructuur.Voor de beste stabiliteit, verleng de selfie stick alleen tot 2 secties (~70cm) met de ONE RS 1-Inch 360 Edition. Als je de selfie stick langer uitschuift, ga dan discreet te werk en beoordeel de stabiliteit van de camera tijdens het filmen. Gebruik geen lange selfie sticks bij hoge snelheden of in actiescenario's.Invisible Selfie Stick effect kan alleen worden bereikt met 360 camera's.We raden aan de Selfie Stick Sleeve te gebruiken voor een betere opname-ervaring.","og_url":"https:\/\/koningdrone.be\/es\/producto\/insta360-invisible-selfie-stick-gold-edition\/","og_site_name":"koningdrone.be","article_modified_time":"2026-04-30T09:20:49+00:00","og_image":[{"width":1280,"height":1280,"url":"https:\/\/koningdrone.be\/wp-content\/uploads\/sites\/13\/2025\/04\/2673_1ec40766-681e-40e6-9592-88bb65c8e34a.webp","type":"image\/webp"}],"twitter_card":"summary_large_image","schema":{"@context":"https:\/\/schema.org","@graph":[{"@type":"WebPage","@id":"https:\/\/koningdrone.be\/product\/insta360-invisible-selfie-stick-gold-edition\/","url":"https:\/\/koningdrone.be\/product\/insta360-invisible-selfie-stick-gold-edition\/","name":"Insta360 Invisible Selfie Stick Gold Edition - koningdrone.be","isPartOf":{"@id":"https:\/\/koningdrone.be\/#website"},"primaryImageOfPage":{"@id":"https:\/\/koningdrone.be\/product\/insta360-invisible-selfie-stick-gold-edition\/#primaryimage"},"image":{"@id":"https:\/\/koningdrone.be\/product\/insta360-invisible-selfie-stick-gold-edition\/#primaryimage"},"thumbnailUrl":"https:\/\/koningdrone.be\/wp-content\/uploads\/sites\/13\/2025\/04\/2673_1ec40766-681e-40e6-9592-88bb65c8e34a.webp","datePublished":"2024-09-18T08:31:49+00:00","dateModified":"2026-04-30T09:20:49+00:00","breadcrumb":{"@id":"https:\/\/koningdrone.be\/product\/insta360-invisible-selfie-stick-gold-edition\/#breadcrumb"},"inLanguage":"es","potentialAction":[{"@type":"ReadAction","target":["https:\/\/koningdrone.be\/product\/insta360-invisible-selfie-stick-gold-edition\/"]}]},{"@type":"ImageObject","inLanguage":"es","@id":"https:\/\/koningdrone.be\/product\/insta360-invisible-selfie-stick-gold-edition\/#primaryimage","url":"https:\/\/koningdrone.be\/wp-content\/uploads\/sites\/13\/2025\/04\/2673_1ec40766-681e-40e6-9592-88bb65c8e34a.webp","contentUrl":"https:\/\/koningdrone.be\/wp-content\/uploads\/sites\/13\/2025\/04\/2673_1ec40766-681e-40e6-9592-88bb65c8e34a.webp","width":1280,"height":1280},{"@type":"BreadcrumbList","@id":"https:\/\/koningdrone.be\/product\/insta360-invisible-selfie-stick-gold-edition\/#breadcrumb","itemListElement":[{"@type":"ListItem","position":1,"name":"Home","item":"https:\/\/koningdrone.be\/"},{"@type":"ListItem","position":2,"name":"AVSS Parachute Recovery System for DJI Matrice 300\/350","item":"https:\/\/koningdrone.be\/product\/avss-parachute-recovery-system-for-dji-matrice-300-350\/"},{"@type":"ListItem","position":3,"name":"Alle producten","item":"https:\/\/koningdrone.be\/categorie\/alle-producten\/"},{"@type":"ListItem","position":4,"name":"Insta360 Invisible Selfie Stick Gold Edition"}]},{"@type":"WebSite","@id":"https:\/\/koningdrone.be\/#website","url":"https:\/\/koningdrone.be\/","name":"Koningdrone.be - Su especialista en l\u00ednea en drones, cardanes, c\u00e1maras y centrales el\u00e9ctricas.","description":"La tienda virtual de drones y cardanes","publisher":{"@id":"https:\/\/koningdrone.be\/#organization"},"potentialAction":[{"@type":"SearchAction","target":{"@type":"EntryPoint","urlTemplate":"https:\/\/koningdrone.be\/?s={search_term_string}"},"query-input":{"@type":"PropertyValueSpecification","valueRequired":true,"valueName":"search_term_string"}}],"inLanguage":"es"},{"@type":"Organization","@id":"https:\/\/koningdrone.be\/#organization","name":"Kingdrone.es","url":"https:\/\/koningdrone.be\/","logo":{"@type":"ImageObject","inLanguage":"es","@id":"https:\/\/koningdrone.be\/#\/schema\/logo\/image\/","url":"https:\/\/koningdrone.be\/wp-content\/uploads\/sites\/13\/2025\/04\/koningdrone-copyright-logo.svg","contentUrl":"https:\/\/koningdrone.be\/wp-content\/uploads\/sites\/13\/2025\/04\/koningdrone-copyright-logo.svg","width":227,"height":38,"caption":"Koningdrone.be"},"image":{"@id":"https:\/\/koningdrone.be\/#\/schema\/logo\/image\/"}}]}},"df_price":"","df_sale_price":"","df_regular_price":"","df_image_link":"https:\/\/koningdrone.be\/wp-content\/uploads\/sites\/13\/2025\/04\/2673_1ec40766-681e-40e6-9592-88bb65c8e34a-300x300.webp","_links":{"self":[{"href":"https:\/\/koningdrone.be\/es\/wp-json\/wp\/v2\/product\/2197","targetHints":{"allow":["GET"]}}],"collection":[{"href":"https:\/\/koningdrone.be\/es\/wp-json\/wp\/v2\/product"}],"about":[{"href":"https:\/\/koningdrone.be\/es\/wp-json\/wp\/v2\/types\/product"}],"wp:featuredmedia":[{"embeddable":true,"href":"https:\/\/koningdrone.be\/es\/wp-json\/wp\/v2\/media\/2193"}],"wp:attachment":[{"href":"https:\/\/koningdrone.be\/es\/wp-json\/wp\/v2\/media?parent=2197"}],"wp:term":[{"taxonomy":"product_brand","embeddable":true,"href":"https:\/\/koningdrone.be\/es\/wp-json\/wp\/v2\/product_brand?post=2197"},{"taxonomy":"product_cat","embeddable":true,"href":"https:\/\/koningdrone.be\/es\/wp-json\/wp\/v2\/product_cat?post=2197"},{"taxonomy":"product_tag","embeddable":true,"href":"https:\/\/koningdrone.be\/es\/wp-json\/wp\/v2\/product_tag?post=2197"}],"curies":[{"name":"wp","href":"https:\/\/api.w.org\/{rel}","templated":true}]}}