{"id":2114,"date":"2024-10-16T07:57:55","date_gmt":"2024-10-16T05:57:55","guid":{"rendered":"https:\/\/koningdrone.nl\/kon\/product\/dji-air-3s-fly-more-combo-dji-rc-n3\/"},"modified":"2026-04-29T15:11:03","modified_gmt":"2026-04-29T13:11:03","slug":"dji-air-3s-fly-more-combo-dji-rc-n3","status":"publish","type":"product","link":"https:\/\/koningdrone.be\/es\/producto\/dji-air-3s-fly-more-combo-dji-rc-n3\/","title":{"rendered":"Combo DJI Air 3S Fly More (DJI RC-N3)"},"content":{"rendered":"<h3>DJI Air 3S Fly More Combo: Creatividad sin l\u00edmites, de d\u00eda y de noche<\/h3>\n<p><iframe loading=\"lazy\" title=\"Conoce DJI Air 3S\" width=\"800\" height=\"450\" src=\"https:\/\/www.youtube.com\/embed\/4fhl9F8DZDU?feature=oembed&#038;enablejsapi=1&#038;origin=https:\/\/koningdrone.be\" frameborder=\"0\" allow=\"accelerometer; autoplay; clipboard-write; encrypted-media; gyroscope; picture-in-picture; web-share\" referrerpolicy=\"strict-origin-when-cross-origin\" allowfullscreen><\/iframe><\/p>\n<p style=\"margin: 20px 0\">En <strong>DJI Air 3S con DJI RC-N3<\/strong> es el dron h\u00edbrido definitivo para los creadores de im\u00e1genes serios. Es la primera plataforma de su segmento que incorpora un potente <strong>C\u00e1mara principal CMOS de 1 pulgada<\/strong> se combina con un <strong>Sensor LiDAR<\/strong> para una seguridad sin precedentes en la oscuridad. Ya sea capturando las sutiles texturas de una puesta de sol con 14 pasos de rango din\u00e1mico o fotografiando fluidas im\u00e1genes de acci\u00f3n con el teleobjetivo, la Air 3S ofrece resultados de nivel profesional. El combo Fly More con el <strong>Controlador inteligente RC-N3<\/strong> le ofrece un flujo de trabajo totalmente independiente y el tiempo de vuelo adicional necesario para agotar por completo cada ubicaci\u00f3n \u00fanica.<\/p>\n<p><a href=\"https:\/\/koningdrone.nl\/wp-content\/uploads\/2024\/10\/DJI-Air-3S-Fly-More-Combo-DJI-RC-N3.jpg\"><img loading=\"lazy\" decoding=\"async\" class=\"size-medium wp-image-472549 aligncenter\" src=\"https:\/\/koningdrone.nl\/wp-content\/uploads\/2024\/10\/DJI-Air-3S-Fly-More-Combo-DJI-RC-N3-300x300.jpg\" alt=\"DJI Air 3S Fly More Combo (DJI RC-N3)\" width=\"300\" height=\"300\" \/><\/a><\/p>\n<h4>Sistema de doble c\u00e1mara primaria y seguridad LiDAR<\/h4>\n<p>La Air 3S ofrece una versatilidad \u00f3ptica que eleva el est\u00e1ndar del sector:<\/p>\n<ul>\n<li><strong>Doble fuente de alimentaci\u00f3n:<\/strong> La c\u00e1mara principal de 1 pulgada y 50 MP destaca en situaciones de poca luz y alto contraste, mientras que la c\u00e1mara de teleobjetivo medio (70 mm) de 48 MP proporciona una magn\u00edfica compresi\u00f3n cinematogr\u00e1fica. Ambas c\u00e1maras admiten <strong>4K\/60 fps HDR<\/strong> y un impresionante <strong>C\u00e1mara lenta 4K\/120 fps<\/strong>.<\/li>\n<li><strong>Pionera en seguridad nocturna:<\/strong> Gracias a la incorporaci\u00f3n de <strong>LiDAR orientado hacia delante<\/strong> permite al Air 3S detectar obst\u00e1culos en entornos en los que fallan los sensores visuales tradicionales. Esto hace que la detecci\u00f3n omnidireccional de obst\u00e1culos sea fiable durante vuelos nocturnos o en bosques densos.<\/li>\n<li><strong>Rango din\u00e1mico superior:<\/strong> Con un rango de hasta 14 pasos, la Air 3S conserva el detalle en las sombras m\u00e1s profundas y las altas luces m\u00e1s brillantes, lo que resulta esencial para el postprocesado profesional y la correcci\u00f3n del color.<\/li>\n<\/ul>\n<p>RC-N3 Smart Control &amp; Fly More Endurance<\/p>\n<p>De hardware is ontworpen voor maximale operationele effici\u00ebntie op locatie:<\/p>\n<ul>\n<li><strong>Controlador inteligente DJI RC-N3:<\/strong> Disfruta de una experiencia de vuelo sin interferencias con el RC-N3 incluido. La p\u00e1gina <strong>pantalla brillante integrada<\/strong> elimina la necesidad de utilizar un smartphone y proporciona una transmisi\u00f3n en directo estable y n\u00edtida a trav\u00e9s del avanzado sistema de transmisi\u00f3n O4.<\/li>\n<li><strong>Paquete Fly More:<\/strong> Este combo es tu billete a la productividad ininterrumpida. Con tres bater\u00edas de vuelo inteligente en total, una pr\u00e1ctica estaci\u00f3n de carga y un juego de h\u00e9lices de repuesto, podr\u00e1s disparar durante horas sin tener que volver a un enchufe.<\/li>\n<li><strong>Seguimiento inteligente y panor\u00e1mica:<\/strong> Utilice <strong>ActiveTrack 360<\/strong> para seguir al sujeto con fluidez, incluso en entornos complejos. La nueva funci\u00f3n \u201cPanorama libre\u201d tambi\u00e9n permite seleccionar manualmente el \u00e1rea que se desea capturar en una panor\u00e1mica de alt\u00edsima resoluci\u00f3n.<\/li>\n<\/ul>\n<p><a href=\"https:\/\/koningdrone.nl\/wp-content\/uploads\/2024\/10\/DJI-Air-3S-Fly-More-Combo-DJI-RC-N3-Product.jpg\"><img loading=\"lazy\" decoding=\"async\" class=\"size-medium wp-image-472544 aligncenter\" src=\"https:\/\/koningdrone.nl\/wp-content\/uploads\/2024\/10\/DJI-Air-3S-Fly-More-Combo-DJI-RC-N3-Product-300x300.jpg\" alt=\"DJI Air 3S Fly More Combo (DJI RC-N3) Product\" width=\"300\" height=\"300\" \/><\/a><\/p>\n<h4>Por qu\u00e9 el combo DJI Air 3S Fly More es indispensable<\/h4>\n<p>El combo DJI Air 3S Fly More con RC-N3 es la inversi\u00f3n m\u00e1s inteligente para el fot\u00f3grafo viajero y el vide\u00f3grafo profesional. El sistema tiende un puente entre la portabilidad y el rendimiento de gama alta. Gracias a la tecnolog\u00eda LiDAR y al sensor de 1 pulgada, nunca tendr\u00e1s que dejar una toma porque est\u00e9 demasiado oscura o sea peligrosa. Con las bater\u00edas adicionales y el potente controlador, siempre estar\u00e1 listo para capturar el mundo desde una perspectiva \u00fanica y segura.<\/p>","protected":false},"excerpt":{"rendered":"<ul>\n<li>C\u00e1mara dual avanzada: CMOS de 1 pulgada + teleobjetivo medio para im\u00e1genes detalladas<\/li>\n<li>Accesorios Fly More: bater\u00edas, h\u00e9lices y estaci\u00f3n de carga adicionales para prolongar el tiempo de vuelo<\/li>\n<li>4K HDR y v\u00eddeo a c\u00e1mara lenta: im\u00e1genes de alta calidad para proyectos creativos<\/li>\n<li>Detecci\u00f3n de obst\u00e1culos omnidireccional con LiDAR: m\u00e1xima seguridad en cada vuelo<\/li>\n<li>Controlador DJI RC-N3: pantalla brillante integrada y controles avanzados<\/li>\n<\/ul>","protected":false},"featured_media":18834,"template":"","meta":{"_acf_changed":false},"product_brand":[],"product_cat":[335,99],"product_tag":[],"class_list":{"0":"post-2114","1":"product","2":"type-product","3":"status-publish","4":"has-post-thumbnail","6":"product_cat-dji-air-3s","7":"product_cat-drones-met-certificaat","8":"product_shipping_class-outofstock","9":"pa_brand-dji","10":"pa_producttype-drone","11":"pa_series-air","13":"first","14":"outofstock","15":"taxable","16":"shipping-taxable","17":"purchasable","18":"product-type-simple"},"acf":[],"yoast_head":"<!-- This site is optimized with the Yoast SEO Premium plugin v27.2 (Yoast SEO v27.2) - https:\/\/yoast.com\/product\/yoast-seo-premium-wordpress\/ -->\n<title>DJI Air 3S Fly More Combo (DJI RC-N3) - koningdrone.be<\/title>\n<meta name=\"robots\" content=\"index, follow, max-snippet:-1, max-image-preview:large, max-video-preview:-1\" \/>\n<link rel=\"canonical\" href=\"https:\/\/koningdrone.be\/es\/producto\/dji-air-3s-fly-more-combo-dji-rc-n3\/\" \/>\n<meta property=\"og:locale\" content=\"es_ES\" \/>\n<meta property=\"og:type\" content=\"article\" \/>\n<meta property=\"og:title\" content=\"DJI Air 3S Fly More Combo (DJI RC-N3)\" \/>\n<meta property=\"og:description\" content=\"Geavanceerde dual\u2011camera: 1\u2011inch CMOS + medium telecamera voor gedetailleerde opnames  Fly More accessoires: extra batterijen, propellers en laadstation voor langere vliegtijd  4K HDR &amp; slow\u2011motion video: hoge kwaliteit beelden voor creatieve projecten  Omnidirectionele obstakeldetectie met LiDAR: maximale veiligheid bij elke vlucht  DJI RC\u2011N3 controller: helder ingebouwd scherm en geavanceerde besturing\" \/>\n<meta property=\"og:url\" content=\"https:\/\/koningdrone.be\/es\/producto\/dji-air-3s-fly-more-combo-dji-rc-n3\/\" \/>\n<meta property=\"og:site_name\" content=\"koningdrone.be\" \/>\n<meta property=\"article:modified_time\" content=\"2026-04-29T13:11:03+00:00\" \/>\n<meta property=\"og:image\" content=\"https:\/\/koningdrone.be\/wp-content\/uploads\/sites\/13\/2026\/04\/DJI-Air-3S-Fly-More-Combo-DJI-RC-N3.jpg\" \/>\n\t<meta property=\"og:image:width\" content=\"2560\" \/>\n\t<meta property=\"og:image:height\" content=\"2560\" \/>\n\t<meta property=\"og:image:type\" content=\"image\/jpeg\" \/>\n<meta name=\"twitter:card\" content=\"summary_large_image\" \/>\n<meta name=\"twitter:label1\" content=\"Tiempo de lectura\" \/>\n\t<meta name=\"twitter:data1\" content=\"3 minutos\" \/>\n<script type=\"application\/ld+json\" class=\"yoast-schema-graph\">{\"@context\":\"https:\/\/schema.org\",\"@graph\":[{\"@type\":\"WebPage\",\"@id\":\"https:\/\/koningdrone.be\/product\/dji-air-3s-fly-more-combo-dji-rc-n3\/\",\"url\":\"https:\/\/koningdrone.be\/product\/dji-air-3s-fly-more-combo-dji-rc-n3\/\",\"name\":\"DJI Air 3S Fly More Combo (DJI RC-N3) - koningdrone.be\",\"isPartOf\":{\"@id\":\"https:\/\/koningdrone.be\/#website\"},\"primaryImageOfPage\":{\"@id\":\"https:\/\/koningdrone.be\/product\/dji-air-3s-fly-more-combo-dji-rc-n3\/#primaryimage\"},\"image\":{\"@id\":\"https:\/\/koningdrone.be\/product\/dji-air-3s-fly-more-combo-dji-rc-n3\/#primaryimage\"},\"thumbnailUrl\":\"https:\/\/koningdrone.be\/wp-content\/uploads\/sites\/13\/2026\/04\/DJI-Air-3S-Fly-More-Combo-DJI-RC-N3.jpg\",\"datePublished\":\"2024-10-16T05:57:55+00:00\",\"dateModified\":\"2026-04-29T13:11:03+00:00\",\"breadcrumb\":{\"@id\":\"https:\/\/koningdrone.be\/product\/dji-air-3s-fly-more-combo-dji-rc-n3\/#breadcrumb\"},\"inLanguage\":\"es\",\"potentialAction\":[{\"@type\":\"ReadAction\",\"target\":[\"https:\/\/koningdrone.be\/product\/dji-air-3s-fly-more-combo-dji-rc-n3\/\"]}]},{\"@type\":\"ImageObject\",\"inLanguage\":\"es\",\"@id\":\"https:\/\/koningdrone.be\/product\/dji-air-3s-fly-more-combo-dji-rc-n3\/#primaryimage\",\"url\":\"https:\/\/koningdrone.be\/wp-content\/uploads\/sites\/13\/2026\/04\/DJI-Air-3S-Fly-More-Combo-DJI-RC-N3.jpg\",\"contentUrl\":\"https:\/\/koningdrone.be\/wp-content\/uploads\/sites\/13\/2026\/04\/DJI-Air-3S-Fly-More-Combo-DJI-RC-N3.jpg\",\"width\":2560,\"height\":2560},{\"@type\":\"BreadcrumbList\",\"@id\":\"https:\/\/koningdrone.be\/product\/dji-air-3s-fly-more-combo-dji-rc-n3\/#breadcrumb\",\"itemListElement\":[{\"@type\":\"ListItem\",\"position\":1,\"name\":\"Home\",\"item\":\"https:\/\/koningdrone.be\/\"},{\"@type\":\"ListItem\",\"position\":2,\"name\":\"AVSS Parachute Recovery System for DJI Matrice 300\/350\",\"item\":\"https:\/\/koningdrone.be\/product\/avss-parachute-recovery-system-for-dji-matrice-300-350\/\"},{\"@type\":\"ListItem\",\"position\":3,\"name\":\"DJI Air 3S\",\"item\":\"https:\/\/koningdrone.be\/categorie\/dji-air-3s\/\"},{\"@type\":\"ListItem\",\"position\":4,\"name\":\"DJI Air 3S Fly More Combo (DJI RC-N3)\"}]},{\"@type\":\"WebSite\",\"@id\":\"https:\/\/koningdrone.be\/#website\",\"url\":\"https:\/\/koningdrone.be\/\",\"name\":\"Koningdrone.be - Uw online specialist in drones, gimbals, camera's en power stations.\",\"description\":\"De webshop in drones en gimbals\",\"publisher\":{\"@id\":\"https:\/\/koningdrone.be\/#organization\"},\"potentialAction\":[{\"@type\":\"SearchAction\",\"target\":{\"@type\":\"EntryPoint\",\"urlTemplate\":\"https:\/\/koningdrone.be\/?s={search_term_string}\"},\"query-input\":{\"@type\":\"PropertyValueSpecification\",\"valueRequired\":true,\"valueName\":\"search_term_string\"}}],\"inLanguage\":\"es\"},{\"@type\":\"Organization\",\"@id\":\"https:\/\/koningdrone.be\/#organization\",\"name\":\"Koningdrone.be\",\"url\":\"https:\/\/koningdrone.be\/\",\"logo\":{\"@type\":\"ImageObject\",\"inLanguage\":\"es\",\"@id\":\"https:\/\/koningdrone.be\/#\/schema\/logo\/image\/\",\"url\":\"https:\/\/koningdrone.be\/wp-content\/uploads\/sites\/13\/2025\/04\/koningdrone-copyright-logo.svg\",\"contentUrl\":\"https:\/\/koningdrone.be\/wp-content\/uploads\/sites\/13\/2025\/04\/koningdrone-copyright-logo.svg\",\"width\":227,\"height\":38,\"caption\":\"Koningdrone.be\"},\"image\":{\"@id\":\"https:\/\/koningdrone.be\/#\/schema\/logo\/image\/\"}}]}<\/script>\n<!-- \/ Yoast SEO Premium plugin. -->","yoast_head_json":{"title":"DJI Air 3S Fly More Combo (DJI RC-N3) - koningdrone.be","robots":{"index":"index","follow":"follow","max-snippet":"max-snippet:-1","max-image-preview":"max-image-preview:large","max-video-preview":"max-video-preview:-1"},"canonical":"https:\/\/koningdrone.be\/es\/producto\/dji-air-3s-fly-more-combo-dji-rc-n3\/","og_locale":"es_ES","og_type":"article","og_title":"DJI Air 3S Fly More Combo (DJI RC-N3)","og_description":"Geavanceerde dual\u2011camera: 1\u2011inch CMOS + medium telecamera voor gedetailleerde opnames  Fly More accessoires: extra batterijen, propellers en laadstation voor langere vliegtijd  4K HDR &amp; slow\u2011motion video: hoge kwaliteit beelden voor creatieve projecten  Omnidirectionele obstakeldetectie met LiDAR: maximale veiligheid bij elke vlucht  DJI RC\u2011N3 controller: helder ingebouwd scherm en geavanceerde besturing","og_url":"https:\/\/koningdrone.be\/es\/producto\/dji-air-3s-fly-more-combo-dji-rc-n3\/","og_site_name":"koningdrone.be","article_modified_time":"2026-04-29T13:11:03+00:00","og_image":[{"width":2560,"height":2560,"url":"https:\/\/koningdrone.be\/wp-content\/uploads\/sites\/13\/2026\/04\/DJI-Air-3S-Fly-More-Combo-DJI-RC-N3.jpg","type":"image\/jpeg"}],"twitter_card":"summary_large_image","twitter_misc":{"Tiempo de lectura":"3 minutos"},"schema":{"@context":"https:\/\/schema.org","@graph":[{"@type":"WebPage","@id":"https:\/\/koningdrone.be\/product\/dji-air-3s-fly-more-combo-dji-rc-n3\/","url":"https:\/\/koningdrone.be\/product\/dji-air-3s-fly-more-combo-dji-rc-n3\/","name":"DJI Air 3S Fly More Combo (DJI RC-N3) - koningdrone.be","isPartOf":{"@id":"https:\/\/koningdrone.be\/#website"},"primaryImageOfPage":{"@id":"https:\/\/koningdrone.be\/product\/dji-air-3s-fly-more-combo-dji-rc-n3\/#primaryimage"},"image":{"@id":"https:\/\/koningdrone.be\/product\/dji-air-3s-fly-more-combo-dji-rc-n3\/#primaryimage"},"thumbnailUrl":"https:\/\/koningdrone.be\/wp-content\/uploads\/sites\/13\/2026\/04\/DJI-Air-3S-Fly-More-Combo-DJI-RC-N3.jpg","datePublished":"2024-10-16T05:57:55+00:00","dateModified":"2026-04-29T13:11:03+00:00","breadcrumb":{"@id":"https:\/\/koningdrone.be\/product\/dji-air-3s-fly-more-combo-dji-rc-n3\/#breadcrumb"},"inLanguage":"es","potentialAction":[{"@type":"ReadAction","target":["https:\/\/koningdrone.be\/product\/dji-air-3s-fly-more-combo-dji-rc-n3\/"]}]},{"@type":"ImageObject","inLanguage":"es","@id":"https:\/\/koningdrone.be\/product\/dji-air-3s-fly-more-combo-dji-rc-n3\/#primaryimage","url":"https:\/\/koningdrone.be\/wp-content\/uploads\/sites\/13\/2026\/04\/DJI-Air-3S-Fly-More-Combo-DJI-RC-N3.jpg","contentUrl":"https:\/\/koningdrone.be\/wp-content\/uploads\/sites\/13\/2026\/04\/DJI-Air-3S-Fly-More-Combo-DJI-RC-N3.jpg","width":2560,"height":2560},{"@type":"BreadcrumbList","@id":"https:\/\/koningdrone.be\/product\/dji-air-3s-fly-more-combo-dji-rc-n3\/#breadcrumb","itemListElement":[{"@type":"ListItem","position":1,"name":"Home","item":"https:\/\/koningdrone.be\/"},{"@type":"ListItem","position":2,"name":"AVSS Parachute Recovery System for DJI Matrice 300\/350","item":"https:\/\/koningdrone.be\/product\/avss-parachute-recovery-system-for-dji-matrice-300-350\/"},{"@type":"ListItem","position":3,"name":"DJI Air 3S","item":"https:\/\/koningdrone.be\/categorie\/dji-air-3s\/"},{"@type":"ListItem","position":4,"name":"DJI Air 3S Fly More Combo (DJI RC-N3)"}]},{"@type":"WebSite","@id":"https:\/\/koningdrone.be\/#website","url":"https:\/\/koningdrone.be\/","name":"Koningdrone.be - Su especialista en l\u00ednea en drones, cardanes, c\u00e1maras y centrales el\u00e9ctricas.","description":"La tienda virtual de drones y cardanes","publisher":{"@id":"https:\/\/koningdrone.be\/#organization"},"potentialAction":[{"@type":"SearchAction","target":{"@type":"EntryPoint","urlTemplate":"https:\/\/koningdrone.be\/?s={search_term_string}"},"query-input":{"@type":"PropertyValueSpecification","valueRequired":true,"valueName":"search_term_string"}}],"inLanguage":"es"},{"@type":"Organization","@id":"https:\/\/koningdrone.be\/#organization","name":"Kingdrone.es","url":"https:\/\/koningdrone.be\/","logo":{"@type":"ImageObject","inLanguage":"es","@id":"https:\/\/koningdrone.be\/#\/schema\/logo\/image\/","url":"https:\/\/koningdrone.be\/wp-content\/uploads\/sites\/13\/2025\/04\/koningdrone-copyright-logo.svg","contentUrl":"https:\/\/koningdrone.be\/wp-content\/uploads\/sites\/13\/2025\/04\/koningdrone-copyright-logo.svg","width":227,"height":38,"caption":"Koningdrone.be"},"image":{"@id":"https:\/\/koningdrone.be\/#\/schema\/logo\/image\/"}}]}},"df_price":1399,"df_sale_price":"","df_regular_price":1399,"df_image_link":"https:\/\/koningdrone.be\/wp-content\/uploads\/sites\/13\/2026\/04\/DJI-Air-3S-Fly-More-Combo-DJI-RC-N3-300x300.jpg","_links":{"self":[{"href":"https:\/\/koningdrone.be\/es\/wp-json\/wp\/v2\/product\/2114","targetHints":{"allow":["GET"]}}],"collection":[{"href":"https:\/\/koningdrone.be\/es\/wp-json\/wp\/v2\/product"}],"about":[{"href":"https:\/\/koningdrone.be\/es\/wp-json\/wp\/v2\/types\/product"}],"wp:featuredmedia":[{"embeddable":true,"href":"https:\/\/koningdrone.be\/es\/wp-json\/wp\/v2\/media\/18834"}],"wp:attachment":[{"href":"https:\/\/koningdrone.be\/es\/wp-json\/wp\/v2\/media?parent=2114"}],"wp:term":[{"taxonomy":"product_brand","embeddable":true,"href":"https:\/\/koningdrone.be\/es\/wp-json\/wp\/v2\/product_brand?post=2114"},{"taxonomy":"product_cat","embeddable":true,"href":"https:\/\/koningdrone.be\/es\/wp-json\/wp\/v2\/product_cat?post=2114"},{"taxonomy":"product_tag","embeddable":true,"href":"https:\/\/koningdrone.be\/es\/wp-json\/wp\/v2\/product_tag?post=2114"}],"curies":[{"name":"wp","href":"https:\/\/api.w.org\/{rel}","templated":true}]}}