{"id":2108,"date":"2024-10-16T07:57:55","date_gmt":"2024-10-16T05:57:55","guid":{"rendered":"https:\/\/koningdrone.nl\/kon\/product\/dji-air-3s-fly-more-combo-dji-rc-2\/"},"modified":"2026-04-29T15:20:02","modified_gmt":"2026-04-29T13:20:02","slug":"dji-air-3s-fly-more-combo-dji-rc-2","status":"publish","type":"product","link":"https:\/\/koningdrone.be\/es\/producto\/dji-air-3s-fly-more-combo-dji-rc-2\/","title":{"rendered":"Combo DJI Air 3S Fly More (DJI RC 2)"},"content":{"rendered":"<h3>Combo DJI Air 3S Fly More: el todoterreno definitivo para la noche y el d\u00eda<\/h3>\n<p><iframe loading=\"lazy\" title=\"Conoce DJI Air 3S\" width=\"800\" height=\"450\" src=\"https:\/\/www.youtube.com\/embed\/4fhl9F8DZDU?feature=oembed&#038;enablejsapi=1&#038;origin=https:\/\/koningdrone.be\" frameborder=\"0\" allow=\"accelerometer; autoplay; clipboard-write; encrypted-media; gyroscope; picture-in-picture; web-share\" referrerpolicy=\"strict-origin-when-cross-origin\" allowfullscreen><\/iframe><\/p>\n<p style=\"margin: 20px 0\">En <strong>DJI Air 3S con DJI RC 2<\/strong> marca el comienzo de una nueva era para el ambicioso creador de contenidos. Como primer dron de su clase, el Air 3S combina una brutal <strong>C\u00e1mara principal CMOS de 1 pulgada<\/strong> con la precisi\u00f3n de un <strong>Sistema de seguridad controlado por LiDAR<\/strong>. Tanto si capta espectaculares paisajes de monta\u00f1a al amanecer como si filma fluidos hyperlapses urbanos por la noche, la Air 3S ofrece un rango din\u00e1mico de 14 stops antes impensable en este segmento. El Fly More Combo maximiza su producci\u00f3n creativa ofreci\u00e9ndole el tiempo de vuelo adicional y los accesorios necesarios para completar una producci\u00f3n completa en exteriores.<\/p>\n<p><a href=\"https:\/\/koningdrone.nl\/wp-content\/uploads\/2024\/10\/DJI-Air-3S-Fly-More-Combo-DJI-RC-2.jpg\"><img loading=\"lazy\" decoding=\"async\" class=\"size-medium wp-image-472536 aligncenter\" src=\"https:\/\/koningdrone.nl\/wp-content\/uploads\/2024\/10\/DJI-Air-3S-Fly-More-Combo-DJI-RC-2-300x300.jpg\" alt=\"DJI Air 3S Fly More Combo (DJI RC 2)\" width=\"300\" height=\"300\" \/><\/a><\/p>\n<h4>Perfecci\u00f3n con doble c\u00e1mara y precisi\u00f3n LiDAR<\/h4>\n<p>El Air 3S ofrece una versatilidad \u00f3ptica sin precedentes para cualquier composici\u00f3n:<\/p>\n<ul>\n<li><strong>Sistema de doble c\u00e1mara:<\/strong> La c\u00e1mara principal de 1 pulgada y 50 MP ofrece un rendimiento superior con poca luz, mientras que el teleobjetivo medio de 48 MP (70 mm) proporciona una magn\u00edfica compresi\u00f3n de la perspectiva. Ambas c\u00e1maras admiten <strong>4K\/60 fps HDR<\/strong> y un impresionante <strong>C\u00e1mara lenta 4K\/120 fps<\/strong>, dando a tus im\u00e1genes un aspecto cinematogr\u00e1fico en todo momento.<\/li>\n<li><strong>Seguridad nocturna con LiDAR:<\/strong> Gracias a la integraci\u00f3n de <strong>Adelante-LiDAR<\/strong> la Air 3S puede detectar obst\u00e1culos en condiciones de luz m\u00ednima. Esto hace que la detecci\u00f3n de obst\u00e1culos omnidireccional sea m\u00e1s fiable que nunca, haciendo que las tomas nocturnas no solo sean m\u00e1s bonitas, sino tambi\u00e9n significativamente m\u00e1s seguras.<\/li>\n<li><strong>14 Stops Rango Din\u00e1mico:<\/strong> Con soporte para modos de color de 10 bits, la Air 3S captura colores y texturas con una precisi\u00f3n fiel a la realidad. La funci\u00f3n \u201cPanorama libre\u201d tambi\u00e9n fusiona a la perfecci\u00f3n varias im\u00e1genes para obtener impresionantes tomas gran angular sin distorsi\u00f3n.<\/li>\n<\/ul>\n<h4>Control profesional y m\u00e1s resistencia<\/h4>\n<p>El hardware est\u00e1 dise\u00f1ado para un flujo de trabajo impecable en todas las condiciones:<\/p>\n<ul>\n<li><strong>Controlador Inteligente DJI RC 2:<\/strong> Tome el control de inmediato con el RC 2 incluido. La brillante pantalla integrada elimina la necesidad de un smartphone y proporciona una estable <strong>Enlace de v\u00eddeo O4 de 20 km<\/strong>. Disfrutar\u00e1 de una transmisi\u00f3n en directo n\u00edtida de 1080p\/60fps, incluso a grandes distancias.<\/li>\n<li><strong>Fly More Combo Ventajas:<\/strong> Con tres bater\u00edas de vuelo inteligente en total y un pr\u00e1ctico cargador, tendr\u00e1s garantizadas horas de diversi\u00f3n volando. El conjunto se completa con un juego de filtros ND, h\u00e9lices de repuesto y una robusta bolsa bandolera, con lo que estar\u00e1s listo al instante para cualquier encargo profesional.<\/li>\n<li><strong>Autonom\u00eda inteligente:<\/strong> Utiliza <strong>ActiveTrack 360<\/strong> para un seguimiento fluido de los sujetos y <strong>Vuelo Waypoint<\/strong> para programar y repetir trayectorias de vuelo complejas con una precisi\u00f3n centim\u00e9trica.<\/li>\n<\/ul>\n<p><a href=\"https:\/\/koningdrone.nl\/wp-content\/uploads\/2024\/10\/DJI-Air-3S-Fly-More-Combo-DJI-RC-2-Product.jpg\"><img loading=\"lazy\" decoding=\"async\" class=\"size-medium wp-image-472531 aligncenter\" src=\"https:\/\/koningdrone.nl\/wp-content\/uploads\/2024\/10\/DJI-Air-3S-Fly-More-Combo-DJI-RC-2-Product-300x300.jpg\" alt=\"DJI Air 3S Fly More Combo (DJI RC 2) Product\" width=\"300\" height=\"300\" \/><\/a><\/p>\n<h4>Por qu\u00e9 el combo DJI Air 3S Fly More es indispensable<\/h4>\n<p>El DJI Air 3S es el equilibrio perfecto entre la serie Mini compacta y los modelos Mavic m\u00e1s pesados. Es la elecci\u00f3n ideal para viajeros y cineastas que necesitan la potencia de un sensor de 1 pulgada pero tambi\u00e9n quieren la libertad creativa de un teleobjetivo. El Fly More Combo elimina por completo la preocupaci\u00f3n por la duraci\u00f3n de la bater\u00eda, para que pueda centrarse en lo que realmente importa: contar su historia con un metraje de primera clase. Con el Air 3S, tienes en tus manos el \u201cdron de viaje\u201d m\u00e1s avanzado de la actualidad.<\/p>","protected":false},"excerpt":{"rendered":"<ul>\n<li>Sistema de c\u00e1mara dual: c\u00e1mara principal CMOS de 1 pulgada + teleobjetivo medio de 70 mm para fotos y v\u00eddeos profesionales<\/li>\n<li>4K HDR y 4K a c\u00e1mara lenta: haz tomas cinematogr\u00e1ficas con alta resoluci\u00f3n y color de 10 bits<\/li>\n<li>Larga duraci\u00f3n de vuelo: hasta 45 minutos con bater\u00edas adicionales del Fly More Combo<\/li>\n<li>Detecci\u00f3n de obst\u00e1culos omnidireccional: vuelo seguro en cualquier direcci\u00f3n, incluso de noche<\/li>\n<li>Controlador DJI RC 2: pantalla integrada y transmisi\u00f3n O4 fiable para transmisiones en directo estables<\/li>\n<\/ul>","protected":false},"featured_media":18827,"template":"","meta":{"_acf_changed":false},"product_brand":[],"product_cat":[136,335],"product_tag":[],"class_list":{"0":"post-2108","1":"product","2":"type-product","3":"status-publish","4":"has-post-thumbnail","6":"product_cat-consumer-drones","7":"product_cat-dji-air-3s","8":"product_shipping_class-outofstock","9":"pa_brand-dji","10":"pa_producttype-drone","11":"pa_series-air","13":"first","14":"outofstock","15":"taxable","16":"shipping-taxable","17":"purchasable","18":"product-type-simple"},"acf":[],"yoast_head":"<!-- This site is optimized with the Yoast SEO Premium plugin v27.2 (Yoast SEO v27.2) - https:\/\/yoast.com\/product\/yoast-seo-premium-wordpress\/ -->\n<title>DJI Air 3S Fly More Combo (DJI RC 2) - koningdrone.be<\/title>\n<meta name=\"robots\" content=\"index, follow, max-snippet:-1, max-image-preview:large, max-video-preview:-1\" \/>\n<link rel=\"canonical\" href=\"https:\/\/koningdrone.be\/es\/producto\/dji-air-3s-fly-more-combo-dji-rc-2\/\" \/>\n<meta property=\"og:locale\" content=\"es_ES\" \/>\n<meta property=\"og:type\" content=\"article\" \/>\n<meta property=\"og:title\" content=\"DJI Air 3S Fly More Combo (DJI RC 2)\" \/>\n<meta property=\"og:description\" content=\"Dual\u2011camera systeem: 1\u2011inch CMOS hoofdcamera + 70\u202fmm medium telecamera voor professionele foto\u2019s en video\u2019s  4K HDR &amp; 4K slow\u2011motion: maak filmische opnames met hoge resolutie en 10\u2011bit kleur  Lange vliegtijd: tot 45 minuten met extra batterijen uit de Fly More Combo  Omnidirectionele obstakeldetectie: veilig vliegen in elke richting, ook bij nacht  DJI RC\u202f2 controller: ingebouwd scherm en betrouwbare O4 transmissie voor stabiele live\u2011feeds\" \/>\n<meta property=\"og:url\" content=\"https:\/\/koningdrone.be\/es\/producto\/dji-air-3s-fly-more-combo-dji-rc-2\/\" \/>\n<meta property=\"og:site_name\" content=\"koningdrone.be\" \/>\n<meta property=\"article:modified_time\" content=\"2026-04-29T13:20:02+00:00\" \/>\n<meta property=\"og:image\" content=\"https:\/\/koningdrone.be\/wp-content\/uploads\/sites\/13\/2026\/04\/DJI-Air-3S-Fly-More-Combo-DJI-RC-2.jpg\" \/>\n\t<meta property=\"og:image:width\" content=\"2560\" \/>\n\t<meta property=\"og:image:height\" content=\"2560\" \/>\n\t<meta property=\"og:image:type\" content=\"image\/jpeg\" \/>\n<meta name=\"twitter:card\" content=\"summary_large_image\" \/>\n<meta name=\"twitter:label1\" content=\"Tiempo de lectura\" \/>\n\t<meta name=\"twitter:data1\" content=\"3 minutos\" \/>\n<script type=\"application\/ld+json\" class=\"yoast-schema-graph\">{\"@context\":\"https:\/\/schema.org\",\"@graph\":[{\"@type\":\"WebPage\",\"@id\":\"https:\/\/koningdrone.be\/product\/dji-air-3s-fly-more-combo-dji-rc-2\/\",\"url\":\"https:\/\/koningdrone.be\/product\/dji-air-3s-fly-more-combo-dji-rc-2\/\",\"name\":\"DJI Air 3S Fly More Combo (DJI RC 2) - koningdrone.be\",\"isPartOf\":{\"@id\":\"https:\/\/koningdrone.be\/#website\"},\"primaryImageOfPage\":{\"@id\":\"https:\/\/koningdrone.be\/product\/dji-air-3s-fly-more-combo-dji-rc-2\/#primaryimage\"},\"image\":{\"@id\":\"https:\/\/koningdrone.be\/product\/dji-air-3s-fly-more-combo-dji-rc-2\/#primaryimage\"},\"thumbnailUrl\":\"https:\/\/koningdrone.be\/wp-content\/uploads\/sites\/13\/2026\/04\/DJI-Air-3S-Fly-More-Combo-DJI-RC-2.jpg\",\"datePublished\":\"2024-10-16T05:57:55+00:00\",\"dateModified\":\"2026-04-29T13:20:02+00:00\",\"breadcrumb\":{\"@id\":\"https:\/\/koningdrone.be\/product\/dji-air-3s-fly-more-combo-dji-rc-2\/#breadcrumb\"},\"inLanguage\":\"es\",\"potentialAction\":[{\"@type\":\"ReadAction\",\"target\":[\"https:\/\/koningdrone.be\/product\/dji-air-3s-fly-more-combo-dji-rc-2\/\"]}]},{\"@type\":\"ImageObject\",\"inLanguage\":\"es\",\"@id\":\"https:\/\/koningdrone.be\/product\/dji-air-3s-fly-more-combo-dji-rc-2\/#primaryimage\",\"url\":\"https:\/\/koningdrone.be\/wp-content\/uploads\/sites\/13\/2026\/04\/DJI-Air-3S-Fly-More-Combo-DJI-RC-2.jpg\",\"contentUrl\":\"https:\/\/koningdrone.be\/wp-content\/uploads\/sites\/13\/2026\/04\/DJI-Air-3S-Fly-More-Combo-DJI-RC-2.jpg\",\"width\":2560,\"height\":2560},{\"@type\":\"BreadcrumbList\",\"@id\":\"https:\/\/koningdrone.be\/product\/dji-air-3s-fly-more-combo-dji-rc-2\/#breadcrumb\",\"itemListElement\":[{\"@type\":\"ListItem\",\"position\":1,\"name\":\"Home\",\"item\":\"https:\/\/koningdrone.be\/\"},{\"@type\":\"ListItem\",\"position\":2,\"name\":\"AVSS Parachute Recovery System for DJI Matrice 300\/350\",\"item\":\"https:\/\/koningdrone.be\/product\/avss-parachute-recovery-system-for-dji-matrice-300-350\/\"},{\"@type\":\"ListItem\",\"position\":3,\"name\":\"Consumer drones\",\"item\":\"https:\/\/koningdrone.be\/categorie\/consumer-drones\/\"},{\"@type\":\"ListItem\",\"position\":4,\"name\":\"DJI Air 3S Fly More Combo (DJI RC 2)\"}]},{\"@type\":\"WebSite\",\"@id\":\"https:\/\/koningdrone.be\/#website\",\"url\":\"https:\/\/koningdrone.be\/\",\"name\":\"Koningdrone.be - Uw online specialist in drones, gimbals, camera's en power stations.\",\"description\":\"De webshop in drones en gimbals\",\"publisher\":{\"@id\":\"https:\/\/koningdrone.be\/#organization\"},\"potentialAction\":[{\"@type\":\"SearchAction\",\"target\":{\"@type\":\"EntryPoint\",\"urlTemplate\":\"https:\/\/koningdrone.be\/?s={search_term_string}\"},\"query-input\":{\"@type\":\"PropertyValueSpecification\",\"valueRequired\":true,\"valueName\":\"search_term_string\"}}],\"inLanguage\":\"es\"},{\"@type\":\"Organization\",\"@id\":\"https:\/\/koningdrone.be\/#organization\",\"name\":\"Koningdrone.be\",\"url\":\"https:\/\/koningdrone.be\/\",\"logo\":{\"@type\":\"ImageObject\",\"inLanguage\":\"es\",\"@id\":\"https:\/\/koningdrone.be\/#\/schema\/logo\/image\/\",\"url\":\"https:\/\/koningdrone.be\/wp-content\/uploads\/sites\/13\/2025\/04\/koningdrone-copyright-logo.svg\",\"contentUrl\":\"https:\/\/koningdrone.be\/wp-content\/uploads\/sites\/13\/2025\/04\/koningdrone-copyright-logo.svg\",\"width\":227,\"height\":38,\"caption\":\"Koningdrone.be\"},\"image\":{\"@id\":\"https:\/\/koningdrone.be\/#\/schema\/logo\/image\/\"}}]}<\/script>\n<!-- \/ Yoast SEO Premium plugin. -->","yoast_head_json":{"title":"DJI Air 3S Fly More Combo (DJI RC 2) - koningdrone.be","robots":{"index":"index","follow":"follow","max-snippet":"max-snippet:-1","max-image-preview":"max-image-preview:large","max-video-preview":"max-video-preview:-1"},"canonical":"https:\/\/koningdrone.be\/es\/producto\/dji-air-3s-fly-more-combo-dji-rc-2\/","og_locale":"es_ES","og_type":"article","og_title":"DJI Air 3S Fly More Combo (DJI RC 2)","og_description":"Dual\u2011camera systeem: 1\u2011inch CMOS hoofdcamera + 70\u202fmm medium telecamera voor professionele foto\u2019s en video\u2019s  4K HDR &amp; 4K slow\u2011motion: maak filmische opnames met hoge resolutie en 10\u2011bit kleur  Lange vliegtijd: tot 45 minuten met extra batterijen uit de Fly More Combo  Omnidirectionele obstakeldetectie: veilig vliegen in elke richting, ook bij nacht  DJI RC\u202f2 controller: ingebouwd scherm en betrouwbare O4 transmissie voor stabiele live\u2011feeds","og_url":"https:\/\/koningdrone.be\/es\/producto\/dji-air-3s-fly-more-combo-dji-rc-2\/","og_site_name":"koningdrone.be","article_modified_time":"2026-04-29T13:20:02+00:00","og_image":[{"width":2560,"height":2560,"url":"https:\/\/koningdrone.be\/wp-content\/uploads\/sites\/13\/2026\/04\/DJI-Air-3S-Fly-More-Combo-DJI-RC-2.jpg","type":"image\/jpeg"}],"twitter_card":"summary_large_image","twitter_misc":{"Tiempo de lectura":"3 minutos"},"schema":{"@context":"https:\/\/schema.org","@graph":[{"@type":"WebPage","@id":"https:\/\/koningdrone.be\/product\/dji-air-3s-fly-more-combo-dji-rc-2\/","url":"https:\/\/koningdrone.be\/product\/dji-air-3s-fly-more-combo-dji-rc-2\/","name":"DJI Air 3S Fly More Combo (DJI RC 2) - koningdrone.be","isPartOf":{"@id":"https:\/\/koningdrone.be\/#website"},"primaryImageOfPage":{"@id":"https:\/\/koningdrone.be\/product\/dji-air-3s-fly-more-combo-dji-rc-2\/#primaryimage"},"image":{"@id":"https:\/\/koningdrone.be\/product\/dji-air-3s-fly-more-combo-dji-rc-2\/#primaryimage"},"thumbnailUrl":"https:\/\/koningdrone.be\/wp-content\/uploads\/sites\/13\/2026\/04\/DJI-Air-3S-Fly-More-Combo-DJI-RC-2.jpg","datePublished":"2024-10-16T05:57:55+00:00","dateModified":"2026-04-29T13:20:02+00:00","breadcrumb":{"@id":"https:\/\/koningdrone.be\/product\/dji-air-3s-fly-more-combo-dji-rc-2\/#breadcrumb"},"inLanguage":"es","potentialAction":[{"@type":"ReadAction","target":["https:\/\/koningdrone.be\/product\/dji-air-3s-fly-more-combo-dji-rc-2\/"]}]},{"@type":"ImageObject","inLanguage":"es","@id":"https:\/\/koningdrone.be\/product\/dji-air-3s-fly-more-combo-dji-rc-2\/#primaryimage","url":"https:\/\/koningdrone.be\/wp-content\/uploads\/sites\/13\/2026\/04\/DJI-Air-3S-Fly-More-Combo-DJI-RC-2.jpg","contentUrl":"https:\/\/koningdrone.be\/wp-content\/uploads\/sites\/13\/2026\/04\/DJI-Air-3S-Fly-More-Combo-DJI-RC-2.jpg","width":2560,"height":2560},{"@type":"BreadcrumbList","@id":"https:\/\/koningdrone.be\/product\/dji-air-3s-fly-more-combo-dji-rc-2\/#breadcrumb","itemListElement":[{"@type":"ListItem","position":1,"name":"Home","item":"https:\/\/koningdrone.be\/"},{"@type":"ListItem","position":2,"name":"AVSS Parachute Recovery System for DJI Matrice 300\/350","item":"https:\/\/koningdrone.be\/product\/avss-parachute-recovery-system-for-dji-matrice-300-350\/"},{"@type":"ListItem","position":3,"name":"Consumer drones","item":"https:\/\/koningdrone.be\/categorie\/consumer-drones\/"},{"@type":"ListItem","position":4,"name":"DJI Air 3S Fly More Combo (DJI RC 2)"}]},{"@type":"WebSite","@id":"https:\/\/koningdrone.be\/#website","url":"https:\/\/koningdrone.be\/","name":"Koningdrone.be - Su especialista en l\u00ednea en drones, cardanes, c\u00e1maras y centrales el\u00e9ctricas.","description":"La tienda virtual de drones y cardanes","publisher":{"@id":"https:\/\/koningdrone.be\/#organization"},"potentialAction":[{"@type":"SearchAction","target":{"@type":"EntryPoint","urlTemplate":"https:\/\/koningdrone.be\/?s={search_term_string}"},"query-input":{"@type":"PropertyValueSpecification","valueRequired":true,"valueName":"search_term_string"}}],"inLanguage":"es"},{"@type":"Organization","@id":"https:\/\/koningdrone.be\/#organization","name":"Kingdrone.es","url":"https:\/\/koningdrone.be\/","logo":{"@type":"ImageObject","inLanguage":"es","@id":"https:\/\/koningdrone.be\/#\/schema\/logo\/image\/","url":"https:\/\/koningdrone.be\/wp-content\/uploads\/sites\/13\/2025\/04\/koningdrone-copyright-logo.svg","contentUrl":"https:\/\/koningdrone.be\/wp-content\/uploads\/sites\/13\/2025\/04\/koningdrone-copyright-logo.svg","width":227,"height":38,"caption":"Koningdrone.be"},"image":{"@id":"https:\/\/koningdrone.be\/#\/schema\/logo\/image\/"}}]}},"df_price":1599,"df_sale_price":"","df_regular_price":1599,"df_image_link":"https:\/\/koningdrone.be\/wp-content\/uploads\/sites\/13\/2026\/04\/DJI-Air-3S-Fly-More-Combo-DJI-RC-2-300x300.jpg","_links":{"self":[{"href":"https:\/\/koningdrone.be\/es\/wp-json\/wp\/v2\/product\/2108","targetHints":{"allow":["GET"]}}],"collection":[{"href":"https:\/\/koningdrone.be\/es\/wp-json\/wp\/v2\/product"}],"about":[{"href":"https:\/\/koningdrone.be\/es\/wp-json\/wp\/v2\/types\/product"}],"wp:featuredmedia":[{"embeddable":true,"href":"https:\/\/koningdrone.be\/es\/wp-json\/wp\/v2\/media\/18827"}],"wp:attachment":[{"href":"https:\/\/koningdrone.be\/es\/wp-json\/wp\/v2\/media?parent=2108"}],"wp:term":[{"taxonomy":"product_brand","embeddable":true,"href":"https:\/\/koningdrone.be\/es\/wp-json\/wp\/v2\/product_brand?post=2108"},{"taxonomy":"product_cat","embeddable":true,"href":"https:\/\/koningdrone.be\/es\/wp-json\/wp\/v2\/product_cat?post=2108"},{"taxonomy":"product_tag","embeddable":true,"href":"https:\/\/koningdrone.be\/es\/wp-json\/wp\/v2\/product_tag?post=2108"}],"curies":[{"name":"wp","href":"https:\/\/api.w.org\/{rel}","templated":true}]}}