{"id":2101,"date":"2024-10-16T07:57:55","date_gmt":"2024-10-16T05:57:55","guid":{"rendered":"https:\/\/koningdrone.nl\/kon\/product\/dji-air-3s-dji-rc-n3\/"},"modified":"2026-04-29T12:07:27","modified_gmt":"2026-04-29T10:07:27","slug":"dji-air-3s-dji-rc-n3","status":"publish","type":"product","link":"https:\/\/koningdrone.be\/es\/producto\/dji-air-3s-dji-rc-n3\/","title":{"rendered":"DJI Air 3S (DJI RC-N3)"},"content":{"rendered":"<h3>DJI Air 3S: El equilibrio perfecto entre potencia de sensor y seguridad inteligente<\/h3>\n<p><iframe loading=\"lazy\" title=\"Conoce DJI Air 3S\" width=\"800\" height=\"450\" src=\"https:\/\/www.youtube.com\/embed\/4fhl9F8DZDU?feature=oembed&#038;enablejsapi=1&#038;origin=https:\/\/koningdrone.be\" frameborder=\"0\" allow=\"accelerometer; autoplay; clipboard-write; encrypted-media; gyroscope; picture-in-picture; web-share\" referrerpolicy=\"strict-origin-when-cross-origin\" allowfullscreen><\/iframe><\/p>\n<p style=\"margin: 20px 0\">En <strong>DJI Air 3S con DJI RC-N3<\/strong> est\u00e1 dise\u00f1ado para el piloto exigente que no se conforma con tomas est\u00e1ndar. Como primer dron de su clase, el Air 3S introduce una <strong>Sistema LiDAR orientado hacia delante<\/strong>, que permite al dron reconocer perfectamente los obst\u00e1culos incluso en situaciones de poca luz. Combinado con la impresionante <strong>C\u00e1mara principal CMOS de 1 pulgada<\/strong> este dispositivo ofrece un rango din\u00e1mico de 14 stops, lo que permite que tus im\u00e1genes conserven una profundidad y un detalle antes inalcanzables. El controlador DJI RC-N3 con pantalla integrada completa el paquete: una experiencia de vuelo \u00e1gil y profesional sin depender de tu smartphone.<\/p>\n<p><a href=\"https:\/\/koningdrone.nl\/wp-content\/uploads\/2024\/10\/DJI-Air-3S-DJI-RC-N3.jpg\"><img loading=\"lazy\" decoding=\"async\" class=\"size-medium wp-image-472563 aligncenter\" src=\"https:\/\/koningdrone.nl\/wp-content\/uploads\/2024\/10\/DJI-Air-3S-DJI-RC-N3-300x300.jpg\" alt=\"DJI Air 3S (DJI RC-N3)\" width=\"300\" height=\"300\" \/><\/a><\/p>\n<h4>\u00d3ptica superior de doble c\u00e1mara y visi\u00f3n nocturna<\/h4>\n<p>El Air 3S ofrece una paleta visual que hace que cada escena sea cinematogr\u00e1fica:<\/p>\n<ul>\n<li><strong>Sistema de doble c\u00e1mara principal:<\/strong> El sensor principal de 1 pulgada y 50 MP capta todos los detalles con una sensibilidad lum\u00ednica superior, mientras que la c\u00e1mara de teleobjetivo medio (70 mm) de 48 MP acerca a los sujetos con una excelente compresi\u00f3n del fondo. Ambas c\u00e1maras admiten <strong>4K\/60 fps HDR<\/strong> y <strong>C\u00e1mara lenta 4K\/120 fps<\/strong>.<\/li>\n<li><strong>Integraci\u00f3n pionera de LiDAR:<\/strong> Gracias a la tecnolog\u00eda LiDAR de detecci\u00f3n de obst\u00e1culos, el Air 3S supera los l\u00edmites de la seguridad. El dron \u201cve\u201d f\u00edsicamente las distancias incluso en la oscuridad, lo que hace que las tomas nocturnas o los vuelos en bosques densos sean mucho m\u00e1s seguros.<\/li>\n<li><strong>14 Stops Rango Din\u00e1mico:<\/strong> Tanto si filma contra el sol como en las profundas sombras de un barranco, la Air 3S conserva las transiciones de color y las texturas naturales, lo que resulta crucial para el postprocesado y la correcci\u00f3n de color profesionales.<\/li>\n<\/ul>\n<h4>Control avanzado e inteligencia artificial<\/h4>\n<p>Volar de forma m\u00e1s inteligente significa capturar mejores im\u00e1genes:<\/p>\n<ul>\n<li><strong>Controlador inteligente DJI RC-N3:<\/strong> El mando incluido cuenta con un <strong>pantalla clara e integrada<\/strong>. Esto significa un tiempo de puesta en marcha m\u00e1s corto y una transmisi\u00f3n en directo extremadamente estable a trav\u00e9s del sistema de transmisi\u00f3n O4, sin distracciones por llamadas entrantes o notificaciones en un tel\u00e9fono.<\/li>\n<li><strong>ActiveTrack 360\u00b0 y Smart RTH:<\/strong> El Air 3S utiliza algoritmos avanzados para realizar un seguimiento fluido de los sujetos mientras planifica su ruta de forma proactiva. La funci\u00f3n mejorada \u2018Vuelta a casa\u2019 garantiza que el dron regrese sano y salvo al punto de partida incluso desde entornos complejos.<\/li>\n<li><strong>Panorama gratuito:<\/strong> Cree impresionantes tomas generales con la nueva funci\u00f3n panor\u00e1mica, en la que usted decide el encuadre. El dron fusiona a la perfecci\u00f3n varias tomas en una imagen de alt\u00edsima resoluci\u00f3n.<\/li>\n<\/ul>\n<p><a href=\"https:\/\/koningdrone.nl\/wp-content\/uploads\/2024\/10\/DJI-Air-3S-DJI-RC-N3-Action.jpg\"><img loading=\"lazy\" decoding=\"async\" class=\"size-medium wp-image-472557 aligncenter\" src=\"https:\/\/koningdrone.nl\/wp-content\/uploads\/2024\/10\/DJI-Air-3S-DJI-RC-N3-Action-300x300.jpg\" alt=\"DJI Air 3S (DJI RC-N3) Action\" width=\"300\" height=\"300\" \/><\/a><\/p>\n<h4>Por qu\u00e9 el DJI Air 3S es indispensable<\/h4>\n<p>La DJI Air 3S con RC-N3 es la opci\u00f3n ideal para quienes buscan un sistema potente \u201ctodo en uno\u201d. Tiende un puente entre el hobby y la producci\u00f3n profesional haciendo accesibles funciones de gama alta como el color de 10 bits y la seguridad LiDAR. Para los fot\u00f3grafos y cineastas que buscan un caballo de batalla fiable que destaque tanto de d\u00eda como de noche, el Air 3S es el dron m\u00e1s vers\u00e1til del mercado. Obtendr\u00e1s la potencia de una c\u00e1mara de cine en una montura que podr\u00e1s llevar a cualquier parte.<\/p>","protected":false},"excerpt":{"rendered":"<ul>\n<li>Potente c\u00e1mara dual: CMOS de 1 pulgada y teleobjetivo medio de 70 mm para una fotograf\u00eda a\u00e9rea vers\u00e1til<\/li>\n<li>4K HDR y v\u00eddeo a c\u00e1mara lenta: calidad profesional para fotograf\u00eda y cine<\/li>\n<li>Detecci\u00f3n fiable de obst\u00e1culos: evite colisiones con sensores en todas las direcciones<\/li>\n<li>Dise\u00f1o port\u00e1til y robusto: ideal para viajar y fotografiar en exteriores<\/li>\n<li>Controlador DJI RC-N3: transmisi\u00f3n estable y manejo intuitivo<\/li>\n<\/ul>","protected":false},"featured_media":18841,"template":"","meta":{"_acf_changed":false},"product_brand":[],"product_cat":[335],"product_tag":[],"class_list":{"0":"post-2101","1":"product","2":"type-product","3":"status-publish","4":"has-post-thumbnail","6":"product_cat-dji-air-3s","7":"product_shipping_class-acsystemsall","8":"pa_brand-dji","9":"pa_producttype-drone","10":"pa_series-air","12":"first","13":"instock","14":"taxable","15":"shipping-taxable","16":"purchasable","17":"product-type-simple"},"acf":[],"yoast_head":"<!-- This site is optimized with the Yoast SEO Premium plugin v27.2 (Yoast SEO v27.2) - https:\/\/yoast.com\/product\/yoast-seo-premium-wordpress\/ -->\n<title>DJI Air 3S (DJI RC-N3) - koningdrone.be<\/title>\n<meta name=\"robots\" content=\"index, follow, max-snippet:-1, max-image-preview:large, max-video-preview:-1\" \/>\n<link rel=\"canonical\" href=\"https:\/\/koningdrone.be\/es\/producto\/dji-air-3s-dji-rc-n3\/\" \/>\n<meta property=\"og:locale\" content=\"es_ES\" \/>\n<meta property=\"og:type\" content=\"article\" \/>\n<meta property=\"og:title\" content=\"DJI Air 3S (DJI RC-N3)\" \/>\n<meta property=\"og:description\" content=\"Krachtige dual\u2011camera: 1\u2011inch CMOS en 70\u202fmm medium telecamera voor veelzijdige luchtfotografie  4K HDR en slow\u2011motion video: professionele kwaliteit voor foto en film  Betrouwbare obstakeldetectie: vermijd botsingen met sensoren in alle richtingen  Draagbaar en robuust ontwerp: ideaal voor reizen en outdoor\u2011opnames  DJI RC\u2011N3 controller: stabiele transmissie en intu\u00eftieve bediening\" \/>\n<meta property=\"og:url\" content=\"https:\/\/koningdrone.be\/es\/producto\/dji-air-3s-dji-rc-n3\/\" \/>\n<meta property=\"og:site_name\" content=\"koningdrone.be\" \/>\n<meta property=\"article:modified_time\" content=\"2026-04-29T10:07:27+00:00\" \/>\n<meta property=\"og:image\" content=\"https:\/\/koningdrone.be\/wp-content\/uploads\/sites\/13\/2026\/04\/DJI-Air-3S-DJI-RC-N3.jpg\" \/>\n\t<meta property=\"og:image:width\" content=\"2560\" \/>\n\t<meta property=\"og:image:height\" content=\"2560\" \/>\n\t<meta property=\"og:image:type\" content=\"image\/jpeg\" \/>\n<meta name=\"twitter:card\" content=\"summary_large_image\" \/>\n<meta name=\"twitter:label1\" content=\"Tiempo de lectura\" \/>\n\t<meta name=\"twitter:data1\" content=\"2 minutos\" \/>\n<script type=\"application\/ld+json\" class=\"yoast-schema-graph\">{\"@context\":\"https:\/\/schema.org\",\"@graph\":[{\"@type\":\"WebPage\",\"@id\":\"https:\/\/koningdrone.be\/product\/dji-air-3s-dji-rc-n3\/\",\"url\":\"https:\/\/koningdrone.be\/product\/dji-air-3s-dji-rc-n3\/\",\"name\":\"DJI Air 3S (DJI RC-N3) - koningdrone.be\",\"isPartOf\":{\"@id\":\"https:\/\/koningdrone.be\/#website\"},\"primaryImageOfPage\":{\"@id\":\"https:\/\/koningdrone.be\/product\/dji-air-3s-dji-rc-n3\/#primaryimage\"},\"image\":{\"@id\":\"https:\/\/koningdrone.be\/product\/dji-air-3s-dji-rc-n3\/#primaryimage\"},\"thumbnailUrl\":\"https:\/\/koningdrone.be\/wp-content\/uploads\/sites\/13\/2026\/04\/DJI-Air-3S-DJI-RC-N3.jpg\",\"datePublished\":\"2024-10-16T05:57:55+00:00\",\"dateModified\":\"2026-04-29T10:07:27+00:00\",\"breadcrumb\":{\"@id\":\"https:\/\/koningdrone.be\/product\/dji-air-3s-dji-rc-n3\/#breadcrumb\"},\"inLanguage\":\"es\",\"potentialAction\":[{\"@type\":\"ReadAction\",\"target\":[\"https:\/\/koningdrone.be\/product\/dji-air-3s-dji-rc-n3\/\"]}]},{\"@type\":\"ImageObject\",\"inLanguage\":\"es\",\"@id\":\"https:\/\/koningdrone.be\/product\/dji-air-3s-dji-rc-n3\/#primaryimage\",\"url\":\"https:\/\/koningdrone.be\/wp-content\/uploads\/sites\/13\/2026\/04\/DJI-Air-3S-DJI-RC-N3.jpg\",\"contentUrl\":\"https:\/\/koningdrone.be\/wp-content\/uploads\/sites\/13\/2026\/04\/DJI-Air-3S-DJI-RC-N3.jpg\",\"width\":2560,\"height\":2560},{\"@type\":\"BreadcrumbList\",\"@id\":\"https:\/\/koningdrone.be\/product\/dji-air-3s-dji-rc-n3\/#breadcrumb\",\"itemListElement\":[{\"@type\":\"ListItem\",\"position\":1,\"name\":\"Home\",\"item\":\"https:\/\/koningdrone.be\/\"},{\"@type\":\"ListItem\",\"position\":2,\"name\":\"AVSS Parachute Recovery System for DJI Matrice 300\/350\",\"item\":\"https:\/\/koningdrone.be\/product\/avss-parachute-recovery-system-for-dji-matrice-300-350\/\"},{\"@type\":\"ListItem\",\"position\":3,\"name\":\"DJI Air 3S\",\"item\":\"https:\/\/koningdrone.be\/categorie\/dji-air-3s\/\"},{\"@type\":\"ListItem\",\"position\":4,\"name\":\"DJI Air 3S (DJI RC-N3)\"}]},{\"@type\":\"WebSite\",\"@id\":\"https:\/\/koningdrone.be\/#website\",\"url\":\"https:\/\/koningdrone.be\/\",\"name\":\"Koningdrone.be - Uw online specialist in drones, gimbals, camera's en power stations.\",\"description\":\"De webshop in drones en gimbals\",\"publisher\":{\"@id\":\"https:\/\/koningdrone.be\/#organization\"},\"potentialAction\":[{\"@type\":\"SearchAction\",\"target\":{\"@type\":\"EntryPoint\",\"urlTemplate\":\"https:\/\/koningdrone.be\/?s={search_term_string}\"},\"query-input\":{\"@type\":\"PropertyValueSpecification\",\"valueRequired\":true,\"valueName\":\"search_term_string\"}}],\"inLanguage\":\"es\"},{\"@type\":\"Organization\",\"@id\":\"https:\/\/koningdrone.be\/#organization\",\"name\":\"Koningdrone.be\",\"url\":\"https:\/\/koningdrone.be\/\",\"logo\":{\"@type\":\"ImageObject\",\"inLanguage\":\"es\",\"@id\":\"https:\/\/koningdrone.be\/#\/schema\/logo\/image\/\",\"url\":\"https:\/\/koningdrone.be\/wp-content\/uploads\/sites\/13\/2025\/04\/koningdrone-copyright-logo.svg\",\"contentUrl\":\"https:\/\/koningdrone.be\/wp-content\/uploads\/sites\/13\/2025\/04\/koningdrone-copyright-logo.svg\",\"width\":227,\"height\":38,\"caption\":\"Koningdrone.be\"},\"image\":{\"@id\":\"https:\/\/koningdrone.be\/#\/schema\/logo\/image\/\"}}]}<\/script>\n<!-- \/ Yoast SEO Premium plugin. -->","yoast_head_json":{"title":"DJI Air 3S (DJI RC-N3) - koningdrone.be","robots":{"index":"index","follow":"follow","max-snippet":"max-snippet:-1","max-image-preview":"max-image-preview:large","max-video-preview":"max-video-preview:-1"},"canonical":"https:\/\/koningdrone.be\/es\/producto\/dji-air-3s-dji-rc-n3\/","og_locale":"es_ES","og_type":"article","og_title":"DJI Air 3S (DJI RC-N3)","og_description":"Krachtige dual\u2011camera: 1\u2011inch CMOS en 70\u202fmm medium telecamera voor veelzijdige luchtfotografie  4K HDR en slow\u2011motion video: professionele kwaliteit voor foto en film  Betrouwbare obstakeldetectie: vermijd botsingen met sensoren in alle richtingen  Draagbaar en robuust ontwerp: ideaal voor reizen en outdoor\u2011opnames  DJI RC\u2011N3 controller: stabiele transmissie en intu\u00eftieve bediening","og_url":"https:\/\/koningdrone.be\/es\/producto\/dji-air-3s-dji-rc-n3\/","og_site_name":"koningdrone.be","article_modified_time":"2026-04-29T10:07:27+00:00","og_image":[{"width":2560,"height":2560,"url":"https:\/\/koningdrone.be\/wp-content\/uploads\/sites\/13\/2026\/04\/DJI-Air-3S-DJI-RC-N3.jpg","type":"image\/jpeg"}],"twitter_card":"summary_large_image","twitter_misc":{"Tiempo de lectura":"2 minutos"},"schema":{"@context":"https:\/\/schema.org","@graph":[{"@type":"WebPage","@id":"https:\/\/koningdrone.be\/product\/dji-air-3s-dji-rc-n3\/","url":"https:\/\/koningdrone.be\/product\/dji-air-3s-dji-rc-n3\/","name":"DJI Air 3S (DJI RC-N3) - koningdrone.be","isPartOf":{"@id":"https:\/\/koningdrone.be\/#website"},"primaryImageOfPage":{"@id":"https:\/\/koningdrone.be\/product\/dji-air-3s-dji-rc-n3\/#primaryimage"},"image":{"@id":"https:\/\/koningdrone.be\/product\/dji-air-3s-dji-rc-n3\/#primaryimage"},"thumbnailUrl":"https:\/\/koningdrone.be\/wp-content\/uploads\/sites\/13\/2026\/04\/DJI-Air-3S-DJI-RC-N3.jpg","datePublished":"2024-10-16T05:57:55+00:00","dateModified":"2026-04-29T10:07:27+00:00","breadcrumb":{"@id":"https:\/\/koningdrone.be\/product\/dji-air-3s-dji-rc-n3\/#breadcrumb"},"inLanguage":"es","potentialAction":[{"@type":"ReadAction","target":["https:\/\/koningdrone.be\/product\/dji-air-3s-dji-rc-n3\/"]}]},{"@type":"ImageObject","inLanguage":"es","@id":"https:\/\/koningdrone.be\/product\/dji-air-3s-dji-rc-n3\/#primaryimage","url":"https:\/\/koningdrone.be\/wp-content\/uploads\/sites\/13\/2026\/04\/DJI-Air-3S-DJI-RC-N3.jpg","contentUrl":"https:\/\/koningdrone.be\/wp-content\/uploads\/sites\/13\/2026\/04\/DJI-Air-3S-DJI-RC-N3.jpg","width":2560,"height":2560},{"@type":"BreadcrumbList","@id":"https:\/\/koningdrone.be\/product\/dji-air-3s-dji-rc-n3\/#breadcrumb","itemListElement":[{"@type":"ListItem","position":1,"name":"Home","item":"https:\/\/koningdrone.be\/"},{"@type":"ListItem","position":2,"name":"AVSS Parachute Recovery System for DJI Matrice 300\/350","item":"https:\/\/koningdrone.be\/product\/avss-parachute-recovery-system-for-dji-matrice-300-350\/"},{"@type":"ListItem","position":3,"name":"DJI Air 3S","item":"https:\/\/koningdrone.be\/categorie\/dji-air-3s\/"},{"@type":"ListItem","position":4,"name":"DJI Air 3S (DJI RC-N3)"}]},{"@type":"WebSite","@id":"https:\/\/koningdrone.be\/#website","url":"https:\/\/koningdrone.be\/","name":"Koningdrone.be - Su especialista en l\u00ednea en drones, cardanes, c\u00e1maras y centrales el\u00e9ctricas.","description":"La tienda virtual de drones y cardanes","publisher":{"@id":"https:\/\/koningdrone.be\/#organization"},"potentialAction":[{"@type":"SearchAction","target":{"@type":"EntryPoint","urlTemplate":"https:\/\/koningdrone.be\/?s={search_term_string}"},"query-input":{"@type":"PropertyValueSpecification","valueRequired":true,"valueName":"search_term_string"}}],"inLanguage":"es"},{"@type":"Organization","@id":"https:\/\/koningdrone.be\/#organization","name":"Kingdrone.es","url":"https:\/\/koningdrone.be\/","logo":{"@type":"ImageObject","inLanguage":"es","@id":"https:\/\/koningdrone.be\/#\/schema\/logo\/image\/","url":"https:\/\/koningdrone.be\/wp-content\/uploads\/sites\/13\/2025\/04\/koningdrone-copyright-logo.svg","contentUrl":"https:\/\/koningdrone.be\/wp-content\/uploads\/sites\/13\/2025\/04\/koningdrone-copyright-logo.svg","width":227,"height":38,"caption":"Koningdrone.be"},"image":{"@id":"https:\/\/koningdrone.be\/#\/schema\/logo\/image\/"}}]}},"df_price":1061,"df_sale_price":"","df_regular_price":1061,"df_image_link":"https:\/\/koningdrone.be\/wp-content\/uploads\/sites\/13\/2026\/04\/DJI-Air-3S-DJI-RC-N3-300x300.jpg","_links":{"self":[{"href":"https:\/\/koningdrone.be\/es\/wp-json\/wp\/v2\/product\/2101","targetHints":{"allow":["GET"]}}],"collection":[{"href":"https:\/\/koningdrone.be\/es\/wp-json\/wp\/v2\/product"}],"about":[{"href":"https:\/\/koningdrone.be\/es\/wp-json\/wp\/v2\/types\/product"}],"wp:featuredmedia":[{"embeddable":true,"href":"https:\/\/koningdrone.be\/es\/wp-json\/wp\/v2\/media\/18841"}],"wp:attachment":[{"href":"https:\/\/koningdrone.be\/es\/wp-json\/wp\/v2\/media?parent=2101"}],"wp:term":[{"taxonomy":"product_brand","embeddable":true,"href":"https:\/\/koningdrone.be\/es\/wp-json\/wp\/v2\/product_brand?post=2101"},{"taxonomy":"product_cat","embeddable":true,"href":"https:\/\/koningdrone.be\/es\/wp-json\/wp\/v2\/product_cat?post=2101"},{"taxonomy":"product_tag","embeddable":true,"href":"https:\/\/koningdrone.be\/es\/wp-json\/wp\/v2\/product_tag?post=2101"}],"curies":[{"name":"wp","href":"https:\/\/api.w.org\/{rel}","templated":true}]}}