{"id":2084,"date":"2024-10-16T07:58:53","date_gmt":"2024-10-16T05:58:53","guid":{"rendered":"https:\/\/koningdrone.nl\/kon\/product\/dji-mini-4k\/"},"modified":"2026-04-29T13:01:04","modified_gmt":"2026-04-29T11:01:04","slug":"dji-mini-4k","status":"publish","type":"product","link":"https:\/\/koningdrone.be\/es\/producto\/dji-mini-4k\/","title":{"rendered":"DJI Mini 4K"},"content":{"rendered":"<p>El dron DJI Mini 4K es ideal tanto para principiantes como para expertos gracias a su sencillo sistema operativo. Con funciones como despegue y aterrizaje f\u00e1ciles, vuelta a casa y vuelo estacionario estable, el dron es f\u00e1cil de manejar. El registro no es necesario en la mayor\u00eda de los pa\u00edses.<\/p>\n<p>&nbsp;<\/p>\n<p>Equipada con una c\u00e1mara CMOS de 1\/2,3 pulgadas, ofrece v\u00eddeos 4K n\u00edtidos. M\u00faltiples modos inteligentes admiten QuickShots y panor\u00e1micas. La transmisi\u00f3n de v\u00eddeo DJI O2 ofrece un alcance de hasta 10 km y una excelente capacidad antiinterferencias.<\/p>\n<p>&nbsp;<\/p>\n<p>El Mini 4K tiene suficiente tiempo de vuelo para realizar grabaciones perfectas, soporta una resistencia al viento de hasta 38 km\/h (nivel 5) y puede despegar hasta 4000 metros para obtener filmaciones estables en diversas condiciones.<\/p>\n<p>&nbsp;<\/p>","protected":false},"excerpt":{"rendered":"<ul>\n<li>Sencillo e intuitivo para principiantes.<\/li>\n<li>Admite funciones de vuelo de presi\u00f3n \u00fanica, como el despegue y el aterrizaje.<\/li>\n<li>En todo el mundo, normalmente no es necesario registrarse.<\/li>\n<li>Tama\u00f1o compacto, f\u00e1cil de transportar.<\/li>\n<li>C\u00e1mara CMOS de 1\/2,3 pulgadas para v\u00eddeos 4K n\u00edtidos.<\/li>\n<li>Vers\u00e1tiles funciones QuickShots y panor\u00e1mica.<\/li>\n<li>DJI O2 admite una transmisi\u00f3n de v\u00eddeo HD de hasta 10 km.<\/li>\n<li>Excelente antiinterferencias para un vuelo estable.<\/li>\n<li>Adecuado para vientos fuertes (38 km\/h) y 4000 m de altitud.<\/li>\n<li>Mayor tiempo de vuelo para conseguir la toma perfecta.<\/li>\n<\/ul>","protected":false},"featured_media":2081,"template":"","meta":{"_acf_changed":false},"product_brand":[],"product_cat":[318,97,330,177],"product_tag":[],"class_list":{"0":"post-2084","1":"product","2":"type-product","3":"status-publish","4":"has-post-thumbnail","6":"product_cat-alle-consumer-drones","7":"product_cat-alle-producten","8":"product_cat-dji-mini-4k","9":"product_cat-drones-zonder-certificaat","10":"product_shipping_class-outofstock","11":"pa_brand-dji","12":"pa_producttype-drone","14":"first","15":"outofstock","16":"taxable","17":"shipping-taxable","18":"product-type-simple"},"acf":[],"yoast_head":"<!-- This site is optimized with the Yoast SEO Premium plugin v27.2 (Yoast SEO v27.2) - https:\/\/yoast.com\/product\/yoast-seo-premium-wordpress\/ -->\n<title>DJI Mini 4K - koningdrone.be<\/title>\n<meta name=\"robots\" content=\"index, follow, max-snippet:-1, max-image-preview:large, max-video-preview:-1\" \/>\n<link rel=\"canonical\" href=\"https:\/\/koningdrone.be\/es\/producto\/dji-mini-4k\/\" \/>\n<meta property=\"og:locale\" content=\"es_ES\" \/>\n<meta property=\"og:type\" content=\"article\" \/>\n<meta property=\"og:title\" content=\"DJI Mini 4K\" \/>\n<meta property=\"og:description\" content=\"Eenvoudig en intu\u00eftief voor beginners.  Ondersteunt \u00e9\u00e9n-druk vluchtfuncties zoals opstijgen en landen.  Wereldwijd meestal geen registratie nodig.  Compact formaat, eenvoudig mee te nemen.  1\/2.3-inch CMOS-camera voor scherpe 4K-video&#039;s.  Veelzijdige QuickShots en panoramafuncties.  DJI O2 ondersteunt tot 10km HD-video transmissie.  Uitstekende anti-interferentie voor stabiele vlucht.  Geschikt voor stevige wind (38kph) en 4000m hoogte.  Langere vluchttijd om de perfecte opname te maken.\" \/>\n<meta property=\"og:url\" content=\"https:\/\/koningdrone.be\/es\/producto\/dji-mini-4k\/\" \/>\n<meta property=\"og:site_name\" content=\"koningdrone.be\" \/>\n<meta property=\"article:modified_time\" content=\"2026-04-29T11:01:04+00:00\" \/>\n<meta property=\"og:image\" content=\"https:\/\/koningdrone.be\/wp-content\/uploads\/sites\/13\/2025\/04\/6737c1dc90512f0f019b17256bc40b65@ultra.jpg\" \/>\n\t<meta property=\"og:image:width\" content=\"1280\" \/>\n\t<meta property=\"og:image:height\" content=\"1280\" \/>\n\t<meta property=\"og:image:type\" content=\"image\/jpeg\" \/>\n<meta name=\"twitter:card\" content=\"summary_large_image\" \/>\n<script type=\"application\/ld+json\" class=\"yoast-schema-graph\">{\"@context\":\"https:\/\/schema.org\",\"@graph\":[{\"@type\":\"WebPage\",\"@id\":\"https:\/\/koningdrone.be\/product\/dji-mini-4k\/\",\"url\":\"https:\/\/koningdrone.be\/product\/dji-mini-4k\/\",\"name\":\"DJI Mini 4K - koningdrone.be\",\"isPartOf\":{\"@id\":\"https:\/\/koningdrone.be\/#website\"},\"primaryImageOfPage\":{\"@id\":\"https:\/\/koningdrone.be\/product\/dji-mini-4k\/#primaryimage\"},\"image\":{\"@id\":\"https:\/\/koningdrone.be\/product\/dji-mini-4k\/#primaryimage\"},\"thumbnailUrl\":\"https:\/\/koningdrone.be\/wp-content\/uploads\/sites\/13\/2025\/04\/6737c1dc90512f0f019b17256bc40b65@ultra.jpg\",\"datePublished\":\"2024-10-16T05:58:53+00:00\",\"dateModified\":\"2026-04-29T11:01:04+00:00\",\"breadcrumb\":{\"@id\":\"https:\/\/koningdrone.be\/product\/dji-mini-4k\/#breadcrumb\"},\"inLanguage\":\"es\",\"potentialAction\":[{\"@type\":\"ReadAction\",\"target\":[\"https:\/\/koningdrone.be\/product\/dji-mini-4k\/\"]}]},{\"@type\":\"ImageObject\",\"inLanguage\":\"es\",\"@id\":\"https:\/\/koningdrone.be\/product\/dji-mini-4k\/#primaryimage\",\"url\":\"https:\/\/koningdrone.be\/wp-content\/uploads\/sites\/13\/2025\/04\/6737c1dc90512f0f019b17256bc40b65@ultra.jpg\",\"contentUrl\":\"https:\/\/koningdrone.be\/wp-content\/uploads\/sites\/13\/2025\/04\/6737c1dc90512f0f019b17256bc40b65@ultra.jpg\",\"width\":1280,\"height\":1280},{\"@type\":\"BreadcrumbList\",\"@id\":\"https:\/\/koningdrone.be\/product\/dji-mini-4k\/#breadcrumb\",\"itemListElement\":[{\"@type\":\"ListItem\",\"position\":1,\"name\":\"Home\",\"item\":\"https:\/\/koningdrone.be\/\"},{\"@type\":\"ListItem\",\"position\":2,\"name\":\"AVSS Parachute Recovery System for DJI Matrice 300\/350\",\"item\":\"https:\/\/koningdrone.be\/product\/avss-parachute-recovery-system-for-dji-matrice-300-350\/\"},{\"@type\":\"ListItem\",\"position\":3,\"name\":\"Alle consumer drones\",\"item\":\"https:\/\/koningdrone.be\/categorie\/alle-consumer-drones\/\"},{\"@type\":\"ListItem\",\"position\":4,\"name\":\"DJI Mini 4K\"}]},{\"@type\":\"WebSite\",\"@id\":\"https:\/\/koningdrone.be\/#website\",\"url\":\"https:\/\/koningdrone.be\/\",\"name\":\"Koningdrone.be - Uw online specialist in drones, gimbals, camera's en power stations.\",\"description\":\"De webshop in drones en gimbals\",\"publisher\":{\"@id\":\"https:\/\/koningdrone.be\/#organization\"},\"potentialAction\":[{\"@type\":\"SearchAction\",\"target\":{\"@type\":\"EntryPoint\",\"urlTemplate\":\"https:\/\/koningdrone.be\/?s={search_term_string}\"},\"query-input\":{\"@type\":\"PropertyValueSpecification\",\"valueRequired\":true,\"valueName\":\"search_term_string\"}}],\"inLanguage\":\"es\"},{\"@type\":\"Organization\",\"@id\":\"https:\/\/koningdrone.be\/#organization\",\"name\":\"Koningdrone.be\",\"url\":\"https:\/\/koningdrone.be\/\",\"logo\":{\"@type\":\"ImageObject\",\"inLanguage\":\"es\",\"@id\":\"https:\/\/koningdrone.be\/#\/schema\/logo\/image\/\",\"url\":\"https:\/\/koningdrone.be\/wp-content\/uploads\/sites\/13\/2025\/04\/koningdrone-copyright-logo.svg\",\"contentUrl\":\"https:\/\/koningdrone.be\/wp-content\/uploads\/sites\/13\/2025\/04\/koningdrone-copyright-logo.svg\",\"width\":227,\"height\":38,\"caption\":\"Koningdrone.be\"},\"image\":{\"@id\":\"https:\/\/koningdrone.be\/#\/schema\/logo\/image\/\"}}]}<\/script>\n<!-- \/ Yoast SEO Premium plugin. -->","yoast_head_json":{"title":"DJI Mini 4K - koningdrone.be","robots":{"index":"index","follow":"follow","max-snippet":"max-snippet:-1","max-image-preview":"max-image-preview:large","max-video-preview":"max-video-preview:-1"},"canonical":"https:\/\/koningdrone.be\/es\/producto\/dji-mini-4k\/","og_locale":"es_ES","og_type":"article","og_title":"DJI Mini 4K","og_description":"Eenvoudig en intu\u00eftief voor beginners.  Ondersteunt \u00e9\u00e9n-druk vluchtfuncties zoals opstijgen en landen.  Wereldwijd meestal geen registratie nodig.  Compact formaat, eenvoudig mee te nemen.  1\/2.3-inch CMOS-camera voor scherpe 4K-video's.  Veelzijdige QuickShots en panoramafuncties.  DJI O2 ondersteunt tot 10km HD-video transmissie.  Uitstekende anti-interferentie voor stabiele vlucht.  Geschikt voor stevige wind (38kph) en 4000m hoogte.  Langere vluchttijd om de perfecte opname te maken.","og_url":"https:\/\/koningdrone.be\/es\/producto\/dji-mini-4k\/","og_site_name":"koningdrone.be","article_modified_time":"2026-04-29T11:01:04+00:00","og_image":[{"width":1280,"height":1280,"url":"https:\/\/koningdrone.be\/wp-content\/uploads\/sites\/13\/2025\/04\/6737c1dc90512f0f019b17256bc40b65@ultra.jpg","type":"image\/jpeg"}],"twitter_card":"summary_large_image","schema":{"@context":"https:\/\/schema.org","@graph":[{"@type":"WebPage","@id":"https:\/\/koningdrone.be\/product\/dji-mini-4k\/","url":"https:\/\/koningdrone.be\/product\/dji-mini-4k\/","name":"DJI Mini 4K - koningdrone.be","isPartOf":{"@id":"https:\/\/koningdrone.be\/#website"},"primaryImageOfPage":{"@id":"https:\/\/koningdrone.be\/product\/dji-mini-4k\/#primaryimage"},"image":{"@id":"https:\/\/koningdrone.be\/product\/dji-mini-4k\/#primaryimage"},"thumbnailUrl":"https:\/\/koningdrone.be\/wp-content\/uploads\/sites\/13\/2025\/04\/6737c1dc90512f0f019b17256bc40b65@ultra.jpg","datePublished":"2024-10-16T05:58:53+00:00","dateModified":"2026-04-29T11:01:04+00:00","breadcrumb":{"@id":"https:\/\/koningdrone.be\/product\/dji-mini-4k\/#breadcrumb"},"inLanguage":"es","potentialAction":[{"@type":"ReadAction","target":["https:\/\/koningdrone.be\/product\/dji-mini-4k\/"]}]},{"@type":"ImageObject","inLanguage":"es","@id":"https:\/\/koningdrone.be\/product\/dji-mini-4k\/#primaryimage","url":"https:\/\/koningdrone.be\/wp-content\/uploads\/sites\/13\/2025\/04\/6737c1dc90512f0f019b17256bc40b65@ultra.jpg","contentUrl":"https:\/\/koningdrone.be\/wp-content\/uploads\/sites\/13\/2025\/04\/6737c1dc90512f0f019b17256bc40b65@ultra.jpg","width":1280,"height":1280},{"@type":"BreadcrumbList","@id":"https:\/\/koningdrone.be\/product\/dji-mini-4k\/#breadcrumb","itemListElement":[{"@type":"ListItem","position":1,"name":"Home","item":"https:\/\/koningdrone.be\/"},{"@type":"ListItem","position":2,"name":"AVSS Parachute Recovery System for DJI Matrice 300\/350","item":"https:\/\/koningdrone.be\/product\/avss-parachute-recovery-system-for-dji-matrice-300-350\/"},{"@type":"ListItem","position":3,"name":"Alle consumer drones","item":"https:\/\/koningdrone.be\/categorie\/alle-consumer-drones\/"},{"@type":"ListItem","position":4,"name":"DJI Mini 4K"}]},{"@type":"WebSite","@id":"https:\/\/koningdrone.be\/#website","url":"https:\/\/koningdrone.be\/","name":"Koningdrone.be - Su especialista en l\u00ednea en drones, cardanes, c\u00e1maras y centrales el\u00e9ctricas.","description":"La tienda virtual de drones y cardanes","publisher":{"@id":"https:\/\/koningdrone.be\/#organization"},"potentialAction":[{"@type":"SearchAction","target":{"@type":"EntryPoint","urlTemplate":"https:\/\/koningdrone.be\/?s={search_term_string}"},"query-input":{"@type":"PropertyValueSpecification","valueRequired":true,"valueName":"search_term_string"}}],"inLanguage":"es"},{"@type":"Organization","@id":"https:\/\/koningdrone.be\/#organization","name":"Kingdrone.es","url":"https:\/\/koningdrone.be\/","logo":{"@type":"ImageObject","inLanguage":"es","@id":"https:\/\/koningdrone.be\/#\/schema\/logo\/image\/","url":"https:\/\/koningdrone.be\/wp-content\/uploads\/sites\/13\/2025\/04\/koningdrone-copyright-logo.svg","contentUrl":"https:\/\/koningdrone.be\/wp-content\/uploads\/sites\/13\/2025\/04\/koningdrone-copyright-logo.svg","width":227,"height":38,"caption":"Koningdrone.be"},"image":{"@id":"https:\/\/koningdrone.be\/#\/schema\/logo\/image\/"}}]}},"df_price":"","df_sale_price":"","df_regular_price":"","df_image_link":"https:\/\/koningdrone.be\/wp-content\/uploads\/sites\/13\/2025\/04\/6737c1dc90512f0f019b17256bc40b65@ultra-300x300.jpg","_links":{"self":[{"href":"https:\/\/koningdrone.be\/es\/wp-json\/wp\/v2\/product\/2084","targetHints":{"allow":["GET"]}}],"collection":[{"href":"https:\/\/koningdrone.be\/es\/wp-json\/wp\/v2\/product"}],"about":[{"href":"https:\/\/koningdrone.be\/es\/wp-json\/wp\/v2\/types\/product"}],"wp:featuredmedia":[{"embeddable":true,"href":"https:\/\/koningdrone.be\/es\/wp-json\/wp\/v2\/media\/2081"}],"wp:attachment":[{"href":"https:\/\/koningdrone.be\/es\/wp-json\/wp\/v2\/media?parent=2084"}],"wp:term":[{"taxonomy":"product_brand","embeddable":true,"href":"https:\/\/koningdrone.be\/es\/wp-json\/wp\/v2\/product_brand?post=2084"},{"taxonomy":"product_cat","embeddable":true,"href":"https:\/\/koningdrone.be\/es\/wp-json\/wp\/v2\/product_cat?post=2084"},{"taxonomy":"product_tag","embeddable":true,"href":"https:\/\/koningdrone.be\/es\/wp-json\/wp\/v2\/product_tag?post=2084"}],"curies":[{"name":"wp","href":"https:\/\/api.w.org\/{rel}","templated":true}]}}