{"id":2072,"date":"2024-10-16T07:59:36","date_gmt":"2024-10-16T05:59:36","guid":{"rendered":"https:\/\/koningdrone.nl\/kon\/product\/osmo-action-5-pro-vlog-combo\/"},"modified":"2026-04-29T13:10:11","modified_gmt":"2026-04-29T11:10:11","slug":"osmo-action-5-pro-vlog-combo","status":"publish","type":"product","link":"https:\/\/koningdrone.be\/es\/producto\/osmo-action-5-pro-vlog-combo\/","title":{"rendered":"Combo Osmo Action 5 Pro Vlog"},"content":{"rendered":"<p>La Action 5 Pro es una c\u00e1mara avanzada con un tama\u00f1o de p\u00edxel de 2,4 \u03bcm y un alto rango din\u00e1mico de 13,5 pasos, alimentada por un potente chip de 4 nm. La c\u00e1mara detecta de forma inteligente la posici\u00f3n del sujeto y ajusta autom\u00e1ticamente la composici\u00f3n, manteniendo el sujeto en el centro.<\/p>\n<p>&nbsp;<\/p>\n<p><strong>Duraci\u00f3n de la bater\u00eda:<\/strong><\/p>\n<p>La duraci\u00f3n de la bater\u00eda ha aumentado en 50%, grabando hasta 4 horas con una sola bater\u00eda. Incluso a -20\u00b0 C, puede seguir grabando hasta 3,6 horas.<\/p>\n<p>&nbsp;<\/p>\n<p><strong>Pantallas:<\/strong><\/p>\n<p>Equipados con pantallas t\u00e1ctiles OLED brillantes y coloridas, con una relaci\u00f3n pantalla\/cuerpo 16% mayor para una experiencia visual mejorada.<\/p>\n<p>&nbsp;<\/p>\n<p><strong>Estabilizaci\u00f3n:<\/strong><\/p>\n<p>La tecnolog\u00eda HorizonSteady reduce las vibraciones y corrige las inclinaciones horizontales hasta 360\u00b0, apta para diversos deportes.<\/p>\n<p>&nbsp;<\/p>\n<p><strong>Grabaci\u00f3n de audio:<\/strong><\/p>\n<p>El sistema DJI OsmoAudio\u2122 se conecta hasta a dos transmisores DJI Mic 2 para grabar a 48 kHz sin receptor.<\/p>\n<p>&nbsp;<\/p>\n<p><strong>Expansibilidad:<\/strong><\/p>\n<p>Ampliable con accesorios adecuados para actividades como ciclismo, senderismo, paracaidismo, submarinismo, surf y esqu\u00ed\/snowboard.<\/p>\n<p>&nbsp;<\/p>","protected":false},"excerpt":{"rendered":"<ul>\n<li>Tama\u00f1o de p\u00edxel equivalente de 2,4 \u03bcm y alto rango din\u00e1mico de 13,5 stops.<\/li>\n<li>Chip de alto rendimiento de 4 nm para un rendimiento \u00f3ptimo.<\/li>\n<li>Detecci\u00f3n inteligente del sujeto con ajustes din\u00e1micos de la composici\u00f3n.<\/li>\n<li>El tiempo de funcionamiento con 50% aumenta hasta 4 horas por bater\u00eda.<\/li>\n<li>Absorbe hasta 3,6 horas a -20\u00b0 C.<\/li>\n<li>Pantallas t\u00e1ctiles OLED de alto brillo con una relaci\u00f3n pantalla\/cuerpo 16% mayor.<\/li>\n<li>HorizonSteady corrige las inclinaciones horizontales en un rango de 360\u00b0.<\/li>\n<li>Conexi\u00f3n de audio sin esfuerzo con DJI OsmoAudio\u2122 y dos transmisores DJI Mic 2.<\/li>\n<li>Grabaci\u00f3n de audio a 48 kHz sin necesidad de receptor.<\/li>\n<li>Amplia gama de accesorios para diferentes actividades deportivas.<\/li>\n<\/ul>","protected":false},"featured_media":2070,"template":"","meta":{"_acf_changed":false},"product_brand":[],"product_cat":[97,297,329],"product_tag":[],"class_list":{"0":"post-2072","1":"product","2":"type-product","3":"status-publish","4":"has-post-thumbnail","6":"product_cat-alle-producten","7":"product_cat-dji-osmo","8":"product_cat-dji-osmo-action-5","9":"product_shipping_class-outofstock","10":"pa_brand-dji","11":"pa_producttype-action-cam","13":"first","14":"outofstock","15":"taxable","16":"shipping-taxable","17":"product-type-simple"},"acf":[],"yoast_head":"<!-- This site is optimized with the Yoast SEO Premium plugin v27.2 (Yoast SEO v27.2) - https:\/\/yoast.com\/product\/yoast-seo-premium-wordpress\/ -->\n<title>Osmo Action 5 Pro Vlog Combo - koningdrone.be<\/title>\n<meta name=\"robots\" content=\"index, follow, max-snippet:-1, max-image-preview:large, max-video-preview:-1\" \/>\n<link rel=\"canonical\" href=\"https:\/\/koningdrone.be\/es\/producto\/osmo-action-5-pro-vlog-combo\/\" \/>\n<meta property=\"og:locale\" content=\"es_ES\" \/>\n<meta property=\"og:type\" content=\"article\" \/>\n<meta property=\"og:title\" content=\"Osmo Action 5 Pro Vlog Combo\" \/>\n<meta property=\"og:description\" content=\"Equivalente pixelgrootte van 2,4 \u03bcm en hoog dynamisch bereik van 13,5 stops.  4nm high-performance chip voor optimale prestaties.  Intelligente onderwerpdetectie met dynamische compositieaanpassingen.  Bedrijfstijd met 50% toegenomen met maximaal 4 uur per batterij.  Neemt tot 3,6 uur op bij -20\u00b0 C.  OLED-touchscreens met hoge helderheid met 16% grotere scherm-tot-behuizingverhouding.  HorizonSteady corrigeert horizontale kantelingen binnen een bereik van 360\u00b0.  Moeiteloze audioverbinding met DJI OsmoAudio\u2122 en twee DJI Mic 2-zenders.  48kHz audio-opname zonder dat er een ontvanger nodig is.  Breed scala aan accessoires voor verschillende sportactiviteiten.\" \/>\n<meta property=\"og:url\" content=\"https:\/\/koningdrone.be\/es\/producto\/osmo-action-5-pro-vlog-combo\/\" \/>\n<meta property=\"og:site_name\" content=\"koningdrone.be\" \/>\n<meta property=\"article:modified_time\" content=\"2026-04-29T11:10:11+00:00\" \/>\n<meta property=\"og:image\" content=\"https:\/\/koningdrone.be\/wp-content\/uploads\/sites\/13\/2025\/04\/9fc11c9f7d50999abe972edd4ff1dcdd@ultra.jpg\" \/>\n\t<meta property=\"og:image:width\" content=\"1280\" \/>\n\t<meta property=\"og:image:height\" content=\"1280\" \/>\n\t<meta property=\"og:image:type\" content=\"image\/jpeg\" \/>\n<meta name=\"twitter:card\" content=\"summary_large_image\" \/>\n<meta name=\"twitter:label1\" content=\"Tiempo de lectura\" \/>\n\t<meta name=\"twitter:data1\" content=\"1 minuto\" \/>\n<script type=\"application\/ld+json\" class=\"yoast-schema-graph\">{\"@context\":\"https:\/\/schema.org\",\"@graph\":[{\"@type\":\"WebPage\",\"@id\":\"https:\/\/koningdrone.be\/product\/osmo-action-5-pro-vlog-combo\/\",\"url\":\"https:\/\/koningdrone.be\/product\/osmo-action-5-pro-vlog-combo\/\",\"name\":\"Osmo Action 5 Pro Vlog Combo - koningdrone.be\",\"isPartOf\":{\"@id\":\"https:\/\/koningdrone.be\/#website\"},\"primaryImageOfPage\":{\"@id\":\"https:\/\/koningdrone.be\/product\/osmo-action-5-pro-vlog-combo\/#primaryimage\"},\"image\":{\"@id\":\"https:\/\/koningdrone.be\/product\/osmo-action-5-pro-vlog-combo\/#primaryimage\"},\"thumbnailUrl\":\"https:\/\/koningdrone.be\/wp-content\/uploads\/sites\/13\/2025\/04\/9fc11c9f7d50999abe972edd4ff1dcdd@ultra.jpg\",\"datePublished\":\"2024-10-16T05:59:36+00:00\",\"dateModified\":\"2026-04-29T11:10:11+00:00\",\"breadcrumb\":{\"@id\":\"https:\/\/koningdrone.be\/product\/osmo-action-5-pro-vlog-combo\/#breadcrumb\"},\"inLanguage\":\"es\",\"potentialAction\":[{\"@type\":\"ReadAction\",\"target\":[\"https:\/\/koningdrone.be\/product\/osmo-action-5-pro-vlog-combo\/\"]}]},{\"@type\":\"ImageObject\",\"inLanguage\":\"es\",\"@id\":\"https:\/\/koningdrone.be\/product\/osmo-action-5-pro-vlog-combo\/#primaryimage\",\"url\":\"https:\/\/koningdrone.be\/wp-content\/uploads\/sites\/13\/2025\/04\/9fc11c9f7d50999abe972edd4ff1dcdd@ultra.jpg\",\"contentUrl\":\"https:\/\/koningdrone.be\/wp-content\/uploads\/sites\/13\/2025\/04\/9fc11c9f7d50999abe972edd4ff1dcdd@ultra.jpg\",\"width\":1280,\"height\":1280},{\"@type\":\"BreadcrumbList\",\"@id\":\"https:\/\/koningdrone.be\/product\/osmo-action-5-pro-vlog-combo\/#breadcrumb\",\"itemListElement\":[{\"@type\":\"ListItem\",\"position\":1,\"name\":\"Home\",\"item\":\"https:\/\/koningdrone.be\/\"},{\"@type\":\"ListItem\",\"position\":2,\"name\":\"AVSS Parachute Recovery System for DJI Matrice 300\/350\",\"item\":\"https:\/\/koningdrone.be\/product\/avss-parachute-recovery-system-for-dji-matrice-300-350\/\"},{\"@type\":\"ListItem\",\"position\":3,\"name\":\"Alle producten\",\"item\":\"https:\/\/koningdrone.be\/categorie\/alle-producten\/\"},{\"@type\":\"ListItem\",\"position\":4,\"name\":\"Osmo Action 5 Pro Vlog Combo\"}]},{\"@type\":\"WebSite\",\"@id\":\"https:\/\/koningdrone.be\/#website\",\"url\":\"https:\/\/koningdrone.be\/\",\"name\":\"Koningdrone.be - Uw online specialist in drones, gimbals, camera's en power stations.\",\"description\":\"De webshop in drones en gimbals\",\"publisher\":{\"@id\":\"https:\/\/koningdrone.be\/#organization\"},\"potentialAction\":[{\"@type\":\"SearchAction\",\"target\":{\"@type\":\"EntryPoint\",\"urlTemplate\":\"https:\/\/koningdrone.be\/?s={search_term_string}\"},\"query-input\":{\"@type\":\"PropertyValueSpecification\",\"valueRequired\":true,\"valueName\":\"search_term_string\"}}],\"inLanguage\":\"es\"},{\"@type\":\"Organization\",\"@id\":\"https:\/\/koningdrone.be\/#organization\",\"name\":\"Koningdrone.be\",\"url\":\"https:\/\/koningdrone.be\/\",\"logo\":{\"@type\":\"ImageObject\",\"inLanguage\":\"es\",\"@id\":\"https:\/\/koningdrone.be\/#\/schema\/logo\/image\/\",\"url\":\"https:\/\/koningdrone.be\/wp-content\/uploads\/sites\/13\/2025\/04\/koningdrone-copyright-logo.svg\",\"contentUrl\":\"https:\/\/koningdrone.be\/wp-content\/uploads\/sites\/13\/2025\/04\/koningdrone-copyright-logo.svg\",\"width\":227,\"height\":38,\"caption\":\"Koningdrone.be\"},\"image\":{\"@id\":\"https:\/\/koningdrone.be\/#\/schema\/logo\/image\/\"}}]}<\/script>\n<!-- \/ Yoast SEO Premium plugin. -->","yoast_head_json":{"title":"Osmo Action 5 Pro Vlog Combo - koningdrone.be","robots":{"index":"index","follow":"follow","max-snippet":"max-snippet:-1","max-image-preview":"max-image-preview:large","max-video-preview":"max-video-preview:-1"},"canonical":"https:\/\/koningdrone.be\/es\/producto\/osmo-action-5-pro-vlog-combo\/","og_locale":"es_ES","og_type":"article","og_title":"Osmo Action 5 Pro Vlog Combo","og_description":"Equivalente pixelgrootte van 2,4 \u03bcm en hoog dynamisch bereik van 13,5 stops.  4nm high-performance chip voor optimale prestaties.  Intelligente onderwerpdetectie met dynamische compositieaanpassingen.  Bedrijfstijd met 50% toegenomen met maximaal 4 uur per batterij.  Neemt tot 3,6 uur op bij -20\u00b0 C.  OLED-touchscreens met hoge helderheid met 16% grotere scherm-tot-behuizingverhouding.  HorizonSteady corrigeert horizontale kantelingen binnen een bereik van 360\u00b0.  Moeiteloze audioverbinding met DJI OsmoAudio\u2122 en twee DJI Mic 2-zenders.  48kHz audio-opname zonder dat er een ontvanger nodig is.  Breed scala aan accessoires voor verschillende sportactiviteiten.","og_url":"https:\/\/koningdrone.be\/es\/producto\/osmo-action-5-pro-vlog-combo\/","og_site_name":"koningdrone.be","article_modified_time":"2026-04-29T11:10:11+00:00","og_image":[{"width":1280,"height":1280,"url":"https:\/\/koningdrone.be\/wp-content\/uploads\/sites\/13\/2025\/04\/9fc11c9f7d50999abe972edd4ff1dcdd@ultra.jpg","type":"image\/jpeg"}],"twitter_card":"summary_large_image","twitter_misc":{"Tiempo de lectura":"1 minuto"},"schema":{"@context":"https:\/\/schema.org","@graph":[{"@type":"WebPage","@id":"https:\/\/koningdrone.be\/product\/osmo-action-5-pro-vlog-combo\/","url":"https:\/\/koningdrone.be\/product\/osmo-action-5-pro-vlog-combo\/","name":"Osmo Action 5 Pro Vlog Combo - koningdrone.be","isPartOf":{"@id":"https:\/\/koningdrone.be\/#website"},"primaryImageOfPage":{"@id":"https:\/\/koningdrone.be\/product\/osmo-action-5-pro-vlog-combo\/#primaryimage"},"image":{"@id":"https:\/\/koningdrone.be\/product\/osmo-action-5-pro-vlog-combo\/#primaryimage"},"thumbnailUrl":"https:\/\/koningdrone.be\/wp-content\/uploads\/sites\/13\/2025\/04\/9fc11c9f7d50999abe972edd4ff1dcdd@ultra.jpg","datePublished":"2024-10-16T05:59:36+00:00","dateModified":"2026-04-29T11:10:11+00:00","breadcrumb":{"@id":"https:\/\/koningdrone.be\/product\/osmo-action-5-pro-vlog-combo\/#breadcrumb"},"inLanguage":"es","potentialAction":[{"@type":"ReadAction","target":["https:\/\/koningdrone.be\/product\/osmo-action-5-pro-vlog-combo\/"]}]},{"@type":"ImageObject","inLanguage":"es","@id":"https:\/\/koningdrone.be\/product\/osmo-action-5-pro-vlog-combo\/#primaryimage","url":"https:\/\/koningdrone.be\/wp-content\/uploads\/sites\/13\/2025\/04\/9fc11c9f7d50999abe972edd4ff1dcdd@ultra.jpg","contentUrl":"https:\/\/koningdrone.be\/wp-content\/uploads\/sites\/13\/2025\/04\/9fc11c9f7d50999abe972edd4ff1dcdd@ultra.jpg","width":1280,"height":1280},{"@type":"BreadcrumbList","@id":"https:\/\/koningdrone.be\/product\/osmo-action-5-pro-vlog-combo\/#breadcrumb","itemListElement":[{"@type":"ListItem","position":1,"name":"Home","item":"https:\/\/koningdrone.be\/"},{"@type":"ListItem","position":2,"name":"AVSS Parachute Recovery System for DJI Matrice 300\/350","item":"https:\/\/koningdrone.be\/product\/avss-parachute-recovery-system-for-dji-matrice-300-350\/"},{"@type":"ListItem","position":3,"name":"Alle producten","item":"https:\/\/koningdrone.be\/categorie\/alle-producten\/"},{"@type":"ListItem","position":4,"name":"Osmo Action 5 Pro Vlog Combo"}]},{"@type":"WebSite","@id":"https:\/\/koningdrone.be\/#website","url":"https:\/\/koningdrone.be\/","name":"Koningdrone.be - Su especialista en l\u00ednea en drones, cardanes, c\u00e1maras y centrales el\u00e9ctricas.","description":"La tienda virtual de drones y cardanes","publisher":{"@id":"https:\/\/koningdrone.be\/#organization"},"potentialAction":[{"@type":"SearchAction","target":{"@type":"EntryPoint","urlTemplate":"https:\/\/koningdrone.be\/?s={search_term_string}"},"query-input":{"@type":"PropertyValueSpecification","valueRequired":true,"valueName":"search_term_string"}}],"inLanguage":"es"},{"@type":"Organization","@id":"https:\/\/koningdrone.be\/#organization","name":"Kingdrone.es","url":"https:\/\/koningdrone.be\/","logo":{"@type":"ImageObject","inLanguage":"es","@id":"https:\/\/koningdrone.be\/#\/schema\/logo\/image\/","url":"https:\/\/koningdrone.be\/wp-content\/uploads\/sites\/13\/2025\/04\/koningdrone-copyright-logo.svg","contentUrl":"https:\/\/koningdrone.be\/wp-content\/uploads\/sites\/13\/2025\/04\/koningdrone-copyright-logo.svg","width":227,"height":38,"caption":"Koningdrone.be"},"image":{"@id":"https:\/\/koningdrone.be\/#\/schema\/logo\/image\/"}}]}},"df_price":"","df_sale_price":"","df_regular_price":"","df_image_link":"https:\/\/koningdrone.be\/wp-content\/uploads\/sites\/13\/2025\/04\/9fc11c9f7d50999abe972edd4ff1dcdd@ultra-300x300.jpg","_links":{"self":[{"href":"https:\/\/koningdrone.be\/es\/wp-json\/wp\/v2\/product\/2072","targetHints":{"allow":["GET"]}}],"collection":[{"href":"https:\/\/koningdrone.be\/es\/wp-json\/wp\/v2\/product"}],"about":[{"href":"https:\/\/koningdrone.be\/es\/wp-json\/wp\/v2\/types\/product"}],"wp:featuredmedia":[{"embeddable":true,"href":"https:\/\/koningdrone.be\/es\/wp-json\/wp\/v2\/media\/2070"}],"wp:attachment":[{"href":"https:\/\/koningdrone.be\/es\/wp-json\/wp\/v2\/media?parent=2072"}],"wp:term":[{"taxonomy":"product_brand","embeddable":true,"href":"https:\/\/koningdrone.be\/es\/wp-json\/wp\/v2\/product_brand?post=2072"},{"taxonomy":"product_cat","embeddable":true,"href":"https:\/\/koningdrone.be\/es\/wp-json\/wp\/v2\/product_cat?post=2072"},{"taxonomy":"product_tag","embeddable":true,"href":"https:\/\/koningdrone.be\/es\/wp-json\/wp\/v2\/product_tag?post=2072"}],"curies":[{"name":"wp","href":"https:\/\/api.w.org\/{rel}","templated":true}]}}