{"id":2069,"date":"2024-10-16T07:59:36","date_gmt":"2024-10-16T05:59:36","guid":{"rendered":"https:\/\/koningdrone.nl\/kon\/product\/osmo-action-5-pro-surfing-combo\/"},"modified":"2026-04-29T13:10:10","modified_gmt":"2026-04-29T11:10:10","slug":"osmo-action-5-pro-surfing-combo","status":"publish","type":"product","link":"https:\/\/koningdrone.be\/es\/producto\/osmo-action-5-pro-surfing-combo\/","title":{"rendered":"Combo de surf Osmo Action 5 Pro"},"content":{"rendered":"<p>La Action 5 Pro tiene un tama\u00f1o de p\u00edxel de 2,4 \u03bcm y un rango din\u00e1mico de 13,5 pasos para una calidad de imagen superior. Con un potente chip de 4 nm, ofrece im\u00e1genes n\u00edtidas y realistas independientemente de las condiciones de iluminaci\u00f3n.<\/p>\n<p>&nbsp;<\/p>\n<p><strong>Composici\u00f3n autom\u00e1tica:<\/strong><\/p>\n<p>La c\u00e1mara detecta de forma inteligente la posici\u00f3n del sujeto y ajusta autom\u00e1ticamente la composici\u00f3n para que \u00e9ste permanezca siempre en el centro del encuadre. Ideal para la fotograf\u00eda deportiva.<\/p>\n<p>&nbsp;<\/p>\n<p><strong>Duraci\u00f3n de la bater\u00eda:<\/strong><\/p>\n<p>La duraci\u00f3n de la bater\u00eda ha aumentado en 50%, lo que permite disfrutar de 4 horas de pel\u00edculas o 3,6 horas a temperaturas de hasta -20 \u00b0C. Perfecta para entornos fr\u00edos.<\/p>\n<p>&nbsp;<\/p>\n<p><strong>Caracter\u00edsticas de la pantalla:<\/strong><\/p>\n<p>Las pantallas t\u00e1ctiles OLED ofrecen un alto brillo y una relaci\u00f3n pantalla\/cuerpo ampliada de 16%, para una imagen potente y envolvente.<\/p>\n<p>&nbsp;<\/p>\n<p><strong>Estabilizaci\u00f3n y audio:<\/strong><\/p>\n<p>La tecnolog\u00eda HorizonSteady reduce los golpes y corrige las inclinaciones horizontales de hasta 360\u00b0. Con DJI OsmoAudio\u2122, se puede grabar audio de hasta 48 kHz sin receptor, gracias a los transmisores DJI Mic 2.<\/p>\n<p>&nbsp;<\/p>\n<p><strong>Accesorios:<\/strong><\/p>\n<p>Una gama de accesorios hace que la Action 5 Pro sea vers\u00e1til para actividades como el paracaidismo, el buceo o el esqu\u00ed. Adecuado para una gran variedad de aventuras.<\/p>\n<p>&nbsp;<\/p>","protected":false},"excerpt":{"rendered":"<ul>\n<li>Tama\u00f1o de p\u00edxel de 2,4 \u03bcm con rango din\u00e1mico de 13,5 stops.<\/li>\n<li>La IA garantiza una composici\u00f3n centrada de las im\u00e1genes.<\/li>\n<li>Hasta 4 horas de uso con una sola pila.<\/li>\n<li>Funciona hasta 3,6 horas a -20\u00b0 C.<\/li>\n<li>Pantallas t\u00e1ctiles OLED con una relaci\u00f3n pantalla\/cuerpo 16% superior.<\/li>\n<li>HorizonSteady corrige los choques y las inclinaciones horizontales en 360\u00b0.<\/li>\n<li>Conexi\u00f3n directa a DJI OsmoAudio\u2122 para grabaci\u00f3n de audio a 48kHz.<\/li>\n<li>Los accesorios son compatibles con diversos deportes, como el ciclismo y el submarinismo.<\/li>\n<\/ul>","protected":false},"featured_media":2067,"template":"","meta":{"_acf_changed":false},"product_brand":[],"product_cat":[97,297,329],"product_tag":[],"class_list":{"0":"post-2069","1":"product","2":"type-product","3":"status-publish","4":"has-post-thumbnail","6":"product_cat-alle-producten","7":"product_cat-dji-osmo","8":"product_cat-dji-osmo-action-5","9":"product_shipping_class-outofstock","10":"pa_brand-dji","11":"pa_producttype-action-cam","13":"first","14":"outofstock","15":"taxable","16":"shipping-taxable","17":"product-type-simple"},"acf":[],"yoast_head":"<!-- This site is optimized with the Yoast SEO Premium plugin v27.2 (Yoast SEO v27.2) - https:\/\/yoast.com\/product\/yoast-seo-premium-wordpress\/ -->\n<title>Osmo Action 5 Pro Surfing Combo - koningdrone.be<\/title>\n<meta name=\"robots\" content=\"index, follow, max-snippet:-1, max-image-preview:large, max-video-preview:-1\" \/>\n<link rel=\"canonical\" href=\"https:\/\/koningdrone.be\/es\/producto\/osmo-action-5-pro-surfing-combo\/\" \/>\n<meta property=\"og:locale\" content=\"es_ES\" \/>\n<meta property=\"og:type\" content=\"article\" \/>\n<meta property=\"og:title\" content=\"Osmo Action 5 Pro Surfing Combo\" \/>\n<meta property=\"og:description\" content=\"Pixelformaat van 2,4 \u03bcm met dynamisch bereik van 13,5 stops.  AI zorgt voor gecentreerde compositie van de beelden.  Tot 4 uur gebruik met een enkele batterij.  Werkt tot 3,6 uur bij -20\u00b0 C.  OLED-touchscreens met 16% hogere scherm-lichaamsverhouding.  HorizonSteady corrigeert schokken en horizontale kantelingen binnen 360\u00b0.  Directe verbinding met DJI OsmoAudio\u2122 voor 48kHz audio-opname.  Accessoires ondersteunen diverse sporten zoals fietsen en duiken.\" \/>\n<meta property=\"og:url\" content=\"https:\/\/koningdrone.be\/es\/producto\/osmo-action-5-pro-surfing-combo\/\" \/>\n<meta property=\"og:site_name\" content=\"koningdrone.be\" \/>\n<meta property=\"article:modified_time\" content=\"2026-04-29T11:10:10+00:00\" \/>\n<meta property=\"og:image\" content=\"https:\/\/koningdrone.be\/wp-content\/uploads\/sites\/13\/2025\/04\/1e01096ad444404dc27b569f46242d0d@ultra.jpg\" \/>\n\t<meta property=\"og:image:width\" content=\"1280\" \/>\n\t<meta property=\"og:image:height\" content=\"1280\" \/>\n\t<meta property=\"og:image:type\" content=\"image\/jpeg\" \/>\n<meta name=\"twitter:card\" content=\"summary_large_image\" \/>\n<meta name=\"twitter:label1\" content=\"Tiempo de lectura\" \/>\n\t<meta name=\"twitter:data1\" content=\"1 minuto\" \/>\n<script type=\"application\/ld+json\" class=\"yoast-schema-graph\">{\"@context\":\"https:\/\/schema.org\",\"@graph\":[{\"@type\":\"WebPage\",\"@id\":\"https:\/\/koningdrone.be\/product\/osmo-action-5-pro-surfing-combo\/\",\"url\":\"https:\/\/koningdrone.be\/product\/osmo-action-5-pro-surfing-combo\/\",\"name\":\"Osmo Action 5 Pro Surfing Combo - koningdrone.be\",\"isPartOf\":{\"@id\":\"https:\/\/koningdrone.be\/#website\"},\"primaryImageOfPage\":{\"@id\":\"https:\/\/koningdrone.be\/product\/osmo-action-5-pro-surfing-combo\/#primaryimage\"},\"image\":{\"@id\":\"https:\/\/koningdrone.be\/product\/osmo-action-5-pro-surfing-combo\/#primaryimage\"},\"thumbnailUrl\":\"https:\/\/koningdrone.be\/wp-content\/uploads\/sites\/13\/2025\/04\/1e01096ad444404dc27b569f46242d0d@ultra.jpg\",\"datePublished\":\"2024-10-16T05:59:36+00:00\",\"dateModified\":\"2026-04-29T11:10:10+00:00\",\"breadcrumb\":{\"@id\":\"https:\/\/koningdrone.be\/product\/osmo-action-5-pro-surfing-combo\/#breadcrumb\"},\"inLanguage\":\"es\",\"potentialAction\":[{\"@type\":\"ReadAction\",\"target\":[\"https:\/\/koningdrone.be\/product\/osmo-action-5-pro-surfing-combo\/\"]}]},{\"@type\":\"ImageObject\",\"inLanguage\":\"es\",\"@id\":\"https:\/\/koningdrone.be\/product\/osmo-action-5-pro-surfing-combo\/#primaryimage\",\"url\":\"https:\/\/koningdrone.be\/wp-content\/uploads\/sites\/13\/2025\/04\/1e01096ad444404dc27b569f46242d0d@ultra.jpg\",\"contentUrl\":\"https:\/\/koningdrone.be\/wp-content\/uploads\/sites\/13\/2025\/04\/1e01096ad444404dc27b569f46242d0d@ultra.jpg\",\"width\":1280,\"height\":1280},{\"@type\":\"BreadcrumbList\",\"@id\":\"https:\/\/koningdrone.be\/product\/osmo-action-5-pro-surfing-combo\/#breadcrumb\",\"itemListElement\":[{\"@type\":\"ListItem\",\"position\":1,\"name\":\"Home\",\"item\":\"https:\/\/koningdrone.be\/\"},{\"@type\":\"ListItem\",\"position\":2,\"name\":\"AVSS Parachute Recovery System for DJI Matrice 300\/350\",\"item\":\"https:\/\/koningdrone.be\/product\/avss-parachute-recovery-system-for-dji-matrice-300-350\/\"},{\"@type\":\"ListItem\",\"position\":3,\"name\":\"Alle producten\",\"item\":\"https:\/\/koningdrone.be\/categorie\/alle-producten\/\"},{\"@type\":\"ListItem\",\"position\":4,\"name\":\"Osmo Action 5 Pro Surfing Combo\"}]},{\"@type\":\"WebSite\",\"@id\":\"https:\/\/koningdrone.be\/#website\",\"url\":\"https:\/\/koningdrone.be\/\",\"name\":\"Koningdrone.be - Uw online specialist in drones, gimbals, camera's en power stations.\",\"description\":\"De webshop in drones en gimbals\",\"publisher\":{\"@id\":\"https:\/\/koningdrone.be\/#organization\"},\"potentialAction\":[{\"@type\":\"SearchAction\",\"target\":{\"@type\":\"EntryPoint\",\"urlTemplate\":\"https:\/\/koningdrone.be\/?s={search_term_string}\"},\"query-input\":{\"@type\":\"PropertyValueSpecification\",\"valueRequired\":true,\"valueName\":\"search_term_string\"}}],\"inLanguage\":\"es\"},{\"@type\":\"Organization\",\"@id\":\"https:\/\/koningdrone.be\/#organization\",\"name\":\"Koningdrone.be\",\"url\":\"https:\/\/koningdrone.be\/\",\"logo\":{\"@type\":\"ImageObject\",\"inLanguage\":\"es\",\"@id\":\"https:\/\/koningdrone.be\/#\/schema\/logo\/image\/\",\"url\":\"https:\/\/koningdrone.be\/wp-content\/uploads\/sites\/13\/2025\/04\/koningdrone-copyright-logo.svg\",\"contentUrl\":\"https:\/\/koningdrone.be\/wp-content\/uploads\/sites\/13\/2025\/04\/koningdrone-copyright-logo.svg\",\"width\":227,\"height\":38,\"caption\":\"Koningdrone.be\"},\"image\":{\"@id\":\"https:\/\/koningdrone.be\/#\/schema\/logo\/image\/\"}}]}<\/script>\n<!-- \/ Yoast SEO Premium plugin. -->","yoast_head_json":{"title":"Osmo Action 5 Pro Surfing Combo - koningdrone.be","robots":{"index":"index","follow":"follow","max-snippet":"max-snippet:-1","max-image-preview":"max-image-preview:large","max-video-preview":"max-video-preview:-1"},"canonical":"https:\/\/koningdrone.be\/es\/producto\/osmo-action-5-pro-surfing-combo\/","og_locale":"es_ES","og_type":"article","og_title":"Osmo Action 5 Pro Surfing Combo","og_description":"Pixelformaat van 2,4 \u03bcm met dynamisch bereik van 13,5 stops.  AI zorgt voor gecentreerde compositie van de beelden.  Tot 4 uur gebruik met een enkele batterij.  Werkt tot 3,6 uur bij -20\u00b0 C.  OLED-touchscreens met 16% hogere scherm-lichaamsverhouding.  HorizonSteady corrigeert schokken en horizontale kantelingen binnen 360\u00b0.  Directe verbinding met DJI OsmoAudio\u2122 voor 48kHz audio-opname.  Accessoires ondersteunen diverse sporten zoals fietsen en duiken.","og_url":"https:\/\/koningdrone.be\/es\/producto\/osmo-action-5-pro-surfing-combo\/","og_site_name":"koningdrone.be","article_modified_time":"2026-04-29T11:10:10+00:00","og_image":[{"width":1280,"height":1280,"url":"https:\/\/koningdrone.be\/wp-content\/uploads\/sites\/13\/2025\/04\/1e01096ad444404dc27b569f46242d0d@ultra.jpg","type":"image\/jpeg"}],"twitter_card":"summary_large_image","twitter_misc":{"Tiempo de lectura":"1 minuto"},"schema":{"@context":"https:\/\/schema.org","@graph":[{"@type":"WebPage","@id":"https:\/\/koningdrone.be\/product\/osmo-action-5-pro-surfing-combo\/","url":"https:\/\/koningdrone.be\/product\/osmo-action-5-pro-surfing-combo\/","name":"Osmo Action 5 Pro Surfing Combo - koningdrone.be","isPartOf":{"@id":"https:\/\/koningdrone.be\/#website"},"primaryImageOfPage":{"@id":"https:\/\/koningdrone.be\/product\/osmo-action-5-pro-surfing-combo\/#primaryimage"},"image":{"@id":"https:\/\/koningdrone.be\/product\/osmo-action-5-pro-surfing-combo\/#primaryimage"},"thumbnailUrl":"https:\/\/koningdrone.be\/wp-content\/uploads\/sites\/13\/2025\/04\/1e01096ad444404dc27b569f46242d0d@ultra.jpg","datePublished":"2024-10-16T05:59:36+00:00","dateModified":"2026-04-29T11:10:10+00:00","breadcrumb":{"@id":"https:\/\/koningdrone.be\/product\/osmo-action-5-pro-surfing-combo\/#breadcrumb"},"inLanguage":"es","potentialAction":[{"@type":"ReadAction","target":["https:\/\/koningdrone.be\/product\/osmo-action-5-pro-surfing-combo\/"]}]},{"@type":"ImageObject","inLanguage":"es","@id":"https:\/\/koningdrone.be\/product\/osmo-action-5-pro-surfing-combo\/#primaryimage","url":"https:\/\/koningdrone.be\/wp-content\/uploads\/sites\/13\/2025\/04\/1e01096ad444404dc27b569f46242d0d@ultra.jpg","contentUrl":"https:\/\/koningdrone.be\/wp-content\/uploads\/sites\/13\/2025\/04\/1e01096ad444404dc27b569f46242d0d@ultra.jpg","width":1280,"height":1280},{"@type":"BreadcrumbList","@id":"https:\/\/koningdrone.be\/product\/osmo-action-5-pro-surfing-combo\/#breadcrumb","itemListElement":[{"@type":"ListItem","position":1,"name":"Home","item":"https:\/\/koningdrone.be\/"},{"@type":"ListItem","position":2,"name":"AVSS Parachute Recovery System for DJI Matrice 300\/350","item":"https:\/\/koningdrone.be\/product\/avss-parachute-recovery-system-for-dji-matrice-300-350\/"},{"@type":"ListItem","position":3,"name":"Alle producten","item":"https:\/\/koningdrone.be\/categorie\/alle-producten\/"},{"@type":"ListItem","position":4,"name":"Osmo Action 5 Pro Surfing Combo"}]},{"@type":"WebSite","@id":"https:\/\/koningdrone.be\/#website","url":"https:\/\/koningdrone.be\/","name":"Koningdrone.be - Su especialista en l\u00ednea en drones, cardanes, c\u00e1maras y centrales el\u00e9ctricas.","description":"La tienda virtual de drones y cardanes","publisher":{"@id":"https:\/\/koningdrone.be\/#organization"},"potentialAction":[{"@type":"SearchAction","target":{"@type":"EntryPoint","urlTemplate":"https:\/\/koningdrone.be\/?s={search_term_string}"},"query-input":{"@type":"PropertyValueSpecification","valueRequired":true,"valueName":"search_term_string"}}],"inLanguage":"es"},{"@type":"Organization","@id":"https:\/\/koningdrone.be\/#organization","name":"Kingdrone.es","url":"https:\/\/koningdrone.be\/","logo":{"@type":"ImageObject","inLanguage":"es","@id":"https:\/\/koningdrone.be\/#\/schema\/logo\/image\/","url":"https:\/\/koningdrone.be\/wp-content\/uploads\/sites\/13\/2025\/04\/koningdrone-copyright-logo.svg","contentUrl":"https:\/\/koningdrone.be\/wp-content\/uploads\/sites\/13\/2025\/04\/koningdrone-copyright-logo.svg","width":227,"height":38,"caption":"Koningdrone.be"},"image":{"@id":"https:\/\/koningdrone.be\/#\/schema\/logo\/image\/"}}]}},"df_price":"","df_sale_price":"","df_regular_price":"","df_image_link":"https:\/\/koningdrone.be\/wp-content\/uploads\/sites\/13\/2025\/04\/1e01096ad444404dc27b569f46242d0d@ultra-300x300.jpg","_links":{"self":[{"href":"https:\/\/koningdrone.be\/es\/wp-json\/wp\/v2\/product\/2069","targetHints":{"allow":["GET"]}}],"collection":[{"href":"https:\/\/koningdrone.be\/es\/wp-json\/wp\/v2\/product"}],"about":[{"href":"https:\/\/koningdrone.be\/es\/wp-json\/wp\/v2\/types\/product"}],"wp:featuredmedia":[{"embeddable":true,"href":"https:\/\/koningdrone.be\/es\/wp-json\/wp\/v2\/media\/2067"}],"wp:attachment":[{"href":"https:\/\/koningdrone.be\/es\/wp-json\/wp\/v2\/media?parent=2069"}],"wp:term":[{"taxonomy":"product_brand","embeddable":true,"href":"https:\/\/koningdrone.be\/es\/wp-json\/wp\/v2\/product_brand?post=2069"},{"taxonomy":"product_cat","embeddable":true,"href":"https:\/\/koningdrone.be\/es\/wp-json\/wp\/v2\/product_cat?post=2069"},{"taxonomy":"product_tag","embeddable":true,"href":"https:\/\/koningdrone.be\/es\/wp-json\/wp\/v2\/product_tag?post=2069"}],"curies":[{"name":"wp","href":"https:\/\/api.w.org\/{rel}","templated":true}]}}