{"id":2060,"date":"2024-10-16T07:59:36","date_gmt":"2024-10-16T05:59:36","guid":{"rendered":"https:\/\/koningdrone.nl\/kon\/product\/osmo-action-5-pro-neck-mount-filming-combo\/"},"modified":"2026-04-29T13:10:07","modified_gmt":"2026-04-29T11:10:07","slug":"osmo-action-5-pro-neck-mount-filming-combo","status":"publish","type":"product","link":"https:\/\/koningdrone.be\/es\/producto\/osmo-action-5-pro-neck-mount-filming-combo\/","title":{"rendered":"Combo de filmaci\u00f3n con soporte para cuello Osmo Action 5 Pro"},"content":{"rendered":"<p>La Action 5 Pro tiene un tama\u00f1o de p\u00edxel de 2,4 \u03bcm y 13,5 pasos de rango din\u00e1mico, gracias a un chip de 4 nm. Esto garantiza im\u00e1genes n\u00edtidas y colores vivos, aptas tanto para principiantes como para expertos.<\/p>\n<p>&nbsp;<\/p>\n<p><strong>Duraci\u00f3n de la bater\u00eda<\/strong><\/p>\n<p>Proporciona hasta 4 horas de uso, incluso a temperaturas extremas como -20\u00b0C. Ideal para disparos de larga duraci\u00f3n.<\/p>\n<p>&nbsp;<\/p>\n<p><strong>Mostrar<\/strong><\/p>\n<p>Las pantallas t\u00e1ctiles OLED ofrecen una imagen brillante con mayor contraste y colores. 16% mayor relaci\u00f3n pantalla-carcasa para una mayor compacidad.<\/p>\n<p>&nbsp;<\/p>\n<p><strong>Estabilizaci\u00f3n<\/strong><\/p>\n<p>La tecnolog\u00eda HorizonSteady minimiza los impactos y corrige las inclinaciones horizontales hasta 360\u00b0. Ideal para actividades deportivas.<\/p>\n<p>&nbsp;<\/p>\n<p><strong>Audio<\/strong><\/p>\n<p>La conectividad DJI OsmoAudio\u2122 admite dos transmisores DJI Mic 2 para audio de 48 kHz sin receptor. Calidad de sonido consistente.<\/p>\n<p>&nbsp;<\/p>\n<p><strong>Accesorios<\/strong><\/p>\n<p>Varios accesorios para actividades como ciclismo, submarinismo y esqu\u00ed. Toma perfecta en cualquier situaci\u00f3n.<\/p>\n<p>&nbsp;<\/p>","protected":false},"excerpt":{"rendered":"<ul>\n<li>Tama\u00f1o de p\u00edxel equivalente de 2,4 \u03bcm y 13,5 stops de rango din\u00e1mico.<\/li>\n<li>Chip de 4 nm de alto rendimiento para un procesamiento superior.<\/li>\n<li>El ajuste inteligente de la composici\u00f3n mantiene centrados a los sujetos.<\/li>\n<li>50% ciclo de trabajo m\u00e1s largo para un uso prolongado.<\/li>\n<li>Una bater\u00eda de hasta 4 horas de duraci\u00f3n, incluso en condiciones de fr\u00edo.<\/li>\n<li>Pantallas t\u00e1ctiles OLED de alto brillo, contraste y colores mejorados.<\/li>\n<li>16% aumento de la relaci\u00f3n pantalla-carcasa para una mejor experiencia visual.<\/li>\n<li>HorizonSteady reduce las vibraciones y corrige las inclinaciones horizontales.<\/li>\n<li>Correcci\u00f3n de inclinaci\u00f3n de 360\u00b0 para diferentes escenarios deportivos.<\/li>\n<li>Conectividad DJI OsmoAudio\u2122 para una conexi\u00f3n de audio instant\u00e1nea y sin esfuerzo.<\/li>\n<li>Grabaci\u00f3n de audio a 48 kHz con hasta dos transmisores DJI Mic 2.<\/li>\n<li>Amplia gama de accesorios para diversas actividades.<\/li>\n<\/ul>","protected":false},"featured_media":2058,"template":"","meta":{"_acf_changed":false},"product_brand":[],"product_cat":[97,297,329],"product_tag":[],"class_list":{"0":"post-2060","1":"product","2":"type-product","3":"status-publish","4":"has-post-thumbnail","6":"product_cat-alle-producten","7":"product_cat-dji-osmo","8":"product_cat-dji-osmo-action-5","9":"product_shipping_class-outofstock","10":"pa_brand-dji","11":"pa_producttype-action-cam","13":"first","14":"outofstock","15":"taxable","16":"shipping-taxable","17":"product-type-simple"},"acf":[],"yoast_head":"<!-- This site is optimized with the Yoast SEO Premium plugin v27.2 (Yoast SEO v27.2) - https:\/\/yoast.com\/product\/yoast-seo-premium-wordpress\/ -->\n<title>Osmo Action 5 Pro Neck Mount Filming Combo - koningdrone.be<\/title>\n<meta name=\"robots\" content=\"index, follow, max-snippet:-1, max-image-preview:large, max-video-preview:-1\" \/>\n<link rel=\"canonical\" href=\"https:\/\/koningdrone.be\/es\/producto\/osmo-action-5-pro-neck-mount-filming-combo\/\" \/>\n<meta property=\"og:locale\" content=\"es_ES\" \/>\n<meta property=\"og:type\" content=\"article\" \/>\n<meta property=\"og:title\" content=\"Osmo Action 5 Pro Neck Mount Filming Combo\" \/>\n<meta property=\"og:description\" content=\"Equivalente pixelgrootte van 2,4 \u03bcm en 13,5 stops dynamisch bereik.  Hoge prestatie 4nm chip voor superieure verwerking.  Intelligente compositieaanpassing houdt onderwerpen gecentreerd.  50% langere gebruiksduur voor langdurig gebruik.  E\u00e9n batterijvoeding tot 4 uur, zelfs in koude omstandigheden.  OLED touchscreens met hoge helderheid, verbeterd contrast en kleuren.  16% toename in scherm-tot-behuizingverhouding voor een betere kijkervaring.  HorizonSteady vermindert trillingen en corrigeert horizontale kantelingen.  360\u00b0 bereik kantelcorrectie voor verschillende sportscenario&#039;s.  DJI OsmoAudio\u2122-connectiviteit voor directe, moeiteloze audioverbinding.  48 kHz audio-opname met maximaal twee DJI Mic 2 Transmitters.  Breed scala aan accessoires voor diverse activiteiten.\" \/>\n<meta property=\"og:url\" content=\"https:\/\/koningdrone.be\/es\/producto\/osmo-action-5-pro-neck-mount-filming-combo\/\" \/>\n<meta property=\"og:site_name\" content=\"koningdrone.be\" \/>\n<meta property=\"article:modified_time\" content=\"2026-04-29T11:10:07+00:00\" \/>\n<meta property=\"og:image\" content=\"https:\/\/koningdrone.be\/wp-content\/uploads\/sites\/13\/2025\/04\/885ef6b0428c937c643ce251b8ec7b25@ultra.jpg\" \/>\n\t<meta property=\"og:image:width\" content=\"1280\" \/>\n\t<meta property=\"og:image:height\" content=\"1280\" \/>\n\t<meta property=\"og:image:type\" content=\"image\/jpeg\" \/>\n<meta name=\"twitter:card\" content=\"summary_large_image\" \/>\n<meta name=\"twitter:label1\" content=\"Tiempo de lectura\" \/>\n\t<meta name=\"twitter:data1\" content=\"1 minuto\" \/>\n<script type=\"application\/ld+json\" class=\"yoast-schema-graph\">{\"@context\":\"https:\/\/schema.org\",\"@graph\":[{\"@type\":\"WebPage\",\"@id\":\"https:\/\/koningdrone.be\/product\/osmo-action-5-pro-neck-mount-filming-combo\/\",\"url\":\"https:\/\/koningdrone.be\/product\/osmo-action-5-pro-neck-mount-filming-combo\/\",\"name\":\"Osmo Action 5 Pro Neck Mount Filming Combo - koningdrone.be\",\"isPartOf\":{\"@id\":\"https:\/\/koningdrone.be\/#website\"},\"primaryImageOfPage\":{\"@id\":\"https:\/\/koningdrone.be\/product\/osmo-action-5-pro-neck-mount-filming-combo\/#primaryimage\"},\"image\":{\"@id\":\"https:\/\/koningdrone.be\/product\/osmo-action-5-pro-neck-mount-filming-combo\/#primaryimage\"},\"thumbnailUrl\":\"https:\/\/koningdrone.be\/wp-content\/uploads\/sites\/13\/2025\/04\/885ef6b0428c937c643ce251b8ec7b25@ultra.jpg\",\"datePublished\":\"2024-10-16T05:59:36+00:00\",\"dateModified\":\"2026-04-29T11:10:07+00:00\",\"breadcrumb\":{\"@id\":\"https:\/\/koningdrone.be\/product\/osmo-action-5-pro-neck-mount-filming-combo\/#breadcrumb\"},\"inLanguage\":\"es\",\"potentialAction\":[{\"@type\":\"ReadAction\",\"target\":[\"https:\/\/koningdrone.be\/product\/osmo-action-5-pro-neck-mount-filming-combo\/\"]}]},{\"@type\":\"ImageObject\",\"inLanguage\":\"es\",\"@id\":\"https:\/\/koningdrone.be\/product\/osmo-action-5-pro-neck-mount-filming-combo\/#primaryimage\",\"url\":\"https:\/\/koningdrone.be\/wp-content\/uploads\/sites\/13\/2025\/04\/885ef6b0428c937c643ce251b8ec7b25@ultra.jpg\",\"contentUrl\":\"https:\/\/koningdrone.be\/wp-content\/uploads\/sites\/13\/2025\/04\/885ef6b0428c937c643ce251b8ec7b25@ultra.jpg\",\"width\":1280,\"height\":1280},{\"@type\":\"BreadcrumbList\",\"@id\":\"https:\/\/koningdrone.be\/product\/osmo-action-5-pro-neck-mount-filming-combo\/#breadcrumb\",\"itemListElement\":[{\"@type\":\"ListItem\",\"position\":1,\"name\":\"Home\",\"item\":\"https:\/\/koningdrone.be\/\"},{\"@type\":\"ListItem\",\"position\":2,\"name\":\"AVSS Parachute Recovery System for DJI Matrice 300\/350\",\"item\":\"https:\/\/koningdrone.be\/product\/avss-parachute-recovery-system-for-dji-matrice-300-350\/\"},{\"@type\":\"ListItem\",\"position\":3,\"name\":\"Alle producten\",\"item\":\"https:\/\/koningdrone.be\/categorie\/alle-producten\/\"},{\"@type\":\"ListItem\",\"position\":4,\"name\":\"Osmo Action 5 Pro Neck Mount Filming Combo\"}]},{\"@type\":\"WebSite\",\"@id\":\"https:\/\/koningdrone.be\/#website\",\"url\":\"https:\/\/koningdrone.be\/\",\"name\":\"Koningdrone.be - Uw online specialist in drones, gimbals, camera's en power stations.\",\"description\":\"De webshop in drones en gimbals\",\"publisher\":{\"@id\":\"https:\/\/koningdrone.be\/#organization\"},\"potentialAction\":[{\"@type\":\"SearchAction\",\"target\":{\"@type\":\"EntryPoint\",\"urlTemplate\":\"https:\/\/koningdrone.be\/?s={search_term_string}\"},\"query-input\":{\"@type\":\"PropertyValueSpecification\",\"valueRequired\":true,\"valueName\":\"search_term_string\"}}],\"inLanguage\":\"es\"},{\"@type\":\"Organization\",\"@id\":\"https:\/\/koningdrone.be\/#organization\",\"name\":\"Koningdrone.be\",\"url\":\"https:\/\/koningdrone.be\/\",\"logo\":{\"@type\":\"ImageObject\",\"inLanguage\":\"es\",\"@id\":\"https:\/\/koningdrone.be\/#\/schema\/logo\/image\/\",\"url\":\"https:\/\/koningdrone.be\/wp-content\/uploads\/sites\/13\/2025\/04\/koningdrone-copyright-logo.svg\",\"contentUrl\":\"https:\/\/koningdrone.be\/wp-content\/uploads\/sites\/13\/2025\/04\/koningdrone-copyright-logo.svg\",\"width\":227,\"height\":38,\"caption\":\"Koningdrone.be\"},\"image\":{\"@id\":\"https:\/\/koningdrone.be\/#\/schema\/logo\/image\/\"}}]}<\/script>\n<!-- \/ Yoast SEO Premium plugin. -->","yoast_head_json":{"title":"Osmo Action 5 Pro Neck Mount Filming Combo - koningdrone.be","robots":{"index":"index","follow":"follow","max-snippet":"max-snippet:-1","max-image-preview":"max-image-preview:large","max-video-preview":"max-video-preview:-1"},"canonical":"https:\/\/koningdrone.be\/es\/producto\/osmo-action-5-pro-neck-mount-filming-combo\/","og_locale":"es_ES","og_type":"article","og_title":"Osmo Action 5 Pro Neck Mount Filming Combo","og_description":"Equivalente pixelgrootte van 2,4 \u03bcm en 13,5 stops dynamisch bereik.  Hoge prestatie 4nm chip voor superieure verwerking.  Intelligente compositieaanpassing houdt onderwerpen gecentreerd.  50% langere gebruiksduur voor langdurig gebruik.  E\u00e9n batterijvoeding tot 4 uur, zelfs in koude omstandigheden.  OLED touchscreens met hoge helderheid, verbeterd contrast en kleuren.  16% toename in scherm-tot-behuizingverhouding voor een betere kijkervaring.  HorizonSteady vermindert trillingen en corrigeert horizontale kantelingen.  360\u00b0 bereik kantelcorrectie voor verschillende sportscenario's.  DJI OsmoAudio\u2122-connectiviteit voor directe, moeiteloze audioverbinding.  48 kHz audio-opname met maximaal twee DJI Mic 2 Transmitters.  Breed scala aan accessoires voor diverse activiteiten.","og_url":"https:\/\/koningdrone.be\/es\/producto\/osmo-action-5-pro-neck-mount-filming-combo\/","og_site_name":"koningdrone.be","article_modified_time":"2026-04-29T11:10:07+00:00","og_image":[{"width":1280,"height":1280,"url":"https:\/\/koningdrone.be\/wp-content\/uploads\/sites\/13\/2025\/04\/885ef6b0428c937c643ce251b8ec7b25@ultra.jpg","type":"image\/jpeg"}],"twitter_card":"summary_large_image","twitter_misc":{"Tiempo de lectura":"1 minuto"},"schema":{"@context":"https:\/\/schema.org","@graph":[{"@type":"WebPage","@id":"https:\/\/koningdrone.be\/product\/osmo-action-5-pro-neck-mount-filming-combo\/","url":"https:\/\/koningdrone.be\/product\/osmo-action-5-pro-neck-mount-filming-combo\/","name":"Osmo Action 5 Pro Neck Mount Filming Combo - koningdrone.be","isPartOf":{"@id":"https:\/\/koningdrone.be\/#website"},"primaryImageOfPage":{"@id":"https:\/\/koningdrone.be\/product\/osmo-action-5-pro-neck-mount-filming-combo\/#primaryimage"},"image":{"@id":"https:\/\/koningdrone.be\/product\/osmo-action-5-pro-neck-mount-filming-combo\/#primaryimage"},"thumbnailUrl":"https:\/\/koningdrone.be\/wp-content\/uploads\/sites\/13\/2025\/04\/885ef6b0428c937c643ce251b8ec7b25@ultra.jpg","datePublished":"2024-10-16T05:59:36+00:00","dateModified":"2026-04-29T11:10:07+00:00","breadcrumb":{"@id":"https:\/\/koningdrone.be\/product\/osmo-action-5-pro-neck-mount-filming-combo\/#breadcrumb"},"inLanguage":"es","potentialAction":[{"@type":"ReadAction","target":["https:\/\/koningdrone.be\/product\/osmo-action-5-pro-neck-mount-filming-combo\/"]}]},{"@type":"ImageObject","inLanguage":"es","@id":"https:\/\/koningdrone.be\/product\/osmo-action-5-pro-neck-mount-filming-combo\/#primaryimage","url":"https:\/\/koningdrone.be\/wp-content\/uploads\/sites\/13\/2025\/04\/885ef6b0428c937c643ce251b8ec7b25@ultra.jpg","contentUrl":"https:\/\/koningdrone.be\/wp-content\/uploads\/sites\/13\/2025\/04\/885ef6b0428c937c643ce251b8ec7b25@ultra.jpg","width":1280,"height":1280},{"@type":"BreadcrumbList","@id":"https:\/\/koningdrone.be\/product\/osmo-action-5-pro-neck-mount-filming-combo\/#breadcrumb","itemListElement":[{"@type":"ListItem","position":1,"name":"Home","item":"https:\/\/koningdrone.be\/"},{"@type":"ListItem","position":2,"name":"AVSS Parachute Recovery System for DJI Matrice 300\/350","item":"https:\/\/koningdrone.be\/product\/avss-parachute-recovery-system-for-dji-matrice-300-350\/"},{"@type":"ListItem","position":3,"name":"Alle producten","item":"https:\/\/koningdrone.be\/categorie\/alle-producten\/"},{"@type":"ListItem","position":4,"name":"Osmo Action 5 Pro Neck Mount Filming Combo"}]},{"@type":"WebSite","@id":"https:\/\/koningdrone.be\/#website","url":"https:\/\/koningdrone.be\/","name":"Koningdrone.be - Su especialista en l\u00ednea en drones, cardanes, c\u00e1maras y centrales el\u00e9ctricas.","description":"La tienda virtual de drones y cardanes","publisher":{"@id":"https:\/\/koningdrone.be\/#organization"},"potentialAction":[{"@type":"SearchAction","target":{"@type":"EntryPoint","urlTemplate":"https:\/\/koningdrone.be\/?s={search_term_string}"},"query-input":{"@type":"PropertyValueSpecification","valueRequired":true,"valueName":"search_term_string"}}],"inLanguage":"es"},{"@type":"Organization","@id":"https:\/\/koningdrone.be\/#organization","name":"Kingdrone.es","url":"https:\/\/koningdrone.be\/","logo":{"@type":"ImageObject","inLanguage":"es","@id":"https:\/\/koningdrone.be\/#\/schema\/logo\/image\/","url":"https:\/\/koningdrone.be\/wp-content\/uploads\/sites\/13\/2025\/04\/koningdrone-copyright-logo.svg","contentUrl":"https:\/\/koningdrone.be\/wp-content\/uploads\/sites\/13\/2025\/04\/koningdrone-copyright-logo.svg","width":227,"height":38,"caption":"Koningdrone.be"},"image":{"@id":"https:\/\/koningdrone.be\/#\/schema\/logo\/image\/"}}]}},"df_price":"","df_sale_price":"","df_regular_price":"","df_image_link":"https:\/\/koningdrone.be\/wp-content\/uploads\/sites\/13\/2025\/04\/885ef6b0428c937c643ce251b8ec7b25@ultra-300x300.jpg","_links":{"self":[{"href":"https:\/\/koningdrone.be\/es\/wp-json\/wp\/v2\/product\/2060","targetHints":{"allow":["GET"]}}],"collection":[{"href":"https:\/\/koningdrone.be\/es\/wp-json\/wp\/v2\/product"}],"about":[{"href":"https:\/\/koningdrone.be\/es\/wp-json\/wp\/v2\/types\/product"}],"wp:featuredmedia":[{"embeddable":true,"href":"https:\/\/koningdrone.be\/es\/wp-json\/wp\/v2\/media\/2058"}],"wp:attachment":[{"href":"https:\/\/koningdrone.be\/es\/wp-json\/wp\/v2\/media?parent=2060"}],"wp:term":[{"taxonomy":"product_brand","embeddable":true,"href":"https:\/\/koningdrone.be\/es\/wp-json\/wp\/v2\/product_brand?post=2060"},{"taxonomy":"product_cat","embeddable":true,"href":"https:\/\/koningdrone.be\/es\/wp-json\/wp\/v2\/product_cat?post=2060"},{"taxonomy":"product_tag","embeddable":true,"href":"https:\/\/koningdrone.be\/es\/wp-json\/wp\/v2\/product_tag?post=2060"}],"curies":[{"name":"wp","href":"https:\/\/api.w.org\/{rel}","templated":true}]}}