{"id":2054,"date":"2024-10-16T07:59:36","date_gmt":"2024-10-16T05:59:36","guid":{"rendered":"https:\/\/koningdrone.nl\/kon\/product\/osmo-action-5-pro-hiking-combo\/"},"modified":"2026-04-29T13:10:05","modified_gmt":"2026-04-29T11:10:05","slug":"osmo-action-5-pro-hiking-combo","status":"publish","type":"product","link":"https:\/\/koningdrone.be\/es\/producto\/osmo-action-5-pro-hiking-combo\/","title":{"rendered":"Combo de senderismo Osmo Action 5 Pro"},"content":{"rendered":"<p>La Action 5 Pro es una c\u00e1mara vers\u00e1til y avanzada con excelentes especificaciones que resulta atractiva tanto para principiantes como para expertos.<\/p>\n<p>&nbsp;<\/p>\n<p><strong>Calidad de la imagen<\/strong><\/p>\n<p>Con un tama\u00f1o de p\u00edxel de 2,4 \u03bcm y un alto rango din\u00e1mico de 13,5 pasos, ofrece im\u00e1genes n\u00edtidas y detalladas incluso en condiciones de iluminaci\u00f3n dif\u00edciles.<\/p>\n<p>&nbsp;<\/p>\n<p><strong>Enfoque autom\u00e1tico y composici\u00f3n<\/strong><\/p>\n<p>Gracias a la detecci\u00f3n autom\u00e1tica del sujeto, la composici\u00f3n se ajusta autom\u00e1ticamente para obtener fotograf\u00edas bien centradas.<\/p>\n<p>&nbsp;<\/p>\n<p><strong>Duraci\u00f3n de la bater\u00eda<\/strong><\/p>\n<p>Mayor duraci\u00f3n de la bater\u00eda del 50%: hasta 4 horas de funcionamiento, 3,6 horas a -20\u00b0C.<\/p>\n<p>&nbsp;<\/p>\n<p><strong>Pantalla<\/strong><\/p>\n<p>Equipado con pantallas t\u00e1ctiles OLED para un mayor brillo, contraste y una 16% mayor relaci\u00f3n pantalla-carcasa.<\/p>\n<p>&nbsp;<\/p>\n<p><strong>Estabilidad<\/strong><\/p>\n<p>La tecnolog\u00eda HorizonSteady reduce las sacudidas y corrige las inclinaciones de 360 grados, ideal para obtener tomas estables durante la pr\u00e1ctica de deportes.<\/p>\n<p>&nbsp;<\/p>\n<p><strong>Audio<\/strong><\/p>\n<p>Se integra f\u00e1cilmente con DJI OsmoAudio\u2122 para grabar audio de alta calidad sin necesidad de un receptor independiente.<\/p>\n<p>&nbsp;<\/p>\n<p><strong>Accesorios y uso<\/strong><\/p>\n<p>Compatible con varios accesorios para actividades como ciclismo, senderismo, buceo, etc., para una m\u00e1xima versatilidad.<\/p>\n<p>&nbsp;<\/p>","protected":false},"excerpt":{"rendered":"<ul>\n<li>Tama\u00f1o de p\u00edxel equivalente de 2,4 \u03bcm con un alto rango din\u00e1mico de 13,5 stops.<\/li>\n<li>Detecci\u00f3n inteligente del sujeto con ajuste din\u00e1mico de la composici\u00f3n.<\/li>\n<li>50% mayor tiempo de funcionamiento de hasta 4 horas por bater\u00eda.<\/li>\n<li>Pantallas t\u00e1ctiles OLED de alto brillo con una relaci\u00f3n pantalla\/cuerpo 16% superior.<\/li>\n<li>HorizonSteady reduce las vibraciones y corrige las inclinaciones en 360\u00b0.<\/li>\n<li>Conectividad DJI OsmoAudio\u2122 para grabaci\u00f3n de audio a 48 kHz sin receptor.<\/li>\n<li>Accesorios para ciclismo, senderismo, paracaidismo, submarinismo, surf, esqu\u00ed\/snowboard.<\/li>\n<\/ul>","protected":false},"featured_media":2052,"template":"","meta":{"_acf_changed":false},"product_brand":[],"product_cat":[97,297,329],"product_tag":[],"class_list":{"0":"post-2054","1":"product","2":"type-product","3":"status-publish","4":"has-post-thumbnail","6":"product_cat-alle-producten","7":"product_cat-dji-osmo","8":"product_cat-dji-osmo-action-5","9":"product_shipping_class-outofstock","10":"pa_brand-dji","11":"pa_producttype-action-cam","13":"first","14":"outofstock","15":"taxable","16":"shipping-taxable","17":"product-type-simple"},"acf":[],"yoast_head":"<!-- This site is optimized with the Yoast SEO Premium plugin v27.2 (Yoast SEO v27.2) - https:\/\/yoast.com\/product\/yoast-seo-premium-wordpress\/ -->\n<title>Osmo Action 5 Pro Hiking Combo - koningdrone.be<\/title>\n<meta name=\"robots\" content=\"index, follow, max-snippet:-1, max-image-preview:large, max-video-preview:-1\" \/>\n<link rel=\"canonical\" href=\"https:\/\/koningdrone.be\/es\/producto\/osmo-action-5-pro-hiking-combo\/\" \/>\n<meta property=\"og:locale\" content=\"es_ES\" \/>\n<meta property=\"og:type\" content=\"article\" \/>\n<meta property=\"og:title\" content=\"Osmo Action 5 Pro Hiking Combo\" \/>\n<meta property=\"og:description\" content=\"Equivalente pixelgrootte van 2,4 \u03bcm met een hoog dynamisch bereik van 13,5 stops.  Intelligente onderwerpdetectie met dynamische compositieaanpassing.  50% langere gebruiksduur tot 4 uur per batterij.  OLED-touchscreens met hoge helderheid met 16% hogere scherm-tot-behuizingverhouding.  HorizonSteady vermindert trillingen en corrigeert kantelingen binnen 360\u00b0.  DJI OsmoAudio\u2122-connectiviteit voor 48 kHz audio-opname zonder ontvanger.  Accessoires voor fietsen, wandelen, skydiven, duiken, surfen, ski\u00ebn\/snowboarden.\" \/>\n<meta property=\"og:url\" content=\"https:\/\/koningdrone.be\/es\/producto\/osmo-action-5-pro-hiking-combo\/\" \/>\n<meta property=\"og:site_name\" content=\"koningdrone.be\" \/>\n<meta property=\"article:modified_time\" content=\"2026-04-29T11:10:05+00:00\" \/>\n<meta property=\"og:image\" content=\"https:\/\/koningdrone.be\/wp-content\/uploads\/sites\/13\/2025\/04\/f95fac575d2978f82405960dfa14b2da@ultra.jpg\" \/>\n\t<meta property=\"og:image:width\" content=\"1280\" \/>\n\t<meta property=\"og:image:height\" content=\"1280\" \/>\n\t<meta property=\"og:image:type\" content=\"image\/jpeg\" \/>\n<meta name=\"twitter:card\" content=\"summary_large_image\" \/>\n<meta name=\"twitter:label1\" content=\"Tiempo de lectura\" \/>\n\t<meta name=\"twitter:data1\" content=\"1 minuto\" \/>\n<script type=\"application\/ld+json\" class=\"yoast-schema-graph\">{\"@context\":\"https:\/\/schema.org\",\"@graph\":[{\"@type\":\"WebPage\",\"@id\":\"https:\/\/koningdrone.be\/product\/osmo-action-5-pro-hiking-combo\/\",\"url\":\"https:\/\/koningdrone.be\/product\/osmo-action-5-pro-hiking-combo\/\",\"name\":\"Osmo Action 5 Pro Hiking Combo - koningdrone.be\",\"isPartOf\":{\"@id\":\"https:\/\/koningdrone.be\/#website\"},\"primaryImageOfPage\":{\"@id\":\"https:\/\/koningdrone.be\/product\/osmo-action-5-pro-hiking-combo\/#primaryimage\"},\"image\":{\"@id\":\"https:\/\/koningdrone.be\/product\/osmo-action-5-pro-hiking-combo\/#primaryimage\"},\"thumbnailUrl\":\"https:\/\/koningdrone.be\/wp-content\/uploads\/sites\/13\/2025\/04\/f95fac575d2978f82405960dfa14b2da@ultra.jpg\",\"datePublished\":\"2024-10-16T05:59:36+00:00\",\"dateModified\":\"2026-04-29T11:10:05+00:00\",\"breadcrumb\":{\"@id\":\"https:\/\/koningdrone.be\/product\/osmo-action-5-pro-hiking-combo\/#breadcrumb\"},\"inLanguage\":\"es\",\"potentialAction\":[{\"@type\":\"ReadAction\",\"target\":[\"https:\/\/koningdrone.be\/product\/osmo-action-5-pro-hiking-combo\/\"]}]},{\"@type\":\"ImageObject\",\"inLanguage\":\"es\",\"@id\":\"https:\/\/koningdrone.be\/product\/osmo-action-5-pro-hiking-combo\/#primaryimage\",\"url\":\"https:\/\/koningdrone.be\/wp-content\/uploads\/sites\/13\/2025\/04\/f95fac575d2978f82405960dfa14b2da@ultra.jpg\",\"contentUrl\":\"https:\/\/koningdrone.be\/wp-content\/uploads\/sites\/13\/2025\/04\/f95fac575d2978f82405960dfa14b2da@ultra.jpg\",\"width\":1280,\"height\":1280},{\"@type\":\"BreadcrumbList\",\"@id\":\"https:\/\/koningdrone.be\/product\/osmo-action-5-pro-hiking-combo\/#breadcrumb\",\"itemListElement\":[{\"@type\":\"ListItem\",\"position\":1,\"name\":\"Home\",\"item\":\"https:\/\/koningdrone.be\/\"},{\"@type\":\"ListItem\",\"position\":2,\"name\":\"AVSS Parachute Recovery System for DJI Matrice 300\/350\",\"item\":\"https:\/\/koningdrone.be\/product\/avss-parachute-recovery-system-for-dji-matrice-300-350\/\"},{\"@type\":\"ListItem\",\"position\":3,\"name\":\"Alle producten\",\"item\":\"https:\/\/koningdrone.be\/categorie\/alle-producten\/\"},{\"@type\":\"ListItem\",\"position\":4,\"name\":\"Osmo Action 5 Pro Hiking Combo\"}]},{\"@type\":\"WebSite\",\"@id\":\"https:\/\/koningdrone.be\/#website\",\"url\":\"https:\/\/koningdrone.be\/\",\"name\":\"Koningdrone.be - Uw online specialist in drones, gimbals, camera's en power stations.\",\"description\":\"De webshop in drones en gimbals\",\"publisher\":{\"@id\":\"https:\/\/koningdrone.be\/#organization\"},\"potentialAction\":[{\"@type\":\"SearchAction\",\"target\":{\"@type\":\"EntryPoint\",\"urlTemplate\":\"https:\/\/koningdrone.be\/?s={search_term_string}\"},\"query-input\":{\"@type\":\"PropertyValueSpecification\",\"valueRequired\":true,\"valueName\":\"search_term_string\"}}],\"inLanguage\":\"es\"},{\"@type\":\"Organization\",\"@id\":\"https:\/\/koningdrone.be\/#organization\",\"name\":\"Koningdrone.be\",\"url\":\"https:\/\/koningdrone.be\/\",\"logo\":{\"@type\":\"ImageObject\",\"inLanguage\":\"es\",\"@id\":\"https:\/\/koningdrone.be\/#\/schema\/logo\/image\/\",\"url\":\"https:\/\/koningdrone.be\/wp-content\/uploads\/sites\/13\/2025\/04\/koningdrone-copyright-logo.svg\",\"contentUrl\":\"https:\/\/koningdrone.be\/wp-content\/uploads\/sites\/13\/2025\/04\/koningdrone-copyright-logo.svg\",\"width\":227,\"height\":38,\"caption\":\"Koningdrone.be\"},\"image\":{\"@id\":\"https:\/\/koningdrone.be\/#\/schema\/logo\/image\/\"}}]}<\/script>\n<!-- \/ Yoast SEO Premium plugin. -->","yoast_head_json":{"title":"Osmo Action 5 Pro Hiking Combo - koningdrone.be","robots":{"index":"index","follow":"follow","max-snippet":"max-snippet:-1","max-image-preview":"max-image-preview:large","max-video-preview":"max-video-preview:-1"},"canonical":"https:\/\/koningdrone.be\/es\/producto\/osmo-action-5-pro-hiking-combo\/","og_locale":"es_ES","og_type":"article","og_title":"Osmo Action 5 Pro Hiking Combo","og_description":"Equivalente pixelgrootte van 2,4 \u03bcm met een hoog dynamisch bereik van 13,5 stops.  Intelligente onderwerpdetectie met dynamische compositieaanpassing.  50% langere gebruiksduur tot 4 uur per batterij.  OLED-touchscreens met hoge helderheid met 16% hogere scherm-tot-behuizingverhouding.  HorizonSteady vermindert trillingen en corrigeert kantelingen binnen 360\u00b0.  DJI OsmoAudio\u2122-connectiviteit voor 48 kHz audio-opname zonder ontvanger.  Accessoires voor fietsen, wandelen, skydiven, duiken, surfen, ski\u00ebn\/snowboarden.","og_url":"https:\/\/koningdrone.be\/es\/producto\/osmo-action-5-pro-hiking-combo\/","og_site_name":"koningdrone.be","article_modified_time":"2026-04-29T11:10:05+00:00","og_image":[{"width":1280,"height":1280,"url":"https:\/\/koningdrone.be\/wp-content\/uploads\/sites\/13\/2025\/04\/f95fac575d2978f82405960dfa14b2da@ultra.jpg","type":"image\/jpeg"}],"twitter_card":"summary_large_image","twitter_misc":{"Tiempo de lectura":"1 minuto"},"schema":{"@context":"https:\/\/schema.org","@graph":[{"@type":"WebPage","@id":"https:\/\/koningdrone.be\/product\/osmo-action-5-pro-hiking-combo\/","url":"https:\/\/koningdrone.be\/product\/osmo-action-5-pro-hiking-combo\/","name":"Osmo Action 5 Pro Hiking Combo - koningdrone.be","isPartOf":{"@id":"https:\/\/koningdrone.be\/#website"},"primaryImageOfPage":{"@id":"https:\/\/koningdrone.be\/product\/osmo-action-5-pro-hiking-combo\/#primaryimage"},"image":{"@id":"https:\/\/koningdrone.be\/product\/osmo-action-5-pro-hiking-combo\/#primaryimage"},"thumbnailUrl":"https:\/\/koningdrone.be\/wp-content\/uploads\/sites\/13\/2025\/04\/f95fac575d2978f82405960dfa14b2da@ultra.jpg","datePublished":"2024-10-16T05:59:36+00:00","dateModified":"2026-04-29T11:10:05+00:00","breadcrumb":{"@id":"https:\/\/koningdrone.be\/product\/osmo-action-5-pro-hiking-combo\/#breadcrumb"},"inLanguage":"es","potentialAction":[{"@type":"ReadAction","target":["https:\/\/koningdrone.be\/product\/osmo-action-5-pro-hiking-combo\/"]}]},{"@type":"ImageObject","inLanguage":"es","@id":"https:\/\/koningdrone.be\/product\/osmo-action-5-pro-hiking-combo\/#primaryimage","url":"https:\/\/koningdrone.be\/wp-content\/uploads\/sites\/13\/2025\/04\/f95fac575d2978f82405960dfa14b2da@ultra.jpg","contentUrl":"https:\/\/koningdrone.be\/wp-content\/uploads\/sites\/13\/2025\/04\/f95fac575d2978f82405960dfa14b2da@ultra.jpg","width":1280,"height":1280},{"@type":"BreadcrumbList","@id":"https:\/\/koningdrone.be\/product\/osmo-action-5-pro-hiking-combo\/#breadcrumb","itemListElement":[{"@type":"ListItem","position":1,"name":"Home","item":"https:\/\/koningdrone.be\/"},{"@type":"ListItem","position":2,"name":"AVSS Parachute Recovery System for DJI Matrice 300\/350","item":"https:\/\/koningdrone.be\/product\/avss-parachute-recovery-system-for-dji-matrice-300-350\/"},{"@type":"ListItem","position":3,"name":"Alle producten","item":"https:\/\/koningdrone.be\/categorie\/alle-producten\/"},{"@type":"ListItem","position":4,"name":"Osmo Action 5 Pro Hiking Combo"}]},{"@type":"WebSite","@id":"https:\/\/koningdrone.be\/#website","url":"https:\/\/koningdrone.be\/","name":"Koningdrone.be - Su especialista en l\u00ednea en drones, cardanes, c\u00e1maras y centrales el\u00e9ctricas.","description":"La tienda virtual de drones y cardanes","publisher":{"@id":"https:\/\/koningdrone.be\/#organization"},"potentialAction":[{"@type":"SearchAction","target":{"@type":"EntryPoint","urlTemplate":"https:\/\/koningdrone.be\/?s={search_term_string}"},"query-input":{"@type":"PropertyValueSpecification","valueRequired":true,"valueName":"search_term_string"}}],"inLanguage":"es"},{"@type":"Organization","@id":"https:\/\/koningdrone.be\/#organization","name":"Kingdrone.es","url":"https:\/\/koningdrone.be\/","logo":{"@type":"ImageObject","inLanguage":"es","@id":"https:\/\/koningdrone.be\/#\/schema\/logo\/image\/","url":"https:\/\/koningdrone.be\/wp-content\/uploads\/sites\/13\/2025\/04\/koningdrone-copyright-logo.svg","contentUrl":"https:\/\/koningdrone.be\/wp-content\/uploads\/sites\/13\/2025\/04\/koningdrone-copyright-logo.svg","width":227,"height":38,"caption":"Koningdrone.be"},"image":{"@id":"https:\/\/koningdrone.be\/#\/schema\/logo\/image\/"}}]}},"df_price":"","df_sale_price":"","df_regular_price":"","df_image_link":"https:\/\/koningdrone.be\/wp-content\/uploads\/sites\/13\/2025\/04\/f95fac575d2978f82405960dfa14b2da@ultra-300x300.jpg","_links":{"self":[{"href":"https:\/\/koningdrone.be\/es\/wp-json\/wp\/v2\/product\/2054","targetHints":{"allow":["GET"]}}],"collection":[{"href":"https:\/\/koningdrone.be\/es\/wp-json\/wp\/v2\/product"}],"about":[{"href":"https:\/\/koningdrone.be\/es\/wp-json\/wp\/v2\/types\/product"}],"wp:featuredmedia":[{"embeddable":true,"href":"https:\/\/koningdrone.be\/es\/wp-json\/wp\/v2\/media\/2052"}],"wp:attachment":[{"href":"https:\/\/koningdrone.be\/es\/wp-json\/wp\/v2\/media?parent=2054"}],"wp:term":[{"taxonomy":"product_brand","embeddable":true,"href":"https:\/\/koningdrone.be\/es\/wp-json\/wp\/v2\/product_brand?post=2054"},{"taxonomy":"product_cat","embeddable":true,"href":"https:\/\/koningdrone.be\/es\/wp-json\/wp\/v2\/product_cat?post=2054"},{"taxonomy":"product_tag","embeddable":true,"href":"https:\/\/koningdrone.be\/es\/wp-json\/wp\/v2\/product_tag?post=2054"}],"curies":[{"name":"wp","href":"https:\/\/api.w.org\/{rel}","templated":true}]}}