{"id":2045,"date":"2024-10-16T08:00:34","date_gmt":"2024-10-16T06:00:34","guid":{"rendered":"https:\/\/koningdrone.nl\/kon\/product\/zenmuse-h30-worry-free-plus-combo\/"},"modified":"2026-04-29T13:10:17","modified_gmt":"2026-04-29T11:10:17","slug":"zenmuse-h30-worry-free-plus-combo","status":"publish","type":"product","link":"https:\/\/koningdrone.be\/es\/producto\/zenmuse-h30-worry-free-plus-combo\/","title":{"rendered":"Zenmuse H30 Worry-Free Plus Combo"},"content":{"rendered":"<p><strong>C\u00e1mara con zoom<\/strong><\/p>\n<p>Nuestra avanzada c\u00e1mara de 40 megap\u00edxeles ofrece un zoom \u00f3ptico de 34\u00d7 y un zoom digital de 400\u00d7 para obtener detalles n\u00edtidos a distancia.<\/p>\n<p><strong>Medidor de distancia l\u00e1ser<\/strong><\/p>\n<p>Con un alcance de hasta 3000 metros, 2,5 veces m\u00e1s que antes, mide distancias con precisi\u00f3n.<\/p>\n<p><strong>Modo nocturno<\/strong><\/p>\n<p>El modo nocturno para el zoom y la c\u00e1mara gran angular mejora el rendimiento con poca luz. La luz infrarroja favorece la visi\u00f3n nocturna.<\/p>\n<p><strong>Resoluci\u00f3n y tratamiento de im\u00e1genes<\/strong><\/p>\n<p>La resoluci\u00f3n de imagen de 1280\u00d71024 ofrece una calidad cuatro veces mejor, incluso con niveles de zoom altos.<\/p>\n<p><strong>Medici\u00f3n de la temperatura<\/strong><\/p>\n<p>Mide temperaturas de hasta 1600\u00b0 C, ideal para aplicaciones industriales y vigilancia de incendios.<\/p>\n<p><strong>Grabaci\u00f3n y seguridad<\/strong><\/p>\n<p>Pregrabaci\u00f3n de 30 segundos, transmisi\u00f3n encriptada, borrado de la memoria de registro, grabaci\u00f3n en directo a trav\u00e9s de DJI FlightHub 2.<\/p>\n<p><strong>Captura inteligente<\/strong><\/p>\n<p>Im\u00e1genes detalladas con poca luz gracias a Smart Capture y mayor nitidez en condiciones de niebla.<\/p>\n<p><strong>Impermeabilizaci\u00f3n<\/strong><\/p>\n<p>IP54 resistente al polvo y al agua, operativo entre -20\u00b0 y 50\u00b0 C: fiable en todas las condiciones meteorol\u00f3gicas.<\/p>","protected":false},"excerpt":{"rendered":"<ul>\n<li>C\u00e1mara de 40 MP con zoom \u00f3ptico de 34\u00d7 y digital de 400\u00d7.<\/li>\n<li>Medici\u00f3n de distancia l\u00e1ser m\u00e1xima de 3000 m, incremento de 2,5\u00d7.<\/li>\n<li>Admite el modo nocturno para funcionar con poca luz.<\/li>\n<li>La c\u00e1mara con zoom incluye luz IR e iluminaci\u00f3n NIR.<\/li>\n<li>Resoluci\u00f3n 1280\u00d71024, ampliaci\u00f3n 4\u00d7.<\/li>\n<li>Funci\u00f3n de imagen infrarroja UHR para obtener im\u00e1genes n\u00edtidas con mayor zoom.<\/li>\n<li>La temperatura m\u00e1xima medible es de 1600\u00b0 C (2192\u00b0 F).<\/li>\n<li>30s m\u00e1ximo de pregrabaci\u00f3n y transmisi\u00f3n encriptada de medios.<\/li>\n<li>Captura Inteligente para fotos detalladas con una iluminaci\u00f3n espectacular.<\/li>\n<li>El desempa\u00f1ador electr\u00f3nico mejora la claridad en condiciones de niebla.<\/li>\n<li>Grado de resistencia al polvo y al agua IP54.<\/li>\n<li>Funciona a temperaturas de -20\u00b0 a 50\u00b0 C (-4\u00b0 a 122\u00b0 F).<\/li>\n<\/ul>","protected":false},"featured_media":2043,"template":"","meta":{"_acf_changed":false},"product_brand":[],"product_cat":[298,97,153],"product_tag":[],"class_list":{"0":"post-2045","1":"product","2":"type-product","3":"status-publish","4":"has-post-thumbnail","6":"product_cat-alle-industriele-camera","7":"product_cat-alle-producten","8":"product_cat-dji-matrice-350","9":"product_shipping_class-outofstock","10":"pa_brand-dji","11":"pa_producttype-gimbal","13":"first","14":"outofstock","15":"taxable","16":"shipping-taxable","17":"product-type-simple"},"acf":[],"yoast_head":"<!-- This site is optimized with the Yoast SEO Premium plugin v27.2 (Yoast SEO v27.2) - https:\/\/yoast.com\/product\/yoast-seo-premium-wordpress\/ -->\n<title>Zenmuse H30 Worry-Free Plus Combo - koningdrone.be<\/title>\n<meta name=\"robots\" content=\"index, follow, max-snippet:-1, max-image-preview:large, max-video-preview:-1\" \/>\n<link rel=\"canonical\" href=\"https:\/\/koningdrone.be\/es\/producto\/zenmuse-h30-worry-free-plus-combo\/\" \/>\n<meta property=\"og:locale\" content=\"es_ES\" \/>\n<meta property=\"og:type\" content=\"article\" \/>\n<meta property=\"og:title\" content=\"Zenmuse H30 Worry-Free Plus Combo\" \/>\n<meta property=\"og:description\" content=\"40MP-camera met 34\u00d7 optische en 400\u00d7 digitale zoommogelijkheden. 3000m maximale laserafstandsmeting, 2,5\u00d7 toename. Ondersteunt de nachtmodus voor prestaties bij weinig licht. Zoomcamera bevat IR-licht en NIR-verlichting. 1280\u00d71024 resolutie, 4\u00d7 verbetering. UHR-infraroodbeeldfunctie voor heldere beelden bij hogere zoom. Maximale meetbare temperatuur is 1600\u00b0 C (2192\u00b0 F). 30s maximale vooropname en gecodeerde mediatransmissie. Smart Capture voor gedetailleerde foto&#039;s bij dramatische verlichting. Elektronische ontwaseming verbetert de helderheid bij mistige omstandigheden. IP54 stof- en waterbestendigheid beoordeling. Operationeel bij temperaturen van -20\u00b0 tot 50\u00b0 C (-4\u00b0 tot 122\u00b0 F).\" \/>\n<meta property=\"og:url\" content=\"https:\/\/koningdrone.be\/es\/producto\/zenmuse-h30-worry-free-plus-combo\/\" \/>\n<meta property=\"og:site_name\" content=\"koningdrone.be\" \/>\n<meta property=\"article:modified_time\" content=\"2026-04-29T11:10:17+00:00\" \/>\n<meta property=\"og:image\" content=\"https:\/\/koningdrone.be\/wp-content\/uploads\/sites\/13\/2025\/04\/eea38b659e6dfae6964357c7de4ced9f@ultra.jpg\" \/>\n\t<meta property=\"og:image:width\" content=\"1280\" \/>\n\t<meta property=\"og:image:height\" content=\"1280\" \/>\n\t<meta property=\"og:image:type\" content=\"image\/jpeg\" \/>\n<meta name=\"twitter:card\" content=\"summary_large_image\" \/>\n<meta name=\"twitter:label1\" content=\"Tiempo de lectura\" \/>\n\t<meta name=\"twitter:data1\" content=\"1 minuto\" \/>\n<script type=\"application\/ld+json\" class=\"yoast-schema-graph\">{\"@context\":\"https:\/\/schema.org\",\"@graph\":[{\"@type\":\"WebPage\",\"@id\":\"https:\/\/koningdrone.be\/product\/zenmuse-h30-worry-free-plus-combo\/\",\"url\":\"https:\/\/koningdrone.be\/product\/zenmuse-h30-worry-free-plus-combo\/\",\"name\":\"Zenmuse H30 Worry-Free Plus Combo - koningdrone.be\",\"isPartOf\":{\"@id\":\"https:\/\/koningdrone.be\/#website\"},\"primaryImageOfPage\":{\"@id\":\"https:\/\/koningdrone.be\/product\/zenmuse-h30-worry-free-plus-combo\/#primaryimage\"},\"image\":{\"@id\":\"https:\/\/koningdrone.be\/product\/zenmuse-h30-worry-free-plus-combo\/#primaryimage\"},\"thumbnailUrl\":\"https:\/\/koningdrone.be\/wp-content\/uploads\/sites\/13\/2025\/04\/eea38b659e6dfae6964357c7de4ced9f@ultra.jpg\",\"datePublished\":\"2024-10-16T06:00:34+00:00\",\"dateModified\":\"2026-04-29T11:10:17+00:00\",\"breadcrumb\":{\"@id\":\"https:\/\/koningdrone.be\/product\/zenmuse-h30-worry-free-plus-combo\/#breadcrumb\"},\"inLanguage\":\"es\",\"potentialAction\":[{\"@type\":\"ReadAction\",\"target\":[\"https:\/\/koningdrone.be\/product\/zenmuse-h30-worry-free-plus-combo\/\"]}]},{\"@type\":\"ImageObject\",\"inLanguage\":\"es\",\"@id\":\"https:\/\/koningdrone.be\/product\/zenmuse-h30-worry-free-plus-combo\/#primaryimage\",\"url\":\"https:\/\/koningdrone.be\/wp-content\/uploads\/sites\/13\/2025\/04\/eea38b659e6dfae6964357c7de4ced9f@ultra.jpg\",\"contentUrl\":\"https:\/\/koningdrone.be\/wp-content\/uploads\/sites\/13\/2025\/04\/eea38b659e6dfae6964357c7de4ced9f@ultra.jpg\",\"width\":1280,\"height\":1280},{\"@type\":\"BreadcrumbList\",\"@id\":\"https:\/\/koningdrone.be\/product\/zenmuse-h30-worry-free-plus-combo\/#breadcrumb\",\"itemListElement\":[{\"@type\":\"ListItem\",\"position\":1,\"name\":\"Home\",\"item\":\"https:\/\/koningdrone.be\/\"},{\"@type\":\"ListItem\",\"position\":2,\"name\":\"AVSS Parachute Recovery System for DJI Matrice 300\/350\",\"item\":\"https:\/\/koningdrone.be\/product\/avss-parachute-recovery-system-for-dji-matrice-300-350\/\"},{\"@type\":\"ListItem\",\"position\":3,\"name\":\"Alle industriele camera\",\"item\":\"https:\/\/koningdrone.be\/categorie\/alle-industriele-camera\/\"},{\"@type\":\"ListItem\",\"position\":4,\"name\":\"Zenmuse H30 Worry-Free Plus Combo\"}]},{\"@type\":\"WebSite\",\"@id\":\"https:\/\/koningdrone.be\/#website\",\"url\":\"https:\/\/koningdrone.be\/\",\"name\":\"Koningdrone.be - Uw online specialist in drones, gimbals, camera's en power stations.\",\"description\":\"De webshop in drones en gimbals\",\"publisher\":{\"@id\":\"https:\/\/koningdrone.be\/#organization\"},\"potentialAction\":[{\"@type\":\"SearchAction\",\"target\":{\"@type\":\"EntryPoint\",\"urlTemplate\":\"https:\/\/koningdrone.be\/?s={search_term_string}\"},\"query-input\":{\"@type\":\"PropertyValueSpecification\",\"valueRequired\":true,\"valueName\":\"search_term_string\"}}],\"inLanguage\":\"es\"},{\"@type\":\"Organization\",\"@id\":\"https:\/\/koningdrone.be\/#organization\",\"name\":\"Koningdrone.be\",\"url\":\"https:\/\/koningdrone.be\/\",\"logo\":{\"@type\":\"ImageObject\",\"inLanguage\":\"es\",\"@id\":\"https:\/\/koningdrone.be\/#\/schema\/logo\/image\/\",\"url\":\"https:\/\/koningdrone.be\/wp-content\/uploads\/sites\/13\/2025\/04\/koningdrone-copyright-logo.svg\",\"contentUrl\":\"https:\/\/koningdrone.be\/wp-content\/uploads\/sites\/13\/2025\/04\/koningdrone-copyright-logo.svg\",\"width\":227,\"height\":38,\"caption\":\"Koningdrone.be\"},\"image\":{\"@id\":\"https:\/\/koningdrone.be\/#\/schema\/logo\/image\/\"}}]}<\/script>\n<!-- \/ Yoast SEO Premium plugin. -->","yoast_head_json":{"title":"Zenmuse H30 Worry-Free Plus Combo - koningdrone.be","robots":{"index":"index","follow":"follow","max-snippet":"max-snippet:-1","max-image-preview":"max-image-preview:large","max-video-preview":"max-video-preview:-1"},"canonical":"https:\/\/koningdrone.be\/es\/producto\/zenmuse-h30-worry-free-plus-combo\/","og_locale":"es_ES","og_type":"article","og_title":"Zenmuse H30 Worry-Free Plus Combo","og_description":"40MP-camera met 34\u00d7 optische en 400\u00d7 digitale zoommogelijkheden. 3000m maximale laserafstandsmeting, 2,5\u00d7 toename. Ondersteunt de nachtmodus voor prestaties bij weinig licht. Zoomcamera bevat IR-licht en NIR-verlichting. 1280\u00d71024 resolutie, 4\u00d7 verbetering. UHR-infraroodbeeldfunctie voor heldere beelden bij hogere zoom. Maximale meetbare temperatuur is 1600\u00b0 C (2192\u00b0 F). 30s maximale vooropname en gecodeerde mediatransmissie. Smart Capture voor gedetailleerde foto's bij dramatische verlichting. Elektronische ontwaseming verbetert de helderheid bij mistige omstandigheden. IP54 stof- en waterbestendigheid beoordeling. Operationeel bij temperaturen van -20\u00b0 tot 50\u00b0 C (-4\u00b0 tot 122\u00b0 F).","og_url":"https:\/\/koningdrone.be\/es\/producto\/zenmuse-h30-worry-free-plus-combo\/","og_site_name":"koningdrone.be","article_modified_time":"2026-04-29T11:10:17+00:00","og_image":[{"width":1280,"height":1280,"url":"https:\/\/koningdrone.be\/wp-content\/uploads\/sites\/13\/2025\/04\/eea38b659e6dfae6964357c7de4ced9f@ultra.jpg","type":"image\/jpeg"}],"twitter_card":"summary_large_image","twitter_misc":{"Tiempo de lectura":"1 minuto"},"schema":{"@context":"https:\/\/schema.org","@graph":[{"@type":"WebPage","@id":"https:\/\/koningdrone.be\/product\/zenmuse-h30-worry-free-plus-combo\/","url":"https:\/\/koningdrone.be\/product\/zenmuse-h30-worry-free-plus-combo\/","name":"Zenmuse H30 Worry-Free Plus Combo - koningdrone.be","isPartOf":{"@id":"https:\/\/koningdrone.be\/#website"},"primaryImageOfPage":{"@id":"https:\/\/koningdrone.be\/product\/zenmuse-h30-worry-free-plus-combo\/#primaryimage"},"image":{"@id":"https:\/\/koningdrone.be\/product\/zenmuse-h30-worry-free-plus-combo\/#primaryimage"},"thumbnailUrl":"https:\/\/koningdrone.be\/wp-content\/uploads\/sites\/13\/2025\/04\/eea38b659e6dfae6964357c7de4ced9f@ultra.jpg","datePublished":"2024-10-16T06:00:34+00:00","dateModified":"2026-04-29T11:10:17+00:00","breadcrumb":{"@id":"https:\/\/koningdrone.be\/product\/zenmuse-h30-worry-free-plus-combo\/#breadcrumb"},"inLanguage":"es","potentialAction":[{"@type":"ReadAction","target":["https:\/\/koningdrone.be\/product\/zenmuse-h30-worry-free-plus-combo\/"]}]},{"@type":"ImageObject","inLanguage":"es","@id":"https:\/\/koningdrone.be\/product\/zenmuse-h30-worry-free-plus-combo\/#primaryimage","url":"https:\/\/koningdrone.be\/wp-content\/uploads\/sites\/13\/2025\/04\/eea38b659e6dfae6964357c7de4ced9f@ultra.jpg","contentUrl":"https:\/\/koningdrone.be\/wp-content\/uploads\/sites\/13\/2025\/04\/eea38b659e6dfae6964357c7de4ced9f@ultra.jpg","width":1280,"height":1280},{"@type":"BreadcrumbList","@id":"https:\/\/koningdrone.be\/product\/zenmuse-h30-worry-free-plus-combo\/#breadcrumb","itemListElement":[{"@type":"ListItem","position":1,"name":"Home","item":"https:\/\/koningdrone.be\/"},{"@type":"ListItem","position":2,"name":"AVSS Parachute Recovery System for DJI Matrice 300\/350","item":"https:\/\/koningdrone.be\/product\/avss-parachute-recovery-system-for-dji-matrice-300-350\/"},{"@type":"ListItem","position":3,"name":"Alle industriele camera","item":"https:\/\/koningdrone.be\/categorie\/alle-industriele-camera\/"},{"@type":"ListItem","position":4,"name":"Zenmuse H30 Worry-Free Plus Combo"}]},{"@type":"WebSite","@id":"https:\/\/koningdrone.be\/#website","url":"https:\/\/koningdrone.be\/","name":"Koningdrone.be - Su especialista en l\u00ednea en drones, cardanes, c\u00e1maras y centrales el\u00e9ctricas.","description":"La tienda virtual de drones y cardanes","publisher":{"@id":"https:\/\/koningdrone.be\/#organization"},"potentialAction":[{"@type":"SearchAction","target":{"@type":"EntryPoint","urlTemplate":"https:\/\/koningdrone.be\/?s={search_term_string}"},"query-input":{"@type":"PropertyValueSpecification","valueRequired":true,"valueName":"search_term_string"}}],"inLanguage":"es"},{"@type":"Organization","@id":"https:\/\/koningdrone.be\/#organization","name":"Kingdrone.es","url":"https:\/\/koningdrone.be\/","logo":{"@type":"ImageObject","inLanguage":"es","@id":"https:\/\/koningdrone.be\/#\/schema\/logo\/image\/","url":"https:\/\/koningdrone.be\/wp-content\/uploads\/sites\/13\/2025\/04\/koningdrone-copyright-logo.svg","contentUrl":"https:\/\/koningdrone.be\/wp-content\/uploads\/sites\/13\/2025\/04\/koningdrone-copyright-logo.svg","width":227,"height":38,"caption":"Koningdrone.be"},"image":{"@id":"https:\/\/koningdrone.be\/#\/schema\/logo\/image\/"}}]}},"df_price":"","df_sale_price":"","df_regular_price":"","df_image_link":"https:\/\/koningdrone.be\/wp-content\/uploads\/sites\/13\/2025\/04\/eea38b659e6dfae6964357c7de4ced9f@ultra-300x300.jpg","_links":{"self":[{"href":"https:\/\/koningdrone.be\/es\/wp-json\/wp\/v2\/product\/2045","targetHints":{"allow":["GET"]}}],"collection":[{"href":"https:\/\/koningdrone.be\/es\/wp-json\/wp\/v2\/product"}],"about":[{"href":"https:\/\/koningdrone.be\/es\/wp-json\/wp\/v2\/types\/product"}],"wp:featuredmedia":[{"embeddable":true,"href":"https:\/\/koningdrone.be\/es\/wp-json\/wp\/v2\/media\/2043"}],"wp:attachment":[{"href":"https:\/\/koningdrone.be\/es\/wp-json\/wp\/v2\/media?parent=2045"}],"wp:term":[{"taxonomy":"product_brand","embeddable":true,"href":"https:\/\/koningdrone.be\/es\/wp-json\/wp\/v2\/product_brand?post=2045"},{"taxonomy":"product_cat","embeddable":true,"href":"https:\/\/koningdrone.be\/es\/wp-json\/wp\/v2\/product_cat?post=2045"},{"taxonomy":"product_tag","embeddable":true,"href":"https:\/\/koningdrone.be\/es\/wp-json\/wp\/v2\/product_tag?post=2045"}],"curies":[{"name":"wp","href":"https:\/\/api.w.org\/{rel}","templated":true}]}}