{"id":2042,"date":"2024-10-16T08:00:34","date_gmt":"2024-10-16T06:00:34","guid":{"rendered":"https:\/\/koningdrone.nl\/kon\/product\/zenmuse-h30-worry-free-basic-combo\/"},"modified":"2026-04-29T13:10:15","modified_gmt":"2026-04-29T11:10:15","slug":"zenmuse-h30-worry-free-basic-combo","status":"publish","type":"product","link":"https:\/\/koningdrone.be\/es\/producto\/zenmuse-h30-worry-free-basic-combo\/","title":{"rendered":"Zenmuse H30 Worry-Free Basic Combo"},"content":{"rendered":"<p><strong>C\u00e1mara con zoom de 40 MP y mayor aumento:<\/strong><\/p>\n<p>Ofrece un zoom \u00f3ptico de hasta 34\u00d7 y digital de 400\u00d7 para obtener tomas detalladas desde lejos. Un tel\u00e9metro l\u00e1ser mide hasta 3.000 metros, 2,5 veces m\u00e1s potente que los modelos anteriores.<\/p>\n<p><strong>Fotograf\u00eda nocturna mejorada:<\/strong><\/p>\n<p>Ambas c\u00e1maras disponen de un modo nocturno, con iluminaci\u00f3n IR y NIR para mejorar las tomas con poca luz.<\/p>\n<p><strong>Im\u00e1genes de alta resoluci\u00f3n:<\/strong><\/p>\n<p>Una resoluci\u00f3n de 1280\u00d71024 ofrece una luminosidad cu\u00e1druple. La funci\u00f3n de imagen infrarroja UHR mantiene la nitidez con un zoom alto. Temperatura medible de hasta 1600\u00b0 C.<\/p>\n<p><strong>Grabaci\u00f3n avanzada y seguridad:<\/strong><\/p>\n<p>Tiempo m\u00e1ximo de pregrabaci\u00f3n de 30 segundos, encriptaci\u00f3n de medios e intercambio de registros con un solo clic. Visualiza las grabaciones en directo a trav\u00e9s de DJI FlightHub 2.<\/p>\n<p><strong>Captura inteligente y reducci\u00f3n electr\u00f3nica de la niebla:<\/strong><\/p>\n<p>La funci\u00f3n Captura Inteligente proporciona fotos n\u00edtidas en condiciones de luz dif\u00edciles. El desdibujado electr\u00f3nico mejora la nitidez en condiciones de niebla.<\/p>\n<p><strong>Durabilidad y resistencia a la intemperie:<\/strong><\/p>\n<p>Resistencia al polvo y al agua IP54, operativa entre -20\u00b0 y 50\u00b0 C, ideal para todo tipo de condiciones meteorol\u00f3gicas.<\/p>","protected":false},"excerpt":{"rendered":"<ul>\n<li>C\u00e1mara con zoom de 40 MP con zoom \u00f3ptico de hasta 34\u00d7 y zoom digital de 400\u00d7.<\/li>\n<li>Medici\u00f3n l\u00e1ser de distancia m\u00e1xima de 3000 m, 2,5 veces el modelo anterior.<\/li>\n<li>Rendimiento mejorado con poca luz gracias al modo nocturno y a la compatibilidad con luz infrarroja.<\/li>\n<li>Resoluci\u00f3n de 1280\u00d71024, una mejora de 4x con respecto a las versiones anteriores.<\/li>\n<li>Funci\u00f3n de imagen infrarroja UHR para obtener im\u00e1genes m\u00e1s brillantes con un gran zoom.<\/li>\n<li>Temperatura m\u00e1xima de medici\u00f3n de 1600\u00b0 C, tres veces superior a la anterior.<\/li>\n<li>Pregrabaci\u00f3n m\u00e1xima de 30 segundos y transmisi\u00f3n de medios encriptada.<\/li>\n<li>Admite Captura Inteligente para obtener fotos detalladas en condiciones de iluminaci\u00f3n dif\u00edciles.<\/li>\n<li>El desempa\u00f1ador electr\u00f3nico mejora la nitidez de la imagen con mal tiempo.<\/li>\n<li>IP54 resistente al polvo y al agua, operativo de -20\u00b0 a 50\u00b0 C.<\/li>\n<\/ul>","protected":false},"featured_media":2040,"template":"","meta":{"_acf_changed":false},"product_brand":[],"product_cat":[298,97,153],"product_tag":[],"class_list":{"0":"post-2042","1":"product","2":"type-product","3":"status-publish","4":"has-post-thumbnail","6":"product_cat-alle-industriele-camera","7":"product_cat-alle-producten","8":"product_cat-dji-matrice-350","9":"product_shipping_class-outofstock","10":"pa_brand-dji","11":"pa_producttype-gimbal","13":"first","14":"outofstock","15":"taxable","16":"shipping-taxable","17":"product-type-simple"},"acf":[],"yoast_head":"<!-- This site is optimized with the Yoast SEO Premium plugin v27.2 (Yoast SEO v27.2) - https:\/\/yoast.com\/product\/yoast-seo-premium-wordpress\/ -->\n<title>Zenmuse H30 Worry-Free Basic Combo - koningdrone.be<\/title>\n<meta name=\"robots\" content=\"index, follow, max-snippet:-1, max-image-preview:large, max-video-preview:-1\" \/>\n<link rel=\"canonical\" href=\"https:\/\/koningdrone.be\/es\/producto\/zenmuse-h30-worry-free-basic-combo\/\" \/>\n<meta property=\"og:locale\" content=\"es_ES\" \/>\n<meta property=\"og:type\" content=\"article\" \/>\n<meta property=\"og:title\" content=\"Zenmuse H30 Worry-Free Basic Combo\" \/>\n<meta property=\"og:description\" content=\"40MP zoomcamera met tot 34\u00d7 optische zoom en 400\u00d7 digitale zoom. Maximale laserafstandsmeting van 3000 m, 2,5 keer het vorige model. Verbeterde prestaties bij weinig licht met de nachtmodus en IR-lichtondersteuning. 1280\u00d71024 resolutie, een verbetering van 4x ten opzichte van vorige versies. UHR-infraroodbeeldfunctie voor helderdere beelden met hoge zoom. Maximale meettemperatuur van 1600\u00b0 C, drie keer hoger dan voorheen. Maximale vooropname van 30 seconden en gecodeerde mediatransmissie. Ondersteunt Smart Capture voor gedetailleerde foto&#039;s bij uitdagende verlichting. Elektronische ontwaseming verbetert de helderheid van het beeld bij slecht weer. IP54 stof- en waterbestendig, operationeel van -20\u00b0 tot 50\u00b0 C.\" \/>\n<meta property=\"og:url\" content=\"https:\/\/koningdrone.be\/es\/producto\/zenmuse-h30-worry-free-basic-combo\/\" \/>\n<meta property=\"og:site_name\" content=\"koningdrone.be\" \/>\n<meta property=\"article:modified_time\" content=\"2026-04-29T11:10:15+00:00\" \/>\n<meta property=\"og:image\" content=\"https:\/\/koningdrone.be\/wp-content\/uploads\/sites\/13\/2025\/04\/be75f1ba17d5697dcc3201e72b4857ea@ultra.jpg\" \/>\n\t<meta property=\"og:image:width\" content=\"1280\" \/>\n\t<meta property=\"og:image:height\" content=\"1280\" \/>\n\t<meta property=\"og:image:type\" content=\"image\/jpeg\" \/>\n<meta name=\"twitter:card\" content=\"summary_large_image\" \/>\n<meta name=\"twitter:label1\" content=\"Tiempo de lectura\" \/>\n\t<meta name=\"twitter:data1\" content=\"1 minuto\" \/>\n<script type=\"application\/ld+json\" class=\"yoast-schema-graph\">{\"@context\":\"https:\/\/schema.org\",\"@graph\":[{\"@type\":\"WebPage\",\"@id\":\"https:\/\/koningdrone.be\/product\/zenmuse-h30-worry-free-basic-combo\/\",\"url\":\"https:\/\/koningdrone.be\/product\/zenmuse-h30-worry-free-basic-combo\/\",\"name\":\"Zenmuse H30 Worry-Free Basic Combo - koningdrone.be\",\"isPartOf\":{\"@id\":\"https:\/\/koningdrone.be\/#website\"},\"primaryImageOfPage\":{\"@id\":\"https:\/\/koningdrone.be\/product\/zenmuse-h30-worry-free-basic-combo\/#primaryimage\"},\"image\":{\"@id\":\"https:\/\/koningdrone.be\/product\/zenmuse-h30-worry-free-basic-combo\/#primaryimage\"},\"thumbnailUrl\":\"https:\/\/koningdrone.be\/wp-content\/uploads\/sites\/13\/2025\/04\/be75f1ba17d5697dcc3201e72b4857ea@ultra.jpg\",\"datePublished\":\"2024-10-16T06:00:34+00:00\",\"dateModified\":\"2026-04-29T11:10:15+00:00\",\"breadcrumb\":{\"@id\":\"https:\/\/koningdrone.be\/product\/zenmuse-h30-worry-free-basic-combo\/#breadcrumb\"},\"inLanguage\":\"es\",\"potentialAction\":[{\"@type\":\"ReadAction\",\"target\":[\"https:\/\/koningdrone.be\/product\/zenmuse-h30-worry-free-basic-combo\/\"]}]},{\"@type\":\"ImageObject\",\"inLanguage\":\"es\",\"@id\":\"https:\/\/koningdrone.be\/product\/zenmuse-h30-worry-free-basic-combo\/#primaryimage\",\"url\":\"https:\/\/koningdrone.be\/wp-content\/uploads\/sites\/13\/2025\/04\/be75f1ba17d5697dcc3201e72b4857ea@ultra.jpg\",\"contentUrl\":\"https:\/\/koningdrone.be\/wp-content\/uploads\/sites\/13\/2025\/04\/be75f1ba17d5697dcc3201e72b4857ea@ultra.jpg\",\"width\":1280,\"height\":1280},{\"@type\":\"BreadcrumbList\",\"@id\":\"https:\/\/koningdrone.be\/product\/zenmuse-h30-worry-free-basic-combo\/#breadcrumb\",\"itemListElement\":[{\"@type\":\"ListItem\",\"position\":1,\"name\":\"Home\",\"item\":\"https:\/\/koningdrone.be\/\"},{\"@type\":\"ListItem\",\"position\":2,\"name\":\"AVSS Parachute Recovery System for DJI Matrice 300\/350\",\"item\":\"https:\/\/koningdrone.be\/product\/avss-parachute-recovery-system-for-dji-matrice-300-350\/\"},{\"@type\":\"ListItem\",\"position\":3,\"name\":\"Alle industriele camera\",\"item\":\"https:\/\/koningdrone.be\/categorie\/alle-industriele-camera\/\"},{\"@type\":\"ListItem\",\"position\":4,\"name\":\"Zenmuse H30 Worry-Free Basic Combo\"}]},{\"@type\":\"WebSite\",\"@id\":\"https:\/\/koningdrone.be\/#website\",\"url\":\"https:\/\/koningdrone.be\/\",\"name\":\"Koningdrone.be - Uw online specialist in drones, gimbals, camera's en power stations.\",\"description\":\"De webshop in drones en gimbals\",\"publisher\":{\"@id\":\"https:\/\/koningdrone.be\/#organization\"},\"potentialAction\":[{\"@type\":\"SearchAction\",\"target\":{\"@type\":\"EntryPoint\",\"urlTemplate\":\"https:\/\/koningdrone.be\/?s={search_term_string}\"},\"query-input\":{\"@type\":\"PropertyValueSpecification\",\"valueRequired\":true,\"valueName\":\"search_term_string\"}}],\"inLanguage\":\"es\"},{\"@type\":\"Organization\",\"@id\":\"https:\/\/koningdrone.be\/#organization\",\"name\":\"Koningdrone.be\",\"url\":\"https:\/\/koningdrone.be\/\",\"logo\":{\"@type\":\"ImageObject\",\"inLanguage\":\"es\",\"@id\":\"https:\/\/koningdrone.be\/#\/schema\/logo\/image\/\",\"url\":\"https:\/\/koningdrone.be\/wp-content\/uploads\/sites\/13\/2025\/04\/koningdrone-copyright-logo.svg\",\"contentUrl\":\"https:\/\/koningdrone.be\/wp-content\/uploads\/sites\/13\/2025\/04\/koningdrone-copyright-logo.svg\",\"width\":227,\"height\":38,\"caption\":\"Koningdrone.be\"},\"image\":{\"@id\":\"https:\/\/koningdrone.be\/#\/schema\/logo\/image\/\"}}]}<\/script>\n<!-- \/ Yoast SEO Premium plugin. -->","yoast_head_json":{"title":"Zenmuse H30 Worry-Free Basic Combo - koningdrone.be","robots":{"index":"index","follow":"follow","max-snippet":"max-snippet:-1","max-image-preview":"max-image-preview:large","max-video-preview":"max-video-preview:-1"},"canonical":"https:\/\/koningdrone.be\/es\/producto\/zenmuse-h30-worry-free-basic-combo\/","og_locale":"es_ES","og_type":"article","og_title":"Zenmuse H30 Worry-Free Basic Combo","og_description":"40MP zoomcamera met tot 34\u00d7 optische zoom en 400\u00d7 digitale zoom. Maximale laserafstandsmeting van 3000 m, 2,5 keer het vorige model. Verbeterde prestaties bij weinig licht met de nachtmodus en IR-lichtondersteuning. 1280\u00d71024 resolutie, een verbetering van 4x ten opzichte van vorige versies. UHR-infraroodbeeldfunctie voor helderdere beelden met hoge zoom. Maximale meettemperatuur van 1600\u00b0 C, drie keer hoger dan voorheen. Maximale vooropname van 30 seconden en gecodeerde mediatransmissie. Ondersteunt Smart Capture voor gedetailleerde foto's bij uitdagende verlichting. Elektronische ontwaseming verbetert de helderheid van het beeld bij slecht weer. IP54 stof- en waterbestendig, operationeel van -20\u00b0 tot 50\u00b0 C.","og_url":"https:\/\/koningdrone.be\/es\/producto\/zenmuse-h30-worry-free-basic-combo\/","og_site_name":"koningdrone.be","article_modified_time":"2026-04-29T11:10:15+00:00","og_image":[{"width":1280,"height":1280,"url":"https:\/\/koningdrone.be\/wp-content\/uploads\/sites\/13\/2025\/04\/be75f1ba17d5697dcc3201e72b4857ea@ultra.jpg","type":"image\/jpeg"}],"twitter_card":"summary_large_image","twitter_misc":{"Tiempo de lectura":"1 minuto"},"schema":{"@context":"https:\/\/schema.org","@graph":[{"@type":"WebPage","@id":"https:\/\/koningdrone.be\/product\/zenmuse-h30-worry-free-basic-combo\/","url":"https:\/\/koningdrone.be\/product\/zenmuse-h30-worry-free-basic-combo\/","name":"Zenmuse H30 Worry-Free Basic Combo - koningdrone.be","isPartOf":{"@id":"https:\/\/koningdrone.be\/#website"},"primaryImageOfPage":{"@id":"https:\/\/koningdrone.be\/product\/zenmuse-h30-worry-free-basic-combo\/#primaryimage"},"image":{"@id":"https:\/\/koningdrone.be\/product\/zenmuse-h30-worry-free-basic-combo\/#primaryimage"},"thumbnailUrl":"https:\/\/koningdrone.be\/wp-content\/uploads\/sites\/13\/2025\/04\/be75f1ba17d5697dcc3201e72b4857ea@ultra.jpg","datePublished":"2024-10-16T06:00:34+00:00","dateModified":"2026-04-29T11:10:15+00:00","breadcrumb":{"@id":"https:\/\/koningdrone.be\/product\/zenmuse-h30-worry-free-basic-combo\/#breadcrumb"},"inLanguage":"es","potentialAction":[{"@type":"ReadAction","target":["https:\/\/koningdrone.be\/product\/zenmuse-h30-worry-free-basic-combo\/"]}]},{"@type":"ImageObject","inLanguage":"es","@id":"https:\/\/koningdrone.be\/product\/zenmuse-h30-worry-free-basic-combo\/#primaryimage","url":"https:\/\/koningdrone.be\/wp-content\/uploads\/sites\/13\/2025\/04\/be75f1ba17d5697dcc3201e72b4857ea@ultra.jpg","contentUrl":"https:\/\/koningdrone.be\/wp-content\/uploads\/sites\/13\/2025\/04\/be75f1ba17d5697dcc3201e72b4857ea@ultra.jpg","width":1280,"height":1280},{"@type":"BreadcrumbList","@id":"https:\/\/koningdrone.be\/product\/zenmuse-h30-worry-free-basic-combo\/#breadcrumb","itemListElement":[{"@type":"ListItem","position":1,"name":"Home","item":"https:\/\/koningdrone.be\/"},{"@type":"ListItem","position":2,"name":"AVSS Parachute Recovery System for DJI Matrice 300\/350","item":"https:\/\/koningdrone.be\/product\/avss-parachute-recovery-system-for-dji-matrice-300-350\/"},{"@type":"ListItem","position":3,"name":"Alle industriele camera","item":"https:\/\/koningdrone.be\/categorie\/alle-industriele-camera\/"},{"@type":"ListItem","position":4,"name":"Zenmuse H30 Worry-Free Basic Combo"}]},{"@type":"WebSite","@id":"https:\/\/koningdrone.be\/#website","url":"https:\/\/koningdrone.be\/","name":"Koningdrone.be - Su especialista en l\u00ednea en drones, cardanes, c\u00e1maras y centrales el\u00e9ctricas.","description":"La tienda virtual de drones y cardanes","publisher":{"@id":"https:\/\/koningdrone.be\/#organization"},"potentialAction":[{"@type":"SearchAction","target":{"@type":"EntryPoint","urlTemplate":"https:\/\/koningdrone.be\/?s={search_term_string}"},"query-input":{"@type":"PropertyValueSpecification","valueRequired":true,"valueName":"search_term_string"}}],"inLanguage":"es"},{"@type":"Organization","@id":"https:\/\/koningdrone.be\/#organization","name":"Kingdrone.es","url":"https:\/\/koningdrone.be\/","logo":{"@type":"ImageObject","inLanguage":"es","@id":"https:\/\/koningdrone.be\/#\/schema\/logo\/image\/","url":"https:\/\/koningdrone.be\/wp-content\/uploads\/sites\/13\/2025\/04\/koningdrone-copyright-logo.svg","contentUrl":"https:\/\/koningdrone.be\/wp-content\/uploads\/sites\/13\/2025\/04\/koningdrone-copyright-logo.svg","width":227,"height":38,"caption":"Koningdrone.be"},"image":{"@id":"https:\/\/koningdrone.be\/#\/schema\/logo\/image\/"}}]}},"df_price":"","df_sale_price":"","df_regular_price":"","df_image_link":"https:\/\/koningdrone.be\/wp-content\/uploads\/sites\/13\/2025\/04\/be75f1ba17d5697dcc3201e72b4857ea@ultra-300x300.jpg","_links":{"self":[{"href":"https:\/\/koningdrone.be\/es\/wp-json\/wp\/v2\/product\/2042","targetHints":{"allow":["GET"]}}],"collection":[{"href":"https:\/\/koningdrone.be\/es\/wp-json\/wp\/v2\/product"}],"about":[{"href":"https:\/\/koningdrone.be\/es\/wp-json\/wp\/v2\/types\/product"}],"wp:featuredmedia":[{"embeddable":true,"href":"https:\/\/koningdrone.be\/es\/wp-json\/wp\/v2\/media\/2040"}],"wp:attachment":[{"href":"https:\/\/koningdrone.be\/es\/wp-json\/wp\/v2\/media?parent=2042"}],"wp:term":[{"taxonomy":"product_brand","embeddable":true,"href":"https:\/\/koningdrone.be\/es\/wp-json\/wp\/v2\/product_brand?post=2042"},{"taxonomy":"product_cat","embeddable":true,"href":"https:\/\/koningdrone.be\/es\/wp-json\/wp\/v2\/product_cat?post=2042"},{"taxonomy":"product_tag","embeddable":true,"href":"https:\/\/koningdrone.be\/es\/wp-json\/wp\/v2\/product_tag?post=2042"}],"curies":[{"name":"wp","href":"https:\/\/api.w.org\/{rel}","templated":true}]}}