{"id":1993,"date":"2024-11-05T10:22:17","date_gmt":"2024-11-05T09:22:17","guid":{"rendered":"https:\/\/koningdrone.nl\/kon\/product\/dji-neo-fly-more-combo\/"},"modified":"2026-04-29T03:30:16","modified_gmt":"2026-04-29T01:30:16","slug":"dji-neo-fly-more-combo","status":"publish","type":"product","link":"https:\/\/koningdrone.be\/es\/producto\/dji-neo-fly-more-combo\/","title":{"rendered":"Combo DJI Neo Fly More"},"content":{"rendered":"<p>El DJI Neo Fly More Combo es un paquete todo en uno dise\u00f1ado para los entusiastas de los drones que buscan experiencias de vuelo mejoradas. Este completo paquete incluye el dron DJI Neo junto con accesorios esenciales como bater\u00edas de vuelo inteligentes adicionales, h\u00e9lices de repuesto, un concentrador de carga y mucho m\u00e1s. Con el Fly More Combo, los usuarios pueden disfrutar de tiempos de vuelo m\u00e1s largos, mayor comodidad y una configuraci\u00f3n completa para capturar impresionantes tomas a\u00e9reas sin interrupciones. Perfecto tanto para usuarios ocasionales como para profesionales, este combo le garantiza tener todo lo que necesita para sus aventuras en el cielo.<\/p>","protected":false},"excerpt":{"rendered":"<ul>\n<li>Flotaci\u00f3n estable con infrarrojos y un sistema de posicionamiento de visi\u00f3n monocular.<\/li>\n<li>Compatible con DJI Goggles para una experiencia FPV.<\/li>\n<li>Captura im\u00e1genes fijas de 12 MP.<\/li>\n<li>22 GB de almacenamiento interno para hasta 40 minutos de v\u00eddeo 4K30 o 55 minutos de v\u00eddeo 1080p60.<\/li>\n<li>Hasta 18 minutos de vuelo.<\/li>\n<li>Carga mediante cable y adaptador USB-C opcionales.<\/li>\n<\/ul>","protected":false},"featured_media":1985,"template":"","meta":{"_acf_changed":false},"product_brand":[],"product_cat":[318,135,97,136,202,177],"product_tag":[],"class_list":{"0":"post-1993","1":"product","2":"type-product","3":"status-publish","4":"has-post-thumbnail","6":"product_cat-alle-consumer-drones","7":"product_cat-alle-drones","8":"product_cat-alle-producten","9":"product_cat-consumer-drones","10":"product_cat-dji-neo","11":"product_cat-drones-zonder-certificaat","12":"product_shipping_class-uavspacesall","13":"pa_brand-dji","14":"pa_productfamily-rc","15":"pa_producttype-drone","16":"pa_series-neo","18":"first","19":"instock","20":"taxable","21":"shipping-taxable","22":"purchasable","23":"product-type-simple"},"acf":[],"yoast_head":"<!-- This site is optimized with the Yoast SEO Premium plugin v27.2 (Yoast SEO v27.2) - https:\/\/yoast.com\/product\/yoast-seo-premium-wordpress\/ -->\n<title>DJI Neo Fly More Combo - koningdrone.be<\/title>\n<meta name=\"robots\" content=\"index, follow, max-snippet:-1, max-image-preview:large, max-video-preview:-1\" \/>\n<link rel=\"canonical\" href=\"https:\/\/koningdrone.be\/es\/producto\/dji-neo-fly-more-combo\/\" \/>\n<meta property=\"og:locale\" content=\"es_ES\" \/>\n<meta property=\"og:type\" content=\"article\" \/>\n<meta property=\"og:title\" content=\"DJI Neo Fly More Combo\" \/>\n<meta property=\"og:description\" content=\"Steady hovering met infrarood en een monoculair vision positioneringssysteem.Ondersteunt DJI Goggles voor een FPV-ervaring.Legt 12MP stilstaande beelden vast.22 GB interne opslag voor maximaal 40 minuten 4K30 of 55 minuten 1080p60 video.Tot 18 minuten vliegtijd.Opladen via een optionele USB-C kabel en adapter.\" \/>\n<meta property=\"og:url\" content=\"https:\/\/koningdrone.be\/es\/producto\/dji-neo-fly-more-combo\/\" \/>\n<meta property=\"og:site_name\" content=\"koningdrone.be\" \/>\n<meta property=\"article:modified_time\" content=\"2026-04-29T01:30:16+00:00\" \/>\n<meta property=\"og:image\" content=\"https:\/\/koningdrone.be\/wp-content\/uploads\/sites\/13\/2025\/04\/PRODUCT-THUMB-NEOC-01-v1.jpg\" \/>\n\t<meta property=\"og:image:width\" content=\"800\" \/>\n\t<meta property=\"og:image:height\" content=\"600\" \/>\n\t<meta property=\"og:image:type\" content=\"image\/jpeg\" \/>\n<meta name=\"twitter:card\" content=\"summary_large_image\" \/>\n<script type=\"application\/ld+json\" class=\"yoast-schema-graph\">{\"@context\":\"https:\/\/schema.org\",\"@graph\":[{\"@type\":\"WebPage\",\"@id\":\"https:\/\/koningdrone.be\/product\/dji-neo-fly-more-combo\/\",\"url\":\"https:\/\/koningdrone.be\/product\/dji-neo-fly-more-combo\/\",\"name\":\"DJI Neo Fly More Combo - koningdrone.be\",\"isPartOf\":{\"@id\":\"https:\/\/koningdrone.be\/#website\"},\"primaryImageOfPage\":{\"@id\":\"https:\/\/koningdrone.be\/product\/dji-neo-fly-more-combo\/#primaryimage\"},\"image\":{\"@id\":\"https:\/\/koningdrone.be\/product\/dji-neo-fly-more-combo\/#primaryimage\"},\"thumbnailUrl\":\"https:\/\/koningdrone.be\/wp-content\/uploads\/sites\/13\/2025\/04\/PRODUCT-THUMB-NEOC-01-v1.jpg\",\"datePublished\":\"2024-11-05T09:22:17+00:00\",\"dateModified\":\"2026-04-29T01:30:16+00:00\",\"breadcrumb\":{\"@id\":\"https:\/\/koningdrone.be\/product\/dji-neo-fly-more-combo\/#breadcrumb\"},\"inLanguage\":\"es\",\"potentialAction\":[{\"@type\":\"ReadAction\",\"target\":[\"https:\/\/koningdrone.be\/product\/dji-neo-fly-more-combo\/\"]}]},{\"@type\":\"ImageObject\",\"inLanguage\":\"es\",\"@id\":\"https:\/\/koningdrone.be\/product\/dji-neo-fly-more-combo\/#primaryimage\",\"url\":\"https:\/\/koningdrone.be\/wp-content\/uploads\/sites\/13\/2025\/04\/PRODUCT-THUMB-NEOC-01-v1.jpg\",\"contentUrl\":\"https:\/\/koningdrone.be\/wp-content\/uploads\/sites\/13\/2025\/04\/PRODUCT-THUMB-NEOC-01-v1.jpg\",\"width\":800,\"height\":600},{\"@type\":\"BreadcrumbList\",\"@id\":\"https:\/\/koningdrone.be\/product\/dji-neo-fly-more-combo\/#breadcrumb\",\"itemListElement\":[{\"@type\":\"ListItem\",\"position\":1,\"name\":\"Home\",\"item\":\"https:\/\/koningdrone.be\/\"},{\"@type\":\"ListItem\",\"position\":2,\"name\":\"AVSS Parachute Recovery System for DJI Matrice 300\/350\",\"item\":\"https:\/\/koningdrone.be\/product\/avss-parachute-recovery-system-for-dji-matrice-300-350\/\"},{\"@type\":\"ListItem\",\"position\":3,\"name\":\"Alle consumer drones\",\"item\":\"https:\/\/koningdrone.be\/categorie\/alle-consumer-drones\/\"},{\"@type\":\"ListItem\",\"position\":4,\"name\":\"DJI Neo Fly More Combo\"}]},{\"@type\":\"WebSite\",\"@id\":\"https:\/\/koningdrone.be\/#website\",\"url\":\"https:\/\/koningdrone.be\/\",\"name\":\"Koningdrone.be - Uw online specialist in drones, gimbals, camera's en power stations.\",\"description\":\"De webshop in drones en gimbals\",\"publisher\":{\"@id\":\"https:\/\/koningdrone.be\/#organization\"},\"potentialAction\":[{\"@type\":\"SearchAction\",\"target\":{\"@type\":\"EntryPoint\",\"urlTemplate\":\"https:\/\/koningdrone.be\/?s={search_term_string}\"},\"query-input\":{\"@type\":\"PropertyValueSpecification\",\"valueRequired\":true,\"valueName\":\"search_term_string\"}}],\"inLanguage\":\"es\"},{\"@type\":\"Organization\",\"@id\":\"https:\/\/koningdrone.be\/#organization\",\"name\":\"Koningdrone.be\",\"url\":\"https:\/\/koningdrone.be\/\",\"logo\":{\"@type\":\"ImageObject\",\"inLanguage\":\"es\",\"@id\":\"https:\/\/koningdrone.be\/#\/schema\/logo\/image\/\",\"url\":\"https:\/\/koningdrone.be\/wp-content\/uploads\/sites\/13\/2025\/04\/koningdrone-copyright-logo.svg\",\"contentUrl\":\"https:\/\/koningdrone.be\/wp-content\/uploads\/sites\/13\/2025\/04\/koningdrone-copyright-logo.svg\",\"width\":227,\"height\":38,\"caption\":\"Koningdrone.be\"},\"image\":{\"@id\":\"https:\/\/koningdrone.be\/#\/schema\/logo\/image\/\"}}]}<\/script>\n<!-- \/ Yoast SEO Premium plugin. -->","yoast_head_json":{"title":"DJI Neo Fly More Combo - koningdrone.be","robots":{"index":"index","follow":"follow","max-snippet":"max-snippet:-1","max-image-preview":"max-image-preview:large","max-video-preview":"max-video-preview:-1"},"canonical":"https:\/\/koningdrone.be\/es\/producto\/dji-neo-fly-more-combo\/","og_locale":"es_ES","og_type":"article","og_title":"DJI Neo Fly More Combo","og_description":"Steady hovering met infrarood en een monoculair vision positioneringssysteem.Ondersteunt DJI Goggles voor een FPV-ervaring.Legt 12MP stilstaande beelden vast.22 GB interne opslag voor maximaal 40 minuten 4K30 of 55 minuten 1080p60 video.Tot 18 minuten vliegtijd.Opladen via een optionele USB-C kabel en adapter.","og_url":"https:\/\/koningdrone.be\/es\/producto\/dji-neo-fly-more-combo\/","og_site_name":"koningdrone.be","article_modified_time":"2026-04-29T01:30:16+00:00","og_image":[{"width":800,"height":600,"url":"https:\/\/koningdrone.be\/wp-content\/uploads\/sites\/13\/2025\/04\/PRODUCT-THUMB-NEOC-01-v1.jpg","type":"image\/jpeg"}],"twitter_card":"summary_large_image","schema":{"@context":"https:\/\/schema.org","@graph":[{"@type":"WebPage","@id":"https:\/\/koningdrone.be\/product\/dji-neo-fly-more-combo\/","url":"https:\/\/koningdrone.be\/product\/dji-neo-fly-more-combo\/","name":"DJI Neo Fly More Combo - koningdrone.be","isPartOf":{"@id":"https:\/\/koningdrone.be\/#website"},"primaryImageOfPage":{"@id":"https:\/\/koningdrone.be\/product\/dji-neo-fly-more-combo\/#primaryimage"},"image":{"@id":"https:\/\/koningdrone.be\/product\/dji-neo-fly-more-combo\/#primaryimage"},"thumbnailUrl":"https:\/\/koningdrone.be\/wp-content\/uploads\/sites\/13\/2025\/04\/PRODUCT-THUMB-NEOC-01-v1.jpg","datePublished":"2024-11-05T09:22:17+00:00","dateModified":"2026-04-29T01:30:16+00:00","breadcrumb":{"@id":"https:\/\/koningdrone.be\/product\/dji-neo-fly-more-combo\/#breadcrumb"},"inLanguage":"es","potentialAction":[{"@type":"ReadAction","target":["https:\/\/koningdrone.be\/product\/dji-neo-fly-more-combo\/"]}]},{"@type":"ImageObject","inLanguage":"es","@id":"https:\/\/koningdrone.be\/product\/dji-neo-fly-more-combo\/#primaryimage","url":"https:\/\/koningdrone.be\/wp-content\/uploads\/sites\/13\/2025\/04\/PRODUCT-THUMB-NEOC-01-v1.jpg","contentUrl":"https:\/\/koningdrone.be\/wp-content\/uploads\/sites\/13\/2025\/04\/PRODUCT-THUMB-NEOC-01-v1.jpg","width":800,"height":600},{"@type":"BreadcrumbList","@id":"https:\/\/koningdrone.be\/product\/dji-neo-fly-more-combo\/#breadcrumb","itemListElement":[{"@type":"ListItem","position":1,"name":"Home","item":"https:\/\/koningdrone.be\/"},{"@type":"ListItem","position":2,"name":"AVSS Parachute Recovery System for DJI Matrice 300\/350","item":"https:\/\/koningdrone.be\/product\/avss-parachute-recovery-system-for-dji-matrice-300-350\/"},{"@type":"ListItem","position":3,"name":"Alle consumer drones","item":"https:\/\/koningdrone.be\/categorie\/alle-consumer-drones\/"},{"@type":"ListItem","position":4,"name":"DJI Neo Fly More Combo"}]},{"@type":"WebSite","@id":"https:\/\/koningdrone.be\/#website","url":"https:\/\/koningdrone.be\/","name":"Koningdrone.be - Su especialista en l\u00ednea en drones, cardanes, c\u00e1maras y centrales el\u00e9ctricas.","description":"La tienda virtual de drones y cardanes","publisher":{"@id":"https:\/\/koningdrone.be\/#organization"},"potentialAction":[{"@type":"SearchAction","target":{"@type":"EntryPoint","urlTemplate":"https:\/\/koningdrone.be\/?s={search_term_string}"},"query-input":{"@type":"PropertyValueSpecification","valueRequired":true,"valueName":"search_term_string"}}],"inLanguage":"es"},{"@type":"Organization","@id":"https:\/\/koningdrone.be\/#organization","name":"Kingdrone.es","url":"https:\/\/koningdrone.be\/","logo":{"@type":"ImageObject","inLanguage":"es","@id":"https:\/\/koningdrone.be\/#\/schema\/logo\/image\/","url":"https:\/\/koningdrone.be\/wp-content\/uploads\/sites\/13\/2025\/04\/koningdrone-copyright-logo.svg","contentUrl":"https:\/\/koningdrone.be\/wp-content\/uploads\/sites\/13\/2025\/04\/koningdrone-copyright-logo.svg","width":227,"height":38,"caption":"Koningdrone.be"},"image":{"@id":"https:\/\/koningdrone.be\/#\/schema\/logo\/image\/"}}]}},"df_price":349,"df_sale_price":"","df_regular_price":349,"df_image_link":"https:\/\/koningdrone.be\/wp-content\/uploads\/sites\/13\/2025\/04\/PRODUCT-THUMB-NEOC-01-v1-300x225.jpg","_links":{"self":[{"href":"https:\/\/koningdrone.be\/es\/wp-json\/wp\/v2\/product\/1993","targetHints":{"allow":["GET"]}}],"collection":[{"href":"https:\/\/koningdrone.be\/es\/wp-json\/wp\/v2\/product"}],"about":[{"href":"https:\/\/koningdrone.be\/es\/wp-json\/wp\/v2\/types\/product"}],"wp:featuredmedia":[{"embeddable":true,"href":"https:\/\/koningdrone.be\/es\/wp-json\/wp\/v2\/media\/1985"}],"wp:attachment":[{"href":"https:\/\/koningdrone.be\/es\/wp-json\/wp\/v2\/media?parent=1993"}],"wp:term":[{"taxonomy":"product_brand","embeddable":true,"href":"https:\/\/koningdrone.be\/es\/wp-json\/wp\/v2\/product_brand?post=1993"},{"taxonomy":"product_cat","embeddable":true,"href":"https:\/\/koningdrone.be\/es\/wp-json\/wp\/v2\/product_cat?post=1993"},{"taxonomy":"product_tag","embeddable":true,"href":"https:\/\/koningdrone.be\/es\/wp-json\/wp\/v2\/product_tag?post=1993"}],"curies":[{"name":"wp","href":"https:\/\/api.w.org\/{rel}","templated":true}]}}