{"id":19224,"date":"2026-04-28T13:59:15","date_gmt":"2026-04-28T11:59:15","guid":{"rendered":"https:\/\/koningdrone.be\/product\/dgd1\/"},"modified":"2026-05-13T12:37:09","modified_gmt":"2026-05-13T10:37:09","slug":"dgd1","status":"publish","type":"product","link":"https:\/\/koningdrone.be\/es\/producto\/dgd1\/","title":{"rendered":"DGD1"},"content":{"rendered":"<p data-start=\"0\" data-end=\"380\">El DGD1 es un sistema fijo de detecci\u00f3n y localizaci\u00f3n de drones de alto rendimiento dise\u00f1ado para la vigilancia continua del espacio a\u00e9reo a baja altitud. El sistema proporciona un seguimiento preciso y multidimensional de drones, incluida la posici\u00f3n (longitud y latitud), la altitud, la velocidad, el punto de despegue, el punto de retorno y la trayectoria de vuelo completa, todo ello sin transmitir se\u00f1ales de radiofrecuencia propias.<\/p>\n<p data-start=\"382\" data-end=\"758\">Adem\u00e1s, el DGD1 tambi\u00e9n puede localizar el mando a distancia, lo que permite a los equipos de seguridad identificar no s\u00f3lo el dron, sino tambi\u00e9n al operador. El sistema est\u00e1 construido con una robusta carcasa IP65 (513 \u00d7 462 \u00d7 187 mm, \u226425 kg), apta para su instalaci\u00f3n permanente en exteriores de aeropuertos, bases militares, centrales el\u00e9ctricas e instalaciones gubernamentales, entre otros.<\/p>\n<p data-start=\"760\" data-end=\"1107\" data-is-last-node=\"\" data-is-only-node=\"\">El DGD1 se suministra con un completo paquete de software, que incluye visualizaci\u00f3n de mapas GIS, gesti\u00f3n de listas blancas y negras, reproducci\u00f3n de hist\u00f3ricos, mapas t\u00e9rmicos e integraci\u00f3n API para interactuar con sistemas C-UAS de terceros. El sistema puede funcionar de forma independiente o como parte de una red de sensores TDOA m\u00e1s amplia para cubrir grandes \u00e1reas.<\/p>","protected":false},"excerpt":{"rendered":"<p>Sistema fijo de detecci\u00f3n y localizaci\u00f3n de drones. Monitorizaci\u00f3n de espectro completo, geolocalizaci\u00f3n TDOA y an\u00e1lisis avanzado.<\/p>\n<ul class=\"spec-list\">\n<li>Seguimiento multidimensional de drones (posici\u00f3n, velocidad, altitud, trayectoria)<\/li>\n<li>Localizaci\u00f3n de mandos a distancia y gesti\u00f3n de listas blancas<\/li>\n<li>IP65, -20~65\u00b0C, \u2264100W de potencia<\/li>\n<\/ul>","protected":false},"featured_media":19223,"template":"","meta":{"_acf_changed":false},"product_brand":[],"product_cat":[1281],"product_tag":[2022],"class_list":{"0":"post-19224","1":"product","2":"type-product","3":"status-publish","4":"has-post-thumbnail","6":"product_cat-anti-drone-devices","7":"product_tag-anti-drone","9":"first","10":"instock","11":"taxable","12":"shipping-taxable","13":"product-type-simple"},"acf":[],"yoast_head":"<!-- This site is optimized with the Yoast SEO Premium plugin v27.2 (Yoast SEO v27.2) - https:\/\/yoast.com\/product\/yoast-seo-premium-wordpress\/ -->\n<title>DGD1 - koningdrone.be<\/title>\n<meta name=\"robots\" content=\"index, follow, max-snippet:-1, max-image-preview:large, max-video-preview:-1\" \/>\n<link rel=\"canonical\" href=\"https:\/\/koningdrone.be\/es\/producto\/dgd1\/\" \/>\n<meta property=\"og:locale\" content=\"es_ES\" \/>\n<meta property=\"og:type\" content=\"article\" \/>\n<meta property=\"og:title\" content=\"DGD1\" \/>\n<meta property=\"og:description\" content=\"Vast systeem voor drone-detectie &amp; lokalisatie. Full-spectrum monitoring, TDOA-geolocatie, geavanceerde analyses.   Multidimensionale drone-tracking (positie, snelheid, hoogte, traject)  Lokalisatie van afstandsbediening &amp; whitelist-beheer  IP65, -20~65\u00b0C, \u2264100W vermogen\" \/>\n<meta property=\"og:url\" content=\"https:\/\/koningdrone.be\/es\/producto\/dgd1\/\" \/>\n<meta property=\"og:site_name\" content=\"koningdrone.be\" \/>\n<meta property=\"article:modified_time\" content=\"2026-05-13T10:37:09+00:00\" \/>\n<meta property=\"og:image\" content=\"https:\/\/koningdrone.be\/wp-content\/uploads\/sites\/13\/2026\/04\/Neutral-version.png\" \/>\n\t<meta property=\"og:image:width\" content=\"760\" \/>\n\t<meta property=\"og:image:height\" content=\"1134\" \/>\n\t<meta property=\"og:image:type\" content=\"image\/png\" \/>\n<meta name=\"twitter:card\" content=\"summary_large_image\" \/>\n<meta name=\"twitter:label1\" content=\"Tiempo de lectura\" \/>\n\t<meta name=\"twitter:data1\" content=\"1 minuto\" \/>\n<script type=\"application\/ld+json\" class=\"yoast-schema-graph\">{\"@context\":\"https:\/\/schema.org\",\"@graph\":[{\"@type\":\"WebPage\",\"@id\":\"https:\/\/koningdrone.be\/product\/dgd1\/\",\"url\":\"https:\/\/koningdrone.be\/product\/dgd1\/\",\"name\":\"DGD1 - koningdrone.be\",\"isPartOf\":{\"@id\":\"https:\/\/koningdrone.be\/#website\"},\"primaryImageOfPage\":{\"@id\":\"https:\/\/koningdrone.be\/product\/dgd1\/#primaryimage\"},\"image\":{\"@id\":\"https:\/\/koningdrone.be\/product\/dgd1\/#primaryimage\"},\"thumbnailUrl\":\"https:\/\/koningdrone.be\/wp-content\/uploads\/sites\/13\/2026\/04\/Neutral-version.png\",\"datePublished\":\"2026-04-28T11:59:15+00:00\",\"dateModified\":\"2026-05-13T10:37:09+00:00\",\"breadcrumb\":{\"@id\":\"https:\/\/koningdrone.be\/product\/dgd1\/#breadcrumb\"},\"inLanguage\":\"es\",\"potentialAction\":[{\"@type\":\"ReadAction\",\"target\":[\"https:\/\/koningdrone.be\/product\/dgd1\/\"]}]},{\"@type\":\"ImageObject\",\"inLanguage\":\"es\",\"@id\":\"https:\/\/koningdrone.be\/product\/dgd1\/#primaryimage\",\"url\":\"https:\/\/koningdrone.be\/wp-content\/uploads\/sites\/13\/2026\/04\/Neutral-version.png\",\"contentUrl\":\"https:\/\/koningdrone.be\/wp-content\/uploads\/sites\/13\/2026\/04\/Neutral-version.png\",\"width\":760,\"height\":1134},{\"@type\":\"BreadcrumbList\",\"@id\":\"https:\/\/koningdrone.be\/product\/dgd1\/#breadcrumb\",\"itemListElement\":[{\"@type\":\"ListItem\",\"position\":1,\"name\":\"Home\",\"item\":\"https:\/\/koningdrone.be\/\"},{\"@type\":\"ListItem\",\"position\":2,\"name\":\"AVSS Parachute Recovery System for DJI Matrice 300\/350\",\"item\":\"https:\/\/koningdrone.be\/product\/avss-parachute-recovery-system-for-dji-matrice-300-350\/\"},{\"@type\":\"ListItem\",\"position\":3,\"name\":\"Anti-drone devices\",\"item\":\"https:\/\/koningdrone.be\/categorie\/anti-drone-devices\/\"},{\"@type\":\"ListItem\",\"position\":4,\"name\":\"DGD1\"}]},{\"@type\":\"WebSite\",\"@id\":\"https:\/\/koningdrone.be\/#website\",\"url\":\"https:\/\/koningdrone.be\/\",\"name\":\"Koningdrone.be - Uw online specialist in drones, gimbals, camera's en power stations.\",\"description\":\"De webshop in drones en gimbals\",\"publisher\":{\"@id\":\"https:\/\/koningdrone.be\/#organization\"},\"potentialAction\":[{\"@type\":\"SearchAction\",\"target\":{\"@type\":\"EntryPoint\",\"urlTemplate\":\"https:\/\/koningdrone.be\/?s={search_term_string}\"},\"query-input\":{\"@type\":\"PropertyValueSpecification\",\"valueRequired\":true,\"valueName\":\"search_term_string\"}}],\"inLanguage\":\"es\"},{\"@type\":\"Organization\",\"@id\":\"https:\/\/koningdrone.be\/#organization\",\"name\":\"Koningdrone.be\",\"url\":\"https:\/\/koningdrone.be\/\",\"logo\":{\"@type\":\"ImageObject\",\"inLanguage\":\"es\",\"@id\":\"https:\/\/koningdrone.be\/#\/schema\/logo\/image\/\",\"url\":\"https:\/\/koningdrone.be\/wp-content\/uploads\/sites\/13\/2025\/04\/koningdrone-copyright-logo.svg\",\"contentUrl\":\"https:\/\/koningdrone.be\/wp-content\/uploads\/sites\/13\/2025\/04\/koningdrone-copyright-logo.svg\",\"width\":227,\"height\":38,\"caption\":\"Koningdrone.be\"},\"image\":{\"@id\":\"https:\/\/koningdrone.be\/#\/schema\/logo\/image\/\"}}]}<\/script>\n<!-- \/ Yoast SEO Premium plugin. -->","yoast_head_json":{"title":"DGD1 - koningdrone.be","robots":{"index":"index","follow":"follow","max-snippet":"max-snippet:-1","max-image-preview":"max-image-preview:large","max-video-preview":"max-video-preview:-1"},"canonical":"https:\/\/koningdrone.be\/es\/producto\/dgd1\/","og_locale":"es_ES","og_type":"article","og_title":"DGD1","og_description":"Vast systeem voor drone-detectie &amp; lokalisatie. Full-spectrum monitoring, TDOA-geolocatie, geavanceerde analyses.   Multidimensionale drone-tracking (positie, snelheid, hoogte, traject)  Lokalisatie van afstandsbediening &amp; whitelist-beheer  IP65, -20~65\u00b0C, \u2264100W vermogen","og_url":"https:\/\/koningdrone.be\/es\/producto\/dgd1\/","og_site_name":"koningdrone.be","article_modified_time":"2026-05-13T10:37:09+00:00","og_image":[{"width":760,"height":1134,"url":"https:\/\/koningdrone.be\/wp-content\/uploads\/sites\/13\/2026\/04\/Neutral-version.png","type":"image\/png"}],"twitter_card":"summary_large_image","twitter_misc":{"Tiempo de lectura":"1 minuto"},"schema":{"@context":"https:\/\/schema.org","@graph":[{"@type":"WebPage","@id":"https:\/\/koningdrone.be\/product\/dgd1\/","url":"https:\/\/koningdrone.be\/product\/dgd1\/","name":"DGD1 - koningdrone.be","isPartOf":{"@id":"https:\/\/koningdrone.be\/#website"},"primaryImageOfPage":{"@id":"https:\/\/koningdrone.be\/product\/dgd1\/#primaryimage"},"image":{"@id":"https:\/\/koningdrone.be\/product\/dgd1\/#primaryimage"},"thumbnailUrl":"https:\/\/koningdrone.be\/wp-content\/uploads\/sites\/13\/2026\/04\/Neutral-version.png","datePublished":"2026-04-28T11:59:15+00:00","dateModified":"2026-05-13T10:37:09+00:00","breadcrumb":{"@id":"https:\/\/koningdrone.be\/product\/dgd1\/#breadcrumb"},"inLanguage":"es","potentialAction":[{"@type":"ReadAction","target":["https:\/\/koningdrone.be\/product\/dgd1\/"]}]},{"@type":"ImageObject","inLanguage":"es","@id":"https:\/\/koningdrone.be\/product\/dgd1\/#primaryimage","url":"https:\/\/koningdrone.be\/wp-content\/uploads\/sites\/13\/2026\/04\/Neutral-version.png","contentUrl":"https:\/\/koningdrone.be\/wp-content\/uploads\/sites\/13\/2026\/04\/Neutral-version.png","width":760,"height":1134},{"@type":"BreadcrumbList","@id":"https:\/\/koningdrone.be\/product\/dgd1\/#breadcrumb","itemListElement":[{"@type":"ListItem","position":1,"name":"Home","item":"https:\/\/koningdrone.be\/"},{"@type":"ListItem","position":2,"name":"AVSS Parachute Recovery System for DJI Matrice 300\/350","item":"https:\/\/koningdrone.be\/product\/avss-parachute-recovery-system-for-dji-matrice-300-350\/"},{"@type":"ListItem","position":3,"name":"Anti-drone devices","item":"https:\/\/koningdrone.be\/categorie\/anti-drone-devices\/"},{"@type":"ListItem","position":4,"name":"DGD1"}]},{"@type":"WebSite","@id":"https:\/\/koningdrone.be\/#website","url":"https:\/\/koningdrone.be\/","name":"Koningdrone.be - Su especialista en l\u00ednea en drones, cardanes, c\u00e1maras y centrales el\u00e9ctricas.","description":"La tienda virtual de drones y cardanes","publisher":{"@id":"https:\/\/koningdrone.be\/#organization"},"potentialAction":[{"@type":"SearchAction","target":{"@type":"EntryPoint","urlTemplate":"https:\/\/koningdrone.be\/?s={search_term_string}"},"query-input":{"@type":"PropertyValueSpecification","valueRequired":true,"valueName":"search_term_string"}}],"inLanguage":"es"},{"@type":"Organization","@id":"https:\/\/koningdrone.be\/#organization","name":"Kingdrone.es","url":"https:\/\/koningdrone.be\/","logo":{"@type":"ImageObject","inLanguage":"es","@id":"https:\/\/koningdrone.be\/#\/schema\/logo\/image\/","url":"https:\/\/koningdrone.be\/wp-content\/uploads\/sites\/13\/2025\/04\/koningdrone-copyright-logo.svg","contentUrl":"https:\/\/koningdrone.be\/wp-content\/uploads\/sites\/13\/2025\/04\/koningdrone-copyright-logo.svg","width":227,"height":38,"caption":"Koningdrone.be"},"image":{"@id":"https:\/\/koningdrone.be\/#\/schema\/logo\/image\/"}}]}},"df_price":"","df_sale_price":"","df_regular_price":"","df_image_link":"https:\/\/koningdrone.be\/wp-content\/uploads\/sites\/13\/2026\/04\/Neutral-version-201x300.png","_links":{"self":[{"href":"https:\/\/koningdrone.be\/es\/wp-json\/wp\/v2\/product\/19224","targetHints":{"allow":["GET"]}}],"collection":[{"href":"https:\/\/koningdrone.be\/es\/wp-json\/wp\/v2\/product"}],"about":[{"href":"https:\/\/koningdrone.be\/es\/wp-json\/wp\/v2\/types\/product"}],"wp:featuredmedia":[{"embeddable":true,"href":"https:\/\/koningdrone.be\/es\/wp-json\/wp\/v2\/media\/19223"}],"wp:attachment":[{"href":"https:\/\/koningdrone.be\/es\/wp-json\/wp\/v2\/media?parent=19224"}],"wp:term":[{"taxonomy":"product_brand","embeddable":true,"href":"https:\/\/koningdrone.be\/es\/wp-json\/wp\/v2\/product_brand?post=19224"},{"taxonomy":"product_cat","embeddable":true,"href":"https:\/\/koningdrone.be\/es\/wp-json\/wp\/v2\/product_cat?post=19224"},{"taxonomy":"product_tag","embeddable":true,"href":"https:\/\/koningdrone.be\/es\/wp-json\/wp\/v2\/product_tag?post=19224"}],"curies":[{"name":"wp","href":"https:\/\/api.w.org\/{rel}","templated":true}]}}