{"id":1918,"date":"2024-11-05T10:24:31","date_gmt":"2024-11-05T09:24:31","guid":{"rendered":"https:\/\/koningdrone.nl\/kon\/product\/kronos-matrice-3d-kronos-pod-exchange-for-matrice-3d\/"},"modified":"2026-04-29T05:20:11","modified_gmt":"2026-04-29T03:20:11","slug":"kronos-matrice-3d-kronos-pod-exchange-for-matrice-3d","status":"publish","type":"product","link":"https:\/\/koningdrone.be\/es\/producto\/kronos-matrice-3d-kronos-pod-exchange-for-matrice-3d\/","title":{"rendered":"Kronos Matrice 3D Cambio de Kronos Pod por Matrice 3D"},"content":{"rendered":"<p>El Kronos Matrice 3D Kronos Pod es un accesorio especializado dise\u00f1ado para optimizar las capacidades del dron Matrice 3D. Con este pod modular, se pueden intercambiar diferentes cargas \u00fatiles de forma r\u00e1pida y sin problemas, lo que permite a los usuarios adaptar la configuraci\u00f3n de su dron a los diferentes requisitos de la misi\u00f3n con un tiempo de inactividad m\u00ednimo. Fabricado para ofrecer durabilidad y un rendimiento ligero, el Kronos Pod admite una amplia gama de sensores y equipos, lo que lo hace ideal para aplicaciones como cartograf\u00eda a\u00e9rea, inspecciones y vigilancia. Su versatilidad mejora la eficiencia operativa, convirti\u00e9ndolo en una valiosa herramienta para los usuarios profesionales de drones.<\/p>","protected":false},"excerpt":{"rendered":"<ul>\n<li>Dise\u00f1ado espec\u00edficamente para el dron Matrice 3D.<\/li>\n<li>Permite intercambiar cargas \u00fatiles de forma r\u00e1pida y sencilla.<\/li>\n<li>Admite una gran variedad de sensores y equipos.<\/li>\n<li>Construcci\u00f3n ligera para un impacto m\u00ednimo en el rendimiento de vuelo.<\/li>\n<li>Ideal para diversas aplicaciones, como cartograf\u00eda e inspecciones.<\/li>\n<\/ul>","protected":false},"featured_media":1917,"template":"","meta":{"_acf_changed":false},"product_brand":[],"product_cat":[292,97,161],"product_tag":[],"class_list":{"0":"post-1918","1":"product","2":"type-product","3":"status-publish","4":"has-post-thumbnail","6":"product_cat-alle-parachutes","7":"product_cat-alle-producten","8":"product_cat-dji-matrice-3","9":"product_shipping_class-outofstock","10":"pa_brand-dronavia","11":"pa_productfamily-kronos","12":"pa_producttype-parachute","13":"pa_series-matrice-3d","15":"first","16":"outofstock","17":"taxable","18":"shipping-taxable","19":"product-type-simple"},"acf":[],"yoast_head":"<!-- This site is optimized with the Yoast SEO Premium plugin v27.2 (Yoast SEO v27.2) - https:\/\/yoast.com\/product\/yoast-seo-premium-wordpress\/ -->\n<title>Kronos Matrice 3D Kronos Pod exchange for Matrice 3D - koningdrone.be<\/title>\n<meta name=\"robots\" content=\"index, follow, max-snippet:-1, max-image-preview:large, max-video-preview:-1\" \/>\n<link rel=\"canonical\" href=\"https:\/\/koningdrone.be\/es\/producto\/kronos-matrice-3d-kronos-pod-exchange-for-matrice-3d\/\" \/>\n<meta property=\"og:locale\" content=\"es_ES\" \/>\n<meta property=\"og:type\" content=\"article\" \/>\n<meta property=\"og:title\" content=\"Kronos Matrice 3D Kronos Pod exchange for Matrice 3D\" \/>\n<meta property=\"og:description\" content=\"Designed specifically for the Matrice 3D drone.  Enables quick and easy swapping of payloads.  Supports a variety of sensors and equipment.  Lightweight construction for minimal impact on flight performance.  Ideal for various applications, including mapping and inspections.\" \/>\n<meta property=\"og:url\" content=\"https:\/\/koningdrone.be\/es\/producto\/kronos-matrice-3d-kronos-pod-exchange-for-matrice-3d\/\" \/>\n<meta property=\"og:site_name\" content=\"koningdrone.be\" \/>\n<meta property=\"article:modified_time\" content=\"2026-04-29T03:20:11+00:00\" \/>\n<meta property=\"og:image\" content=\"https:\/\/koningdrone.be\/wp-content\/uploads\/sites\/13\/2025\/04\/EAKRM3D215209.jpg\" \/>\n\t<meta property=\"og:image:width\" content=\"800\" \/>\n\t<meta property=\"og:image:height\" content=\"800\" \/>\n\t<meta property=\"og:image:type\" content=\"image\/jpeg\" \/>\n<meta name=\"twitter:card\" content=\"summary_large_image\" \/>\n<script type=\"application\/ld+json\" class=\"yoast-schema-graph\">{\"@context\":\"https:\/\/schema.org\",\"@graph\":[{\"@type\":\"WebPage\",\"@id\":\"https:\/\/koningdrone.be\/product\/kronos-matrice-3d-kronos-pod-exchange-for-matrice-3d\/\",\"url\":\"https:\/\/koningdrone.be\/product\/kronos-matrice-3d-kronos-pod-exchange-for-matrice-3d\/\",\"name\":\"Kronos Matrice 3D Kronos Pod exchange for Matrice 3D - koningdrone.be\",\"isPartOf\":{\"@id\":\"https:\/\/koningdrone.be\/#website\"},\"primaryImageOfPage\":{\"@id\":\"https:\/\/koningdrone.be\/product\/kronos-matrice-3d-kronos-pod-exchange-for-matrice-3d\/#primaryimage\"},\"image\":{\"@id\":\"https:\/\/koningdrone.be\/product\/kronos-matrice-3d-kronos-pod-exchange-for-matrice-3d\/#primaryimage\"},\"thumbnailUrl\":\"https:\/\/koningdrone.be\/wp-content\/uploads\/sites\/13\/2025\/04\/EAKRM3D215209.jpg\",\"datePublished\":\"2024-11-05T09:24:31+00:00\",\"dateModified\":\"2026-04-29T03:20:11+00:00\",\"breadcrumb\":{\"@id\":\"https:\/\/koningdrone.be\/product\/kronos-matrice-3d-kronos-pod-exchange-for-matrice-3d\/#breadcrumb\"},\"inLanguage\":\"es\",\"potentialAction\":[{\"@type\":\"ReadAction\",\"target\":[\"https:\/\/koningdrone.be\/product\/kronos-matrice-3d-kronos-pod-exchange-for-matrice-3d\/\"]}]},{\"@type\":\"ImageObject\",\"inLanguage\":\"es\",\"@id\":\"https:\/\/koningdrone.be\/product\/kronos-matrice-3d-kronos-pod-exchange-for-matrice-3d\/#primaryimage\",\"url\":\"https:\/\/koningdrone.be\/wp-content\/uploads\/sites\/13\/2025\/04\/EAKRM3D215209.jpg\",\"contentUrl\":\"https:\/\/koningdrone.be\/wp-content\/uploads\/sites\/13\/2025\/04\/EAKRM3D215209.jpg\",\"width\":800,\"height\":800},{\"@type\":\"BreadcrumbList\",\"@id\":\"https:\/\/koningdrone.be\/product\/kronos-matrice-3d-kronos-pod-exchange-for-matrice-3d\/#breadcrumb\",\"itemListElement\":[{\"@type\":\"ListItem\",\"position\":1,\"name\":\"Home\",\"item\":\"https:\/\/koningdrone.be\/\"},{\"@type\":\"ListItem\",\"position\":2,\"name\":\"AVSS Parachute Recovery System for DJI Matrice 300\/350\",\"item\":\"https:\/\/koningdrone.be\/product\/avss-parachute-recovery-system-for-dji-matrice-300-350\/\"},{\"@type\":\"ListItem\",\"position\":3,\"name\":\"Alle parachutes\",\"item\":\"https:\/\/koningdrone.be\/categorie\/alle-parachutes\/\"},{\"@type\":\"ListItem\",\"position\":4,\"name\":\"Kronos Matrice 3D Kronos Pod exchange for Matrice 3D\"}]},{\"@type\":\"WebSite\",\"@id\":\"https:\/\/koningdrone.be\/#website\",\"url\":\"https:\/\/koningdrone.be\/\",\"name\":\"Koningdrone.be - Uw online specialist in drones, gimbals, camera's en power stations.\",\"description\":\"De webshop in drones en gimbals\",\"publisher\":{\"@id\":\"https:\/\/koningdrone.be\/#organization\"},\"potentialAction\":[{\"@type\":\"SearchAction\",\"target\":{\"@type\":\"EntryPoint\",\"urlTemplate\":\"https:\/\/koningdrone.be\/?s={search_term_string}\"},\"query-input\":{\"@type\":\"PropertyValueSpecification\",\"valueRequired\":true,\"valueName\":\"search_term_string\"}}],\"inLanguage\":\"es\"},{\"@type\":\"Organization\",\"@id\":\"https:\/\/koningdrone.be\/#organization\",\"name\":\"Koningdrone.be\",\"url\":\"https:\/\/koningdrone.be\/\",\"logo\":{\"@type\":\"ImageObject\",\"inLanguage\":\"es\",\"@id\":\"https:\/\/koningdrone.be\/#\/schema\/logo\/image\/\",\"url\":\"https:\/\/koningdrone.be\/wp-content\/uploads\/sites\/13\/2025\/04\/koningdrone-copyright-logo.svg\",\"contentUrl\":\"https:\/\/koningdrone.be\/wp-content\/uploads\/sites\/13\/2025\/04\/koningdrone-copyright-logo.svg\",\"width\":227,\"height\":38,\"caption\":\"Koningdrone.be\"},\"image\":{\"@id\":\"https:\/\/koningdrone.be\/#\/schema\/logo\/image\/\"}}]}<\/script>\n<!-- \/ Yoast SEO Premium plugin. -->","yoast_head_json":{"title":"Kronos Matrice 3D Kronos Pod exchange for Matrice 3D - koningdrone.be","robots":{"index":"index","follow":"follow","max-snippet":"max-snippet:-1","max-image-preview":"max-image-preview:large","max-video-preview":"max-video-preview:-1"},"canonical":"https:\/\/koningdrone.be\/es\/producto\/kronos-matrice-3d-kronos-pod-exchange-for-matrice-3d\/","og_locale":"es_ES","og_type":"article","og_title":"Kronos Matrice 3D Kronos Pod exchange for Matrice 3D","og_description":"Designed specifically for the Matrice 3D drone.  Enables quick and easy swapping of payloads.  Supports a variety of sensors and equipment.  Lightweight construction for minimal impact on flight performance.  Ideal for various applications, including mapping and inspections.","og_url":"https:\/\/koningdrone.be\/es\/producto\/kronos-matrice-3d-kronos-pod-exchange-for-matrice-3d\/","og_site_name":"koningdrone.be","article_modified_time":"2026-04-29T03:20:11+00:00","og_image":[{"width":800,"height":800,"url":"https:\/\/koningdrone.be\/wp-content\/uploads\/sites\/13\/2025\/04\/EAKRM3D215209.jpg","type":"image\/jpeg"}],"twitter_card":"summary_large_image","schema":{"@context":"https:\/\/schema.org","@graph":[{"@type":"WebPage","@id":"https:\/\/koningdrone.be\/product\/kronos-matrice-3d-kronos-pod-exchange-for-matrice-3d\/","url":"https:\/\/koningdrone.be\/product\/kronos-matrice-3d-kronos-pod-exchange-for-matrice-3d\/","name":"Kronos Matrice 3D Kronos Pod exchange for Matrice 3D - koningdrone.be","isPartOf":{"@id":"https:\/\/koningdrone.be\/#website"},"primaryImageOfPage":{"@id":"https:\/\/koningdrone.be\/product\/kronos-matrice-3d-kronos-pod-exchange-for-matrice-3d\/#primaryimage"},"image":{"@id":"https:\/\/koningdrone.be\/product\/kronos-matrice-3d-kronos-pod-exchange-for-matrice-3d\/#primaryimage"},"thumbnailUrl":"https:\/\/koningdrone.be\/wp-content\/uploads\/sites\/13\/2025\/04\/EAKRM3D215209.jpg","datePublished":"2024-11-05T09:24:31+00:00","dateModified":"2026-04-29T03:20:11+00:00","breadcrumb":{"@id":"https:\/\/koningdrone.be\/product\/kronos-matrice-3d-kronos-pod-exchange-for-matrice-3d\/#breadcrumb"},"inLanguage":"es","potentialAction":[{"@type":"ReadAction","target":["https:\/\/koningdrone.be\/product\/kronos-matrice-3d-kronos-pod-exchange-for-matrice-3d\/"]}]},{"@type":"ImageObject","inLanguage":"es","@id":"https:\/\/koningdrone.be\/product\/kronos-matrice-3d-kronos-pod-exchange-for-matrice-3d\/#primaryimage","url":"https:\/\/koningdrone.be\/wp-content\/uploads\/sites\/13\/2025\/04\/EAKRM3D215209.jpg","contentUrl":"https:\/\/koningdrone.be\/wp-content\/uploads\/sites\/13\/2025\/04\/EAKRM3D215209.jpg","width":800,"height":800},{"@type":"BreadcrumbList","@id":"https:\/\/koningdrone.be\/product\/kronos-matrice-3d-kronos-pod-exchange-for-matrice-3d\/#breadcrumb","itemListElement":[{"@type":"ListItem","position":1,"name":"Home","item":"https:\/\/koningdrone.be\/"},{"@type":"ListItem","position":2,"name":"AVSS Parachute Recovery System for DJI Matrice 300\/350","item":"https:\/\/koningdrone.be\/product\/avss-parachute-recovery-system-for-dji-matrice-300-350\/"},{"@type":"ListItem","position":3,"name":"Alle parachutes","item":"https:\/\/koningdrone.be\/categorie\/alle-parachutes\/"},{"@type":"ListItem","position":4,"name":"Kronos Matrice 3D Kronos Pod exchange for Matrice 3D"}]},{"@type":"WebSite","@id":"https:\/\/koningdrone.be\/#website","url":"https:\/\/koningdrone.be\/","name":"Koningdrone.be - Su especialista en l\u00ednea en drones, cardanes, c\u00e1maras y centrales el\u00e9ctricas.","description":"La tienda virtual de drones y cardanes","publisher":{"@id":"https:\/\/koningdrone.be\/#organization"},"potentialAction":[{"@type":"SearchAction","target":{"@type":"EntryPoint","urlTemplate":"https:\/\/koningdrone.be\/?s={search_term_string}"},"query-input":{"@type":"PropertyValueSpecification","valueRequired":true,"valueName":"search_term_string"}}],"inLanguage":"es"},{"@type":"Organization","@id":"https:\/\/koningdrone.be\/#organization","name":"Kingdrone.es","url":"https:\/\/koningdrone.be\/","logo":{"@type":"ImageObject","inLanguage":"es","@id":"https:\/\/koningdrone.be\/#\/schema\/logo\/image\/","url":"https:\/\/koningdrone.be\/wp-content\/uploads\/sites\/13\/2025\/04\/koningdrone-copyright-logo.svg","contentUrl":"https:\/\/koningdrone.be\/wp-content\/uploads\/sites\/13\/2025\/04\/koningdrone-copyright-logo.svg","width":227,"height":38,"caption":"Koningdrone.be"},"image":{"@id":"https:\/\/koningdrone.be\/#\/schema\/logo\/image\/"}}]}},"df_price":"","df_sale_price":"","df_regular_price":"","df_image_link":"https:\/\/koningdrone.be\/wp-content\/uploads\/sites\/13\/2025\/04\/EAKRM3D215209-300x300.jpg","_links":{"self":[{"href":"https:\/\/koningdrone.be\/es\/wp-json\/wp\/v2\/product\/1918","targetHints":{"allow":["GET"]}}],"collection":[{"href":"https:\/\/koningdrone.be\/es\/wp-json\/wp\/v2\/product"}],"about":[{"href":"https:\/\/koningdrone.be\/es\/wp-json\/wp\/v2\/types\/product"}],"wp:featuredmedia":[{"embeddable":true,"href":"https:\/\/koningdrone.be\/es\/wp-json\/wp\/v2\/media\/1917"}],"wp:attachment":[{"href":"https:\/\/koningdrone.be\/es\/wp-json\/wp\/v2\/media?parent=1918"}],"wp:term":[{"taxonomy":"product_brand","embeddable":true,"href":"https:\/\/koningdrone.be\/es\/wp-json\/wp\/v2\/product_brand?post=1918"},{"taxonomy":"product_cat","embeddable":true,"href":"https:\/\/koningdrone.be\/es\/wp-json\/wp\/v2\/product_cat?post=1918"},{"taxonomy":"product_tag","embeddable":true,"href":"https:\/\/koningdrone.be\/es\/wp-json\/wp\/v2\/product_tag?post=1918"}],"curies":[{"name":"wp","href":"https:\/\/api.w.org\/{rel}","templated":true}]}}