{"id":19167,"date":"2026-04-20T15:07:24","date_gmt":"2026-04-20T13:07:24","guid":{"rendered":"https:\/\/koningdrone.be\/?post_type=product&#038;p=19167"},"modified":"2026-04-20T15:07:27","modified_gmt":"2026-04-20T13:07:27","slug":"dji-lidar-range-finder-refurbished","status":"publish","type":"product","link":"https:\/\/koningdrone.be\/es\/producto\/dji-lidar-range-finder-refurbished\/","title":{"rendered":"Tel\u00e9metro DJI LiDAR - Reacondicionado"},"content":{"rendered":"<h4>Introducci\u00f3n del sistema de enfoque LiDAR<\/h4>\n<p>El sistema de enfoque LiDAR presenta un enfoque revolucionario para el ajuste manual del enfoque, que combina tecnolog\u00eda avanzada con facilidad de uso. Dise\u00f1ado tanto para principiantes como para profesionales, este sistema ofrece un m\u00e9todo sencillo para ajustar con precisi\u00f3n los puntos de enfoque.<\/p>\n<h4>Tecnolog\u00eda a su alcance<\/h4>\n<p>Gracias a una avanzada tecnolog\u00eda que visualiza los puntos de enfoque, el sistema de enfoque LiDAR simplifica el proceso de ajuste del enfoque. Tanto si eres un principiante como un usuario experimentado, el sistema proporciona una visi\u00f3n clara de arriba abajo de los puntos de enfoque y los muestra tanto en la pantalla principal como en cualquier pantalla secundaria conectada.<\/p>\n<h4>Precisi\u00f3n con forma de onda LiDAR<\/h4>\n<p>La innovaci\u00f3n no se limita a la visualizaci\u00f3n; el sistema tambi\u00e9n utiliza un m\u00e9todo de forma de onda LiDAR para identificar y seguir los puntos de enfoque. Este m\u00e9todo mejora la precisi\u00f3n de los ajustes y permite a los usuarios enfocar con precisi\u00f3n de forma r\u00e1pida y sin esfuerzo.<\/p>\n<h4>Dise\u00f1ado para todos los niveles de experiencia<\/h4>\n<p>Con un \u00e9nfasis en la facilidad de uso y la precisi\u00f3n, el sistema de enfoque LiDAR est\u00e1 dise\u00f1ado para ayudar a usuarios de todos los niveles. Incluso los novatos en el enfoque manual pueden aprender y dominar r\u00e1pidamente el arte del ajuste preciso, gracias a su interfaz intuitiva y sus tecnolog\u00edas avanzadas.<\/p>\n<h4>Acerca de los productos reacondicionados<\/h4>\n<p><em><strong>Este producto ha sido utilizado, pero est\u00e1 en muy buen estado o como nuevo. Se devolvi\u00f3 en un plazo de 14 d\u00edas y s\u00f3lo se utiliz\u00f3 brevemente. El estado general es casi como nuevo.<\/strong><\/em><\/p>","protected":false},"excerpt":{"rendered":"<ul>\n<li>Facilita el enfoque manual gracias a la tecnolog\u00eda LiDAR.<\/li>\n<li>Ayuda al enfoque visualizada para simplificar el manejo.<\/li>\n<li>Muestra los puntos de distancia en los monitores principal y remoto.<\/li>\n<li>Innovadora forma de onda LiDAR para localizar r\u00e1pidamente los puntos focales.<\/li>\n<li>Permite realizar ajustes precisos del enfoque.<\/li>\n<li>Adecuado para operadores de cualquier nivel de experiencia.<\/li>\n<\/ul>","protected":false},"featured_media":5572,"template":"","meta":{"_acf_changed":false},"product_brand":[],"product_cat":[410,187,97,139],"product_tag":[],"class_list":{"0":"post-19167","1":"product","2":"type-product","3":"status-publish","4":"has-post-thumbnail","6":"product_cat-alle-handheld-gimbals","7":"product_cat-alle-lidar","8":"product_cat-alle-producten","9":"product_cat-refurbished","11":"first","12":"instock","13":"sale","14":"taxable","15":"shipping-taxable","16":"purchasable","17":"product-type-simple"},"acf":[],"yoast_head":"<!-- This site is optimized with the Yoast SEO Premium plugin v27.2 (Yoast SEO v27.2) - https:\/\/yoast.com\/product\/yoast-seo-premium-wordpress\/ -->\n<title>DJI LiDAR Range Finder - Refurbished - koningdrone.be<\/title>\n<meta name=\"robots\" content=\"index, follow, max-snippet:-1, max-image-preview:large, max-video-preview:-1\" \/>\n<link rel=\"canonical\" href=\"https:\/\/koningdrone.be\/es\/producto\/dji-lidar-range-finder-refurbished\/\" \/>\n<meta property=\"og:locale\" content=\"es_ES\" \/>\n<meta property=\"og:type\" content=\"article\" \/>\n<meta property=\"og:title\" content=\"DJI LiDAR Range Finder - Refurbished\" \/>\n<meta property=\"og:description\" content=\"Maakt handmatig scherpstellen eenvoudiger met LiDAR-technologie.  Gevisualiseerde focushulp voor vereenvoudigde bediening.  Geeft afstandspunten weer op hoofd- en externe monitoren.  Innovatieve LiDAR-golfvorm om snel focuspunten te lokaliseren.  Maakt nauwkeurige focusaanpassingen mogelijk.  Geschikt voor operators van elk ervaringsniveau.\" \/>\n<meta property=\"og:url\" content=\"https:\/\/koningdrone.be\/es\/producto\/dji-lidar-range-finder-refurbished\/\" \/>\n<meta property=\"og:site_name\" content=\"koningdrone.be\" \/>\n<meta property=\"article:modified_time\" content=\"2026-04-20T13:07:27+00:00\" \/>\n<meta property=\"og:image\" content=\"https:\/\/koningdrone.be\/wp-content\/uploads\/sites\/13\/2025\/04\/402ad3b9568afa16818055ca7109e25f@large.jpg\" \/>\n\t<meta property=\"og:image:width\" content=\"1200\" \/>\n\t<meta property=\"og:image:height\" content=\"800\" \/>\n\t<meta property=\"og:image:type\" content=\"image\/jpeg\" \/>\n<meta name=\"twitter:card\" content=\"summary_large_image\" \/>\n<meta name=\"twitter:label1\" content=\"Tiempo de lectura\" \/>\n\t<meta name=\"twitter:data1\" content=\"1 minuto\" \/>\n<script type=\"application\/ld+json\" class=\"yoast-schema-graph\">{\"@context\":\"https:\/\/schema.org\",\"@graph\":[{\"@type\":\"WebPage\",\"@id\":\"https:\/\/koningdrone.be\/product\/dji-lidar-range-finder-refurbished\/\",\"url\":\"https:\/\/koningdrone.be\/product\/dji-lidar-range-finder-refurbished\/\",\"name\":\"DJI LiDAR Range Finder - Refurbished - koningdrone.be\",\"isPartOf\":{\"@id\":\"https:\/\/koningdrone.be\/#website\"},\"primaryImageOfPage\":{\"@id\":\"https:\/\/koningdrone.be\/product\/dji-lidar-range-finder-refurbished\/#primaryimage\"},\"image\":{\"@id\":\"https:\/\/koningdrone.be\/product\/dji-lidar-range-finder-refurbished\/#primaryimage\"},\"thumbnailUrl\":\"https:\/\/koningdrone.be\/wp-content\/uploads\/sites\/13\/2025\/04\/402ad3b9568afa16818055ca7109e25f@large.jpg\",\"datePublished\":\"2026-04-20T13:07:24+00:00\",\"dateModified\":\"2026-04-20T13:07:27+00:00\",\"breadcrumb\":{\"@id\":\"https:\/\/koningdrone.be\/product\/dji-lidar-range-finder-refurbished\/#breadcrumb\"},\"inLanguage\":\"es\",\"potentialAction\":[{\"@type\":\"ReadAction\",\"target\":[\"https:\/\/koningdrone.be\/product\/dji-lidar-range-finder-refurbished\/\"]}]},{\"@type\":\"ImageObject\",\"inLanguage\":\"es\",\"@id\":\"https:\/\/koningdrone.be\/product\/dji-lidar-range-finder-refurbished\/#primaryimage\",\"url\":\"https:\/\/koningdrone.be\/wp-content\/uploads\/sites\/13\/2025\/04\/402ad3b9568afa16818055ca7109e25f@large.jpg\",\"contentUrl\":\"https:\/\/koningdrone.be\/wp-content\/uploads\/sites\/13\/2025\/04\/402ad3b9568afa16818055ca7109e25f@large.jpg\",\"width\":1200,\"height\":800},{\"@type\":\"BreadcrumbList\",\"@id\":\"https:\/\/koningdrone.be\/product\/dji-lidar-range-finder-refurbished\/#breadcrumb\",\"itemListElement\":[{\"@type\":\"ListItem\",\"position\":1,\"name\":\"Home\",\"item\":\"https:\/\/koningdrone.be\/\"},{\"@type\":\"ListItem\",\"position\":2,\"name\":\"AVSS Parachute Recovery System for DJI Matrice 300\/350\",\"item\":\"https:\/\/koningdrone.be\/product\/avss-parachute-recovery-system-for-dji-matrice-300-350\/\"},{\"@type\":\"ListItem\",\"position\":3,\"name\":\"Alle handheld gimbals\",\"item\":\"https:\/\/koningdrone.be\/categorie\/alle-handheld-gimbals\/\"},{\"@type\":\"ListItem\",\"position\":4,\"name\":\"DJI LiDAR Range Finder &#8211; Refurbished\"}]},{\"@type\":\"WebSite\",\"@id\":\"https:\/\/koningdrone.be\/#website\",\"url\":\"https:\/\/koningdrone.be\/\",\"name\":\"Koningdrone.be - Uw online specialist in drones, gimbals, camera's en power stations.\",\"description\":\"De webshop in drones en gimbals\",\"publisher\":{\"@id\":\"https:\/\/koningdrone.be\/#organization\"},\"potentialAction\":[{\"@type\":\"SearchAction\",\"target\":{\"@type\":\"EntryPoint\",\"urlTemplate\":\"https:\/\/koningdrone.be\/?s={search_term_string}\"},\"query-input\":{\"@type\":\"PropertyValueSpecification\",\"valueRequired\":true,\"valueName\":\"search_term_string\"}}],\"inLanguage\":\"es\"},{\"@type\":\"Organization\",\"@id\":\"https:\/\/koningdrone.be\/#organization\",\"name\":\"Koningdrone.be\",\"url\":\"https:\/\/koningdrone.be\/\",\"logo\":{\"@type\":\"ImageObject\",\"inLanguage\":\"es\",\"@id\":\"https:\/\/koningdrone.be\/#\/schema\/logo\/image\/\",\"url\":\"https:\/\/koningdrone.be\/wp-content\/uploads\/sites\/13\/2025\/04\/koningdrone-copyright-logo.svg\",\"contentUrl\":\"https:\/\/koningdrone.be\/wp-content\/uploads\/sites\/13\/2025\/04\/koningdrone-copyright-logo.svg\",\"width\":227,\"height\":38,\"caption\":\"Koningdrone.be\"},\"image\":{\"@id\":\"https:\/\/koningdrone.be\/#\/schema\/logo\/image\/\"}}]}<\/script>\n<!-- \/ Yoast SEO Premium plugin. -->","yoast_head_json":{"title":"DJI LiDAR Range Finder - Refurbished - koningdrone.be","robots":{"index":"index","follow":"follow","max-snippet":"max-snippet:-1","max-image-preview":"max-image-preview:large","max-video-preview":"max-video-preview:-1"},"canonical":"https:\/\/koningdrone.be\/es\/producto\/dji-lidar-range-finder-refurbished\/","og_locale":"es_ES","og_type":"article","og_title":"DJI LiDAR Range Finder - Refurbished","og_description":"Maakt handmatig scherpstellen eenvoudiger met LiDAR-technologie.  Gevisualiseerde focushulp voor vereenvoudigde bediening.  Geeft afstandspunten weer op hoofd- en externe monitoren.  Innovatieve LiDAR-golfvorm om snel focuspunten te lokaliseren.  Maakt nauwkeurige focusaanpassingen mogelijk.  Geschikt voor operators van elk ervaringsniveau.","og_url":"https:\/\/koningdrone.be\/es\/producto\/dji-lidar-range-finder-refurbished\/","og_site_name":"koningdrone.be","article_modified_time":"2026-04-20T13:07:27+00:00","og_image":[{"width":1200,"height":800,"url":"https:\/\/koningdrone.be\/wp-content\/uploads\/sites\/13\/2025\/04\/402ad3b9568afa16818055ca7109e25f@large.jpg","type":"image\/jpeg"}],"twitter_card":"summary_large_image","twitter_misc":{"Tiempo de lectura":"1 minuto"},"schema":{"@context":"https:\/\/schema.org","@graph":[{"@type":"WebPage","@id":"https:\/\/koningdrone.be\/product\/dji-lidar-range-finder-refurbished\/","url":"https:\/\/koningdrone.be\/product\/dji-lidar-range-finder-refurbished\/","name":"DJI LiDAR Range Finder - Refurbished - koningdrone.be","isPartOf":{"@id":"https:\/\/koningdrone.be\/#website"},"primaryImageOfPage":{"@id":"https:\/\/koningdrone.be\/product\/dji-lidar-range-finder-refurbished\/#primaryimage"},"image":{"@id":"https:\/\/koningdrone.be\/product\/dji-lidar-range-finder-refurbished\/#primaryimage"},"thumbnailUrl":"https:\/\/koningdrone.be\/wp-content\/uploads\/sites\/13\/2025\/04\/402ad3b9568afa16818055ca7109e25f@large.jpg","datePublished":"2026-04-20T13:07:24+00:00","dateModified":"2026-04-20T13:07:27+00:00","breadcrumb":{"@id":"https:\/\/koningdrone.be\/product\/dji-lidar-range-finder-refurbished\/#breadcrumb"},"inLanguage":"es","potentialAction":[{"@type":"ReadAction","target":["https:\/\/koningdrone.be\/product\/dji-lidar-range-finder-refurbished\/"]}]},{"@type":"ImageObject","inLanguage":"es","@id":"https:\/\/koningdrone.be\/product\/dji-lidar-range-finder-refurbished\/#primaryimage","url":"https:\/\/koningdrone.be\/wp-content\/uploads\/sites\/13\/2025\/04\/402ad3b9568afa16818055ca7109e25f@large.jpg","contentUrl":"https:\/\/koningdrone.be\/wp-content\/uploads\/sites\/13\/2025\/04\/402ad3b9568afa16818055ca7109e25f@large.jpg","width":1200,"height":800},{"@type":"BreadcrumbList","@id":"https:\/\/koningdrone.be\/product\/dji-lidar-range-finder-refurbished\/#breadcrumb","itemListElement":[{"@type":"ListItem","position":1,"name":"Home","item":"https:\/\/koningdrone.be\/"},{"@type":"ListItem","position":2,"name":"AVSS Parachute Recovery System for DJI Matrice 300\/350","item":"https:\/\/koningdrone.be\/product\/avss-parachute-recovery-system-for-dji-matrice-300-350\/"},{"@type":"ListItem","position":3,"name":"Alle handheld gimbals","item":"https:\/\/koningdrone.be\/categorie\/alle-handheld-gimbals\/"},{"@type":"ListItem","position":4,"name":"DJI LiDAR Range Finder &#8211; Refurbished"}]},{"@type":"WebSite","@id":"https:\/\/koningdrone.be\/#website","url":"https:\/\/koningdrone.be\/","name":"Koningdrone.be - Su especialista en l\u00ednea en drones, cardanes, c\u00e1maras y centrales el\u00e9ctricas.","description":"La tienda virtual de drones y cardanes","publisher":{"@id":"https:\/\/koningdrone.be\/#organization"},"potentialAction":[{"@type":"SearchAction","target":{"@type":"EntryPoint","urlTemplate":"https:\/\/koningdrone.be\/?s={search_term_string}"},"query-input":{"@type":"PropertyValueSpecification","valueRequired":true,"valueName":"search_term_string"}}],"inLanguage":"es"},{"@type":"Organization","@id":"https:\/\/koningdrone.be\/#organization","name":"Kingdrone.es","url":"https:\/\/koningdrone.be\/","logo":{"@type":"ImageObject","inLanguage":"es","@id":"https:\/\/koningdrone.be\/#\/schema\/logo\/image\/","url":"https:\/\/koningdrone.be\/wp-content\/uploads\/sites\/13\/2025\/04\/koningdrone-copyright-logo.svg","contentUrl":"https:\/\/koningdrone.be\/wp-content\/uploads\/sites\/13\/2025\/04\/koningdrone-copyright-logo.svg","width":227,"height":38,"caption":"Koningdrone.be"},"image":{"@id":"https:\/\/koningdrone.be\/#\/schema\/logo\/image\/"}}]}},"df_price":235,"df_sale_price":235,"df_regular_price":799,"df_image_link":"https:\/\/koningdrone.be\/wp-content\/uploads\/sites\/13\/2025\/04\/402ad3b9568afa16818055ca7109e25f@large-300x200.jpg","_links":{"self":[{"href":"https:\/\/koningdrone.be\/es\/wp-json\/wp\/v2\/product\/19167","targetHints":{"allow":["GET"]}}],"collection":[{"href":"https:\/\/koningdrone.be\/es\/wp-json\/wp\/v2\/product"}],"about":[{"href":"https:\/\/koningdrone.be\/es\/wp-json\/wp\/v2\/types\/product"}],"wp:featuredmedia":[{"embeddable":true,"href":"https:\/\/koningdrone.be\/es\/wp-json\/wp\/v2\/media\/5572"}],"wp:attachment":[{"href":"https:\/\/koningdrone.be\/es\/wp-json\/wp\/v2\/media?parent=19167"}],"wp:term":[{"taxonomy":"product_brand","embeddable":true,"href":"https:\/\/koningdrone.be\/es\/wp-json\/wp\/v2\/product_brand?post=19167"},{"taxonomy":"product_cat","embeddable":true,"href":"https:\/\/koningdrone.be\/es\/wp-json\/wp\/v2\/product_cat?post=19167"},{"taxonomy":"product_tag","embeddable":true,"href":"https:\/\/koningdrone.be\/es\/wp-json\/wp\/v2\/product_tag?post=19167"}],"curies":[{"name":"wp","href":"https:\/\/api.w.org\/{rel}","templated":true}]}}