{"id":1912,"date":"2024-11-05T10:24:31","date_gmt":"2024-11-05T09:24:31","guid":{"rendered":"https:\/\/koningdrone.nl\/kon\/product\/dji-zenmuse-h30\/"},"modified":"2026-04-29T03:30:58","modified_gmt":"2026-04-29T01:30:58","slug":"dji-zenmuse-h30","status":"publish","type":"product","link":"https:\/\/koningdrone.be\/es\/producto\/dji-zenmuse-h30\/","title":{"rendered":"DJI Zenmuse H30"},"content":{"rendered":"<h3>DJI Zenmuse H30 (Uni. Edi.): La soluci\u00f3n multisensor definitiva para la inspecci\u00f3n de precisi\u00f3n<\/h3>\n<p><iframe loading=\"lazy\" title=\"Prueba de fiabilidad de la serie DJI Zenmuse H30\" width=\"800\" height=\"450\" src=\"https:\/\/www.youtube.com\/embed\/sxkcgrV2yQM?feature=oembed&#038;enablejsapi=1&#038;origin=https:\/\/koningdrone.be\" frameborder=\"0\" allow=\"accelerometer; autoplay; clipboard-write; encrypted-media; gyroscope; picture-in-picture; web-share\" referrerpolicy=\"strict-origin-when-cross-origin\" allowfullscreen><\/iframe><\/p>\n<p style=\"margin: 20px 0\">En <strong>DJI Zenmuse H30<\/strong> marca un nuevo hito en la evoluci\u00f3n de las cargas \u00fatiles empresariales. Dise\u00f1ado como una central visual todo en uno, este sistema integra cinco potentes m\u00f3dulos en una \u00fanica carcasa. Para los profesionales de los sectores de la energ\u00eda, la seguridad p\u00fablica y la gesti\u00f3n de infraestructuras, el H30 ofrece una capacidad sin precedentes para hacer visible lo invisible. Tanto si se trata de identificar peque\u00f1os defectos en torres de alta tensi\u00f3n a kil\u00f3metros de distancia como de coordinar operaciones de rescate en la m\u00e1s profunda oscuridad, la Zenmuse H30 ofrece la inteligencia visual necesaria para la toma de decisiones cr\u00edticas.<\/p>\n<p style=\"text-align: center\"><a href=\"https:\/\/koningdrone.nl\/wp-content\/uploads\/2024\/11\/DJI-Product-Zenmuse-H30.webp\"><img loading=\"lazy\" decoding=\"async\" class=\"alignnone size-full wp-image-467192\" src=\"https:\/\/koningdrone.nl\/wp-content\/uploads\/2024\/11\/DJI-Product-Zenmuse-H30.webp\" alt=\"DJI Product Zenmuse H30\" width=\"1200\" height=\"800\" \/><\/a><\/p>\n<h4>Rendimiento \u00f3ptico superior y zoom inigualable<\/h4>\n<p>Las capacidades visuales de la Zenmuse H30 son revolucionarias. La carga \u00fatil est\u00e1 equipada con un <strong>C\u00e1mara gran angular de 48 MP<\/strong> para obtener im\u00e1genes de ambiente n\u00edtidas, pero su verdadera fuerza reside en su c\u00e1mara con zoom. Con <strong>Zoom \u00f3ptico de 34 aumentos<\/strong> y un desconcertante <strong>Zoom digital de 400<\/strong> permite al H30 que los operadores capten detalles invisibles para el ojo humano desde una distancia segura. Esto elimina la necesidad de volar el dron cerca de objetos u obst\u00e1culos peligrosos, lo que aumenta dr\u00e1sticamente la seguridad operativa. Gracias a la estabilizaci\u00f3n de imagen mejorada, las im\u00e1genes siguen siendo extremadamente n\u00edtidas y utilizables incluso con el m\u00e1ximo aumento.<\/p>\n<h4>Fusi\u00f3n avanzada de sensores y visi\u00f3n nocturna<\/h4>\n<p>La Zenmuse H30 est\u00e1 dise\u00f1ada para funcionar cuando las condiciones de luz empeoran. La integraci\u00f3n de un <strong>distanci\u00f3metro l\u00e1ser (LRF)<\/strong> con un alcance de varios kil\u00f3metros proporciona una determinaci\u00f3n de coordenadas y una medici\u00f3n de distancias de gran precisi\u00f3n. Para las operaciones con poca luz, la carga \u00fatil cuenta con un <strong>Luz auxiliar NIR (infrarrojo cercano)<\/strong> y un modo de visi\u00f3n nocturna optimizado, que permite realizar inspecciones y b\u00fasquedas las 24 horas del d\u00eda, los 7 d\u00edas de la semana. Este enfoque multisensor le garantiza que nunca depender\u00e1 de condiciones meteorol\u00f3gicas favorables o de la luz diurna.<\/p>\n<p style=\"text-align: center\"><a href=\"https:\/\/koningdrone.nl\/wp-content\/uploads\/2024\/11\/Zenmuse-DJI-H30-Product.webp\"><img loading=\"lazy\" decoding=\"async\" class=\"aligncenter wp-image-467184 size-medium\" src=\"https:\/\/koningdrone.nl\/wp-content\/uploads\/2024\/11\/Zenmuse-DJI-H30-Product-300x300.webp\" alt=\"Zenmuse DJI H30 Product\" width=\"300\" height=\"300\" \/><\/a><\/p>\n<h4>Dise\u00f1o industrial e integraci\u00f3n perfecta<\/h4>\n<p>Dise\u00f1ado para las condiciones de campo m\u00e1s duras, el Zenmuse H30 cuenta con un <strong>Clasificaci\u00f3n IP54<\/strong> resistente al polvo y a las salpicaduras de agua. La carga \u00fatil utiliza el <strong>DJI SkyPort<\/strong>, lo que permite montarla en plataformas Matrice compatibles en cuesti\u00f3n de segundos. El sistema de card\u00e1n de 3 ejes corrige cualquier vibraci\u00f3n, incluso durante movimientos de vuelo r\u00e1pidos o con vientos fuertes, lo que da como resultado datos de v\u00eddeo profesionales y fluidos. A pesar de su compleja tecnolog\u00eda, el sistema es compacto y eficiente energ\u00e9ticamente, maximizando el tiempo de vuelo del dron.<\/p>","protected":false},"excerpt":{"rendered":"<ul>\n<li>Visibilidad ultrabrillante y detallada con c\u00e1maras zoom de 40 MP y gran angular de 48 MP<\/li>\n<li>Soporta hasta 34\u00d7 de zoom \u00f3ptico y 400\u00d7 de zoom digital<\/li>\n<li>Tel\u00e9metro l\u00e1ser con un alcance de hasta aprox. 3000 m para determinar la distancia con precisi\u00f3n<\/li>\n<li>Iluminaci\u00f3n auxiliar NIR y modos de imagen inteligentes para mejorar el rendimiento con poca luz<\/li>\n<li>Resistencia a la intemperie IP54 y estabilizaci\u00f3n en 3 ejes para uso industrial rudo<\/li>\n<\/ul>","protected":false},"featured_media":17020,"template":"","meta":{"_acf_changed":false},"product_brand":[],"product_cat":[298,153,1583,288],"product_tag":[],"class_list":{"0":"post-1912","1":"product","2":"type-product","3":"status-publish","4":"has-post-thumbnail","6":"product_cat-alle-industriele-camera","7":"product_cat-dji-matrice-350","8":"product_cat-dji-matrice-400","9":"product_cat-dji-zenmuse-h30","10":"product_shipping_class-uavspacesall","11":"pa_brand-dji","12":"pa_producttype-bedrijfscamera-payload","13":"pa_series-zenmuse","15":"first","16":"instock","17":"taxable","18":"shipping-taxable","19":"purchasable","20":"product-type-simple"},"acf":[],"yoast_head":"<!-- This site is optimized with the Yoast SEO Premium plugin v27.2 (Yoast SEO v27.2) - https:\/\/yoast.com\/product\/yoast-seo-premium-wordpress\/ -->\n<title>DJI Zenmuse H30 - koningdrone.be<\/title>\n<meta name=\"robots\" content=\"index, follow, max-snippet:-1, max-image-preview:large, max-video-preview:-1\" \/>\n<link rel=\"canonical\" href=\"https:\/\/koningdrone.be\/es\/producto\/dji-zenmuse-h30\/\" \/>\n<meta property=\"og:locale\" content=\"es_ES\" \/>\n<meta property=\"og:type\" content=\"article\" \/>\n<meta property=\"og:title\" content=\"DJI Zenmuse H30\" \/>\n<meta property=\"og:description\" content=\"Ultra\u2011heldere en gedetailleerde zichtbaarheid met 40\u202fMP zoom\u2011 en 48\u202fMP groothoekcamera\u2019s  Ondersteuning tot 34\u00d7 optische zoom en 400\u00d7 digitale zoom  Laserafstandsmeter met bereik tot ca. 3000\u202fm voor nauwkeurige afstandsbepaling  NIR\u2011hulpverlichting en intelligente beeldmodi voor betere prestaties bij weinig licht  IP54\u2011weerbestendigheid en 3\u2011assige stabilisatie voor robuuste industri\u00eble inzet\" \/>\n<meta property=\"og:url\" content=\"https:\/\/koningdrone.be\/es\/producto\/dji-zenmuse-h30\/\" \/>\n<meta property=\"og:site_name\" content=\"koningdrone.be\" \/>\n<meta property=\"article:modified_time\" content=\"2026-04-29T01:30:58+00:00\" \/>\n<meta property=\"og:image\" content=\"https:\/\/koningdrone.be\/wp-content\/uploads\/sites\/13\/2026\/03\/DJI-Zenmuse-H30.webp\" \/>\n\t<meta property=\"og:image:width\" content=\"2048\" \/>\n\t<meta property=\"og:image:height\" content=\"2048\" \/>\n\t<meta property=\"og:image:type\" content=\"image\/webp\" \/>\n<meta name=\"twitter:card\" content=\"summary_large_image\" \/>\n<meta name=\"twitter:label1\" content=\"Tiempo de lectura\" \/>\n\t<meta name=\"twitter:data1\" content=\"2 minutos\" \/>\n<script type=\"application\/ld+json\" class=\"yoast-schema-graph\">{\"@context\":\"https:\/\/schema.org\",\"@graph\":[{\"@type\":\"WebPage\",\"@id\":\"https:\/\/koningdrone.be\/product\/dji-zenmuse-h30\/\",\"url\":\"https:\/\/koningdrone.be\/product\/dji-zenmuse-h30\/\",\"name\":\"DJI Zenmuse H30 - koningdrone.be\",\"isPartOf\":{\"@id\":\"https:\/\/koningdrone.be\/#website\"},\"primaryImageOfPage\":{\"@id\":\"https:\/\/koningdrone.be\/product\/dji-zenmuse-h30\/#primaryimage\"},\"image\":{\"@id\":\"https:\/\/koningdrone.be\/product\/dji-zenmuse-h30\/#primaryimage\"},\"thumbnailUrl\":\"https:\/\/koningdrone.be\/wp-content\/uploads\/sites\/13\/2026\/03\/DJI-Zenmuse-H30.webp\",\"datePublished\":\"2024-11-05T09:24:31+00:00\",\"dateModified\":\"2026-04-29T01:30:58+00:00\",\"breadcrumb\":{\"@id\":\"https:\/\/koningdrone.be\/product\/dji-zenmuse-h30\/#breadcrumb\"},\"inLanguage\":\"es\",\"potentialAction\":[{\"@type\":\"ReadAction\",\"target\":[\"https:\/\/koningdrone.be\/product\/dji-zenmuse-h30\/\"]}]},{\"@type\":\"ImageObject\",\"inLanguage\":\"es\",\"@id\":\"https:\/\/koningdrone.be\/product\/dji-zenmuse-h30\/#primaryimage\",\"url\":\"https:\/\/koningdrone.be\/wp-content\/uploads\/sites\/13\/2026\/03\/DJI-Zenmuse-H30.webp\",\"contentUrl\":\"https:\/\/koningdrone.be\/wp-content\/uploads\/sites\/13\/2026\/03\/DJI-Zenmuse-H30.webp\",\"width\":2048,\"height\":2048},{\"@type\":\"BreadcrumbList\",\"@id\":\"https:\/\/koningdrone.be\/product\/dji-zenmuse-h30\/#breadcrumb\",\"itemListElement\":[{\"@type\":\"ListItem\",\"position\":1,\"name\":\"Home\",\"item\":\"https:\/\/koningdrone.be\/\"},{\"@type\":\"ListItem\",\"position\":2,\"name\":\"AVSS Parachute Recovery System for DJI Matrice 300\/350\",\"item\":\"https:\/\/koningdrone.be\/product\/avss-parachute-recovery-system-for-dji-matrice-300-350\/\"},{\"@type\":\"ListItem\",\"position\":3,\"name\":\"Alle industriele camera\",\"item\":\"https:\/\/koningdrone.be\/categorie\/alle-industriele-camera\/\"},{\"@type\":\"ListItem\",\"position\":4,\"name\":\"DJI Zenmuse H30\"}]},{\"@type\":\"WebSite\",\"@id\":\"https:\/\/koningdrone.be\/#website\",\"url\":\"https:\/\/koningdrone.be\/\",\"name\":\"Koningdrone.be - Uw online specialist in drones, gimbals, camera's en power stations.\",\"description\":\"De webshop in drones en gimbals\",\"publisher\":{\"@id\":\"https:\/\/koningdrone.be\/#organization\"},\"potentialAction\":[{\"@type\":\"SearchAction\",\"target\":{\"@type\":\"EntryPoint\",\"urlTemplate\":\"https:\/\/koningdrone.be\/?s={search_term_string}\"},\"query-input\":{\"@type\":\"PropertyValueSpecification\",\"valueRequired\":true,\"valueName\":\"search_term_string\"}}],\"inLanguage\":\"es\"},{\"@type\":\"Organization\",\"@id\":\"https:\/\/koningdrone.be\/#organization\",\"name\":\"Koningdrone.be\",\"url\":\"https:\/\/koningdrone.be\/\",\"logo\":{\"@type\":\"ImageObject\",\"inLanguage\":\"es\",\"@id\":\"https:\/\/koningdrone.be\/#\/schema\/logo\/image\/\",\"url\":\"https:\/\/koningdrone.be\/wp-content\/uploads\/sites\/13\/2025\/04\/koningdrone-copyright-logo.svg\",\"contentUrl\":\"https:\/\/koningdrone.be\/wp-content\/uploads\/sites\/13\/2025\/04\/koningdrone-copyright-logo.svg\",\"width\":227,\"height\":38,\"caption\":\"Koningdrone.be\"},\"image\":{\"@id\":\"https:\/\/koningdrone.be\/#\/schema\/logo\/image\/\"}}]}<\/script>\n<!-- \/ Yoast SEO Premium plugin. -->","yoast_head_json":{"title":"DJI Zenmuse H30 - koningdrone.be","robots":{"index":"index","follow":"follow","max-snippet":"max-snippet:-1","max-image-preview":"max-image-preview:large","max-video-preview":"max-video-preview:-1"},"canonical":"https:\/\/koningdrone.be\/es\/producto\/dji-zenmuse-h30\/","og_locale":"es_ES","og_type":"article","og_title":"DJI Zenmuse H30","og_description":"Ultra\u2011heldere en gedetailleerde zichtbaarheid met 40\u202fMP zoom\u2011 en 48\u202fMP groothoekcamera\u2019s  Ondersteuning tot 34\u00d7 optische zoom en 400\u00d7 digitale zoom  Laserafstandsmeter met bereik tot ca. 3000\u202fm voor nauwkeurige afstandsbepaling  NIR\u2011hulpverlichting en intelligente beeldmodi voor betere prestaties bij weinig licht  IP54\u2011weerbestendigheid en 3\u2011assige stabilisatie voor robuuste industri\u00eble inzet","og_url":"https:\/\/koningdrone.be\/es\/producto\/dji-zenmuse-h30\/","og_site_name":"koningdrone.be","article_modified_time":"2026-04-29T01:30:58+00:00","og_image":[{"width":2048,"height":2048,"url":"https:\/\/koningdrone.be\/wp-content\/uploads\/sites\/13\/2026\/03\/DJI-Zenmuse-H30.webp","type":"image\/webp"}],"twitter_card":"summary_large_image","twitter_misc":{"Tiempo de lectura":"2 minutos"},"schema":{"@context":"https:\/\/schema.org","@graph":[{"@type":"WebPage","@id":"https:\/\/koningdrone.be\/product\/dji-zenmuse-h30\/","url":"https:\/\/koningdrone.be\/product\/dji-zenmuse-h30\/","name":"DJI Zenmuse H30 - koningdrone.be","isPartOf":{"@id":"https:\/\/koningdrone.be\/#website"},"primaryImageOfPage":{"@id":"https:\/\/koningdrone.be\/product\/dji-zenmuse-h30\/#primaryimage"},"image":{"@id":"https:\/\/koningdrone.be\/product\/dji-zenmuse-h30\/#primaryimage"},"thumbnailUrl":"https:\/\/koningdrone.be\/wp-content\/uploads\/sites\/13\/2026\/03\/DJI-Zenmuse-H30.webp","datePublished":"2024-11-05T09:24:31+00:00","dateModified":"2026-04-29T01:30:58+00:00","breadcrumb":{"@id":"https:\/\/koningdrone.be\/product\/dji-zenmuse-h30\/#breadcrumb"},"inLanguage":"es","potentialAction":[{"@type":"ReadAction","target":["https:\/\/koningdrone.be\/product\/dji-zenmuse-h30\/"]}]},{"@type":"ImageObject","inLanguage":"es","@id":"https:\/\/koningdrone.be\/product\/dji-zenmuse-h30\/#primaryimage","url":"https:\/\/koningdrone.be\/wp-content\/uploads\/sites\/13\/2026\/03\/DJI-Zenmuse-H30.webp","contentUrl":"https:\/\/koningdrone.be\/wp-content\/uploads\/sites\/13\/2026\/03\/DJI-Zenmuse-H30.webp","width":2048,"height":2048},{"@type":"BreadcrumbList","@id":"https:\/\/koningdrone.be\/product\/dji-zenmuse-h30\/#breadcrumb","itemListElement":[{"@type":"ListItem","position":1,"name":"Home","item":"https:\/\/koningdrone.be\/"},{"@type":"ListItem","position":2,"name":"AVSS Parachute Recovery System for DJI Matrice 300\/350","item":"https:\/\/koningdrone.be\/product\/avss-parachute-recovery-system-for-dji-matrice-300-350\/"},{"@type":"ListItem","position":3,"name":"Alle industriele camera","item":"https:\/\/koningdrone.be\/categorie\/alle-industriele-camera\/"},{"@type":"ListItem","position":4,"name":"DJI Zenmuse H30"}]},{"@type":"WebSite","@id":"https:\/\/koningdrone.be\/#website","url":"https:\/\/koningdrone.be\/","name":"Koningdrone.be - Su especialista en l\u00ednea en drones, cardanes, c\u00e1maras y centrales el\u00e9ctricas.","description":"La tienda virtual de drones y cardanes","publisher":{"@id":"https:\/\/koningdrone.be\/#organization"},"potentialAction":[{"@type":"SearchAction","target":{"@type":"EntryPoint","urlTemplate":"https:\/\/koningdrone.be\/?s={search_term_string}"},"query-input":{"@type":"PropertyValueSpecification","valueRequired":true,"valueName":"search_term_string"}}],"inLanguage":"es"},{"@type":"Organization","@id":"https:\/\/koningdrone.be\/#organization","name":"Kingdrone.es","url":"https:\/\/koningdrone.be\/","logo":{"@type":"ImageObject","inLanguage":"es","@id":"https:\/\/koningdrone.be\/#\/schema\/logo\/image\/","url":"https:\/\/koningdrone.be\/wp-content\/uploads\/sites\/13\/2025\/04\/koningdrone-copyright-logo.svg","contentUrl":"https:\/\/koningdrone.be\/wp-content\/uploads\/sites\/13\/2025\/04\/koningdrone-copyright-logo.svg","width":227,"height":38,"caption":"Koningdrone.be"},"image":{"@id":"https:\/\/koningdrone.be\/#\/schema\/logo\/image\/"}}]}},"df_price":4487,"df_sale_price":"","df_regular_price":4487,"df_image_link":"https:\/\/koningdrone.be\/wp-content\/uploads\/sites\/13\/2026\/03\/DJI-Zenmuse-H30-300x300.webp","_links":{"self":[{"href":"https:\/\/koningdrone.be\/es\/wp-json\/wp\/v2\/product\/1912","targetHints":{"allow":["GET"]}}],"collection":[{"href":"https:\/\/koningdrone.be\/es\/wp-json\/wp\/v2\/product"}],"about":[{"href":"https:\/\/koningdrone.be\/es\/wp-json\/wp\/v2\/types\/product"}],"wp:featuredmedia":[{"embeddable":true,"href":"https:\/\/koningdrone.be\/es\/wp-json\/wp\/v2\/media\/17020"}],"wp:attachment":[{"href":"https:\/\/koningdrone.be\/es\/wp-json\/wp\/v2\/media?parent=1912"}],"wp:term":[{"taxonomy":"product_brand","embeddable":true,"href":"https:\/\/koningdrone.be\/es\/wp-json\/wp\/v2\/product_brand?post=1912"},{"taxonomy":"product_cat","embeddable":true,"href":"https:\/\/koningdrone.be\/es\/wp-json\/wp\/v2\/product_cat?post=1912"},{"taxonomy":"product_tag","embeddable":true,"href":"https:\/\/koningdrone.be\/es\/wp-json\/wp\/v2\/product_tag?post=1912"}],"curies":[{"name":"wp","href":"https:\/\/api.w.org\/{rel}","templated":true}]}}