{"id":1909,"date":"2024-11-05T10:24:31","date_gmt":"2024-11-05T09:24:31","guid":{"rendered":"https:\/\/koningdrone.nl\/kon\/product\/dji-zenmuse-h30t\/"},"modified":"2026-04-29T03:30:59","modified_gmt":"2026-04-29T01:30:59","slug":"dji-zenmuse-h30t","status":"publish","type":"product","link":"https:\/\/koningdrone.be\/es\/producto\/dji-zenmuse-h30t\/","title":{"rendered":"DJI Zenmuse H30T"},"content":{"rendered":"<h3>DJI Zenmuse H30T: lo \u00faltimo en inteligencia t\u00e1ctica multiespectral<\/h3>\n<p><iframe loading=\"lazy\" title=\"Zenmuse H30T en acci\u00f3n: el impacto de la tecnolog\u00eda de drones en la seguridad de eventos\" width=\"800\" height=\"450\" src=\"https:\/\/www.youtube.com\/embed\/4mHZHCfbjIs?feature=oembed&#038;enablejsapi=1&#038;origin=https:\/\/koningdrone.be\" frameborder=\"0\" allow=\"accelerometer; autoplay; clipboard-write; encrypted-media; gyroscope; picture-in-picture; web-share\" referrerpolicy=\"strict-origin-when-cross-origin\" allowfullscreen><\/iframe><\/p>\n<p style=\"margin: 20px 0\">En <strong>DJI Zenmuse H30T<\/strong> define el pin\u00e1culo absoluto de las cargas \u00fatiles empresariales al fusionar la precisi\u00f3n t\u00e9rmica con una potencia de zoom \u00f3ptico sin precedentes. Donde las soluciones est\u00e1ndar son ciegas a las diferencias de temperatura, el H30T proporciona una visi\u00f3n completa de la realidad. Este sistema es el est\u00e1ndar indispensable para equipos de b\u00fasqueda y rescate, bomberos e inspectores de infraestructuras energ\u00e9ticas vitales. Permite a los operadores ver a trav\u00e9s del humo, la oscuridad y las grandes distancias, transformando misiones complejas en operaciones basadas en datos con la m\u00e1xima seguridad.<\/p>\n<p style=\"text-align: center\"><a href=\"https:\/\/koningdrone.nl\/wp-content\/uploads\/2024\/11\/DJI-Zenmuse-H30T-Product.webp\"><img loading=\"lazy\" decoding=\"async\" class=\"alignnone size-full wp-image-467216\" src=\"https:\/\/koningdrone.nl\/wp-content\/uploads\/2024\/11\/DJI-Zenmuse-H30T-Product.webp\" alt=\"DJI Zenmuse H30T Product\" width=\"1200\" height=\"800\" \/><\/a><\/p>\n<h4>Sinergia t\u00e9rmica y \u00f3ptica superior<\/h4>\n<p>El H30T est\u00e1 equipado con un avanzado <strong>C\u00e1mara t\u00e9rmica de 640 \u00d7 512<\/strong>, impulsado por un sensor de \u00f3xido de vanadio no refrigerado y un emisor de luz <strong>Objetivo f\/1,0 de 53 mm<\/strong>. El resultado es una imagen t\u00e9rmica excepcionalmente n\u00edtida, que detecta puntos calientes y anomal\u00edas t\u00e9rmicas con precisi\u00f3n quir\u00fargica. Adem\u00e1s de sus capacidades t\u00e9rmicas, la carga \u00fatil cuenta con un <strong>C\u00e1mara gran angular de 48 MP<\/strong> y un desconcertante <strong>C\u00e1mara con zoom de 40 MP<\/strong>. Con <strong>Zoom \u00f3ptico de 34 aumentos<\/strong> y hasta <strong>Zoom digital de 400<\/strong> incluso los defectos m\u00e1s peque\u00f1os de las l\u00edneas de alta tensi\u00f3n o los aerogeneradores pueden analizarse a kil\u00f3metros de distancia, mucho m\u00e1s all\u00e1 de las zonas de peligro.<\/p>\n<h4>Funcionalidad t\u00e1ctica y dominio de la visi\u00f3n nocturna<\/h4>\n<p>Lo que diferencia al H30T es su capacidad para fusionar datos t\u00e9rmicos y visuales en tiempo real. El sistema integrado <strong>distanci\u00f3metro l\u00e1ser (LRF)<\/strong> proporciona coordenadas precisas y mediciones de distancia de hasta varios kil\u00f3metros, lo que resulta crucial para la planificaci\u00f3n estrat\u00e9gica. Para operaciones en total oscuridad, el <strong>Luz auxiliar NIR (infrarrojo cercano)<\/strong> y el modo avanzado de visi\u00f3n nocturna garantizan la conservaci\u00f3n de los detalles visuales, mientras que el <strong>modo t\u00e9rmico de s\u00faper resoluci\u00f3n<\/strong> hace visibles las peque\u00f1as fuentes de calor incluso a grandes distancias. Esto convierte al H30T en el instrumento m\u00e1s vers\u00e1til para el despliegue 24\/7.<\/p>\n<p style=\"text-align: center\"><a href=\"https:\/\/koningdrone.nl\/wp-content\/uploads\/2024\/11\/Product-DJI-Zenmuse-H30T.webp\"><img loading=\"lazy\" decoding=\"async\" class=\"alignnone wp-image-467215 size-medium\" src=\"https:\/\/koningdrone.nl\/wp-content\/uploads\/2024\/11\/Product-DJI-Zenmuse-H30T-300x300.webp\" alt=\"Product DJI Zenmuse H30T\" width=\"300\" height=\"300\" \/><\/a><\/p>\n<h4>Calidad y fiabilidad en la construcci\u00f3n industrial<\/h4>\n<p>La Zenmuse H30T est\u00e1 construida para sobrevivir en los entornos m\u00e1s hostiles. Con un <strong>Grado de protecci\u00f3n IP54<\/strong> la carga \u00fatil est\u00e1 protegida del polvo y las salpicaduras de agua, lo que permite seguir operando sin problemas bajo la lluvia o en complejos industriales polvorientos. El renombrado <strong>Estabilizaci\u00f3n card\u00e1n de 3 ejes<\/strong> de DJI captura cada vibraci\u00f3n, incluso durante movimientos de vuelo explosivos o fuertes r\u00e1fagas de viento, lo que da como resultado una transmisi\u00f3n de v\u00eddeo estable y con calidad de laboratorio. Gracias a la <strong>Sistema SkyPort<\/strong> el H30T est\u00e1 listo para partir en el Matrice 300 o 350 RTK en cuesti\u00f3n de segundos, y su peso ligero optimiza el tiempo de vuelo del dron.<\/p>","protected":false},"excerpt":{"rendered":"<ul>\n<li>C\u00e1mara t\u00e9rmica de alta resoluci\u00f3n para detecci\u00f3n con poca luz<\/li>\n<li>Sensores \u00f3pticos m\u00faltiples con gran capacidad de zoom<\/li>\n<li>Medidor de distancia l\u00e1ser para determinar distancias con precisi\u00f3n<\/li>\n<li>Protecci\u00f3n IP54 y robusta estabilizaci\u00f3n card\u00e1n<\/li>\n<li>Dise\u00f1ado para su uso con drones empresariales DJI<\/li>\n<\/ul>","protected":false},"featured_media":17029,"template":"","meta":{"_acf_changed":false},"product_brand":[],"product_cat":[153,1583,288,1808],"product_tag":[],"class_list":{"0":"post-1909","1":"product","2":"type-product","3":"status-publish","4":"has-post-thumbnail","6":"product_cat-dji-matrice-350","7":"product_cat-dji-matrice-400","8":"product_cat-dji-zenmuse-h30","9":"product_cat-thermal-cam","10":"product_shipping_class-uavspacesall","11":"pa_brand-dji","12":"pa_producttype-bedrijfscamera-payload","13":"pa_series-zenmuse","15":"first","16":"instock","17":"taxable","18":"shipping-taxable","19":"purchasable","20":"product-type-simple"},"acf":[],"yoast_head":"<!-- This site is optimized with the Yoast SEO Premium plugin v27.2 (Yoast SEO v27.2) - https:\/\/yoast.com\/product\/yoast-seo-premium-wordpress\/ -->\n<title>DJI Zenmuse H30T - koningdrone.be<\/title>\n<meta name=\"robots\" content=\"index, follow, max-snippet:-1, max-image-preview:large, max-video-preview:-1\" \/>\n<link rel=\"canonical\" href=\"https:\/\/koningdrone.be\/es\/producto\/dji-zenmuse-h30t\/\" \/>\n<meta property=\"og:locale\" content=\"es_ES\" \/>\n<meta property=\"og:type\" content=\"article\" \/>\n<meta property=\"og:title\" content=\"DJI Zenmuse H30T\" \/>\n<meta property=\"og:description\" content=\"Thermische camera met hoge resolutie voor detectie bij weinig licht  Meerdere optische sensoren met uitgebreide zoom\u2011mogelijkheden  Laserafstandsmeter voor nauwkeurige afstandsbepaling  IP54\u2011bescherming en robuuste gimbal\u2011stabilisatie  Ontworpen voor gebruik met DJI enterprise\u2011drones\" \/>\n<meta property=\"og:url\" content=\"https:\/\/koningdrone.be\/es\/producto\/dji-zenmuse-h30t\/\" \/>\n<meta property=\"og:site_name\" content=\"koningdrone.be\" \/>\n<meta property=\"article:modified_time\" content=\"2026-04-29T01:30:59+00:00\" \/>\n<meta property=\"og:image\" content=\"https:\/\/koningdrone.be\/wp-content\/uploads\/sites\/13\/2026\/03\/DJI-Zenmuse-H30T.webp\" \/>\n\t<meta property=\"og:image:width\" content=\"2048\" \/>\n\t<meta property=\"og:image:height\" content=\"2048\" \/>\n\t<meta property=\"og:image:type\" content=\"image\/webp\" \/>\n<meta name=\"twitter:card\" content=\"summary_large_image\" \/>\n<meta name=\"twitter:label1\" content=\"Tiempo de lectura\" \/>\n\t<meta name=\"twitter:data1\" content=\"2 minutos\" \/>\n<script type=\"application\/ld+json\" class=\"yoast-schema-graph\">{\"@context\":\"https:\/\/schema.org\",\"@graph\":[{\"@type\":\"WebPage\",\"@id\":\"https:\/\/koningdrone.be\/product\/dji-zenmuse-h30t\/\",\"url\":\"https:\/\/koningdrone.be\/product\/dji-zenmuse-h30t\/\",\"name\":\"DJI Zenmuse H30T - koningdrone.be\",\"isPartOf\":{\"@id\":\"https:\/\/koningdrone.be\/#website\"},\"primaryImageOfPage\":{\"@id\":\"https:\/\/koningdrone.be\/product\/dji-zenmuse-h30t\/#primaryimage\"},\"image\":{\"@id\":\"https:\/\/koningdrone.be\/product\/dji-zenmuse-h30t\/#primaryimage\"},\"thumbnailUrl\":\"https:\/\/koningdrone.be\/wp-content\/uploads\/sites\/13\/2026\/03\/DJI-Zenmuse-H30T.webp\",\"datePublished\":\"2024-11-05T09:24:31+00:00\",\"dateModified\":\"2026-04-29T01:30:59+00:00\",\"breadcrumb\":{\"@id\":\"https:\/\/koningdrone.be\/product\/dji-zenmuse-h30t\/#breadcrumb\"},\"inLanguage\":\"es\",\"potentialAction\":[{\"@type\":\"ReadAction\",\"target\":[\"https:\/\/koningdrone.be\/product\/dji-zenmuse-h30t\/\"]}]},{\"@type\":\"ImageObject\",\"inLanguage\":\"es\",\"@id\":\"https:\/\/koningdrone.be\/product\/dji-zenmuse-h30t\/#primaryimage\",\"url\":\"https:\/\/koningdrone.be\/wp-content\/uploads\/sites\/13\/2026\/03\/DJI-Zenmuse-H30T.webp\",\"contentUrl\":\"https:\/\/koningdrone.be\/wp-content\/uploads\/sites\/13\/2026\/03\/DJI-Zenmuse-H30T.webp\",\"width\":2048,\"height\":2048},{\"@type\":\"BreadcrumbList\",\"@id\":\"https:\/\/koningdrone.be\/product\/dji-zenmuse-h30t\/#breadcrumb\",\"itemListElement\":[{\"@type\":\"ListItem\",\"position\":1,\"name\":\"Home\",\"item\":\"https:\/\/koningdrone.be\/\"},{\"@type\":\"ListItem\",\"position\":2,\"name\":\"AVSS Parachute Recovery System for DJI Matrice 300\/350\",\"item\":\"https:\/\/koningdrone.be\/product\/avss-parachute-recovery-system-for-dji-matrice-300-350\/\"},{\"@type\":\"ListItem\",\"position\":3,\"name\":\"DJI Matrice 350\",\"item\":\"https:\/\/koningdrone.be\/categorie\/dji-matrice-350\/\"},{\"@type\":\"ListItem\",\"position\":4,\"name\":\"DJI Zenmuse H30T\"}]},{\"@type\":\"WebSite\",\"@id\":\"https:\/\/koningdrone.be\/#website\",\"url\":\"https:\/\/koningdrone.be\/\",\"name\":\"Koningdrone.be - Uw online specialist in drones, gimbals, camera's en power stations.\",\"description\":\"De webshop in drones en gimbals\",\"publisher\":{\"@id\":\"https:\/\/koningdrone.be\/#organization\"},\"potentialAction\":[{\"@type\":\"SearchAction\",\"target\":{\"@type\":\"EntryPoint\",\"urlTemplate\":\"https:\/\/koningdrone.be\/?s={search_term_string}\"},\"query-input\":{\"@type\":\"PropertyValueSpecification\",\"valueRequired\":true,\"valueName\":\"search_term_string\"}}],\"inLanguage\":\"es\"},{\"@type\":\"Organization\",\"@id\":\"https:\/\/koningdrone.be\/#organization\",\"name\":\"Koningdrone.be\",\"url\":\"https:\/\/koningdrone.be\/\",\"logo\":{\"@type\":\"ImageObject\",\"inLanguage\":\"es\",\"@id\":\"https:\/\/koningdrone.be\/#\/schema\/logo\/image\/\",\"url\":\"https:\/\/koningdrone.be\/wp-content\/uploads\/sites\/13\/2025\/04\/koningdrone-copyright-logo.svg\",\"contentUrl\":\"https:\/\/koningdrone.be\/wp-content\/uploads\/sites\/13\/2025\/04\/koningdrone-copyright-logo.svg\",\"width\":227,\"height\":38,\"caption\":\"Koningdrone.be\"},\"image\":{\"@id\":\"https:\/\/koningdrone.be\/#\/schema\/logo\/image\/\"}}]}<\/script>\n<!-- \/ Yoast SEO Premium plugin. -->","yoast_head_json":{"title":"DJI Zenmuse H30T - koningdrone.be","robots":{"index":"index","follow":"follow","max-snippet":"max-snippet:-1","max-image-preview":"max-image-preview:large","max-video-preview":"max-video-preview:-1"},"canonical":"https:\/\/koningdrone.be\/es\/producto\/dji-zenmuse-h30t\/","og_locale":"es_ES","og_type":"article","og_title":"DJI Zenmuse H30T","og_description":"Thermische camera met hoge resolutie voor detectie bij weinig licht  Meerdere optische sensoren met uitgebreide zoom\u2011mogelijkheden  Laserafstandsmeter voor nauwkeurige afstandsbepaling  IP54\u2011bescherming en robuuste gimbal\u2011stabilisatie  Ontworpen voor gebruik met DJI enterprise\u2011drones","og_url":"https:\/\/koningdrone.be\/es\/producto\/dji-zenmuse-h30t\/","og_site_name":"koningdrone.be","article_modified_time":"2026-04-29T01:30:59+00:00","og_image":[{"width":2048,"height":2048,"url":"https:\/\/koningdrone.be\/wp-content\/uploads\/sites\/13\/2026\/03\/DJI-Zenmuse-H30T.webp","type":"image\/webp"}],"twitter_card":"summary_large_image","twitter_misc":{"Tiempo de lectura":"2 minutos"},"schema":{"@context":"https:\/\/schema.org","@graph":[{"@type":"WebPage","@id":"https:\/\/koningdrone.be\/product\/dji-zenmuse-h30t\/","url":"https:\/\/koningdrone.be\/product\/dji-zenmuse-h30t\/","name":"DJI Zenmuse H30T - koningdrone.be","isPartOf":{"@id":"https:\/\/koningdrone.be\/#website"},"primaryImageOfPage":{"@id":"https:\/\/koningdrone.be\/product\/dji-zenmuse-h30t\/#primaryimage"},"image":{"@id":"https:\/\/koningdrone.be\/product\/dji-zenmuse-h30t\/#primaryimage"},"thumbnailUrl":"https:\/\/koningdrone.be\/wp-content\/uploads\/sites\/13\/2026\/03\/DJI-Zenmuse-H30T.webp","datePublished":"2024-11-05T09:24:31+00:00","dateModified":"2026-04-29T01:30:59+00:00","breadcrumb":{"@id":"https:\/\/koningdrone.be\/product\/dji-zenmuse-h30t\/#breadcrumb"},"inLanguage":"es","potentialAction":[{"@type":"ReadAction","target":["https:\/\/koningdrone.be\/product\/dji-zenmuse-h30t\/"]}]},{"@type":"ImageObject","inLanguage":"es","@id":"https:\/\/koningdrone.be\/product\/dji-zenmuse-h30t\/#primaryimage","url":"https:\/\/koningdrone.be\/wp-content\/uploads\/sites\/13\/2026\/03\/DJI-Zenmuse-H30T.webp","contentUrl":"https:\/\/koningdrone.be\/wp-content\/uploads\/sites\/13\/2026\/03\/DJI-Zenmuse-H30T.webp","width":2048,"height":2048},{"@type":"BreadcrumbList","@id":"https:\/\/koningdrone.be\/product\/dji-zenmuse-h30t\/#breadcrumb","itemListElement":[{"@type":"ListItem","position":1,"name":"Home","item":"https:\/\/koningdrone.be\/"},{"@type":"ListItem","position":2,"name":"AVSS Parachute Recovery System for DJI Matrice 300\/350","item":"https:\/\/koningdrone.be\/product\/avss-parachute-recovery-system-for-dji-matrice-300-350\/"},{"@type":"ListItem","position":3,"name":"DJI Matrice 350","item":"https:\/\/koningdrone.be\/categorie\/dji-matrice-350\/"},{"@type":"ListItem","position":4,"name":"DJI Zenmuse H30T"}]},{"@type":"WebSite","@id":"https:\/\/koningdrone.be\/#website","url":"https:\/\/koningdrone.be\/","name":"Koningdrone.be - Su especialista en l\u00ednea en drones, cardanes, c\u00e1maras y centrales el\u00e9ctricas.","description":"La tienda virtual de drones y cardanes","publisher":{"@id":"https:\/\/koningdrone.be\/#organization"},"potentialAction":[{"@type":"SearchAction","target":{"@type":"EntryPoint","urlTemplate":"https:\/\/koningdrone.be\/?s={search_term_string}"},"query-input":{"@type":"PropertyValueSpecification","valueRequired":true,"valueName":"search_term_string"}}],"inLanguage":"es"},{"@type":"Organization","@id":"https:\/\/koningdrone.be\/#organization","name":"Kingdrone.es","url":"https:\/\/koningdrone.be\/","logo":{"@type":"ImageObject","inLanguage":"es","@id":"https:\/\/koningdrone.be\/#\/schema\/logo\/image\/","url":"https:\/\/koningdrone.be\/wp-content\/uploads\/sites\/13\/2025\/04\/koningdrone-copyright-logo.svg","contentUrl":"https:\/\/koningdrone.be\/wp-content\/uploads\/sites\/13\/2025\/04\/koningdrone-copyright-logo.svg","width":227,"height":38,"caption":"Koningdrone.be"},"image":{"@id":"https:\/\/koningdrone.be\/#\/schema\/logo\/image\/"}}]}},"df_price":12048,"df_sale_price":"","df_regular_price":12048,"df_image_link":"https:\/\/koningdrone.be\/wp-content\/uploads\/sites\/13\/2026\/03\/DJI-Zenmuse-H30T-300x300.webp","_links":{"self":[{"href":"https:\/\/koningdrone.be\/es\/wp-json\/wp\/v2\/product\/1909","targetHints":{"allow":["GET"]}}],"collection":[{"href":"https:\/\/koningdrone.be\/es\/wp-json\/wp\/v2\/product"}],"about":[{"href":"https:\/\/koningdrone.be\/es\/wp-json\/wp\/v2\/types\/product"}],"wp:featuredmedia":[{"embeddable":true,"href":"https:\/\/koningdrone.be\/es\/wp-json\/wp\/v2\/media\/17029"}],"wp:attachment":[{"href":"https:\/\/koningdrone.be\/es\/wp-json\/wp\/v2\/media?parent=1909"}],"wp:term":[{"taxonomy":"product_brand","embeddable":true,"href":"https:\/\/koningdrone.be\/es\/wp-json\/wp\/v2\/product_brand?post=1909"},{"taxonomy":"product_cat","embeddable":true,"href":"https:\/\/koningdrone.be\/es\/wp-json\/wp\/v2\/product_cat?post=1909"},{"taxonomy":"product_tag","embeddable":true,"href":"https:\/\/koningdrone.be\/es\/wp-json\/wp\/v2\/product_tag?post=1909"}],"curies":[{"name":"wp","href":"https:\/\/api.w.org\/{rel}","templated":true}]}}