{"id":18925,"date":"2026-04-13T13:11:41","date_gmt":"2026-04-13T11:11:41","guid":{"rendered":"https:\/\/koningdrone.be\/?post_type=product&#038;p=18925"},"modified":"2026-04-29T03:41:23","modified_gmt":"2026-04-29T01:41:23","slug":"dji-maintenance-pro-s-matrice-4d","status":"publish","type":"product","link":"https:\/\/koningdrone.be\/es\/producto\/dji-maintenance-pro-s-matrice-4d\/","title":{"rendered":"Mantenimiento DJI. Pro. S. matrice 4D"},"content":{"rendered":"<h3>Mantenimiento DJI. Pro. S. matrice 4D<\/h3>\n<p>El Servicio B\u00e1sico del Programa de Mantenimiento DJI para el Matrice 4D es un programa de mantenimiento profesional dise\u00f1ado para mantener tu dron en las mejores condiciones. Este servicio est\u00e1 dirigido a usuarios empresariales que dependen de un rendimiento fiable y un tiempo de inactividad m\u00ednimo. Mediante el mantenimiento preventivo y las comprobaciones peri\u00f3dicas, el programa ayuda a prolongar la vida \u00fatil de su dron. Ideal para un uso intensivo en aplicaciones industriales.<\/p>\n<p><a href=\"https:\/\/koningdrone.nl\/wp-content\/uploads\/2026\/04\/DJI-Maintenance.-Pro.-B.-S.-matrice-4D.jpg\"><img loading=\"lazy\" decoding=\"async\" class=\"size-medium wp-image-472053 aligncenter\" src=\"https:\/\/koningdrone.nl\/wp-content\/uploads\/2026\/04\/DJI-Maintenance.-Pro.-B.-S.-matrice-4D-300x300.jpg\" alt=\"DJI Maintenance. Pro. B. S. matrice 4D\" width=\"300\" height=\"300\" \/><\/a><\/p>\n<h4>Rendimiento y funcionalidad<\/h4>\n<p>El Servicio B\u00e1sico incluye una inspecci\u00f3n exhaustiva de todos los sistemas principales del dron. La actualizaci\u00f3n del firmware, la calibraci\u00f3n de los sensores (como la IMU y la br\u00fajula) y una limpieza a fondo garantizan que el dron siga funcionando de forma \u00f3ptima. Adem\u00e1s, se realiza una prueba funcional completa, que incluye un vuelo de prueba para verificar la estabilidad y el rendimiento. Esto ayuda a detectar a tiempo posibles problemas y a garantizar la seguridad operativa.<\/p>\n<h4>Calidad de construcci\u00f3n y dise\u00f1o<\/h4>\n<p>Este servicio oficial DJI se lleva a cabo por t\u00e9cnicos certificados en centros de servicio autorizados. Todos los procedimientos siguen los altos est\u00e1ndares de calidad de DJI y utilizan piezas y software originales. El proceso de mantenimiento incluye diagn\u00f3stico profesional, limpieza y optimizaci\u00f3n de componentes cr\u00edticos. Al finalizar, recibir\u00e1s un informe de mantenimiento detallado con todos los trabajos realizados.<\/p>\n<p><a href=\"https:\/\/koningdrone.nl\/wp-content\/uploads\/2026\/04\/DJI-Maintenance.-Pro.-S.-S.-matrice-4D.jpg\"><img loading=\"lazy\" decoding=\"async\" class=\"size-medium wp-image-472051 aligncenter\" src=\"https:\/\/koningdrone.nl\/wp-content\/uploads\/2026\/04\/DJI-Maintenance.-Pro.-S.-S.-matrice-4D-300x300.jpg\" alt=\"DJI Maintenance. Pro. S. S. matrice 4D\" width=\"300\" height=\"300\" \/><\/a><\/p>\n<h4>Por qu\u00e9 lo necesita<\/h4>\n<p>Un mantenimiento regular es esencial para garantizar el rendimiento y la fiabilidad de su dron. Con este servicio, limitar\u00e1 las aver\u00edas inesperadas y prolongar\u00e1 la vida \u00fatil de su inversi\u00f3n. Una elecci\u00f3n inteligente para los profesionales que desean garantizar el m\u00e1ximo tiempo de actividad.<\/p>","protected":false},"excerpt":{"rendered":"<ul>\n<li>Dise\u00f1ado espec\u00edficamente para DJI Matrice 4D<\/li>\n<\/ul>","protected":false},"featured_media":18487,"template":"","meta":{"_acf_changed":false},"product_brand":[],"product_cat":[1732,2020],"product_tag":[],"class_list":{"0":"post-18925","1":"product","2":"type-product","3":"status-publish","4":"has-post-thumbnail","6":"product_cat-dji-matrice-4d","7":"product_cat-maintenance","8":"pa_brand-dji","9":"pa_productfamily-dji-maintenance-pro-b-s-matrice-4d","10":"pa_productfamily-dji-maintenance-pro-s-s-matrice-4d","11":"pa_producttype-serviceplan","13":"first","14":"instock","15":"taxable","16":"shipping-taxable","17":"purchasable","18":"product-type-variable"},"acf":[],"yoast_head":"<!-- This site is optimized with the Yoast SEO Premium plugin v27.2 (Yoast SEO v27.2) - https:\/\/yoast.com\/product\/yoast-seo-premium-wordpress\/ -->\n<title>DJI Maintenance. Pro. S. matrice 4D - koningdrone.be<\/title>\n<meta name=\"robots\" content=\"index, follow, max-snippet:-1, max-image-preview:large, max-video-preview:-1\" \/>\n<link rel=\"canonical\" href=\"https:\/\/koningdrone.be\/es\/producto\/dji-maintenance-pro-s-matrice-4d\/\" \/>\n<meta property=\"og:locale\" content=\"es_ES\" \/>\n<meta property=\"og:type\" content=\"article\" \/>\n<meta property=\"og:title\" content=\"DJI Maintenance. Pro. S. matrice 4D\" \/>\n<meta property=\"og:description\" content=\"Specifiek ontworpen voor DJI Matrice 4D\" \/>\n<meta property=\"og:url\" content=\"https:\/\/koningdrone.be\/es\/producto\/dji-maintenance-pro-s-matrice-4d\/\" \/>\n<meta property=\"og:site_name\" content=\"koningdrone.be\" \/>\n<meta property=\"article:modified_time\" content=\"2026-04-29T01:41:23+00:00\" \/>\n<meta property=\"og:image\" content=\"https:\/\/koningdrone.be\/wp-content\/uploads\/sites\/13\/2026\/04\/DJI-Maintenance.-Pro.-B.-S.-matrice-4D.jpg\" \/>\n\t<meta property=\"og:image:width\" content=\"840\" \/>\n\t<meta property=\"og:image:height\" content=\"840\" \/>\n\t<meta property=\"og:image:type\" content=\"image\/jpeg\" \/>\n<meta name=\"twitter:card\" content=\"summary_large_image\" \/>\n<meta name=\"twitter:label1\" content=\"Tiempo de lectura\" \/>\n\t<meta name=\"twitter:data1\" content=\"1 minuto\" \/>\n<script type=\"application\/ld+json\" class=\"yoast-schema-graph\">{\"@context\":\"https:\/\/schema.org\",\"@graph\":[{\"@type\":\"WebPage\",\"@id\":\"https:\/\/koningdrone.be\/product\/dji-maintenance-pro-s-matrice-4d\/\",\"url\":\"https:\/\/koningdrone.be\/product\/dji-maintenance-pro-s-matrice-4d\/\",\"name\":\"DJI Maintenance. Pro. S. matrice 4D - koningdrone.be\",\"isPartOf\":{\"@id\":\"https:\/\/koningdrone.be\/#website\"},\"primaryImageOfPage\":{\"@id\":\"https:\/\/koningdrone.be\/product\/dji-maintenance-pro-s-matrice-4d\/#primaryimage\"},\"image\":{\"@id\":\"https:\/\/koningdrone.be\/product\/dji-maintenance-pro-s-matrice-4d\/#primaryimage\"},\"thumbnailUrl\":\"https:\/\/koningdrone.be\/wp-content\/uploads\/sites\/13\/2026\/04\/DJI-Maintenance.-Pro.-B.-S.-matrice-4D.jpg\",\"datePublished\":\"2026-04-13T11:11:41+00:00\",\"dateModified\":\"2026-04-29T01:41:23+00:00\",\"breadcrumb\":{\"@id\":\"https:\/\/koningdrone.be\/product\/dji-maintenance-pro-s-matrice-4d\/#breadcrumb\"},\"inLanguage\":\"es\",\"potentialAction\":[{\"@type\":\"ReadAction\",\"target\":[\"https:\/\/koningdrone.be\/product\/dji-maintenance-pro-s-matrice-4d\/\"]}]},{\"@type\":\"ImageObject\",\"inLanguage\":\"es\",\"@id\":\"https:\/\/koningdrone.be\/product\/dji-maintenance-pro-s-matrice-4d\/#primaryimage\",\"url\":\"https:\/\/koningdrone.be\/wp-content\/uploads\/sites\/13\/2026\/04\/DJI-Maintenance.-Pro.-B.-S.-matrice-4D.jpg\",\"contentUrl\":\"https:\/\/koningdrone.be\/wp-content\/uploads\/sites\/13\/2026\/04\/DJI-Maintenance.-Pro.-B.-S.-matrice-4D.jpg\",\"width\":840,\"height\":840},{\"@type\":\"BreadcrumbList\",\"@id\":\"https:\/\/koningdrone.be\/product\/dji-maintenance-pro-s-matrice-4d\/#breadcrumb\",\"itemListElement\":[{\"@type\":\"ListItem\",\"position\":1,\"name\":\"Home\",\"item\":\"https:\/\/koningdrone.be\/\"},{\"@type\":\"ListItem\",\"position\":2,\"name\":\"AVSS Parachute Recovery System for DJI Matrice 300\/350\",\"item\":\"https:\/\/koningdrone.be\/product\/avss-parachute-recovery-system-for-dji-matrice-300-350\/\"},{\"@type\":\"ListItem\",\"position\":3,\"name\":\"DJI Matrice 4D\",\"item\":\"https:\/\/koningdrone.be\/categorie\/dji-matrice-4d\/\"},{\"@type\":\"ListItem\",\"position\":4,\"name\":\"DJI Maintenance. Pro. S. matrice 4D\"}]},{\"@type\":\"WebSite\",\"@id\":\"https:\/\/koningdrone.be\/#website\",\"url\":\"https:\/\/koningdrone.be\/\",\"name\":\"Koningdrone.be - Uw online specialist in drones, gimbals, camera's en power stations.\",\"description\":\"De webshop in drones en gimbals\",\"publisher\":{\"@id\":\"https:\/\/koningdrone.be\/#organization\"},\"potentialAction\":[{\"@type\":\"SearchAction\",\"target\":{\"@type\":\"EntryPoint\",\"urlTemplate\":\"https:\/\/koningdrone.be\/?s={search_term_string}\"},\"query-input\":{\"@type\":\"PropertyValueSpecification\",\"valueRequired\":true,\"valueName\":\"search_term_string\"}}],\"inLanguage\":\"es\"},{\"@type\":\"Organization\",\"@id\":\"https:\/\/koningdrone.be\/#organization\",\"name\":\"Koningdrone.be\",\"url\":\"https:\/\/koningdrone.be\/\",\"logo\":{\"@type\":\"ImageObject\",\"inLanguage\":\"es\",\"@id\":\"https:\/\/koningdrone.be\/#\/schema\/logo\/image\/\",\"url\":\"https:\/\/koningdrone.be\/wp-content\/uploads\/sites\/13\/2025\/04\/koningdrone-copyright-logo.svg\",\"contentUrl\":\"https:\/\/koningdrone.be\/wp-content\/uploads\/sites\/13\/2025\/04\/koningdrone-copyright-logo.svg\",\"width\":227,\"height\":38,\"caption\":\"Koningdrone.be\"},\"image\":{\"@id\":\"https:\/\/koningdrone.be\/#\/schema\/logo\/image\/\"}}]}<\/script>\n<!-- \/ Yoast SEO Premium plugin. -->","yoast_head_json":{"title":"DJI Maintenance. Pro. S. matrice 4D - koningdrone.be","robots":{"index":"index","follow":"follow","max-snippet":"max-snippet:-1","max-image-preview":"max-image-preview:large","max-video-preview":"max-video-preview:-1"},"canonical":"https:\/\/koningdrone.be\/es\/producto\/dji-maintenance-pro-s-matrice-4d\/","og_locale":"es_ES","og_type":"article","og_title":"DJI Maintenance. Pro. S. matrice 4D","og_description":"Specifiek ontworpen voor DJI Matrice 4D","og_url":"https:\/\/koningdrone.be\/es\/producto\/dji-maintenance-pro-s-matrice-4d\/","og_site_name":"koningdrone.be","article_modified_time":"2026-04-29T01:41:23+00:00","og_image":[{"width":840,"height":840,"url":"https:\/\/koningdrone.be\/wp-content\/uploads\/sites\/13\/2026\/04\/DJI-Maintenance.-Pro.-B.-S.-matrice-4D.jpg","type":"image\/jpeg"}],"twitter_card":"summary_large_image","twitter_misc":{"Tiempo de lectura":"1 minuto"},"schema":{"@context":"https:\/\/schema.org","@graph":[{"@type":"WebPage","@id":"https:\/\/koningdrone.be\/product\/dji-maintenance-pro-s-matrice-4d\/","url":"https:\/\/koningdrone.be\/product\/dji-maintenance-pro-s-matrice-4d\/","name":"DJI Maintenance. Pro. S. matrice 4D - koningdrone.be","isPartOf":{"@id":"https:\/\/koningdrone.be\/#website"},"primaryImageOfPage":{"@id":"https:\/\/koningdrone.be\/product\/dji-maintenance-pro-s-matrice-4d\/#primaryimage"},"image":{"@id":"https:\/\/koningdrone.be\/product\/dji-maintenance-pro-s-matrice-4d\/#primaryimage"},"thumbnailUrl":"https:\/\/koningdrone.be\/wp-content\/uploads\/sites\/13\/2026\/04\/DJI-Maintenance.-Pro.-B.-S.-matrice-4D.jpg","datePublished":"2026-04-13T11:11:41+00:00","dateModified":"2026-04-29T01:41:23+00:00","breadcrumb":{"@id":"https:\/\/koningdrone.be\/product\/dji-maintenance-pro-s-matrice-4d\/#breadcrumb"},"inLanguage":"es","potentialAction":[{"@type":"ReadAction","target":["https:\/\/koningdrone.be\/product\/dji-maintenance-pro-s-matrice-4d\/"]}]},{"@type":"ImageObject","inLanguage":"es","@id":"https:\/\/koningdrone.be\/product\/dji-maintenance-pro-s-matrice-4d\/#primaryimage","url":"https:\/\/koningdrone.be\/wp-content\/uploads\/sites\/13\/2026\/04\/DJI-Maintenance.-Pro.-B.-S.-matrice-4D.jpg","contentUrl":"https:\/\/koningdrone.be\/wp-content\/uploads\/sites\/13\/2026\/04\/DJI-Maintenance.-Pro.-B.-S.-matrice-4D.jpg","width":840,"height":840},{"@type":"BreadcrumbList","@id":"https:\/\/koningdrone.be\/product\/dji-maintenance-pro-s-matrice-4d\/#breadcrumb","itemListElement":[{"@type":"ListItem","position":1,"name":"Home","item":"https:\/\/koningdrone.be\/"},{"@type":"ListItem","position":2,"name":"AVSS Parachute Recovery System for DJI Matrice 300\/350","item":"https:\/\/koningdrone.be\/product\/avss-parachute-recovery-system-for-dji-matrice-300-350\/"},{"@type":"ListItem","position":3,"name":"DJI Matrice 4D","item":"https:\/\/koningdrone.be\/categorie\/dji-matrice-4d\/"},{"@type":"ListItem","position":4,"name":"DJI Maintenance. Pro. S. matrice 4D"}]},{"@type":"WebSite","@id":"https:\/\/koningdrone.be\/#website","url":"https:\/\/koningdrone.be\/","name":"Koningdrone.be - Su especialista en l\u00ednea en drones, cardanes, c\u00e1maras y centrales el\u00e9ctricas.","description":"La tienda virtual de drones y cardanes","publisher":{"@id":"https:\/\/koningdrone.be\/#organization"},"potentialAction":[{"@type":"SearchAction","target":{"@type":"EntryPoint","urlTemplate":"https:\/\/koningdrone.be\/?s={search_term_string}"},"query-input":{"@type":"PropertyValueSpecification","valueRequired":true,"valueName":"search_term_string"}}],"inLanguage":"es"},{"@type":"Organization","@id":"https:\/\/koningdrone.be\/#organization","name":"Kingdrone.es","url":"https:\/\/koningdrone.be\/","logo":{"@type":"ImageObject","inLanguage":"es","@id":"https:\/\/koningdrone.be\/#\/schema\/logo\/image\/","url":"https:\/\/koningdrone.be\/wp-content\/uploads\/sites\/13\/2025\/04\/koningdrone-copyright-logo.svg","contentUrl":"https:\/\/koningdrone.be\/wp-content\/uploads\/sites\/13\/2025\/04\/koningdrone-copyright-logo.svg","width":227,"height":38,"caption":"Koningdrone.be"},"image":{"@id":"https:\/\/koningdrone.be\/#\/schema\/logo\/image\/"}}]}},"df_price":439,"df_sale_price":"","df_regular_price":439,"df_image_link":"https:\/\/koningdrone.be\/wp-content\/uploads\/sites\/13\/2026\/04\/DJI-Maintenance.-Pro.-B.-S.-matrice-4D-300x300.jpg","_links":{"self":[{"href":"https:\/\/koningdrone.be\/es\/wp-json\/wp\/v2\/product\/18925","targetHints":{"allow":["GET"]}}],"collection":[{"href":"https:\/\/koningdrone.be\/es\/wp-json\/wp\/v2\/product"}],"about":[{"href":"https:\/\/koningdrone.be\/es\/wp-json\/wp\/v2\/types\/product"}],"wp:featuredmedia":[{"embeddable":true,"href":"https:\/\/koningdrone.be\/es\/wp-json\/wp\/v2\/media\/18487"}],"wp:attachment":[{"href":"https:\/\/koningdrone.be\/es\/wp-json\/wp\/v2\/media?parent=18925"}],"wp:term":[{"taxonomy":"product_brand","embeddable":true,"href":"https:\/\/koningdrone.be\/es\/wp-json\/wp\/v2\/product_brand?post=18925"},{"taxonomy":"product_cat","embeddable":true,"href":"https:\/\/koningdrone.be\/es\/wp-json\/wp\/v2\/product_cat?post=18925"},{"taxonomy":"product_tag","embeddable":true,"href":"https:\/\/koningdrone.be\/es\/wp-json\/wp\/v2\/product_tag?post=18925"}],"curies":[{"name":"wp","href":"https:\/\/api.w.org\/{rel}","templated":true}]}}