{"id":18725,"date":"2026-04-09T16:34:16","date_gmt":"2026-04-09T14:34:16","guid":{"rendered":"https:\/\/koningdrone.be\/?post_type=product&#038;p=18725"},"modified":"2026-05-02T04:00:46","modified_gmt":"2026-05-02T02:00:46","slug":"dji-neo-2-motion-fly-more-combo-incl-goggles-n3-rc-motion-3","status":"publish","type":"product","link":"https:\/\/koningdrone.be\/es\/producto\/dji-neo-2-motion-fly-more-combo-incl-goggles-n3-rc-motion-3\/","title":{"rendered":"DJI Neo 2 - Motion Fly More Combo - incl Goggles N3 &amp; RC Motion 3"},"content":{"rendered":"<h3>DJI Neo 2 - Motion Fly More Combo - incl Goggles N3 &amp; RC Motion 3<\/h3>\n<p><iframe loading=\"lazy\" title=\"DJI Neo 2\uff5cPrimer uso (Motion Fly More Combo)\" width=\"800\" height=\"450\" src=\"https:\/\/www.youtube.com\/embed\/0EosbjvRjEQ?feature=oembed&#038;enablejsapi=1&#038;origin=https:\/\/koningdrone.be\" frameborder=\"0\" allow=\"accelerometer; autoplay; clipboard-write; encrypted-media; gyroscope; picture-in-picture; web-share\" referrerpolicy=\"strict-origin-when-cross-origin\" allowfullscreen><\/iframe><\/p>\n<p style=\"margin-top: 20px\">El DJI Neo 2 Motion Fly More Combo lleva el mundo de los drones compactos a una experiencia totalmente nueva al combinar experiencia FPV, controles intuitivos y total libertad creativa en un kit completo. Este paquete no es un dron m\u00e1s; te pone literalmente en la \u201ccabina\u201d de tus propias tomas a\u00e9reas. Con las DJI Goggles N3 incluidas, experimentar\u00e1s grabaciones en tiempo real como si estuvieras volando t\u00fa mismo, mientras que el controlador DJI RC Motion 3 traduce tus movimientos en precisos movimientos de vuelo.<\/p>\n<p style=\"margin-bottom: 20px\">Desde el momento en que pones el Neo 2 en el aire, notas inmediatamente lo suave, sensible e inteligente que responde este dron. Funciones como el despegue y aterrizaje con la palma de la mano le permiten despegar y aterrizar el dron directamente con la mano, de modo que cada vuelo se inicia sin esfuerzo y sin procedimientos complicados. Sus suaves controles y su bajo peso hacen que te sientas como si estuvieras pilotando una extensi\u00f3n de ti mismo en el aire.<\/p>\n<p><a href=\"https:\/\/koningdrone.nl\/wp-content\/uploads\/2026\/04\/DJI-Neo-2-Motion-Fly-More-Combo-incl.-Goggles-N3-RC-Motion-3.jpg\"><img loading=\"lazy\" decoding=\"async\" class=\"size-medium wp-image-472419 aligncenter\" src=\"https:\/\/koningdrone.nl\/wp-content\/uploads\/2026\/04\/DJI-Neo-2-Motion-Fly-More-Combo-incl.-Goggles-N3-RC-Motion-3-300x300.jpg\" alt=\"DJI Neo 2 - Motion Fly More Combo - incl. Goggles N3 &amp; RC Motion 3\" width=\"300\" height=\"300\" \/><\/a><\/p>\n<h4>Im\u00e1genes cinematogr\u00e1ficas sin concesiones<\/h4>\n<p>La Neo 2 incorpora un potente sensor CMOS de 1\/2 pulgada y una c\u00e1mara de 12 MP que captura v\u00eddeo en 4K hasta 60 fps, incluida la impresionante c\u00e1mara lenta 4K a 100 fps para una grabaci\u00f3n creativa y din\u00e1mica. Gracias a la combinaci\u00f3n de un card\u00e1n mec\u00e1nico de 2 ejes y la estabilizaci\u00f3n electr\u00f3nica de imagen, tus im\u00e1genes seguir\u00e1n siendo fluidas y profesionales, incluso durante el movimiento o el seguimiento de sujetos. Los modos de disparo inteligentes como ActiveTrack 4.0 y SelfieShot le garantizan que siempre obtendr\u00e1 la toma perfecta, sin tener que complicarse con los ajustes manuales.<\/p>\n<h4>Una experiencia de vuelo inmersiva en primera persona<\/h4>\n<p>Con las DJI Goggles N3, te metes completamente en la perspectiva del dron. En lugar de mirar una peque\u00f1a pantalla en un smartphone o un mando, te sumerges casi literalmente en el propio vuelo. Esto abre posibilidades creativas m\u00e1s all\u00e1 de la fotograf\u00eda a\u00e9rea tradicional y te da la libertad de planificar tomas precisas, capturar movimientos din\u00e1micos y encontrar perspectivas \u00fanicas.<\/p>\n<p><a href=\"https:\/\/koningdrone.nl\/wp-content\/uploads\/2026\/04\/DJI-Neo-2-Motion-Fly-More-Combo-Product-incl.-Goggles-N3-RC-Motion-3.jpg\"><img loading=\"lazy\" decoding=\"async\" class=\"wp-image-472414 size-medium aligncenter\" src=\"https:\/\/koningdrone.nl\/wp-content\/uploads\/2026\/04\/DJI-Neo-2-Motion-Fly-More-Combo-Product-incl.-Goggles-N3-RC-Motion-3-300x300.jpg\" alt=\"DJI Neo 2 - Motion Fly More Combo Product- incl. Goggles N3 &amp;amp; RC Motion 3\" width=\"300\" height=\"300\" \/><\/a><\/p>\n<h4>Tecnolog\u00eda intuitiva de control y movimiento<\/h4>\n<p>El controlador DJI RC Motion 3 hace que volar sea intuitivo, suave y agradable. En lugar de complejos sticks y botones, puedes controlar el dron mediante movimientos naturales de la mano, proporcionando una experiencia de vuelo fluida e instintiva. Ya sea volando cerca de objetos o realizando un movimiento de c\u00e1mara creativo, este controlador te da la libertad de dar vida a tu visi\u00f3n con una curva de aprendizaje m\u00ednima.<\/p>\n<h4>Seguridad, navegaci\u00f3n y rendimiento sostenible<\/h4>\n<p>El Neo 2 puede incorporar un sistema omnidireccional de detecci\u00f3n de obst\u00e1culos con sensores LiDAR e infrarrojos, lo que reduce significativamente el riesgo de colisiones durante vuelos complejos. La protecci\u00f3n integrada de la h\u00e9lice permite volar m\u00e1s cerca de los objetos con mayor seguridad. Junto con el control de vuelo estable y la navegaci\u00f3n GPS, esto garantiza que pueda volar con confianza, incluso en entornos dif\u00edciles.<\/p>\n<h4>M\u00e1s tiempo de vuelo, m\u00e1s creatividad<\/h4>\n<p style=\"margin-bottom: 20px\">El combo incluye varias bater\u00edas de vuelo inteligentes y un concentrador de carga bidireccional, que te permite cargar e intercambiar bater\u00edas f\u00e1cilmente. Esto se traduce en tiempos de vuelo m\u00e1s largos y m\u00e1s oportunidades para dar rienda suelta a tu creatividad durante sesiones fotogr\u00e1ficas prolongadas, v\u00eddeos de viajes o aventuras FPV.<\/p>\n<p><a href=\"https:\/\/koningdrone.nl\/wp-content\/uploads\/2026\/04\/DJI-Neo-2-Motion-Fly-More-Combo-incl.-Goggles-N3-RC-Motion-3-Product.jpg\"><img loading=\"lazy\" decoding=\"async\" class=\"size-medium wp-image-472413 aligncenter\" src=\"https:\/\/koningdrone.nl\/wp-content\/uploads\/2026\/04\/DJI-Neo-2-Motion-Fly-More-Combo-incl.-Goggles-N3-RC-Motion-3-Product-300x300.jpg\" alt=\"DJI Neo 2 - Motion Fly More Combo - incl. Goggles N3 &amp; RC Motion 3 Product\" width=\"300\" height=\"300\" \/><\/a><\/p>\n<h4>Nuestro veredicto<\/h4>\n<p>El DJI Neo 2 Motion Fly More Combo es uno de los sets de drones m\u00e1s completos que DJI ha lanzado hasta la fecha para grandes audiencias y creadores de contenidos. Combinando una potente c\u00e1mara, sensores inteligentes, gafas inmersivas y un control de movimiento intuitivo, este dron ofrece una experiencia de vuelo \u00fanica y vers\u00e1til. Tanto si quieres realizar aut\u00e9nticas tomas FPV, capturar espectaculares secuencias a\u00e9reas para las redes sociales o simplemente disfrutar de vuelos inmersivos, este combo dar\u00e1 vida a tu visi\u00f3n con facilidad y profesionalidad.<\/p>","protected":false},"excerpt":{"rendered":"<ul>\n<li>Experiencia FPV inmersiva con DJI Goggles N3 para una visualizaci\u00f3n en directo instant\u00e1nea.<\/li>\n<li>RC Motion 3 con control basado en el movimiento para movimientos intuitivos.<\/li>\n<li>C\u00e1mara 4K de 12 MP con c\u00e1mara lenta de hasta 100 fps para disparos din\u00e1micos.<\/li>\n<li>Detecci\u00f3n omnidireccional de obst\u00e1culos y protecci\u00f3n de las h\u00e9lices para volar con seguridad.<\/li>\n<li>Centro de carga bidireccional y bater\u00edas adicionales para vuelos m\u00e1s largos.<\/li>\n<\/ul>","protected":false},"featured_media":18724,"template":"","meta":{"_acf_changed":false},"product_brand":[],"product_cat":[1722],"product_tag":[],"class_list":{"0":"post-18725","1":"product","2":"type-product","3":"status-publish","4":"has-post-thumbnail","6":"product_cat-dji-neo-2","7":"product_shipping_class-acsystemsall","8":"pa_brand-dji","9":"pa_producttype-drone","10":"pa_series-neo","12":"first","13":"instock","14":"taxable","15":"shipping-taxable","16":"purchasable","17":"product-type-simple"},"acf":[],"yoast_head":"<!-- This site is optimized with the Yoast SEO Premium plugin v27.2 (Yoast SEO v27.2) - https:\/\/yoast.com\/product\/yoast-seo-premium-wordpress\/ -->\n<title>DJI Neo 2 - Motion Fly More Combo - incl. Goggles N3 &amp; RC Motion 3 - koningdrone.be<\/title>\n<meta name=\"robots\" content=\"index, follow, max-snippet:-1, max-image-preview:large, max-video-preview:-1\" \/>\n<link rel=\"canonical\" href=\"https:\/\/koningdrone.be\/es\/producto\/dji-neo-2-motion-fly-more-combo-incl-goggles-n3-rc-motion-3\/\" \/>\n<meta property=\"og:locale\" content=\"es_ES\" \/>\n<meta property=\"og:type\" content=\"article\" \/>\n<meta property=\"og:title\" content=\"DJI Neo 2 - Motion Fly More Combo - incl. Goggles N3 &amp; RC Motion 3\" \/>\n<meta property=\"og:description\" content=\"Meeslepende FPV\u2011ervaring met DJI Goggles N3 voor directe live\u2011weergave.  RC Motion 3 met motion\u2011based controle voor intu\u00eftieve bewegingen.  12\u202fMP 4K\u2011camera met slow\u2011motion tot 100\u202ffps voor dynamische opnames.  Omnidirectionele obstakeldetectie en propellerbescherming voor veilig vliegen.  Two\u2011way charging hub en extra batterijen voor langere vluchten.\" \/>\n<meta property=\"og:url\" content=\"https:\/\/koningdrone.be\/es\/producto\/dji-neo-2-motion-fly-more-combo-incl-goggles-n3-rc-motion-3\/\" \/>\n<meta property=\"og:site_name\" content=\"koningdrone.be\" \/>\n<meta property=\"article:modified_time\" content=\"2026-05-02T02:00:46+00:00\" \/>\n<meta property=\"og:image\" content=\"https:\/\/koningdrone.be\/wp-content\/uploads\/sites\/13\/2026\/04\/DJI-Neo-2-Motion-Fly-More-Combo-incl.-Goggles-N3-RC-Motion-3.jpg\" \/>\n\t<meta property=\"og:image:width\" content=\"2560\" \/>\n\t<meta property=\"og:image:height\" content=\"2560\" \/>\n\t<meta property=\"og:image:type\" content=\"image\/jpeg\" \/>\n<meta name=\"twitter:card\" content=\"summary_large_image\" \/>\n<meta name=\"twitter:label1\" content=\"Tiempo de lectura\" \/>\n\t<meta name=\"twitter:data1\" content=\"3 minutos\" \/>\n<script type=\"application\/ld+json\" class=\"yoast-schema-graph\">{\"@context\":\"https:\/\/schema.org\",\"@graph\":[{\"@type\":\"WebPage\",\"@id\":\"https:\/\/koningdrone.be\/product\/dji-neo-2-motion-fly-more-combo-incl-goggles-n3-rc-motion-3\/\",\"url\":\"https:\/\/koningdrone.be\/product\/dji-neo-2-motion-fly-more-combo-incl-goggles-n3-rc-motion-3\/\",\"name\":\"DJI Neo 2 - Motion Fly More Combo - incl. Goggles N3 &amp; RC Motion 3 - koningdrone.be\",\"isPartOf\":{\"@id\":\"https:\/\/koningdrone.be\/#website\"},\"primaryImageOfPage\":{\"@id\":\"https:\/\/koningdrone.be\/product\/dji-neo-2-motion-fly-more-combo-incl-goggles-n3-rc-motion-3\/#primaryimage\"},\"image\":{\"@id\":\"https:\/\/koningdrone.be\/product\/dji-neo-2-motion-fly-more-combo-incl-goggles-n3-rc-motion-3\/#primaryimage\"},\"thumbnailUrl\":\"https:\/\/koningdrone.be\/wp-content\/uploads\/sites\/13\/2026\/04\/DJI-Neo-2-Motion-Fly-More-Combo-incl.-Goggles-N3-RC-Motion-3.jpg\",\"datePublished\":\"2026-04-09T14:34:16+00:00\",\"dateModified\":\"2026-05-02T02:00:46+00:00\",\"breadcrumb\":{\"@id\":\"https:\/\/koningdrone.be\/product\/dji-neo-2-motion-fly-more-combo-incl-goggles-n3-rc-motion-3\/#breadcrumb\"},\"inLanguage\":\"es\",\"potentialAction\":[{\"@type\":\"ReadAction\",\"target\":[\"https:\/\/koningdrone.be\/product\/dji-neo-2-motion-fly-more-combo-incl-goggles-n3-rc-motion-3\/\"]}]},{\"@type\":\"ImageObject\",\"inLanguage\":\"es\",\"@id\":\"https:\/\/koningdrone.be\/product\/dji-neo-2-motion-fly-more-combo-incl-goggles-n3-rc-motion-3\/#primaryimage\",\"url\":\"https:\/\/koningdrone.be\/wp-content\/uploads\/sites\/13\/2026\/04\/DJI-Neo-2-Motion-Fly-More-Combo-incl.-Goggles-N3-RC-Motion-3.jpg\",\"contentUrl\":\"https:\/\/koningdrone.be\/wp-content\/uploads\/sites\/13\/2026\/04\/DJI-Neo-2-Motion-Fly-More-Combo-incl.-Goggles-N3-RC-Motion-3.jpg\",\"width\":2560,\"height\":2560},{\"@type\":\"BreadcrumbList\",\"@id\":\"https:\/\/koningdrone.be\/product\/dji-neo-2-motion-fly-more-combo-incl-goggles-n3-rc-motion-3\/#breadcrumb\",\"itemListElement\":[{\"@type\":\"ListItem\",\"position\":1,\"name\":\"Home\",\"item\":\"https:\/\/koningdrone.be\/\"},{\"@type\":\"ListItem\",\"position\":2,\"name\":\"AVSS Parachute Recovery System for DJI Matrice 300\/350\",\"item\":\"https:\/\/koningdrone.be\/product\/avss-parachute-recovery-system-for-dji-matrice-300-350\/\"},{\"@type\":\"ListItem\",\"position\":3,\"name\":\"DJI Neo 2\",\"item\":\"https:\/\/koningdrone.be\/categorie\/dji-neo-2\/\"},{\"@type\":\"ListItem\",\"position\":4,\"name\":\"DJI Neo 2 &#8211; Motion Fly More Combo &#8211; incl. Goggles N3 &amp; RC Motion 3\"}]},{\"@type\":\"WebSite\",\"@id\":\"https:\/\/koningdrone.be\/#website\",\"url\":\"https:\/\/koningdrone.be\/\",\"name\":\"Koningdrone.be - Uw online specialist in drones, gimbals, camera's en power stations.\",\"description\":\"De webshop in drones en gimbals\",\"publisher\":{\"@id\":\"https:\/\/koningdrone.be\/#organization\"},\"potentialAction\":[{\"@type\":\"SearchAction\",\"target\":{\"@type\":\"EntryPoint\",\"urlTemplate\":\"https:\/\/koningdrone.be\/?s={search_term_string}\"},\"query-input\":{\"@type\":\"PropertyValueSpecification\",\"valueRequired\":true,\"valueName\":\"search_term_string\"}}],\"inLanguage\":\"es\"},{\"@type\":\"Organization\",\"@id\":\"https:\/\/koningdrone.be\/#organization\",\"name\":\"Koningdrone.be\",\"url\":\"https:\/\/koningdrone.be\/\",\"logo\":{\"@type\":\"ImageObject\",\"inLanguage\":\"es\",\"@id\":\"https:\/\/koningdrone.be\/#\/schema\/logo\/image\/\",\"url\":\"https:\/\/koningdrone.be\/wp-content\/uploads\/sites\/13\/2025\/04\/koningdrone-copyright-logo.svg\",\"contentUrl\":\"https:\/\/koningdrone.be\/wp-content\/uploads\/sites\/13\/2025\/04\/koningdrone-copyright-logo.svg\",\"width\":227,\"height\":38,\"caption\":\"Koningdrone.be\"},\"image\":{\"@id\":\"https:\/\/koningdrone.be\/#\/schema\/logo\/image\/\"}}]}<\/script>\n<!-- \/ Yoast SEO Premium plugin. -->","yoast_head_json":{"title":"DJI Neo 2 - Motion Fly More Combo - incl. Goggles N3 &amp; RC Motion 3 - koningdrone.be","robots":{"index":"index","follow":"follow","max-snippet":"max-snippet:-1","max-image-preview":"max-image-preview:large","max-video-preview":"max-video-preview:-1"},"canonical":"https:\/\/koningdrone.be\/es\/producto\/dji-neo-2-motion-fly-more-combo-incl-goggles-n3-rc-motion-3\/","og_locale":"es_ES","og_type":"article","og_title":"DJI Neo 2 - Motion Fly More Combo - incl. Goggles N3 &amp; RC Motion 3","og_description":"Meeslepende FPV\u2011ervaring met DJI Goggles N3 voor directe live\u2011weergave.  RC Motion 3 met motion\u2011based controle voor intu\u00eftieve bewegingen.  12\u202fMP 4K\u2011camera met slow\u2011motion tot 100\u202ffps voor dynamische opnames.  Omnidirectionele obstakeldetectie en propellerbescherming voor veilig vliegen.  Two\u2011way charging hub en extra batterijen voor langere vluchten.","og_url":"https:\/\/koningdrone.be\/es\/producto\/dji-neo-2-motion-fly-more-combo-incl-goggles-n3-rc-motion-3\/","og_site_name":"koningdrone.be","article_modified_time":"2026-05-02T02:00:46+00:00","og_image":[{"width":2560,"height":2560,"url":"https:\/\/koningdrone.be\/wp-content\/uploads\/sites\/13\/2026\/04\/DJI-Neo-2-Motion-Fly-More-Combo-incl.-Goggles-N3-RC-Motion-3.jpg","type":"image\/jpeg"}],"twitter_card":"summary_large_image","twitter_misc":{"Tiempo de lectura":"3 minutos"},"schema":{"@context":"https:\/\/schema.org","@graph":[{"@type":"WebPage","@id":"https:\/\/koningdrone.be\/product\/dji-neo-2-motion-fly-more-combo-incl-goggles-n3-rc-motion-3\/","url":"https:\/\/koningdrone.be\/product\/dji-neo-2-motion-fly-more-combo-incl-goggles-n3-rc-motion-3\/","name":"DJI Neo 2 - Motion Fly More Combo - incl. Goggles N3 &amp; RC Motion 3 - koningdrone.be","isPartOf":{"@id":"https:\/\/koningdrone.be\/#website"},"primaryImageOfPage":{"@id":"https:\/\/koningdrone.be\/product\/dji-neo-2-motion-fly-more-combo-incl-goggles-n3-rc-motion-3\/#primaryimage"},"image":{"@id":"https:\/\/koningdrone.be\/product\/dji-neo-2-motion-fly-more-combo-incl-goggles-n3-rc-motion-3\/#primaryimage"},"thumbnailUrl":"https:\/\/koningdrone.be\/wp-content\/uploads\/sites\/13\/2026\/04\/DJI-Neo-2-Motion-Fly-More-Combo-incl.-Goggles-N3-RC-Motion-3.jpg","datePublished":"2026-04-09T14:34:16+00:00","dateModified":"2026-05-02T02:00:46+00:00","breadcrumb":{"@id":"https:\/\/koningdrone.be\/product\/dji-neo-2-motion-fly-more-combo-incl-goggles-n3-rc-motion-3\/#breadcrumb"},"inLanguage":"es","potentialAction":[{"@type":"ReadAction","target":["https:\/\/koningdrone.be\/product\/dji-neo-2-motion-fly-more-combo-incl-goggles-n3-rc-motion-3\/"]}]},{"@type":"ImageObject","inLanguage":"es","@id":"https:\/\/koningdrone.be\/product\/dji-neo-2-motion-fly-more-combo-incl-goggles-n3-rc-motion-3\/#primaryimage","url":"https:\/\/koningdrone.be\/wp-content\/uploads\/sites\/13\/2026\/04\/DJI-Neo-2-Motion-Fly-More-Combo-incl.-Goggles-N3-RC-Motion-3.jpg","contentUrl":"https:\/\/koningdrone.be\/wp-content\/uploads\/sites\/13\/2026\/04\/DJI-Neo-2-Motion-Fly-More-Combo-incl.-Goggles-N3-RC-Motion-3.jpg","width":2560,"height":2560},{"@type":"BreadcrumbList","@id":"https:\/\/koningdrone.be\/product\/dji-neo-2-motion-fly-more-combo-incl-goggles-n3-rc-motion-3\/#breadcrumb","itemListElement":[{"@type":"ListItem","position":1,"name":"Home","item":"https:\/\/koningdrone.be\/"},{"@type":"ListItem","position":2,"name":"AVSS Parachute Recovery System for DJI Matrice 300\/350","item":"https:\/\/koningdrone.be\/product\/avss-parachute-recovery-system-for-dji-matrice-300-350\/"},{"@type":"ListItem","position":3,"name":"DJI Neo 2","item":"https:\/\/koningdrone.be\/categorie\/dji-neo-2\/"},{"@type":"ListItem","position":4,"name":"DJI Neo 2 &#8211; Motion Fly More Combo &#8211; incl. Goggles N3 &amp; RC Motion 3"}]},{"@type":"WebSite","@id":"https:\/\/koningdrone.be\/#website","url":"https:\/\/koningdrone.be\/","name":"Koningdrone.be - Su especialista en l\u00ednea en drones, cardanes, c\u00e1maras y centrales el\u00e9ctricas.","description":"La tienda virtual de drones y cardanes","publisher":{"@id":"https:\/\/koningdrone.be\/#organization"},"potentialAction":[{"@type":"SearchAction","target":{"@type":"EntryPoint","urlTemplate":"https:\/\/koningdrone.be\/?s={search_term_string}"},"query-input":{"@type":"PropertyValueSpecification","valueRequired":true,"valueName":"search_term_string"}}],"inLanguage":"es"},{"@type":"Organization","@id":"https:\/\/koningdrone.be\/#organization","name":"Kingdrone.es","url":"https:\/\/koningdrone.be\/","logo":{"@type":"ImageObject","inLanguage":"es","@id":"https:\/\/koningdrone.be\/#\/schema\/logo\/image\/","url":"https:\/\/koningdrone.be\/wp-content\/uploads\/sites\/13\/2025\/04\/koningdrone-copyright-logo.svg","contentUrl":"https:\/\/koningdrone.be\/wp-content\/uploads\/sites\/13\/2025\/04\/koningdrone-copyright-logo.svg","width":227,"height":38,"caption":"Koningdrone.be"},"image":{"@id":"https:\/\/koningdrone.be\/#\/schema\/logo\/image\/"}}]}},"df_price":564,"df_sale_price":"","df_regular_price":564,"df_image_link":"https:\/\/koningdrone.be\/wp-content\/uploads\/sites\/13\/2026\/04\/DJI-Neo-2-Motion-Fly-More-Combo-incl.-Goggles-N3-RC-Motion-3-300x300.jpg","_links":{"self":[{"href":"https:\/\/koningdrone.be\/es\/wp-json\/wp\/v2\/product\/18725","targetHints":{"allow":["GET"]}}],"collection":[{"href":"https:\/\/koningdrone.be\/es\/wp-json\/wp\/v2\/product"}],"about":[{"href":"https:\/\/koningdrone.be\/es\/wp-json\/wp\/v2\/types\/product"}],"wp:featuredmedia":[{"embeddable":true,"href":"https:\/\/koningdrone.be\/es\/wp-json\/wp\/v2\/media\/18724"}],"wp:attachment":[{"href":"https:\/\/koningdrone.be\/es\/wp-json\/wp\/v2\/media?parent=18725"}],"wp:term":[{"taxonomy":"product_brand","embeddable":true,"href":"https:\/\/koningdrone.be\/es\/wp-json\/wp\/v2\/product_brand?post=18725"},{"taxonomy":"product_cat","embeddable":true,"href":"https:\/\/koningdrone.be\/es\/wp-json\/wp\/v2\/product_cat?post=18725"},{"taxonomy":"product_tag","embeddable":true,"href":"https:\/\/koningdrone.be\/es\/wp-json\/wp\/v2\/product_tag?post=18725"}],"curies":[{"name":"wp","href":"https:\/\/api.w.org\/{rel}","templated":true}]}}