{"id":18723,"date":"2026-04-09T16:01:06","date_gmt":"2026-04-09T14:01:06","guid":{"rendered":"https:\/\/koningdrone.be\/product\/dji-neo-2-fly-more-combo-incl-rc-n3-controller\/"},"modified":"2026-05-02T04:00:45","modified_gmt":"2026-05-02T02:00:45","slug":"dji-neo-2-fly-more-combo-incl-rc-n3-controller","status":"publish","type":"product","link":"https:\/\/koningdrone.be\/es\/producto\/dji-neo-2-fly-more-combo-incl-rc-n3-controller\/","title":{"rendered":"DJI Neo 2 - Fly More Combo incl controlador RC-N3"},"content":{"rendered":"<h3>DJI Neo 2 - Fly More Combo incl controlador RC-N3<\/h3>\n<p><iframe loading=\"lazy\" title=\"DJI Neo 2\uff5cPrimer uso (DJI RC-N3)\" width=\"800\" height=\"450\" src=\"https:\/\/www.youtube.com\/embed\/dbgruTJ0U70?feature=oembed&#038;enablejsapi=1&#038;origin=https:\/\/koningdrone.be\" frameborder=\"0\" allow=\"accelerometer; autoplay; clipboard-write; encrypted-media; gyroscope; picture-in-picture; web-share\" referrerpolicy=\"strict-origin-when-cross-origin\" allowfullscreen><\/iframe><\/p>\n<p style=\"margin-top: 20px\">El combo DJI Neo 2 Fly More con controlador RC-N3 es un sistema de drones completo, vers\u00e1til e inteligente dise\u00f1ado para llevar tu fotograf\u00eda y videograf\u00eda a\u00e9rea al siguiente nivel. Este combo Fly More combina comodidad, potentes capacidades de disparo y tiempo de vuelo adicional en un solo paquete, lo que le permite volar m\u00e1s tiempo, tener m\u00e1s libertad creativa y hacer que su contenido tenga un aspecto m\u00e1s profesional. El combo incluye no s\u00f3lo el propio dron, sino tambi\u00e9n el controlador DJI RC-N3 y varias bater\u00edas, lo que te da un control total sobre cada vuelo.<\/p>\n<p style=\"margin-bottom: 20px\">Desde el momento en que pones el Neo 2 en el aire, experimentas lo intuitivo y sensible que funciona este sistema. Funciones como el despegue y aterrizaje con la palma de la mano te permiten despegar y aterrizar el dron con un simple movimiento. La sensaci\u00f3n es natural, incluso si nunca has volado antes. Pero bajo la facilidad de uso se esconde una tecnolog\u00eda que tambi\u00e9n atraer\u00e1 a los creadores avanzados.<\/p>\n<p><a href=\"https:\/\/koningdrone.nl\/wp-content\/uploads\/2026\/04\/DJI-Neo-2-Fly-More-Combo-incl.-RC-N3-Controller.jpg\"><img loading=\"lazy\" decoding=\"async\" class=\"size-medium wp-image-472410 aligncenter\" src=\"https:\/\/koningdrone.nl\/wp-content\/uploads\/2026\/04\/DJI-Neo-2-Fly-More-Combo-incl.-RC-N3-Controller-300x300.jpg\" alt=\"DJI Neo 2 - Fly More Combo incl. RC-N3 Controller\" width=\"300\" height=\"300\" \/><\/a><\/p>\n<h4>Captura de im\u00e1genes cinematogr\u00e1ficas y grabaci\u00f3n inteligente<\/h4>\n<p>El Neo 2 est\u00e1 equipado con una c\u00e1mara de 12 MP y sensor CMOS de 1\/2 pulgada con apertura f\/2,2, que permite grabar v\u00eddeos 4K fluidos de hasta 60 fps, e incluso 4K 100 fps a c\u00e1mara lenta para impresionantes escenas din\u00e1micas. Gracias al card\u00e1n de 2 ejes y a la estabilizaci\u00f3n electr\u00f3nica de imagen, las im\u00e1genes permanecen estables incluso cuando el dron se mueve o sigue a un sujeto. La combinaci\u00f3n de 49 GB de memoria interna y modos de grabaci\u00f3n inteligentes como ActiveTrack 4.0 y SelfieShot facilita el seguimiento o el encuadre autom\u00e1tico de los sujetos, para que tus im\u00e1genes parezcan tomadas por profesionales.<\/p>\n<h4>Controles intuitivos y amplia experiencia de vuelo<\/h4>\n<p>El controlador DJI RC-N3 incluido te proporciona un control directo y preciso sobre el dron. El controlador funciona sin problemas con el Neo 2 y aumenta su alcance y precisi\u00f3n, lo que resulta especialmente \u00fatil para vuelos m\u00e1s largos o cuando quieres capturar secuencias complejas. Adem\u00e1s, tambi\u00e9n puedes controlar el dron a trav\u00e9s de la aplicaci\u00f3n DJI Fly en tu smartphone o mediante otros accesorios DJI, lo que te ofrece opciones de control flexibles.<\/p>\n<p><a href=\"https:\/\/koningdrone.nl\/wp-content\/uploads\/2026\/04\/DJI-Neo-2-Fly-More-Combo-incl.-RC-N3-Controller-Product.jpg\"><img loading=\"lazy\" decoding=\"async\" class=\"size-medium wp-image-472405 aligncenter\" src=\"https:\/\/koningdrone.nl\/wp-content\/uploads\/2026\/04\/DJI-Neo-2-Fly-More-Combo-incl.-RC-N3-Controller-Product-300x300.jpg\" alt=\"DJI Neo 2 - Fly More Combo incl. RC-N3 Controller Product\" width=\"300\" height=\"300\" \/><\/a><\/p>\n<h4>Seguridad y sensores avanzados<\/h4>\n<p>El Neo 2 cuenta con un sistema de detecci\u00f3n de obst\u00e1culos omnidireccional que detecta objetos en todas las direcciones. Combinado con los sensores LiDAR e infrarrojos, proporciona seguridad adicional durante el vuelo, especialmente cuando se vuela por terrenos complejos o cerca de objetos. Esto hace que el dron sea accesible para los nuevos pilotos, pero tambi\u00e9n proporciona a los usuarios experimentados una confianza extra en situaciones dif\u00edciles.<\/p>\n<h4>M\u00e1s tiempo de vuelo y versatilidad<\/h4>\n<p>Este combo Fly More incluye varias bater\u00edas Intelligent Flight y un concentrador de carga bidireccional, para que puedas intercambiar y recargar las bater\u00edas r\u00e1pidamente. M\u00e1s tiempo de vuelo significa que puedes volar m\u00e1s tiempo sin interrupci\u00f3n, lo que es ideal para sesiones m\u00e1s largas o planes de rodaje prolongados.<\/p>\n<h4>Por qu\u00e9 este combo Fly More es una elecci\u00f3n excelente<\/h4>\n<p style=\"margin-bottom: 20px\">El DJI Neo 2 Fly More Combo con controlador RC-N3 es perfecto para cualquiera que busque sacar m\u00e1s partido a su experiencia con drones. La combinaci\u00f3n de potentes capacidades de v\u00eddeo, control inteligente, amplios sensores y bater\u00edas adicionales lo convierten en una soluci\u00f3n todo en uno para fotograf\u00eda a\u00e9rea, vlogging, viajes, eventos y contenido para redes sociales. Tanto si vas a realizar tu primer vuelo con dron como si vas a llevar tus producciones de v\u00eddeo a un nuevo nivel, este combo te ofrece la libertad y las herramientas necesarias para dar vida a tu visi\u00f3n.<\/p>\n<p><a href=\"https:\/\/koningdrone.nl\/wp-content\/uploads\/2026\/04\/DJI-Neo-2-Fly-More-Combo-incl.-RC-N3-Controller-Action.jpg\"><img loading=\"lazy\" decoding=\"async\" class=\"size-medium wp-image-472404 aligncenter\" src=\"https:\/\/koningdrone.nl\/wp-content\/uploads\/2026\/04\/DJI-Neo-2-Fly-More-Combo-incl.-RC-N3-Controller-Action-300x300.jpg\" alt=\"DJI Neo 2 - Fly More Combo incl. RC-N3 Controller Action\" width=\"300\" height=\"300\" \/><\/a><\/p>\n<h4>Nuestro veredicto<\/h4>\n<p>Con este Fly More Combo, DJI ofrece un paquete que apoya plenamente tanto a los principiantes como a los creadores de drones experimentados. Ofrece facilidad de uso, flexibilidad y funciones suficientes para capturar im\u00e1genes creativas sin complicaciones. Combinando controles intuitivos, funciones inteligentes y tiempo de vuelo extra, el Neo 2 Fly More Combo es uno de los kits de drones m\u00e1s completos de su clase.<\/p>","protected":false},"excerpt":{"rendered":"<ul>\n<li>Incluye controlador DJI RC-N3 para un control preciso y fiable.<\/li>\n<li>M\u00faltiples bater\u00edas inteligentes y concentrador de carga bidireccional para prolongar el tiempo de vuelo.<\/li>\n<li>Modos de seguimiento inteligentes como ActiveTrack 4.0 para el seguimiento autom\u00e1tico del sujeto.<\/li>\n<li>C\u00e1mara 4K de 12 MP con im\u00e1genes estabilizadas gracias al card\u00e1n de 2 ejes + EIS.<\/li>\n<li>Opciones de control flexibles mediante el mando, la aplicaci\u00f3n para smartphone y el software DJI Fly.<\/li>\n<\/ul>","protected":false},"featured_media":18716,"template":"","meta":{"_acf_changed":false},"product_brand":[],"product_cat":[1722],"product_tag":[],"class_list":{"0":"post-18723","1":"product","2":"type-product","3":"status-publish","4":"has-post-thumbnail","6":"product_cat-dji-neo-2","7":"product_shipping_class-acsystemsall","8":"pa_brand-dji","9":"pa_producttype-drone","10":"pa_series-neo","12":"first","13":"instock","14":"taxable","15":"shipping-taxable","16":"purchasable","17":"product-type-simple"},"acf":[],"yoast_head":"<!-- This site is optimized with the Yoast SEO Premium plugin v27.2 (Yoast SEO v27.2) - https:\/\/yoast.com\/product\/yoast-seo-premium-wordpress\/ -->\n<title>DJI Neo 2 - Fly More Combo incl. RC-N3 Controller - koningdrone.be<\/title>\n<meta name=\"robots\" content=\"index, follow, max-snippet:-1, max-image-preview:large, max-video-preview:-1\" \/>\n<link rel=\"canonical\" href=\"https:\/\/koningdrone.be\/es\/producto\/dji-neo-2-fly-more-combo-incl-rc-n3-controller\/\" \/>\n<meta property=\"og:locale\" content=\"es_ES\" \/>\n<meta property=\"og:type\" content=\"article\" \/>\n<meta property=\"og:title\" content=\"DJI Neo 2 - Fly More Combo incl. RC-N3 Controller\" \/>\n<meta property=\"og:description\" content=\"Inclusief DJI RC\u2011N3 controller voor precieze en betrouwbare besturing.  Meerdere intelligente batterijen en two\u2011way charging hub voor langere vliegtijd.  Slimme tracking\u2011modi zoals ActiveTrack 4.0 voor automatisch onderwerpvolgen.  12\u202fMP 4K\u2011camera met gestabiliseerde beelden dankzij 2\u2011assige gimbal + EIS.  Flexibele besturingsopties via controller, smartphone\u2011app en DJI Fly\u2011software.\" \/>\n<meta property=\"og:url\" content=\"https:\/\/koningdrone.be\/es\/producto\/dji-neo-2-fly-more-combo-incl-rc-n3-controller\/\" \/>\n<meta property=\"og:site_name\" content=\"koningdrone.be\" \/>\n<meta property=\"article:modified_time\" content=\"2026-05-02T02:00:45+00:00\" \/>\n<meta property=\"og:image\" content=\"https:\/\/koningdrone.be\/wp-content\/uploads\/sites\/13\/2026\/04\/DJI-Neo-2-Fly-More-Combo-incl.-RC-N3-Controller.jpg\" \/>\n\t<meta property=\"og:image:width\" content=\"2560\" \/>\n\t<meta property=\"og:image:height\" content=\"2560\" \/>\n\t<meta property=\"og:image:type\" content=\"image\/jpeg\" \/>\n<meta name=\"twitter:card\" content=\"summary_large_image\" \/>\n<meta name=\"twitter:label1\" content=\"Tiempo de lectura\" \/>\n\t<meta name=\"twitter:data1\" content=\"3 minutos\" \/>\n<script type=\"application\/ld+json\" class=\"yoast-schema-graph\">{\"@context\":\"https:\/\/schema.org\",\"@graph\":[{\"@type\":\"WebPage\",\"@id\":\"https:\/\/koningdrone.be\/product\/dji-neo-2-fly-more-combo-incl-rc-n3-controller\/\",\"url\":\"https:\/\/koningdrone.be\/product\/dji-neo-2-fly-more-combo-incl-rc-n3-controller\/\",\"name\":\"DJI Neo 2 - Fly More Combo incl. RC-N3 Controller - koningdrone.be\",\"isPartOf\":{\"@id\":\"https:\/\/koningdrone.be\/#website\"},\"primaryImageOfPage\":{\"@id\":\"https:\/\/koningdrone.be\/product\/dji-neo-2-fly-more-combo-incl-rc-n3-controller\/#primaryimage\"},\"image\":{\"@id\":\"https:\/\/koningdrone.be\/product\/dji-neo-2-fly-more-combo-incl-rc-n3-controller\/#primaryimage\"},\"thumbnailUrl\":\"https:\/\/koningdrone.be\/wp-content\/uploads\/sites\/13\/2026\/04\/DJI-Neo-2-Fly-More-Combo-incl.-RC-N3-Controller.jpg\",\"datePublished\":\"2026-04-09T14:01:06+00:00\",\"dateModified\":\"2026-05-02T02:00:45+00:00\",\"breadcrumb\":{\"@id\":\"https:\/\/koningdrone.be\/product\/dji-neo-2-fly-more-combo-incl-rc-n3-controller\/#breadcrumb\"},\"inLanguage\":\"es\",\"potentialAction\":[{\"@type\":\"ReadAction\",\"target\":[\"https:\/\/koningdrone.be\/product\/dji-neo-2-fly-more-combo-incl-rc-n3-controller\/\"]}]},{\"@type\":\"ImageObject\",\"inLanguage\":\"es\",\"@id\":\"https:\/\/koningdrone.be\/product\/dji-neo-2-fly-more-combo-incl-rc-n3-controller\/#primaryimage\",\"url\":\"https:\/\/koningdrone.be\/wp-content\/uploads\/sites\/13\/2026\/04\/DJI-Neo-2-Fly-More-Combo-incl.-RC-N3-Controller.jpg\",\"contentUrl\":\"https:\/\/koningdrone.be\/wp-content\/uploads\/sites\/13\/2026\/04\/DJI-Neo-2-Fly-More-Combo-incl.-RC-N3-Controller.jpg\",\"width\":2560,\"height\":2560},{\"@type\":\"BreadcrumbList\",\"@id\":\"https:\/\/koningdrone.be\/product\/dji-neo-2-fly-more-combo-incl-rc-n3-controller\/#breadcrumb\",\"itemListElement\":[{\"@type\":\"ListItem\",\"position\":1,\"name\":\"Home\",\"item\":\"https:\/\/koningdrone.be\/\"},{\"@type\":\"ListItem\",\"position\":2,\"name\":\"AVSS Parachute Recovery System for DJI Matrice 300\/350\",\"item\":\"https:\/\/koningdrone.be\/product\/avss-parachute-recovery-system-for-dji-matrice-300-350\/\"},{\"@type\":\"ListItem\",\"position\":3,\"name\":\"DJI Neo 2\",\"item\":\"https:\/\/koningdrone.be\/categorie\/dji-neo-2\/\"},{\"@type\":\"ListItem\",\"position\":4,\"name\":\"DJI Neo 2 &#8211; Fly More Combo incl. RC-N3 Controller\"}]},{\"@type\":\"WebSite\",\"@id\":\"https:\/\/koningdrone.be\/#website\",\"url\":\"https:\/\/koningdrone.be\/\",\"name\":\"Koningdrone.be - Uw online specialist in drones, gimbals, camera's en power stations.\",\"description\":\"De webshop in drones en gimbals\",\"publisher\":{\"@id\":\"https:\/\/koningdrone.be\/#organization\"},\"potentialAction\":[{\"@type\":\"SearchAction\",\"target\":{\"@type\":\"EntryPoint\",\"urlTemplate\":\"https:\/\/koningdrone.be\/?s={search_term_string}\"},\"query-input\":{\"@type\":\"PropertyValueSpecification\",\"valueRequired\":true,\"valueName\":\"search_term_string\"}}],\"inLanguage\":\"es\"},{\"@type\":\"Organization\",\"@id\":\"https:\/\/koningdrone.be\/#organization\",\"name\":\"Koningdrone.be\",\"url\":\"https:\/\/koningdrone.be\/\",\"logo\":{\"@type\":\"ImageObject\",\"inLanguage\":\"es\",\"@id\":\"https:\/\/koningdrone.be\/#\/schema\/logo\/image\/\",\"url\":\"https:\/\/koningdrone.be\/wp-content\/uploads\/sites\/13\/2025\/04\/koningdrone-copyright-logo.svg\",\"contentUrl\":\"https:\/\/koningdrone.be\/wp-content\/uploads\/sites\/13\/2025\/04\/koningdrone-copyright-logo.svg\",\"width\":227,\"height\":38,\"caption\":\"Koningdrone.be\"},\"image\":{\"@id\":\"https:\/\/koningdrone.be\/#\/schema\/logo\/image\/\"}}]}<\/script>\n<!-- \/ Yoast SEO Premium plugin. -->","yoast_head_json":{"title":"DJI Neo 2 - Fly More Combo incl. RC-N3 Controller - koningdrone.be","robots":{"index":"index","follow":"follow","max-snippet":"max-snippet:-1","max-image-preview":"max-image-preview:large","max-video-preview":"max-video-preview:-1"},"canonical":"https:\/\/koningdrone.be\/es\/producto\/dji-neo-2-fly-more-combo-incl-rc-n3-controller\/","og_locale":"es_ES","og_type":"article","og_title":"DJI Neo 2 - Fly More Combo incl. RC-N3 Controller","og_description":"Inclusief DJI RC\u2011N3 controller voor precieze en betrouwbare besturing.  Meerdere intelligente batterijen en two\u2011way charging hub voor langere vliegtijd.  Slimme tracking\u2011modi zoals ActiveTrack 4.0 voor automatisch onderwerpvolgen.  12\u202fMP 4K\u2011camera met gestabiliseerde beelden dankzij 2\u2011assige gimbal + EIS.  Flexibele besturingsopties via controller, smartphone\u2011app en DJI Fly\u2011software.","og_url":"https:\/\/koningdrone.be\/es\/producto\/dji-neo-2-fly-more-combo-incl-rc-n3-controller\/","og_site_name":"koningdrone.be","article_modified_time":"2026-05-02T02:00:45+00:00","og_image":[{"width":2560,"height":2560,"url":"https:\/\/koningdrone.be\/wp-content\/uploads\/sites\/13\/2026\/04\/DJI-Neo-2-Fly-More-Combo-incl.-RC-N3-Controller.jpg","type":"image\/jpeg"}],"twitter_card":"summary_large_image","twitter_misc":{"Tiempo de lectura":"3 minutos"},"schema":{"@context":"https:\/\/schema.org","@graph":[{"@type":"WebPage","@id":"https:\/\/koningdrone.be\/product\/dji-neo-2-fly-more-combo-incl-rc-n3-controller\/","url":"https:\/\/koningdrone.be\/product\/dji-neo-2-fly-more-combo-incl-rc-n3-controller\/","name":"DJI Neo 2 - Fly More Combo incl. RC-N3 Controller - koningdrone.be","isPartOf":{"@id":"https:\/\/koningdrone.be\/#website"},"primaryImageOfPage":{"@id":"https:\/\/koningdrone.be\/product\/dji-neo-2-fly-more-combo-incl-rc-n3-controller\/#primaryimage"},"image":{"@id":"https:\/\/koningdrone.be\/product\/dji-neo-2-fly-more-combo-incl-rc-n3-controller\/#primaryimage"},"thumbnailUrl":"https:\/\/koningdrone.be\/wp-content\/uploads\/sites\/13\/2026\/04\/DJI-Neo-2-Fly-More-Combo-incl.-RC-N3-Controller.jpg","datePublished":"2026-04-09T14:01:06+00:00","dateModified":"2026-05-02T02:00:45+00:00","breadcrumb":{"@id":"https:\/\/koningdrone.be\/product\/dji-neo-2-fly-more-combo-incl-rc-n3-controller\/#breadcrumb"},"inLanguage":"es","potentialAction":[{"@type":"ReadAction","target":["https:\/\/koningdrone.be\/product\/dji-neo-2-fly-more-combo-incl-rc-n3-controller\/"]}]},{"@type":"ImageObject","inLanguage":"es","@id":"https:\/\/koningdrone.be\/product\/dji-neo-2-fly-more-combo-incl-rc-n3-controller\/#primaryimage","url":"https:\/\/koningdrone.be\/wp-content\/uploads\/sites\/13\/2026\/04\/DJI-Neo-2-Fly-More-Combo-incl.-RC-N3-Controller.jpg","contentUrl":"https:\/\/koningdrone.be\/wp-content\/uploads\/sites\/13\/2026\/04\/DJI-Neo-2-Fly-More-Combo-incl.-RC-N3-Controller.jpg","width":2560,"height":2560},{"@type":"BreadcrumbList","@id":"https:\/\/koningdrone.be\/product\/dji-neo-2-fly-more-combo-incl-rc-n3-controller\/#breadcrumb","itemListElement":[{"@type":"ListItem","position":1,"name":"Home","item":"https:\/\/koningdrone.be\/"},{"@type":"ListItem","position":2,"name":"AVSS Parachute Recovery System for DJI Matrice 300\/350","item":"https:\/\/koningdrone.be\/product\/avss-parachute-recovery-system-for-dji-matrice-300-350\/"},{"@type":"ListItem","position":3,"name":"DJI Neo 2","item":"https:\/\/koningdrone.be\/categorie\/dji-neo-2\/"},{"@type":"ListItem","position":4,"name":"DJI Neo 2 &#8211; Fly More Combo incl. RC-N3 Controller"}]},{"@type":"WebSite","@id":"https:\/\/koningdrone.be\/#website","url":"https:\/\/koningdrone.be\/","name":"Koningdrone.be - Su especialista en l\u00ednea en drones, cardanes, c\u00e1maras y centrales el\u00e9ctricas.","description":"La tienda virtual de drones y cardanes","publisher":{"@id":"https:\/\/koningdrone.be\/#organization"},"potentialAction":[{"@type":"SearchAction","target":{"@type":"EntryPoint","urlTemplate":"https:\/\/koningdrone.be\/?s={search_term_string}"},"query-input":{"@type":"PropertyValueSpecification","valueRequired":true,"valueName":"search_term_string"}}],"inLanguage":"es"},{"@type":"Organization","@id":"https:\/\/koningdrone.be\/#organization","name":"Kingdrone.es","url":"https:\/\/koningdrone.be\/","logo":{"@type":"ImageObject","inLanguage":"es","@id":"https:\/\/koningdrone.be\/#\/schema\/logo\/image\/","url":"https:\/\/koningdrone.be\/wp-content\/uploads\/sites\/13\/2025\/04\/koningdrone-copyright-logo.svg","contentUrl":"https:\/\/koningdrone.be\/wp-content\/uploads\/sites\/13\/2025\/04\/koningdrone-copyright-logo.svg","width":227,"height":38,"caption":"Koningdrone.be"},"image":{"@id":"https:\/\/koningdrone.be\/#\/schema\/logo\/image\/"}}]}},"df_price":391,"df_sale_price":"","df_regular_price":391,"df_image_link":"https:\/\/koningdrone.be\/wp-content\/uploads\/sites\/13\/2026\/04\/DJI-Neo-2-Fly-More-Combo-incl.-RC-N3-Controller-300x300.jpg","_links":{"self":[{"href":"https:\/\/koningdrone.be\/es\/wp-json\/wp\/v2\/product\/18723","targetHints":{"allow":["GET"]}}],"collection":[{"href":"https:\/\/koningdrone.be\/es\/wp-json\/wp\/v2\/product"}],"about":[{"href":"https:\/\/koningdrone.be\/es\/wp-json\/wp\/v2\/types\/product"}],"wp:featuredmedia":[{"embeddable":true,"href":"https:\/\/koningdrone.be\/es\/wp-json\/wp\/v2\/media\/18716"}],"wp:attachment":[{"href":"https:\/\/koningdrone.be\/es\/wp-json\/wp\/v2\/media?parent=18723"}],"wp:term":[{"taxonomy":"product_brand","embeddable":true,"href":"https:\/\/koningdrone.be\/es\/wp-json\/wp\/v2\/product_brand?post=18723"},{"taxonomy":"product_cat","embeddable":true,"href":"https:\/\/koningdrone.be\/es\/wp-json\/wp\/v2\/product_cat?post=18723"},{"taxonomy":"product_tag","embeddable":true,"href":"https:\/\/koningdrone.be\/es\/wp-json\/wp\/v2\/product_tag?post=18723"}],"curies":[{"name":"wp","href":"https:\/\/api.w.org\/{rel}","templated":true}]}}