{"id":18715,"date":"2026-04-09T16:01:30","date_gmt":"2026-04-09T14:01:30","guid":{"rendered":"https:\/\/koningdrone.be\/?post_type=product&#038;p=18715"},"modified":"2026-05-02T04:00:44","modified_gmt":"2026-05-02T02:00:44","slug":"dji-neo-2-drone-only","status":"publish","type":"product","link":"https:\/\/koningdrone.be\/es\/producto\/dji-neo-2-drone-only\/","title":{"rendered":"DJI Neo 2 - S\u00f3lo dron"},"content":{"rendered":"<h3>DJI Neo 2 - S\u00f3lo dron<\/h3>\n<p><iframe loading=\"lazy\" title=\"DJI Neo 2\uff5cPrimer uso (s\u00f3lo dron)\" width=\"800\" height=\"450\" src=\"https:\/\/www.youtube.com\/embed\/JJ7rYieicew?feature=oembed&#038;enablejsapi=1&#038;origin=https:\/\/koningdrone.be\" frameborder=\"0\" allow=\"accelerometer; autoplay; clipboard-write; encrypted-media; gyroscope; picture-in-picture; web-share\" referrerpolicy=\"strict-origin-when-cross-origin\" allowfullscreen><\/iframe><\/p>\n<p style=\"margin-top: 20px\">El DJI Neo 2 es un dron inteligente y compacto que redefine el mundo de la fotograf\u00eda a\u00e9rea. Con un equilibrio perfecto entre rendimiento, facilidad de uso y capacidades creativas, este dron est\u00e1 dise\u00f1ado para cualquiera que quiera capturar im\u00e1genes impresionantes, desde pilotos principiantes hasta creadores de contenidos avanzados. Lo que hace especial al Neo 2 es que convierte el vuelo no en un mero proceso t\u00e9cnico, sino en toda una experiencia de libertad, precisi\u00f3n y creatividad.<\/p>\n<p style=\"margin-bottom: 20px\">Palm Takeoff &amp; Landing le permite literalmente despegar o aterrizar el Neo 2 desde su mano, haciendo que cada inicio de vuelo sea sencillo e intuitivo. El sistema se siente natural y le da un control instant\u00e1neo, sin ajustes complicados o preparaciones largas. Una vez que el dron est\u00e1 en el aire, notar\u00e1 lo sensible y estable que es, permiti\u00e9ndole maniobrar sin esfuerzo a trav\u00e9s de espacios estrechos, paisajes o alrededor de objetos.<\/p>\n<p><a href=\"https:\/\/koningdrone.nl\/wp-content\/uploads\/2026\/04\/DJI-Neo-2-Drone-Only.jpg\"><img loading=\"lazy\" decoding=\"async\" class=\"size-medium wp-image-472400 aligncenter\" src=\"https:\/\/koningdrone.nl\/wp-content\/uploads\/2026\/04\/DJI-Neo-2-Drone-Only-300x300.jpg\" alt=\"DJI Neo 2 - Drone Only\" width=\"300\" height=\"300\" \/><\/a><\/p>\n<h4>Im\u00e1genes cinematogr\u00e1ficas y funciones inteligentes<\/h4>\n<p>La Neo 2 incorpora una c\u00e1mara de 12 MP con sensor CMOS de 1\/2 pulgada y apertura f\/2,2, que permite grabar v\u00eddeos 4K fluidos de hasta 60 fps e incluso 4K 100 fps a c\u00e1mara lenta para conseguir efectos espectaculares. Gracias a la combinaci\u00f3n de un card\u00e1n de 2 ejes y la estabilizaci\u00f3n electr\u00f3nica de imagen (EIS), sus tomas se mantienen estables y profesionales, incluso durante movimientos r\u00e1pidos o el seguimiento de sujetos. Funciones inteligentes como ActiveTrack siguen autom\u00e1ticamente al sujeto elegido, mientras que SelfieShot posiciona el dron a la perfecci\u00f3n para conseguir tomas suaves y bien encuadradas, facilitando la creaci\u00f3n de im\u00e1genes complejas.<\/p>\n<h4>Controles intuitivos y experiencia de vuelo envolvente<\/h4>\n<p style=\"margin-bottom: 20px\">Con el Neo 2, experimentar\u00e1s un control natural gracias a la avanzada tecnolog\u00eda de control de vuelo de DJI. Tanto si vuelas a trav\u00e9s de la aplicaci\u00f3n para smartphone como si utilizas un mando compatible, el dron responde con precisi\u00f3n a cada movimiento y lleva tu libertad creativa al siguiente nivel. La combinaci\u00f3n de controles intuitivos y transmisi\u00f3n de v\u00eddeo en tiempo real facilita la realizaci\u00f3n de maniobras precisas y la planificaci\u00f3n de tomas impresionantes, incluso para los principiantes.<\/p>\n<p><a href=\"https:\/\/koningdrone.nl\/wp-content\/uploads\/2026\/04\/DJI-Neo-2-Drone-Only-Product.jpg\"><img loading=\"lazy\" decoding=\"async\" class=\"size-medium wp-image-472395 aligncenter\" src=\"https:\/\/koningdrone.nl\/wp-content\/uploads\/2026\/04\/DJI-Neo-2-Drone-Only-Product-300x300.jpg\" alt=\"DJI Neo 2 - Drone Only Product\" width=\"300\" height=\"300\" \/><\/a><\/p>\n<h4>Seguridad y dise\u00f1o robusto<\/h4>\n<p>El Neo 2 est\u00e1 equipado con un sistema omnidireccional de detecci\u00f3n de obst\u00e1culos para detectar y evitar objetos en tiempo real. Junto con la protecci\u00f3n integrada de la h\u00e9lice, esto permite volar con seguridad, incluso en entornos dif\u00edciles o cuando se vuela cerca de personas y objetos. Gracias a su dise\u00f1o ligero y port\u00e1til, puedes llevarte el dron a cualquier parte y estar listo para el siguiente vuelo en cuesti\u00f3n de segundos.<\/p>\n<h4>Por qu\u00e9 el DJI Neo 2 es una elecci\u00f3n excelente<\/h4>\n<p style=\"margin-bottom: 20px\">El Neo 2 combina controles intuitivos, tecnolog\u00eda de c\u00e1mara avanzada, funciones inteligentes y seguridad en un paquete compacto. Pone el FPV y la fotograf\u00eda a\u00e9rea creativa al alcance de todos, al tiempo que ofrece a los pilotos experimentados todas las herramientas que necesitan para crear impresionantes im\u00e1genes cinematogr\u00e1ficas. Tanto si quieres capturar momentos familiares, viajes o acciones espont\u00e1neas, este dron ofrece una experiencia de vuelo vers\u00e1til, envolvente y fiable que ampl\u00eda significativamente tus posibilidades creativas.<\/p>\n<p><a href=\"https:\/\/koningdrone.nl\/wp-content\/uploads\/2026\/04\/DJI-Neo-2-Drone-Only-Action.jpg\"><img loading=\"lazy\" decoding=\"async\" class=\"size-medium wp-image-472394 aligncenter\" src=\"https:\/\/koningdrone.nl\/wp-content\/uploads\/2026\/04\/DJI-Neo-2-Drone-Only-Action-300x300.jpg\" alt=\"DJI Neo 2 - Drone Only Action\" width=\"300\" height=\"300\" \/><\/a><\/p>\n<h4>Nuestro veredicto<\/h4>\n<p>Con el DJI Neo 2, DJI ofrece un dron que inspira y ayuda tanto a principiantes como a pilotos experimentados. La combinaci\u00f3n de facilidad de uso, funciones inteligentes, tomas de c\u00e1mara estables y portabilidad hacen de este dron una de las opciones m\u00e1s completas y atractivas de su clase. Para cualquiera que desee grabar secuencias a\u00e9reas de alta calidad y experimentar la emoci\u00f3n de un dron verdaderamente inteligente, el Neo 2 es una excelente inversi\u00f3n.<\/p>","protected":false},"excerpt":{"rendered":"<ul>\n<li>Despegue y aterrizaje con la palma de la mano para vuelos intuitivos y sin esfuerzo.<\/li>\n<li>C\u00e1mara de 12 MP con grabaci\u00f3n de v\u00eddeo 4K de hasta 60 fps y c\u00e1mara lenta 4K de 100 fps.<\/li>\n<li>Funciones de seguimiento activo como ActiveTrack y SelfieShot para el seguimiento autom\u00e1tico.<\/li>\n<li>Detecci\u00f3n de obst\u00e1culos omnidireccional y protecci\u00f3n de las h\u00e9lices para mayor seguridad.<\/li>\n<li>Dise\u00f1o ligero y port\u00e1til ideal para viajar.<\/li>\n<\/ul>","protected":false},"featured_media":18708,"template":"","meta":{"_acf_changed":false},"product_brand":[],"product_cat":[1722],"product_tag":[],"class_list":{"0":"post-18715","1":"product","2":"type-product","3":"status-publish","4":"has-post-thumbnail","6":"product_cat-dji-neo-2","7":"product_shipping_class-acsystemsall","8":"pa_brand-dji","9":"pa_producttype-drone","10":"pa_series-neo","12":"first","13":"instock","14":"taxable","15":"shipping-taxable","16":"purchasable","17":"product-type-simple"},"acf":[],"yoast_head":"<!-- This site is optimized with the Yoast SEO Premium plugin v27.2 (Yoast SEO v27.2) - https:\/\/yoast.com\/product\/yoast-seo-premium-wordpress\/ -->\n<title>DJI Neo 2 - Drone Only - koningdrone.be<\/title>\n<meta name=\"robots\" content=\"index, follow, max-snippet:-1, max-image-preview:large, max-video-preview:-1\" \/>\n<link rel=\"canonical\" href=\"https:\/\/koningdrone.be\/es\/producto\/dji-neo-2-drone-only\/\" \/>\n<meta property=\"og:locale\" content=\"es_ES\" \/>\n<meta property=\"og:type\" content=\"article\" \/>\n<meta property=\"og:title\" content=\"DJI Neo 2 - Drone Only\" \/>\n<meta property=\"og:description\" content=\"Palm Takeoff &amp; Landing voor intu\u00eftieve en moeiteloze vluchten.  12\u202fMP camera met 4K video\u2011opname tot 60\u202ffps en 4K 100\u202ffps slow\u2011motion.  Actieve tracking\u2011functies zoals ActiveTrack en SelfieShot voor automatisch volgen.  Omnidirectionele obstakeldetectie en propellerbescherming voor extra veiligheid.  Licht en draagbaar ontwerp ideaal voor onderweg.\" \/>\n<meta property=\"og:url\" content=\"https:\/\/koningdrone.be\/es\/producto\/dji-neo-2-drone-only\/\" \/>\n<meta property=\"og:site_name\" content=\"koningdrone.be\" \/>\n<meta property=\"article:modified_time\" content=\"2026-05-02T02:00:44+00:00\" \/>\n<meta property=\"og:image\" content=\"https:\/\/koningdrone.be\/wp-content\/uploads\/sites\/13\/2026\/04\/DJI-Neo-2-Drone-Only.jpg\" \/>\n\t<meta property=\"og:image:width\" content=\"2560\" \/>\n\t<meta property=\"og:image:height\" content=\"2560\" \/>\n\t<meta property=\"og:image:type\" content=\"image\/jpeg\" \/>\n<meta name=\"twitter:card\" content=\"summary_large_image\" \/>\n<meta name=\"twitter:label1\" content=\"Tiempo de lectura\" \/>\n\t<meta name=\"twitter:data1\" content=\"3 minutos\" \/>\n<script type=\"application\/ld+json\" class=\"yoast-schema-graph\">{\"@context\":\"https:\/\/schema.org\",\"@graph\":[{\"@type\":\"WebPage\",\"@id\":\"https:\/\/koningdrone.be\/product\/dji-neo-2-drone-only\/\",\"url\":\"https:\/\/koningdrone.be\/product\/dji-neo-2-drone-only\/\",\"name\":\"DJI Neo 2 - Drone Only - koningdrone.be\",\"isPartOf\":{\"@id\":\"https:\/\/koningdrone.be\/#website\"},\"primaryImageOfPage\":{\"@id\":\"https:\/\/koningdrone.be\/product\/dji-neo-2-drone-only\/#primaryimage\"},\"image\":{\"@id\":\"https:\/\/koningdrone.be\/product\/dji-neo-2-drone-only\/#primaryimage\"},\"thumbnailUrl\":\"https:\/\/koningdrone.be\/wp-content\/uploads\/sites\/13\/2026\/04\/DJI-Neo-2-Drone-Only.jpg\",\"datePublished\":\"2026-04-09T14:01:30+00:00\",\"dateModified\":\"2026-05-02T02:00:44+00:00\",\"breadcrumb\":{\"@id\":\"https:\/\/koningdrone.be\/product\/dji-neo-2-drone-only\/#breadcrumb\"},\"inLanguage\":\"es\",\"potentialAction\":[{\"@type\":\"ReadAction\",\"target\":[\"https:\/\/koningdrone.be\/product\/dji-neo-2-drone-only\/\"]}]},{\"@type\":\"ImageObject\",\"inLanguage\":\"es\",\"@id\":\"https:\/\/koningdrone.be\/product\/dji-neo-2-drone-only\/#primaryimage\",\"url\":\"https:\/\/koningdrone.be\/wp-content\/uploads\/sites\/13\/2026\/04\/DJI-Neo-2-Drone-Only.jpg\",\"contentUrl\":\"https:\/\/koningdrone.be\/wp-content\/uploads\/sites\/13\/2026\/04\/DJI-Neo-2-Drone-Only.jpg\",\"width\":2560,\"height\":2560},{\"@type\":\"BreadcrumbList\",\"@id\":\"https:\/\/koningdrone.be\/product\/dji-neo-2-drone-only\/#breadcrumb\",\"itemListElement\":[{\"@type\":\"ListItem\",\"position\":1,\"name\":\"Home\",\"item\":\"https:\/\/koningdrone.be\/\"},{\"@type\":\"ListItem\",\"position\":2,\"name\":\"AVSS Parachute Recovery System for DJI Matrice 300\/350\",\"item\":\"https:\/\/koningdrone.be\/product\/avss-parachute-recovery-system-for-dji-matrice-300-350\/\"},{\"@type\":\"ListItem\",\"position\":3,\"name\":\"DJI Neo 2\",\"item\":\"https:\/\/koningdrone.be\/categorie\/dji-neo-2\/\"},{\"@type\":\"ListItem\",\"position\":4,\"name\":\"DJI Neo 2 &#8211; Drone Only\"}]},{\"@type\":\"WebSite\",\"@id\":\"https:\/\/koningdrone.be\/#website\",\"url\":\"https:\/\/koningdrone.be\/\",\"name\":\"Koningdrone.be - Uw online specialist in drones, gimbals, camera's en power stations.\",\"description\":\"De webshop in drones en gimbals\",\"publisher\":{\"@id\":\"https:\/\/koningdrone.be\/#organization\"},\"potentialAction\":[{\"@type\":\"SearchAction\",\"target\":{\"@type\":\"EntryPoint\",\"urlTemplate\":\"https:\/\/koningdrone.be\/?s={search_term_string}\"},\"query-input\":{\"@type\":\"PropertyValueSpecification\",\"valueRequired\":true,\"valueName\":\"search_term_string\"}}],\"inLanguage\":\"es\"},{\"@type\":\"Organization\",\"@id\":\"https:\/\/koningdrone.be\/#organization\",\"name\":\"Koningdrone.be\",\"url\":\"https:\/\/koningdrone.be\/\",\"logo\":{\"@type\":\"ImageObject\",\"inLanguage\":\"es\",\"@id\":\"https:\/\/koningdrone.be\/#\/schema\/logo\/image\/\",\"url\":\"https:\/\/koningdrone.be\/wp-content\/uploads\/sites\/13\/2025\/04\/koningdrone-copyright-logo.svg\",\"contentUrl\":\"https:\/\/koningdrone.be\/wp-content\/uploads\/sites\/13\/2025\/04\/koningdrone-copyright-logo.svg\",\"width\":227,\"height\":38,\"caption\":\"Koningdrone.be\"},\"image\":{\"@id\":\"https:\/\/koningdrone.be\/#\/schema\/logo\/image\/\"}}]}<\/script>\n<!-- \/ Yoast SEO Premium plugin. -->","yoast_head_json":{"title":"DJI Neo 2 - Drone Only - koningdrone.be","robots":{"index":"index","follow":"follow","max-snippet":"max-snippet:-1","max-image-preview":"max-image-preview:large","max-video-preview":"max-video-preview:-1"},"canonical":"https:\/\/koningdrone.be\/es\/producto\/dji-neo-2-drone-only\/","og_locale":"es_ES","og_type":"article","og_title":"DJI Neo 2 - Drone Only","og_description":"Palm Takeoff &amp; Landing voor intu\u00eftieve en moeiteloze vluchten.  12\u202fMP camera met 4K video\u2011opname tot 60\u202ffps en 4K 100\u202ffps slow\u2011motion.  Actieve tracking\u2011functies zoals ActiveTrack en SelfieShot voor automatisch volgen.  Omnidirectionele obstakeldetectie en propellerbescherming voor extra veiligheid.  Licht en draagbaar ontwerp ideaal voor onderweg.","og_url":"https:\/\/koningdrone.be\/es\/producto\/dji-neo-2-drone-only\/","og_site_name":"koningdrone.be","article_modified_time":"2026-05-02T02:00:44+00:00","og_image":[{"width":2560,"height":2560,"url":"https:\/\/koningdrone.be\/wp-content\/uploads\/sites\/13\/2026\/04\/DJI-Neo-2-Drone-Only.jpg","type":"image\/jpeg"}],"twitter_card":"summary_large_image","twitter_misc":{"Tiempo de lectura":"3 minutos"},"schema":{"@context":"https:\/\/schema.org","@graph":[{"@type":"WebPage","@id":"https:\/\/koningdrone.be\/product\/dji-neo-2-drone-only\/","url":"https:\/\/koningdrone.be\/product\/dji-neo-2-drone-only\/","name":"DJI Neo 2 - Drone Only - koningdrone.be","isPartOf":{"@id":"https:\/\/koningdrone.be\/#website"},"primaryImageOfPage":{"@id":"https:\/\/koningdrone.be\/product\/dji-neo-2-drone-only\/#primaryimage"},"image":{"@id":"https:\/\/koningdrone.be\/product\/dji-neo-2-drone-only\/#primaryimage"},"thumbnailUrl":"https:\/\/koningdrone.be\/wp-content\/uploads\/sites\/13\/2026\/04\/DJI-Neo-2-Drone-Only.jpg","datePublished":"2026-04-09T14:01:30+00:00","dateModified":"2026-05-02T02:00:44+00:00","breadcrumb":{"@id":"https:\/\/koningdrone.be\/product\/dji-neo-2-drone-only\/#breadcrumb"},"inLanguage":"es","potentialAction":[{"@type":"ReadAction","target":["https:\/\/koningdrone.be\/product\/dji-neo-2-drone-only\/"]}]},{"@type":"ImageObject","inLanguage":"es","@id":"https:\/\/koningdrone.be\/product\/dji-neo-2-drone-only\/#primaryimage","url":"https:\/\/koningdrone.be\/wp-content\/uploads\/sites\/13\/2026\/04\/DJI-Neo-2-Drone-Only.jpg","contentUrl":"https:\/\/koningdrone.be\/wp-content\/uploads\/sites\/13\/2026\/04\/DJI-Neo-2-Drone-Only.jpg","width":2560,"height":2560},{"@type":"BreadcrumbList","@id":"https:\/\/koningdrone.be\/product\/dji-neo-2-drone-only\/#breadcrumb","itemListElement":[{"@type":"ListItem","position":1,"name":"Home","item":"https:\/\/koningdrone.be\/"},{"@type":"ListItem","position":2,"name":"AVSS Parachute Recovery System for DJI Matrice 300\/350","item":"https:\/\/koningdrone.be\/product\/avss-parachute-recovery-system-for-dji-matrice-300-350\/"},{"@type":"ListItem","position":3,"name":"DJI Neo 2","item":"https:\/\/koningdrone.be\/categorie\/dji-neo-2\/"},{"@type":"ListItem","position":4,"name":"DJI Neo 2 &#8211; Drone Only"}]},{"@type":"WebSite","@id":"https:\/\/koningdrone.be\/#website","url":"https:\/\/koningdrone.be\/","name":"Koningdrone.be - Su especialista en l\u00ednea en drones, cardanes, c\u00e1maras y centrales el\u00e9ctricas.","description":"La tienda virtual de drones y cardanes","publisher":{"@id":"https:\/\/koningdrone.be\/#organization"},"potentialAction":[{"@type":"SearchAction","target":{"@type":"EntryPoint","urlTemplate":"https:\/\/koningdrone.be\/?s={search_term_string}"},"query-input":{"@type":"PropertyValueSpecification","valueRequired":true,"valueName":"search_term_string"}}],"inLanguage":"es"},{"@type":"Organization","@id":"https:\/\/koningdrone.be\/#organization","name":"Kingdrone.es","url":"https:\/\/koningdrone.be\/","logo":{"@type":"ImageObject","inLanguage":"es","@id":"https:\/\/koningdrone.be\/#\/schema\/logo\/image\/","url":"https:\/\/koningdrone.be\/wp-content\/uploads\/sites\/13\/2025\/04\/koningdrone-copyright-logo.svg","contentUrl":"https:\/\/koningdrone.be\/wp-content\/uploads\/sites\/13\/2025\/04\/koningdrone-copyright-logo.svg","width":227,"height":38,"caption":"Koningdrone.be"},"image":{"@id":"https:\/\/koningdrone.be\/#\/schema\/logo\/image\/"}}]}},"df_price":238,"df_sale_price":"","df_regular_price":238,"df_image_link":"https:\/\/koningdrone.be\/wp-content\/uploads\/sites\/13\/2026\/04\/DJI-Neo-2-Drone-Only-300x300.jpg","_links":{"self":[{"href":"https:\/\/koningdrone.be\/es\/wp-json\/wp\/v2\/product\/18715","targetHints":{"allow":["GET"]}}],"collection":[{"href":"https:\/\/koningdrone.be\/es\/wp-json\/wp\/v2\/product"}],"about":[{"href":"https:\/\/koningdrone.be\/es\/wp-json\/wp\/v2\/types\/product"}],"wp:featuredmedia":[{"embeddable":true,"href":"https:\/\/koningdrone.be\/es\/wp-json\/wp\/v2\/media\/18708"}],"wp:attachment":[{"href":"https:\/\/koningdrone.be\/es\/wp-json\/wp\/v2\/media?parent=18715"}],"wp:term":[{"taxonomy":"product_brand","embeddable":true,"href":"https:\/\/koningdrone.be\/es\/wp-json\/wp\/v2\/product_brand?post=18715"},{"taxonomy":"product_cat","embeddable":true,"href":"https:\/\/koningdrone.be\/es\/wp-json\/wp\/v2\/product_cat?post=18715"},{"taxonomy":"product_tag","embeddable":true,"href":"https:\/\/koningdrone.be\/es\/wp-json\/wp\/v2\/product_tag?post=18715"}],"curies":[{"name":"wp","href":"https:\/\/api.w.org\/{rel}","templated":true}]}}