{"id":18707,"date":"2026-04-09T15:22:47","date_gmt":"2026-04-09T13:22:47","guid":{"rendered":"https:\/\/koningdrone.be\/?post_type=product&#038;p=18707"},"modified":"2026-04-29T04:10:33","modified_gmt":"2026-04-29T02:10:33","slug":"dji-avata-2-fly-smart-combo-single-battery","status":"publish","type":"product","link":"https:\/\/koningdrone.be\/es\/producto\/dji-avata-2-fly-smart-combo-single-battery\/","title":{"rendered":"DJI Avata 2 - Fly Smart Combo - Bater\u00eda Simple"},"content":{"rendered":"<h3>DJI Avata 2 - Fly Smart Combo - Bater\u00eda Simple<\/h3>\n<p>En <strong>DJI Avata 2 Fly Smart Combo (Bater\u00eda Simple)<\/strong> representa el siguiente paso en la tecnolog\u00eda FPV de DJI. Este dron est\u00e1 dise\u00f1ado para que volar no s\u00f3lo sea m\u00e1s f\u00e1cil, sino, lo que es m\u00e1s importante, m\u00e1s envolvente. En lugar de controlar un dron a distancia, el Avata 2 te da la sensaci\u00f3n de moverte t\u00fa mismo por el aire. La combinaci\u00f3n de un dron FPV compacto, las DJI Goggles y los controles basados en el movimiento crean una experiencia de vuelo \u00fanica en la que la velocidad, la perspectiva y la creatividad son la clave.<\/p>\n<p style=\"margin-bottom: 20px\">El Avata 2 est\u00e1 dise\u00f1ado tanto para pilotos FPV principiantes como para usuarios de drones experimentados que buscan una forma m\u00e1s din\u00e1mica de volar. Donde los drones tradicionales se centran en tomas a\u00e9reas estables, este dron es todo movimiento y perspectiva. Volar\u00e1s m\u00e1s cerca de los objetos, a trav\u00e9s de espacios estrechos y a lo largo de paisajes con una velocidad y fluidez que permiten un tipo completamente nuevo de tomas a\u00e9reas.<\/p>\n<p><a href=\"https:\/\/koningdrone.nl\/wp-content\/uploads\/2026\/04\/DJI-Avata-2-Fly-Smart-Combo-Single-Battery.jpg\"><img loading=\"lazy\" decoding=\"async\" class=\"size-medium wp-image-472379 aligncenter\" src=\"https:\/\/koningdrone.nl\/wp-content\/uploads\/2026\/04\/DJI-Avata-2-Fly-Smart-Combo-Single-Battery-300x300.jpg\" alt=\"DJI Avata 2 - Fly Smart Combo - Single Battery\" width=\"300\" height=\"300\" \/><\/a><\/p>\n<h4>Caracter\u00edsticas principales<\/h4>\n<h5>Im\u00e1genes FPV cinematogr\u00e1ficas con un amplio \u00e1ngulo de visi\u00f3n<\/h5>\n<p>La Avata 2 incorpora un potente sensor de c\u00e1mara dise\u00f1ado espec\u00edficamente para disparos r\u00e1pidos y din\u00e1micos. Gracias al amplio \u00e1ngulo de visi\u00f3n, las im\u00e1genes adquieren una impresionante perspectiva en primera persona que amplifica la velocidad y la profundidad. Esto hace que el dron sea perfecto para grabaciones de acci\u00f3n, deportes y proyectos de v\u00eddeo creativos en los que el movimiento es clave.<\/p>\n<h5>Una experiencia de vuelo inmersiva en primera persona<\/h5>\n<p>Cuando utilizas el dron con las gafas FPV de DJI, volar cambia por completo. En lugar de mirar una peque\u00f1a pantalla, ves una imagen en directo directamente desde la c\u00e1mara del dron. Esto hace que cada vuelo sea m\u00e1s intenso y realista. El resultado es una experiencia mucho m\u00e1s cercana al vuelo real que el control tradicional de un dron.<\/p>\n<h5>Control de movimiento intuitivo para un control natural<\/h5>\n<p>El controlador basado en movimiento le permite controlar el dron con movimientos naturales de la mano. Simplemente apuntando hacia donde quieres volar, el dron sigue tu movimiento. Esto hace que el vuelo FPV sea sorprendentemente accesible para los principiantes, a la vez que proporciona la precisi\u00f3n necesaria para realizar movimientos creativos con la c\u00e1mara.<\/p>\n<h5>Dise\u00f1o compacto y robusto para vuelos din\u00e1micos<\/h5>\n<p>El DJI Avata 2 est\u00e1 dise\u00f1ado para vuelos aventureros cerca de objetos y a trav\u00e9s de entornos complejos. El armaz\u00f3n protegido con protecci\u00f3n de h\u00e9lice integrada aumenta la durabilidad y hace que el dron sea m\u00e1s resistente al uso intensivo. Esto te permite experimentar con patrones de vuelo creativos y nuevos \u00e1ngulos de c\u00e1mara con m\u00e1s confianza.<\/p>\n<h5>Conexi\u00f3n estable y control fiable<\/h5>\n<p>Para el vuelo FPV, la transmisi\u00f3n de v\u00eddeo estable es esencial. DJI ha equipado la Avata 2 con una avanzada tecnolog\u00eda de transmisi\u00f3n que garantiza una imagen en directo clara y estable durante el vuelo. Como resultado, siempre mantendr\u00e1s una visi\u00f3n clara de tu entorno y podr\u00e1s maniobrar con precisi\u00f3n.<\/p>\n<h5>Por qu\u00e9 este Fly Smart Combo es una opci\u00f3n ideal<\/h5>\n<p>El Fly Smart Combo ofrece una introducci\u00f3n completa al mundo del vuelo FPV en un solo paquete. DJI ha dise\u00f1ado la tecnolog\u00eda para que los usuarios puedan empezar r\u00e1pidamente sin instalaciones complicadas ni conocimientos t\u00e9cnicos. Esto permite tanto a principiantes como a pilotos experimentados centrarse plenamente en volar y capturar secuencias \u00fanicas.<\/p>\n<p><a href=\"https:\/\/koningdrone.nl\/wp-content\/uploads\/2026\/04\/Product-DJI-Avata-2-Fly-Smart-Combo-Single-Battery.jpg\"><img loading=\"lazy\" decoding=\"async\" class=\"size-medium wp-image-472378 aligncenter\" src=\"https:\/\/koningdrone.nl\/wp-content\/uploads\/2026\/04\/Product-DJI-Avata-2-Fly-Smart-Combo-Single-Battery-300x300.jpg\" alt=\"Product DJI Avata 2 - Fly Smart Combo - Single Battery\" width=\"300\" height=\"300\" \/><\/a><\/p>\n<h4>Nuestro veredicto<\/h4>\n<p style=\"margin-bottom: 20px\">Con el Avata 2, DJI demuestra lo accesible e impresionante que puede ser el vuelo FPV. La combinaci\u00f3n de una potente c\u00e1mara, controles intuitivos y un dise\u00f1o compacto pero robusto hacen de este dron una herramienta vers\u00e1til tanto para el vuelo recreativo como para la producci\u00f3n creativa de v\u00eddeo. Para cualquiera que busque una experiencia de vuelo envolvente y crear secuencias a\u00e9reas \u00fanicas, el DJI Avata 2 se encuentra entre los drones m\u00e1s interesantes de su clase.<\/p>\n<p><a href=\"https:\/\/koningdrone.nl\/wp-content\/uploads\/2026\/04\/DJI-Avata-2-Fly-Smart-Combo-Single-Battery-Action.jpg\"><img loading=\"lazy\" decoding=\"async\" class=\"size-medium wp-image-472372 aligncenter\" src=\"https:\/\/koningdrone.nl\/wp-content\/uploads\/2026\/04\/DJI-Avata-2-Fly-Smart-Combo-Single-Battery-Action-300x300.jpg\" alt=\"DJI Avata 2 - Fly Smart Combo - Single Battery Action\" width=\"300\" height=\"300\" \/><\/a><\/p>","protected":false},"excerpt":{"rendered":"<ul>\n<li><span data-sheets-root=\"1\">Experiencia FPV inmersiva con DJI Goggles N3 para una visi\u00f3n en primera persona en tiempo real.<br \/>\n<\/span><\/li>\n<li><span data-sheets-root=\"1\">Control de movimiento intuitivo con DJI RC Motion 3 para controles de vuelo naturales.<br \/>\n<\/span><\/li>\n<li><span data-sheets-root=\"1\">Sensor de c\u00e1mara de 1\/1,3 pulgadas con v\u00eddeo 4K a una velocidad de hasta 60 fps para una grabaci\u00f3n a\u00e9rea din\u00e1mica.<br \/>\n<\/span><\/li>\n<li><span data-sheets-root=\"1\">Sistema de transmisi\u00f3n DJI O4 para v\u00eddeo en directo estable con baja latencia.<br \/>\n<\/span><\/li>\n<li><span data-sheets-root=\"1\">Dise\u00f1o compacto con protecci\u00f3n integrada de la h\u00e9lice para vuelos seguros.<\/span><\/li>\n<\/ul>","protected":false},"featured_media":18699,"template":"","meta":{"_acf_changed":false},"product_brand":[],"product_cat":[263],"product_tag":[],"class_list":{"0":"post-18707","1":"product","2":"type-product","3":"status-publish","4":"has-post-thumbnail","6":"product_cat-dji-avata-2","7":"product_shipping_class-acsystemsall","8":"pa_brand-dji","9":"pa_producttype-drone","10":"pa_series-avata","12":"first","13":"instock","14":"taxable","15":"shipping-taxable","16":"purchasable","17":"product-type-simple"},"acf":[],"yoast_head":"<!-- This site is optimized with the Yoast SEO Premium plugin v27.2 (Yoast SEO v27.2) - https:\/\/yoast.com\/product\/yoast-seo-premium-wordpress\/ -->\n<title>DJI Avata 2 - Fly Smart Combo - Single Battery - koningdrone.be<\/title>\n<meta name=\"robots\" content=\"index, follow, max-snippet:-1, max-image-preview:large, max-video-preview:-1\" \/>\n<link rel=\"canonical\" href=\"https:\/\/koningdrone.be\/es\/producto\/dji-avata-2-fly-smart-combo-single-battery\/\" \/>\n<meta property=\"og:locale\" content=\"es_ES\" \/>\n<meta property=\"og:type\" content=\"article\" \/>\n<meta property=\"og:title\" content=\"DJI Avata 2 - Fly Smart Combo - Single Battery\" \/>\n<meta property=\"og:description\" content=\"Meeslepende FPV\u2011ervaring met DJI Goggles N3 voor realtime first\u2011person zicht.   Intu\u00eftieve bewegingsbesturing met DJI RC Motion 3 voor natuurlijke vliegcontroles.   1\/1.3\u2011inch camerasensor met 4K video tot 60 fps voor dynamische luchtbeelden.   DJI O4\u2011transmissiesysteem voor stabiele live video met lage latency.   Compact ontwerp met ge\u00efntegreerde propellerbescherming voor veilige vluchten.\" \/>\n<meta property=\"og:url\" content=\"https:\/\/koningdrone.be\/es\/producto\/dji-avata-2-fly-smart-combo-single-battery\/\" \/>\n<meta property=\"og:site_name\" content=\"koningdrone.be\" \/>\n<meta property=\"article:modified_time\" content=\"2026-04-29T02:10:33+00:00\" \/>\n<meta property=\"og:image\" content=\"https:\/\/koningdrone.be\/wp-content\/uploads\/sites\/13\/2026\/04\/DJI-Avata-2-Fly-Smart-Combo-Single-Battery.jpg\" \/>\n\t<meta property=\"og:image:width\" content=\"2560\" \/>\n\t<meta property=\"og:image:height\" content=\"2560\" \/>\n\t<meta property=\"og:image:type\" content=\"image\/jpeg\" \/>\n<meta name=\"twitter:card\" content=\"summary_large_image\" \/>\n<meta name=\"twitter:label1\" content=\"Tiempo de lectura\" \/>\n\t<meta name=\"twitter:data1\" content=\"3 minutos\" \/>\n<script type=\"application\/ld+json\" class=\"yoast-schema-graph\">{\"@context\":\"https:\/\/schema.org\",\"@graph\":[{\"@type\":\"WebPage\",\"@id\":\"https:\/\/koningdrone.be\/product\/dji-avata-2-fly-smart-combo-single-battery\/\",\"url\":\"https:\/\/koningdrone.be\/product\/dji-avata-2-fly-smart-combo-single-battery\/\",\"name\":\"DJI Avata 2 - Fly Smart Combo - Single Battery - koningdrone.be\",\"isPartOf\":{\"@id\":\"https:\/\/koningdrone.be\/#website\"},\"primaryImageOfPage\":{\"@id\":\"https:\/\/koningdrone.be\/product\/dji-avata-2-fly-smart-combo-single-battery\/#primaryimage\"},\"image\":{\"@id\":\"https:\/\/koningdrone.be\/product\/dji-avata-2-fly-smart-combo-single-battery\/#primaryimage\"},\"thumbnailUrl\":\"https:\/\/koningdrone.be\/wp-content\/uploads\/sites\/13\/2026\/04\/DJI-Avata-2-Fly-Smart-Combo-Single-Battery.jpg\",\"datePublished\":\"2026-04-09T13:22:47+00:00\",\"dateModified\":\"2026-04-29T02:10:33+00:00\",\"breadcrumb\":{\"@id\":\"https:\/\/koningdrone.be\/product\/dji-avata-2-fly-smart-combo-single-battery\/#breadcrumb\"},\"inLanguage\":\"es\",\"potentialAction\":[{\"@type\":\"ReadAction\",\"target\":[\"https:\/\/koningdrone.be\/product\/dji-avata-2-fly-smart-combo-single-battery\/\"]}]},{\"@type\":\"ImageObject\",\"inLanguage\":\"es\",\"@id\":\"https:\/\/koningdrone.be\/product\/dji-avata-2-fly-smart-combo-single-battery\/#primaryimage\",\"url\":\"https:\/\/koningdrone.be\/wp-content\/uploads\/sites\/13\/2026\/04\/DJI-Avata-2-Fly-Smart-Combo-Single-Battery.jpg\",\"contentUrl\":\"https:\/\/koningdrone.be\/wp-content\/uploads\/sites\/13\/2026\/04\/DJI-Avata-2-Fly-Smart-Combo-Single-Battery.jpg\",\"width\":2560,\"height\":2560},{\"@type\":\"BreadcrumbList\",\"@id\":\"https:\/\/koningdrone.be\/product\/dji-avata-2-fly-smart-combo-single-battery\/#breadcrumb\",\"itemListElement\":[{\"@type\":\"ListItem\",\"position\":1,\"name\":\"Home\",\"item\":\"https:\/\/koningdrone.be\/\"},{\"@type\":\"ListItem\",\"position\":2,\"name\":\"AVSS Parachute Recovery System for DJI Matrice 300\/350\",\"item\":\"https:\/\/koningdrone.be\/product\/avss-parachute-recovery-system-for-dji-matrice-300-350\/\"},{\"@type\":\"ListItem\",\"position\":3,\"name\":\"DJI Avata 2\",\"item\":\"https:\/\/koningdrone.be\/categorie\/dji-avata-2\/\"},{\"@type\":\"ListItem\",\"position\":4,\"name\":\"DJI Avata 2 &#8211; Fly Smart Combo &#8211; Single Battery\"}]},{\"@type\":\"WebSite\",\"@id\":\"https:\/\/koningdrone.be\/#website\",\"url\":\"https:\/\/koningdrone.be\/\",\"name\":\"Koningdrone.be - Uw online specialist in drones, gimbals, camera's en power stations.\",\"description\":\"De webshop in drones en gimbals\",\"publisher\":{\"@id\":\"https:\/\/koningdrone.be\/#organization\"},\"potentialAction\":[{\"@type\":\"SearchAction\",\"target\":{\"@type\":\"EntryPoint\",\"urlTemplate\":\"https:\/\/koningdrone.be\/?s={search_term_string}\"},\"query-input\":{\"@type\":\"PropertyValueSpecification\",\"valueRequired\":true,\"valueName\":\"search_term_string\"}}],\"inLanguage\":\"es\"},{\"@type\":\"Organization\",\"@id\":\"https:\/\/koningdrone.be\/#organization\",\"name\":\"Koningdrone.be\",\"url\":\"https:\/\/koningdrone.be\/\",\"logo\":{\"@type\":\"ImageObject\",\"inLanguage\":\"es\",\"@id\":\"https:\/\/koningdrone.be\/#\/schema\/logo\/image\/\",\"url\":\"https:\/\/koningdrone.be\/wp-content\/uploads\/sites\/13\/2025\/04\/koningdrone-copyright-logo.svg\",\"contentUrl\":\"https:\/\/koningdrone.be\/wp-content\/uploads\/sites\/13\/2025\/04\/koningdrone-copyright-logo.svg\",\"width\":227,\"height\":38,\"caption\":\"Koningdrone.be\"},\"image\":{\"@id\":\"https:\/\/koningdrone.be\/#\/schema\/logo\/image\/\"}}]}<\/script>\n<!-- \/ Yoast SEO Premium plugin. -->","yoast_head_json":{"title":"DJI Avata 2 - Fly Smart Combo - Single Battery - koningdrone.be","robots":{"index":"index","follow":"follow","max-snippet":"max-snippet:-1","max-image-preview":"max-image-preview:large","max-video-preview":"max-video-preview:-1"},"canonical":"https:\/\/koningdrone.be\/es\/producto\/dji-avata-2-fly-smart-combo-single-battery\/","og_locale":"es_ES","og_type":"article","og_title":"DJI Avata 2 - Fly Smart Combo - Single Battery","og_description":"Meeslepende FPV\u2011ervaring met DJI Goggles N3 voor realtime first\u2011person zicht.   Intu\u00eftieve bewegingsbesturing met DJI RC Motion 3 voor natuurlijke vliegcontroles.   1\/1.3\u2011inch camerasensor met 4K video tot 60 fps voor dynamische luchtbeelden.   DJI O4\u2011transmissiesysteem voor stabiele live video met lage latency.   Compact ontwerp met ge\u00efntegreerde propellerbescherming voor veilige vluchten.","og_url":"https:\/\/koningdrone.be\/es\/producto\/dji-avata-2-fly-smart-combo-single-battery\/","og_site_name":"koningdrone.be","article_modified_time":"2026-04-29T02:10:33+00:00","og_image":[{"width":2560,"height":2560,"url":"https:\/\/koningdrone.be\/wp-content\/uploads\/sites\/13\/2026\/04\/DJI-Avata-2-Fly-Smart-Combo-Single-Battery.jpg","type":"image\/jpeg"}],"twitter_card":"summary_large_image","twitter_misc":{"Tiempo de lectura":"3 minutos"},"schema":{"@context":"https:\/\/schema.org","@graph":[{"@type":"WebPage","@id":"https:\/\/koningdrone.be\/product\/dji-avata-2-fly-smart-combo-single-battery\/","url":"https:\/\/koningdrone.be\/product\/dji-avata-2-fly-smart-combo-single-battery\/","name":"DJI Avata 2 - Fly Smart Combo - Single Battery - koningdrone.be","isPartOf":{"@id":"https:\/\/koningdrone.be\/#website"},"primaryImageOfPage":{"@id":"https:\/\/koningdrone.be\/product\/dji-avata-2-fly-smart-combo-single-battery\/#primaryimage"},"image":{"@id":"https:\/\/koningdrone.be\/product\/dji-avata-2-fly-smart-combo-single-battery\/#primaryimage"},"thumbnailUrl":"https:\/\/koningdrone.be\/wp-content\/uploads\/sites\/13\/2026\/04\/DJI-Avata-2-Fly-Smart-Combo-Single-Battery.jpg","datePublished":"2026-04-09T13:22:47+00:00","dateModified":"2026-04-29T02:10:33+00:00","breadcrumb":{"@id":"https:\/\/koningdrone.be\/product\/dji-avata-2-fly-smart-combo-single-battery\/#breadcrumb"},"inLanguage":"es","potentialAction":[{"@type":"ReadAction","target":["https:\/\/koningdrone.be\/product\/dji-avata-2-fly-smart-combo-single-battery\/"]}]},{"@type":"ImageObject","inLanguage":"es","@id":"https:\/\/koningdrone.be\/product\/dji-avata-2-fly-smart-combo-single-battery\/#primaryimage","url":"https:\/\/koningdrone.be\/wp-content\/uploads\/sites\/13\/2026\/04\/DJI-Avata-2-Fly-Smart-Combo-Single-Battery.jpg","contentUrl":"https:\/\/koningdrone.be\/wp-content\/uploads\/sites\/13\/2026\/04\/DJI-Avata-2-Fly-Smart-Combo-Single-Battery.jpg","width":2560,"height":2560},{"@type":"BreadcrumbList","@id":"https:\/\/koningdrone.be\/product\/dji-avata-2-fly-smart-combo-single-battery\/#breadcrumb","itemListElement":[{"@type":"ListItem","position":1,"name":"Home","item":"https:\/\/koningdrone.be\/"},{"@type":"ListItem","position":2,"name":"AVSS Parachute Recovery System for DJI Matrice 300\/350","item":"https:\/\/koningdrone.be\/product\/avss-parachute-recovery-system-for-dji-matrice-300-350\/"},{"@type":"ListItem","position":3,"name":"DJI Avata 2","item":"https:\/\/koningdrone.be\/categorie\/dji-avata-2\/"},{"@type":"ListItem","position":4,"name":"DJI Avata 2 &#8211; Fly Smart Combo &#8211; Single Battery"}]},{"@type":"WebSite","@id":"https:\/\/koningdrone.be\/#website","url":"https:\/\/koningdrone.be\/","name":"Koningdrone.be - Su especialista en l\u00ednea en drones, cardanes, c\u00e1maras y centrales el\u00e9ctricas.","description":"La tienda virtual de drones y cardanes","publisher":{"@id":"https:\/\/koningdrone.be\/#organization"},"potentialAction":[{"@type":"SearchAction","target":{"@type":"EntryPoint","urlTemplate":"https:\/\/koningdrone.be\/?s={search_term_string}"},"query-input":{"@type":"PropertyValueSpecification","valueRequired":true,"valueName":"search_term_string"}}],"inLanguage":"es"},{"@type":"Organization","@id":"https:\/\/koningdrone.be\/#organization","name":"Kingdrone.es","url":"https:\/\/koningdrone.be\/","logo":{"@type":"ImageObject","inLanguage":"es","@id":"https:\/\/koningdrone.be\/#\/schema\/logo\/image\/","url":"https:\/\/koningdrone.be\/wp-content\/uploads\/sites\/13\/2025\/04\/koningdrone-copyright-logo.svg","contentUrl":"https:\/\/koningdrone.be\/wp-content\/uploads\/sites\/13\/2025\/04\/koningdrone-copyright-logo.svg","width":227,"height":38,"caption":"Koningdrone.be"},"image":{"@id":"https:\/\/koningdrone.be\/#\/schema\/logo\/image\/"}}]}},"df_price":602,"df_sale_price":"","df_regular_price":602,"df_image_link":"https:\/\/koningdrone.be\/wp-content\/uploads\/sites\/13\/2026\/04\/DJI-Avata-2-Fly-Smart-Combo-Single-Battery-300x300.jpg","_links":{"self":[{"href":"https:\/\/koningdrone.be\/es\/wp-json\/wp\/v2\/product\/18707","targetHints":{"allow":["GET"]}}],"collection":[{"href":"https:\/\/koningdrone.be\/es\/wp-json\/wp\/v2\/product"}],"about":[{"href":"https:\/\/koningdrone.be\/es\/wp-json\/wp\/v2\/types\/product"}],"wp:featuredmedia":[{"embeddable":true,"href":"https:\/\/koningdrone.be\/es\/wp-json\/wp\/v2\/media\/18699"}],"wp:attachment":[{"href":"https:\/\/koningdrone.be\/es\/wp-json\/wp\/v2\/media?parent=18707"}],"wp:term":[{"taxonomy":"product_brand","embeddable":true,"href":"https:\/\/koningdrone.be\/es\/wp-json\/wp\/v2\/product_brand?post=18707"},{"taxonomy":"product_cat","embeddable":true,"href":"https:\/\/koningdrone.be\/es\/wp-json\/wp\/v2\/product_cat?post=18707"},{"taxonomy":"product_tag","embeddable":true,"href":"https:\/\/koningdrone.be\/es\/wp-json\/wp\/v2\/product_tag?post=18707"}],"curies":[{"name":"wp","href":"https:\/\/api.w.org\/{rel}","templated":true}]}}