{"id":18543,"date":"2026-04-13T09:36:02","date_gmt":"2026-04-13T07:36:02","guid":{"rendered":"https:\/\/koningdrone.be\/?post_type=product&#038;p=18543"},"modified":"2026-04-29T16:30:33","modified_gmt":"2026-04-29T14:30:33","slug":"dji-flighthub-2","status":"publish","type":"product","link":"https:\/\/koningdrone.be\/es\/producto\/dji-flighthub-2\/","title":{"rendered":"DJI FlightHub 2"},"content":{"rendered":"<h3 data-start=\"151\" data-end=\"227\">DJI FlightHub 2 - Plataforma profesional de gesti\u00f3n de drones (m\u00faltiples variantes)<\/h3>\n<p data-start=\"229\" data-end=\"790\">DJI FlightHub 2 es una avanzada plataforma profesional de gesti\u00f3n de drones dise\u00f1ada para organizaciones que desean planificar, supervisar y optimizar de forma centralizada sus operaciones con drones. Este producto est\u00e1 disponible en varias variantes, incluyendo <strong data-start=\"471\" data-end=\"500\">licencias en la nube<\/strong>, <strong data-start=\"502\" data-end=\"529\">soluciones in situ<\/strong>, <strong data-start=\"531\" data-end=\"552\">ampliaciones de dispositivos<\/strong>, <strong data-start=\"554\" data-end=\"574\">actualizaciones de almacenamiento<\/strong>, <strong data-start=\"576\" data-end=\"604\">extensiones livestream<\/strong>, <strong data-start=\"606\" data-end=\"625\">m\u00f3dulos de asignaci\u00f3n<\/strong>, y completa <strong data-start=\"639\" data-end=\"658\">Soluciones AIO<\/strong>. Como resultado, siempre hay disponible una configuraci\u00f3n adecuada tanto para operaciones a peque\u00f1a escala como para entornos empresariales complejos.<\/p>\n<p data-start=\"792\" data-end=\"1252\">Ya sea que elijas una licencia mensual flexible, una soluci\u00f3n empresarial de varios a\u00f1os, una instalaci\u00f3n alojada localmente en las instalaciones o una extensi\u00f3n para dispositivos adicionales, DJI FlightHub 2 proporciona una base escalable y profesional para la gesti\u00f3n eficiente de drones. La plataforma es ideal para sectores como la seguridad p\u00fablica, inspecci\u00f3n, infraestructuras, construcci\u00f3n, cartograf\u00eda y aplicaciones industriales, donde la visibilidad en tiempo real, la colaboraci\u00f3n y el control de datos son esenciales.<\/p>\n<p data-start=\"792\" data-end=\"1252\"><a href=\"https:\/\/koningdrone.nl\/wp-content\/uploads\/2026\/04\/DJI-FlightHub-2-Enterprise-Version-1-Year-1-Device.jpg\"><img loading=\"lazy\" decoding=\"async\" class=\"size-medium wp-image-472214 aligncenter\" src=\"https:\/\/koningdrone.nl\/wp-content\/uploads\/2026\/04\/DJI-FlightHub-2-Enterprise-Version-1-Year-1-Device-300x300.jpg\" alt=\"DJI FlightHub 2 Enterprise Version 1 Year (1 Device)\" width=\"300\" height=\"300\" \/><\/a><\/p>\n<h4 data-start=\"1254\" data-end=\"1292\"><span role=\"text\">Rendimiento y funcionalidad<\/span><\/h4>\n<p data-start=\"1293\" data-end=\"1665\">DJI FlightHub 2 ofrece potentes funciones para planificar, ejecutar y analizar operaciones con drones. Dependiendo de la variante elegida, tendr\u00e1s acceso a funciones como <strong data-start=\"1473\" data-end=\"1491\">planificaci\u00f3n de misiones<\/strong>, <strong data-start=\"1493\" data-end=\"1516\">transmisi\u00f3n de v\u00eddeo en directo<\/strong>, <strong data-start=\"1518\" data-end=\"1542\">control en tiempo real<\/strong>, <strong data-start=\"1544\" data-end=\"1573\">registro autom\u00e1tico de datos<\/strong>, <strong data-start=\"1575\" data-end=\"1604\">Tratamiento de mapas 2D y 3D<\/strong>, <strong data-start=\"1606\" data-end=\"1627\">asignaci\u00f3n de flujos de trabajo<\/strong>, y central <strong data-start=\"1641\" data-end=\"1664\">gesti\u00f3n de datos y equipos<\/strong>.<\/p>\n<p data-start=\"1667\" data-end=\"1782\">Las distintas variantes le permiten adaptar la plataforma exactamente a sus necesidades operativas:<\/p>\n<ul data-start=\"1784\" data-end=\"2498\">\n<li data-start=\"1784\" data-end=\"1903\"><strong data-start=\"1786\" data-end=\"1811\">Paquetes locales<\/strong> para organizaciones que requieren el m\u00e1ximo control sobre los datos, la seguridad y el cumplimiento de la normativa<\/li>\n<li data-start=\"1904\" data-end=\"2015\"><strong data-start=\"1906\" data-end=\"1956\">Licencias Business, Professional y Enterprise<\/strong> Para la gesti\u00f3n de drones en la nube con duraciones flexibles<\/li>\n<li data-start=\"2016\" data-end=\"2111\"><strong data-start=\"2018\" data-end=\"2048\">Dispositivo Paquetes de expansi\u00f3n<\/strong> para a\u00f1adir f\u00e1cilmente drones adicionales o sistemas DJI Dock<\/li>\n<li data-start=\"2112\" data-end=\"2199\"><strong data-start=\"2114\" data-end=\"2145\">Recarga de minutos Livestream<\/strong> para la transmisi\u00f3n intensiva de v\u00eddeo en directo durante las misiones<\/li>\n<li data-start=\"2200\" data-end=\"2296\"><strong data-start=\"2202\" data-end=\"2222\">Mejoras de almacenamiento<\/strong> para una mayor capacidad de almacenamiento de datos de vuelo, im\u00e1genes y archivos de proyecto<\/li>\n<li data-start=\"2297\" data-end=\"2398\"><strong data-start=\"2299\" data-end=\"2318\">M\u00f3dulos cartogr\u00e1ficos<\/strong> para procesar datos a\u00e9reos y convertirlos en mapas y productos geoespaciales utilizables<\/li>\n<li data-start=\"2399\" data-end=\"2498\"><strong data-start=\"2401\" data-end=\"2431\">Soluciones AIO y dongles<\/strong> para entornos empresariales integrados y gestionados profesionalmente<\/li>\n<\/ul>\n<p data-start=\"2500\" data-end=\"2682\">Gracias a esta amplia capacidad de despliegue, FlightHub 2 admite tanto operaciones diarias como misiones a gran escala en las que el tiempo es un factor cr\u00edtico y en las que varios equipos y dispositivos operan simult\u00e1neamente.<\/p>\n<p data-start=\"2500\" data-end=\"2682\"><a href=\"https:\/\/koningdrone.nl\/wp-content\/uploads\/2026\/04\/DJI-FlightHub-2-On-Premises-Basic-Package.jpg\"><img loading=\"lazy\" decoding=\"async\" class=\"size-medium wp-image-472220 aligncenter\" src=\"https:\/\/koningdrone.nl\/wp-content\/uploads\/2026\/04\/DJI-FlightHub-2-On-Premises-Basic-Package-300x300.jpg\" alt=\"DJI FlightHub 2 On-Premises Basic Package\" width=\"300\" height=\"300\" \/><\/a><\/p>\n<h4 data-start=\"2684\" data-end=\"2717\"><span role=\"text\">Calidad de construcci\u00f3n y dise\u00f1o<\/span><\/h4>\n<p data-start=\"2718\" data-end=\"3109\">DJI FlightHub 2 es una soluci\u00f3n totalmente basada en software con una interfaz profesional y clara dise\u00f1ada para un uso eficiente en entornos de trabajo exigentes. El software se integra perfectamente en las infraestructuras inform\u00e1ticas existentes y, dependiendo de la variante, admite tanto <strong data-start=\"3015\" data-end=\"3034\">entornos en la nube<\/strong>, <strong data-start=\"3036\" data-end=\"3054\">nubes privadas<\/strong>, <strong data-start=\"3056\" data-end=\"3074\">servidores locales<\/strong> como <strong data-start=\"3079\" data-end=\"3108\">arquitecturas locales<\/strong>.<\/p>\n<p data-start=\"3111\" data-end=\"3616\">Para las organizaciones con elevados requisitos de seguridad y control de datos, las variantes locales ofrecen un entorno en el que todos los datos operativos permanecen almacenados localmente. Para los equipos que en cambio necesitan la m\u00e1xima flexibilidad y colaboraci\u00f3n remota, las versiones en la nube ofrecen un despliegue r\u00e1pido, f\u00e1cil escalabilidad y accesibilidad central. Adem\u00e1s, las capacidades API y las opciones de expansi\u00f3n garantizan que FlightHub 2 pueda integrarse f\u00e1cilmente en los flujos de trabajo y sistemas empresariales existentes.<\/p>\n<p data-start=\"3111\" data-end=\"3616\"><a href=\"https:\/\/koningdrone.nl\/wp-content\/uploads\/2026\/04\/DJI-FlightHub-2-AIO-Combo-Overseas-Standard.jpg\"><img loading=\"lazy\" decoding=\"async\" class=\"size-medium wp-image-472211 aligncenter\" src=\"https:\/\/koningdrone.nl\/wp-content\/uploads\/2026\/04\/DJI-FlightHub-2-AIO-Combo-Overseas-Standard-279x300.jpg\" alt=\"DJI FlightHub 2 AIO Combo (Overseas Standard)\" width=\"279\" height=\"300\" \/><\/a><\/p>\n<h4 data-start=\"3618\" data-end=\"3652\"><span role=\"text\">Por qu\u00e9 lo necesita<\/span><\/h4>\n<p data-start=\"3653\" data-end=\"4099\">DJI FlightHub 2 es esencial para las organizaciones que buscan gestionar y ampliar profesionalmente sus operaciones con drones. La plataforma ayuda a mejorar la colaboraci\u00f3n, acelerar la toma de decisiones y centralizar los datos cr\u00edticos en un \u00fanico entorno. Combinando monitorizaci\u00f3n en tiempo real, planificaci\u00f3n de misiones, retransmisi\u00f3n en directo, cartograf\u00eda y extensiones escalables, el sistema proporciona una soluci\u00f3n completa para las operaciones modernas con drones.<\/p>\n<p data-start=\"4101\" data-end=\"4455\">Con las distintas variantes, puedes elegir f\u00e1cilmente la configuraci\u00f3n que se adapte a tu organizaci\u00f3n: desde una licencia b\u00e1sica para un dispositivo hasta un amplio ecosistema empresarial con almacenamiento adicional, cartograf\u00eda, livestreaming y m\u00faltiples dispositivos. As\u00ed siempre dispondr\u00e1 de una soluci\u00f3n segura, escalable y preparada para el futuro para la gesti\u00f3n profesional de drones.<\/p>\n<p data-start=\"4101\" data-end=\"4455\"><a href=\"https:\/\/koningdrone.nl\/wp-content\/uploads\/2026\/04\/DJI-FlightHub-2-AIO-ComboOverseas-Standard.jpg\"><img loading=\"lazy\" decoding=\"async\" class=\"size-medium wp-image-472203 aligncenter\" src=\"https:\/\/koningdrone.nl\/wp-content\/uploads\/2026\/04\/DJI-FlightHub-2-AIO-ComboOverseas-Standard-300x225.jpg\" alt=\"DJI FlightHub 2 AIO Combo(Overseas Standard)\" width=\"300\" height=\"225\" \/><\/a><\/p>","protected":false},"excerpt":{"rendered":"<ul>\n<li>Soluci\u00f3n central de gesti\u00f3n de drones para alojamiento local<\/li>\n<\/ul>","protected":false},"featured_media":18562,"template":"","meta":{"_acf_changed":false},"product_brand":[],"product_cat":[1329,1939],"product_tag":[],"class_list":{"0":"post-18543","1":"product","2":"type-product","3":"status-publish","4":"has-post-thumbnail","6":"product_cat-dji-flighthub","7":"product_cat-dji-flighthub-2","8":"pa_brand-dji","9":"pa_productfamily-dji-flighthub-2-aio-combo-overseas-standard","10":"pa_productfamily-dji-flighthub-2-aio-combooverseas-standard","11":"pa_productfamily-dji-flighthub-2-business-version-1-month-plan","12":"pa_productfamily-dji-flighthub-2-business-version-12-month-plan","13":"pa_productfamily-dji-flighthub-2-enterprise-version-1-year-1-device","14":"pa_productfamily-dji-flighthub-2-enterprise-version-3-years-1-device","15":"pa_productfamily-dji-flighthub-2-enterprise-version-online-device-expansion-1-device","16":"pa_productfamily-dji-flighthub-2-livesteam","17":"pa_productfamily-dji-flighthub-2-mapping","18":"pa_productfamily-dji-flighthub-2-on-premises-5-device-expansion-package","19":"pa_productfamily-dji-flighthub-2-on-premises-basic-package","20":"pa_productfamily-dji-flighthub-2-on-premises-device-expansion-package","21":"pa_productfamily-dji-flighthub-2-on-premises-upgrade-validity-period-1-year","22":"pa_productfamily-dji-flighthub-2-prof-1-month","23":"pa_productfamily-dji-flighthub-2-prof-12-month","24":"pa_productfamily-dji-flighthub-2-standard-livestream-minutes-100000-recharge","25":"pa_productfamily-dji-flighthub-2-standard-storage-space-5tb-upgrade","26":"pa_productfamily-dji-flighthub-2-storage","27":"pa_producttype-dongle","28":"pa_producttype-serviceplan","29":"pa_producttype-software","30":"pa_producttype-software-licentie","31":"pa_producttype-systeem","32":"pa_series-flighthub","34":"first","35":"instock","36":"taxable","37":"shipping-taxable","38":"purchasable","39":"product-type-variable"},"acf":[],"yoast_head":"<!-- This site is optimized with the Yoast SEO Premium plugin v27.2 (Yoast SEO v27.2) - https:\/\/yoast.com\/product\/yoast-seo-premium-wordpress\/ -->\n<title>DJI FlightHub 2 - koningdrone.be<\/title>\n<meta name=\"robots\" content=\"index, follow, max-snippet:-1, max-image-preview:large, max-video-preview:-1\" \/>\n<link rel=\"canonical\" href=\"https:\/\/koningdrone.be\/es\/producto\/dji-flighthub-2\/\" \/>\n<meta property=\"og:locale\" content=\"es_ES\" \/>\n<meta property=\"og:type\" content=\"article\" \/>\n<meta property=\"og:title\" content=\"DJI FlightHub 2\" \/>\n<meta property=\"og:description\" content=\"Centrale dronebeheeroplossing voor lokale hosting\" \/>\n<meta property=\"og:url\" content=\"https:\/\/koningdrone.be\/es\/producto\/dji-flighthub-2\/\" \/>\n<meta property=\"og:site_name\" content=\"koningdrone.be\" \/>\n<meta property=\"article:modified_time\" content=\"2026-04-29T14:30:33+00:00\" \/>\n<meta property=\"og:image\" content=\"https:\/\/koningdrone.be\/wp-content\/uploads\/sites\/13\/2026\/04\/DJI-FlightHub-2-Enterprise-Version-1-Year-1-Device.jpg\" \/>\n\t<meta property=\"og:image:width\" content=\"800\" \/>\n\t<meta property=\"og:image:height\" content=\"800\" \/>\n\t<meta property=\"og:image:type\" content=\"image\/jpeg\" \/>\n<meta name=\"twitter:card\" content=\"summary_large_image\" \/>\n<meta name=\"twitter:label1\" content=\"Tiempo de lectura\" \/>\n\t<meta name=\"twitter:data1\" content=\"3 minutos\" \/>\n<script type=\"application\/ld+json\" class=\"yoast-schema-graph\">{\"@context\":\"https:\/\/schema.org\",\"@graph\":[{\"@type\":\"WebPage\",\"@id\":\"https:\/\/koningdrone.be\/product\/dji-flighthub-2\/\",\"url\":\"https:\/\/koningdrone.be\/product\/dji-flighthub-2\/\",\"name\":\"DJI FlightHub 2 - koningdrone.be\",\"isPartOf\":{\"@id\":\"https:\/\/koningdrone.be\/#website\"},\"primaryImageOfPage\":{\"@id\":\"https:\/\/koningdrone.be\/product\/dji-flighthub-2\/#primaryimage\"},\"image\":{\"@id\":\"https:\/\/koningdrone.be\/product\/dji-flighthub-2\/#primaryimage\"},\"thumbnailUrl\":\"https:\/\/koningdrone.be\/wp-content\/uploads\/sites\/13\/2026\/04\/DJI-FlightHub-2-Enterprise-Version-1-Year-1-Device.jpg\",\"datePublished\":\"2026-04-13T07:36:02+00:00\",\"dateModified\":\"2026-04-29T14:30:33+00:00\",\"breadcrumb\":{\"@id\":\"https:\/\/koningdrone.be\/product\/dji-flighthub-2\/#breadcrumb\"},\"inLanguage\":\"es\",\"potentialAction\":[{\"@type\":\"ReadAction\",\"target\":[\"https:\/\/koningdrone.be\/product\/dji-flighthub-2\/\"]}]},{\"@type\":\"ImageObject\",\"inLanguage\":\"es\",\"@id\":\"https:\/\/koningdrone.be\/product\/dji-flighthub-2\/#primaryimage\",\"url\":\"https:\/\/koningdrone.be\/wp-content\/uploads\/sites\/13\/2026\/04\/DJI-FlightHub-2-Enterprise-Version-1-Year-1-Device.jpg\",\"contentUrl\":\"https:\/\/koningdrone.be\/wp-content\/uploads\/sites\/13\/2026\/04\/DJI-FlightHub-2-Enterprise-Version-1-Year-1-Device.jpg\",\"width\":800,\"height\":800},{\"@type\":\"BreadcrumbList\",\"@id\":\"https:\/\/koningdrone.be\/product\/dji-flighthub-2\/#breadcrumb\",\"itemListElement\":[{\"@type\":\"ListItem\",\"position\":1,\"name\":\"Home\",\"item\":\"https:\/\/koningdrone.be\/\"},{\"@type\":\"ListItem\",\"position\":2,\"name\":\"AVSS Parachute Recovery System for DJI Matrice 300\/350\",\"item\":\"https:\/\/koningdrone.be\/product\/avss-parachute-recovery-system-for-dji-matrice-300-350\/\"},{\"@type\":\"ListItem\",\"position\":3,\"name\":\"DJI FlightHub\",\"item\":\"https:\/\/koningdrone.be\/categorie\/dji-flighthub\/\"},{\"@type\":\"ListItem\",\"position\":4,\"name\":\"DJI FlightHub 2\"}]},{\"@type\":\"WebSite\",\"@id\":\"https:\/\/koningdrone.be\/#website\",\"url\":\"https:\/\/koningdrone.be\/\",\"name\":\"Koningdrone.be - Uw online specialist in drones, gimbals, camera's en power stations.\",\"description\":\"De webshop in drones en gimbals\",\"publisher\":{\"@id\":\"https:\/\/koningdrone.be\/#organization\"},\"potentialAction\":[{\"@type\":\"SearchAction\",\"target\":{\"@type\":\"EntryPoint\",\"urlTemplate\":\"https:\/\/koningdrone.be\/?s={search_term_string}\"},\"query-input\":{\"@type\":\"PropertyValueSpecification\",\"valueRequired\":true,\"valueName\":\"search_term_string\"}}],\"inLanguage\":\"es\"},{\"@type\":\"Organization\",\"@id\":\"https:\/\/koningdrone.be\/#organization\",\"name\":\"Koningdrone.be\",\"url\":\"https:\/\/koningdrone.be\/\",\"logo\":{\"@type\":\"ImageObject\",\"inLanguage\":\"es\",\"@id\":\"https:\/\/koningdrone.be\/#\/schema\/logo\/image\/\",\"url\":\"https:\/\/koningdrone.be\/wp-content\/uploads\/sites\/13\/2025\/04\/koningdrone-copyright-logo.svg\",\"contentUrl\":\"https:\/\/koningdrone.be\/wp-content\/uploads\/sites\/13\/2025\/04\/koningdrone-copyright-logo.svg\",\"width\":227,\"height\":38,\"caption\":\"Koningdrone.be\"},\"image\":{\"@id\":\"https:\/\/koningdrone.be\/#\/schema\/logo\/image\/\"}}]}<\/script>\n<!-- \/ Yoast SEO Premium plugin. -->","yoast_head_json":{"title":"DJI FlightHub 2 - koningdrone.be","robots":{"index":"index","follow":"follow","max-snippet":"max-snippet:-1","max-image-preview":"max-image-preview:large","max-video-preview":"max-video-preview:-1"},"canonical":"https:\/\/koningdrone.be\/es\/producto\/dji-flighthub-2\/","og_locale":"es_ES","og_type":"article","og_title":"DJI FlightHub 2","og_description":"Centrale dronebeheeroplossing voor lokale hosting","og_url":"https:\/\/koningdrone.be\/es\/producto\/dji-flighthub-2\/","og_site_name":"koningdrone.be","article_modified_time":"2026-04-29T14:30:33+00:00","og_image":[{"width":800,"height":800,"url":"https:\/\/koningdrone.be\/wp-content\/uploads\/sites\/13\/2026\/04\/DJI-FlightHub-2-Enterprise-Version-1-Year-1-Device.jpg","type":"image\/jpeg"}],"twitter_card":"summary_large_image","twitter_misc":{"Tiempo de lectura":"3 minutos"},"schema":{"@context":"https:\/\/schema.org","@graph":[{"@type":"WebPage","@id":"https:\/\/koningdrone.be\/product\/dji-flighthub-2\/","url":"https:\/\/koningdrone.be\/product\/dji-flighthub-2\/","name":"DJI FlightHub 2 - koningdrone.be","isPartOf":{"@id":"https:\/\/koningdrone.be\/#website"},"primaryImageOfPage":{"@id":"https:\/\/koningdrone.be\/product\/dji-flighthub-2\/#primaryimage"},"image":{"@id":"https:\/\/koningdrone.be\/product\/dji-flighthub-2\/#primaryimage"},"thumbnailUrl":"https:\/\/koningdrone.be\/wp-content\/uploads\/sites\/13\/2026\/04\/DJI-FlightHub-2-Enterprise-Version-1-Year-1-Device.jpg","datePublished":"2026-04-13T07:36:02+00:00","dateModified":"2026-04-29T14:30:33+00:00","breadcrumb":{"@id":"https:\/\/koningdrone.be\/product\/dji-flighthub-2\/#breadcrumb"},"inLanguage":"es","potentialAction":[{"@type":"ReadAction","target":["https:\/\/koningdrone.be\/product\/dji-flighthub-2\/"]}]},{"@type":"ImageObject","inLanguage":"es","@id":"https:\/\/koningdrone.be\/product\/dji-flighthub-2\/#primaryimage","url":"https:\/\/koningdrone.be\/wp-content\/uploads\/sites\/13\/2026\/04\/DJI-FlightHub-2-Enterprise-Version-1-Year-1-Device.jpg","contentUrl":"https:\/\/koningdrone.be\/wp-content\/uploads\/sites\/13\/2026\/04\/DJI-FlightHub-2-Enterprise-Version-1-Year-1-Device.jpg","width":800,"height":800},{"@type":"BreadcrumbList","@id":"https:\/\/koningdrone.be\/product\/dji-flighthub-2\/#breadcrumb","itemListElement":[{"@type":"ListItem","position":1,"name":"Home","item":"https:\/\/koningdrone.be\/"},{"@type":"ListItem","position":2,"name":"AVSS Parachute Recovery System for DJI Matrice 300\/350","item":"https:\/\/koningdrone.be\/product\/avss-parachute-recovery-system-for-dji-matrice-300-350\/"},{"@type":"ListItem","position":3,"name":"DJI FlightHub","item":"https:\/\/koningdrone.be\/categorie\/dji-flighthub\/"},{"@type":"ListItem","position":4,"name":"DJI FlightHub 2"}]},{"@type":"WebSite","@id":"https:\/\/koningdrone.be\/#website","url":"https:\/\/koningdrone.be\/","name":"Koningdrone.be - Su especialista en l\u00ednea en drones, cardanes, c\u00e1maras y centrales el\u00e9ctricas.","description":"La tienda virtual de drones y cardanes","publisher":{"@id":"https:\/\/koningdrone.be\/#organization"},"potentialAction":[{"@type":"SearchAction","target":{"@type":"EntryPoint","urlTemplate":"https:\/\/koningdrone.be\/?s={search_term_string}"},"query-input":{"@type":"PropertyValueSpecification","valueRequired":true,"valueName":"search_term_string"}}],"inLanguage":"es"},{"@type":"Organization","@id":"https:\/\/koningdrone.be\/#organization","name":"Kingdrone.es","url":"https:\/\/koningdrone.be\/","logo":{"@type":"ImageObject","inLanguage":"es","@id":"https:\/\/koningdrone.be\/#\/schema\/logo\/image\/","url":"https:\/\/koningdrone.be\/wp-content\/uploads\/sites\/13\/2025\/04\/koningdrone-copyright-logo.svg","contentUrl":"https:\/\/koningdrone.be\/wp-content\/uploads\/sites\/13\/2025\/04\/koningdrone-copyright-logo.svg","width":227,"height":38,"caption":"Koningdrone.be"},"image":{"@id":"https:\/\/koningdrone.be\/#\/schema\/logo\/image\/"}}]}},"df_price":119,"df_sale_price":"","df_regular_price":119,"df_image_link":"https:\/\/koningdrone.be\/wp-content\/uploads\/sites\/13\/2026\/04\/DJI-FlightHub-2-Enterprise-Version-1-Year-1-Device-300x300.jpg","_links":{"self":[{"href":"https:\/\/koningdrone.be\/es\/wp-json\/wp\/v2\/product\/18543","targetHints":{"allow":["GET"]}}],"collection":[{"href":"https:\/\/koningdrone.be\/es\/wp-json\/wp\/v2\/product"}],"about":[{"href":"https:\/\/koningdrone.be\/es\/wp-json\/wp\/v2\/types\/product"}],"wp:featuredmedia":[{"embeddable":true,"href":"https:\/\/koningdrone.be\/es\/wp-json\/wp\/v2\/media\/18562"}],"wp:attachment":[{"href":"https:\/\/koningdrone.be\/es\/wp-json\/wp\/v2\/media?parent=18543"}],"wp:term":[{"taxonomy":"product_brand","embeddable":true,"href":"https:\/\/koningdrone.be\/es\/wp-json\/wp\/v2\/product_brand?post=18543"},{"taxonomy":"product_cat","embeddable":true,"href":"https:\/\/koningdrone.be\/es\/wp-json\/wp\/v2\/product_cat?post=18543"},{"taxonomy":"product_tag","embeddable":true,"href":"https:\/\/koningdrone.be\/es\/wp-json\/wp\/v2\/product_tag?post=18543"}],"curies":[{"name":"wp","href":"https:\/\/api.w.org\/{rel}","templated":true}]}}