{"id":18514,"date":"2026-04-08T10:39:20","date_gmt":"2026-04-08T08:39:20","guid":{"rendered":"https:\/\/koningdrone.be\/?post_type=product&#038;p=18514"},"modified":"2026-04-29T17:00:08","modified_gmt":"2026-04-29T15:00:08","slug":"dji-terra","status":"publish","type":"product","link":"https:\/\/koningdrone.be\/es\/producto\/dji-terra\/","title":{"rendered":"DJI Terra"},"content":{"rendered":"<h3 data-start=\"114\" data-end=\"179\">DJI Terra - Software de mapeo y an\u00e1lisis (M\u00faltiples variantes)<\/h3>\n<p data-start=\"181\" data-end=\"531\">DJI Terra es una potente soluci\u00f3n de software profesional de cartograf\u00eda y an\u00e1lisis que convierte f\u00e1cilmente las im\u00e1genes de drones en mapas 2D, modelos 3D y nubes de puntos precisos. Dise\u00f1ada para sectores como la topograf\u00eda, la construcci\u00f3n, las infraestructuras y la seguridad p\u00fablica, la plataforma proporciona un flujo de trabajo eficiente desde la recopilaci\u00f3n de datos hasta su an\u00e1lisis.<\/p>\n<p data-start=\"533\" data-end=\"869\">Este producto est\u00e1 disponible en varias variantes, entre ellas <strong data-start=\"593\" data-end=\"625\">Versiones est\u00e1ndar y Flagship<\/strong>, <strong data-start=\"627\" data-end=\"671\">Licencias de 1 a\u00f1o y licencias permanentes<\/strong>, <strong data-start=\"673\" data-end=\"702\">uso en l\u00ednea y fuera de l\u00ednea<\/strong>, y una amplia <strong data-start=\"719\" data-end=\"745\">Paquetes con DJI Modify<\/strong> para edici\u00f3n 3D avanzada. Esto facilita la elecci\u00f3n de la soluci\u00f3n que mejor se adapte a su flujo de trabajo, presupuesto y entorno de trabajo.<\/p>\n<p data-start=\"533\" data-end=\"869\"><a href=\"https:\/\/koningdrone.nl\/wp-content\/uploads\/2026\/04\/DJI-Terra-Flagship-Permanent.jpg\"><img loading=\"lazy\" decoding=\"async\" class=\"size-medium wp-image-472157 aligncenter\" src=\"https:\/\/koningdrone.nl\/wp-content\/uploads\/2026\/04\/DJI-Terra-Flagship-Permanent-300x300.jpg\" alt=\"DJI Terra Flagship Permanent\" width=\"300\" height=\"300\" \/><\/a><\/p>\n<h4 data-start=\"876\" data-end=\"914\"><span role=\"text\">Rendimiento y funcionalidad<\/span><\/h4>\n<p data-start=\"915\" data-end=\"1102\">DJI Terra admite cartograf\u00eda en tiempo real, reconstrucci\u00f3n 2D y 3D y procesamiento avanzado de datos. Las im\u00e1genes del dron se convierten r\u00e1pidamente en ortomosaicos, modelos y nubes de puntos precisos.<\/p>\n<ul data-start=\"1104\" data-end=\"1420\">\n<li data-start=\"1104\" data-end=\"1179\"><strong data-start=\"1106\" data-end=\"1118\">Est\u00e1ndar<\/strong>: centrado en la cartograf\u00eda 2D eficiente y el procesamiento r\u00e1pido de datos<\/li>\n<li data-start=\"1180\" data-end=\"1269\"><strong data-start=\"1182\" data-end=\"1194\">Buque insignia<\/strong>Reconstrucci\u00f3n 3D completa, an\u00e1lisis de nubes de puntos y herramientas avanzadas<\/li>\n<li data-start=\"1270\" data-end=\"1337\"><strong data-start=\"1272\" data-end=\"1290\">Opciones de actualizaci\u00f3n<\/strong>Escala f\u00e1cil de est\u00e1ndar a buque insignia<\/li>\n<li data-start=\"1338\" data-end=\"1420\"><strong data-start=\"1340\" data-end=\"1366\">Paquetes con DJI Modify<\/strong>: potentes herramientas adicionales para la edici\u00f3n y el an\u00e1lisis en 3D<\/li>\n<\/ul>\n<p data-start=\"1422\" data-end=\"1578\">Gracias a la perfecta integraci\u00f3n con los drones DJI Enterprise, todo el flujo de trabajo es r\u00e1pido y fiable, incluso para grandes conjuntos de datos y proyectos complejos.<\/p>\n<p data-start=\"1422\" data-end=\"1578\"><a href=\"https:\/\/koningdrone.nl\/wp-content\/uploads\/2026\/04\/DJI-Terra-Standard-1Year-online.jpg\"><img loading=\"lazy\" decoding=\"async\" class=\"size-medium wp-image-472163 aligncenter\" src=\"https:\/\/koningdrone.nl\/wp-content\/uploads\/2026\/04\/DJI-Terra-Standard-1Year-online-300x300.jpg\" alt=\"DJI Terra - Standard - 1Year (online)\" width=\"300\" height=\"300\" \/><\/a><\/p>\n<h4 data-start=\"1585\" data-end=\"1615\"><span role=\"text\">Licencia y variaciones<\/span><\/h4>\n<p data-start=\"1616\" data-end=\"1675\">DJI Terra est\u00e1 disponible en diferentes formas de licencia:<\/p>\n<ul data-start=\"1677\" data-end=\"2060\">\n<li data-start=\"1677\" data-end=\"1748\"><strong data-start=\"1679\" data-end=\"1704\">1 a\u00f1o (suscripci\u00f3n)<\/strong>Uso flexible con actualizaciones peri\u00f3dicas<\/li>\n<li data-start=\"1749\" data-end=\"1816\"><strong data-start=\"1751\" data-end=\"1764\">Permanente<\/strong>Inversi\u00f3n \u00fanica sin costes recurrentes<\/li>\n<li data-start=\"1817\" data-end=\"1886\"><strong data-start=\"1819\" data-end=\"1829\">En l\u00ednea<\/strong>: activaci\u00f3n sencilla, actualizaciones y optimizaciones en la nube<\/li>\n<li data-start=\"1887\" data-end=\"1985\"><strong data-start=\"1889\" data-end=\"1900\">Fuera de l\u00ednea<\/strong>: funcionamiento completo sin Internet, ideal para entornos seguros o remotos<\/li>\n<li data-start=\"1986\" data-end=\"2060\"><strong data-start=\"1988\" data-end=\"2010\">Edu (10 dispositivos)<\/strong>especialmente con fines de educaci\u00f3n y formaci\u00f3n<\/li>\n<\/ul>\n<p data-start=\"2062\" data-end=\"2197\">Adem\u00e1s, hay <strong data-start=\"2089\" data-end=\"2111\">paquetes de extremo a extremo<\/strong> disponibles que combinan la cartograf\u00eda con el an\u00e1lisis 3D avanzado (DJI Modify Flagship).<\/p>\n<h4 data-start=\"2204\" data-end=\"2237\"><span role=\"text\">Calidad de construcci\u00f3n y dise\u00f1o<\/span><\/h4>\n<p data-start=\"2238\" data-end=\"2480\">DJI Terra est\u00e1 dise\u00f1ado con una interfaz intuitiva y profesional, que facilita la gesti\u00f3n de flujos de trabajo complejos. Se ejecuta localmente en potentes sistemas inform\u00e1ticos y ofrece un rendimiento estable para aplicaciones intensivas.<\/p>\n<p data-start=\"2482\" data-end=\"2652\">Las actualizaciones peri\u00f3dicas garantizan la compatibilidad con los \u00faltimos drones y tecnolog\u00edas de DJI Enterprise, mientras que las variantes offline proporcionan control y seguridad de datos adicionales.<\/p>\n<p data-start=\"2482\" data-end=\"2652\"><a href=\"https:\/\/koningdrone.nl\/wp-content\/uploads\/2026\/04\/DJI-Terra-Flagship-Permanent-Offline.jpg\"><img loading=\"lazy\" decoding=\"async\" class=\"size-medium wp-image-472160 aligncenter\" src=\"https:\/\/koningdrone.nl\/wp-content\/uploads\/2026\/04\/DJI-Terra-Flagship-Permanent-Offline-300x300.jpg\" alt=\"DJI Terra Flagship Permanent (Offline)\" width=\"300\" height=\"300\" \/><\/a><\/p>\n<h4 data-start=\"2659\" data-end=\"2693\"><span role=\"text\">Por qu\u00e9 lo necesita<\/span><\/h4>\n<p data-start=\"2694\" data-end=\"2875\">DJI Terra es esencial para los profesionales que buscan convertir los datos de los drones en informaci\u00f3n procesable. Tanto si optas por un modelo b\u00e1sico como por un paquete Flagship completo, el software:<\/p>\n<ul data-start=\"2877\" data-end=\"3061\">\n<li data-start=\"2877\" data-end=\"2918\">acelera los procesos de cartograf\u00eda y an\u00e1lisis<\/li>\n<li data-start=\"2919\" data-end=\"2961\">aumenta la precisi\u00f3n y la eficacia<\/li>\n<li data-start=\"2962\" data-end=\"3013\">ofrece un control total sobre los datos y los flujos de trabajo<\/li>\n<li data-start=\"3014\" data-end=\"3061\">escalas con sus proyectos y necesidades<\/li>\n<\/ul>\n<p data-start=\"3063\" data-end=\"3208\">Con DJI Terra, sacar\u00e1s el m\u00e1ximo partido a tu dron y tendr\u00e1s una soluci\u00f3n preparada para el futuro, tanto para proyectos sencillos como complejos.<\/p>","protected":false},"excerpt":{"rendered":"<ul>\n<li>Licencia en l\u00ednea para una r\u00e1pida activaci\u00f3n y actualizaci\u00f3n<\/li>\n<\/ul>","protected":false},"featured_media":18515,"template":"","meta":{"_acf_changed":false},"product_brand":[],"product_cat":[2019,218],"product_tag":[],"class_list":{"0":"post-18514","1":"product","2":"type-product","3":"status-publish","4":"has-post-thumbnail","6":"product_cat-dji-modify","7":"product_cat-dji-terra","8":"pa_brand-dji","9":"pa_productfamily-dji-terra-flagship-1year","10":"pa_productfamily-dji-terra-standard-1year-online","11":"pa_productfamily-dji-terra-edu-permanent-10-control-devices","12":"pa_productfamily-dji-terra-flagship-dji-modify-flagship-1year","13":"pa_productfamily-dji-terra-flagship-dji-modify-flagship-permanent","14":"pa_productfamily-dji-terra-flagship-permanent","15":"pa_productfamily-dji-terra-flagship-permanent-offline","16":"pa_productfamily-dji-terra-standard-dji-modify-flagship-1year","17":"pa_productfamily-dji-terra-standard-dji-modify-flagship-permanent","18":"pa_productfamily-dji-terra-standard-1year-offline","19":"pa_productfamily-dji-terra-standard-permanent","20":"pa_productfamily-dji-terra-standard-permanent-offline","21":"pa_productfamily-dji-terra-standard-upgrade-to-flagship-offline","22":"pa_productfamily-dji-terra-standard-upgrade-to-flagship-online","23":"pa_producttype-serviceplan","24":"pa_series-terra","26":"first","27":"instock","28":"taxable","29":"shipping-taxable","30":"purchasable","31":"product-type-variable"},"acf":[],"yoast_head":"<!-- This site is optimized with the Yoast SEO Premium plugin v27.2 (Yoast SEO v27.2) - https:\/\/yoast.com\/product\/yoast-seo-premium-wordpress\/ -->\n<title>DJI Terra - koningdrone.be<\/title>\n<meta name=\"robots\" content=\"index, follow, max-snippet:-1, max-image-preview:large, max-video-preview:-1\" \/>\n<link rel=\"canonical\" href=\"https:\/\/koningdrone.be\/es\/producto\/dji-terra\/\" \/>\n<meta property=\"og:locale\" content=\"es_ES\" \/>\n<meta property=\"og:type\" content=\"article\" \/>\n<meta property=\"og:title\" content=\"DJI Terra\" \/>\n<meta property=\"og:description\" content=\"Online licentie voor snelle activatie en updates\" \/>\n<meta property=\"og:url\" content=\"https:\/\/koningdrone.be\/es\/producto\/dji-terra\/\" \/>\n<meta property=\"og:site_name\" content=\"koningdrone.be\" \/>\n<meta property=\"article:modified_time\" content=\"2026-04-29T15:00:08+00:00\" \/>\n<meta property=\"og:image\" content=\"https:\/\/koningdrone.be\/wp-content\/uploads\/sites\/13\/2026\/04\/DJI-Terra-Flagship-Permanent.jpg\" \/>\n\t<meta property=\"og:image:width\" content=\"1500\" \/>\n\t<meta property=\"og:image:height\" content=\"1500\" \/>\n\t<meta property=\"og:image:type\" content=\"image\/jpeg\" \/>\n<meta name=\"twitter:card\" content=\"summary_large_image\" \/>\n<meta name=\"twitter:label1\" content=\"Tiempo de lectura\" \/>\n\t<meta name=\"twitter:data1\" content=\"2 minutos\" \/>\n<script type=\"application\/ld+json\" class=\"yoast-schema-graph\">{\"@context\":\"https:\/\/schema.org\",\"@graph\":[{\"@type\":\"WebPage\",\"@id\":\"https:\/\/koningdrone.be\/product\/dji-terra\/\",\"url\":\"https:\/\/koningdrone.be\/product\/dji-terra\/\",\"name\":\"DJI Terra - koningdrone.be\",\"isPartOf\":{\"@id\":\"https:\/\/koningdrone.be\/#website\"},\"primaryImageOfPage\":{\"@id\":\"https:\/\/koningdrone.be\/product\/dji-terra\/#primaryimage\"},\"image\":{\"@id\":\"https:\/\/koningdrone.be\/product\/dji-terra\/#primaryimage\"},\"thumbnailUrl\":\"https:\/\/koningdrone.be\/wp-content\/uploads\/sites\/13\/2026\/04\/DJI-Terra-Flagship-Permanent.jpg\",\"datePublished\":\"2026-04-08T08:39:20+00:00\",\"dateModified\":\"2026-04-29T15:00:08+00:00\",\"breadcrumb\":{\"@id\":\"https:\/\/koningdrone.be\/product\/dji-terra\/#breadcrumb\"},\"inLanguage\":\"es\",\"potentialAction\":[{\"@type\":\"ReadAction\",\"target\":[\"https:\/\/koningdrone.be\/product\/dji-terra\/\"]}]},{\"@type\":\"ImageObject\",\"inLanguage\":\"es\",\"@id\":\"https:\/\/koningdrone.be\/product\/dji-terra\/#primaryimage\",\"url\":\"https:\/\/koningdrone.be\/wp-content\/uploads\/sites\/13\/2026\/04\/DJI-Terra-Flagship-Permanent.jpg\",\"contentUrl\":\"https:\/\/koningdrone.be\/wp-content\/uploads\/sites\/13\/2026\/04\/DJI-Terra-Flagship-Permanent.jpg\",\"width\":1500,\"height\":1500},{\"@type\":\"BreadcrumbList\",\"@id\":\"https:\/\/koningdrone.be\/product\/dji-terra\/#breadcrumb\",\"itemListElement\":[{\"@type\":\"ListItem\",\"position\":1,\"name\":\"Home\",\"item\":\"https:\/\/koningdrone.be\/\"},{\"@type\":\"ListItem\",\"position\":2,\"name\":\"AVSS Parachute Recovery System for DJI Matrice 300\/350\",\"item\":\"https:\/\/koningdrone.be\/product\/avss-parachute-recovery-system-for-dji-matrice-300-350\/\"},{\"@type\":\"ListItem\",\"position\":3,\"name\":\"DJI Modify\",\"item\":\"https:\/\/koningdrone.be\/categorie\/dji-modify\/\"},{\"@type\":\"ListItem\",\"position\":4,\"name\":\"DJI Terra\"}]},{\"@type\":\"WebSite\",\"@id\":\"https:\/\/koningdrone.be\/#website\",\"url\":\"https:\/\/koningdrone.be\/\",\"name\":\"Koningdrone.be - Uw online specialist in drones, gimbals, camera's en power stations.\",\"description\":\"De webshop in drones en gimbals\",\"publisher\":{\"@id\":\"https:\/\/koningdrone.be\/#organization\"},\"potentialAction\":[{\"@type\":\"SearchAction\",\"target\":{\"@type\":\"EntryPoint\",\"urlTemplate\":\"https:\/\/koningdrone.be\/?s={search_term_string}\"},\"query-input\":{\"@type\":\"PropertyValueSpecification\",\"valueRequired\":true,\"valueName\":\"search_term_string\"}}],\"inLanguage\":\"es\"},{\"@type\":\"Organization\",\"@id\":\"https:\/\/koningdrone.be\/#organization\",\"name\":\"Koningdrone.be\",\"url\":\"https:\/\/koningdrone.be\/\",\"logo\":{\"@type\":\"ImageObject\",\"inLanguage\":\"es\",\"@id\":\"https:\/\/koningdrone.be\/#\/schema\/logo\/image\/\",\"url\":\"https:\/\/koningdrone.be\/wp-content\/uploads\/sites\/13\/2025\/04\/koningdrone-copyright-logo.svg\",\"contentUrl\":\"https:\/\/koningdrone.be\/wp-content\/uploads\/sites\/13\/2025\/04\/koningdrone-copyright-logo.svg\",\"width\":227,\"height\":38,\"caption\":\"Koningdrone.be\"},\"image\":{\"@id\":\"https:\/\/koningdrone.be\/#\/schema\/logo\/image\/\"}}]}<\/script>\n<!-- \/ Yoast SEO Premium plugin. -->","yoast_head_json":{"title":"DJI Terra - koningdrone.be","robots":{"index":"index","follow":"follow","max-snippet":"max-snippet:-1","max-image-preview":"max-image-preview:large","max-video-preview":"max-video-preview:-1"},"canonical":"https:\/\/koningdrone.be\/es\/producto\/dji-terra\/","og_locale":"es_ES","og_type":"article","og_title":"DJI Terra","og_description":"Online licentie voor snelle activatie en updates","og_url":"https:\/\/koningdrone.be\/es\/producto\/dji-terra\/","og_site_name":"koningdrone.be","article_modified_time":"2026-04-29T15:00:08+00:00","og_image":[{"width":1500,"height":1500,"url":"https:\/\/koningdrone.be\/wp-content\/uploads\/sites\/13\/2026\/04\/DJI-Terra-Flagship-Permanent.jpg","type":"image\/jpeg"}],"twitter_card":"summary_large_image","twitter_misc":{"Tiempo de lectura":"2 minutos"},"schema":{"@context":"https:\/\/schema.org","@graph":[{"@type":"WebPage","@id":"https:\/\/koningdrone.be\/product\/dji-terra\/","url":"https:\/\/koningdrone.be\/product\/dji-terra\/","name":"DJI Terra - koningdrone.be","isPartOf":{"@id":"https:\/\/koningdrone.be\/#website"},"primaryImageOfPage":{"@id":"https:\/\/koningdrone.be\/product\/dji-terra\/#primaryimage"},"image":{"@id":"https:\/\/koningdrone.be\/product\/dji-terra\/#primaryimage"},"thumbnailUrl":"https:\/\/koningdrone.be\/wp-content\/uploads\/sites\/13\/2026\/04\/DJI-Terra-Flagship-Permanent.jpg","datePublished":"2026-04-08T08:39:20+00:00","dateModified":"2026-04-29T15:00:08+00:00","breadcrumb":{"@id":"https:\/\/koningdrone.be\/product\/dji-terra\/#breadcrumb"},"inLanguage":"es","potentialAction":[{"@type":"ReadAction","target":["https:\/\/koningdrone.be\/product\/dji-terra\/"]}]},{"@type":"ImageObject","inLanguage":"es","@id":"https:\/\/koningdrone.be\/product\/dji-terra\/#primaryimage","url":"https:\/\/koningdrone.be\/wp-content\/uploads\/sites\/13\/2026\/04\/DJI-Terra-Flagship-Permanent.jpg","contentUrl":"https:\/\/koningdrone.be\/wp-content\/uploads\/sites\/13\/2026\/04\/DJI-Terra-Flagship-Permanent.jpg","width":1500,"height":1500},{"@type":"BreadcrumbList","@id":"https:\/\/koningdrone.be\/product\/dji-terra\/#breadcrumb","itemListElement":[{"@type":"ListItem","position":1,"name":"Home","item":"https:\/\/koningdrone.be\/"},{"@type":"ListItem","position":2,"name":"AVSS Parachute Recovery System for DJI Matrice 300\/350","item":"https:\/\/koningdrone.be\/product\/avss-parachute-recovery-system-for-dji-matrice-300-350\/"},{"@type":"ListItem","position":3,"name":"DJI Modify","item":"https:\/\/koningdrone.be\/categorie\/dji-modify\/"},{"@type":"ListItem","position":4,"name":"DJI Terra"}]},{"@type":"WebSite","@id":"https:\/\/koningdrone.be\/#website","url":"https:\/\/koningdrone.be\/","name":"Koningdrone.be - Su especialista en l\u00ednea en drones, cardanes, c\u00e1maras y centrales el\u00e9ctricas.","description":"La tienda virtual de drones y cardanes","publisher":{"@id":"https:\/\/koningdrone.be\/#organization"},"potentialAction":[{"@type":"SearchAction","target":{"@type":"EntryPoint","urlTemplate":"https:\/\/koningdrone.be\/?s={search_term_string}"},"query-input":{"@type":"PropertyValueSpecification","valueRequired":true,"valueName":"search_term_string"}}],"inLanguage":"es"},{"@type":"Organization","@id":"https:\/\/koningdrone.be\/#organization","name":"Kingdrone.es","url":"https:\/\/koningdrone.be\/","logo":{"@type":"ImageObject","inLanguage":"es","@id":"https:\/\/koningdrone.be\/#\/schema\/logo\/image\/","url":"https:\/\/koningdrone.be\/wp-content\/uploads\/sites\/13\/2025\/04\/koningdrone-copyright-logo.svg","contentUrl":"https:\/\/koningdrone.be\/wp-content\/uploads\/sites\/13\/2025\/04\/koningdrone-copyright-logo.svg","width":227,"height":38,"caption":"Koningdrone.be"},"image":{"@id":"https:\/\/koningdrone.be\/#\/schema\/logo\/image\/"}}]}},"df_price":1860,"df_sale_price":"","df_regular_price":1860,"df_image_link":"https:\/\/koningdrone.be\/wp-content\/uploads\/sites\/13\/2026\/04\/DJI-Terra-Flagship-Permanent-300x300.jpg","_links":{"self":[{"href":"https:\/\/koningdrone.be\/es\/wp-json\/wp\/v2\/product\/18514","targetHints":{"allow":["GET"]}}],"collection":[{"href":"https:\/\/koningdrone.be\/es\/wp-json\/wp\/v2\/product"}],"about":[{"href":"https:\/\/koningdrone.be\/es\/wp-json\/wp\/v2\/types\/product"}],"wp:featuredmedia":[{"embeddable":true,"href":"https:\/\/koningdrone.be\/es\/wp-json\/wp\/v2\/media\/18515"}],"wp:attachment":[{"href":"https:\/\/koningdrone.be\/es\/wp-json\/wp\/v2\/media?parent=18514"}],"wp:term":[{"taxonomy":"product_brand","embeddable":true,"href":"https:\/\/koningdrone.be\/es\/wp-json\/wp\/v2\/product_brand?post=18514"},{"taxonomy":"product_cat","embeddable":true,"href":"https:\/\/koningdrone.be\/es\/wp-json\/wp\/v2\/product_cat?post=18514"},{"taxonomy":"product_tag","embeddable":true,"href":"https:\/\/koningdrone.be\/es\/wp-json\/wp\/v2\/product_tag?post=18514"}],"curies":[{"name":"wp","href":"https:\/\/api.w.org\/{rel}","templated":true}]}}