{"id":18497,"date":"2026-04-07T15:42:14","date_gmt":"2026-04-07T13:42:14","guid":{"rendered":"https:\/\/koningdrone.be\/?post_type=product&#038;p=18497"},"modified":"2026-04-29T03:51:07","modified_gmt":"2026-04-29T01:51:07","slug":"dji-maintenance","status":"publish","type":"product","link":"https:\/\/koningdrone.be\/es\/producto\/dji-maintenance\/","title":{"rendered":"Mantenimiento DJI"},"content":{"rendered":"<h3>Programa de Mantenimiento DJI - Servicio B\u00e1sico, Est\u00e1ndar y Premium (Matrice Serie 4)<\/h3>\n<p>El Programa de Mantenimiento DJI es un programa de mantenimiento profesional para el <strong>Matrice serie 4<\/strong> (4D, 4TD, 4E en 4T), ontwikkeld voor enterprise-gebruikers die maximale betrouwbaarheid en minimale stilstand vereisen.<\/p>\n<p>Dit product bevat meerdere varianten, zodat je het onderhoudsniveau kunt kiezen dat het beste past bij jouw gebruik:<\/p>\n<ul>\n<li><strong>Servicio b\u00e1sico<\/strong> - mantenimiento preventivo esencial<\/li>\n<li><strong>Servicio est\u00e1ndar<\/strong> - mantenimiento ampliado con inspecci\u00f3n y sustituci\u00f3n adicionales<\/li>\n<li><strong>Servicio Premium (EU 400)<\/strong> - m\u00e1xima cobertura y asistencia<\/li>\n<\/ul>\n<p>Daarnaast zijn er specifieke varianten per model (4D \/ 4TD \/ 4E \/ 4T) en EU 400-serviceplannen.<\/p>\n<p>Door middel van periodieke inspecties, onderhoud en optimalisatie zorgt dit programma ervoor dat je drone veilig, effici\u00ebnt en betrouwbaar blijft presteren \u2014 zelfs bij intensief professioneel gebruik.<\/p>\n<p><a href=\"https:\/\/koningdrone.nl\/wp-content\/uploads\/2026\/04\/DJI-Maintenance.-Pro.-B.-S.-matrice-4D.jpg\"><img loading=\"lazy\" decoding=\"async\" class=\"size-medium wp-image-472053 aligncenter\" src=\"https:\/\/koningdrone.nl\/wp-content\/uploads\/2026\/04\/DJI-Maintenance.-Pro.-B.-S.-matrice-4D-300x300.jpg\" alt=\"DJI Maintenance. Pro. B. S. matrice 4D\" width=\"300\" height=\"300\" \/><\/a><\/p>\n<h4>Rendimiento y funcionalidad<\/h4>\n<p>Todas las variantes de servicio incluyen el mantenimiento seg\u00fan los est\u00e1ndares de DJI, con una cobertura cada vez mayor en funci\u00f3n del paquete elegido:<\/p>\n<p><strong>Servicio b\u00e1sico<\/strong><\/p>\n<ul>\n<li>Inspecci\u00f3n completa de los sistemas cr\u00edticos<\/li>\n<li>Actualizaciones de firmware<\/li>\n<li>Calibraci\u00f3n de sensores (IMU, br\u00fajula)<\/li>\n<li>Limpieza a fondo<\/li>\n<li>Prueba funcional (incluida la comprobaci\u00f3n de estabilidad)<\/li>\n<\/ul>\n<p><strong>Servicio est\u00e1ndar<\/strong><\/p>\n<ul>\n<li>Todo desde Basic<\/li>\n<li>Inspecci\u00f3n y limpieza en profundidad<\/li>\n<li>Comprobaci\u00f3n y (en caso necesario) sustituci\u00f3n de las piezas de desgaste<\/li>\n<li>Pruebas funcionales exhaustivas y vuelos de prueba<\/li>\n<\/ul>\n<p><strong>Servicio Premium (EU 400)<\/strong><\/p>\n<ul>\n<li>Inspecci\u00f3n completa y exhaustiva<\/li>\n<li>Sustituci\u00f3n preventiva de piezas cr\u00edticas\/desgaste<\/li>\n<li>Diagn\u00f3stico avanzado y optimizaci\u00f3n<\/li>\n<li>Vuelos de prueba y verificaci\u00f3n completa de las prestaciones<\/li>\n<li>M\u00e1xima atenci\u00f3n al tiempo de actividad y la seguridad operativa<\/li>\n<\/ul>\n<p>Todas las variantes ayudan a detectar a tiempo posibles problemas y aumentan la seguridad durante las misiones.<\/p>\n<p><a href=\"https:\/\/koningdrone.nl\/wp-content\/uploads\/2026\/04\/DJI-Maintenance.-Pro.-B.-Ser.-4TD.jpg\"><img loading=\"lazy\" decoding=\"async\" class=\"size-medium wp-image-472052 aligncenter\" src=\"https:\/\/koningdrone.nl\/wp-content\/uploads\/2026\/04\/DJI-Maintenance.-Pro.-B.-Ser.-4TD-300x300.jpg\" alt=\"DJI Maintenance. Pro. B. Ser. 4TD\" width=\"300\" height=\"300\" \/><\/a><\/p>\n<h3>Calidad de construcci\u00f3n y ejecuci\u00f3n<\/h3>\n<p>El mantenimiento corre a cargo de <strong>t\u00e9cnicos DJI certificados<\/strong> en centros de servicio autorizados. \u00danicamente:<\/p>\n<ul>\n<li>Piezas originales DJI<\/li>\n<li>Programas y procedimientos oficiales<\/li>\n<li>Herramientas profesionales de diagn\u00f3stico y calibraci\u00f3n<\/li>\n<\/ul>\n<p>Despu\u00e9s de cada servicio, recibir\u00e1 un <strong>informe oficial de mantenimiento<\/strong> con un resumen completo del trabajo realizado y sus conclusiones.<\/p>\n<p><a href=\"https:\/\/koningdrone.nl\/wp-content\/uploads\/2026\/04\/DJI-Maintenance.-Pro.-Stan.-Serv.-4TD.jpg\"><img loading=\"lazy\" decoding=\"async\" class=\"size-medium wp-image-472050 aligncenter\" src=\"https:\/\/koningdrone.nl\/wp-content\/uploads\/2026\/04\/DJI-Maintenance.-Pro.-Stan.-Serv.-4TD-300x300.jpg\" alt=\"DJI Maintenance. Pro. Stan. Serv. 4TD\" width=\"300\" height=\"300\" \/><\/a><\/p>\n<h3>Por qu\u00e9 elegir el Programa de Mantenimiento DJI<\/h3>\n<p>El mantenimiento regular es esencial para las operaciones profesionales con drones. Con este programa:<\/p>\n<ul>\n<li>Prolonga la vida de tu dron<\/li>\n<li>Aumente su fiabilidad y rendimiento<\/li>\n<li>Reduzca sus fallos inesperados<\/li>\n<li>Maximice el tiempo operativo<\/li>\n<\/ul>\n<p>Tanto si eliges <strong>B\u00e1sico<\/strong>, <strong>Est\u00e1ndar<\/strong> o <strong>Premium<\/strong>, Cada plan de servicio ofrece un nivel de seguridad adecuado para su implantaci\u00f3n: desde inspecciones peri\u00f3dicas hasta asistencia operativa completa y sin preocupaciones.<\/p>","protected":false},"excerpt":{"rendered":"<ul>\n<li>Dise\u00f1ado espec\u00edficamente para DJI Matrice<\/li>\n<\/ul>","protected":false},"featured_media":18486,"template":"","meta":{"_acf_changed":false},"product_brand":[],"product_cat":[1583,1732,1734,1733,1730,2020],"product_tag":[],"class_list":{"0":"post-18497","1":"product","2":"type-product","3":"status-publish","4":"has-post-thumbnail","6":"product_cat-dji-matrice-400","7":"product_cat-dji-matrice-4d","8":"product_cat-dji-matrice-4e","9":"product_cat-dji-matrice-4t","10":"product_cat-dji-matrice-4td","11":"product_cat-maintenance","12":"pa_brand-dji","13":"pa_productfamily-dji-maintenance-basic-matrice-4e","14":"pa_productfamily-dji-maintenance-basic-matrice-4t","15":"pa_productfamily-dji-maintenance-standard-matrice-4e","16":"pa_productfamily-dji-maintenance-standard-matrice-4t","17":"pa_productfamily-dji-maintenance-pro-b-s-matrice-4d","18":"pa_productfamily-dji-maintenance-pro-b-ser-4td","19":"pa_productfamily-dji-maintenance-pro-prem-serv-400-eu","20":"pa_productfamily-dji-maintenance-pro-s-s-matrice-4d","21":"pa_productfamily-dji-maintenance-pro-stan-serv-400-eu","22":"pa_productfamily-dji-maintenance-pro-stan-serv-4td","23":"pa_productfamily-dji-maintenance-progr-b-serv-400-eu","24":"pa_producttype-serviceplan","26":"first","27":"instock","28":"taxable","29":"shipping-taxable","30":"purchasable","31":"product-type-variable","32":"has-default-attributes"},"acf":[],"yoast_head":"<!-- This site is optimized with the Yoast SEO Premium plugin v27.2 (Yoast SEO v27.2) - https:\/\/yoast.com\/product\/yoast-seo-premium-wordpress\/ -->\n<title>DJI Maintenance - koningdrone.be<\/title>\n<meta name=\"robots\" content=\"index, follow, max-snippet:-1, max-image-preview:large, max-video-preview:-1\" \/>\n<link rel=\"canonical\" href=\"https:\/\/koningdrone.be\/es\/producto\/dji-maintenance\/\" \/>\n<meta property=\"og:locale\" content=\"es_ES\" \/>\n<meta property=\"og:type\" content=\"article\" \/>\n<meta property=\"og:title\" content=\"DJI Maintenance\" \/>\n<meta property=\"og:description\" content=\"Specifiek ontworpen voor DJI Matrice\" \/>\n<meta property=\"og:url\" content=\"https:\/\/koningdrone.be\/es\/producto\/dji-maintenance\/\" \/>\n<meta property=\"og:site_name\" content=\"koningdrone.be\" \/>\n<meta property=\"article:modified_time\" content=\"2026-04-29T01:51:07+00:00\" \/>\n<meta property=\"og:image\" content=\"https:\/\/koningdrone.be\/wp-content\/uploads\/sites\/13\/2026\/04\/DJI-Maintenance.-Pro.-Stan.-Serv.-400-EU.webp\" \/>\n\t<meta property=\"og:image:width\" content=\"1024\" \/>\n\t<meta property=\"og:image:height\" content=\"768\" \/>\n\t<meta property=\"og:image:type\" content=\"image\/webp\" \/>\n<meta name=\"twitter:card\" content=\"summary_large_image\" \/>\n<meta name=\"twitter:label1\" content=\"Tiempo de lectura\" \/>\n\t<meta name=\"twitter:data1\" content=\"2 minutos\" \/>\n<script type=\"application\/ld+json\" class=\"yoast-schema-graph\">{\"@context\":\"https:\/\/schema.org\",\"@graph\":[{\"@type\":\"WebPage\",\"@id\":\"https:\/\/koningdrone.be\/product\/dji-maintenance\/\",\"url\":\"https:\/\/koningdrone.be\/product\/dji-maintenance\/\",\"name\":\"DJI Maintenance - koningdrone.be\",\"isPartOf\":{\"@id\":\"https:\/\/koningdrone.be\/#website\"},\"primaryImageOfPage\":{\"@id\":\"https:\/\/koningdrone.be\/product\/dji-maintenance\/#primaryimage\"},\"image\":{\"@id\":\"https:\/\/koningdrone.be\/product\/dji-maintenance\/#primaryimage\"},\"thumbnailUrl\":\"https:\/\/koningdrone.be\/wp-content\/uploads\/sites\/13\/2026\/04\/DJI-Maintenance.-Pro.-Stan.-Serv.-400-EU.webp\",\"datePublished\":\"2026-04-07T13:42:14+00:00\",\"dateModified\":\"2026-04-29T01:51:07+00:00\",\"breadcrumb\":{\"@id\":\"https:\/\/koningdrone.be\/product\/dji-maintenance\/#breadcrumb\"},\"inLanguage\":\"es\",\"potentialAction\":[{\"@type\":\"ReadAction\",\"target\":[\"https:\/\/koningdrone.be\/product\/dji-maintenance\/\"]}]},{\"@type\":\"ImageObject\",\"inLanguage\":\"es\",\"@id\":\"https:\/\/koningdrone.be\/product\/dji-maintenance\/#primaryimage\",\"url\":\"https:\/\/koningdrone.be\/wp-content\/uploads\/sites\/13\/2026\/04\/DJI-Maintenance.-Pro.-Stan.-Serv.-400-EU.webp\",\"contentUrl\":\"https:\/\/koningdrone.be\/wp-content\/uploads\/sites\/13\/2026\/04\/DJI-Maintenance.-Pro.-Stan.-Serv.-400-EU.webp\",\"width\":1024,\"height\":768},{\"@type\":\"BreadcrumbList\",\"@id\":\"https:\/\/koningdrone.be\/product\/dji-maintenance\/#breadcrumb\",\"itemListElement\":[{\"@type\":\"ListItem\",\"position\":1,\"name\":\"Home\",\"item\":\"https:\/\/koningdrone.be\/\"},{\"@type\":\"ListItem\",\"position\":2,\"name\":\"AVSS Parachute Recovery System for DJI Matrice 300\/350\",\"item\":\"https:\/\/koningdrone.be\/product\/avss-parachute-recovery-system-for-dji-matrice-300-350\/\"},{\"@type\":\"ListItem\",\"position\":3,\"name\":\"DJI Matrice 400\",\"item\":\"https:\/\/koningdrone.be\/categorie\/dji-matrice-400\/\"},{\"@type\":\"ListItem\",\"position\":4,\"name\":\"DJI Maintenance\"}]},{\"@type\":\"WebSite\",\"@id\":\"https:\/\/koningdrone.be\/#website\",\"url\":\"https:\/\/koningdrone.be\/\",\"name\":\"Koningdrone.be - Uw online specialist in drones, gimbals, camera's en power stations.\",\"description\":\"De webshop in drones en gimbals\",\"publisher\":{\"@id\":\"https:\/\/koningdrone.be\/#organization\"},\"potentialAction\":[{\"@type\":\"SearchAction\",\"target\":{\"@type\":\"EntryPoint\",\"urlTemplate\":\"https:\/\/koningdrone.be\/?s={search_term_string}\"},\"query-input\":{\"@type\":\"PropertyValueSpecification\",\"valueRequired\":true,\"valueName\":\"search_term_string\"}}],\"inLanguage\":\"es\"},{\"@type\":\"Organization\",\"@id\":\"https:\/\/koningdrone.be\/#organization\",\"name\":\"Koningdrone.be\",\"url\":\"https:\/\/koningdrone.be\/\",\"logo\":{\"@type\":\"ImageObject\",\"inLanguage\":\"es\",\"@id\":\"https:\/\/koningdrone.be\/#\/schema\/logo\/image\/\",\"url\":\"https:\/\/koningdrone.be\/wp-content\/uploads\/sites\/13\/2025\/04\/koningdrone-copyright-logo.svg\",\"contentUrl\":\"https:\/\/koningdrone.be\/wp-content\/uploads\/sites\/13\/2025\/04\/koningdrone-copyright-logo.svg\",\"width\":227,\"height\":38,\"caption\":\"Koningdrone.be\"},\"image\":{\"@id\":\"https:\/\/koningdrone.be\/#\/schema\/logo\/image\/\"}}]}<\/script>\n<!-- \/ Yoast SEO Premium plugin. -->","yoast_head_json":{"title":"DJI Maintenance - koningdrone.be","robots":{"index":"index","follow":"follow","max-snippet":"max-snippet:-1","max-image-preview":"max-image-preview:large","max-video-preview":"max-video-preview:-1"},"canonical":"https:\/\/koningdrone.be\/es\/producto\/dji-maintenance\/","og_locale":"es_ES","og_type":"article","og_title":"DJI Maintenance","og_description":"Specifiek ontworpen voor DJI Matrice","og_url":"https:\/\/koningdrone.be\/es\/producto\/dji-maintenance\/","og_site_name":"koningdrone.be","article_modified_time":"2026-04-29T01:51:07+00:00","og_image":[{"width":1024,"height":768,"url":"https:\/\/koningdrone.be\/wp-content\/uploads\/sites\/13\/2026\/04\/DJI-Maintenance.-Pro.-Stan.-Serv.-400-EU.webp","type":"image\/webp"}],"twitter_card":"summary_large_image","twitter_misc":{"Tiempo de lectura":"2 minutos"},"schema":{"@context":"https:\/\/schema.org","@graph":[{"@type":"WebPage","@id":"https:\/\/koningdrone.be\/product\/dji-maintenance\/","url":"https:\/\/koningdrone.be\/product\/dji-maintenance\/","name":"DJI Maintenance - koningdrone.be","isPartOf":{"@id":"https:\/\/koningdrone.be\/#website"},"primaryImageOfPage":{"@id":"https:\/\/koningdrone.be\/product\/dji-maintenance\/#primaryimage"},"image":{"@id":"https:\/\/koningdrone.be\/product\/dji-maintenance\/#primaryimage"},"thumbnailUrl":"https:\/\/koningdrone.be\/wp-content\/uploads\/sites\/13\/2026\/04\/DJI-Maintenance.-Pro.-Stan.-Serv.-400-EU.webp","datePublished":"2026-04-07T13:42:14+00:00","dateModified":"2026-04-29T01:51:07+00:00","breadcrumb":{"@id":"https:\/\/koningdrone.be\/product\/dji-maintenance\/#breadcrumb"},"inLanguage":"es","potentialAction":[{"@type":"ReadAction","target":["https:\/\/koningdrone.be\/product\/dji-maintenance\/"]}]},{"@type":"ImageObject","inLanguage":"es","@id":"https:\/\/koningdrone.be\/product\/dji-maintenance\/#primaryimage","url":"https:\/\/koningdrone.be\/wp-content\/uploads\/sites\/13\/2026\/04\/DJI-Maintenance.-Pro.-Stan.-Serv.-400-EU.webp","contentUrl":"https:\/\/koningdrone.be\/wp-content\/uploads\/sites\/13\/2026\/04\/DJI-Maintenance.-Pro.-Stan.-Serv.-400-EU.webp","width":1024,"height":768},{"@type":"BreadcrumbList","@id":"https:\/\/koningdrone.be\/product\/dji-maintenance\/#breadcrumb","itemListElement":[{"@type":"ListItem","position":1,"name":"Home","item":"https:\/\/koningdrone.be\/"},{"@type":"ListItem","position":2,"name":"AVSS Parachute Recovery System for DJI Matrice 300\/350","item":"https:\/\/koningdrone.be\/product\/avss-parachute-recovery-system-for-dji-matrice-300-350\/"},{"@type":"ListItem","position":3,"name":"DJI Matrice 400","item":"https:\/\/koningdrone.be\/categorie\/dji-matrice-400\/"},{"@type":"ListItem","position":4,"name":"DJI Maintenance"}]},{"@type":"WebSite","@id":"https:\/\/koningdrone.be\/#website","url":"https:\/\/koningdrone.be\/","name":"Koningdrone.be - Su especialista en l\u00ednea en drones, cardanes, c\u00e1maras y centrales el\u00e9ctricas.","description":"La tienda virtual de drones y cardanes","publisher":{"@id":"https:\/\/koningdrone.be\/#organization"},"potentialAction":[{"@type":"SearchAction","target":{"@type":"EntryPoint","urlTemplate":"https:\/\/koningdrone.be\/?s={search_term_string}"},"query-input":{"@type":"PropertyValueSpecification","valueRequired":true,"valueName":"search_term_string"}}],"inLanguage":"es"},{"@type":"Organization","@id":"https:\/\/koningdrone.be\/#organization","name":"Kingdrone.es","url":"https:\/\/koningdrone.be\/","logo":{"@type":"ImageObject","inLanguage":"es","@id":"https:\/\/koningdrone.be\/#\/schema\/logo\/image\/","url":"https:\/\/koningdrone.be\/wp-content\/uploads\/sites\/13\/2025\/04\/koningdrone-copyright-logo.svg","contentUrl":"https:\/\/koningdrone.be\/wp-content\/uploads\/sites\/13\/2025\/04\/koningdrone-copyright-logo.svg","width":227,"height":38,"caption":"Koningdrone.be"},"image":{"@id":"https:\/\/koningdrone.be\/#\/schema\/logo\/image\/"}}]}},"df_price":439,"df_sale_price":"","df_regular_price":439,"df_image_link":"https:\/\/koningdrone.be\/wp-content\/uploads\/sites\/13\/2026\/04\/DJI-Maintenance.-Pro.-Stan.-Serv.-400-EU-300x225.webp","_links":{"self":[{"href":"https:\/\/koningdrone.be\/es\/wp-json\/wp\/v2\/product\/18497","targetHints":{"allow":["GET"]}}],"collection":[{"href":"https:\/\/koningdrone.be\/es\/wp-json\/wp\/v2\/product"}],"about":[{"href":"https:\/\/koningdrone.be\/es\/wp-json\/wp\/v2\/types\/product"}],"wp:featuredmedia":[{"embeddable":true,"href":"https:\/\/koningdrone.be\/es\/wp-json\/wp\/v2\/media\/18486"}],"wp:attachment":[{"href":"https:\/\/koningdrone.be\/es\/wp-json\/wp\/v2\/media?parent=18497"}],"wp:term":[{"taxonomy":"product_brand","embeddable":true,"href":"https:\/\/koningdrone.be\/es\/wp-json\/wp\/v2\/product_brand?post=18497"},{"taxonomy":"product_cat","embeddable":true,"href":"https:\/\/koningdrone.be\/es\/wp-json\/wp\/v2\/product_cat?post=18497"},{"taxonomy":"product_tag","embeddable":true,"href":"https:\/\/koningdrone.be\/es\/wp-json\/wp\/v2\/product_tag?post=18497"}],"curies":[{"name":"wp","href":"https:\/\/api.w.org\/{rel}","templated":true}]}}