{"id":1848,"date":"2024-11-05T10:25:43","date_gmt":"2024-11-05T09:25:43","guid":{"rendered":"https:\/\/koningdrone.nl\/kon\/product\/ecoflow-river-3-10-ms-ups\/"},"modified":"2026-04-29T04:20:08","modified_gmt":"2026-04-29T02:20:08","slug":"ecoflow-river-3-10-ms-ups","status":"publish","type":"product","link":"https:\/\/koningdrone.be\/es\/producto\/ecoflow-river-3-10-ms-ups\/","title":{"rendered":"EcoFlow RIVER 3 (SAI 10 ms)"},"content":{"rendered":"<p>El SAI EcoFlow RIVER 3 es una soluci\u00f3n de alimentaci\u00f3n inteligente, compacta y ligera con una capacidad de 245 Wh, perfecta para viajes, vacaciones o como fuente de alimentaci\u00f3n de emergencia en casa. Gracias a su funci\u00f3n SAI con un tiempo de conmutaci\u00f3n ultrarr\u00e1pido de &lt;10 ms, este modelo ofrece protecci\u00f3n adicional para dispositivos sensibles, como m\u00f3dems, servidores o equipos m\u00e9dicos.<\/p>\n<p>El SAI RIVER 3 utiliza la eficiente tecnolog\u00eda X-GaN Power que prolonga la autonom\u00eda de los dispositivos de bajo consumo. Junto con la robusta bater\u00eda LiFePO4 con 3.000 ciclos de carga y funcionamiento silencioso (&lt;30 dB), se trata de una fuente de alimentaci\u00f3n duradera y f\u00e1cil de usar.<\/p>\n<p>Las opciones de carga son vers\u00e1tiles: a trav\u00e9s de la red el\u00e9ctrica (carga completa en s\u00f3lo 1 hora), un panel solar, el coche o un generador. La tecnolog\u00eda X-Boost integrada permite alimentar dispositivos de hasta 1.200 W, a pesar de la potencia nominal de 300 W. Esto permite alimentar incluso electrodom\u00e9sticos m\u00e1s grandes en situaciones de emergencia o mientras se viaja.<\/p>","protected":false},"excerpt":{"rendered":"<ul>\n<li>Dise\u00f1o compacto y ligero para facilitar su transporte.<\/li>\n<li>Conmutaci\u00f3n r\u00e1pida del SAI de 10 ms para un suministro el\u00e9ctrico ininterrumpido.<\/li>\n<li>M\u00faltiples puertos de salida para una compatibilidad vers\u00e1til de dispositivos.<\/li>\n<li>Carga r\u00e1pida para un tiempo de inactividad m\u00ednimo.<\/li>\n<li>Ideal para aventuras al aire libre, emergencias y uso diario.<\/li>\n<\/ul>","protected":false},"featured_media":1847,"template":"","meta":{"_acf_changed":false},"product_brand":[],"product_cat":[97,245,276],"product_tag":[],"class_list":{"0":"post-1848","1":"product","2":"type-product","3":"status-publish","4":"has-post-thumbnail","6":"product_cat-alle-producten","7":"product_cat-ecoflow","8":"product_cat-ecoflow-powerstations","9":"product_shipping_class-ingramall","10":"pa_brand-ecoflow","11":"pa_productfamily-river","12":"pa_producttype-power-station","13":"pa_series-river-3","15":"first","16":"instock","17":"taxable","18":"shipping-taxable","19":"purchasable","20":"product-type-simple"},"acf":[],"yoast_head":"<!-- This site is optimized with the Yoast SEO Premium plugin v27.2 (Yoast SEO v27.2) - https:\/\/yoast.com\/product\/yoast-seo-premium-wordpress\/ -->\n<title>EcoFlow RIVER 3 (10 ms UPS) - koningdrone.be<\/title>\n<meta name=\"robots\" content=\"index, follow, max-snippet:-1, max-image-preview:large, max-video-preview:-1\" \/>\n<link rel=\"canonical\" href=\"https:\/\/koningdrone.be\/es\/producto\/ecoflow-river-3-10-ms-ups\/\" \/>\n<meta property=\"og:locale\" content=\"es_ES\" \/>\n<meta property=\"og:type\" content=\"article\" \/>\n<meta property=\"og:title\" content=\"EcoFlow RIVER 3 (10 ms UPS)\" \/>\n<meta property=\"og:description\" content=\"Compact en lichtgewicht ontwerp voor eenvoudige draagbaarheid.  Snelle UPS-omschakeling van 10 ms voor ononderbroken voeding.  Meerdere uitgangspoorten voor veelzijdige apparaatcompatibiliteit.  Snel opladen voor minimale uitvaltijd.  Ideaal voor buitenavonturen, noodgevallen en dagelijks gebruik.\" \/>\n<meta property=\"og:url\" content=\"https:\/\/koningdrone.be\/es\/producto\/ecoflow-river-3-10-ms-ups\/\" \/>\n<meta property=\"og:site_name\" content=\"koningdrone.be\" \/>\n<meta property=\"article:modified_time\" content=\"2026-04-29T02:20:08+00:00\" \/>\n<meta property=\"og:image\" content=\"https:\/\/koningdrone.be\/wp-content\/uploads\/sites\/13\/2025\/04\/EcoFlow-RIVER-3-_10-ms-UPS_-1.webp\" \/>\n\t<meta property=\"og:image:width\" content=\"1000\" \/>\n\t<meta property=\"og:image:height\" content=\"1000\" \/>\n\t<meta property=\"og:image:type\" content=\"image\/webp\" \/>\n<meta name=\"twitter:card\" content=\"summary_large_image\" \/>\n<meta name=\"twitter:label1\" content=\"Tiempo de lectura\" \/>\n\t<meta name=\"twitter:data1\" content=\"1 minuto\" \/>\n<script type=\"application\/ld+json\" class=\"yoast-schema-graph\">{\"@context\":\"https:\/\/schema.org\",\"@graph\":[{\"@type\":\"WebPage\",\"@id\":\"https:\/\/koningdrone.be\/product\/ecoflow-river-3-10-ms-ups\/\",\"url\":\"https:\/\/koningdrone.be\/product\/ecoflow-river-3-10-ms-ups\/\",\"name\":\"EcoFlow RIVER 3 (10 ms UPS) - koningdrone.be\",\"isPartOf\":{\"@id\":\"https:\/\/koningdrone.be\/#website\"},\"primaryImageOfPage\":{\"@id\":\"https:\/\/koningdrone.be\/product\/ecoflow-river-3-10-ms-ups\/#primaryimage\"},\"image\":{\"@id\":\"https:\/\/koningdrone.be\/product\/ecoflow-river-3-10-ms-ups\/#primaryimage\"},\"thumbnailUrl\":\"https:\/\/koningdrone.be\/wp-content\/uploads\/sites\/13\/2025\/04\/EcoFlow-RIVER-3-_10-ms-UPS_-1.webp\",\"datePublished\":\"2024-11-05T09:25:43+00:00\",\"dateModified\":\"2026-04-29T02:20:08+00:00\",\"breadcrumb\":{\"@id\":\"https:\/\/koningdrone.be\/product\/ecoflow-river-3-10-ms-ups\/#breadcrumb\"},\"inLanguage\":\"es\",\"potentialAction\":[{\"@type\":\"ReadAction\",\"target\":[\"https:\/\/koningdrone.be\/product\/ecoflow-river-3-10-ms-ups\/\"]}]},{\"@type\":\"ImageObject\",\"inLanguage\":\"es\",\"@id\":\"https:\/\/koningdrone.be\/product\/ecoflow-river-3-10-ms-ups\/#primaryimage\",\"url\":\"https:\/\/koningdrone.be\/wp-content\/uploads\/sites\/13\/2025\/04\/EcoFlow-RIVER-3-_10-ms-UPS_-1.webp\",\"contentUrl\":\"https:\/\/koningdrone.be\/wp-content\/uploads\/sites\/13\/2025\/04\/EcoFlow-RIVER-3-_10-ms-UPS_-1.webp\",\"width\":1000,\"height\":1000},{\"@type\":\"BreadcrumbList\",\"@id\":\"https:\/\/koningdrone.be\/product\/ecoflow-river-3-10-ms-ups\/#breadcrumb\",\"itemListElement\":[{\"@type\":\"ListItem\",\"position\":1,\"name\":\"Home\",\"item\":\"https:\/\/koningdrone.be\/\"},{\"@type\":\"ListItem\",\"position\":2,\"name\":\"AVSS Parachute Recovery System for DJI Matrice 300\/350\",\"item\":\"https:\/\/koningdrone.be\/product\/avss-parachute-recovery-system-for-dji-matrice-300-350\/\"},{\"@type\":\"ListItem\",\"position\":3,\"name\":\"Alle producten\",\"item\":\"https:\/\/koningdrone.be\/categorie\/alle-producten\/\"},{\"@type\":\"ListItem\",\"position\":4,\"name\":\"EcoFlow RIVER 3 (10 ms UPS)\"}]},{\"@type\":\"WebSite\",\"@id\":\"https:\/\/koningdrone.be\/#website\",\"url\":\"https:\/\/koningdrone.be\/\",\"name\":\"Koningdrone.be - Uw online specialist in drones, gimbals, camera's en power stations.\",\"description\":\"De webshop in drones en gimbals\",\"publisher\":{\"@id\":\"https:\/\/koningdrone.be\/#organization\"},\"potentialAction\":[{\"@type\":\"SearchAction\",\"target\":{\"@type\":\"EntryPoint\",\"urlTemplate\":\"https:\/\/koningdrone.be\/?s={search_term_string}\"},\"query-input\":{\"@type\":\"PropertyValueSpecification\",\"valueRequired\":true,\"valueName\":\"search_term_string\"}}],\"inLanguage\":\"es\"},{\"@type\":\"Organization\",\"@id\":\"https:\/\/koningdrone.be\/#organization\",\"name\":\"Koningdrone.be\",\"url\":\"https:\/\/koningdrone.be\/\",\"logo\":{\"@type\":\"ImageObject\",\"inLanguage\":\"es\",\"@id\":\"https:\/\/koningdrone.be\/#\/schema\/logo\/image\/\",\"url\":\"https:\/\/koningdrone.be\/wp-content\/uploads\/sites\/13\/2025\/04\/koningdrone-copyright-logo.svg\",\"contentUrl\":\"https:\/\/koningdrone.be\/wp-content\/uploads\/sites\/13\/2025\/04\/koningdrone-copyright-logo.svg\",\"width\":227,\"height\":38,\"caption\":\"Koningdrone.be\"},\"image\":{\"@id\":\"https:\/\/koningdrone.be\/#\/schema\/logo\/image\/\"}}]}<\/script>\n<!-- \/ Yoast SEO Premium plugin. -->","yoast_head_json":{"title":"EcoFlow RIVER 3 (10 ms UPS) - koningdrone.be","robots":{"index":"index","follow":"follow","max-snippet":"max-snippet:-1","max-image-preview":"max-image-preview:large","max-video-preview":"max-video-preview:-1"},"canonical":"https:\/\/koningdrone.be\/es\/producto\/ecoflow-river-3-10-ms-ups\/","og_locale":"es_ES","og_type":"article","og_title":"EcoFlow RIVER 3 (10 ms UPS)","og_description":"Compact en lichtgewicht ontwerp voor eenvoudige draagbaarheid.  Snelle UPS-omschakeling van 10 ms voor ononderbroken voeding.  Meerdere uitgangspoorten voor veelzijdige apparaatcompatibiliteit.  Snel opladen voor minimale uitvaltijd.  Ideaal voor buitenavonturen, noodgevallen en dagelijks gebruik.","og_url":"https:\/\/koningdrone.be\/es\/producto\/ecoflow-river-3-10-ms-ups\/","og_site_name":"koningdrone.be","article_modified_time":"2026-04-29T02:20:08+00:00","og_image":[{"width":1000,"height":1000,"url":"https:\/\/koningdrone.be\/wp-content\/uploads\/sites\/13\/2025\/04\/EcoFlow-RIVER-3-_10-ms-UPS_-1.webp","type":"image\/webp"}],"twitter_card":"summary_large_image","twitter_misc":{"Tiempo de lectura":"1 minuto"},"schema":{"@context":"https:\/\/schema.org","@graph":[{"@type":"WebPage","@id":"https:\/\/koningdrone.be\/product\/ecoflow-river-3-10-ms-ups\/","url":"https:\/\/koningdrone.be\/product\/ecoflow-river-3-10-ms-ups\/","name":"EcoFlow RIVER 3 (10 ms UPS) - koningdrone.be","isPartOf":{"@id":"https:\/\/koningdrone.be\/#website"},"primaryImageOfPage":{"@id":"https:\/\/koningdrone.be\/product\/ecoflow-river-3-10-ms-ups\/#primaryimage"},"image":{"@id":"https:\/\/koningdrone.be\/product\/ecoflow-river-3-10-ms-ups\/#primaryimage"},"thumbnailUrl":"https:\/\/koningdrone.be\/wp-content\/uploads\/sites\/13\/2025\/04\/EcoFlow-RIVER-3-_10-ms-UPS_-1.webp","datePublished":"2024-11-05T09:25:43+00:00","dateModified":"2026-04-29T02:20:08+00:00","breadcrumb":{"@id":"https:\/\/koningdrone.be\/product\/ecoflow-river-3-10-ms-ups\/#breadcrumb"},"inLanguage":"es","potentialAction":[{"@type":"ReadAction","target":["https:\/\/koningdrone.be\/product\/ecoflow-river-3-10-ms-ups\/"]}]},{"@type":"ImageObject","inLanguage":"es","@id":"https:\/\/koningdrone.be\/product\/ecoflow-river-3-10-ms-ups\/#primaryimage","url":"https:\/\/koningdrone.be\/wp-content\/uploads\/sites\/13\/2025\/04\/EcoFlow-RIVER-3-_10-ms-UPS_-1.webp","contentUrl":"https:\/\/koningdrone.be\/wp-content\/uploads\/sites\/13\/2025\/04\/EcoFlow-RIVER-3-_10-ms-UPS_-1.webp","width":1000,"height":1000},{"@type":"BreadcrumbList","@id":"https:\/\/koningdrone.be\/product\/ecoflow-river-3-10-ms-ups\/#breadcrumb","itemListElement":[{"@type":"ListItem","position":1,"name":"Home","item":"https:\/\/koningdrone.be\/"},{"@type":"ListItem","position":2,"name":"AVSS Parachute Recovery System for DJI Matrice 300\/350","item":"https:\/\/koningdrone.be\/product\/avss-parachute-recovery-system-for-dji-matrice-300-350\/"},{"@type":"ListItem","position":3,"name":"Alle producten","item":"https:\/\/koningdrone.be\/categorie\/alle-producten\/"},{"@type":"ListItem","position":4,"name":"EcoFlow RIVER 3 (10 ms UPS)"}]},{"@type":"WebSite","@id":"https:\/\/koningdrone.be\/#website","url":"https:\/\/koningdrone.be\/","name":"Koningdrone.be - Su especialista en l\u00ednea en drones, cardanes, c\u00e1maras y centrales el\u00e9ctricas.","description":"La tienda virtual de drones y cardanes","publisher":{"@id":"https:\/\/koningdrone.be\/#organization"},"potentialAction":[{"@type":"SearchAction","target":{"@type":"EntryPoint","urlTemplate":"https:\/\/koningdrone.be\/?s={search_term_string}"},"query-input":{"@type":"PropertyValueSpecification","valueRequired":true,"valueName":"search_term_string"}}],"inLanguage":"es"},{"@type":"Organization","@id":"https:\/\/koningdrone.be\/#organization","name":"Kingdrone.es","url":"https:\/\/koningdrone.be\/","logo":{"@type":"ImageObject","inLanguage":"es","@id":"https:\/\/koningdrone.be\/#\/schema\/logo\/image\/","url":"https:\/\/koningdrone.be\/wp-content\/uploads\/sites\/13\/2025\/04\/koningdrone-copyright-logo.svg","contentUrl":"https:\/\/koningdrone.be\/wp-content\/uploads\/sites\/13\/2025\/04\/koningdrone-copyright-logo.svg","width":227,"height":38,"caption":"Koningdrone.be"},"image":{"@id":"https:\/\/koningdrone.be\/#\/schema\/logo\/image\/"}}]}},"df_price":259,"df_sale_price":"","df_regular_price":259,"df_image_link":"https:\/\/koningdrone.be\/wp-content\/uploads\/sites\/13\/2025\/04\/EcoFlow-RIVER-3-_10-ms-UPS_-1-300x300.webp","_links":{"self":[{"href":"https:\/\/koningdrone.be\/es\/wp-json\/wp\/v2\/product\/1848","targetHints":{"allow":["GET"]}}],"collection":[{"href":"https:\/\/koningdrone.be\/es\/wp-json\/wp\/v2\/product"}],"about":[{"href":"https:\/\/koningdrone.be\/es\/wp-json\/wp\/v2\/types\/product"}],"wp:featuredmedia":[{"embeddable":true,"href":"https:\/\/koningdrone.be\/es\/wp-json\/wp\/v2\/media\/1847"}],"wp:attachment":[{"href":"https:\/\/koningdrone.be\/es\/wp-json\/wp\/v2\/media?parent=1848"}],"wp:term":[{"taxonomy":"product_brand","embeddable":true,"href":"https:\/\/koningdrone.be\/es\/wp-json\/wp\/v2\/product_brand?post=1848"},{"taxonomy":"product_cat","embeddable":true,"href":"https:\/\/koningdrone.be\/es\/wp-json\/wp\/v2\/product_cat?post=1848"},{"taxonomy":"product_tag","embeddable":true,"href":"https:\/\/koningdrone.be\/es\/wp-json\/wp\/v2\/product_tag?post=1848"}],"curies":[{"name":"wp","href":"https:\/\/api.w.org\/{rel}","templated":true}]}}