{"id":18465,"date":"2026-04-06T18:55:10","date_gmt":"2026-04-06T16:55:10","guid":{"rendered":"https:\/\/koningdrone.be\/?post_type=product&#038;p=18465"},"modified":"2026-04-29T04:10:27","modified_gmt":"2026-04-29T02:10:27","slug":"dji-rs4-mini-dji-care-refresh-2-year-plan-card","status":"publish","type":"product","link":"https:\/\/koningdrone.be\/es\/producto\/dji-rs4-mini-dji-care-refresh-2-year-plan-card\/","title":{"rendered":"DJI RS4 Mini - Tarjeta DJI Care Refresh Plan de 2 a\u00f1os"},"content":{"rendered":"<h3>DJI RS4 Mini - Tarjeta DJI Care Refresh Plan de 2 a\u00f1os<\/h3>\n<p>El Plan DJI Care Refresh de 2 a\u00f1os ofrece la protecci\u00f3n a largo plazo m\u00e1s completa para tu DJI RS 4 Mini. Este plan de servicio digital ampl\u00eda la red de seguridad para tu estabilizador profesional a un periodo completo de 24 meses. Est\u00e1 espec\u00edficamente dise\u00f1ado para vide\u00f3grafos que quieren ampliar sus l\u00edmites creativos con la seguridad de una cobertura total en caso de da\u00f1os imprevistos.<\/p>\n<h4>Rendimiento y funcionalidad<\/h4>\n<p>Este plan de 2 a\u00f1os ofrece seguridad adicional con hasta cuatro unidades de sustituci\u00f3n durante toda la vigencia. Cubre una amplia gama de reclamaciones, incluyendo da\u00f1os por colisi\u00f3n y agua, as\u00ed como el desgaste natural. Gracias a DJI Care Express, puedes saltarte la evaluaci\u00f3n de da\u00f1os est\u00e1ndar; DJI enviar\u00e1 una unidad de sustituci\u00f3n en cuanto reciban tu hardware defectuoso, para que puedas volver a funcionar a la velocidad del rayo.<\/p>\n<p><a href=\"https:\/\/koningdrone.nl\/wp-content\/uploads\/2026\/04\/DJI-RS4-Mini-DJI-Care-Refresh.jpg\"><img loading=\"lazy\" decoding=\"async\" class=\"size-medium wp-image-471895 aligncenter\" src=\"https:\/\/koningdrone.nl\/wp-content\/uploads\/2026\/04\/DJI-RS4-Mini-DJI-Care-Refresh-300x300.jpg\" alt=\"DJI RS4 Mini - DJI Care Refresh\" width=\"300\" height=\"300\" \/><\/a><\/p>\n<h4>Calidad de construcci\u00f3n y dise\u00f1o<\/h4>\n<p>Al tratarse de un producto virtual (c\u00f3digo de activaci\u00f3n), debe emparejarse en los 30 d\u00edas siguientes a la activaci\u00f3n inicial del RS 4 Mini. El plan garantiza que las unidades de sustituci\u00f3n cumplen los m\u00e1s altos est\u00e1ndares de DJI (nuevas o como nuevas). Adem\u00e1s, los gastos de env\u00edo son gratuitos en ambas direcciones para cualquier solicitud de servicio dentro de la regi\u00f3n de compra.<\/p>\n<h4>Por qu\u00e9 lo necesita<\/h4>\n<p>El RS 4 Mini est\u00e1 dise\u00f1ado para la velocidad y la movilidad, lo que aumenta el riesgo de sufrir un golpe o una ca\u00edda. El plan de 2 a\u00f1os es la opci\u00f3n m\u00e1s econ\u00f3mica para una protecci\u00f3n a largo plazo e incluye una extensi\u00f3n de la garant\u00eda oficial del fabricante a los dos a\u00f1os completos. Esto ofrece la m\u00e1xima tranquilidad, respaldada por el Servicio y Soporte Global en cualquier centro de servicio autorizado DJI en todo el mundo.<\/p>","protected":false},"excerpt":{"rendered":"<ul>\n<li>Ofrece hasta 4 sustituciones de bajo coste repartidas en dos a\u00f1os.<\/li>\n<li>Cobertura total de da\u00f1os por ca\u00edda, colisi\u00f3n y da\u00f1os por agua.<\/li>\n<li>Ampl\u00eda la garant\u00eda oficial del fabricante al periodo completo de 24 meses.<\/li>\n<li>DJI Care Express para una sustituci\u00f3n prioritaria y un tiempo de inactividad m\u00ednimo.<\/li>\n<li>Incluye env\u00edo gratuito (ida y vuelta) para todas las solicitudes de servicio.<\/li>\n<\/ul>","protected":false},"featured_media":18461,"template":"","meta":{"_acf_changed":false},"product_brand":[],"product_cat":[175,1890],"product_tag":[],"class_list":{"0":"post-18465","1":"product","2":"type-product","3":"status-publish","4":"has-post-thumbnail","6":"product_cat-alle-care-refresh","7":"product_cat-dji-rs4-mini","8":"product_shipping_class-acsystemsall","9":"pa_brand-dji","10":"pa_productfamily-mini","11":"pa_producttype-serviceplan","12":"pa_series-rs4","14":"first","15":"instock","16":"taxable","17":"shipping-taxable","18":"purchasable","19":"product-type-simple"},"acf":[],"yoast_head":"<!-- This site is optimized with the Yoast SEO Premium plugin v27.2 (Yoast SEO v27.2) - https:\/\/yoast.com\/product\/yoast-seo-premium-wordpress\/ -->\n<title>DJI RS4 Mini - DJI Care Refresh 2-Year Plan Card - koningdrone.be<\/title>\n<meta name=\"robots\" content=\"index, follow, max-snippet:-1, max-image-preview:large, max-video-preview:-1\" \/>\n<link rel=\"canonical\" href=\"https:\/\/koningdrone.be\/es\/producto\/dji-rs4-mini-dji-care-refresh-2-year-plan-card\/\" \/>\n<meta property=\"og:locale\" content=\"es_ES\" \/>\n<meta property=\"og:type\" content=\"article\" \/>\n<meta property=\"og:title\" content=\"DJI RS4 Mini - DJI Care Refresh 2-Year Plan Card\" \/>\n<meta property=\"og:description\" content=\"Biedt tot 4 voordelige vervangingen verspreid over twee jaar.  Volledige dekking voor valschade, botsingen en waterschade.  Verlengt de offici\u00eble fabrieksgarantie naar de volledige periode van 24 maanden.  DJI Care Express voor prioriteit bij vervanging en minimale downtime.  Inclusief gratis verzending (heen en terug) voor alle service-aanvragen.\" \/>\n<meta property=\"og:url\" content=\"https:\/\/koningdrone.be\/es\/producto\/dji-rs4-mini-dji-care-refresh-2-year-plan-card\/\" \/>\n<meta property=\"og:site_name\" content=\"koningdrone.be\" \/>\n<meta property=\"article:modified_time\" content=\"2026-04-29T02:10:27+00:00\" \/>\n<meta property=\"og:image\" content=\"https:\/\/koningdrone.be\/wp-content\/uploads\/sites\/13\/2026\/04\/DJI-RS4-Mini-DJI-Care-Refresh.jpg\" \/>\n\t<meta property=\"og:image:width\" content=\"2560\" \/>\n\t<meta property=\"og:image:height\" content=\"2560\" \/>\n\t<meta property=\"og:image:type\" content=\"image\/jpeg\" \/>\n<meta name=\"twitter:card\" content=\"summary_large_image\" \/>\n<meta name=\"twitter:label1\" content=\"Tiempo de lectura\" \/>\n\t<meta name=\"twitter:data1\" content=\"1 minuto\" \/>\n<script type=\"application\/ld+json\" class=\"yoast-schema-graph\">{\"@context\":\"https:\/\/schema.org\",\"@graph\":[{\"@type\":\"WebPage\",\"@id\":\"https:\/\/koningdrone.be\/product\/dji-rs4-mini-dji-care-refresh-2-year-plan-card\/\",\"url\":\"https:\/\/koningdrone.be\/product\/dji-rs4-mini-dji-care-refresh-2-year-plan-card\/\",\"name\":\"DJI RS4 Mini - DJI Care Refresh 2-Year Plan Card - koningdrone.be\",\"isPartOf\":{\"@id\":\"https:\/\/koningdrone.be\/#website\"},\"primaryImageOfPage\":{\"@id\":\"https:\/\/koningdrone.be\/product\/dji-rs4-mini-dji-care-refresh-2-year-plan-card\/#primaryimage\"},\"image\":{\"@id\":\"https:\/\/koningdrone.be\/product\/dji-rs4-mini-dji-care-refresh-2-year-plan-card\/#primaryimage\"},\"thumbnailUrl\":\"https:\/\/koningdrone.be\/wp-content\/uploads\/sites\/13\/2026\/04\/DJI-RS4-Mini-DJI-Care-Refresh.jpg\",\"datePublished\":\"2026-04-06T16:55:10+00:00\",\"dateModified\":\"2026-04-29T02:10:27+00:00\",\"breadcrumb\":{\"@id\":\"https:\/\/koningdrone.be\/product\/dji-rs4-mini-dji-care-refresh-2-year-plan-card\/#breadcrumb\"},\"inLanguage\":\"es\",\"potentialAction\":[{\"@type\":\"ReadAction\",\"target\":[\"https:\/\/koningdrone.be\/product\/dji-rs4-mini-dji-care-refresh-2-year-plan-card\/\"]}]},{\"@type\":\"ImageObject\",\"inLanguage\":\"es\",\"@id\":\"https:\/\/koningdrone.be\/product\/dji-rs4-mini-dji-care-refresh-2-year-plan-card\/#primaryimage\",\"url\":\"https:\/\/koningdrone.be\/wp-content\/uploads\/sites\/13\/2026\/04\/DJI-RS4-Mini-DJI-Care-Refresh.jpg\",\"contentUrl\":\"https:\/\/koningdrone.be\/wp-content\/uploads\/sites\/13\/2026\/04\/DJI-RS4-Mini-DJI-Care-Refresh.jpg\",\"width\":2560,\"height\":2560},{\"@type\":\"BreadcrumbList\",\"@id\":\"https:\/\/koningdrone.be\/product\/dji-rs4-mini-dji-care-refresh-2-year-plan-card\/#breadcrumb\",\"itemListElement\":[{\"@type\":\"ListItem\",\"position\":1,\"name\":\"Home\",\"item\":\"https:\/\/koningdrone.be\/\"},{\"@type\":\"ListItem\",\"position\":2,\"name\":\"AVSS Parachute Recovery System for DJI Matrice 300\/350\",\"item\":\"https:\/\/koningdrone.be\/product\/avss-parachute-recovery-system-for-dji-matrice-300-350\/\"},{\"@type\":\"ListItem\",\"position\":3,\"name\":\"Alle care refresh\",\"item\":\"https:\/\/koningdrone.be\/categorie\/alle-care-refresh\/\"},{\"@type\":\"ListItem\",\"position\":4,\"name\":\"DJI RS4 Mini &#8211; DJI Care Refresh 2-Year Plan Card\"}]},{\"@type\":\"WebSite\",\"@id\":\"https:\/\/koningdrone.be\/#website\",\"url\":\"https:\/\/koningdrone.be\/\",\"name\":\"Koningdrone.be - Uw online specialist in drones, gimbals, camera's en power stations.\",\"description\":\"De webshop in drones en gimbals\",\"publisher\":{\"@id\":\"https:\/\/koningdrone.be\/#organization\"},\"potentialAction\":[{\"@type\":\"SearchAction\",\"target\":{\"@type\":\"EntryPoint\",\"urlTemplate\":\"https:\/\/koningdrone.be\/?s={search_term_string}\"},\"query-input\":{\"@type\":\"PropertyValueSpecification\",\"valueRequired\":true,\"valueName\":\"search_term_string\"}}],\"inLanguage\":\"es\"},{\"@type\":\"Organization\",\"@id\":\"https:\/\/koningdrone.be\/#organization\",\"name\":\"Koningdrone.be\",\"url\":\"https:\/\/koningdrone.be\/\",\"logo\":{\"@type\":\"ImageObject\",\"inLanguage\":\"es\",\"@id\":\"https:\/\/koningdrone.be\/#\/schema\/logo\/image\/\",\"url\":\"https:\/\/koningdrone.be\/wp-content\/uploads\/sites\/13\/2025\/04\/koningdrone-copyright-logo.svg\",\"contentUrl\":\"https:\/\/koningdrone.be\/wp-content\/uploads\/sites\/13\/2025\/04\/koningdrone-copyright-logo.svg\",\"width\":227,\"height\":38,\"caption\":\"Koningdrone.be\"},\"image\":{\"@id\":\"https:\/\/koningdrone.be\/#\/schema\/logo\/image\/\"}}]}<\/script>\n<!-- \/ Yoast SEO Premium plugin. -->","yoast_head_json":{"title":"DJI RS4 Mini - DJI Care Refresh 2-Year Plan Card - koningdrone.be","robots":{"index":"index","follow":"follow","max-snippet":"max-snippet:-1","max-image-preview":"max-image-preview:large","max-video-preview":"max-video-preview:-1"},"canonical":"https:\/\/koningdrone.be\/es\/producto\/dji-rs4-mini-dji-care-refresh-2-year-plan-card\/","og_locale":"es_ES","og_type":"article","og_title":"DJI RS4 Mini - DJI Care Refresh 2-Year Plan Card","og_description":"Biedt tot 4 voordelige vervangingen verspreid over twee jaar.  Volledige dekking voor valschade, botsingen en waterschade.  Verlengt de offici\u00eble fabrieksgarantie naar de volledige periode van 24 maanden.  DJI Care Express voor prioriteit bij vervanging en minimale downtime.  Inclusief gratis verzending (heen en terug) voor alle service-aanvragen.","og_url":"https:\/\/koningdrone.be\/es\/producto\/dji-rs4-mini-dji-care-refresh-2-year-plan-card\/","og_site_name":"koningdrone.be","article_modified_time":"2026-04-29T02:10:27+00:00","og_image":[{"width":2560,"height":2560,"url":"https:\/\/koningdrone.be\/wp-content\/uploads\/sites\/13\/2026\/04\/DJI-RS4-Mini-DJI-Care-Refresh.jpg","type":"image\/jpeg"}],"twitter_card":"summary_large_image","twitter_misc":{"Tiempo de lectura":"1 minuto"},"schema":{"@context":"https:\/\/schema.org","@graph":[{"@type":"WebPage","@id":"https:\/\/koningdrone.be\/product\/dji-rs4-mini-dji-care-refresh-2-year-plan-card\/","url":"https:\/\/koningdrone.be\/product\/dji-rs4-mini-dji-care-refresh-2-year-plan-card\/","name":"DJI RS4 Mini - DJI Care Refresh 2-Year Plan Card - koningdrone.be","isPartOf":{"@id":"https:\/\/koningdrone.be\/#website"},"primaryImageOfPage":{"@id":"https:\/\/koningdrone.be\/product\/dji-rs4-mini-dji-care-refresh-2-year-plan-card\/#primaryimage"},"image":{"@id":"https:\/\/koningdrone.be\/product\/dji-rs4-mini-dji-care-refresh-2-year-plan-card\/#primaryimage"},"thumbnailUrl":"https:\/\/koningdrone.be\/wp-content\/uploads\/sites\/13\/2026\/04\/DJI-RS4-Mini-DJI-Care-Refresh.jpg","datePublished":"2026-04-06T16:55:10+00:00","dateModified":"2026-04-29T02:10:27+00:00","breadcrumb":{"@id":"https:\/\/koningdrone.be\/product\/dji-rs4-mini-dji-care-refresh-2-year-plan-card\/#breadcrumb"},"inLanguage":"es","potentialAction":[{"@type":"ReadAction","target":["https:\/\/koningdrone.be\/product\/dji-rs4-mini-dji-care-refresh-2-year-plan-card\/"]}]},{"@type":"ImageObject","inLanguage":"es","@id":"https:\/\/koningdrone.be\/product\/dji-rs4-mini-dji-care-refresh-2-year-plan-card\/#primaryimage","url":"https:\/\/koningdrone.be\/wp-content\/uploads\/sites\/13\/2026\/04\/DJI-RS4-Mini-DJI-Care-Refresh.jpg","contentUrl":"https:\/\/koningdrone.be\/wp-content\/uploads\/sites\/13\/2026\/04\/DJI-RS4-Mini-DJI-Care-Refresh.jpg","width":2560,"height":2560},{"@type":"BreadcrumbList","@id":"https:\/\/koningdrone.be\/product\/dji-rs4-mini-dji-care-refresh-2-year-plan-card\/#breadcrumb","itemListElement":[{"@type":"ListItem","position":1,"name":"Home","item":"https:\/\/koningdrone.be\/"},{"@type":"ListItem","position":2,"name":"AVSS Parachute Recovery System for DJI Matrice 300\/350","item":"https:\/\/koningdrone.be\/product\/avss-parachute-recovery-system-for-dji-matrice-300-350\/"},{"@type":"ListItem","position":3,"name":"Alle care refresh","item":"https:\/\/koningdrone.be\/categorie\/alle-care-refresh\/"},{"@type":"ListItem","position":4,"name":"DJI RS4 Mini &#8211; DJI Care Refresh 2-Year Plan Card"}]},{"@type":"WebSite","@id":"https:\/\/koningdrone.be\/#website","url":"https:\/\/koningdrone.be\/","name":"Koningdrone.be - Su especialista en l\u00ednea en drones, cardanes, c\u00e1maras y centrales el\u00e9ctricas.","description":"La tienda virtual de drones y cardanes","publisher":{"@id":"https:\/\/koningdrone.be\/#organization"},"potentialAction":[{"@type":"SearchAction","target":{"@type":"EntryPoint","urlTemplate":"https:\/\/koningdrone.be\/?s={search_term_string}"},"query-input":{"@type":"PropertyValueSpecification","valueRequired":true,"valueName":"search_term_string"}}],"inLanguage":"es"},{"@type":"Organization","@id":"https:\/\/koningdrone.be\/#organization","name":"Kingdrone.es","url":"https:\/\/koningdrone.be\/","logo":{"@type":"ImageObject","inLanguage":"es","@id":"https:\/\/koningdrone.be\/#\/schema\/logo\/image\/","url":"https:\/\/koningdrone.be\/wp-content\/uploads\/sites\/13\/2025\/04\/koningdrone-copyright-logo.svg","contentUrl":"https:\/\/koningdrone.be\/wp-content\/uploads\/sites\/13\/2025\/04\/koningdrone-copyright-logo.svg","width":227,"height":38,"caption":"Koningdrone.be"},"image":{"@id":"https:\/\/koningdrone.be\/#\/schema\/logo\/image\/"}}]}},"df_price":66,"df_sale_price":"","df_regular_price":66,"df_image_link":"https:\/\/koningdrone.be\/wp-content\/uploads\/sites\/13\/2026\/04\/DJI-RS4-Mini-DJI-Care-Refresh-300x300.jpg","_links":{"self":[{"href":"https:\/\/koningdrone.be\/es\/wp-json\/wp\/v2\/product\/18465","targetHints":{"allow":["GET"]}}],"collection":[{"href":"https:\/\/koningdrone.be\/es\/wp-json\/wp\/v2\/product"}],"about":[{"href":"https:\/\/koningdrone.be\/es\/wp-json\/wp\/v2\/types\/product"}],"wp:featuredmedia":[{"embeddable":true,"href":"https:\/\/koningdrone.be\/es\/wp-json\/wp\/v2\/media\/18461"}],"wp:attachment":[{"href":"https:\/\/koningdrone.be\/es\/wp-json\/wp\/v2\/media?parent=18465"}],"wp:term":[{"taxonomy":"product_brand","embeddable":true,"href":"https:\/\/koningdrone.be\/es\/wp-json\/wp\/v2\/product_brand?post=18465"},{"taxonomy":"product_cat","embeddable":true,"href":"https:\/\/koningdrone.be\/es\/wp-json\/wp\/v2\/product_cat?post=18465"},{"taxonomy":"product_tag","embeddable":true,"href":"https:\/\/koningdrone.be\/es\/wp-json\/wp\/v2\/product_tag?post=18465"}],"curies":[{"name":"wp","href":"https:\/\/api.w.org\/{rel}","templated":true}]}}