{"id":18454,"date":"2026-04-06T18:54:21","date_gmt":"2026-04-06T16:54:21","guid":{"rendered":"https:\/\/koningdrone.be\/?post_type=product&#038;p=18454"},"modified":"2026-04-29T04:10:19","modified_gmt":"2026-04-29T02:10:19","slug":"dji-osmo-360-dji-care-refresh-card-1-year-plan","status":"publish","type":"product","link":"https:\/\/koningdrone.be\/es\/producto\/dji-osmo-360-dji-care-refresh-card-1-year-plan\/","title":{"rendered":"DJI Osmo 360 - DJI Care Refresh Card - Plan de 1 a\u00f1o"},"content":{"rendered":"<h3>DJI Osmo 360 - DJI Care Refresh Card - Plan de 1 a\u00f1o<\/h3>\n<p>El Plan DJI Care Refresh de 1 a\u00f1o es el principal servicio de protecci\u00f3n para el DJI Osmo 360, la revolucionaria c\u00e1mara panor\u00e1mica 8K de DJI. Esta tarjeta de activaci\u00f3n digital proporciona 12 meses de cobertura para los avanzados sensores duales de 1 pulgada de la Osmo 360. Es una red de seguridad esencial para una c\u00e1mara dise\u00f1ada para todo tipo de tomas, por lo que tus proyectos creativos no se ver\u00e1n interrumpidos por da\u00f1os imprevistos.<\/p>\n<h4>Rendimiento y funcionalidad<\/h4>\n<p>Este plan ofrece hasta dos unidades de sustituci\u00f3n en un a\u00f1o por una cuota fija y reducida. Cubre varias reclamaciones, incluidas colisiones y da\u00f1os por agua, algo crucial para un dispositivo que se utiliza a menudo en entornos exteriores dif\u00edciles. Gracias a DJI Care Express, puedes saltarte la evaluaci\u00f3n est\u00e1ndar de da\u00f1os. DJI enviar\u00e1 inmediatamente un dispositivo de sustituci\u00f3n en cuanto reciba tu c\u00e1mara defectuosa, para que puedas volver a grabar en un abrir y cerrar de ojos.<\/p>\n<p><a href=\"https:\/\/koningdrone.nl\/wp-content\/uploads\/2026\/04\/DJI-Osmo-360-DJI-Care-Refresh-Card.jpg\"><img loading=\"lazy\" decoding=\"async\" class=\"size-medium wp-image-471883 aligncenter\" src=\"https:\/\/koningdrone.nl\/wp-content\/uploads\/2026\/04\/DJI-Osmo-360-DJI-Care-Refresh-Card-300x300.jpg\" alt=\"DJI Osmo 360 - DJI Care Refresh Card\" width=\"300\" height=\"300\" \/><\/a><\/p>\n<h4>Calidad de construcci\u00f3n y dise\u00f1o<\/h4>\n<p>Aunque se trata de un producto virtual (c\u00f3digo de activaci\u00f3n), proporciona seguridad f\u00edsica para la fr\u00e1gil \u00f3ptica de tu c\u00e1mara. El c\u00f3digo debe vincularse en los 30 d\u00edas siguientes a la primera activaci\u00f3n del Osmo 360. El plan incluye env\u00edo gratuito en ambos sentidos, lo que significa que DJI cubre todos los costes log\u00edsticos. Adem\u00e1s, el Servicio Global te da acceso a la sustituci\u00f3n o reparaci\u00f3n en cualquier centro de servicio autorizado de DJI en todo el mundo.<\/p>\n<h4>Por qu\u00e9 lo necesita<\/h4>\n<p>El Osmo 360 est\u00e1 equipado con dos lentes de ojo de pez que siempre est\u00e1n ligeramente expuestas durante su uso. Tanto si utilizas el Palo Invisible Selfie para filmar en tercera persona como si filmas en modo 8K SuperNight, un accidente est\u00e1 en un peque\u00f1o rinc\u00f3n. DJI Care Refresh ofrece una garant\u00eda oficial y te da acceso exclusivo a expertos t\u00e9cnicos, para que puedas centrarte plenamente en tus grabaciones en lugar de en los costes de reparaci\u00f3n.<\/p>","protected":false},"excerpt":{"rendered":"<ul>\n<li>Hasta 2 sustituciones beneficiosas en un periodo de un a\u00f1o.<\/li>\n<li>Cobertura total de da\u00f1os por ca\u00edda, colisi\u00f3n y da\u00f1os por agua.<\/li>\n<li>DJI Care Express para una gesti\u00f3n acelerada sin tiempo de espera de inspecci\u00f3n.<\/li>\n<li>Incluye env\u00edo gratuito (ida y vuelta) para todas las solicitudes de servicio.<\/li>\n<li>Servicio global y garant\u00eda oficial DJI en todo momento.<\/li>\n<\/ul>","protected":false},"featured_media":18455,"template":"","meta":{"_acf_changed":false},"product_brand":[],"product_cat":[175,1819],"product_tag":[],"class_list":{"0":"post-18454","1":"product","2":"type-product","3":"status-publish","4":"has-post-thumbnail","6":"product_cat-alle-care-refresh","7":"product_cat-dji-osmo-360","8":"product_shipping_class-acsystemsall","9":"pa_brand-dji","10":"pa_producttype-serviceplan","11":"pa_series-osmo","13":"first","14":"instock","15":"taxable","16":"shipping-taxable","17":"purchasable","18":"product-type-simple"},"acf":[],"yoast_head":"<!-- This site is optimized with the Yoast SEO Premium plugin v27.2 (Yoast SEO v27.2) - https:\/\/yoast.com\/product\/yoast-seo-premium-wordpress\/ -->\n<title>DJI Osmo 360 - DJI Care Refresh Card - 1-Year Plan - koningdrone.be<\/title>\n<meta name=\"robots\" content=\"index, follow, max-snippet:-1, max-image-preview:large, max-video-preview:-1\" \/>\n<link rel=\"canonical\" href=\"https:\/\/koningdrone.be\/es\/producto\/dji-osmo-360-dji-care-refresh-card-1-year-plan\/\" \/>\n<meta property=\"og:locale\" content=\"es_ES\" \/>\n<meta property=\"og:type\" content=\"article\" \/>\n<meta property=\"og:title\" content=\"DJI Osmo 360 - DJI Care Refresh Card - 1-Year Plan\" \/>\n<meta property=\"og:description\" content=\"Tot 2 voordelige vervangingen binnen een periode van \u00e9\u00e9n jaar.  Volledige dekking voor valschade, botsingen en waterschade.  DJI Care Express voor een versnelde afhandeling zonder inspectiewachttijd.  Inclusief gratis verzending (heen en terug) voor alle service-aanvragen.  Wereldwijde service en offici\u00eble DJI-garantie gedurende de hele looptijd.\" \/>\n<meta property=\"og:url\" content=\"https:\/\/koningdrone.be\/es\/producto\/dji-osmo-360-dji-care-refresh-card-1-year-plan\/\" \/>\n<meta property=\"og:site_name\" content=\"koningdrone.be\" \/>\n<meta property=\"article:modified_time\" content=\"2026-04-29T02:10:19+00:00\" \/>\n<meta property=\"og:image\" content=\"https:\/\/koningdrone.be\/wp-content\/uploads\/sites\/13\/2026\/04\/DJI-Osmo-360-DJI-Care-Refresh-Card.jpg\" \/>\n\t<meta property=\"og:image:width\" content=\"2560\" \/>\n\t<meta property=\"og:image:height\" content=\"2560\" \/>\n\t<meta property=\"og:image:type\" content=\"image\/jpeg\" \/>\n<meta name=\"twitter:card\" content=\"summary_large_image\" \/>\n<meta name=\"twitter:label1\" content=\"Tiempo de lectura\" \/>\n\t<meta name=\"twitter:data1\" content=\"1 minuto\" \/>\n<script type=\"application\/ld+json\" class=\"yoast-schema-graph\">{\"@context\":\"https:\/\/schema.org\",\"@graph\":[{\"@type\":\"WebPage\",\"@id\":\"https:\/\/koningdrone.be\/product\/dji-osmo-360-dji-care-refresh-card-1-year-plan\/\",\"url\":\"https:\/\/koningdrone.be\/product\/dji-osmo-360-dji-care-refresh-card-1-year-plan\/\",\"name\":\"DJI Osmo 360 - DJI Care Refresh Card - 1-Year Plan - koningdrone.be\",\"isPartOf\":{\"@id\":\"https:\/\/koningdrone.be\/#website\"},\"primaryImageOfPage\":{\"@id\":\"https:\/\/koningdrone.be\/product\/dji-osmo-360-dji-care-refresh-card-1-year-plan\/#primaryimage\"},\"image\":{\"@id\":\"https:\/\/koningdrone.be\/product\/dji-osmo-360-dji-care-refresh-card-1-year-plan\/#primaryimage\"},\"thumbnailUrl\":\"https:\/\/koningdrone.be\/wp-content\/uploads\/sites\/13\/2026\/04\/DJI-Osmo-360-DJI-Care-Refresh-Card.jpg\",\"datePublished\":\"2026-04-06T16:54:21+00:00\",\"dateModified\":\"2026-04-29T02:10:19+00:00\",\"breadcrumb\":{\"@id\":\"https:\/\/koningdrone.be\/product\/dji-osmo-360-dji-care-refresh-card-1-year-plan\/#breadcrumb\"},\"inLanguage\":\"es\",\"potentialAction\":[{\"@type\":\"ReadAction\",\"target\":[\"https:\/\/koningdrone.be\/product\/dji-osmo-360-dji-care-refresh-card-1-year-plan\/\"]}]},{\"@type\":\"ImageObject\",\"inLanguage\":\"es\",\"@id\":\"https:\/\/koningdrone.be\/product\/dji-osmo-360-dji-care-refresh-card-1-year-plan\/#primaryimage\",\"url\":\"https:\/\/koningdrone.be\/wp-content\/uploads\/sites\/13\/2026\/04\/DJI-Osmo-360-DJI-Care-Refresh-Card.jpg\",\"contentUrl\":\"https:\/\/koningdrone.be\/wp-content\/uploads\/sites\/13\/2026\/04\/DJI-Osmo-360-DJI-Care-Refresh-Card.jpg\",\"width\":2560,\"height\":2560},{\"@type\":\"BreadcrumbList\",\"@id\":\"https:\/\/koningdrone.be\/product\/dji-osmo-360-dji-care-refresh-card-1-year-plan\/#breadcrumb\",\"itemListElement\":[{\"@type\":\"ListItem\",\"position\":1,\"name\":\"Home\",\"item\":\"https:\/\/koningdrone.be\/\"},{\"@type\":\"ListItem\",\"position\":2,\"name\":\"AVSS Parachute Recovery System for DJI Matrice 300\/350\",\"item\":\"https:\/\/koningdrone.be\/product\/avss-parachute-recovery-system-for-dji-matrice-300-350\/\"},{\"@type\":\"ListItem\",\"position\":3,\"name\":\"Alle care refresh\",\"item\":\"https:\/\/koningdrone.be\/categorie\/alle-care-refresh\/\"},{\"@type\":\"ListItem\",\"position\":4,\"name\":\"DJI Osmo 360 &#8211; DJI Care Refresh Card &#8211; 1-Year Plan\"}]},{\"@type\":\"WebSite\",\"@id\":\"https:\/\/koningdrone.be\/#website\",\"url\":\"https:\/\/koningdrone.be\/\",\"name\":\"Koningdrone.be - Uw online specialist in drones, gimbals, camera's en power stations.\",\"description\":\"De webshop in drones en gimbals\",\"publisher\":{\"@id\":\"https:\/\/koningdrone.be\/#organization\"},\"potentialAction\":[{\"@type\":\"SearchAction\",\"target\":{\"@type\":\"EntryPoint\",\"urlTemplate\":\"https:\/\/koningdrone.be\/?s={search_term_string}\"},\"query-input\":{\"@type\":\"PropertyValueSpecification\",\"valueRequired\":true,\"valueName\":\"search_term_string\"}}],\"inLanguage\":\"es\"},{\"@type\":\"Organization\",\"@id\":\"https:\/\/koningdrone.be\/#organization\",\"name\":\"Koningdrone.be\",\"url\":\"https:\/\/koningdrone.be\/\",\"logo\":{\"@type\":\"ImageObject\",\"inLanguage\":\"es\",\"@id\":\"https:\/\/koningdrone.be\/#\/schema\/logo\/image\/\",\"url\":\"https:\/\/koningdrone.be\/wp-content\/uploads\/sites\/13\/2025\/04\/koningdrone-copyright-logo.svg\",\"contentUrl\":\"https:\/\/koningdrone.be\/wp-content\/uploads\/sites\/13\/2025\/04\/koningdrone-copyright-logo.svg\",\"width\":227,\"height\":38,\"caption\":\"Koningdrone.be\"},\"image\":{\"@id\":\"https:\/\/koningdrone.be\/#\/schema\/logo\/image\/\"}}]}<\/script>\n<!-- \/ Yoast SEO Premium plugin. -->","yoast_head_json":{"title":"DJI Osmo 360 - DJI Care Refresh Card - 1-Year Plan - koningdrone.be","robots":{"index":"index","follow":"follow","max-snippet":"max-snippet:-1","max-image-preview":"max-image-preview:large","max-video-preview":"max-video-preview:-1"},"canonical":"https:\/\/koningdrone.be\/es\/producto\/dji-osmo-360-dji-care-refresh-card-1-year-plan\/","og_locale":"es_ES","og_type":"article","og_title":"DJI Osmo 360 - DJI Care Refresh Card - 1-Year Plan","og_description":"Tot 2 voordelige vervangingen binnen een periode van \u00e9\u00e9n jaar.  Volledige dekking voor valschade, botsingen en waterschade.  DJI Care Express voor een versnelde afhandeling zonder inspectiewachttijd.  Inclusief gratis verzending (heen en terug) voor alle service-aanvragen.  Wereldwijde service en offici\u00eble DJI-garantie gedurende de hele looptijd.","og_url":"https:\/\/koningdrone.be\/es\/producto\/dji-osmo-360-dji-care-refresh-card-1-year-plan\/","og_site_name":"koningdrone.be","article_modified_time":"2026-04-29T02:10:19+00:00","og_image":[{"width":2560,"height":2560,"url":"https:\/\/koningdrone.be\/wp-content\/uploads\/sites\/13\/2026\/04\/DJI-Osmo-360-DJI-Care-Refresh-Card.jpg","type":"image\/jpeg"}],"twitter_card":"summary_large_image","twitter_misc":{"Tiempo de lectura":"1 minuto"},"schema":{"@context":"https:\/\/schema.org","@graph":[{"@type":"WebPage","@id":"https:\/\/koningdrone.be\/product\/dji-osmo-360-dji-care-refresh-card-1-year-plan\/","url":"https:\/\/koningdrone.be\/product\/dji-osmo-360-dji-care-refresh-card-1-year-plan\/","name":"DJI Osmo 360 - DJI Care Refresh Card - 1-Year Plan - koningdrone.be","isPartOf":{"@id":"https:\/\/koningdrone.be\/#website"},"primaryImageOfPage":{"@id":"https:\/\/koningdrone.be\/product\/dji-osmo-360-dji-care-refresh-card-1-year-plan\/#primaryimage"},"image":{"@id":"https:\/\/koningdrone.be\/product\/dji-osmo-360-dji-care-refresh-card-1-year-plan\/#primaryimage"},"thumbnailUrl":"https:\/\/koningdrone.be\/wp-content\/uploads\/sites\/13\/2026\/04\/DJI-Osmo-360-DJI-Care-Refresh-Card.jpg","datePublished":"2026-04-06T16:54:21+00:00","dateModified":"2026-04-29T02:10:19+00:00","breadcrumb":{"@id":"https:\/\/koningdrone.be\/product\/dji-osmo-360-dji-care-refresh-card-1-year-plan\/#breadcrumb"},"inLanguage":"es","potentialAction":[{"@type":"ReadAction","target":["https:\/\/koningdrone.be\/product\/dji-osmo-360-dji-care-refresh-card-1-year-plan\/"]}]},{"@type":"ImageObject","inLanguage":"es","@id":"https:\/\/koningdrone.be\/product\/dji-osmo-360-dji-care-refresh-card-1-year-plan\/#primaryimage","url":"https:\/\/koningdrone.be\/wp-content\/uploads\/sites\/13\/2026\/04\/DJI-Osmo-360-DJI-Care-Refresh-Card.jpg","contentUrl":"https:\/\/koningdrone.be\/wp-content\/uploads\/sites\/13\/2026\/04\/DJI-Osmo-360-DJI-Care-Refresh-Card.jpg","width":2560,"height":2560},{"@type":"BreadcrumbList","@id":"https:\/\/koningdrone.be\/product\/dji-osmo-360-dji-care-refresh-card-1-year-plan\/#breadcrumb","itemListElement":[{"@type":"ListItem","position":1,"name":"Home","item":"https:\/\/koningdrone.be\/"},{"@type":"ListItem","position":2,"name":"AVSS Parachute Recovery System for DJI Matrice 300\/350","item":"https:\/\/koningdrone.be\/product\/avss-parachute-recovery-system-for-dji-matrice-300-350\/"},{"@type":"ListItem","position":3,"name":"Alle care refresh","item":"https:\/\/koningdrone.be\/categorie\/alle-care-refresh\/"},{"@type":"ListItem","position":4,"name":"DJI Osmo 360 &#8211; DJI Care Refresh Card &#8211; 1-Year Plan"}]},{"@type":"WebSite","@id":"https:\/\/koningdrone.be\/#website","url":"https:\/\/koningdrone.be\/","name":"Koningdrone.be - Su especialista en l\u00ednea en drones, cardanes, c\u00e1maras y centrales el\u00e9ctricas.","description":"La tienda virtual de drones y cardanes","publisher":{"@id":"https:\/\/koningdrone.be\/#organization"},"potentialAction":[{"@type":"SearchAction","target":{"@type":"EntryPoint","urlTemplate":"https:\/\/koningdrone.be\/?s={search_term_string}"},"query-input":{"@type":"PropertyValueSpecification","valueRequired":true,"valueName":"search_term_string"}}],"inLanguage":"es"},{"@type":"Organization","@id":"https:\/\/koningdrone.be\/#organization","name":"Kingdrone.es","url":"https:\/\/koningdrone.be\/","logo":{"@type":"ImageObject","inLanguage":"es","@id":"https:\/\/koningdrone.be\/#\/schema\/logo\/image\/","url":"https:\/\/koningdrone.be\/wp-content\/uploads\/sites\/13\/2025\/04\/koningdrone-copyright-logo.svg","contentUrl":"https:\/\/koningdrone.be\/wp-content\/uploads\/sites\/13\/2025\/04\/koningdrone-copyright-logo.svg","width":227,"height":38,"caption":"Koningdrone.be"},"image":{"@id":"https:\/\/koningdrone.be\/#\/schema\/logo\/image\/"}}]}},"df_price":35,"df_sale_price":"","df_regular_price":35,"df_image_link":"https:\/\/koningdrone.be\/wp-content\/uploads\/sites\/13\/2026\/04\/DJI-Osmo-360-DJI-Care-Refresh-Card-300x300.jpg","_links":{"self":[{"href":"https:\/\/koningdrone.be\/es\/wp-json\/wp\/v2\/product\/18454","targetHints":{"allow":["GET"]}}],"collection":[{"href":"https:\/\/koningdrone.be\/es\/wp-json\/wp\/v2\/product"}],"about":[{"href":"https:\/\/koningdrone.be\/es\/wp-json\/wp\/v2\/types\/product"}],"wp:featuredmedia":[{"embeddable":true,"href":"https:\/\/koningdrone.be\/es\/wp-json\/wp\/v2\/media\/18455"}],"wp:attachment":[{"href":"https:\/\/koningdrone.be\/es\/wp-json\/wp\/v2\/media?parent=18454"}],"wp:term":[{"taxonomy":"product_brand","embeddable":true,"href":"https:\/\/koningdrone.be\/es\/wp-json\/wp\/v2\/product_brand?post=18454"},{"taxonomy":"product_cat","embeddable":true,"href":"https:\/\/koningdrone.be\/es\/wp-json\/wp\/v2\/product_cat?post=18454"},{"taxonomy":"product_tag","embeddable":true,"href":"https:\/\/koningdrone.be\/es\/wp-json\/wp\/v2\/product_tag?post=18454"}],"curies":[{"name":"wp","href":"https:\/\/api.w.org\/{rel}","templated":true}]}}